{"id":87331,"date":"2020-11-24T10:27:58","date_gmt":"2020-11-24T10:27:58","guid":{"rendered":"https:\/\/www.stellenanzeigen.de\/careeasy\/?page_id=87331"},"modified":"2023-10-06T10:59:00","modified_gmt":"2023-10-06T08:59:00","slug":"praktikant-in","status":"publish","type":"page","link":"https:\/\/www.stellenanzeigen.de\/careeasy\/bewerbung\/praktikant-in\/","title":{"rendered":"Bewerbungsvorlage Praktikum"},"content":{"rendered":"\n<figure class=\"wp-block-image alignwide size-medium wp-image-85847\"><img decoding=\"async\" src=\"https:\/\/www.stellenanzeigen.de\/careeasy\/wp-content\/uploads\/2020\/11\/bewerbung-praktikant.jpg\" alt=\"Bewerbungsvorlage Praktikant\" class=\"wp-image-85847\"\/><figcaption>Bewerbungsvorlage Praktikum &#8211; Copyright: GaudiLab<\/figcaption><\/figure>\n\n\n\n<p>Du bist Student\/in und ein <strong>Praktikum<\/strong> w\u00fcrde sich gut in deinem Lebenslauf machen? Nun hast du das perfekte Praktikum gefunden \u2013 und du m\u00f6chtest es dir krallen und weist nicht so recht, wo du anfangen sollst? Mit unserem Guide kommst du locker durch die Bewerbung und hast gute Aussichten auf den Job.<\/p><div id=\"ez-toc-container\" class=\"ez-toc-v2_0_82_2 counter-hierarchy ez-toc-counter ez-toc-grey ez-toc-container-direction\">\n<div class=\"ez-toc-title-container\">\n<p class=\"ez-toc-title\" style=\"cursor:inherit\">Inhaltsverzeichnis<\/p>\n<span class=\"ez-toc-title-toggle\"><\/span><\/div>\n<nav><ul class='ez-toc-list ez-toc-list-level-1 ' ><li class='ez-toc-page-1 ez-toc-heading-level-2'><a class=\"ez-toc-link ez-toc-heading-1\" href=\"https:\/\/www.stellenanzeigen.de\/careeasy\/bewerbung\/praktikant-in\/#Bestandteile_der_Musterbewerbung_Praktikum\" >Bestandteile der Musterbewerbung Praktikum<\/a><\/li><li class='ez-toc-page-1 ez-toc-heading-level-2'><a class=\"ez-toc-link ez-toc-heading-2\" href=\"https:\/\/www.stellenanzeigen.de\/careeasy\/bewerbung\/praktikant-in\/#Aktuelle_Stellenangebote_fuer_Praktikum\" >Aktuelle Stellenangebote f\u00fcr Praktikum<\/a><\/li><li class='ez-toc-page-1 ez-toc-heading-level-2'><a class=\"ez-toc-link ez-toc-heading-3\" href=\"https:\/\/www.stellenanzeigen.de\/careeasy\/bewerbung\/praktikant-in\/#Vorbereitung_auf_das_Vorstellungsgespraech\" >Vorbereitung auf das Vorstellungsgespr\u00e4ch<\/a><\/li><li class='ez-toc-page-1 ez-toc-heading-level-2'><a class=\"ez-toc-link ez-toc-heading-4\" href=\"https:\/\/www.stellenanzeigen.de\/careeasy\/bewerbung\/praktikant-in\/#Fragen_und_Antwortmoeglichkeiten_im_Vorstellungsgespraech\" >Fragen und Antwortm\u00f6glichkeiten im Vorstellungsgespr\u00e4ch<\/a><\/li><\/ul><\/nav><\/div>\n\n\n\n\n<div class=\"wp-block-columns alignwide pdf-teaser is-layout-flex wp-container-core-columns-is-layout-9d6595d7 wp-block-columns-is-layout-flex\">\n<div class=\"wp-block-column pdf-thumbnail is-layout-flow wp-block-column-is-layout-flow\" style=\"flex-basis:35%\">\n<div class=\"wp-block-image\"><figure class=\"aligncenter size-large\"><img loading=\"lazy\" decoding=\"async\" width=\"300\" height=\"424\" src=\"https:\/\/www.stellenanzeigen.de\/careeasy\/wp-content\/uploads\/2020\/06\/Praktikant-1-pdf-image.jpg\" alt=\"Bewerbungsvorlage Praktikum\" class=\"wp-image-87341\"\/><\/figure><\/div>\n\n\n\n<p><\/p>\n<\/div>\n\n\n\n<div class=\"wp-block-column teaser-box is-layout-flow wp-block-column-is-layout-flow\" style=\"flex-basis:65%\">\n<p>Bei Stellenanzeigen.de findest du einen Leitfaden zur Bewerbung und deine&nbsp;<strong>kostenlose Musterbewerbung zum Downloaden<\/strong>. Passe sie deinen W\u00fcnschen an und schon kannst du sie abschicken und es steht nichts mehr zwischen dir und deinem Wunschpraktikum.<\/p>\n\n\n\n<div class=\"wp-block-buttons is-layout-flex wp-block-buttons-is-layout-flex\">\n<div class=\"wp-block-button\"><a class=\"wp-block-button__link has-background no-border-radius\" href=\"https:\/\/www.stellenanzeigen.de\/careeasy\/bewerbung\/praktikant-in\/#pdf-download\" style=\"background-color:#2b85b9\">Vorlage Anfordern<\/a><\/div>\n<\/div>\n<\/div>\n<\/div>\n\n\n<h2><span class=\"ez-toc-section\" id=\"Bestandteile_der_Musterbewerbung_Praktikum\"><\/span>Bestandteile der Musterbewerbung Praktikum<span class=\"ez-toc-section-end\"><\/span><\/h2>\n<p>Die wichtigsten Bestandteile jeder Bewerbung sind die Folgenden:<\/p>\n<ul>\n<li>Das Anschreiben<\/li>\n<li>Dein <a class=\"wpil_keyword_link\" href=\"https:\/\/www.stellenanzeigen.de\/careeasy\/lebenslauf-vorlagen-sde106864\/\"   title=\"Lebenslauf\" data-wpil-keyword-link=\"linked\">Lebenslauf<\/a><\/li>\n<li>Zeugnisse, meistens Maturazeugnis oder Unizeugnisse<\/li>\n<li>Kursbest\u00e4tigungen, Auszeichnungen, eventuelle Referenzen<\/li>\n<\/ul>\n<p>Das Anschreiben und der Lebenslauf sind das erste, worauf der Arbeitgeber schaut. Achte darauf, dass die beiden Dokumente ein \u00e4hnliches Layout haben und optisch ansprechend sind. Bei besonders begehrten Praktikumspl\u00e4tzen erhalten die Arbeitgeber unz\u00e4hlige Bewerbungen und bl\u00e4ttern sie nur schnell durch. Wenn sie <strong>auf den ersten Blick auffallen<\/strong>, hast du eine bessere Chance.<\/p>\n<p>Abgesehen von den offensichtlichen Bestandteilen wie dem Anschreiben und deinem Lebenslauf sind bei einer <a href=\"https:\/\/www.stellenanzeigen.de\/careeasy\/praktikumsstelle-was-wirklich-zaehlt-sde15800\/\">Bewerbung f\u00fcr ein Praktikum<\/a> vor allem Zeugnisse, Kursbest\u00e4tigungen und Arbeitsurkunden das A und O. Studenten gibt es n\u00e4mlich viele \u2013 deswegen musst du genau damit punkten, um einen Praktikumsplatz zu bekommen.<\/p>\n<p>Im Grunde genommen kannst du so ziemlich jede au\u00dfercurriculare universit\u00e4re Aktivit\u00e4t in deine Bewerbung miteinschlie\u00dfen. Damit sind <strong>Kurse jeder Art<\/strong> gemeint. Du hast keine gemacht? Du kannst dir einige heraussuchen und dich daf\u00fcr anmelden. Auch wenn du sie nicht beendest und keine Kursbest\u00e4tigung daf\u00fcr bekommst, kannst du das beim Bewerbungsgespr\u00e4ch erw\u00e4hnen oder in deinem Lebenslauf schreiben, denn zus\u00e4tzliche Aktivit\u00e4ten zeugen von <strong>Engagement<\/strong> und das wird bei Praktika \u00e4u\u00dferst gerne gesehen.<\/p>\n<h2><span class=\"ez-toc-section\" id=\"Aktuelle_Stellenangebote_fuer_Praktikum\"><\/span><a href=\"https:\/\/www.stellenanzeigen.de\/jobs\/praktikant-in\/\" target=\"_blank\" rel=\"noopener noreferrer\">Aktuelle Stellenangebote f\u00fcr Praktikum<\/a><span class=\"ez-toc-section-end\"><\/span><\/h2>\n<hr \/>\n<div id=\"suchwidgetErgebnisliste\">\u00a0<\/div>\n<div id=\"StellenanzeigenSuchwidget\" tabindex=\"-1\">\u00a0<\/div>\n<p><script>\n  var config = {\n    apiKey : 'FBEB08FBC7BB75349E26C51C530F79BF',\n    resultsPerPage : 3,\n    searchRadius : 60,\n    fulltext : 'Praktikant',\n    city : null,\n    category : null,\n    subCategories : null\n  };\n<\/script><script type=\"text\/javascript\" src=\"https:\/\/app.stellenanzeigen.de\/widget\/init.js\"><\/script><\/p>\n<hr \/>\n<h2><span class=\"ez-toc-section\" id=\"Vorbereitung_auf_das_Vorstellungsgespraech\"><\/span>Vorbereitung auf das Vorstellungsgespr\u00e4ch<span class=\"ez-toc-section-end\"><\/span><\/h2>\n<p>Vor einem Vorstellungsgespr\u00e4ch f\u00fcr ein <a href=\"https:\/\/www.stellenanzeigen.de\/jobs\/praktikum\/\">Praktikum<\/a> solltest du dich auf jeden Fall<strong> gr\u00fcndlich vorbereiten<\/strong>. Die Vorbereitung nimmt dir au\u00dferdem deine Nervosit\u00e4t und steigert dein Selbstbewusstsein. Du kannst den Verlauf des Gespr\u00e4chs selbst steuern und beeinflussen. Daf\u00fcr kann es hilfreich sein, den m\u00f6glichen Verlauf des Gespr\u00e4chs mit einem Freund oder einer Freundin zu \u00fcben. Schreibe dir auf, was du sagen m\u00f6chtest und gehe das Gespr\u00e4ch im Gedanken durch. Danach k\u00f6nnt ihr es \u00fcben, indem ihr die beiden Rollen annehmt und euch danach abwechselt. So kommst du vielleicht auf Fragen, die dir gestellt werden k\u00f6nnen.<\/p>\n<p>Au\u00dferdem ist es wichtig, dich <strong>angemessen zu kleiden<\/strong>, denn es ist der erste Eindruck, der z\u00e4hlt. W\u00e4hle etwas, in dem du dich wohlf\u00fchlst und das elegant ist und zur Branche passt, in der du dich bewirbst. Denke daran, an deinem Auftreten zu feilen, sofern du das nicht schon gemacht hast und \u00fcbe dein L\u00e4cheln vor dem Spiegel.<\/p>\n<h2><span class=\"ez-toc-section\" id=\"Fragen_und_Antwortmoeglichkeiten_im_Vorstellungsgespraech\"><\/span>Fragen und Antwortm\u00f6glichkeiten im Vorstellungsgespr\u00e4ch<span class=\"ez-toc-section-end\"><\/span><\/h2>\n<p>Bei einem Vorstellungsgespr\u00e4ch f\u00fcr ein Praktikum passiert dasselbe wie beim Durchbl\u00e4ttern deiner Bewerbung. Du wirst auf besondere Auff\u00e4lligkeiten gepr\u00fcft. Das kann <strong>deinen Lebenslauf, deine Erfahrungen oder deine Motivation<\/strong> betreffen. Der Arbeitgeber versucht dabei, deine Motivation und dein Engagement zu ermitteln und zu pr\u00fcfen. Deswegen k\u00f6nnen folgende Fragen fallen:<\/p>\n<p><strong>1. \u201eWas m\u00f6chtest du nach der Uni machen?\u201c<\/strong><\/p>\n<p>Eine klassische Frage bei der Bewerbung f\u00fcr <a href=\"https:\/\/www.stellenanzeigen.de\/careeasy\/wie-viele-praktika-machen-sinn-sde18025\/\">Studentenpraktika<\/a>. Antworte direkt und ehrlich. Eine gute Antwort w\u00e4re zum Beispiel: \u201eIch m\u00f6chte auf jeden Fall noch weiterlernen, denn ich bin der Meinung, man lernt nie aus. Ich \u00fcberlege auch, ein Unternehmen zu gr\u00fcnden und selbstst\u00e4ndig zu werden.\u201c<\/p>\n<p><strong>2. \u201eWie stellst du dir einen Arbeitsalltag bei uns vor?\u201c <\/strong><\/p>\n<p>Bei dieser Frage versucht der Arbeitgeber vermutlich die stigmatisierten \u201efaulen Studenten\u201c herauszufiltern. Erw\u00e4hne am besten die <strong>T\u00e4tigkeiten, die auch in der Stellenbeschreibung aufgelistet waren<\/strong> \u2013 damit kannst du n\u00e4mlich nicht falsch liegen.<\/p>\n<p><strong>3. \u201eWas wei\u00dft du \u00fcber unser Unternehmen?\u201c<\/strong><\/p>\n<p>Diese Frage kommt bei Vorstellungsgespr\u00e4chen h\u00e4ufig vor, um engagierte Studenten herauszufiltern. Informiere dich im Vorhinein \u00fcber das Unternehmen, sein Gr\u00fcndungsjahr und seine T\u00e4tigkeitsbereiche, um nicht negativ aufzufallen.<\/p>\n<div id=\"pdf-download\" class=\"wp-block-group alignwide\">\n<div class=\"wp-block-group__inner-container\">\n<div class=\"wp-block-columns pdf-download\">\n<p>\u00a0<\/p>\n<div class=\"wp-block-column pdf-thumbnail is-layout-flow wp-block-column-is-layout-flow\" style=\"flex-basis: 35%;\">\n<p>\u00a0<\/p>\n<figure class=\"wp-block-image size-large\"><img loading=\"lazy\" decoding=\"async\" width=\"300\" height=\"424\" class=\"wp-image-87341\" src=\"https:\/\/www.stellenanzeigen.de\/careeasy\/wp-content\/uploads\/2020\/06\/Praktikant-1-pdf-image.jpg\" alt=\"Bewerbungsvorlage Praktikum\" \/><\/figure>\n<p><\/p>\n<p><\/p>\n<p><\/p>\n<\/div>\n<p><\/p>\n<p><\/p>\n<div class=\"wp-block-column subscribe-box is-layout-flow wp-block-column-is-layout-flow\" style=\"flex-basis: 65%;\">\n<p>\u00a0<\/p>\n\n\t\t\t<form id=\"sib_signup_form_46\" method=\"post\" class=\"sib_signup_form\">\n\t\t\t\t<div class=\"sib_loader\" style=\"display:none;\"><img\n\t\t\t\t\t\t\tsrc=\"https:\/\/www.stellenanzeigen.de\/careeasy\/wp-includes\/images\/spinner.gif\" alt=\"loader\"><\/div>\n\t\t\t\t<input type=\"hidden\" name=\"sib_form_action\" value=\"subscribe_form_submit\">\n\t\t\t\t<input type=\"hidden\" name=\"sib_form_id\" value=\"46\">\n                <input type=\"hidden\" name=\"sib_form_alert_notice\" value=\"Bitte f\u00fclle das Feld aus\">\n                <input type=\"hidden\" name=\"sib_form_invalid_email_notice\" value=\"Deine E-Mail Adresse ist ung\u00fcltig\">\n                <input type=\"hidden\" name=\"sib_security\" value=\"06133a707f\">\n\t\t\t\t<div class=\"sib_signup_box_inside_46\">\n\t\t\t\t\t<div style=\"\/*display:none*\/\" class=\"sib_msg_disp\">\n\t\t\t\t\t<\/div>\n                    \t\t\t\t\t<p style=\"font-size:21px;text-align:left;font-family: 'Helvetica',sans-serif;color:#2b85b9;background-color:transparent\"><strong>Jetzt Bewerbungsvorlage f\u00fcr ein Praktikum anfordern und f\u00fcr den Newsletter anmelden<\/strong><\/p>\r\n<p class=\"sib-email-area\">\r\n    <label>E-Mail-Adresse <span style=\"color: red\">*<\/span><\/label>\r\n    <input type=\"email\" class=\"sib-email-area\" name=\"email\" required=\"required\" placeholder=\"E-Mail-Adresse\">\r\n<\/p>\r\n<p class=\"sib-terms\"><input type=\"checkbox\" name=\"terms\" required=\"required\"><label>Ich bin damit einverstanden, dass meine E-Mailadresse f\u00fcr Werbezwecke per Newsletter genutzt wird und akzeptiere die <a href=\"https:\/\/www.stellenanzeigen.de\/arbeitgeber\/datenschutzerklaerung\/\">Datenschutzerkl\u00e4rung <span style=\"color: red\">*<\/span><\/a><\/label><\/p>\r\n<p style=\"font-size:12px;text-align:left;font-family: 'Helvetica',sans-serif;color:#8390A4\">Du kannst den Newsletter jederzeit \u00fcber den Abmeldelink in der Fu\u00dfzeile unserer E-Mails abbestellen.<\/p>\r\n<input type=\"submit\" class=\"sib-default-btn\" value=\"Bewerbungsvorlage anfordern\">\t\t\t\t<\/div>\n\t\t\t<\/form>\n\t\t\t<style>\n\t\t\t\tform#sib_signup_form_46 p.sib-alert-message {\n    padding: 6px 12px;\n    margin-bottom: 20px;\n    border: 1px solid transparent;\n    border-radius: 4px;\n    -webkit-box-sizing: border-box;\n    -moz-box-sizing: border-box;\n    box-sizing: border-box;\n}\nform#sib_signup_form_46 p.sib-alert-message-error {\n    background-color: #f2dede;\n    border-color: #ebccd1;\n    color: #a94442;\n}\nform#sib_signup_form_46 p.sib-alert-message-success {\n    background-color: #dff0d8;\n    border-color: #d6e9c6;\n    color: #3c763d;\n}\nform#sib_signup_form_46 p.sib-alert-message-warning {\n    background-color: #fcf8e3;\n    border-color: #faebcc;\n    color: #8a6d3b;\n}\n\t\t\t<\/style>\n\t\t\t\n<p><\/p>\n<\/div>\n<p><\/p>\n<\/div>\n<p><!-- \/wp:post-content --><\/p>\n<\/div>\n<\/div>\n<p><!-- \/wp:group --><\/p>","protected":false},"excerpt":{"rendered":"<p>Du bist Student\/in und ein Praktikum w\u00fcrde sich gut in deinem Lebenslauf machen? Nun hast du das perfekte Praktikum gefunden \u2013 und du m\u00f6chtest&#8230;<\/p>\n","protected":false},"author":1,"featured_media":0,"parent":14008,"menu_order":0,"comment_status":"closed","ping_status":"closed","template":"","meta":{"_uag_custom_page_level_css":"","footnotes":""},"categories":[],"tags":[],"class_list":["post-87331","page","type-page","status-publish","hentry","entry","post-no-thumbnail"],"yoast_head":"<!-- This site is optimized with the Yoast SEO plugin v27.5 - https:\/\/yoast.com\/product\/yoast-seo-wordpress\/ -->\n<title>Bewerbungsvorlage Praktikum | careeasy - Dein Karrieremagazin<\/title>\n<meta name=\"description\" content=\"Bewerbungsvorlage Praktikum - Copyright: GaudiLab Du bist Student\/in und ein Praktikum w\u00fcrde sich gut in deinem Lebenslauf machen? Nun hast du das\" \/>\n<meta name=\"robots\" content=\"index, follow, max-snippet:-1, max-image-preview:large, max-video-preview:-1\" \/>\n<link rel=\"canonical\" href=\"https:\/\/www.stellenanzeigen.de\/careeasy\/bewerbung\/praktikant-in\/\" \/>\n<meta property=\"og:locale\" content=\"de_DE\" \/>\n<meta property=\"og:type\" content=\"article\" \/>\n<meta property=\"og:title\" content=\"Bewerbungsvorlage Praktikum | careeasy - Dein Karrieremagazin\" \/>\n<meta property=\"og:description\" content=\"Bewerbungsvorlage Praktikum - Copyright: GaudiLab Du bist Student\/in und ein Praktikum w\u00fcrde sich gut in deinem Lebenslauf machen? Nun hast du das\" \/>\n<meta property=\"og:url\" content=\"https:\/\/www.stellenanzeigen.de\/careeasy\/bewerbung\/praktikant-in\/\" \/>\n<meta property=\"og:site_name\" content=\"careeasy - Dein Karrieremagazin\" \/>\n<meta property=\"article:publisher\" content=\"https:\/\/www.facebook.com\/stellenanzeigen.de\/\" \/>\n<meta property=\"article:modified_time\" content=\"2023-10-06T08:59:00+00:00\" \/>\n<meta property=\"og:image\" content=\"https:\/\/www.stellenanzeigen.de\/careeasy\/wp-content\/uploads\/2020\/11\/bewerbung-praktikant.jpg\" \/>\n<meta name=\"twitter:label1\" content=\"Gesch\u00e4tzte Lesezeit\" \/>\n\t<meta name=\"twitter:data1\" content=\"3\u00a0Minuten\" \/>\n<script type=\"application\/ld+json\" class=\"yoast-schema-graph\">{\"@context\":\"https:\\\/\\\/schema.org\",\"@graph\":[{\"@type\":\"WebPage\",\"@id\":\"https:\\\/\\\/www.stellenanzeigen.de\\\/careeasy\\\/bewerbung\\\/praktikant-in\\\/\",\"url\":\"https:\\\/\\\/www.stellenanzeigen.de\\\/careeasy\\\/bewerbung\\\/praktikant-in\\\/\",\"name\":\"Bewerbungsvorlage Praktikum | careeasy - Dein Karrieremagazin\",\"isPartOf\":{\"@id\":\"https:\\\/\\\/www.stellenanzeigen.de\\\/careeasy\\\/#website\"},\"primaryImageOfPage\":{\"@id\":\"https:\\\/\\\/www.stellenanzeigen.de\\\/careeasy\\\/bewerbung\\\/praktikant-in\\\/#primaryimage\"},\"image\":{\"@id\":\"https:\\\/\\\/www.stellenanzeigen.de\\\/careeasy\\\/bewerbung\\\/praktikant-in\\\/#primaryimage\"},\"thumbnailUrl\":\"https:\\\/\\\/www.stellenanzeigen.de\\\/careeasy\\\/wp-content\\\/uploads\\\/2020\\\/11\\\/bewerbung-praktikant.jpg\",\"datePublished\":\"2020-11-24T10:27:58+00:00\",\"dateModified\":\"2023-10-06T08:59:00+00:00\",\"description\":\"Bewerbungsvorlage Praktikum - Copyright: GaudiLab Du bist Student\\\/in und ein Praktikum w\u00fcrde sich gut in deinem Lebenslauf machen? Nun hast du das\",\"breadcrumb\":{\"@id\":\"https:\\\/\\\/www.stellenanzeigen.de\\\/careeasy\\\/bewerbung\\\/praktikant-in\\\/#breadcrumb\"},\"inLanguage\":\"de\",\"potentialAction\":[{\"@type\":\"ReadAction\",\"target\":[\"https:\\\/\\\/www.stellenanzeigen.de\\\/careeasy\\\/bewerbung\\\/praktikant-in\\\/\"]}]},{\"@type\":\"ImageObject\",\"inLanguage\":\"de\",\"@id\":\"https:\\\/\\\/www.stellenanzeigen.de\\\/careeasy\\\/bewerbung\\\/praktikant-in\\\/#primaryimage\",\"url\":\"https:\\\/\\\/www.stellenanzeigen.de\\\/careeasy\\\/wp-content\\\/uploads\\\/2020\\\/11\\\/bewerbung-praktikant.jpg\",\"contentUrl\":\"https:\\\/\\\/www.stellenanzeigen.de\\\/careeasy\\\/wp-content\\\/uploads\\\/2020\\\/11\\\/bewerbung-praktikant.jpg\",\"width\":724,\"height\":483,\"caption\":\"Bewerbungsvorlage Praktikant\\\/in - Copyright: GaudiLab\"},{\"@type\":\"BreadcrumbList\",\"@id\":\"https:\\\/\\\/www.stellenanzeigen.de\\\/careeasy\\\/bewerbung\\\/praktikant-in\\\/#breadcrumb\",\"itemListElement\":[{\"@type\":\"ListItem\",\"position\":1,\"name\":\"Careeasy\",\"item\":\"https:\\\/\\\/www.stellenanzeigen.de\\\/careeasy\\\/\"},{\"@type\":\"ListItem\",\"position\":2,\"name\":\"Bewerbungsvorlagen &#038; Bewerbungsmuster\",\"item\":\"https:\\\/\\\/www.stellenanzeigen.de\\\/careeasy\\\/bewerbung\\\/\"},{\"@type\":\"ListItem\",\"position\":3,\"name\":\"Bewerbungsvorlage Praktikum\"}]},{\"@type\":\"WebSite\",\"@id\":\"https:\\\/\\\/www.stellenanzeigen.de\\\/careeasy\\\/#website\",\"url\":\"https:\\\/\\\/www.stellenanzeigen.de\\\/careeasy\\\/\",\"name\":\"careeasy - Dein Karrieremagazin\",\"description\":\"\",\"publisher\":{\"@id\":\"https:\\\/\\\/www.stellenanzeigen.de\\\/careeasy\\\/#organization\"},\"potentialAction\":[{\"@type\":\"SearchAction\",\"target\":{\"@type\":\"EntryPoint\",\"urlTemplate\":\"https:\\\/\\\/www.stellenanzeigen.de\\\/careeasy\\\/?s={search_term_string}\"},\"query-input\":{\"@type\":\"PropertyValueSpecification\",\"valueRequired\":true,\"valueName\":\"search_term_string\"}}],\"inLanguage\":\"de\"},{\"@type\":\"Organization\",\"@id\":\"https:\\\/\\\/www.stellenanzeigen.de\\\/careeasy\\\/#organization\",\"name\":\"careeasy - Dein Karrieremagazin\",\"url\":\"https:\\\/\\\/www.stellenanzeigen.de\\\/careeasy\\\/\",\"logo\":{\"@type\":\"ImageObject\",\"inLanguage\":\"de\",\"@id\":\"https:\\\/\\\/www.stellenanzeigen.de\\\/careeasy\\\/#\\\/schema\\\/logo\\\/image\\\/\",\"url\":\"https:\\\/\\\/www.stellenanzeigen.de\\\/careeasy\\\/wp-content\\\/uploads\\\/2024\\\/03\\\/careeasy_logo.jpg\",\"contentUrl\":\"https:\\\/\\\/www.stellenanzeigen.de\\\/careeasy\\\/wp-content\\\/uploads\\\/2024\\\/03\\\/careeasy_logo.jpg\",\"width\":701,\"height\":223,\"caption\":\"careeasy - Dein Karrieremagazin\"},\"image\":{\"@id\":\"https:\\\/\\\/www.stellenanzeigen.de\\\/careeasy\\\/#\\\/schema\\\/logo\\\/image\\\/\"},\"sameAs\":[\"https:\\\/\\\/www.facebook.com\\\/stellenanzeigen.de\\\/\"]}]}<\/script>\n<!-- \/ Yoast SEO plugin. -->","yoast_head_json":{"title":"Bewerbungsvorlage Praktikum | careeasy - Dein Karrieremagazin","description":"Bewerbungsvorlage Praktikum - Copyright: GaudiLab Du bist Student\/in und ein Praktikum w\u00fcrde sich gut in deinem Lebenslauf machen? Nun hast du das","robots":{"index":"index","follow":"follow","max-snippet":"max-snippet:-1","max-image-preview":"max-image-preview:large","max-video-preview":"max-video-preview:-1"},"canonical":"https:\/\/www.stellenanzeigen.de\/careeasy\/bewerbung\/praktikant-in\/","og_locale":"de_DE","og_type":"article","og_title":"Bewerbungsvorlage Praktikum | careeasy - Dein Karrieremagazin","og_description":"Bewerbungsvorlage Praktikum - Copyright: GaudiLab Du bist Student\/in und ein Praktikum w\u00fcrde sich gut in deinem Lebenslauf machen? Nun hast du das","og_url":"https:\/\/www.stellenanzeigen.de\/careeasy\/bewerbung\/praktikant-in\/","og_site_name":"careeasy - Dein Karrieremagazin","article_publisher":"https:\/\/www.facebook.com\/stellenanzeigen.de\/","article_modified_time":"2023-10-06T08:59:00+00:00","og_image":[{"url":"https:\/\/www.stellenanzeigen.de\/careeasy\/wp-content\/uploads\/2020\/11\/bewerbung-praktikant.jpg","type":"","width":"","height":""}],"twitter_misc":{"Gesch\u00e4tzte Lesezeit":"3\u00a0Minuten"},"schema":{"@context":"https:\/\/schema.org","@graph":[{"@type":"WebPage","@id":"https:\/\/www.stellenanzeigen.de\/careeasy\/bewerbung\/praktikant-in\/","url":"https:\/\/www.stellenanzeigen.de\/careeasy\/bewerbung\/praktikant-in\/","name":"Bewerbungsvorlage Praktikum | careeasy - Dein Karrieremagazin","isPartOf":{"@id":"https:\/\/www.stellenanzeigen.de\/careeasy\/#website"},"primaryImageOfPage":{"@id":"https:\/\/www.stellenanzeigen.de\/careeasy\/bewerbung\/praktikant-in\/#primaryimage"},"image":{"@id":"https:\/\/www.stellenanzeigen.de\/careeasy\/bewerbung\/praktikant-in\/#primaryimage"},"thumbnailUrl":"https:\/\/www.stellenanzeigen.de\/careeasy\/wp-content\/uploads\/2020\/11\/bewerbung-praktikant.jpg","datePublished":"2020-11-24T10:27:58+00:00","dateModified":"2023-10-06T08:59:00+00:00","description":"Bewerbungsvorlage Praktikum - Copyright: GaudiLab Du bist Student\/in und ein Praktikum w\u00fcrde sich gut in deinem Lebenslauf machen? Nun hast du das","breadcrumb":{"@id":"https:\/\/www.stellenanzeigen.de\/careeasy\/bewerbung\/praktikant-in\/#breadcrumb"},"inLanguage":"de","potentialAction":[{"@type":"ReadAction","target":["https:\/\/www.stellenanzeigen.de\/careeasy\/bewerbung\/praktikant-in\/"]}]},{"@type":"ImageObject","inLanguage":"de","@id":"https:\/\/www.stellenanzeigen.de\/careeasy\/bewerbung\/praktikant-in\/#primaryimage","url":"https:\/\/www.stellenanzeigen.de\/careeasy\/wp-content\/uploads\/2020\/11\/bewerbung-praktikant.jpg","contentUrl":"https:\/\/www.stellenanzeigen.de\/careeasy\/wp-content\/uploads\/2020\/11\/bewerbung-praktikant.jpg","width":724,"height":483,"caption":"Bewerbungsvorlage Praktikant\/in - Copyright: GaudiLab"},{"@type":"BreadcrumbList","@id":"https:\/\/www.stellenanzeigen.de\/careeasy\/bewerbung\/praktikant-in\/#breadcrumb","itemListElement":[{"@type":"ListItem","position":1,"name":"Careeasy","item":"https:\/\/www.stellenanzeigen.de\/careeasy\/"},{"@type":"ListItem","position":2,"name":"Bewerbungsvorlagen &#038; Bewerbungsmuster","item":"https:\/\/www.stellenanzeigen.de\/careeasy\/bewerbung\/"},{"@type":"ListItem","position":3,"name":"Bewerbungsvorlage Praktikum"}]},{"@type":"WebSite","@id":"https:\/\/www.stellenanzeigen.de\/careeasy\/#website","url":"https:\/\/www.stellenanzeigen.de\/careeasy\/","name":"careeasy - Dein Karrieremagazin","description":"","publisher":{"@id":"https:\/\/www.stellenanzeigen.de\/careeasy\/#organization"},"potentialAction":[{"@type":"SearchAction","target":{"@type":"EntryPoint","urlTemplate":"https:\/\/www.stellenanzeigen.de\/careeasy\/?s={search_term_string}"},"query-input":{"@type":"PropertyValueSpecification","valueRequired":true,"valueName":"search_term_string"}}],"inLanguage":"de"},{"@type":"Organization","@id":"https:\/\/www.stellenanzeigen.de\/careeasy\/#organization","name":"careeasy - Dein Karrieremagazin","url":"https:\/\/www.stellenanzeigen.de\/careeasy\/","logo":{"@type":"ImageObject","inLanguage":"de","@id":"https:\/\/www.stellenanzeigen.de\/careeasy\/#\/schema\/logo\/image\/","url":"https:\/\/www.stellenanzeigen.de\/careeasy\/wp-content\/uploads\/2024\/03\/careeasy_logo.jpg","contentUrl":"https:\/\/www.stellenanzeigen.de\/careeasy\/wp-content\/uploads\/2024\/03\/careeasy_logo.jpg","width":701,"height":223,"caption":"careeasy - Dein Karrieremagazin"},"image":{"@id":"https:\/\/www.stellenanzeigen.de\/careeasy\/#\/schema\/logo\/image\/"},"sameAs":["https:\/\/www.facebook.com\/stellenanzeigen.de\/"]}]}},"uagb_featured_image_src":{"full":false,"thumbnail":false,"medium":false,"medium_large":false,"large":false,"1536x1536":false,"2048x2048":false,"neomag-medium":false,"neomag-big":false,"neomag-large":false,"neomag-huge":false},"uagb_author_info":{"display_name":"admin","author_link":"https:\/\/www.stellenanzeigen.de\/careeasy\/author\/admin\/"},"uagb_comment_info":0,"uagb_excerpt":"Du bist Student\/in und ein Praktikum w\u00fcrde sich gut in deinem Lebenslauf machen? Nun hast du das perfekte Praktikum gefunden \u2013 und du m\u00f6chtest...","_links":{"self":[{"href":"https:\/\/www.stellenanzeigen.de\/careeasy\/wp-json\/wp\/v2\/pages\/87331","targetHints":{"allow":["GET"]}}],"collection":[{"href":"https:\/\/www.stellenanzeigen.de\/careeasy\/wp-json\/wp\/v2\/pages"}],"about":[{"href":"https:\/\/www.stellenanzeigen.de\/careeasy\/wp-json\/wp\/v2\/types\/page"}],"author":[{"embeddable":true,"href":"https:\/\/www.stellenanzeigen.de\/careeasy\/wp-json\/wp\/v2\/users\/1"}],"replies":[{"embeddable":true,"href":"https:\/\/www.stellenanzeigen.de\/careeasy\/wp-json\/wp\/v2\/comments?post=87331"}],"version-history":[{"count":10,"href":"https:\/\/www.stellenanzeigen.de\/careeasy\/wp-json\/wp\/v2\/pages\/87331\/revisions"}],"predecessor-version":[{"id":112969,"href":"https:\/\/www.stellenanzeigen.de\/careeasy\/wp-json\/wp\/v2\/pages\/87331\/revisions\/112969"}],"up":[{"embeddable":true,"href":"https:\/\/www.stellenanzeigen.de\/careeasy\/wp-json\/wp\/v2\/pages\/14008"}],"wp:attachment":[{"href":"https:\/\/www.stellenanzeigen.de\/careeasy\/wp-json\/wp\/v2\/media?parent=87331"}],"wp:term":[{"taxonomy":"category","embeddable":true,"href":"https:\/\/www.stellenanzeigen.de\/careeasy\/wp-json\/wp\/v2\/categories?post=87331"},{"taxonomy":"post_tag","embeddable":true,"href":"https:\/\/www.stellenanzeigen.de\/careeasy\/wp-json\/wp\/v2\/tags?post=87331"}],"curies":[{"name":"wp","href":"https:\/\/api.w.org\/{rel}","templated":true}]}}