{"id":86132,"date":"2020-07-09T07:51:58","date_gmt":"2020-07-09T07:51:58","guid":{"rendered":"https:\/\/www.stellenanzeigen.de\/careeasy\/?page_id=86132"},"modified":"2023-10-06T13:09:11","modified_gmt":"2023-10-06T11:09:11","slug":"bewerbungsvorlage-lagermitarbeiter-in","status":"publish","type":"page","link":"https:\/\/www.stellenanzeigen.de\/careeasy\/bewerbung\/bewerbungsvorlage-lagermitarbeiter-in\/","title":{"rendered":"Bewerbungsvorlage Lagermitarbeiter\/in"},"content":{"rendered":"\n<figure class=\"wp-block-image alignwide size-medium wp-image-86161\"><img decoding=\"async\" loading=\"lazy\" width=\"978\" height=\"653\" src=\"https:\/\/www.stellenanzeigen.de\/careeasy\/wp-content\/uploads\/2020\/07\/iStock-1168523877-978x653.jpg\" alt=\"Lagermitarbeiter\" class=\"wp-image-86161\" srcset=\"https:\/\/www.stellenanzeigen.de\/careeasy\/wp-content\/uploads\/2020\/07\/iStock-1168523877-978x652.jpg 978w, https:\/\/www.stellenanzeigen.de\/careeasy\/wp-content\/uploads\/2020\/07\/iStock-1168523877-768x513.jpg 768w, https:\/\/www.stellenanzeigen.de\/careeasy\/wp-content\/uploads\/2020\/07\/iStock-1168523877-272x182.jpg 272w, https:\/\/www.stellenanzeigen.de\/careeasy\/wp-content\/uploads\/2020\/07\/iStock-1168523877.jpg 1254w\" sizes=\"(max-width: 978px) 100vw, 978px\" \/><figcaption>Bewerbungsvorlage Lagermitarbeiter\/in &#8211; Copyright: Smederevac<\/figcaption><\/figure>\n\n\n\n<div class=\"wp-block-columns alignwide pdf-teaser is-layout-flex wp-container-5\">\n<div class=\"wp-block-column pdf-thumbnail is-layout-flow\" style=\"flex-basis:35%\">\n<div class=\"wp-block-image\"><figure class=\"aligncenter size-large\"><img decoding=\"async\" loading=\"lazy\" width=\"300\" height=\"424\" src=\"https:\/\/www.stellenanzeigen.de\/careeasy\/wp-content\/uploads\/2020\/07\/Bewerbungsvorlage-LagermitarbeiterIn-pdf-image.jpg\" alt=\"Bewerbungsvorlage Lagermitarbeiter\/in\" class=\"wp-image-86409\"\/><\/figure><\/div>\n\n\n\n<p>&nbsp;<\/p>\n<\/div>\n\n\n\n<div class=\"wp-block-column teaser-box is-layout-flow\" style=\"flex-basis:65%\">\n<p>Auf <strong>stellenanzeigen.de<\/strong> findest du die Bewerbungsvorlage f\u00fcr deine Bewerbung als Lagermitarbeiter\/in. Diese kannst du <strong>direkt herunterladen<\/strong>. Tausche die Musterdaten mit deinen pers\u00f6nlichen Kontaktdaten aus und f\u00fcge deine pers\u00f6nliche Berufserfahrung ein. So hast du <strong>in wenigen Schritten und kurzer Zeit<\/strong> eine fertige Bewerbung. Das Anschreiben kannst du dann gemeinsam mit deinem <a class=\"wpil_keyword_link\" href=\"https:\/\/www.stellenanzeigen.de\/careeasy\/lebenslauf-vorlagen-sde106864\/\"   title=\"Lebenslauf\" data-wpil-keyword-link=\"linked\">Lebenslauf<\/a> und deinen Referenzen versehen an deinen potenziellen Arbeitgeber senden.<\/p>\n\n\n\n<div class=\"wp-block-buttons is-layout-flex\">\n<div class=\"wp-block-button\"><a class=\"wp-block-button__link has-background no-border-radius\" href=\"https:\/\/www.stellenanzeigen.de\/careeasy\/bewerbung\/bewerbungsvorlage-lagermitarbeiter-in\/#pdf-download\" style=\"background-color:#2b85b9\">Vorlage Anfordern<\/a><\/div>\n<\/div>\n<\/div>\n<\/div>\n\n\n<div class=\"mceTemp\">\u00a0<\/div>\n<h3><strong>Bestandteile der Bewerbung als Lagermitarbeiter\/in<\/strong><\/h3>\n<p>Zu deiner Bewerbung geh\u00f6ren alle Unterlagen, die in der Stellenanzeige angefordert werden. Ansonsten w\u00fcrdest du riskieren, dass diese unvollst\u00e4ndig ist und im Bewerbungsverfahren nicht ber\u00fccksichtigt werden kann.<\/p>\n<h2><a href=\"https:\/\/www.stellenanzeigen.de\/jobs\/lagermitarbeiter-in\/\" target=\"_blank\" rel=\"noopener noreferrer\">Aktuelle Stellenangebote f\u00fcr Lagermitarbeiter<\/a><\/h2>\n<hr \/>\n<div id=\"suchwidgetErgebnisliste\">\u00a0<\/div>\n<div id=\"StellenanzeigenSuchwidget\" tabindex=\"-1\">\u00a0<\/div>\n<p><script>\n  var config = {\n    apiKey : 'FBEB08FBC7BB75349E26C51C530F79BF',\n    resultsPerPage : 3,\n    searchRadius : 60,\n    fulltext : 'lagermitarbeiter',\n    city : null,\n    category : null,\n    subCategories : null\n  };\n<\/script><script type=\"text\/javascript\" src=\"https:\/\/app.stellenanzeigen.de\/widget\/init.js\"><\/script><\/p>\n<hr \/>\n<p>Die Bewerbung sollte in ein Dokument zusammengefasst werden. Dieses Dokument speicherst und versendest du als pdf Datei, da die Gr\u00f6\u00dfe sonst von den meisten E-Mail Servern nicht akzeptiert wird.<br \/>Neben deinem Anschreiben beziehungsweise <strong>Motivationsschreiben<\/strong> geh\u00f6ren ein <strong>tabellarischer Lebenslauf<\/strong> (wenn nicht anders gefordert) und deine <strong>Zeugnisse<\/strong> und <strong>Arbeitgeberreferenzen<\/strong> in die Bewerbungsmappe.<\/p>\n<h3><strong>Die perfekte Vorbereitung auf dein Gespr\u00e4ch<\/strong><\/h3>\n<p>In Vorbereitung auf dein Gespr\u00e4ch solltest du schon \u00fcberlegen, was du <strong>am Tag selbst anziehen<\/strong> m\u00f6chtest. Au\u00dferdem solltest du deine <strong>Bewerbungsmappe<\/strong> f\u00fcr den Termin zurechtlegen. Schau dir die Unterlagen noch einmal alle an. Dazu geh\u00f6rt ein Blick in deinen <strong>Lebenslauf<\/strong>, in die <strong>Stellenanzeige<\/strong> und auf die <strong>Webseite des Unternehmens<\/strong>.<br \/>\u00dcberlege dir auch ein paar <strong>konkrete Fragen<\/strong>, au\u00dfer denen zu Gehalt und Arbeitszeiten, etc. um zu signalisieren, dass du dich f\u00fcr das Unternehmen interessierst und dieses wertsch\u00e4tzt.<\/p>\n<p>Vorab kannst du versuchen, <strong>Kontakte zu dem Unternehmen<\/strong> zu bekommen und dich mit diesen austauschen. Auch <strong>Arbeitgeberbewertungen<\/strong> im Internet geben Aufschluss und wichtige Informationen, die du f\u00fcr deine eigene Vorbereitung gut verwenden kannst.<\/p>\n<h3><strong>Das Vorstellungsgespr\u00e4ch: Fragen und wie du diese beantworten kannst<\/strong><\/h3>\n<p>Im Verlauf des Gespr\u00e4chs werden dir zahlreiche Fragen gestellt. Die meisten davon sind offene Fragen, so dass du frei antworten kannst. Generell gilt, dass der <strong>Bewerber einen Redeanteil von 80%<\/strong> haben sollte.<\/p>\n<p>Auf jeden Fall wirst du gefragt, etwas <strong>aus deinem Beruf zu berichten<\/strong> und was dich antreibt, diesem nachzugehen. Suche bei der Beantwortung nach den Begrifflichkeiten, die auch in der Stellenanzeige verwendet werden. Das suggeriert, dass du zu der Stelle passt und \u00e4hnliche Aufgaben bereits ausgef\u00fchrt hast.<\/p>\n<p>Dar\u00fcber hinaus kommen <strong>Fragen zu Zeugnissen<\/strong>, vor allem, wenn diese besonders gut, oder auch nicht so gut sind. \u00dcberlege dir <strong>sachliche Antworten<\/strong> und sage auch, wie du das fehlende Wissen kompensierst oder warum du inzwischen doch auf dem Wissensstand bist, den du in der Pr\u00fcfung hattest. Es ist legitim, beispielsweise zu sagen, dass man unter Pr\u00fcfungsangst leidet.<\/p>\n<p>Auch <strong>pers\u00f6nliche Fragen<\/strong> solltest du immer mit einem <strong>R\u00fcckbezug auf die Stelle und die Kompetenzen<\/strong>, die du f\u00fcr diese ben\u00f6tigst, beantworten. So kannst du von einem Hobby berichten, welches deinen Teamgeist oder dein Engagement zeigt. Auf die Frage nach deinen Interessen kannst du sagen, dass du gerne in Lager-Foren und mit Kollegen zusammensitzt und dich austauschst.<\/p>\n<p>Wichtig ist es, dass deine <strong>Antworten nat\u00fcrlich und sicher<\/strong> wirken. Am besten antwortest du immer besonnen und ehrlich. So wirkst du das ganze Gespr\u00e4ch \u00fcber authentisch. Nat\u00fcrlich darfst du auch Gegenfragen stellen, wenn du eine Frage nicht richtig verstanden hast. Dies sollte jedoch eher die Ausnahme bleiben.<\/p>\n<p>Sollten die anderen Anwesenden dir Fragen zu deinem jetzigen Arbeitgeber stellen, so bleibe diesem gegen\u00fcber stets loyal und antworte nur so, wie du es dir auch von deinem Arbeitgeber w\u00fcnschen w\u00fcrdest. Sage nicht, dass du nicht wohlf\u00fchlst, sonst <strong>formuliere die Dinge lieber positiv<\/strong>.<\/p>\n<p>Sage, du bist auf der Suche nach einer Herausforderung und m\u00f6chtest etwas Neues lernen und beruflich eine Ver\u00e4nderung anleiern. Anstatt von Problemen zu sprechen, nutze <strong>Worte wie Herausforderungen<\/strong> und versuche auch sonst stets in einer<strong> positiven Sprache<\/strong> zu sprechen. Kurze, klare S\u00e4tze helfen dir dabei und bieten dir mit jedem gedachten Punkt kleine Denkpausen, so dass du nicht aufgeregt wirkst und alle Antworten kompetent wirken.<\/p>\n\n\n<div class=\"wp-block-group alignwide\" id=\"pdf-download\"><div class=\"wp-block-group__inner-container is-layout-flow\">\n<div class=\"wp-block-columns pdf-download is-layout-flex wp-container-8\">\n<div class=\"wp-block-column pdf-thumbnail is-layout-flow\" style=\"flex-basis:35%\">\n<figure class=\"wp-block-image size-large\"><img decoding=\"async\" loading=\"lazy\" width=\"300\" height=\"424\" src=\"https:\/\/www.stellenanzeigen.de\/careeasy\/wp-content\/uploads\/2020\/07\/Bewerbungsvorlage-LagermitarbeiterIn-pdf-image.jpg\" alt=\"Bewerbungsvorlage Lagermitarbeiter\/in\" class=\"wp-image-86409\"\/><\/figure>\n<\/div>\n\n\n\n<div class=\"wp-block-column subscribe-box is-layout-flow\" style=\"flex-basis:65%\">\n\t\t\t\n\t\t\t<form id=\"sib_signup_form_35\" method=\"post\" class=\"sib_signup_form\">\n\t\t\t\t<div class=\"sib_loader\" style=\"display:none;\"><img\n\t\t\t\t\t\t\tsrc=\"https:\/\/www.stellenanzeigen.de\/careeasy\/wp-includes\/images\/spinner.gif\" alt=\"loader\"><\/div>\n\t\t\t\t<input type=\"hidden\" name=\"sib_form_action\" value=\"subscribe_form_submit\">\n\t\t\t\t<input type=\"hidden\" name=\"sib_form_id\" value=\"35\">\n                <input type=\"hidden\" name=\"sib_form_alert_notice\" value=\"Bitte f\u00fclle das Feld aus\">\n                <input type=\"hidden\" name=\"sib_form_invalid_email_notice\" value=\"Deine E-Mail Adresse ist ung\u00fcltig\">\n                <input type=\"hidden\" name=\"sib_security\" value=\"9fae02d5ee\">\n\t\t\t\t<div class=\"sib_signup_box_inside_35\">\n\t\t\t\t\t<div style=\"\/*display:none*\/\" class=\"sib_msg_disp\">\n\t\t\t\t\t<\/div>\n                    \t\t\t\t\t<p style=\"font-size:21px;text-align:left;font-family: 'Helvetica',sans-serif;color:#2b85b9;background-color:transparent\"><strong>Jetzt Bewerbungsvorlage als Lagermitarbeiter\/in anfordern und f\u00fcr den Newsletter anmelden<\/strong><\/p>\r\n<p class=\"sib-email-area\">\r\n    <label>E-Mail-Adresse <span style=\"color: red\">*<\/span><\/label>\r\n    <input type=\"email\" class=\"sib-email-area\" name=\"email\" required=\"required\" placeholder=\"E-Mail-Adresse\">\r\n<\/p>\r\n<p class=\"sib-terms\"><input type=\"checkbox\" name=\"terms\" required=\"required\"><label>Ich bin damit einverstanden, dass meine E-Mailadresse f\u00fcr Werbezwecke per Newsletter genutzt wird und akzeptiere die <a href=\"https:\/\/www.stellenanzeigen.de\/arbeitgeber\/datenschutzerklaerung\/\">Datenschutzerkl\u00e4rung <span style=\"color: red\">*<\/span><\/a><\/label><\/p>\r\n<p style=\"font-size:12px;text-align:left;font-family: 'Helvetica',sans-serif;color:#8390A4\">Du kannst den Newsletter jederzeit \u00fcber den Abmeldelink in der Fu\u00dfzeile unserer E-Mails abbestellen.<\/p>\r\n<input type=\"submit\" class=\"sib-default-btn\" value=\"Bewerbungsvorlage anfordern\">\t\t\t\t<\/div>\n\t\t\t<\/form>\n\t\t\t<style>\n\t\t\t\tform#sib_signup_form_35 p.sib-alert-message {\n    padding: 6px 12px;\n    margin-bottom: 20px;\n    border: 1px solid transparent;\n    border-radius: 4px;\n    -webkit-box-sizing: border-box;\n    -moz-box-sizing: border-box;\n    box-sizing: border-box;\n}\nform#sib_signup_form_35 p.sib-alert-message-error {\n    background-color: #f2dede;\n    border-color: #ebccd1;\n    color: #a94442;\n}\nform#sib_signup_form_35 p.sib-alert-message-success {\n    background-color: #dff0d8;\n    border-color: #d6e9c6;\n    color: #3c763d;\n}\nform#sib_signup_form_35 p.sib-alert-message-warning {\n    background-color: #fcf8e3;\n    border-color: #faebcc;\n    color: #8a6d3b;\n}\n\t\t\t<\/style>\n\t\t\t\n<\/div>\n<\/div>\n<\/div><\/div>\n","protected":false},"excerpt":{"rendered":"<p>&nbsp; Auf stellenanzeigen.de findest du die Bewerbungsvorlage f\u00fcr deine Bewerbung als Lagermitarbeiter\/in. Diese kannst du direkt herunterladen. Tausche die Musterdaten mit deinen pers\u00f6nlichen Kontaktdaten&#8230;<\/p>\n","protected":false},"author":103,"featured_media":0,"parent":14008,"menu_order":0,"comment_status":"closed","ping_status":"closed","template":"","meta":{"_uag_custom_page_level_css":""},"categories":[],"tags":[],"yoast_head":"<!-- This site is optimized with the Yoast SEO plugin v20.7 - https:\/\/yoast.com\/wordpress\/plugins\/seo\/ -->\n<title>Bewerbungsvorlage Lagermitarbeiter\/in | careeasy - Dein Karrieremagazin<\/title>\n<meta name=\"description\" content=\"Bewerbungsvorlage Lagermitarbeiter\/in - Copyright: Smederevac &nbsp; Auf stellenanzeigen.de findest du die Bewerbungsvorlage f\u00fcr deine Bewerbung als\" \/>\n<meta name=\"robots\" content=\"index, follow, max-snippet:-1, max-image-preview:large, max-video-preview:-1\" \/>\n<link rel=\"canonical\" href=\"https:\/\/www.stellenanzeigen.de\/careeasy\/bewerbung\/bewerbungsvorlage-lagermitarbeiter-in\/\" \/>\n<meta property=\"og:locale\" content=\"de_DE\" \/>\n<meta property=\"og:type\" content=\"article\" \/>\n<meta property=\"og:title\" content=\"Bewerbungsvorlage Lagermitarbeiter\/in | careeasy - Dein Karrieremagazin\" \/>\n<meta property=\"og:description\" content=\"Bewerbungsvorlage Lagermitarbeiter\/in - Copyright: Smederevac &nbsp; Auf stellenanzeigen.de findest du die Bewerbungsvorlage f\u00fcr deine Bewerbung als\" \/>\n<meta property=\"og:url\" content=\"https:\/\/www.stellenanzeigen.de\/careeasy\/bewerbung\/bewerbungsvorlage-lagermitarbeiter-in\/\" \/>\n<meta property=\"og:site_name\" content=\"careeasy - Dein Karrieremagazin\" \/>\n<meta property=\"article:publisher\" content=\"https:\/\/www.facebook.com\/stellenanzeigen.de\/\" \/>\n<meta property=\"article:modified_time\" content=\"2023-10-06T11:09:11+00:00\" \/>\n<meta property=\"og:image\" content=\"https:\/\/www.stellenanzeigen.de\/careeasy\/wp-content\/uploads\/2020\/07\/iStock-1168523877-978x653.jpg\" \/>\n<meta name=\"twitter:label1\" content=\"Gesch\u00e4tzte Lesezeit\" \/>\n\t<meta name=\"twitter:data1\" content=\"3 Minuten\" \/>\n<script type=\"application\/ld+json\" class=\"yoast-schema-graph\">{\"@context\":\"https:\/\/schema.org\",\"@graph\":[{\"@type\":\"WebPage\",\"@id\":\"https:\/\/www.stellenanzeigen.de\/careeasy\/bewerbung\/bewerbungsvorlage-lagermitarbeiter-in\/\",\"url\":\"https:\/\/www.stellenanzeigen.de\/careeasy\/bewerbung\/bewerbungsvorlage-lagermitarbeiter-in\/\",\"name\":\"Bewerbungsvorlage Lagermitarbeiter\/in | careeasy - Dein Karrieremagazin\",\"isPartOf\":{\"@id\":\"https:\/\/10.12.43.199\/careeasy\/#website\"},\"datePublished\":\"2020-07-09T07:51:58+00:00\",\"dateModified\":\"2023-10-06T11:09:11+00:00\",\"description\":\"Bewerbungsvorlage Lagermitarbeiter\/in - Copyright: Smederevac &nbsp; Auf stellenanzeigen.de findest du die Bewerbungsvorlage f\u00fcr deine Bewerbung als\",\"breadcrumb\":{\"@id\":\"https:\/\/www.stellenanzeigen.de\/careeasy\/bewerbung\/bewerbungsvorlage-lagermitarbeiter-in\/#breadcrumb\"},\"inLanguage\":\"de-DE\",\"potentialAction\":[{\"@type\":\"ReadAction\",\"target\":[\"https:\/\/www.stellenanzeigen.de\/careeasy\/bewerbung\/bewerbungsvorlage-lagermitarbeiter-in\/\"]}]},{\"@type\":\"BreadcrumbList\",\"@id\":\"https:\/\/www.stellenanzeigen.de\/careeasy\/bewerbung\/bewerbungsvorlage-lagermitarbeiter-in\/#breadcrumb\",\"itemListElement\":[{\"@type\":\"ListItem\",\"position\":1,\"name\":\"Careeasy\",\"item\":\"https:\/\/10.12.43.199\/careeasy\/\"},{\"@type\":\"ListItem\",\"position\":2,\"name\":\"Bewerbungsvorlagen &#038; Bewerbungsmuster\",\"item\":\"https:\/\/www.stellenanzeigen.de\/careeasy\/bewerbung\/\"},{\"@type\":\"ListItem\",\"position\":3,\"name\":\"Bewerbungsvorlage Lagermitarbeiter\/in\"}]},{\"@type\":\"WebSite\",\"@id\":\"https:\/\/10.12.43.199\/careeasy\/#website\",\"url\":\"https:\/\/10.12.43.199\/careeasy\/\",\"name\":\"careeasy - Dein Karrieremagazin\",\"description\":\"\",\"publisher\":{\"@id\":\"https:\/\/10.12.43.199\/careeasy\/#organization\"},\"potentialAction\":[{\"@type\":\"SearchAction\",\"target\":{\"@type\":\"EntryPoint\",\"urlTemplate\":\"https:\/\/10.12.43.199\/careeasy\/?s={search_term_string}\"},\"query-input\":\"required name=search_term_string\"}],\"inLanguage\":\"de-DE\"},{\"@type\":\"Organization\",\"@id\":\"https:\/\/10.12.43.199\/careeasy\/#organization\",\"name\":\"careeasy - Dein Karrieremagazin\",\"url\":\"https:\/\/10.12.43.199\/careeasy\/\",\"logo\":{\"@type\":\"ImageObject\",\"inLanguage\":\"de-DE\",\"@id\":\"https:\/\/10.12.43.199\/careeasy\/#\/schema\/logo\/image\/\",\"url\":\"https:\/\/www.stellenanzeigen.de\/careeasy\/wp-content\/uploads\/2024\/03\/careeasy_logo.jpg\",\"contentUrl\":\"https:\/\/www.stellenanzeigen.de\/careeasy\/wp-content\/uploads\/2024\/03\/careeasy_logo.jpg\",\"width\":701,\"height\":223,\"caption\":\"careeasy - Dein Karrieremagazin\"},\"image\":{\"@id\":\"https:\/\/10.12.43.199\/careeasy\/#\/schema\/logo\/image\/\"},\"sameAs\":[\"https:\/\/www.facebook.com\/stellenanzeigen.de\/\"]}]}<\/script>\n<!-- \/ Yoast SEO plugin. -->","yoast_head_json":{"title":"Bewerbungsvorlage Lagermitarbeiter\/in | careeasy - Dein Karrieremagazin","description":"Bewerbungsvorlage Lagermitarbeiter\/in - Copyright: Smederevac &nbsp; Auf stellenanzeigen.de findest du die Bewerbungsvorlage f\u00fcr deine Bewerbung als","robots":{"index":"index","follow":"follow","max-snippet":"max-snippet:-1","max-image-preview":"max-image-preview:large","max-video-preview":"max-video-preview:-1"},"canonical":"https:\/\/www.stellenanzeigen.de\/careeasy\/bewerbung\/bewerbungsvorlage-lagermitarbeiter-in\/","og_locale":"de_DE","og_type":"article","og_title":"Bewerbungsvorlage Lagermitarbeiter\/in | careeasy - Dein Karrieremagazin","og_description":"Bewerbungsvorlage Lagermitarbeiter\/in - Copyright: Smederevac &nbsp; Auf stellenanzeigen.de findest du die Bewerbungsvorlage f\u00fcr deine Bewerbung als","og_url":"https:\/\/www.stellenanzeigen.de\/careeasy\/bewerbung\/bewerbungsvorlage-lagermitarbeiter-in\/","og_site_name":"careeasy - Dein Karrieremagazin","article_publisher":"https:\/\/www.facebook.com\/stellenanzeigen.de\/","article_modified_time":"2023-10-06T11:09:11+00:00","og_image":[{"url":"https:\/\/www.stellenanzeigen.de\/careeasy\/wp-content\/uploads\/2020\/07\/iStock-1168523877-978x653.jpg"}],"twitter_misc":{"Gesch\u00e4tzte Lesezeit":"3 Minuten"},"schema":{"@context":"https:\/\/schema.org","@graph":[{"@type":"WebPage","@id":"https:\/\/www.stellenanzeigen.de\/careeasy\/bewerbung\/bewerbungsvorlage-lagermitarbeiter-in\/","url":"https:\/\/www.stellenanzeigen.de\/careeasy\/bewerbung\/bewerbungsvorlage-lagermitarbeiter-in\/","name":"Bewerbungsvorlage Lagermitarbeiter\/in | careeasy - Dein Karrieremagazin","isPartOf":{"@id":"https:\/\/10.12.43.199\/careeasy\/#website"},"datePublished":"2020-07-09T07:51:58+00:00","dateModified":"2023-10-06T11:09:11+00:00","description":"Bewerbungsvorlage Lagermitarbeiter\/in - Copyright: Smederevac &nbsp; Auf stellenanzeigen.de findest du die Bewerbungsvorlage f\u00fcr deine Bewerbung als","breadcrumb":{"@id":"https:\/\/www.stellenanzeigen.de\/careeasy\/bewerbung\/bewerbungsvorlage-lagermitarbeiter-in\/#breadcrumb"},"inLanguage":"de-DE","potentialAction":[{"@type":"ReadAction","target":["https:\/\/www.stellenanzeigen.de\/careeasy\/bewerbung\/bewerbungsvorlage-lagermitarbeiter-in\/"]}]},{"@type":"BreadcrumbList","@id":"https:\/\/www.stellenanzeigen.de\/careeasy\/bewerbung\/bewerbungsvorlage-lagermitarbeiter-in\/#breadcrumb","itemListElement":[{"@type":"ListItem","position":1,"name":"Careeasy","item":"https:\/\/10.12.43.199\/careeasy\/"},{"@type":"ListItem","position":2,"name":"Bewerbungsvorlagen &#038; Bewerbungsmuster","item":"https:\/\/www.stellenanzeigen.de\/careeasy\/bewerbung\/"},{"@type":"ListItem","position":3,"name":"Bewerbungsvorlage Lagermitarbeiter\/in"}]},{"@type":"WebSite","@id":"https:\/\/10.12.43.199\/careeasy\/#website","url":"https:\/\/10.12.43.199\/careeasy\/","name":"careeasy - Dein Karrieremagazin","description":"","publisher":{"@id":"https:\/\/10.12.43.199\/careeasy\/#organization"},"potentialAction":[{"@type":"SearchAction","target":{"@type":"EntryPoint","urlTemplate":"https:\/\/10.12.43.199\/careeasy\/?s={search_term_string}"},"query-input":"required name=search_term_string"}],"inLanguage":"de-DE"},{"@type":"Organization","@id":"https:\/\/10.12.43.199\/careeasy\/#organization","name":"careeasy - Dein Karrieremagazin","url":"https:\/\/10.12.43.199\/careeasy\/","logo":{"@type":"ImageObject","inLanguage":"de-DE","@id":"https:\/\/10.12.43.199\/careeasy\/#\/schema\/logo\/image\/","url":"https:\/\/www.stellenanzeigen.de\/careeasy\/wp-content\/uploads\/2024\/03\/careeasy_logo.jpg","contentUrl":"https:\/\/www.stellenanzeigen.de\/careeasy\/wp-content\/uploads\/2024\/03\/careeasy_logo.jpg","width":701,"height":223,"caption":"careeasy - Dein Karrieremagazin"},"image":{"@id":"https:\/\/10.12.43.199\/careeasy\/#\/schema\/logo\/image\/"},"sameAs":["https:\/\/www.facebook.com\/stellenanzeigen.de\/"]}]}},"uagb_featured_image_src":{"full":false,"thumbnail":false,"medium":false,"medium_large":false,"large":false,"1536x1536":false,"2048x2048":false,"neomag-medium":false,"neomag-big":false,"neomag-large":false,"neomag-huge":false},"uagb_author_info":{"display_name":"stellenanzeigen.de","author_link":"https:\/\/www.stellenanzeigen.de\/careeasy\/author\/stellenanzeigen-de\/"},"uagb_comment_info":0,"uagb_excerpt":"&nbsp; Auf stellenanzeigen.de findest du die Bewerbungsvorlage f\u00fcr deine Bewerbung als Lagermitarbeiter\/in. Diese kannst du direkt herunterladen. Tausche die Musterdaten mit deinen pers\u00f6nlichen Kontaktdaten...","_links":{"self":[{"href":"https:\/\/www.stellenanzeigen.de\/careeasy\/wp-json\/wp\/v2\/pages\/86132"}],"collection":[{"href":"https:\/\/www.stellenanzeigen.de\/careeasy\/wp-json\/wp\/v2\/pages"}],"about":[{"href":"https:\/\/www.stellenanzeigen.de\/careeasy\/wp-json\/wp\/v2\/types\/page"}],"author":[{"embeddable":true,"href":"https:\/\/www.stellenanzeigen.de\/careeasy\/wp-json\/wp\/v2\/users\/103"}],"replies":[{"embeddable":true,"href":"https:\/\/www.stellenanzeigen.de\/careeasy\/wp-json\/wp\/v2\/comments?post=86132"}],"version-history":[{"count":19,"href":"https:\/\/www.stellenanzeigen.de\/careeasy\/wp-json\/wp\/v2\/pages\/86132\/revisions"}],"predecessor-version":[{"id":113079,"href":"https:\/\/www.stellenanzeigen.de\/careeasy\/wp-json\/wp\/v2\/pages\/86132\/revisions\/113079"}],"up":[{"embeddable":true,"href":"https:\/\/www.stellenanzeigen.de\/careeasy\/wp-json\/wp\/v2\/pages\/14008"}],"wp:attachment":[{"href":"https:\/\/www.stellenanzeigen.de\/careeasy\/wp-json\/wp\/v2\/media?parent=86132"}],"wp:term":[{"taxonomy":"category","embeddable":true,"href":"https:\/\/www.stellenanzeigen.de\/careeasy\/wp-json\/wp\/v2\/categories?post=86132"},{"taxonomy":"post_tag","embeddable":true,"href":"https:\/\/www.stellenanzeigen.de\/careeasy\/wp-json\/wp\/v2\/tags?post=86132"}],"curies":[{"name":"wp","href":"https:\/\/api.w.org\/{rel}","templated":true}]}}