{"id":85948,"date":"2020-06-29T09:23:40","date_gmt":"2020-06-29T09:23:40","guid":{"rendered":"https:\/\/www.stellenanzeigen.de\/careeasy\/?page_id=85948"},"modified":"2023-10-06T10:58:54","modified_gmt":"2023-10-06T08:58:54","slug":"bewerbungsvorlage-hauswirtschafter-in","status":"publish","type":"page","link":"https:\/\/www.stellenanzeigen.de\/careeasy\/bewerbung\/bewerbungsvorlage-hauswirtschafter-in\/","title":{"rendered":"Bewerbungsvorlage Hauswirtschafter\/in"},"content":{"rendered":"\n<figure class=\"wp-block-image alignwide size-medium wp-image-85950\"><img decoding=\"async\" loading=\"lazy\" width=\"978\" height=\"689\" src=\"https:\/\/www.stellenanzeigen.de\/careeasy\/wp-content\/uploads\/2020\/06\/iStock-469291156_Szepy-978x689.jpg\" alt=\"Bewerbungsvorlage Hauswirtschafterin\" class=\"wp-image-85950\" srcset=\"https:\/\/www.stellenanzeigen.de\/careeasy\/wp-content\/uploads\/2020\/06\/iStock-469291156_Szepy-978x689.jpg 978w, https:\/\/www.stellenanzeigen.de\/careeasy\/wp-content\/uploads\/2020\/06\/iStock-469291156_Szepy-768x541.jpg 768w, https:\/\/www.stellenanzeigen.de\/careeasy\/wp-content\/uploads\/2020\/06\/iStock-469291156_Szepy.jpg 1220w\" sizes=\"(max-width: 978px) 100vw, 978px\" \/><figcaption>Bewerbungsvorlage Hauswirtschafterin &#8211; Copyright: Szepy<\/figcaption><\/figure>\n\n\n\n<div class=\"wp-block-columns alignwide pdf-teaser is-layout-flex wp-container-5\">\n<div class=\"wp-block-column pdf-thumbnail is-layout-flow\" style=\"flex-basis:35%\">\n<div class=\"wp-block-image\"><figure class=\"aligncenter size-large\"><img decoding=\"async\" loading=\"lazy\" width=\"300\" height=\"424\" src=\"https:\/\/www.stellenanzeigen.de\/careeasy\/wp-content\/uploads\/2020\/06\/Bewerbungsvorlage-Hauswirtschafterin-pdf-image.jpg\" alt=\"Bewerbungsvorlage Hauswirtschafter\/in\" class=\"wp-image-85985\"\/><\/figure><\/div>\n\n\n\n<p>&nbsp;<\/p><div id=\"ez-toc-container\" class=\"ez-toc-v2_0_62 counter-hierarchy ez-toc-counter ez-toc-grey ez-toc-container-direction\">\n<div class=\"ez-toc-title-container\">\n<p class=\"ez-toc-title \" >Inhaltsverzeichnis<\/p>\n<span class=\"ez-toc-title-toggle\"><\/span><\/div>\n<nav><ul class='ez-toc-list ez-toc-list-level-1 ' ><li class='ez-toc-page-1 ez-toc-heading-level-2'><a class=\"ez-toc-link ez-toc-heading-1\" href=\"https:\/\/www.stellenanzeigen.de\/careeasy\/bewerbung\/bewerbungsvorlage-hauswirtschafter-in\/#Bestandteile_der_Musterbewerbung_%E2%80%9EHauswirtschafterin%E2%80%9C\" title=\"Bestandteile der Musterbewerbung \u201eHauswirtschafter\/in&#8220;\">Bestandteile der Musterbewerbung \u201eHauswirtschafter\/in&#8220;<\/a><\/li><li class='ez-toc-page-1 ez-toc-heading-level-2'><a class=\"ez-toc-link ez-toc-heading-2\" href=\"https:\/\/www.stellenanzeigen.de\/careeasy\/bewerbung\/bewerbungsvorlage-hauswirtschafter-in\/#Aktuelle_Stellenangebote_fuer_Hauswirtschafter\" title=\"Aktuelle Stellenangebote f\u00fcr Hauswirtschafter\">Aktuelle Stellenangebote f\u00fcr Hauswirtschafter<\/a><\/li><li class='ez-toc-page-1 ez-toc-heading-level-2'><a class=\"ez-toc-link ez-toc-heading-3\" href=\"https:\/\/www.stellenanzeigen.de\/careeasy\/bewerbung\/bewerbungsvorlage-hauswirtschafter-in\/#Vorbereitung_auf_das_Vorstellungsgespraech\" title=\"Vorbereitung auf das Vorstellungsgespr\u00e4ch\">Vorbereitung auf das Vorstellungsgespr\u00e4ch<\/a><\/li><li class='ez-toc-page-1 ez-toc-heading-level-2'><a class=\"ez-toc-link ez-toc-heading-4\" href=\"https:\/\/www.stellenanzeigen.de\/careeasy\/bewerbung\/bewerbungsvorlage-hauswirtschafter-in\/#Fragen_und_Antwortmoeglichkeiten_im_Vorstellungsgespraech\" title=\"Fragen und Antwortm\u00f6glichkeiten im Vorstellungsgespr\u00e4ch\">Fragen und Antwortm\u00f6glichkeiten im Vorstellungsgespr\u00e4ch<\/a><\/li><\/ul><\/nav><\/div>\n\n<\/div>\n\n\n\n<div class=\"wp-block-column teaser-box is-layout-flow\" style=\"flex-basis:65%\">\n<p>Die richtigen Worte finden sich manchmal schwerer, als einem lieb ist. Deshalb unterst\u00fctzen wir dich bei deinem Anschreiben mit <strong>einer Bewerbungsvorlage zum Berufsfeld &#8222;Hauswirtschafter\/in&#8220;.<\/strong> Auf <strong>www.stellenanzeigen.de<\/strong> hast du die M\u00f6glichkeit, dir diese Musterbewerbung kostenlos herunterzuladen.<\/p>\n\n\n\n<div class=\"wp-block-buttons is-layout-flex\">\n<div class=\"wp-block-button\"><a class=\"wp-block-button__link has-background no-border-radius\" href=\"https:\/\/www.stellenanzeigen.de\/careeasy\/bewerbung\/bewerbungsvorlage-hauswirtschafter-in\/#pdf-download\" style=\"background-color:#2b85b9\">Vorlage Anfordern<\/a><\/div>\n<\/div>\n<\/div>\n<\/div>\n\n\n<div class=\"mceTemp\">\u00a0<\/div>\n<h2><span class=\"ez-toc-section\" id=\"Bestandteile_der_Musterbewerbung_%E2%80%9EHauswirtschafterin%E2%80%9C\"><\/span>Bestandteile der Musterbewerbung \u201eHauswirtschafter\/in&#8220;<span class=\"ez-toc-section-end\"><\/span><\/h2>\n<p>Drei wichtige Unterlagen d\u00fcrfen nicht fehlen in deiner Bewerbungsmappe: <strong>Anschreiben,<\/strong> <strong>Lebenslauf<\/strong> und <strong>deine Zeugnisse\/Referenzen,<\/strong> um dem Arbeitgeber einen Anhaltspunkt zu deinen Erfahrungen und Kompetenzen in diesem Berufsfeld zu vermitteln. Damit dein erster Eindruck nicht gleich als \u201eschlampig&#8220; abgewertet wird, solltest du darauf achten, eine ordentliche Mappe einzureichen. Knittrige Bl\u00e4tter oder ein Muster aus Kaffeeflecken solltest du definitiv vermeiden. F\u00fcr ein paar kleine Extra-Pluspunkte eignet sich <strong>ein Deckblatt mit deinem Bewerbungsfoto, deinen Kontaktdaten und der Stelle, f\u00fcr die du dich bewerben m\u00f6chtest.<\/strong><\/p>\n<p>Dein <a class=\"wpil_keyword_link\" href=\"https:\/\/www.stellenanzeigen.de\/careeasy\/lebenslauf-vorlagen-sde106864\/\"   title=\"Lebenslauf\" data-wpil-keyword-link=\"linked\">Lebenslauf<\/a> und dein Anschreiben k\u00f6nnen dir gleich einen doppelten Vorteil verschaffen: <strong>Durch dein Anschreiben punktest du, indem du zeigst, wie viel dir daran liegt, den Job zu bekommen.<\/strong> Du unterstreichst gekonnt deine F\u00e4higkeiten und kannst den Personaler neugierig auf dich als neue\/n Mitarbeiter\/in machen.<br \/><strong>Dein Lebenslauf zeigt im Anschluss Zahlen, Daten und Fakten zu deiner bisherigen schulischen und beruflichen Laufbahn.<\/strong> Deine Referenzen sind ebenso wichtig, da du mit ihnen nachweisen kannst, dass die Angaben in deiner Bewerbung korrekt sind. So machst du dich glaubhaft.<\/p>\n<h2><span class=\"ez-toc-section\" id=\"Aktuelle_Stellenangebote_fuer_Hauswirtschafter\"><\/span><a href=\"https:\/\/www.stellenanzeigen.de\/jobs\/hauswirtschafter-in\/\" target=\"_blank\" rel=\"noopener noreferrer\">Aktuelle Stellenangebote f\u00fcr Hauswirtschafter<\/a><span class=\"ez-toc-section-end\"><\/span><\/h2>\n<hr \/>\n<div id=\"suchwidgetErgebnisliste\">\u00a0<\/div>\n<div id=\"StellenanzeigenSuchwidget\" tabindex=\"-1\">\u00a0<\/div>\n<p><script>\n  var config = {\n    apiKey : 'FBEB08FBC7BB75349E26C51C530F79BF',\n    resultsPerPage : 3,\n    searchRadius : 60,\n    fulltext : 'Hauswirtschafter',\n    city : null,\n    category : null,\n    subCategories : null\n  };\n<\/script><script type=\"text\/javascript\" src=\"https:\/\/app.stellenanzeigen.de\/widget\/init.js\"><\/script><\/p>\n<hr \/>\n<h2><span class=\"ez-toc-section\" id=\"Vorbereitung_auf_das_Vorstellungsgespraech\"><\/span>Vorbereitung auf das Vorstellungsgespr\u00e4ch<span class=\"ez-toc-section-end\"><\/span><\/h2>\n<p>Hauswirtschafter\/innen sind vor allem f\u00fcr den <strong>Haushalts- bzw. Servicebereich<\/strong> zust\u00e4ndig. Bei deinem potenziellen, neuen Arbeitsplatz wird also viel Wert auf deine F\u00e4higkeiten in den Bereichen Reinigung, Kochen und Haushalt gelegt werden. Wie putzt du? Kannst du kochen? Kannst du Tische professionell eindecken? Das sind grundlegende F\u00e4higkeiten, die du in diesem Berufsfeld auf jeden Fall beherrschen solltest.<\/p>\n<p>Um dich auf das Gespr\u00e4ch mit dem Personaler vorzubereiten, ist es wichtig, <strong>dass du dir deine wichtigsten Fragen an das Unternehmen notierst.<\/strong> Denn wie in jedem Bewerbungsgespr\u00e4ch werden auch dir einige Fragen vom Arbeitgeber gestellt. So lernt der Personaler dich kennen und du erf\u00e4hrst etwas \u00fcber den ausgeschriebenen Arbeitsplatz.<\/p>\n<h2><span class=\"ez-toc-section\" id=\"Fragen_und_Antwortmoeglichkeiten_im_Vorstellungsgespraech\"><\/span>Fragen und Antwortm\u00f6glichkeiten im Vorstellungsgespr\u00e4ch<span class=\"ez-toc-section-end\"><\/span><\/h2>\n<p>W\u00e4hrend des Bewerbungsgespr\u00e4chs kann es sein, dass dir der Personaler auch ein paar kleine Fallen stellt, <strong>um etwas \u00fcber dich anhand deiner Reaktion herauszufinden.<\/strong> Ein Beispiel hierf\u00fcr k\u00f6nnen bestimmte Fragen sein, die dir im Verlauf des Gespr\u00e4chs gestellt werden.<br \/>Oftmals gibt es dann gar keine richtigen oder falschen Antworten, nur eben passende und unpassende, oder geeignete und ungeeignete. Deshalb ist es wichtig, dass du dir \u00fcberlegst, welche Fragen gestellt werden k\u00f6nnten und was du darauf antworten w\u00fcrdest. <strong>Du sollst dir nur Gedanken machen, nicht irgendetwas einstudieren!<\/strong> Diese \u00dcbung hat den Sinn, dass du dich mit einem positiven und sicheren Gef\u00fchl bei deinem potenziellen Arbeitgeber vorstellst.<\/p>\n<p><strong>Grunds\u00e4tzlich gilt f\u00fcr deine Antworten:<\/strong><\/p>\n<ul>\n<li>Bilde kurze S\u00e4tze.<\/li>\n<li>Achte darauf, nicht zu nuscheln oder zu schnell zu sprechen.<\/li>\n<li>Sei ehrlich!<\/li>\n<li>Antworte ohne lange nachzudenken.<\/li>\n<\/ul>\n<p>Wir haben f\u00fcr dich ein paar der h\u00e4ufigsten Fragen im Vorstellungsgespr\u00e4ch zusammengestellt:<\/p>\n<p><strong>1. \u201eWas zeichnet Sie aus?\u201c<\/strong><\/p>\n<p><strong>Hier sollst du die Eigenschaften nennen, die deine Pers\u00f6nlichkeit ausmachen.<\/strong> Der Arbeitgeber m\u00f6chte sehen, mit welcher Einstellung du Dinge angehst. Mit Motivation, Ehrgeiz und Verantwortungsbewusstsein? Dann w\u00fcrde das durchaus einen positiven Eindruck hinterlassen. Antriebslos, respektlos und unzuverl\u00e4ssig w\u00fcrden dich hingegen selbsterkl\u00e4rend ins Aus schie\u00dfen.<\/p>\n<p><strong>2. \u201eWenn Sie eine Sache an sich \u00e4ndern k\u00f6nnten, was w\u00e4re das?&#8220;<\/strong><\/p>\n<p>Hier wird besonders darauf geachtet, was du sagst. Denn was du \u00fcber dich selbst preisgibst, wenn du diese Frage beantwortest, ist nichts Geringeres als deine gr\u00f6\u00dfte Macke. <strong>Also antworte mit Bedacht.<\/strong> Am harmlosesten w\u00e4ren Eigenschaften wie beispielsweise Lampenfieber. Wenn du dann noch erkl\u00e4rst, dass du bereits daran arbeitest, wird selbst eine negative Botschaft in ein positiveres Licht gestellt.<\/p>\n<p><strong>3. \u201eBeschreiben Sie sich mit drei Worten.\u201c<\/strong><\/p>\n<p>Hier ist Vorsicht geboten. Diese Frage soll dem Personaler deine Pers\u00f6nlichkeit offenbaren, oder jedenfalls typische Merkmale davon. <strong>Also \u00fcberlege dir im Hinterkopf schon einmal ein paar Merkmale, die dich ausmachen.<\/strong> Dazu notierst du dir noch passende Erkl\u00e4rungen, falls der Personaler deine Antworten hinterfragt.<\/p>\n\n\n<div class=\"wp-block-group alignwide\" id=\"pdf-download\"><div class=\"wp-block-group__inner-container is-layout-flow\">\n<div class=\"wp-block-columns pdf-download is-layout-flex wp-container-8\">\n<div class=\"wp-block-column pdf-thumbnail is-layout-flow\" style=\"flex-basis:35%\">\n<figure class=\"wp-block-image size-large\"><img decoding=\"async\" loading=\"lazy\" width=\"300\" height=\"424\" src=\"https:\/\/www.stellenanzeigen.de\/careeasy\/wp-content\/uploads\/2020\/06\/Bewerbungsvorlage-Hauswirtschafterin-pdf-image.jpg\" alt=\"Bewerbungsvorlage Hauswirtschafter\/in\" class=\"wp-image-85985\"\/><\/figure>\n<\/div>\n\n\n\n<div class=\"wp-block-column subscribe-box is-layout-flow\" style=\"flex-basis:65%\">\n\t\t\t\n\t\t\t<form id=\"sib_signup_form_25\" method=\"post\" class=\"sib_signup_form\">\n\t\t\t\t<div class=\"sib_loader\" style=\"display:none;\"><img\n\t\t\t\t\t\t\tsrc=\"https:\/\/www.stellenanzeigen.de\/careeasy\/wp-includes\/images\/spinner.gif\" alt=\"loader\"><\/div>\n\t\t\t\t<input type=\"hidden\" name=\"sib_form_action\" value=\"subscribe_form_submit\">\n\t\t\t\t<input type=\"hidden\" name=\"sib_form_id\" value=\"25\">\n                <input type=\"hidden\" name=\"sib_form_alert_notice\" value=\"Bitte f\u00fclle das Feld aus\">\n                <input type=\"hidden\" name=\"sib_form_invalid_email_notice\" value=\"Deine E-Mail Adresse ist ung\u00fcltig\">\n                <input type=\"hidden\" name=\"sib_security\" value=\"645d68921c\">\n\t\t\t\t<div class=\"sib_signup_box_inside_25\">\n\t\t\t\t\t<div style=\"\/*display:none*\/\" class=\"sib_msg_disp\">\n\t\t\t\t\t<\/div>\n                    \t\t\t\t\t<p style=\"font-size:21px;text-align:left;font-family: 'Helvetica',sans-serif;color:#2b85b9;background-color:transparent\"><strong>Jetzt Bewerbungsvorlage als Hauswirtschafter\/in anfordern und f\u00fcr den Newsletter anmelden<\/strong><\/p>\r\n<p class=\"sib-email-area\">\r\n    <label>E-Mail-Adresse <span style=\"color: red\">*<\/span><\/label>\r\n    <input type=\"email\" class=\"sib-email-area\" name=\"email\" required=\"required\" placeholder=\"E-Mail-Adresse\">\r\n<\/p>\r\n<p class=\"sib-terms\"><input type=\"checkbox\" name=\"terms\" required=\"required\"><label>Ich bin damit einverstanden, dass meine E-Mailadresse f\u00fcr Werbezwecke per Newsletter genutzt wird und akzeptiere die <a href=\"https:\/\/www.stellenanzeigen.de\/arbeitgeber\/datenschutzerklaerung\/\">Datenschutzerkl\u00e4rung <span style=\"color: red\">*<\/span><\/a><\/label><\/p>\r\n<p style=\"font-size:12px;text-align:left;font-family: 'Helvetica',sans-serif;color:#8390A4\">Du kannst den Newsletter jederzeit \u00fcber den Abmeldelink in der Fu\u00dfzeile unserer E-Mails abbestellen.<\/p>\r\n<input type=\"submit\" class=\"sib-default-btn\" value=\"Bewerbungsvorlage anfordern\">\t\t\t\t<\/div>\n\t\t\t<\/form>\n\t\t\t<style>\n\t\t\t\tform#sib_signup_form_25 p.sib-alert-message {\n    padding: 6px 12px;\n    margin-bottom: 20px;\n    border: 1px solid transparent;\n    border-radius: 4px;\n    -webkit-box-sizing: border-box;\n    -moz-box-sizing: border-box;\n    box-sizing: border-box;\n}\nform#sib_signup_form_25 p.sib-alert-message-error {\n    background-color: #f2dede;\n    border-color: #ebccd1;\n    color: #a94442;\n}\nform#sib_signup_form_25 p.sib-alert-message-success {\n    background-color: #dff0d8;\n    border-color: #d6e9c6;\n    color: #3c763d;\n}\nform#sib_signup_form_25 p.sib-alert-message-warning {\n    background-color: #fcf8e3;\n    border-color: #faebcc;\n    color: #8a6d3b;\n}\n\t\t\t<\/style>\n\t\t\t\n<\/div>\n<\/div>\n<\/div><\/div>\n","protected":false},"excerpt":{"rendered":"<p>&nbsp; Die richtigen Worte finden sich manchmal schwerer, als einem lieb ist. Deshalb unterst\u00fctzen wir dich bei deinem Anschreiben mit einer Bewerbungsvorlage zum Berufsfeld&#8230;<\/p>\n","protected":false},"author":101,"featured_media":0,"parent":14008,"menu_order":0,"comment_status":"closed","ping_status":"closed","template":"","meta":{"_uag_custom_page_level_css":""},"categories":[],"tags":[],"yoast_head":"<!-- This site is optimized with the Yoast SEO plugin v20.7 - https:\/\/yoast.com\/wordpress\/plugins\/seo\/ -->\n<title>Bewerbungsvorlage Hauswirtschafter\/in : Bewerbungsmuster<\/title>\n<meta name=\"description\" content=\"Bewerbungsvorlage zum &quot;Hauswirtschafter\/in&quot;: Auf www.stellenanzeigen.de hast du die M\u00f6glichkeit, dir diese Musterbewerbung kostenlos herunterzuladen.\" \/>\n<meta name=\"robots\" content=\"index, follow, max-snippet:-1, max-image-preview:large, max-video-preview:-1\" \/>\n<link rel=\"canonical\" href=\"https:\/\/www.stellenanzeigen.de\/careeasy\/bewerbung\/bewerbungsvorlage-hauswirtschafter-in\/\" \/>\n<meta property=\"og:locale\" content=\"de_DE\" \/>\n<meta property=\"og:type\" content=\"article\" \/>\n<meta property=\"og:title\" content=\"Bewerbungsvorlage Hauswirtschafter\/in : Bewerbungsmuster\" \/>\n<meta property=\"og:description\" content=\"Bewerbungsvorlage zum &quot;Hauswirtschafter\/in&quot;: Auf www.stellenanzeigen.de hast du die M\u00f6glichkeit, dir diese Musterbewerbung kostenlos herunterzuladen.\" \/>\n<meta property=\"og:url\" content=\"https:\/\/www.stellenanzeigen.de\/careeasy\/bewerbung\/bewerbungsvorlage-hauswirtschafter-in\/\" \/>\n<meta property=\"og:site_name\" content=\"careeasy - Dein Karrieremagazin\" \/>\n<meta property=\"article:publisher\" content=\"https:\/\/www.facebook.com\/stellenanzeigen.de\/\" \/>\n<meta property=\"article:modified_time\" content=\"2023-10-06T08:58:54+00:00\" \/>\n<meta property=\"og:image\" content=\"https:\/\/www.stellenanzeigen.de\/careeasy\/wp-content\/uploads\/2020\/06\/iStock-469291156_Szepy-978x689.jpg\" \/>\n<meta name=\"twitter:label1\" content=\"Gesch\u00e4tzte Lesezeit\" \/>\n\t<meta name=\"twitter:data1\" content=\"3 Minuten\" \/>\n<script type=\"application\/ld+json\" class=\"yoast-schema-graph\">{\"@context\":\"https:\/\/schema.org\",\"@graph\":[{\"@type\":\"WebPage\",\"@id\":\"https:\/\/www.stellenanzeigen.de\/careeasy\/bewerbung\/bewerbungsvorlage-hauswirtschafter-in\/\",\"url\":\"https:\/\/www.stellenanzeigen.de\/careeasy\/bewerbung\/bewerbungsvorlage-hauswirtschafter-in\/\",\"name\":\"Bewerbungsvorlage Hauswirtschafter\/in : Bewerbungsmuster\",\"isPartOf\":{\"@id\":\"https:\/\/www.stellenanzeigen.de\/careeasy\/#website\"},\"datePublished\":\"2020-06-29T09:23:40+00:00\",\"dateModified\":\"2023-10-06T08:58:54+00:00\",\"description\":\"Bewerbungsvorlage zum \\\"Hauswirtschafter\/in\\\": Auf www.stellenanzeigen.de hast du die M\u00f6glichkeit, dir diese Musterbewerbung kostenlos herunterzuladen.\",\"breadcrumb\":{\"@id\":\"https:\/\/www.stellenanzeigen.de\/careeasy\/bewerbung\/bewerbungsvorlage-hauswirtschafter-in\/#breadcrumb\"},\"inLanguage\":\"de-DE\",\"potentialAction\":[{\"@type\":\"ReadAction\",\"target\":[\"https:\/\/www.stellenanzeigen.de\/careeasy\/bewerbung\/bewerbungsvorlage-hauswirtschafter-in\/\"]}]},{\"@type\":\"BreadcrumbList\",\"@id\":\"https:\/\/www.stellenanzeigen.de\/careeasy\/bewerbung\/bewerbungsvorlage-hauswirtschafter-in\/#breadcrumb\",\"itemListElement\":[{\"@type\":\"ListItem\",\"position\":1,\"name\":\"Careeasy\",\"item\":\"https:\/\/www.stellenanzeigen.de\/careeasy\/\"},{\"@type\":\"ListItem\",\"position\":2,\"name\":\"Bewerbungsvorlagen &#038; Bewerbungsmuster\",\"item\":\"https:\/\/www.stellenanzeigen.de\/careeasy\/bewerbung\/\"},{\"@type\":\"ListItem\",\"position\":3,\"name\":\"Bewerbungsvorlage Hauswirtschafter\/in\"}]},{\"@type\":\"WebSite\",\"@id\":\"https:\/\/www.stellenanzeigen.de\/careeasy\/#website\",\"url\":\"https:\/\/www.stellenanzeigen.de\/careeasy\/\",\"name\":\"careeasy - Dein Karrieremagazin\",\"description\":\"\",\"publisher\":{\"@id\":\"https:\/\/www.stellenanzeigen.de\/careeasy\/#organization\"},\"potentialAction\":[{\"@type\":\"SearchAction\",\"target\":{\"@type\":\"EntryPoint\",\"urlTemplate\":\"https:\/\/www.stellenanzeigen.de\/careeasy\/?s={search_term_string}\"},\"query-input\":\"required name=search_term_string\"}],\"inLanguage\":\"de-DE\"},{\"@type\":\"Organization\",\"@id\":\"https:\/\/www.stellenanzeigen.de\/careeasy\/#organization\",\"name\":\"careeasy - Dein Karrieremagazin\",\"url\":\"https:\/\/www.stellenanzeigen.de\/careeasy\/\",\"logo\":{\"@type\":\"ImageObject\",\"inLanguage\":\"de-DE\",\"@id\":\"https:\/\/www.stellenanzeigen.de\/careeasy\/#\/schema\/logo\/image\/\",\"url\":\"https:\/\/www.stellenanzeigen.de\/careeasy\/wp-content\/uploads\/2024\/03\/careeasy_logo.jpg\",\"contentUrl\":\"https:\/\/www.stellenanzeigen.de\/careeasy\/wp-content\/uploads\/2024\/03\/careeasy_logo.jpg\",\"width\":701,\"height\":223,\"caption\":\"careeasy - Dein Karrieremagazin\"},\"image\":{\"@id\":\"https:\/\/www.stellenanzeigen.de\/careeasy\/#\/schema\/logo\/image\/\"},\"sameAs\":[\"https:\/\/www.facebook.com\/stellenanzeigen.de\/\"]}]}<\/script>\n<!-- \/ Yoast SEO plugin. -->","yoast_head_json":{"title":"Bewerbungsvorlage Hauswirtschafter\/in : Bewerbungsmuster","description":"Bewerbungsvorlage zum \"Hauswirtschafter\/in\": Auf www.stellenanzeigen.de hast du die M\u00f6glichkeit, dir diese Musterbewerbung kostenlos herunterzuladen.","robots":{"index":"index","follow":"follow","max-snippet":"max-snippet:-1","max-image-preview":"max-image-preview:large","max-video-preview":"max-video-preview:-1"},"canonical":"https:\/\/www.stellenanzeigen.de\/careeasy\/bewerbung\/bewerbungsvorlage-hauswirtschafter-in\/","og_locale":"de_DE","og_type":"article","og_title":"Bewerbungsvorlage Hauswirtschafter\/in : Bewerbungsmuster","og_description":"Bewerbungsvorlage zum \"Hauswirtschafter\/in\": Auf www.stellenanzeigen.de hast du die M\u00f6glichkeit, dir diese Musterbewerbung kostenlos herunterzuladen.","og_url":"https:\/\/www.stellenanzeigen.de\/careeasy\/bewerbung\/bewerbungsvorlage-hauswirtschafter-in\/","og_site_name":"careeasy - Dein Karrieremagazin","article_publisher":"https:\/\/www.facebook.com\/stellenanzeigen.de\/","article_modified_time":"2023-10-06T08:58:54+00:00","og_image":[{"url":"https:\/\/www.stellenanzeigen.de\/careeasy\/wp-content\/uploads\/2020\/06\/iStock-469291156_Szepy-978x689.jpg"}],"twitter_misc":{"Gesch\u00e4tzte Lesezeit":"3 Minuten"},"schema":{"@context":"https:\/\/schema.org","@graph":[{"@type":"WebPage","@id":"https:\/\/www.stellenanzeigen.de\/careeasy\/bewerbung\/bewerbungsvorlage-hauswirtschafter-in\/","url":"https:\/\/www.stellenanzeigen.de\/careeasy\/bewerbung\/bewerbungsvorlage-hauswirtschafter-in\/","name":"Bewerbungsvorlage Hauswirtschafter\/in : Bewerbungsmuster","isPartOf":{"@id":"https:\/\/www.stellenanzeigen.de\/careeasy\/#website"},"datePublished":"2020-06-29T09:23:40+00:00","dateModified":"2023-10-06T08:58:54+00:00","description":"Bewerbungsvorlage zum \"Hauswirtschafter\/in\": Auf www.stellenanzeigen.de hast du die M\u00f6glichkeit, dir diese Musterbewerbung kostenlos herunterzuladen.","breadcrumb":{"@id":"https:\/\/www.stellenanzeigen.de\/careeasy\/bewerbung\/bewerbungsvorlage-hauswirtschafter-in\/#breadcrumb"},"inLanguage":"de-DE","potentialAction":[{"@type":"ReadAction","target":["https:\/\/www.stellenanzeigen.de\/careeasy\/bewerbung\/bewerbungsvorlage-hauswirtschafter-in\/"]}]},{"@type":"BreadcrumbList","@id":"https:\/\/www.stellenanzeigen.de\/careeasy\/bewerbung\/bewerbungsvorlage-hauswirtschafter-in\/#breadcrumb","itemListElement":[{"@type":"ListItem","position":1,"name":"Careeasy","item":"https:\/\/www.stellenanzeigen.de\/careeasy\/"},{"@type":"ListItem","position":2,"name":"Bewerbungsvorlagen &#038; Bewerbungsmuster","item":"https:\/\/www.stellenanzeigen.de\/careeasy\/bewerbung\/"},{"@type":"ListItem","position":3,"name":"Bewerbungsvorlage Hauswirtschafter\/in"}]},{"@type":"WebSite","@id":"https:\/\/www.stellenanzeigen.de\/careeasy\/#website","url":"https:\/\/www.stellenanzeigen.de\/careeasy\/","name":"careeasy - Dein Karrieremagazin","description":"","publisher":{"@id":"https:\/\/www.stellenanzeigen.de\/careeasy\/#organization"},"potentialAction":[{"@type":"SearchAction","target":{"@type":"EntryPoint","urlTemplate":"https:\/\/www.stellenanzeigen.de\/careeasy\/?s={search_term_string}"},"query-input":"required name=search_term_string"}],"inLanguage":"de-DE"},{"@type":"Organization","@id":"https:\/\/www.stellenanzeigen.de\/careeasy\/#organization","name":"careeasy - Dein Karrieremagazin","url":"https:\/\/www.stellenanzeigen.de\/careeasy\/","logo":{"@type":"ImageObject","inLanguage":"de-DE","@id":"https:\/\/www.stellenanzeigen.de\/careeasy\/#\/schema\/logo\/image\/","url":"https:\/\/www.stellenanzeigen.de\/careeasy\/wp-content\/uploads\/2024\/03\/careeasy_logo.jpg","contentUrl":"https:\/\/www.stellenanzeigen.de\/careeasy\/wp-content\/uploads\/2024\/03\/careeasy_logo.jpg","width":701,"height":223,"caption":"careeasy - Dein Karrieremagazin"},"image":{"@id":"https:\/\/www.stellenanzeigen.de\/careeasy\/#\/schema\/logo\/image\/"},"sameAs":["https:\/\/www.facebook.com\/stellenanzeigen.de\/"]}]}},"uagb_featured_image_src":{"full":false,"thumbnail":false,"medium":false,"medium_large":false,"large":false,"1536x1536":false,"2048x2048":false,"neomag-medium":false,"neomag-big":false,"neomag-large":false,"neomag-huge":false},"uagb_author_info":{"display_name":"Veronika Schleicher","author_link":"https:\/\/www.stellenanzeigen.de\/careeasy\/author\/veronika\/"},"uagb_comment_info":0,"uagb_excerpt":"&nbsp; Die richtigen Worte finden sich manchmal schwerer, als einem lieb ist. Deshalb unterst\u00fctzen wir dich bei deinem Anschreiben mit einer Bewerbungsvorlage zum Berufsfeld...","_links":{"self":[{"href":"https:\/\/www.stellenanzeigen.de\/careeasy\/wp-json\/wp\/v2\/pages\/85948"}],"collection":[{"href":"https:\/\/www.stellenanzeigen.de\/careeasy\/wp-json\/wp\/v2\/pages"}],"about":[{"href":"https:\/\/www.stellenanzeigen.de\/careeasy\/wp-json\/wp\/v2\/types\/page"}],"author":[{"embeddable":true,"href":"https:\/\/www.stellenanzeigen.de\/careeasy\/wp-json\/wp\/v2\/users\/101"}],"replies":[{"embeddable":true,"href":"https:\/\/www.stellenanzeigen.de\/careeasy\/wp-json\/wp\/v2\/comments?post=85948"}],"version-history":[{"count":10,"href":"https:\/\/www.stellenanzeigen.de\/careeasy\/wp-json\/wp\/v2\/pages\/85948\/revisions"}],"predecessor-version":[{"id":112964,"href":"https:\/\/www.stellenanzeigen.de\/careeasy\/wp-json\/wp\/v2\/pages\/85948\/revisions\/112964"}],"up":[{"embeddable":true,"href":"https:\/\/www.stellenanzeigen.de\/careeasy\/wp-json\/wp\/v2\/pages\/14008"}],"wp:attachment":[{"href":"https:\/\/www.stellenanzeigen.de\/careeasy\/wp-json\/wp\/v2\/media?parent=85948"}],"wp:term":[{"taxonomy":"category","embeddable":true,"href":"https:\/\/www.stellenanzeigen.de\/careeasy\/wp-json\/wp\/v2\/categories?post=85948"},{"taxonomy":"post_tag","embeddable":true,"href":"https:\/\/www.stellenanzeigen.de\/careeasy\/wp-json\/wp\/v2\/tags?post=85948"}],"curies":[{"name":"wp","href":"https:\/\/api.w.org\/{rel}","templated":true}]}}