{"id":85931,"date":"2020-06-29T08:39:15","date_gmt":"2020-06-29T08:39:15","guid":{"rendered":"https:\/\/www.stellenanzeigen.de\/careeasy\/?page_id=85931"},"modified":"2023-10-06T10:58:53","modified_gmt":"2023-10-06T08:58:53","slug":"bewerbungsvorlage-softwareentwickler-in","status":"publish","type":"page","link":"https:\/\/www.stellenanzeigen.de\/careeasy\/bewerbung\/bewerbungsvorlage-softwareentwickler-in\/","title":{"rendered":"Bewerbungsvorlage Softwareentwickler\/in"},"content":{"rendered":"\n<figure class=\"wp-block-image alignwide size-medium wp-image-85935\"><img decoding=\"async\" loading=\"lazy\" width=\"978\" height=\"653\" src=\"https:\/\/www.stellenanzeigen.de\/careeasy\/wp-content\/uploads\/2020\/06\/iStock-1179581978_Antonio_Diaz-978x653.jpg\" alt=\"Bewerbungsvorlage Softwareentwickler\" class=\"wp-image-85935\" srcset=\"https:\/\/www.stellenanzeigen.de\/careeasy\/wp-content\/uploads\/2020\/06\/iStock-1179581978_Antonio_Diaz-978x652.jpg 978w, https:\/\/www.stellenanzeigen.de\/careeasy\/wp-content\/uploads\/2020\/06\/iStock-1179581978_Antonio_Diaz-768x512.jpg 768w, https:\/\/www.stellenanzeigen.de\/careeasy\/wp-content\/uploads\/2020\/06\/iStock-1179581978_Antonio_Diaz-272x182.jpg 272w, https:\/\/www.stellenanzeigen.de\/careeasy\/wp-content\/uploads\/2020\/06\/iStock-1179581978_Antonio_Diaz.jpg 1253w\" sizes=\"(max-width: 978px) 100vw, 978px\" \/><figcaption>Bewerbungsvorlage Softwareentwickler &#8211; Copyright: Antonio_Diaz<\/figcaption><\/figure>\n\n\n\n<div class=\"wp-block-columns alignwide pdf-teaser is-layout-flex wp-container-5\">\n<div class=\"wp-block-column pdf-thumbnail is-layout-flow\" style=\"flex-basis:35%\">\n<div class=\"wp-block-image\"><figure class=\"aligncenter size-large\"><img decoding=\"async\" loading=\"lazy\" width=\"300\" height=\"424\" src=\"https:\/\/www.stellenanzeigen.de\/careeasy\/wp-content\/uploads\/2020\/06\/Bewerbungsvorlage-Softwareentwickler-pdf-image.jpg\" alt=\"Bewerbungsvorlage Softwareentwickler\" class=\"wp-image-85986\"\/><\/figure><\/div>\n<\/div>\n\n\n\n<div class=\"wp-block-column teaser-box is-layout-flow\" style=\"flex-basis:65%\">\n<p>Falls dir das Schreiben etwas schwer f\u00e4llt, findest du mit uns eine gute Begleitung w\u00e4hrend des Bewerbungsverfahrens. Wir unterst\u00fctzen dich beim Verfassen des Bewerbungsschreibens, geben dir Tipps f\u00fcr das Vorstellungsgespr\u00e4ch und bereiten dich auf den gro\u00dfen Tag vor. Auf <strong>www.stellenanzeigen.de<\/strong> findest du zus\u00e4tzlich eine <strong>kostenlose Musterbewerbung als Softwareentwickler\/in,<\/strong> die du dir kostenlos herunterladen kannst.<\/p><div id=\"ez-toc-container\" class=\"ez-toc-v2_0_62 counter-hierarchy ez-toc-counter ez-toc-grey ez-toc-container-direction\">\n<div class=\"ez-toc-title-container\">\n<p class=\"ez-toc-title \" >Inhaltsverzeichnis<\/p>\n<span class=\"ez-toc-title-toggle\"><\/span><\/div>\n<nav><ul class='ez-toc-list ez-toc-list-level-1 ' ><li class='ez-toc-page-1 ez-toc-heading-level-2'><a class=\"ez-toc-link ez-toc-heading-1\" href=\"https:\/\/www.stellenanzeigen.de\/careeasy\/bewerbung\/bewerbungsvorlage-softwareentwickler-in\/#Bestandteile_der_Musterbewerbung_%E2%80%9ESoftwareentwicklerin%E2%80%9C\" title=\"Bestandteile der Musterbewerbung \u201eSoftwareentwickler\/in&#8220;\">Bestandteile der Musterbewerbung \u201eSoftwareentwickler\/in&#8220;<\/a><\/li><li class='ez-toc-page-1 ez-toc-heading-level-2'><a class=\"ez-toc-link ez-toc-heading-2\" href=\"https:\/\/www.stellenanzeigen.de\/careeasy\/bewerbung\/bewerbungsvorlage-softwareentwickler-in\/#Aktuelle_Stellenangebote_fuer_Softwareentwickler\" title=\"Aktuelle Stellenangebote f\u00fcr Softwareentwickler\">Aktuelle Stellenangebote f\u00fcr Softwareentwickler<\/a><\/li><li class='ez-toc-page-1 ez-toc-heading-level-2'><a class=\"ez-toc-link ez-toc-heading-3\" href=\"https:\/\/www.stellenanzeigen.de\/careeasy\/bewerbung\/bewerbungsvorlage-softwareentwickler-in\/#Vorbereitung_auf_das_Vorstellungsgespraech\" title=\"Vorbereitung auf das Vorstellungsgespr\u00e4ch\">Vorbereitung auf das Vorstellungsgespr\u00e4ch<\/a><\/li><li class='ez-toc-page-1 ez-toc-heading-level-2'><a class=\"ez-toc-link ez-toc-heading-4\" href=\"https:\/\/www.stellenanzeigen.de\/careeasy\/bewerbung\/bewerbungsvorlage-softwareentwickler-in\/#Fragen_und_Antwortmoeglichkeiten_im_Vorstellungsgespraech\" title=\"Fragen und Antwortm\u00f6glichkeiten im Vorstellungsgespr\u00e4ch\">Fragen und Antwortm\u00f6glichkeiten im Vorstellungsgespr\u00e4ch<\/a><\/li><\/ul><\/nav><\/div>\n\n\n\n\n<div class=\"wp-block-buttons is-layout-flex\">\n<div class=\"wp-block-button\"><a class=\"wp-block-button__link has-background no-border-radius\" href=\"https:\/\/www.stellenanzeigen.de\/careeasy\/bewerbung\/bewerbungsvorlage-softwareentwickler-in\/#pdf-download\" style=\"background-color:#2b85b9\">Vorlage Anfordern<\/a><\/div>\n<\/div>\n<\/div>\n<\/div>\n\n\n<div class=\"mceTemp\">&nbsp;<\/div>\n<h2><span class=\"ez-toc-section\" id=\"Bestandteile_der_Musterbewerbung_%E2%80%9ESoftwareentwicklerin%E2%80%9C\"><\/span>Bestandteile der Musterbewerbung \u201eSoftwareentwickler\/in&#8220;<span class=\"ez-toc-section-end\"><\/span><\/h2>\n<p>Ein freundliches Titelblatt als Einf\u00fchrung in deine Bewerbungsmappe? Es ist dir \u00fcberlassen, ob du <strong>ein Deckblatt in deine Bewerbung<\/strong> einf\u00fcgst. F\u00fcr deine Bewerbung als Softwareentwickler\/in ben\u00f6tigst du dein Anschreiben, einen tabellarischen <a class=\"wpil_keyword_link\" href=\"https:\/\/www.stellenanzeigen.de\/careeasy\/lebenslauf-vorlagen-sde106864\/\"   title=\"Lebenslauf\" data-wpil-keyword-link=\"linked\">Lebenslauf<\/a> und deine Zeugnisse und Referenzen.<br>Dein Lebenslauf sollte <strong>eine ordentliche und nachvollziehbare Struktur<\/strong> aufweisen. Da dein Personaler mit dem Lebenslauf bereits \u00fcber deine Eignung entscheiden kann, solltest du vorhandene L\u00fccken versuchen zu erkl\u00e4ren, wenn n\u00f6tig. Am besten h\u00e4ltst du eine passende Antwort parat. Deine Nachweise und Zeugnisse belegen, was du bisher beruflich gesehen geleistet hast. Und dein Anschreiben ist<strong> deine Chance, dich in ein gutes Licht zu r\u00fccken<\/strong> und deine pers\u00f6nlichen St\u00e4rken bereits in deiner Bewerbung zu betonen.<\/p>\n<h2><span class=\"ez-toc-section\" id=\"Aktuelle_Stellenangebote_fuer_Softwareentwickler\"><\/span><a href=\"https:\/\/www.stellenanzeigen.de\/jobs\/softwareentwickler-in\/\" target=\"_blank\" rel=\"noopener noreferrer\">Aktuelle Stellenangebote f\u00fcr Softwareentwickler<\/a><span class=\"ez-toc-section-end\"><\/span><\/h2>\n<hr>\n<div id=\"suchwidgetErgebnisliste\">&nbsp;<\/div>\n<div id=\"StellenanzeigenSuchwidget\" tabindex=\"-1\">&nbsp;<\/div>\n<script>\n  var config = {\n    apiKey : 'FBEB08FBC7BB75349E26C51C530F79BF',\n    resultsPerPage : 3,\n    searchRadius : 60,\n    fulltext : 'Softwareentwickler',\n    city : null,\n    category : null,\n    subCategories : null\n  };\n<\/script><script type=\"text\/javascript\" src=\"https:\/\/app.stellenanzeigen.de\/widget\/init.js\"><\/script>\n<hr>\n<h2><span class=\"ez-toc-section\" id=\"Vorbereitung_auf_das_Vorstellungsgespraech\"><\/span>Vorbereitung auf das Vorstellungsgespr\u00e4ch<span class=\"ez-toc-section-end\"><\/span><\/h2>\n<p>Hast du bereits eine positive R\u00fcckmeldung und somit eine Einladung zum Vorstellungsgespr\u00e4ch erhalten? Dann bereite dich <strong>ruhig und entspannt<\/strong> auf das baldige Kennenlernen vor. Notiere dir, was du \u00fcber deine bisherige Laufbahn, deine Erfahrungen und pers\u00f6nlichen Kompetenzen preisgeben willst und welche Fragen du an die neue Arbeitsstelle hast.<br><strong>Ein schlichtes, angenehmes Auftreten mit legerer Kleidung und wenig Make-up<\/strong> sollte dem Personaler ein positives Erscheinungsbild geben. Je mehr du du selbst bist, desto sympathischer trittst du auf.<\/p>\n<h2><span class=\"ez-toc-section\" id=\"Fragen_und_Antwortmoeglichkeiten_im_Vorstellungsgespraech\"><\/span>Fragen und Antwortm\u00f6glichkeiten im Vorstellungsgespr\u00e4ch<span class=\"ez-toc-section-end\"><\/span><\/h2>\n<p>Wenn dir w\u00e4hrend der Vorbereitung keine Fragen in den Sinn kommen sollten, halte dich einfach an unsere <strong>Beispielfragen.<\/strong> Wir haben ein paar der meist gew\u00e4hltesten Fragen in Bewerbungsgespr\u00e4chen ausgesucht und hier f\u00fcr dich aufgelistet.<\/p>\n<p><strong>1. \u201eSind Sie zeitlich flexibel und mobil?&#8220;<\/strong><\/p>\n<p>Logisch, dass ein Arbeitgeber auf wirtschaftlichen Mehrwert achtet, wenn er neue Mitarbeiter sucht. <strong>Also kommt es immer gut an, wenn du zeitlich nicht angebunden bist,<\/strong> sondern zur Not auch Schichtarbeit oder Doppelschichten arbeiten oder mal spontan einspringen k\u00f6nntest. Personaler wissen es oft auch zu sch\u00e4tzen, wenn du simpel von A nach B kommst und nicht gef\u00e4hrdet bist, h\u00e4ufig zu sp\u00e4t zu kommen. Trotzdem solltest du lieber versuchen, mit ehrlichen Antworten weiterzukommen, als durch Notl\u00fcgen direkt anfangs schon eine unehrliche Vertrauensbasis aufzubauen.<\/p>\n<p><strong>2. &#8222;Warum haben Sie so lange studiert?&#8220;<\/strong><\/p>\n<p>Bei vielen Absolventen ist bereits im Lebenslauf ersichtlich, dass sie l\u00e4nger als \u00fcblich studiert haben. Da stellt sich die Frage, ob und wie man diese Verz\u00f6gerungen im Studium begr\u00fcnden soll. <strong>Deshalb lass dich nicht unvorbereitet von der Frage \u00fcberrollen.<\/strong> Falls du davon betroffen sein solltest, \u00fcberlege dir, wie du deinen Lebenslauf logisch erkl\u00e4rst, sodass peinliche Momente gar nicht erst entstehen k\u00f6nnen.<\/p>\n<p><strong>3. &#8222;Wie sch\u00e4tzen Sie Ihre Leistung im Vorstellungsgespr\u00e4ch bisher ein?&#8220;<\/strong><\/p>\n<p>Lass dich hier bitte nicht aus der Bahn bringen! Dem Personaler geht es in dieser Frage um deine Selbsteinsch\u00e4tzung. <strong>Bist du f\u00e4hig dazu, deine Fehler selbst zu reflektieren?<\/strong> Das bedeutet, Macken zu erkennen, mit dem Ziel, daran zu arbeiten. Du solltest auch \u00fcberhaupt nicht viel \u00fcber vorangegangene Vorstellungsgespr\u00e4che erz\u00e4hlen, da du ja in erster Linie dein ernsthaftes Interesse an diesem Arbeitsplatz bekunden m\u00f6chtest.<\/p>\n\n\n<div class=\"wp-block-group alignwide\" id=\"pdf-download\"><div class=\"wp-block-group__inner-container is-layout-flow\">\n<div class=\"wp-block-columns pdf-download is-layout-flex wp-container-8\">\n<div class=\"wp-block-column pdf-thumbnail is-layout-flow\" style=\"flex-basis:35%\">\n<figure class=\"wp-block-image size-large\"><img decoding=\"async\" loading=\"lazy\" width=\"300\" height=\"424\" src=\"https:\/\/www.stellenanzeigen.de\/careeasy\/wp-content\/uploads\/2020\/06\/Bewerbungsvorlage-Softwareentwickler-pdf-image.jpg\" alt=\"Bewerbungsvorlage Softwareentwickler\" class=\"wp-image-85986\"\/><\/figure>\n<\/div>\n\n\n\n<div class=\"wp-block-column subscribe-box is-layout-flow\" style=\"flex-basis:65%\">\n\t\t\t\n\t\t\t<form id=\"sib_signup_form_57\" method=\"post\" class=\"sib_signup_form\">\n\t\t\t\t<div class=\"sib_loader\" style=\"display:none;\"><img\n\t\t\t\t\t\t\tsrc=\"https:\/\/www.stellenanzeigen.de\/careeasy\/wp-includes\/images\/spinner.gif\" alt=\"loader\"><\/div>\n\t\t\t\t<input type=\"hidden\" name=\"sib_form_action\" value=\"subscribe_form_submit\">\n\t\t\t\t<input type=\"hidden\" name=\"sib_form_id\" value=\"57\">\n                <input type=\"hidden\" name=\"sib_form_alert_notice\" value=\"Bitte f\u00fclle das Feld aus\">\n                <input type=\"hidden\" name=\"sib_form_invalid_email_notice\" value=\"Deine E-Mail Adresse ist ung\u00fcltig\">\n                <input type=\"hidden\" name=\"sib_security\" value=\"a958807708\">\n\t\t\t\t<div class=\"sib_signup_box_inside_57\">\n\t\t\t\t\t<div style=\"\/*display:none*\/\" class=\"sib_msg_disp\">\n\t\t\t\t\t<\/div>\n                    \t\t\t\t\t<p style=\"font-size:21px;text-align:left;font-family: 'Helvetica',sans-serif;color:#2b85b9;background-color:transparent\"><strong>Jetzt Bewerbungsvorlage als Softwareentwickler\/in anfordern und f\u00fcr den Newsletter anmelden<\/strong><\/p>\r\n<p class=\"sib-email-area\">\r\n    <label>E-Mail-Adresse <span style=\"color: red\">*<\/span><\/label>\r\n    <input type=\"email\" class=\"sib-email-area\" name=\"email\" required=\"required\" placeholder=\"E-Mail-Adresse\">\r\n<\/p>\r\n<p class=\"sib-terms\"><input type=\"checkbox\" name=\"terms\" required=\"required\"><label>Ich bin damit einverstanden, dass meine E-Mailadresse f\u00fcr Werbezwecke per Newsletter genutzt wird und akzeptiere die <a href=\"https:\/\/www.stellenanzeigen.de\/arbeitgeber\/datenschutzerklaerung\/\">Datenschutzerkl\u00e4rung <span style=\"color: red\">*<\/span><\/a><\/label><\/p>\r\n<p style=\"font-size:12px;text-align:left;font-family: 'Helvetica',sans-serif;color:#8390A4\">Du kannst den Newsletter jederzeit \u00fcber den Abmeldelink in der Fu\u00dfzeile unserer E-Mails abbestellen.<\/p>\r\n<input type=\"submit\" class=\"sib-default-btn\" value=\"Bewerbungsvorlage anfordern\">\t\t\t\t<\/div>\n\t\t\t<\/form>\n\t\t\t<style>\n\t\t\t\tform#sib_signup_form_57 p.sib-alert-message {\n    padding: 6px 12px;\n    margin-bottom: 20px;\n    border: 1px solid transparent;\n    border-radius: 4px;\n    -webkit-box-sizing: border-box;\n    -moz-box-sizing: border-box;\n    box-sizing: border-box;\n}\nform#sib_signup_form_57 p.sib-alert-message-error {\n    background-color: #f2dede;\n    border-color: #ebccd1;\n    color: #a94442;\n}\nform#sib_signup_form_57 p.sib-alert-message-success {\n    background-color: #dff0d8;\n    border-color: #d6e9c6;\n    color: #3c763d;\n}\nform#sib_signup_form_57 p.sib-alert-message-warning {\n    background-color: #fcf8e3;\n    border-color: #faebcc;\n    color: #8a6d3b;\n}\n\t\t\t<\/style>\n\t\t\t\n<\/div>\n<\/div>\n<\/div><\/div>\n","protected":false},"excerpt":{"rendered":"<p>Falls dir das Schreiben etwas schwer f\u00e4llt, findest du mit uns eine gute Begleitung w\u00e4hrend des Bewerbungsverfahrens. Wir unterst\u00fctzen dich beim Verfassen des Bewerbungsschreibens,&#8230;<\/p>\n","protected":false},"author":101,"featured_media":0,"parent":14008,"menu_order":0,"comment_status":"closed","ping_status":"closed","template":"","meta":{"_uag_custom_page_level_css":""},"categories":[],"tags":[],"yoast_head":"<!-- This site is optimized with the Yoast SEO plugin v20.7 - https:\/\/yoast.com\/wordpress\/plugins\/seo\/ -->\n<title>Bewerbungsvorlage Softwareentwickler\/in | careeasy - Dein Karrieremagazin<\/title>\n<meta name=\"description\" content=\"Bewerbungsvorlage Softwareentwickler - Copyright: Antonio_Diaz Falls dir das Schreiben etwas schwer f\u00e4llt, findest du mit uns eine gute Begleitung w\u00e4hrend\" \/>\n<meta name=\"robots\" content=\"index, follow, max-snippet:-1, max-image-preview:large, max-video-preview:-1\" \/>\n<link rel=\"canonical\" href=\"https:\/\/www.stellenanzeigen.de\/careeasy\/bewerbung\/bewerbungsvorlage-softwareentwickler-in\/\" \/>\n<meta property=\"og:locale\" content=\"de_DE\" \/>\n<meta property=\"og:type\" content=\"article\" \/>\n<meta property=\"og:title\" content=\"Bewerbungsvorlage Softwareentwickler\/in | careeasy - Dein Karrieremagazin\" \/>\n<meta property=\"og:description\" content=\"Bewerbungsvorlage Softwareentwickler - Copyright: Antonio_Diaz Falls dir das Schreiben etwas schwer f\u00e4llt, findest du mit uns eine gute Begleitung w\u00e4hrend\" \/>\n<meta property=\"og:url\" content=\"https:\/\/www.stellenanzeigen.de\/careeasy\/bewerbung\/bewerbungsvorlage-softwareentwickler-in\/\" \/>\n<meta property=\"og:site_name\" content=\"careeasy - Dein Karrieremagazin\" \/>\n<meta property=\"article:publisher\" content=\"https:\/\/www.facebook.com\/stellenanzeigen.de\/\" \/>\n<meta property=\"article:modified_time\" content=\"2023-10-06T08:58:53+00:00\" \/>\n<meta property=\"og:image\" content=\"https:\/\/www.stellenanzeigen.de\/careeasy\/wp-content\/uploads\/2020\/06\/iStock-1179581978_Antonio_Diaz-978x653.jpg\" \/>\n<meta name=\"twitter:label1\" content=\"Gesch\u00e4tzte Lesezeit\" \/>\n\t<meta name=\"twitter:data1\" content=\"3 Minuten\" \/>\n<script type=\"application\/ld+json\" class=\"yoast-schema-graph\">{\"@context\":\"https:\/\/schema.org\",\"@graph\":[{\"@type\":\"WebPage\",\"@id\":\"https:\/\/www.stellenanzeigen.de\/careeasy\/bewerbung\/bewerbungsvorlage-softwareentwickler-in\/\",\"url\":\"https:\/\/www.stellenanzeigen.de\/careeasy\/bewerbung\/bewerbungsvorlage-softwareentwickler-in\/\",\"name\":\"Bewerbungsvorlage Softwareentwickler\/in | careeasy - Dein Karrieremagazin\",\"isPartOf\":{\"@id\":\"https:\/\/www.stellenanzeigen.de\/careeasy\/#website\"},\"datePublished\":\"2020-06-29T08:39:15+00:00\",\"dateModified\":\"2023-10-06T08:58:53+00:00\",\"description\":\"Bewerbungsvorlage Softwareentwickler - Copyright: Antonio_Diaz Falls dir das Schreiben etwas schwer f\u00e4llt, findest du mit uns eine gute Begleitung w\u00e4hrend\",\"breadcrumb\":{\"@id\":\"https:\/\/www.stellenanzeigen.de\/careeasy\/bewerbung\/bewerbungsvorlage-softwareentwickler-in\/#breadcrumb\"},\"inLanguage\":\"de-DE\",\"potentialAction\":[{\"@type\":\"ReadAction\",\"target\":[\"https:\/\/www.stellenanzeigen.de\/careeasy\/bewerbung\/bewerbungsvorlage-softwareentwickler-in\/\"]}]},{\"@type\":\"BreadcrumbList\",\"@id\":\"https:\/\/www.stellenanzeigen.de\/careeasy\/bewerbung\/bewerbungsvorlage-softwareentwickler-in\/#breadcrumb\",\"itemListElement\":[{\"@type\":\"ListItem\",\"position\":1,\"name\":\"Careeasy\",\"item\":\"https:\/\/www.stellenanzeigen.de\/careeasy\/\"},{\"@type\":\"ListItem\",\"position\":2,\"name\":\"Bewerbungsvorlagen &#038; Bewerbungsmuster\",\"item\":\"https:\/\/www.stellenanzeigen.de\/careeasy\/bewerbung\/\"},{\"@type\":\"ListItem\",\"position\":3,\"name\":\"Bewerbungsvorlage Softwareentwickler\/in\"}]},{\"@type\":\"WebSite\",\"@id\":\"https:\/\/www.stellenanzeigen.de\/careeasy\/#website\",\"url\":\"https:\/\/www.stellenanzeigen.de\/careeasy\/\",\"name\":\"careeasy - Dein Karrieremagazin\",\"description\":\"\",\"publisher\":{\"@id\":\"https:\/\/www.stellenanzeigen.de\/careeasy\/#organization\"},\"potentialAction\":[{\"@type\":\"SearchAction\",\"target\":{\"@type\":\"EntryPoint\",\"urlTemplate\":\"https:\/\/www.stellenanzeigen.de\/careeasy\/?s={search_term_string}\"},\"query-input\":\"required name=search_term_string\"}],\"inLanguage\":\"de-DE\"},{\"@type\":\"Organization\",\"@id\":\"https:\/\/www.stellenanzeigen.de\/careeasy\/#organization\",\"name\":\"careeasy - Dein Karrieremagazin\",\"url\":\"https:\/\/www.stellenanzeigen.de\/careeasy\/\",\"logo\":{\"@type\":\"ImageObject\",\"inLanguage\":\"de-DE\",\"@id\":\"https:\/\/www.stellenanzeigen.de\/careeasy\/#\/schema\/logo\/image\/\",\"url\":\"https:\/\/www.stellenanzeigen.de\/careeasy\/wp-content\/uploads\/2024\/03\/careeasy_logo.jpg\",\"contentUrl\":\"https:\/\/www.stellenanzeigen.de\/careeasy\/wp-content\/uploads\/2024\/03\/careeasy_logo.jpg\",\"width\":701,\"height\":223,\"caption\":\"careeasy - Dein Karrieremagazin\"},\"image\":{\"@id\":\"https:\/\/www.stellenanzeigen.de\/careeasy\/#\/schema\/logo\/image\/\"},\"sameAs\":[\"https:\/\/www.facebook.com\/stellenanzeigen.de\/\"]}]}<\/script>\n<!-- \/ Yoast SEO plugin. -->","yoast_head_json":{"title":"Bewerbungsvorlage Softwareentwickler\/in | careeasy - Dein Karrieremagazin","description":"Bewerbungsvorlage Softwareentwickler - Copyright: Antonio_Diaz Falls dir das Schreiben etwas schwer f\u00e4llt, findest du mit uns eine gute Begleitung w\u00e4hrend","robots":{"index":"index","follow":"follow","max-snippet":"max-snippet:-1","max-image-preview":"max-image-preview:large","max-video-preview":"max-video-preview:-1"},"canonical":"https:\/\/www.stellenanzeigen.de\/careeasy\/bewerbung\/bewerbungsvorlage-softwareentwickler-in\/","og_locale":"de_DE","og_type":"article","og_title":"Bewerbungsvorlage Softwareentwickler\/in | careeasy - Dein Karrieremagazin","og_description":"Bewerbungsvorlage Softwareentwickler - Copyright: Antonio_Diaz Falls dir das Schreiben etwas schwer f\u00e4llt, findest du mit uns eine gute Begleitung w\u00e4hrend","og_url":"https:\/\/www.stellenanzeigen.de\/careeasy\/bewerbung\/bewerbungsvorlage-softwareentwickler-in\/","og_site_name":"careeasy - Dein Karrieremagazin","article_publisher":"https:\/\/www.facebook.com\/stellenanzeigen.de\/","article_modified_time":"2023-10-06T08:58:53+00:00","og_image":[{"url":"https:\/\/www.stellenanzeigen.de\/careeasy\/wp-content\/uploads\/2020\/06\/iStock-1179581978_Antonio_Diaz-978x653.jpg"}],"twitter_misc":{"Gesch\u00e4tzte Lesezeit":"3 Minuten"},"schema":{"@context":"https:\/\/schema.org","@graph":[{"@type":"WebPage","@id":"https:\/\/www.stellenanzeigen.de\/careeasy\/bewerbung\/bewerbungsvorlage-softwareentwickler-in\/","url":"https:\/\/www.stellenanzeigen.de\/careeasy\/bewerbung\/bewerbungsvorlage-softwareentwickler-in\/","name":"Bewerbungsvorlage Softwareentwickler\/in | careeasy - Dein Karrieremagazin","isPartOf":{"@id":"https:\/\/www.stellenanzeigen.de\/careeasy\/#website"},"datePublished":"2020-06-29T08:39:15+00:00","dateModified":"2023-10-06T08:58:53+00:00","description":"Bewerbungsvorlage Softwareentwickler - Copyright: Antonio_Diaz Falls dir das Schreiben etwas schwer f\u00e4llt, findest du mit uns eine gute Begleitung w\u00e4hrend","breadcrumb":{"@id":"https:\/\/www.stellenanzeigen.de\/careeasy\/bewerbung\/bewerbungsvorlage-softwareentwickler-in\/#breadcrumb"},"inLanguage":"de-DE","potentialAction":[{"@type":"ReadAction","target":["https:\/\/www.stellenanzeigen.de\/careeasy\/bewerbung\/bewerbungsvorlage-softwareentwickler-in\/"]}]},{"@type":"BreadcrumbList","@id":"https:\/\/www.stellenanzeigen.de\/careeasy\/bewerbung\/bewerbungsvorlage-softwareentwickler-in\/#breadcrumb","itemListElement":[{"@type":"ListItem","position":1,"name":"Careeasy","item":"https:\/\/www.stellenanzeigen.de\/careeasy\/"},{"@type":"ListItem","position":2,"name":"Bewerbungsvorlagen &#038; Bewerbungsmuster","item":"https:\/\/www.stellenanzeigen.de\/careeasy\/bewerbung\/"},{"@type":"ListItem","position":3,"name":"Bewerbungsvorlage Softwareentwickler\/in"}]},{"@type":"WebSite","@id":"https:\/\/www.stellenanzeigen.de\/careeasy\/#website","url":"https:\/\/www.stellenanzeigen.de\/careeasy\/","name":"careeasy - Dein Karrieremagazin","description":"","publisher":{"@id":"https:\/\/www.stellenanzeigen.de\/careeasy\/#organization"},"potentialAction":[{"@type":"SearchAction","target":{"@type":"EntryPoint","urlTemplate":"https:\/\/www.stellenanzeigen.de\/careeasy\/?s={search_term_string}"},"query-input":"required name=search_term_string"}],"inLanguage":"de-DE"},{"@type":"Organization","@id":"https:\/\/www.stellenanzeigen.de\/careeasy\/#organization","name":"careeasy - Dein Karrieremagazin","url":"https:\/\/www.stellenanzeigen.de\/careeasy\/","logo":{"@type":"ImageObject","inLanguage":"de-DE","@id":"https:\/\/www.stellenanzeigen.de\/careeasy\/#\/schema\/logo\/image\/","url":"https:\/\/www.stellenanzeigen.de\/careeasy\/wp-content\/uploads\/2024\/03\/careeasy_logo.jpg","contentUrl":"https:\/\/www.stellenanzeigen.de\/careeasy\/wp-content\/uploads\/2024\/03\/careeasy_logo.jpg","width":701,"height":223,"caption":"careeasy - Dein Karrieremagazin"},"image":{"@id":"https:\/\/www.stellenanzeigen.de\/careeasy\/#\/schema\/logo\/image\/"},"sameAs":["https:\/\/www.facebook.com\/stellenanzeigen.de\/"]}]}},"uagb_featured_image_src":{"full":false,"thumbnail":false,"medium":false,"medium_large":false,"large":false,"1536x1536":false,"2048x2048":false,"neomag-medium":false,"neomag-big":false,"neomag-large":false,"neomag-huge":false},"uagb_author_info":{"display_name":"Veronika Schleicher","author_link":"https:\/\/www.stellenanzeigen.de\/careeasy\/author\/veronika\/"},"uagb_comment_info":0,"uagb_excerpt":"Falls dir das Schreiben etwas schwer f\u00e4llt, findest du mit uns eine gute Begleitung w\u00e4hrend des Bewerbungsverfahrens. Wir unterst\u00fctzen dich beim Verfassen des Bewerbungsschreibens,...","_links":{"self":[{"href":"https:\/\/www.stellenanzeigen.de\/careeasy\/wp-json\/wp\/v2\/pages\/85931"}],"collection":[{"href":"https:\/\/www.stellenanzeigen.de\/careeasy\/wp-json\/wp\/v2\/pages"}],"about":[{"href":"https:\/\/www.stellenanzeigen.de\/careeasy\/wp-json\/wp\/v2\/types\/page"}],"author":[{"embeddable":true,"href":"https:\/\/www.stellenanzeigen.de\/careeasy\/wp-json\/wp\/v2\/users\/101"}],"replies":[{"embeddable":true,"href":"https:\/\/www.stellenanzeigen.de\/careeasy\/wp-json\/wp\/v2\/comments?post=85931"}],"version-history":[{"count":12,"href":"https:\/\/www.stellenanzeigen.de\/careeasy\/wp-json\/wp\/v2\/pages\/85931\/revisions"}],"predecessor-version":[{"id":112963,"href":"https:\/\/www.stellenanzeigen.de\/careeasy\/wp-json\/wp\/v2\/pages\/85931\/revisions\/112963"}],"up":[{"embeddable":true,"href":"https:\/\/www.stellenanzeigen.de\/careeasy\/wp-json\/wp\/v2\/pages\/14008"}],"wp:attachment":[{"href":"https:\/\/www.stellenanzeigen.de\/careeasy\/wp-json\/wp\/v2\/media?parent=85931"}],"wp:term":[{"taxonomy":"category","embeddable":true,"href":"https:\/\/www.stellenanzeigen.de\/careeasy\/wp-json\/wp\/v2\/categories?post=85931"},{"taxonomy":"post_tag","embeddable":true,"href":"https:\/\/www.stellenanzeigen.de\/careeasy\/wp-json\/wp\/v2\/tags?post=85931"}],"curies":[{"name":"wp","href":"https:\/\/api.w.org\/{rel}","templated":true}]}}