{"id":85806,"date":"2020-06-10T11:59:34","date_gmt":"2020-06-10T11:59:34","guid":{"rendered":"https:\/\/www.stellenanzeigen.de\/careeasy\/?page_id=85806"},"modified":"2023-10-06T10:58:47","modified_gmt":"2023-10-06T08:58:47","slug":"bewerbungsvorlage-fahrer-in","status":"publish","type":"page","link":"https:\/\/www.stellenanzeigen.de\/careeasy\/bewerbung\/bewerbungsvorlage-fahrer-in\/","title":{"rendered":"Bewerbungsvorlage Fahrer\/in"},"content":{"rendered":"\n<figure class=\"wp-block-image alignwide size-medium wp-image-85807\"><img decoding=\"async\" loading=\"lazy\" width=\"978\" height=\"652\" src=\"https:\/\/www.stellenanzeigen.de\/careeasy\/wp-content\/uploads\/2020\/06\/iStock-1138561454-978x652.jpg\" alt=\"Bewerbungsvorlage Fahrer\/in\" class=\"wp-image-85807\" srcset=\"https:\/\/www.stellenanzeigen.de\/careeasy\/wp-content\/uploads\/2020\/06\/iStock-1138561454-978x652.jpg 978w, https:\/\/www.stellenanzeigen.de\/careeasy\/wp-content\/uploads\/2020\/06\/iStock-1138561454-768x512.jpg 768w, https:\/\/www.stellenanzeigen.de\/careeasy\/wp-content\/uploads\/2020\/06\/iStock-1138561454-272x182.jpg 272w, https:\/\/www.stellenanzeigen.de\/careeasy\/wp-content\/uploads\/2020\/06\/iStock-1138561454.jpg 1254w\" sizes=\"(max-width: 978px) 100vw, 978px\" \/><figcaption>Bewerbungsvorlage Fahrer\/in &#8211; Copyright: Ridofranz<\/figcaption><\/figure>\n\n\n\n<div class=\"wp-block-columns alignwide pdf-teaser is-layout-flex wp-container-5\">\n<div class=\"wp-block-column pdf-thumbnail is-layout-flow\" style=\"flex-basis:35%\">\n<div class=\"wp-block-image\"><figure class=\"aligncenter size-large\"><img decoding=\"async\" loading=\"lazy\" width=\"300\" height=\"424\" src=\"https:\/\/www.stellenanzeigen.de\/careeasy\/wp-content\/uploads\/2020\/07\/Bewerbungsvorlage-FahrerIn-pdf-image.jpg\" alt=\"Bewerbungsvorlage FahrerIn\" class=\"wp-image-86318\"\/><\/figure><\/div>\n\n\n\n<p><\/p><div id=\"ez-toc-container\" class=\"ez-toc-v2_0_62 counter-hierarchy ez-toc-counter ez-toc-grey ez-toc-container-direction\">\n<div class=\"ez-toc-title-container\">\n<p class=\"ez-toc-title \" >Inhaltsverzeichnis<\/p>\n<span class=\"ez-toc-title-toggle\"><\/span><\/div>\n<nav><ul class='ez-toc-list ez-toc-list-level-1 ' ><li class='ez-toc-page-1 ez-toc-heading-level-2'><a class=\"ez-toc-link ez-toc-heading-1\" href=\"https:\/\/www.stellenanzeigen.de\/careeasy\/bewerbung\/bewerbungsvorlage-fahrer-in\/#Bestandteile_der_Bewerbung_als_Fahrerin\" title=\"Bestandteile der Bewerbung als Fahrer\/in\">Bestandteile der Bewerbung als Fahrer\/in<\/a><\/li><li class='ez-toc-page-1 ez-toc-heading-level-2'><a class=\"ez-toc-link ez-toc-heading-2\" href=\"https:\/\/www.stellenanzeigen.de\/careeasy\/bewerbung\/bewerbungsvorlage-fahrer-in\/#Die_perfekte_Vorbereitung_auf_das_persoenliche_Kennenlernen\" title=\"Die perfekte Vorbereitung auf das pers\u00f6nliche Kennenlernen\">Die perfekte Vorbereitung auf das pers\u00f6nliche Kennenlernen<\/a><\/li><li class='ez-toc-page-1 ez-toc-heading-level-2'><a class=\"ez-toc-link ez-toc-heading-3\" href=\"https:\/\/www.stellenanzeigen.de\/careeasy\/bewerbung\/bewerbungsvorlage-fahrer-in\/#Aktuelle_Stellenangebote_fuer_Fahrerinnen\" title=\"Aktuelle Stellenangebote f\u00fcr Fahrer\/innen\">Aktuelle Stellenangebote f\u00fcr Fahrer\/innen<\/a><\/li><li class='ez-toc-page-1 ez-toc-heading-level-2'><a class=\"ez-toc-link ez-toc-heading-4\" href=\"https:\/\/www.stellenanzeigen.de\/careeasy\/bewerbung\/bewerbungsvorlage-fahrer-in\/#Moegliche_Fragen_der_Personalabteilung_und_wie_du_diese_beantworten_kannst\" title=\"M\u00f6gliche Fragen der Personalabteilung und wie du diese beantworten kannst\">M\u00f6gliche Fragen der Personalabteilung und wie du diese beantworten kannst<\/a><\/li><\/ul><\/nav><\/div>\n\n<\/div>\n\n\n\n<div class=\"wp-block-column teaser-box is-layout-flow\" style=\"flex-basis:65%\">\n<p>Auf stellenanzeigen.de findest du aktuelle und zur Position passende Bewerbungsvorlagen. <strong>Die Bewerbungsvorlage kannst du direkt am PC bearbeiten und abspeichern, oder herunterladen und immer wieder als Bewerbungsvorlage f\u00fcr deine Bewerbungen verwenden.<\/strong> So hast du in wenigen Minuten deine individuelle Bewerbung erstellt und brauchst diese nur noch, gemeinsam mit deinem Lebenslauf und deinen anderen Unterlagen, bei deinem Wunsch-Arbeitgeber einzureichen.<\/p>\n\n\n\n<div class=\"wp-block-buttons is-layout-flex\">\n<div class=\"wp-block-button\"><a class=\"wp-block-button__link has-background no-border-radius\" href=\"https:\/\/www.stellenanzeigen.de\/careeasy\/bewerbung\/bewerbungsvorlage-fahrer-in\/#pdf-download\" style=\"background-color:#2b85b9\">Vorlage Anfordern<\/a><\/div>\n<\/div>\n<\/div>\n<\/div>\n\n\n<div class=\"mceTemp\">&nbsp;<\/div>\n<h2><span class=\"ez-toc-section\" id=\"Bestandteile_der_Bewerbung_als_Fahrerin\"><\/span><span style=\"color: #333333;\">Bestandteile der Bewerbung als Fahrer\/in<\/span><span class=\"ez-toc-section-end\"><\/span><\/h2>\n<p><span style=\"color: #333333;\">Wenn du dich als Fahrer\/in bewerben m\u00f6chtest, ben\u00f6tigst du hierf\u00fcr ein gutes Anschreiben, aus dem deine Motivation hervorgeht und die Personalabteilung sich einen ersten Eindruck von dir und deinen Erfahrungen machen kann. Au\u00dferdem ben\u00f6tigst du einen <strong>Lebenslauf und deine Zeugnisse und Referenzen.<\/strong> <\/span><\/p>\n<p><span style=\"color: #333333;\">Fahrer m\u00fcssen <strong>zuverl\u00e4ssig sein, sich gut orientieren k\u00f6nnen und sich auskennen<\/strong>. Am besten fragst du deine Kollegen oder jemanden, der dich gut kennt, ob diese dir eine Best\u00e4tigung dar\u00fcber ausstellen oder f\u00fcr einen <strong>m\u00f6glichen Anruf der Personalabteilung bereitstehen. <\/strong><\/span><span style=\"color: #333333;\">Achte auch auf das, was in der Stellenanzeige steht. Oftmals werden hier sehr direkt und konkret die Bewerbungsunterlagen angefordert.<\/span><\/p>\n<h2><span class=\"ez-toc-section\" id=\"Die_perfekte_Vorbereitung_auf_das_persoenliche_Kennenlernen\"><\/span><span style=\"color: #333333;\">Die perfekte Vorbereitung auf das pers\u00f6nliche Kennenlernen<\/span><span class=\"ez-toc-section-end\"><\/span><\/h2>\n<p><span style=\"color: #333333;\">Stelle dir vor, du w\u00fcrdest in der Personalabteilung arbeiten und jemand w\u00fcrde sich auf die Stelle des Fahrers bewerben. <strong>Worauf w\u00fcrdest du besonders achten?<\/strong> Diese Gedanken kannst du dir immer wieder vor deinem pers\u00f6nlichen Gespr\u00e4ch machen und alle Fragen, die dir in den Sinn kommen notieren und dir bereits Antworten hierf\u00fcr \u00fcberlegen. <\/span><\/p>\n<p><span style=\"color: #333333;\">Au\u00dferdem solltest du dich <strong>\u00fcber das Unternehmen, bei dem du arbeiten m\u00f6chtest, informieren<\/strong> und die Stellenanzeige im Detail kennen. \u00dcberlege dir bereits, wo du Parallelen zu deinen bisherigen Aufgaben siehst und wie du begr\u00fcnden kannst, dass genau du die richtige Person zur Besetzung der offenen Stelle in dieser Firma bist. <\/span><br><span style=\"color: #333333;\">Die Antworten kannst du am besten <strong>vor einem Spiegel \u00fcben,<\/strong> oder jemanden fragen, das Gespr\u00e4ch mit dir einmal durchzuspielen. Dies ist ein gutes Training und macht dich sicherer f\u00fcr das richtige Gespr\u00e4ch. <\/span><\/p>\n<h2><span class=\"ez-toc-section\" id=\"Aktuelle_Stellenangebote_fuer_Fahrerinnen\"><\/span><a href=\"https:\/\/www.stellenanzeigen.de\/jobs\/fahrer-in\/\" target=\"_blank\" rel=\"noopener noreferrer\">Aktuelle Stellenangebote f\u00fcr Fahrer\/innen<\/a><span class=\"ez-toc-section-end\"><\/span><\/h2>\n<hr>\n<div id=\"suchwidgetErgebnisliste\">&nbsp;<\/div>\n<div id=\"StellenanzeigenSuchwidget\" tabindex=\"-1\">&nbsp;<\/div>\n<script>\n  var config = {\n    apiKey : 'FBEB08FBC7BB75349E26C51C530F79BF',\n    resultsPerPage : 3,\n    searchRadius : 60,\n    fulltext : 'fahrer',\n    city : null,\n    category : null,\n    subCategories : null\n  };\n<\/script><script type=\"text\/javascript\" src=\"https:\/\/app.stellenanzeigen.de\/widget\/init.js\"><\/script>\n<hr>\n<p><span style=\"color: #333333;\">Au\u00dferdem kannst du dir so ein Feedback geben lassen und bis zum Termin noch etwas \u00fcben,<strong>&nbsp;eine offene und lockere Haltung einzunehmen.<\/strong> Auch die Sprache ist gut zu trainieren. Erz\u00e4hle dir leise im Auto, in der Bahn oder beim Joggen in den n\u00e4chsten Tagen deinen <a class=\"wpil_keyword_link\" href=\"https:\/\/www.stellenanzeigen.de\/careeasy\/lebenslauf-vorlagen-sde106864\/\"   title=\"Lebenslauf\" data-wpil-keyword-link=\"linked\">Lebenslauf<\/a>. <strong>Sei positiv und sage dir immer wieder, dass du es schaffen wirst.<\/strong> Das baut ein positives Mindset auf und hilft dir, \u00fcberzeugend und selbstsicher zu wirken. <\/span><\/p>\n<h2><span class=\"ez-toc-section\" id=\"Moegliche_Fragen_der_Personalabteilung_und_wie_du_diese_beantworten_kannst\"><\/span><span style=\"color: #333333;\">M\u00f6gliche Fragen der Personalabteilung und wie du diese beantworten kannst<\/span><span class=\"ez-toc-section-end\"><\/span><\/h2>\n<p><span style=\"color: #333333;\">Hier sind einige Fragen, die dir w\u00e4hrend des Vorstellungsgespr\u00e4chs begegnen k\u00f6nnen. <\/span><\/p>\n<h3><span style=\"color: #333333;\">1. Zu deiner Person: <\/span><span style=\"color: #333333;\">Was sind deine Ziele und Vorstellungen f\u00fcr die n\u00e4chsten f\u00fcnf Jahre?<\/span><\/h3>\n<p><span style=\"color: #333333;\"><strong>Eine m\u00f6gliche Antwort:<\/strong> Ich m\u00f6chte mich in einem Unternehmen etablieren, eine feste Rolle einnehmen, mich in meinem Aufgabenbereich weiter entfalten und spannende Fahrten \u00fcbernehmen. <\/span><\/p>\n<h3><span style=\"color: #333333;\">2. Zu deinem Werdegang: <\/span><span style=\"color: #333333;\">Was hast du w\u00e4hrend 1999 und 2000 gemacht. In diesem Zeitraum fehlt der Eintrag in deinem Lebenslauf?<\/span><\/h3>\n<p><span style=\"color: #333333;\"><strong>Eine m\u00f6gliche Antwort:<\/strong> In dieser Zeit habe ich meine Eltern gepflegt und mich beruflich weiterentwickelt. Ich habe, unterst\u00fctzt von der Agentur f\u00fcr Arbeit, ein Kompetenztraining besucht und meine beruflichen Fertigkeiten ausgeweitet. Dazu geh\u00f6rten unter anderem EDV-Anwenderkenntnisse. <\/span><\/p>\n<h3><span style=\"color: #333333;\">3. Warum meinst du, die richtige Besetzung f\u00fcr diese Stelle zu sein?<\/span><\/h3>\n<p><span style=\"color: #333333;\"><strong>Eine m\u00f6gliche Antwort:<\/strong> Ich sehe viele Parallelen zu meiner jetzigen T\u00e4tigkeit und bringe die hervorragenden Ortskenntnisse sowie Erfahrung in der Fahrt von Ministern und anderen VIPs mit. <\/span><\/p>\n<h3><span style=\"color: #333333;\">4. Ein Kunde wird sauer und beschimpft dich mit unsch\u00f6nen Worten \u2013 wie reagierst du?<\/span><\/h3>\n<p><span style=\"color: #333333;\"><strong>Eine m\u00f6gliche Antwort:<\/strong> Ich bitte den Kunden sachlich zu bleiben und gebe ihm eine Erkl\u00e4rung ab. Sp\u00e4testens, wenn er das dritte Mal Schimpfw\u00f6rter gegen mich nutzt, w\u00fcrde ich ihn bitten, sich zu beruhigen oder auszusteigen.<\/span><\/p>\n<p><span style=\"color: #333333;\">Dies sind nur einige m\u00f6gliche Fragen. Hilfreich ist es, <strong>deine Bewerbungsunterlagen einer vertrauten Person vorzulegen und diese zu fragen, wo sie Unklarheiten sieht<\/strong> und welche Fragen sie stellen w\u00fcrde. Das bereitet dich sehr gut auf das Gespr\u00e4ch vor und trainiert deine Kommunikationskompetenz, schnell und effiziente Antworten zu geben. <\/span><\/p>\n\n\n<div class=\"wp-block-group alignwide\" id=\"pdf-download\"><div class=\"wp-block-group__inner-container is-layout-flow\">\n<div class=\"wp-block-columns pdf-download is-layout-flex wp-container-8\">\n<div class=\"wp-block-column pdf-thumbnail is-layout-flow\" style=\"flex-basis:35%\">\n<figure class=\"wp-block-image size-large\"><img decoding=\"async\" loading=\"lazy\" width=\"300\" height=\"424\" src=\"https:\/\/www.stellenanzeigen.de\/careeasy\/wp-content\/uploads\/2020\/07\/Bewerbungsvorlage-FahrerIn-pdf-image.jpg\" alt=\"Bewerbungsvorlage FahrerIn\" class=\"wp-image-86318\"\/><\/figure>\n<\/div>\n\n\n\n<div class=\"wp-block-column subscribe-box is-layout-flow\" style=\"flex-basis:65%\">\n\t\t\t\n\t\t\t<form id=\"sib_signup_form_19\" method=\"post\" class=\"sib_signup_form\">\n\t\t\t\t<div class=\"sib_loader\" style=\"display:none;\"><img\n\t\t\t\t\t\t\tsrc=\"https:\/\/www.stellenanzeigen.de\/careeasy\/wp-includes\/images\/spinner.gif\" alt=\"loader\"><\/div>\n\t\t\t\t<input type=\"hidden\" name=\"sib_form_action\" value=\"subscribe_form_submit\">\n\t\t\t\t<input type=\"hidden\" name=\"sib_form_id\" value=\"19\">\n                <input type=\"hidden\" name=\"sib_form_alert_notice\" value=\"Bitte f\u00fclle das Feld aus\">\n                <input type=\"hidden\" name=\"sib_form_invalid_email_notice\" value=\"Deine E-Mail Adresse ist ung\u00fcltig\">\n                <input type=\"hidden\" name=\"sib_security\" value=\"27e250c587\">\n\t\t\t\t<div class=\"sib_signup_box_inside_19\">\n\t\t\t\t\t<div style=\"\/*display:none*\/\" class=\"sib_msg_disp\">\n\t\t\t\t\t<\/div>\n                    \t\t\t\t\t<p style=\"font-size:21px;text-align:left;font-family: 'Helvetica',sans-serif;color:#2b85b9;background-color:transparent\"><strong>Jetzt Bewerbungsvorlage als Fahrer\/in anfordern und f\u00fcr den Newsletter anmelden<\/strong><\/p>\r\n<p class=\"sib-email-area\">\r\n    <label>E-Mail-Adresse <span style=\"color: red\">*<\/span><\/label>\r\n    <input type=\"email\" class=\"sib-email-area\" name=\"email\" required=\"required\" placeholder=\"E-Mail-Adresse\">\r\n<\/p>\r\n<p class=\"sib-terms\"><input type=\"checkbox\" name=\"terms\" required=\"required\"><label>Ich bin damit einverstanden, dass meine E-Mailadresse f\u00fcr Werbezwecke per Newsletter genutzt wird und akzeptiere die <a href=\"https:\/\/www.stellenanzeigen.de\/arbeitgeber\/datenschutzerklaerung\/\">Datenschutzerkl\u00e4rung <span style=\"color: red\">*<\/span><\/a><\/label><\/p>\r\n<p style=\"font-size:12px;text-align:left;font-family: 'Helvetica',sans-serif;color:#8390A4\">Du kannst den Newsletter jederzeit \u00fcber den Abmeldelink in der Fu\u00dfzeile unserer E-Mails abbestellen.<\/p>\r\n<input type=\"submit\" class=\"sib-default-btn\" value=\"Bewerbungsvorlage anfordern\">\t\t\t\t<\/div>\n\t\t\t<\/form>\n\t\t\t<style>\n\t\t\t\tform#sib_signup_form_19 p.sib-alert-message {\n    padding: 6px 12px;\n    margin-bottom: 20px;\n    border: 1px solid transparent;\n    border-radius: 4px;\n    -webkit-box-sizing: border-box;\n    -moz-box-sizing: border-box;\n    box-sizing: border-box;\n}\nform#sib_signup_form_19 p.sib-alert-message-error {\n    background-color: #f2dede;\n    border-color: #ebccd1;\n    color: #a94442;\n}\nform#sib_signup_form_19 p.sib-alert-message-success {\n    background-color: #dff0d8;\n    border-color: #d6e9c6;\n    color: #3c763d;\n}\nform#sib_signup_form_19 p.sib-alert-message-warning {\n    background-color: #fcf8e3;\n    border-color: #faebcc;\n    color: #8a6d3b;\n}\n\t\t\t<\/style>\n\t\t\t\n<\/div>\n<\/div>\n<\/div><\/div>\n","protected":false},"excerpt":{"rendered":"<p>Auf stellenanzeigen.de findest du aktuelle und zur Position passende Bewerbungsvorlagen. Die Bewerbungsvorlage kannst du direkt am PC bearbeiten und abspeichern, oder herunterladen und immer&#8230;<\/p>\n","protected":false},"author":106,"featured_media":0,"parent":14008,"menu_order":0,"comment_status":"closed","ping_status":"closed","template":"","meta":{"_uag_custom_page_level_css":""},"categories":[],"tags":[],"yoast_head":"<!-- This site is optimized with the Yoast SEO plugin v20.7 - https:\/\/yoast.com\/wordpress\/plugins\/seo\/ -->\n<title>Bewerbungsvorlage Fahrer\/in | careeasy - Dein Karrieremagazin<\/title>\n<meta name=\"description\" content=\"Bewerbungsvorlage Fahrer\/in - Copyright: Ridofranz Auf stellenanzeigen.de findest du aktuelle und zur Position passende Bewerbungsvorlagen. Die\" \/>\n<meta name=\"robots\" content=\"index, follow, max-snippet:-1, max-image-preview:large, max-video-preview:-1\" \/>\n<link rel=\"canonical\" href=\"https:\/\/www.stellenanzeigen.de\/careeasy\/bewerbung\/bewerbungsvorlage-fahrer-in\/\" \/>\n<meta property=\"og:locale\" content=\"de_DE\" \/>\n<meta property=\"og:type\" content=\"article\" \/>\n<meta property=\"og:title\" content=\"Bewerbungsvorlage Fahrer\/in | careeasy - Dein Karrieremagazin\" \/>\n<meta property=\"og:description\" content=\"Bewerbungsvorlage Fahrer\/in - Copyright: Ridofranz Auf stellenanzeigen.de findest du aktuelle und zur Position passende Bewerbungsvorlagen. Die\" \/>\n<meta property=\"og:url\" content=\"https:\/\/www.stellenanzeigen.de\/careeasy\/bewerbung\/bewerbungsvorlage-fahrer-in\/\" \/>\n<meta property=\"og:site_name\" content=\"careeasy - Dein Karrieremagazin\" \/>\n<meta property=\"article:publisher\" content=\"https:\/\/www.facebook.com\/stellenanzeigen.de\/\" \/>\n<meta property=\"article:modified_time\" content=\"2023-10-06T08:58:47+00:00\" \/>\n<meta property=\"og:image\" content=\"https:\/\/www.stellenanzeigen.de\/careeasy\/wp-content\/uploads\/2020\/06\/iStock-1138561454-978x652.jpg\" \/>\n<meta name=\"twitter:label1\" content=\"Gesch\u00e4tzte Lesezeit\" \/>\n\t<meta name=\"twitter:data1\" content=\"4 Minuten\" \/>\n<script type=\"application\/ld+json\" class=\"yoast-schema-graph\">{\"@context\":\"https:\/\/schema.org\",\"@graph\":[{\"@type\":\"WebPage\",\"@id\":\"https:\/\/www.stellenanzeigen.de\/careeasy\/bewerbung\/bewerbungsvorlage-fahrer-in\/\",\"url\":\"https:\/\/www.stellenanzeigen.de\/careeasy\/bewerbung\/bewerbungsvorlage-fahrer-in\/\",\"name\":\"Bewerbungsvorlage Fahrer\/in | careeasy - Dein Karrieremagazin\",\"isPartOf\":{\"@id\":\"https:\/\/careeasy.prod.tenhil.io\/careeasy\/#website\"},\"datePublished\":\"2020-06-10T11:59:34+00:00\",\"dateModified\":\"2023-10-06T08:58:47+00:00\",\"description\":\"Bewerbungsvorlage Fahrer\/in - Copyright: Ridofranz Auf stellenanzeigen.de findest du aktuelle und zur Position passende Bewerbungsvorlagen. Die\",\"breadcrumb\":{\"@id\":\"https:\/\/www.stellenanzeigen.de\/careeasy\/bewerbung\/bewerbungsvorlage-fahrer-in\/#breadcrumb\"},\"inLanguage\":\"de-DE\",\"potentialAction\":[{\"@type\":\"ReadAction\",\"target\":[\"https:\/\/www.stellenanzeigen.de\/careeasy\/bewerbung\/bewerbungsvorlage-fahrer-in\/\"]}]},{\"@type\":\"BreadcrumbList\",\"@id\":\"https:\/\/www.stellenanzeigen.de\/careeasy\/bewerbung\/bewerbungsvorlage-fahrer-in\/#breadcrumb\",\"itemListElement\":[{\"@type\":\"ListItem\",\"position\":1,\"name\":\"Careeasy\",\"item\":\"https:\/\/careeasy.prod.tenhil.io\/careeasy\/\"},{\"@type\":\"ListItem\",\"position\":2,\"name\":\"Bewerbungsvorlagen &#038; Bewerbungsmuster\",\"item\":\"https:\/\/www.stellenanzeigen.de\/careeasy\/bewerbung\/\"},{\"@type\":\"ListItem\",\"position\":3,\"name\":\"Bewerbungsvorlage Fahrer\/in\"}]},{\"@type\":\"WebSite\",\"@id\":\"https:\/\/careeasy.prod.tenhil.io\/careeasy\/#website\",\"url\":\"https:\/\/careeasy.prod.tenhil.io\/careeasy\/\",\"name\":\"careeasy - Dein Karrieremagazin\",\"description\":\"\",\"publisher\":{\"@id\":\"https:\/\/careeasy.prod.tenhil.io\/careeasy\/#organization\"},\"potentialAction\":[{\"@type\":\"SearchAction\",\"target\":{\"@type\":\"EntryPoint\",\"urlTemplate\":\"https:\/\/careeasy.prod.tenhil.io\/careeasy\/?s={search_term_string}\"},\"query-input\":\"required name=search_term_string\"}],\"inLanguage\":\"de-DE\"},{\"@type\":\"Organization\",\"@id\":\"https:\/\/careeasy.prod.tenhil.io\/careeasy\/#organization\",\"name\":\"careeasy - Dein Karrieremagazin\",\"url\":\"https:\/\/careeasy.prod.tenhil.io\/careeasy\/\",\"logo\":{\"@type\":\"ImageObject\",\"inLanguage\":\"de-DE\",\"@id\":\"https:\/\/careeasy.prod.tenhil.io\/careeasy\/#\/schema\/logo\/image\/\",\"url\":\"https:\/\/www.stellenanzeigen.de\/careeasy\/wp-content\/uploads\/2024\/03\/careeasy_logo.jpg\",\"contentUrl\":\"https:\/\/www.stellenanzeigen.de\/careeasy\/wp-content\/uploads\/2024\/03\/careeasy_logo.jpg\",\"width\":701,\"height\":223,\"caption\":\"careeasy - Dein Karrieremagazin\"},\"image\":{\"@id\":\"https:\/\/careeasy.prod.tenhil.io\/careeasy\/#\/schema\/logo\/image\/\"},\"sameAs\":[\"https:\/\/www.facebook.com\/stellenanzeigen.de\/\"]}]}<\/script>\n<!-- \/ Yoast SEO plugin. -->","yoast_head_json":{"title":"Bewerbungsvorlage Fahrer\/in | careeasy - Dein Karrieremagazin","description":"Bewerbungsvorlage Fahrer\/in - Copyright: Ridofranz Auf stellenanzeigen.de findest du aktuelle und zur Position passende Bewerbungsvorlagen. Die","robots":{"index":"index","follow":"follow","max-snippet":"max-snippet:-1","max-image-preview":"max-image-preview:large","max-video-preview":"max-video-preview:-1"},"canonical":"https:\/\/www.stellenanzeigen.de\/careeasy\/bewerbung\/bewerbungsvorlage-fahrer-in\/","og_locale":"de_DE","og_type":"article","og_title":"Bewerbungsvorlage Fahrer\/in | careeasy - Dein Karrieremagazin","og_description":"Bewerbungsvorlage Fahrer\/in - Copyright: Ridofranz Auf stellenanzeigen.de findest du aktuelle und zur Position passende Bewerbungsvorlagen. Die","og_url":"https:\/\/www.stellenanzeigen.de\/careeasy\/bewerbung\/bewerbungsvorlage-fahrer-in\/","og_site_name":"careeasy - Dein Karrieremagazin","article_publisher":"https:\/\/www.facebook.com\/stellenanzeigen.de\/","article_modified_time":"2023-10-06T08:58:47+00:00","og_image":[{"url":"https:\/\/www.stellenanzeigen.de\/careeasy\/wp-content\/uploads\/2020\/06\/iStock-1138561454-978x652.jpg"}],"twitter_misc":{"Gesch\u00e4tzte Lesezeit":"4 Minuten"},"schema":{"@context":"https:\/\/schema.org","@graph":[{"@type":"WebPage","@id":"https:\/\/www.stellenanzeigen.de\/careeasy\/bewerbung\/bewerbungsvorlage-fahrer-in\/","url":"https:\/\/www.stellenanzeigen.de\/careeasy\/bewerbung\/bewerbungsvorlage-fahrer-in\/","name":"Bewerbungsvorlage Fahrer\/in | careeasy - Dein Karrieremagazin","isPartOf":{"@id":"https:\/\/careeasy.prod.tenhil.io\/careeasy\/#website"},"datePublished":"2020-06-10T11:59:34+00:00","dateModified":"2023-10-06T08:58:47+00:00","description":"Bewerbungsvorlage Fahrer\/in - Copyright: Ridofranz Auf stellenanzeigen.de findest du aktuelle und zur Position passende Bewerbungsvorlagen. Die","breadcrumb":{"@id":"https:\/\/www.stellenanzeigen.de\/careeasy\/bewerbung\/bewerbungsvorlage-fahrer-in\/#breadcrumb"},"inLanguage":"de-DE","potentialAction":[{"@type":"ReadAction","target":["https:\/\/www.stellenanzeigen.de\/careeasy\/bewerbung\/bewerbungsvorlage-fahrer-in\/"]}]},{"@type":"BreadcrumbList","@id":"https:\/\/www.stellenanzeigen.de\/careeasy\/bewerbung\/bewerbungsvorlage-fahrer-in\/#breadcrumb","itemListElement":[{"@type":"ListItem","position":1,"name":"Careeasy","item":"https:\/\/careeasy.prod.tenhil.io\/careeasy\/"},{"@type":"ListItem","position":2,"name":"Bewerbungsvorlagen &#038; Bewerbungsmuster","item":"https:\/\/www.stellenanzeigen.de\/careeasy\/bewerbung\/"},{"@type":"ListItem","position":3,"name":"Bewerbungsvorlage Fahrer\/in"}]},{"@type":"WebSite","@id":"https:\/\/careeasy.prod.tenhil.io\/careeasy\/#website","url":"https:\/\/careeasy.prod.tenhil.io\/careeasy\/","name":"careeasy - Dein Karrieremagazin","description":"","publisher":{"@id":"https:\/\/careeasy.prod.tenhil.io\/careeasy\/#organization"},"potentialAction":[{"@type":"SearchAction","target":{"@type":"EntryPoint","urlTemplate":"https:\/\/careeasy.prod.tenhil.io\/careeasy\/?s={search_term_string}"},"query-input":"required name=search_term_string"}],"inLanguage":"de-DE"},{"@type":"Organization","@id":"https:\/\/careeasy.prod.tenhil.io\/careeasy\/#organization","name":"careeasy - Dein Karrieremagazin","url":"https:\/\/careeasy.prod.tenhil.io\/careeasy\/","logo":{"@type":"ImageObject","inLanguage":"de-DE","@id":"https:\/\/careeasy.prod.tenhil.io\/careeasy\/#\/schema\/logo\/image\/","url":"https:\/\/www.stellenanzeigen.de\/careeasy\/wp-content\/uploads\/2024\/03\/careeasy_logo.jpg","contentUrl":"https:\/\/www.stellenanzeigen.de\/careeasy\/wp-content\/uploads\/2024\/03\/careeasy_logo.jpg","width":701,"height":223,"caption":"careeasy - Dein Karrieremagazin"},"image":{"@id":"https:\/\/careeasy.prod.tenhil.io\/careeasy\/#\/schema\/logo\/image\/"},"sameAs":["https:\/\/www.facebook.com\/stellenanzeigen.de\/"]}]}},"uagb_featured_image_src":{"full":false,"thumbnail":false,"medium":false,"medium_large":false,"large":false,"1536x1536":false,"2048x2048":false,"neomag-medium":false,"neomag-big":false,"neomag-large":false,"neomag-huge":false},"uagb_author_info":{"display_name":"Marina Pavel","author_link":"https:\/\/www.stellenanzeigen.de\/careeasy\/author\/marina\/"},"uagb_comment_info":0,"uagb_excerpt":"Auf stellenanzeigen.de findest du aktuelle und zur Position passende Bewerbungsvorlagen. Die Bewerbungsvorlage kannst du direkt am PC bearbeiten und abspeichern, oder herunterladen und immer...","_links":{"self":[{"href":"https:\/\/www.stellenanzeigen.de\/careeasy\/wp-json\/wp\/v2\/pages\/85806"}],"collection":[{"href":"https:\/\/www.stellenanzeigen.de\/careeasy\/wp-json\/wp\/v2\/pages"}],"about":[{"href":"https:\/\/www.stellenanzeigen.de\/careeasy\/wp-json\/wp\/v2\/types\/page"}],"author":[{"embeddable":true,"href":"https:\/\/www.stellenanzeigen.de\/careeasy\/wp-json\/wp\/v2\/users\/106"}],"replies":[{"embeddable":true,"href":"https:\/\/www.stellenanzeigen.de\/careeasy\/wp-json\/wp\/v2\/comments?post=85806"}],"version-history":[{"count":10,"href":"https:\/\/www.stellenanzeigen.de\/careeasy\/wp-json\/wp\/v2\/pages\/85806\/revisions"}],"predecessor-version":[{"id":112956,"href":"https:\/\/www.stellenanzeigen.de\/careeasy\/wp-json\/wp\/v2\/pages\/85806\/revisions\/112956"}],"up":[{"embeddable":true,"href":"https:\/\/www.stellenanzeigen.de\/careeasy\/wp-json\/wp\/v2\/pages\/14008"}],"wp:attachment":[{"href":"https:\/\/www.stellenanzeigen.de\/careeasy\/wp-json\/wp\/v2\/media?parent=85806"}],"wp:term":[{"taxonomy":"category","embeddable":true,"href":"https:\/\/www.stellenanzeigen.de\/careeasy\/wp-json\/wp\/v2\/categories?post=85806"},{"taxonomy":"post_tag","embeddable":true,"href":"https:\/\/www.stellenanzeigen.de\/careeasy\/wp-json\/wp\/v2\/tags?post=85806"}],"curies":[{"name":"wp","href":"https:\/\/api.w.org\/{rel}","templated":true}]}}