{"id":85787,"date":"2020-06-10T10:40:00","date_gmt":"2020-06-10T10:40:00","guid":{"rendered":"https:\/\/www.stellenanzeigen.de\/careeasy\/?page_id=85787"},"modified":"2023-10-06T10:58:40","modified_gmt":"2023-10-06T08:58:40","slug":"bewerbungsvorlage-reinigungskraft","status":"publish","type":"page","link":"https:\/\/www.stellenanzeigen.de\/careeasy\/bewerbung\/bewerbungsvorlage-reinigungskraft\/","title":{"rendered":"Bewerbungsvorlage Reinigungskraft"},"content":{"rendered":"\n<figure class=\"wp-block-image alignnone size-medium wp-image-85788\"><img decoding=\"async\" loading=\"lazy\" width=\"978\" height=\"550\" src=\"https:\/\/www.stellenanzeigen.de\/careeasy\/wp-content\/uploads\/2020\/06\/iStock-932684614-978x550.jpg\" alt=\"Bewerbungsvorlage Reinigungskraft\" class=\"wp-image-85788\" srcset=\"https:\/\/www.stellenanzeigen.de\/careeasy\/wp-content\/uploads\/2020\/06\/iStock-932684614-978x550.jpg 978w, https:\/\/www.stellenanzeigen.de\/careeasy\/wp-content\/uploads\/2020\/06\/iStock-932684614-768x432.jpg 768w, https:\/\/www.stellenanzeigen.de\/careeasy\/wp-content\/uploads\/2020\/06\/iStock-932684614.jpg 1366w\" sizes=\"(max-width: 978px) 100vw, 978px\" \/><figcaption>Bewerbungsvorlage Reinigungskraft &#8211; Copyright: Happycity21<\/figcaption><\/figure>\n\n\n\n<div class=\"wp-block-columns alignwide pdf-teaser is-layout-flex wp-container-5\">\n<div class=\"wp-block-column pdf-thumbnail is-layout-flow\" style=\"flex-basis:35%\">\n<div class=\"wp-block-image\"><figure class=\"aligncenter size-large\"><img decoding=\"async\" loading=\"lazy\" width=\"300\" height=\"424\" src=\"https:\/\/www.stellenanzeigen.de\/careeasy\/wp-content\/uploads\/2020\/07\/Bewerbungsvorlage-Reinigungskraft-pdf-image.jpg\" alt=\"Bewerbungsvorlage Reinigungskraft\" class=\"wp-image-86450\"\/><\/figure><\/div>\n<\/div>\n\n\n\n<div class=\"wp-block-column teaser-box is-layout-flow\" style=\"flex-basis:65%\">\n<p>Auf stellenanzeigen.de findest du die Bewerbungsvorlage passend zu deiner Bewerbung.&nbsp;<strong>Diese kannst du einfach auf deinen Rechner herunterladen und individuell bearbeiten.<\/strong>&nbsp;Trage deine Kontaktdaten ein und erg\u00e4nze alle relevanten Informationen \u00fcber deinen pers\u00f6nlichen Werdegang und deine bisherige Erfahrung.<\/p><div id=\"ez-toc-container\" class=\"ez-toc-v2_0_62 counter-hierarchy ez-toc-counter ez-toc-grey ez-toc-container-direction\">\n<div class=\"ez-toc-title-container\">\n<p class=\"ez-toc-title \" >Inhaltsverzeichnis<\/p>\n<span class=\"ez-toc-title-toggle\"><\/span><\/div>\n<nav><ul class='ez-toc-list ez-toc-list-level-1 ' ><li class='ez-toc-page-1 ez-toc-heading-level-2'><a class=\"ez-toc-link ez-toc-heading-1\" href=\"https:\/\/www.stellenanzeigen.de\/careeasy\/bewerbung\/bewerbungsvorlage-reinigungskraft\/#Bestandteile_der_Bewerbung_als_Reinigungskraft\" title=\"Bestandteile der Bewerbung als Reinigungskraft\">Bestandteile der Bewerbung als Reinigungskraft<\/a><\/li><li class='ez-toc-page-1 ez-toc-heading-level-2'><a class=\"ez-toc-link ez-toc-heading-2\" href=\"https:\/\/www.stellenanzeigen.de\/careeasy\/bewerbung\/bewerbungsvorlage-reinigungskraft\/#Aktuelle_Stellenangebote_fuer_Reinigungskraefte\" title=\"Aktuelle Stellenangebote f\u00fcr Reinigungskr\u00e4fte\">Aktuelle Stellenangebote f\u00fcr Reinigungskr\u00e4fte<\/a><\/li><li class='ez-toc-page-1 ez-toc-heading-level-2'><a class=\"ez-toc-link ez-toc-heading-3\" href=\"https:\/\/www.stellenanzeigen.de\/careeasy\/bewerbung\/bewerbungsvorlage-reinigungskraft\/#Die_ideale_Vorbereitung_auf_das_persoenliche_Kennenlernen_mit_dem_Arbeitgeber\" title=\"Die ideale Vorbereitung auf das pers\u00f6nliche Kennenlernen mit dem Arbeitgeber\">Die ideale Vorbereitung auf das pers\u00f6nliche Kennenlernen mit dem Arbeitgeber<\/a><\/li><li class='ez-toc-page-1 ez-toc-heading-level-2'><a class=\"ez-toc-link ez-toc-heading-4\" href=\"https:\/\/www.stellenanzeigen.de\/careeasy\/bewerbung\/bewerbungsvorlage-reinigungskraft\/#Fragen_die_im_Vorstellungsgespraech_gestellt_werden_und_Antworten_die_du_geben_kannst\" title=\"Fragen, die im Vorstellungsgespr\u00e4ch gestellt werden und Antworten, die du geben kannst\">Fragen, die im Vorstellungsgespr\u00e4ch gestellt werden und Antworten, die du geben kannst<\/a><\/li><\/ul><\/nav><\/div>\n\n\n\n\n<div class=\"wp-block-buttons is-layout-flex\">\n<div class=\"wp-block-button\"><a class=\"wp-block-button__link has-background no-border-radius\" href=\"https:\/\/www.stellenanzeigen.de\/careeasy\/bewerbung\/bewerbungsvorlage-reinigungskraft\/#pdf-download\" style=\"background-color:#2b85b9\">Vorlage Anfordern<\/a><\/div>\n<\/div>\n<\/div>\n<\/div>\n\n\n\n<p>Danach kannst du sie einfach gemeinsam mit deinen Zeugnissen und deinem Lebenslauf zu einer Datei als pdf-Dokument zusammenf\u00fcgen. <strong>Schon ist die Bewerbung fertig und kann an deinen Wunsch-Arbeitgeber versendet werden.<\/strong><\/p>\n\n\n<h2><span class=\"ez-toc-section\" id=\"Bestandteile_der_Bewerbung_als_Reinigungskraft\"><\/span><span style=\"color: #333333;\">Bestandteile der Bewerbung als Reinigungskraft<\/span><span class=\"ez-toc-section-end\"><\/span><\/h2>\n<p><span style=\"color: #333333;\">Wenn du zu einem pers\u00f6nlichen Vorstellungsgespr\u00e4ch eingeladen wirst, bist du anderen Kandidaten\/innen schon einen gro\u00dfen Schritt voraus. <strong>Nur etwa 3 bis 5 pers\u00f6nliche Vorstellungsgespr\u00e4che werden meist pro ausgeschriebene Stelle gef\u00fchrt,<\/strong> so dass es nun f\u00fcr dich nur noch hei\u00dft, pers\u00f6nlich von dir zu \u00fcberzeugen. Wenn es dir hilft und dein Selbstbewusstsein st\u00e4rkt, kannst du ein Bewerbungstraining buchen. Du kannst dich aber auch selbst auf das Vorstellungsgespr\u00e4ch vorbereiten. <\/span><\/p>\n<p><span style=\"color: #333333;\">Damit du eine Einladung zu einem pers\u00f6nlichen Gespr\u00e4ch erh\u00e4ltst, musst du eine ordentliche und vor allem vollst\u00e4ndige Bewerbungsmappe zusammenstellen. Diese umfasst<strong> ein Motivationsschreiben,<\/strong> in dem du dich auf die Stellenanzeige beziehst und deine pers\u00f6nliche Motivation zum Ausdruck bringst. Gefolgt wird dieses Anschreiben von <strong>einem aktuellen <a class=\"wpil_keyword_link\" href=\"https:\/\/www.stellenanzeigen.de\/careeasy\/lebenslauf-vorlagen-sde106864\/\"   title=\"Lebenslauf\" data-wpil-keyword-link=\"linked\">Lebenslauf<\/a>,<\/strong> indem du tabellarisch deinen bisherigen Werdegang darstellst und den einzelnen Arbeitgebern und Stellen, die du ausgef\u00fchrt hast, stichpunktartig noch etwas Inhalt verleihst. <\/span><\/p>\n<h2><span class=\"ez-toc-section\" id=\"Aktuelle_Stellenangebote_fuer_Reinigungskraefte\"><\/span><a href=\"https:\/\/www.stellenanzeigen.de\/jobs\/reinigungskraft\/\" target=\"_blank\" rel=\"noopener noreferrer\">Aktuelle Stellenangebote f\u00fcr Reinigungskr\u00e4fte<\/a><span class=\"ez-toc-section-end\"><\/span><\/h2>\n<hr>\n<div id=\"suchwidgetErgebnisliste\">&nbsp;<\/div>\n<div id=\"StellenanzeigenSuchwidget\" tabindex=\"-1\">&nbsp;<\/div>\n<script>\n  var config = {\n    apiKey : 'FBEB08FBC7BB75349E26C51C530F79BF',\n    resultsPerPage : 3,\n    searchRadius : 60,\n    fulltext : 'reinigungskraft',\n    city : null,\n    category : null,\n    subCategories : null\n  };\n<\/script><script type=\"text\/javascript\" src=\"https:\/\/app.stellenanzeigen.de\/widget\/init.js\"><\/script>\n<hr>\n<p><span style=\"color: #333333;\">F\u00fcge deiner Bewerbung <strong>alle, in der Stellenanzeige angeforderten Dokumente<\/strong> bei. Hierzu geh\u00f6ren neben Anschreiben und Lebenslauf auch alle <strong>Nachweise \u00fcber deine bisherigen T\u00e4tigkeiten, Zeugnisse und Referenzen.<\/strong> Neben Arbeitgeber-Referenzen und Schulzeugnissen sind hier auch m\u00f6gliche Zeugnisse aus einem <strong>Praktikum oder von Weiterbildungen<\/strong> wichtig und k\u00f6nnen den Entscheider positiv beeinflussen und von dir \u00fcberzeugen. <\/span><\/p>\n<p><span style=\"color: #333333;\">Alle Dateien zusammengefasst in eine Bewerbungsmappe oder ein pdf-Dokument sind dann deine Mappe, die du an den Arbeitergeber versenden kannst. <\/span><\/p>\n<h2><span class=\"ez-toc-section\" id=\"Die_ideale_Vorbereitung_auf_das_persoenliche_Kennenlernen_mit_dem_Arbeitgeber\"><\/span><span style=\"color: #333333;\">Die ideale Vorbereitung auf das pers\u00f6nliche Kennenlernen mit dem Arbeitgeber<\/span><span class=\"ez-toc-section-end\"><\/span><\/h2>\n<p><span style=\"color: #333333;\">Lies dir vor dem pers\u00f6nlichen Gespr\u00e4ch die Unterlagen noch einmal genau durch und \u00fcbe am besten, deinen Lebenslauf frei zu erz\u00e4hlen. Au\u00dferdem kannst du einem Freund oder jemandem aus deiner Familie deinen Lebenslauf geben und gemeinsam mit diesen \u00fcberlegen, <strong>welche Fragen bei einem Personaler wom\u00f6glich beim Sichten deiner Unterlagen aufgekommen sind.<\/strong> So kannst du dir bereits die m\u00f6glichen Antworten gedanklich zurechtlegen. <\/span><\/p>\n<p><span style=\"color: #333333;\">Wenn das Unternehmen, bei dem du dich beworben hast, eine Homepage hat, so solltest du dir die Zeit nehmen und auch hier einen Blick drauf werfen. Das hilft dir, einen besseren Eindruck zu bekommen und vielleicht fallen dir auch auf Anhieb <strong>einige Fragen ein, die du dem Personaler oder deinem zuk\u00fcnftigen Chef stellen m\u00f6chtest.<\/strong> Oft ist dies gerne gesehen und zeigt, dass du dich mit der Firma auseinandergesetzt hast und wirklich an einer Zusammenarbeit interessiert bist. <\/span><\/p>\n<h2><span class=\"ez-toc-section\" id=\"Fragen_die_im_Vorstellungsgespraech_gestellt_werden_und_Antworten_die_du_geben_kannst\"><\/span><span style=\"color: #333333;\">Fragen, die im Vorstellungsgespr\u00e4ch gestellt werden und Antworten, die du geben kannst<\/span><span class=\"ez-toc-section-end\"><\/span><\/h2>\n<p><span style=\"color: #333333;\">Das Vorstellungsgespr\u00e4ch dient dem gegenseitigen Kennenlernen. Nat\u00fcrlich wirst du den h\u00f6heren Redeanteil haben, aus dem Grund musst du dich gut vorbereiten. <\/span><br><span style=\"color: #333333;\">Hilfreich ist es, <strong>sich vorher zu \u00fcberlegen, welche Fragen auf einen zukommen k\u00f6nnten und wie man diese geschickt beantworten kann.<\/strong> Die meisten Gespr\u00e4che verlaufen so, dass die Personen sich zun\u00e4chst vorstellen und dich dann bitten, ihnen kurz etwas \u00fcber dich zu erz\u00e4hlen. Es ist ratsam, hier nicht zu sehr in die Tiefe zu gehen. Lieber ein wenig aus deinem Lebenslauf berichten und Platz f\u00fcr Fragen lassen. Denn: <strong>Die Dinge, \u00fcber die du nicht so viel sprichst, werden sicherlich f\u00fcr Fragen interessant sein<\/strong> und so kannst du das Ganze etwas steuern. <\/span><\/p>\n<p><span style=\"color: #333333;\">Wenn du Krankheitszeiten oder andere Leerl\u00e4ufe in deinem Lebenslauf hast, solltest du dir \u00fcberlegen, warum diese entstanden sind. <strong>Vielleicht hast du sie zur Kindererziehung genutzt, eine Fortbildung gemacht oder einen Angeh\u00f6rigen gepflegt?<\/strong> Auch, wenn du arbeitslos warst, kannst du das sagen, versuche es aber positiv zu formulieren und sage, du seist <a class=\"wpil_keyword_link\" href=\"https:\/\/www.stellenanzeigen.de\/careeasy\/arbeitssuchend-melden-das-solltest-du-beachten-sde100250\/\" target=\"_blank\" rel=\"noopener\" title=\"arbeitssuchend\" data-wpil-keyword-link=\"linked\">arbeitssuchend<\/a> gewesen. <\/span><\/p>\n<p><span style=\"color: #333333;\">Au\u00dferdem werden einige Fragen zu deinen bisherigen T\u00e4tigkeiten und deinen Arbeitgebern kommen. Erz\u00e4hle ruhig die <strong>Dinge, die zu deiner neuen Stelle passen<\/strong> und noch einmal untermalen, dass du wei\u00dft, was dich erwartest und genau die richtige Person zur Belegung der Stelle bist.<\/span><\/p>\n<p><span style=\"color: #333333;\">Gerne fragen die Personaler auch etwas <strong>zum Thema Loyalit\u00e4t<\/strong> und wie du etwa mit Informationen umgehst, die du siehst oder h\u00f6rst, w\u00e4hrend du putzt. Antworte hier, dass du die Informationen nicht an Dritte weitergibst.<\/span><\/p>\n\n\n<div class=\"wp-block-group alignwide\" id=\"pdf-download\"><div class=\"wp-block-group__inner-container is-layout-flow\">\n<div class=\"wp-block-columns pdf-download is-layout-flex wp-container-8\">\n<div class=\"wp-block-column pdf-thumbnail is-layout-flow\" style=\"flex-basis:35%\">\n<figure class=\"wp-block-image size-large\"><img decoding=\"async\" loading=\"lazy\" width=\"300\" height=\"424\" src=\"https:\/\/www.stellenanzeigen.de\/careeasy\/wp-content\/uploads\/2020\/07\/Bewerbungsvorlage-Reinigungskraft-pdf-image.jpg\" alt=\"Bewerbungsvorlage Reinigungskraft\" class=\"wp-image-86450\"\/><\/figure>\n<\/div>\n\n\n\n<div class=\"wp-block-column subscribe-box is-layout-flow\" style=\"flex-basis:65%\">\n\t\t\t\n\t\t\t<form id=\"sib_signup_form_51\" method=\"post\" class=\"sib_signup_form\">\n\t\t\t\t<div class=\"sib_loader\" style=\"display:none;\"><img\n\t\t\t\t\t\t\tsrc=\"https:\/\/www.stellenanzeigen.de\/careeasy\/wp-includes\/images\/spinner.gif\" alt=\"loader\"><\/div>\n\t\t\t\t<input type=\"hidden\" name=\"sib_form_action\" value=\"subscribe_form_submit\">\n\t\t\t\t<input type=\"hidden\" name=\"sib_form_id\" value=\"51\">\n                <input type=\"hidden\" name=\"sib_form_alert_notice\" value=\"Bitte f\u00fclle das Feld aus\">\n                <input type=\"hidden\" name=\"sib_form_invalid_email_notice\" value=\"Deine E-Mail Adresse ist ung\u00fcltig\">\n                <input type=\"hidden\" name=\"sib_security\" value=\"6ef924f4b4\">\n\t\t\t\t<div class=\"sib_signup_box_inside_51\">\n\t\t\t\t\t<div style=\"\/*display:none*\/\" class=\"sib_msg_disp\">\n\t\t\t\t\t<\/div>\n                    \t\t\t\t\t<p style=\"font-size:21px;text-align:left;font-family: 'Helvetica',sans-serif;color:#2b85b9;background-color:transparent\"><strong>Jetzt Bewerbungsvorlage als Reinigungskraft anfordern und f\u00fcr den Newsletter anmelden<\/strong><\/p>\r\n<p class=\"sib-email-area\">\r\n    <label>E-Mail-Adresse <span style=\"color: red\">*<\/span><\/label>\r\n    <input type=\"email\" class=\"sib-email-area\" name=\"email\" required=\"required\" placeholder=\"E-Mail-Adresse\">\r\n<\/p>\r\n<p class=\"sib-terms\"><input type=\"checkbox\" name=\"terms\" required=\"required\"><label>Ich bin damit einverstanden, dass meine E-Mailadresse f\u00fcr Werbezwecke per Newsletter genutzt wird und akzeptiere die <a href=\"https:\/\/www.stellenanzeigen.de\/arbeitgeber\/datenschutzerklaerung\/\">Datenschutzerkl\u00e4rung <span style=\"color: red\">*<\/span><\/a><\/label><\/p>\r\n<p style=\"font-size:12px;text-align:left;font-family: 'Helvetica',sans-serif;color:#8390A4\">Du kannst den Newsletter jederzeit \u00fcber den Abmeldelink in der Fu\u00dfzeile unserer E-Mails abbestellen.<\/p>\r\n<input type=\"submit\" class=\"sib-default-btn\" value=\"Bewerbungsvorlage anfordern\">\t\t\t\t<\/div>\n\t\t\t<\/form>\n\t\t\t<style>\n\t\t\t\tform#sib_signup_form_51 p.sib-alert-message {\n    padding: 6px 12px;\n    margin-bottom: 20px;\n    border: 1px solid transparent;\n    border-radius: 4px;\n    -webkit-box-sizing: border-box;\n    -moz-box-sizing: border-box;\n    box-sizing: border-box;\n}\nform#sib_signup_form_51 p.sib-alert-message-error {\n    background-color: #f2dede;\n    border-color: #ebccd1;\n    color: #a94442;\n}\nform#sib_signup_form_51 p.sib-alert-message-success {\n    background-color: #dff0d8;\n    border-color: #d6e9c6;\n    color: #3c763d;\n}\nform#sib_signup_form_51 p.sib-alert-message-warning {\n    background-color: #fcf8e3;\n    border-color: #faebcc;\n    color: #8a6d3b;\n}\n\t\t\t<\/style>\n\t\t\t\n<\/div>\n<\/div>\n<\/div><\/div>\n","protected":false},"excerpt":{"rendered":"<p>Auf stellenanzeigen.de findest du die Bewerbungsvorlage passend zu deiner Bewerbung.&nbsp;Diese kannst du einfach auf deinen Rechner herunterladen und individuell bearbeiten.&nbsp;Trage deine Kontaktdaten ein und&#8230;<\/p>\n","protected":false},"author":106,"featured_media":0,"parent":14008,"menu_order":0,"comment_status":"closed","ping_status":"closed","template":"","meta":{"_uag_custom_page_level_css":""},"categories":[],"tags":[],"yoast_head":"<!-- This site is optimized with the Yoast SEO plugin v20.7 - https:\/\/yoast.com\/wordpress\/plugins\/seo\/ -->\n<title>Bewerbungsvorlage Reinigungskraft | careeasy - Dein Karrieremagazin<\/title>\n<meta name=\"description\" content=\"Bewerbungsvorlage Reinigungskraft - Copyright: Happycity21 Auf stellenanzeigen.de findest du die Bewerbungsvorlage passend zu deiner Bewerbung.&nbsp;Diese\" \/>\n<meta name=\"robots\" content=\"index, follow, max-snippet:-1, max-image-preview:large, max-video-preview:-1\" \/>\n<link rel=\"canonical\" href=\"https:\/\/www.stellenanzeigen.de\/careeasy\/bewerbung\/bewerbungsvorlage-reinigungskraft\/\" \/>\n<meta property=\"og:locale\" content=\"de_DE\" \/>\n<meta property=\"og:type\" content=\"article\" \/>\n<meta property=\"og:title\" content=\"Bewerbungsvorlage Reinigungskraft | careeasy - Dein Karrieremagazin\" \/>\n<meta property=\"og:description\" content=\"Bewerbungsvorlage Reinigungskraft - Copyright: Happycity21 Auf stellenanzeigen.de findest du die Bewerbungsvorlage passend zu deiner Bewerbung.&nbsp;Diese\" \/>\n<meta property=\"og:url\" content=\"https:\/\/www.stellenanzeigen.de\/careeasy\/bewerbung\/bewerbungsvorlage-reinigungskraft\/\" \/>\n<meta property=\"og:site_name\" content=\"careeasy - Dein Karrieremagazin\" \/>\n<meta property=\"article:publisher\" content=\"https:\/\/www.facebook.com\/stellenanzeigen.de\/\" \/>\n<meta property=\"article:modified_time\" content=\"2023-10-06T08:58:40+00:00\" \/>\n<meta property=\"og:image\" content=\"https:\/\/www.stellenanzeigen.de\/careeasy\/wp-content\/uploads\/2020\/06\/iStock-932684614-978x550.jpg\" \/>\n<meta name=\"twitter:label1\" content=\"Gesch\u00e4tzte Lesezeit\" \/>\n\t<meta name=\"twitter:data1\" content=\"4 Minuten\" \/>\n<script type=\"application\/ld+json\" class=\"yoast-schema-graph\">{\"@context\":\"https:\/\/schema.org\",\"@graph\":[{\"@type\":\"WebPage\",\"@id\":\"https:\/\/www.stellenanzeigen.de\/careeasy\/bewerbung\/bewerbungsvorlage-reinigungskraft\/\",\"url\":\"https:\/\/www.stellenanzeigen.de\/careeasy\/bewerbung\/bewerbungsvorlage-reinigungskraft\/\",\"name\":\"Bewerbungsvorlage Reinigungskraft | careeasy - Dein Karrieremagazin\",\"isPartOf\":{\"@id\":\"https:\/\/10.12.43.199\/careeasy\/#website\"},\"datePublished\":\"2020-06-10T10:40:00+00:00\",\"dateModified\":\"2023-10-06T08:58:40+00:00\",\"description\":\"Bewerbungsvorlage Reinigungskraft - Copyright: Happycity21 Auf stellenanzeigen.de findest du die Bewerbungsvorlage passend zu deiner Bewerbung.&nbsp;Diese\",\"breadcrumb\":{\"@id\":\"https:\/\/www.stellenanzeigen.de\/careeasy\/bewerbung\/bewerbungsvorlage-reinigungskraft\/#breadcrumb\"},\"inLanguage\":\"de-DE\",\"potentialAction\":[{\"@type\":\"ReadAction\",\"target\":[\"https:\/\/www.stellenanzeigen.de\/careeasy\/bewerbung\/bewerbungsvorlage-reinigungskraft\/\"]}]},{\"@type\":\"BreadcrumbList\",\"@id\":\"https:\/\/www.stellenanzeigen.de\/careeasy\/bewerbung\/bewerbungsvorlage-reinigungskraft\/#breadcrumb\",\"itemListElement\":[{\"@type\":\"ListItem\",\"position\":1,\"name\":\"Careeasy\",\"item\":\"https:\/\/10.12.43.199\/careeasy\/\"},{\"@type\":\"ListItem\",\"position\":2,\"name\":\"Bewerbungsvorlagen &#038; Bewerbungsmuster\",\"item\":\"https:\/\/www.stellenanzeigen.de\/careeasy\/bewerbung\/\"},{\"@type\":\"ListItem\",\"position\":3,\"name\":\"Bewerbungsvorlage Reinigungskraft\"}]},{\"@type\":\"WebSite\",\"@id\":\"https:\/\/10.12.43.199\/careeasy\/#website\",\"url\":\"https:\/\/10.12.43.199\/careeasy\/\",\"name\":\"careeasy - Dein Karrieremagazin\",\"description\":\"\",\"publisher\":{\"@id\":\"https:\/\/10.12.43.199\/careeasy\/#organization\"},\"potentialAction\":[{\"@type\":\"SearchAction\",\"target\":{\"@type\":\"EntryPoint\",\"urlTemplate\":\"https:\/\/10.12.43.199\/careeasy\/?s={search_term_string}\"},\"query-input\":\"required name=search_term_string\"}],\"inLanguage\":\"de-DE\"},{\"@type\":\"Organization\",\"@id\":\"https:\/\/10.12.43.199\/careeasy\/#organization\",\"name\":\"careeasy - Dein Karrieremagazin\",\"url\":\"https:\/\/10.12.43.199\/careeasy\/\",\"logo\":{\"@type\":\"ImageObject\",\"inLanguage\":\"de-DE\",\"@id\":\"https:\/\/10.12.43.199\/careeasy\/#\/schema\/logo\/image\/\",\"url\":\"https:\/\/www.stellenanzeigen.de\/careeasy\/wp-content\/uploads\/2024\/03\/careeasy_logo.jpg\",\"contentUrl\":\"https:\/\/www.stellenanzeigen.de\/careeasy\/wp-content\/uploads\/2024\/03\/careeasy_logo.jpg\",\"width\":701,\"height\":223,\"caption\":\"careeasy - Dein Karrieremagazin\"},\"image\":{\"@id\":\"https:\/\/10.12.43.199\/careeasy\/#\/schema\/logo\/image\/\"},\"sameAs\":[\"https:\/\/www.facebook.com\/stellenanzeigen.de\/\"]}]}<\/script>\n<!-- \/ Yoast SEO plugin. -->","yoast_head_json":{"title":"Bewerbungsvorlage Reinigungskraft | careeasy - Dein Karrieremagazin","description":"Bewerbungsvorlage Reinigungskraft - Copyright: Happycity21 Auf stellenanzeigen.de findest du die Bewerbungsvorlage passend zu deiner Bewerbung.&nbsp;Diese","robots":{"index":"index","follow":"follow","max-snippet":"max-snippet:-1","max-image-preview":"max-image-preview:large","max-video-preview":"max-video-preview:-1"},"canonical":"https:\/\/www.stellenanzeigen.de\/careeasy\/bewerbung\/bewerbungsvorlage-reinigungskraft\/","og_locale":"de_DE","og_type":"article","og_title":"Bewerbungsvorlage Reinigungskraft | careeasy - Dein Karrieremagazin","og_description":"Bewerbungsvorlage Reinigungskraft - Copyright: Happycity21 Auf stellenanzeigen.de findest du die Bewerbungsvorlage passend zu deiner Bewerbung.&nbsp;Diese","og_url":"https:\/\/www.stellenanzeigen.de\/careeasy\/bewerbung\/bewerbungsvorlage-reinigungskraft\/","og_site_name":"careeasy - Dein Karrieremagazin","article_publisher":"https:\/\/www.facebook.com\/stellenanzeigen.de\/","article_modified_time":"2023-10-06T08:58:40+00:00","og_image":[{"url":"https:\/\/www.stellenanzeigen.de\/careeasy\/wp-content\/uploads\/2020\/06\/iStock-932684614-978x550.jpg"}],"twitter_misc":{"Gesch\u00e4tzte Lesezeit":"4 Minuten"},"schema":{"@context":"https:\/\/schema.org","@graph":[{"@type":"WebPage","@id":"https:\/\/www.stellenanzeigen.de\/careeasy\/bewerbung\/bewerbungsvorlage-reinigungskraft\/","url":"https:\/\/www.stellenanzeigen.de\/careeasy\/bewerbung\/bewerbungsvorlage-reinigungskraft\/","name":"Bewerbungsvorlage Reinigungskraft | careeasy - Dein Karrieremagazin","isPartOf":{"@id":"https:\/\/10.12.43.199\/careeasy\/#website"},"datePublished":"2020-06-10T10:40:00+00:00","dateModified":"2023-10-06T08:58:40+00:00","description":"Bewerbungsvorlage Reinigungskraft - Copyright: Happycity21 Auf stellenanzeigen.de findest du die Bewerbungsvorlage passend zu deiner Bewerbung.&nbsp;Diese","breadcrumb":{"@id":"https:\/\/www.stellenanzeigen.de\/careeasy\/bewerbung\/bewerbungsvorlage-reinigungskraft\/#breadcrumb"},"inLanguage":"de-DE","potentialAction":[{"@type":"ReadAction","target":["https:\/\/www.stellenanzeigen.de\/careeasy\/bewerbung\/bewerbungsvorlage-reinigungskraft\/"]}]},{"@type":"BreadcrumbList","@id":"https:\/\/www.stellenanzeigen.de\/careeasy\/bewerbung\/bewerbungsvorlage-reinigungskraft\/#breadcrumb","itemListElement":[{"@type":"ListItem","position":1,"name":"Careeasy","item":"https:\/\/10.12.43.199\/careeasy\/"},{"@type":"ListItem","position":2,"name":"Bewerbungsvorlagen &#038; Bewerbungsmuster","item":"https:\/\/www.stellenanzeigen.de\/careeasy\/bewerbung\/"},{"@type":"ListItem","position":3,"name":"Bewerbungsvorlage Reinigungskraft"}]},{"@type":"WebSite","@id":"https:\/\/10.12.43.199\/careeasy\/#website","url":"https:\/\/10.12.43.199\/careeasy\/","name":"careeasy - Dein Karrieremagazin","description":"","publisher":{"@id":"https:\/\/10.12.43.199\/careeasy\/#organization"},"potentialAction":[{"@type":"SearchAction","target":{"@type":"EntryPoint","urlTemplate":"https:\/\/10.12.43.199\/careeasy\/?s={search_term_string}"},"query-input":"required name=search_term_string"}],"inLanguage":"de-DE"},{"@type":"Organization","@id":"https:\/\/10.12.43.199\/careeasy\/#organization","name":"careeasy - Dein Karrieremagazin","url":"https:\/\/10.12.43.199\/careeasy\/","logo":{"@type":"ImageObject","inLanguage":"de-DE","@id":"https:\/\/10.12.43.199\/careeasy\/#\/schema\/logo\/image\/","url":"https:\/\/www.stellenanzeigen.de\/careeasy\/wp-content\/uploads\/2024\/03\/careeasy_logo.jpg","contentUrl":"https:\/\/www.stellenanzeigen.de\/careeasy\/wp-content\/uploads\/2024\/03\/careeasy_logo.jpg","width":701,"height":223,"caption":"careeasy - Dein Karrieremagazin"},"image":{"@id":"https:\/\/10.12.43.199\/careeasy\/#\/schema\/logo\/image\/"},"sameAs":["https:\/\/www.facebook.com\/stellenanzeigen.de\/"]}]}},"uagb_featured_image_src":{"full":false,"thumbnail":false,"medium":false,"medium_large":false,"large":false,"1536x1536":false,"2048x2048":false,"neomag-medium":false,"neomag-big":false,"neomag-large":false,"neomag-huge":false},"uagb_author_info":{"display_name":"Marina Pavel","author_link":"https:\/\/www.stellenanzeigen.de\/careeasy\/author\/marina\/"},"uagb_comment_info":0,"uagb_excerpt":"Auf stellenanzeigen.de findest du die Bewerbungsvorlage passend zu deiner Bewerbung.&nbsp;Diese kannst du einfach auf deinen Rechner herunterladen und individuell bearbeiten.&nbsp;Trage deine Kontaktdaten ein und...","_links":{"self":[{"href":"https:\/\/www.stellenanzeigen.de\/careeasy\/wp-json\/wp\/v2\/pages\/85787"}],"collection":[{"href":"https:\/\/www.stellenanzeigen.de\/careeasy\/wp-json\/wp\/v2\/pages"}],"about":[{"href":"https:\/\/www.stellenanzeigen.de\/careeasy\/wp-json\/wp\/v2\/types\/page"}],"author":[{"embeddable":true,"href":"https:\/\/www.stellenanzeigen.de\/careeasy\/wp-json\/wp\/v2\/users\/106"}],"replies":[{"embeddable":true,"href":"https:\/\/www.stellenanzeigen.de\/careeasy\/wp-json\/wp\/v2\/comments?post=85787"}],"version-history":[{"count":9,"href":"https:\/\/www.stellenanzeigen.de\/careeasy\/wp-json\/wp\/v2\/pages\/85787\/revisions"}],"predecessor-version":[{"id":119399,"href":"https:\/\/www.stellenanzeigen.de\/careeasy\/wp-json\/wp\/v2\/pages\/85787\/revisions\/119399"}],"up":[{"embeddable":true,"href":"https:\/\/www.stellenanzeigen.de\/careeasy\/wp-json\/wp\/v2\/pages\/14008"}],"wp:attachment":[{"href":"https:\/\/www.stellenanzeigen.de\/careeasy\/wp-json\/wp\/v2\/media?parent=85787"}],"wp:term":[{"taxonomy":"category","embeddable":true,"href":"https:\/\/www.stellenanzeigen.de\/careeasy\/wp-json\/wp\/v2\/categories?post=85787"},{"taxonomy":"post_tag","embeddable":true,"href":"https:\/\/www.stellenanzeigen.de\/careeasy\/wp-json\/wp\/v2\/tags?post=85787"}],"curies":[{"name":"wp","href":"https:\/\/api.w.org\/{rel}","templated":true}]}}