{"id":85783,"date":"2020-06-10T10:30:10","date_gmt":"2020-06-10T10:30:10","guid":{"rendered":"https:\/\/www.stellenanzeigen.de\/careeasy\/?page_id=85783"},"modified":"2023-10-06T10:58:39","modified_gmt":"2023-10-06T08:58:39","slug":"bewerbungsvorlage-kinderpfleger-in","status":"publish","type":"page","link":"https:\/\/www.stellenanzeigen.de\/careeasy\/bewerbung\/bewerbungsvorlage-kinderpfleger-in\/","title":{"rendered":"Bewerbungsvorlage Kinderpfleger\/in"},"content":{"rendered":"\n<figure class=\"wp-block-image alignwide size-medium wp-image-85785\"><img decoding=\"async\" loading=\"lazy\" width=\"978\" height=\"652\" src=\"https:\/\/www.stellenanzeigen.de\/careeasy\/wp-content\/uploads\/2020\/06\/iStock-669078480-978x652.jpg\" alt=\"Bewerbungsvorlage Kinderpfleger\/in\" class=\"wp-image-85785\" srcset=\"https:\/\/www.stellenanzeigen.de\/careeasy\/wp-content\/uploads\/2020\/06\/iStock-669078480-978x652.jpg 978w, https:\/\/www.stellenanzeigen.de\/careeasy\/wp-content\/uploads\/2020\/06\/iStock-669078480-768x512.jpg 768w, https:\/\/www.stellenanzeigen.de\/careeasy\/wp-content\/uploads\/2020\/06\/iStock-669078480-272x182.jpg 272w, https:\/\/www.stellenanzeigen.de\/careeasy\/wp-content\/uploads\/2020\/06\/iStock-669078480.jpg 1254w\" sizes=\"(max-width: 978px) 100vw, 978px\" \/><figcaption>Bewerbungsvorlage Kinderpfleger\/in &#8211; Copyright: Lordn<\/figcaption><\/figure>\n\n\n\n<div class=\"wp-block-columns alignwide pdf-teaser is-layout-flex wp-container-5\">\n<div class=\"wp-block-column pdf-thumbnail is-layout-flow\" style=\"flex-basis:35%\">\n<div class=\"wp-block-image\"><figure class=\"aligncenter size-large\"><img decoding=\"async\" loading=\"lazy\" width=\"300\" height=\"424\" src=\"https:\/\/www.stellenanzeigen.de\/careeasy\/wp-content\/uploads\/2020\/07\/KinderpflegerIn-pdf-image.jpg\" alt=\"Bewerbungsvorlage Kinderpfleger\/in\" class=\"wp-image-86407\"\/><\/figure><\/div>\n\n\n\n<p><\/p><div id=\"ez-toc-container\" class=\"ez-toc-v2_0_62 counter-hierarchy ez-toc-counter ez-toc-grey ez-toc-container-direction\">\n<div class=\"ez-toc-title-container\">\n<p class=\"ez-toc-title \" >Inhaltsverzeichnis<\/p>\n<span class=\"ez-toc-title-toggle\"><\/span><\/div>\n<nav><ul class='ez-toc-list ez-toc-list-level-1 ' ><li class='ez-toc-page-1 ez-toc-heading-level-2'><a class=\"ez-toc-link ez-toc-heading-1\" href=\"https:\/\/www.stellenanzeigen.de\/careeasy\/bewerbung\/bewerbungsvorlage-kinderpfleger-in\/#Bestandteile_der_Bewerbung_als_Kinderpflegerin\" title=\"Bestandteile der Bewerbung als Kinderpfleger\/in\">Bestandteile der Bewerbung als Kinderpfleger\/in<\/a><\/li><li class='ez-toc-page-1 ez-toc-heading-level-2'><a class=\"ez-toc-link ez-toc-heading-2\" href=\"https:\/\/www.stellenanzeigen.de\/careeasy\/bewerbung\/bewerbungsvorlage-kinderpfleger-in\/#Aktuelle_Stellenangebote_fuer_Kinderpflegerinnen\" title=\"Aktuelle Stellenangebote f\u00fcr Kinderpfleger\/innen\">Aktuelle Stellenangebote f\u00fcr Kinderpfleger\/innen<\/a><\/li><li class='ez-toc-page-1 ez-toc-heading-level-2'><a class=\"ez-toc-link ez-toc-heading-3\" href=\"https:\/\/www.stellenanzeigen.de\/careeasy\/bewerbung\/bewerbungsvorlage-kinderpfleger-in\/#Die_perfekte_Vorbereitung_auf_dein_Vorstellungsgespraech\" title=\"Die perfekte Vorbereitung auf dein Vorstellungsgespr\u00e4ch\">Die perfekte Vorbereitung auf dein Vorstellungsgespr\u00e4ch<\/a><\/li><li class='ez-toc-page-1 ez-toc-heading-level-2'><a class=\"ez-toc-link ez-toc-heading-4\" href=\"https:\/\/www.stellenanzeigen.de\/careeasy\/bewerbung\/bewerbungsvorlage-kinderpfleger-in\/#Fragen_und_Antwortmoeglichkeiten_um_dich_auf_dein_Vorstellungsgespraech_vorzubereiten\" title=\"Fragen und Antwortm\u00f6glichkeiten, um dich auf dein Vorstellungsgespr\u00e4ch vorzubereiten\">Fragen und Antwortm\u00f6glichkeiten, um dich auf dein Vorstellungsgespr\u00e4ch vorzubereiten<\/a><\/li><\/ul><\/nav><\/div>\n\n<\/div>\n\n\n\n<div class=\"wp-block-column teaser-box is-layout-flow\" style=\"flex-basis:65%\">\n<p>Auf stellenanzeigen.de bieten wir die M\u00f6glichkeit, <strong>eine Musterbewerbung<\/strong> <strong>kostenlos herunterzuladen.<\/strong> Die Bewerbung ist ein Anhaltspunkt f\u00fcr dich und kann schnell und einfach um deine pers\u00f6nlichen Daten und Erfahrungen erg\u00e4nzt werden. Lade dir die Bewerbungsvorlage herunter, bearbeite sie und speichere sie als PDF- oder Worddokument direkt ab. Die Bewerbungsvorlage kannst du dann, gemeinsam mit deinen Zeugnissen und Referenzen, direkt an deinen Arbeitgeber versenden, oder auf dessen Bewerberportal hochladen.<\/p>\n\n\n\n<div class=\"wp-block-buttons is-layout-flex\">\n<div class=\"wp-block-button\"><a class=\"wp-block-button__link has-background no-border-radius\" href=\"https:\/\/www.stellenanzeigen.de\/careeasy\/bewerbung\/bewerbungsvorlage-kinderpfleger-in\/#pdf-download\" style=\"background-color:#2b85b9\">Vorlage Anfordern<\/a><\/div>\n<\/div>\n<\/div>\n<\/div>\n\n\n<div class=\"mceTemp\">&nbsp;<\/div>\n<h2><span class=\"ez-toc-section\" id=\"Bestandteile_der_Bewerbung_als_Kinderpflegerin\"><\/span><span style=\"color: #333333;\">Bestandteile der Bewerbung als Kinderpfleger\/in<\/span><span class=\"ez-toc-section-end\"><\/span><\/h2>\n<p><span style=\"color: #333333;\">Wer sich auf die Stelle des Krankenpflegers oder der Krankenpflegerin bewirbt,<strong> sollte vor allem Empathie wecken.<\/strong> Zeige mit deiner Bewerbung, dass du gerne mit Menschen zu tun hast und die Arbeit mit Kindern dir gro\u00dfen Spa\u00df macht. Nat\u00fcrlich solltest du auch hier schon zeigen, dass du Erfahrung hast. Schreibe, wo du mit Kindern zu tun hast und erste Erfahrungen gesammelt hast.<strong> Das kann w\u00e4hrend der Ausbildung, aber auch in deiner Freizeit gewesen sein.<\/strong> Vielleicht hast du auch an einer Weiterbildung teilgenommen?<\/span><\/p>\n<p><span style=\"color: #333333;\">Nachdem du deine Motivation ausgedr\u00fcckt hast, solltest du auch <strong>etwas \u00fcber deinen beruflichen Werdegang und zu deiner Person schreiben.<\/strong> Dies hilft den Entscheidern, sich einen ersten Eindruck von deinen F\u00e4higkeiten und Kompetenzen zu machen. So wissen diese auch, ob du in das bestehende Team passt und mit welchen Eigenschaften, du dieses bereichern kannst. <\/span><\/p>\n<h2><span class=\"ez-toc-section\" id=\"Aktuelle_Stellenangebote_fuer_Kinderpflegerinnen\"><\/span><a href=\"https:\/\/www.stellenanzeigen.de\/jobs\/kinderpfleger-in\/\" target=\"_blank\" rel=\"noopener noreferrer\">Aktuelle Stellenangebote f\u00fcr Kinderpfleger\/innen<\/a><span class=\"ez-toc-section-end\"><\/span><\/h2>\n<hr>\n<div id=\"suchwidgetErgebnisliste\">&nbsp;<\/div>\n<div id=\"StellenanzeigenSuchwidget\" tabindex=\"-1\">&nbsp;<\/div>\n<script>\n  var config = {\n    apiKey : 'FBEB08FBC7BB75349E26C51C530F79BF',\n    resultsPerPage : 3,\n    searchRadius : 60,\n    fulltext : 'kinderpfleger',\n    city : null,\n    category : null,\n    subCategories : null\n  };\n<\/script><script type=\"text\/javascript\" src=\"https:\/\/app.stellenanzeigen.de\/widget\/init.js\"><\/script>\n<hr>\n<p><span style=\"color: #333333;\">Zu deinem Anschreiben, indem du vor allem deine Motivation ausdr\u00fcckst und zeigst, warum genau du die richtige Person bist, diese Stelle zu besetzen, sendest du auch <strong>alle Referenzen mit, die in der Stellenausschreibung angesprochen werden.<\/strong> <\/span><br><span style=\"color: #333333;\">Hierzu geh\u00f6ren <strong>Schul- und Ausbildungszeugnisse,<\/strong> aber auch <strong>Nachweise \u00fcber Weiterbildungen und besondere Qualifizierungen.<\/strong> Au\u00dferdem lege auf jeden Fall Referenzen deiner bisherigen Arbeitgeber bei. <\/span><\/p>\n<p><span style=\"color: #333333;\">Sowohl im Anschreiben als auch im <a class=\"wpil_keyword_link\" href=\"https:\/\/www.stellenanzeigen.de\/careeasy\/lebenslauf-vorlagen-sde106864\/\"   title=\"Lebenslauf\" data-wpil-keyword-link=\"linked\">Lebenslauf<\/a> vermerkst du <strong>deine Kontaktdaten,<\/strong> damit der Arbeitgeber sich mit dir in Verbindung setzen kann. Hierzu solltest du deine private E-Mail-Adresse nutzen und keine berufliche. <\/span><\/p>\n<p><span style=\"color: #333333;\">Alle Dokumente solltest du <strong>als eine PDF-Datei zusammenfassen,<\/strong> dies erleichtert der Personalabteilung des Unternehmens die Sichtung und wirkt sich meist schon positiv auf die Entscheidung aus. Immerhin erleichterst du ihnen damit die Durchsicht, weil ein Dokument einfach \u00fcbersichtlicher ist und die Dateien in der richtigen Reihenfolge sind.<\/span><\/p>\n<h2><span class=\"ez-toc-section\" id=\"Die_perfekte_Vorbereitung_auf_dein_Vorstellungsgespraech\"><\/span><span style=\"color: #333333;\">Die perfekte Vorbereitung auf dein Vorstellungsgespr\u00e4ch<\/span><span class=\"ez-toc-section-end\"><\/span><\/h2>\n<p><span style=\"color: #333333;\">Im Vorstellungsgespr\u00e4ch erwartet die Personalabteilung eine Person, die vor allem die notwendige emotionale Distanz zeigt, die dieser Job erfordert. Zeige dich mit deinen F\u00e4higkeiten und Fertigkeiten und schaue vor allem darauf, <strong>dass du diese anhand von T\u00e4tigkeiten in deiner neuen Stelle aufzeigen kannst.<\/strong> Versuche konkrete Beispiele zu geben, wie du deine F\u00e4higkeiten einbringen kannst. <\/span><span style=\"color: #333333;\">Erz\u00e4hle auch davon, was du lernen m\u00f6chtest und, wie du dich beruflich noch weiter entwickeln m\u00f6chtest.<\/span><\/p>\n<p><span style=\"color: #333333;\">Die Stellenanzeige ist dabei eine wichtige Grundlage, die du auf jeden Fall vor dem Termin noch einmal im Detail studieren solltest. <strong>Nutze im Gespr\u00e4ch ruhig auch die Worte, so wie sie in der Stellenanzeige vorkommen.<\/strong> Im Idealfall bereitest du dich auch vor, indem du dir <strong>die Homepage des Unternehmens<\/strong> ansiehst und dir ein oder zwei Fragen hierzu \u00fcberlegst. Hier findest du oft viele Informationen \u00fcber den Betrieb und die Unternehmensphilosophie und kannst vielleicht auch schon etwas \u00fcber die Gespr\u00e4chspartner in deinem Vorstellungsgespr\u00e4ch in Erfahrung bringen. <\/span><\/p>\n<h2><span class=\"ez-toc-section\" id=\"Fragen_und_Antwortmoeglichkeiten_um_dich_auf_dein_Vorstellungsgespraech_vorzubereiten\"><\/span><span style=\"color: #333333;\">Fragen und Antwortm\u00f6glichkeiten, um dich auf dein Vorstellungsgespr\u00e4ch vorzubereiten<\/span><span class=\"ez-toc-section-end\"><\/span><\/h2>\n<p><span style=\"color: #333333;\">Die Personalabteilung m\u00f6chte sich ein genaues Bild machen, um sich vorstellen zu k\u00f6nnen, ob du f\u00fcr die Stelle geeignet bist. Sowohl Fragen zu deiner Qualifikation und Ausbildung, aber auch zu deiner Person wird man dir stellen. <strong>Schau dir deinen Lebenslauf und dein Anschreiben noch einmal an.<\/strong> Vielleicht findest du schon Punkte, wo du als Personaler genauer nachfragen w\u00fcrdest. Das k\u00f6nnen L\u00fccken im Lebenslauf, aber auch zu verschiedenen Arbeitgebern oder deiner Ausbildung sein.<\/span><\/p>\n<p><span style=\"color: #333333;\">Beliebt sind bei Personalern auch Fragen zu deinen pers\u00f6nlichen St\u00e4rken und Schw\u00e4chen. \u00dcberlege dir welche, <strong>die sowohl als Nach- wie auch als Vorteil ausgelegt werden k\u00f6nnen.<\/strong> Das w\u00e4re beispielsweise deine P\u00fcnktlichkeit, obwohl deine Freunde immer unp\u00fcnktlich sind oder deine Genauigkeit bei der Erf\u00fcllung und Ausf\u00fchrung von Aufgaben.&nbsp;<\/span><\/p>\n\n\n<div class=\"wp-block-group alignwide\" id=\"pdf-download\"><div class=\"wp-block-group__inner-container is-layout-flow\">\n<div class=\"wp-block-columns pdf-download is-layout-flex wp-container-8\">\n<div class=\"wp-block-column pdf-thumbnail is-layout-flow\" style=\"flex-basis:35%\">\n<figure class=\"wp-block-image size-large\"><img decoding=\"async\" loading=\"lazy\" width=\"300\" height=\"424\" src=\"https:\/\/www.stellenanzeigen.de\/careeasy\/wp-content\/uploads\/2020\/07\/KinderpflegerIn-pdf-image.jpg\" alt=\"Bewerbungsvorlage Kinderpfleger\/in\" class=\"wp-image-86407\"\/><\/figure>\n<\/div>\n\n\n\n<div class=\"wp-block-column subscribe-box is-layout-flow\" style=\"flex-basis:65%\">\n\t\t\t\n\t\t\t<form id=\"sib_signup_form_31\" method=\"post\" class=\"sib_signup_form\">\n\t\t\t\t<div class=\"sib_loader\" style=\"display:none;\"><img\n\t\t\t\t\t\t\tsrc=\"https:\/\/www.stellenanzeigen.de\/careeasy\/wp-includes\/images\/spinner.gif\" alt=\"loader\"><\/div>\n\t\t\t\t<input type=\"hidden\" name=\"sib_form_action\" value=\"subscribe_form_submit\">\n\t\t\t\t<input type=\"hidden\" name=\"sib_form_id\" value=\"31\">\n                <input type=\"hidden\" name=\"sib_form_alert_notice\" value=\"Bitte f\u00fclle das Feld aus\">\n                <input type=\"hidden\" name=\"sib_form_invalid_email_notice\" value=\"Deine E-Mail Adresse ist ung\u00fcltig\">\n                <input type=\"hidden\" name=\"sib_security\" value=\"4dd354e843\">\n\t\t\t\t<div class=\"sib_signup_box_inside_31\">\n\t\t\t\t\t<div style=\"\/*display:none*\/\" class=\"sib_msg_disp\">\n\t\t\t\t\t<\/div>\n                    \t\t\t\t\t<p style=\"font-size:21px;text-align:left;font-family: 'Helvetica',sans-serif;color:#2b85b9;background-color:transparent\"><strong>Jetzt Bewerbungsvorlage als Kinderpfleger\/in anfordern und f\u00fcr den Newsletter anmelden<\/strong><\/p>\r\n<p class=\"sib-email-area\">\r\n    <label>E-Mail-Adresse <span style=\"color: red\">*<\/span><\/label>\r\n    <input type=\"email\" class=\"sib-email-area\" name=\"email\" required=\"required\" placeholder=\"E-Mail-Adresse\">\r\n<\/p>\r\n<p class=\"sib-terms\"><input type=\"checkbox\" name=\"terms\" required=\"required\"><label>Ich bin damit einverstanden, dass meine E-Mailadresse f\u00fcr Werbezwecke per Newsletter genutzt wird und akzeptiere die <a href=\"https:\/\/www.stellenanzeigen.de\/arbeitgeber\/datenschutzerklaerung\/\">Datenschutzerkl\u00e4rung <span style=\"color: red\">*<\/span><\/a><\/label><\/p>\r\n<p style=\"font-size:12px;text-align:left;font-family: 'Helvetica',sans-serif;color:#8390A4\">Du kannst den Newsletter jederzeit \u00fcber den Abmeldelink in der Fu\u00dfzeile unserer E-Mails abbestellen.<\/p>\r\n<input type=\"submit\" class=\"sib-default-btn\" value=\"Bewerbungsvorlage anfordern\">\t\t\t\t<\/div>\n\t\t\t<\/form>\n\t\t\t<style>\n\t\t\t\tform#sib_signup_form_31 p.sib-alert-message {\n    padding: 6px 12px;\n    margin-bottom: 20px;\n    border: 1px solid transparent;\n    border-radius: 4px;\n    -webkit-box-sizing: border-box;\n    -moz-box-sizing: border-box;\n    box-sizing: border-box;\n}\nform#sib_signup_form_31 p.sib-alert-message-error {\n    background-color: #f2dede;\n    border-color: #ebccd1;\n    color: #a94442;\n}\nform#sib_signup_form_31 p.sib-alert-message-success {\n    background-color: #dff0d8;\n    border-color: #d6e9c6;\n    color: #3c763d;\n}\nform#sib_signup_form_31 p.sib-alert-message-warning {\n    background-color: #fcf8e3;\n    border-color: #faebcc;\n    color: #8a6d3b;\n}\n\t\t\t<\/style>\n\t\t\t\n<\/div>\n<\/div>\n<\/div><\/div>\n","protected":false},"excerpt":{"rendered":"<p>Auf stellenanzeigen.de bieten wir die M\u00f6glichkeit, eine Musterbewerbung kostenlos herunterzuladen. Die Bewerbung ist ein Anhaltspunkt f\u00fcr dich und kann schnell und einfach um deine&#8230;<\/p>\n","protected":false},"author":106,"featured_media":0,"parent":14008,"menu_order":0,"comment_status":"closed","ping_status":"closed","template":"","meta":{"_uag_custom_page_level_css":""},"categories":[],"tags":[],"yoast_head":"<!-- This site is optimized with the Yoast SEO plugin v20.7 - https:\/\/yoast.com\/wordpress\/plugins\/seo\/ -->\n<title>Bewerbungsvorlage Kinderpfleger\/in | careeasy - Dein Karrieremagazin<\/title>\n<meta name=\"description\" content=\"Bewerbungsvorlage Kinderpfleger\/in - Copyright: Lordn Auf stellenanzeigen.de bieten wir die M\u00f6glichkeit, eine Musterbewerbung kostenlos herunterzuladen.\" \/>\n<meta name=\"robots\" content=\"index, follow, max-snippet:-1, max-image-preview:large, max-video-preview:-1\" \/>\n<link rel=\"canonical\" href=\"https:\/\/www.stellenanzeigen.de\/careeasy\/bewerbung\/bewerbungsvorlage-kinderpfleger-in\/\" \/>\n<meta property=\"og:locale\" content=\"de_DE\" \/>\n<meta property=\"og:type\" content=\"article\" \/>\n<meta property=\"og:title\" content=\"Bewerbungsvorlage Kinderpfleger\/in | careeasy - Dein Karrieremagazin\" \/>\n<meta property=\"og:description\" content=\"Bewerbungsvorlage Kinderpfleger\/in - Copyright: Lordn Auf stellenanzeigen.de bieten wir die M\u00f6glichkeit, eine Musterbewerbung kostenlos herunterzuladen.\" \/>\n<meta property=\"og:url\" content=\"https:\/\/www.stellenanzeigen.de\/careeasy\/bewerbung\/bewerbungsvorlage-kinderpfleger-in\/\" \/>\n<meta property=\"og:site_name\" content=\"careeasy - Dein Karrieremagazin\" \/>\n<meta property=\"article:publisher\" content=\"https:\/\/www.facebook.com\/stellenanzeigen.de\/\" \/>\n<meta property=\"article:modified_time\" content=\"2023-10-06T08:58:39+00:00\" \/>\n<meta property=\"og:image\" content=\"https:\/\/www.stellenanzeigen.de\/careeasy\/wp-content\/uploads\/2020\/06\/iStock-669078480-978x652.jpg\" \/>\n<meta name=\"twitter:label1\" content=\"Gesch\u00e4tzte Lesezeit\" \/>\n\t<meta name=\"twitter:data1\" content=\"3 Minuten\" \/>\n<script type=\"application\/ld+json\" class=\"yoast-schema-graph\">{\"@context\":\"https:\/\/schema.org\",\"@graph\":[{\"@type\":\"WebPage\",\"@id\":\"https:\/\/www.stellenanzeigen.de\/careeasy\/bewerbung\/bewerbungsvorlage-kinderpfleger-in\/\",\"url\":\"https:\/\/www.stellenanzeigen.de\/careeasy\/bewerbung\/bewerbungsvorlage-kinderpfleger-in\/\",\"name\":\"Bewerbungsvorlage Kinderpfleger\/in | careeasy - Dein Karrieremagazin\",\"isPartOf\":{\"@id\":\"https:\/\/www.stellenanzeigen.de\/careeasy\/#website\"},\"datePublished\":\"2020-06-10T10:30:10+00:00\",\"dateModified\":\"2023-10-06T08:58:39+00:00\",\"description\":\"Bewerbungsvorlage Kinderpfleger\/in - Copyright: Lordn Auf stellenanzeigen.de bieten wir die M\u00f6glichkeit, eine Musterbewerbung kostenlos herunterzuladen.\",\"breadcrumb\":{\"@id\":\"https:\/\/www.stellenanzeigen.de\/careeasy\/bewerbung\/bewerbungsvorlage-kinderpfleger-in\/#breadcrumb\"},\"inLanguage\":\"de-DE\",\"potentialAction\":[{\"@type\":\"ReadAction\",\"target\":[\"https:\/\/www.stellenanzeigen.de\/careeasy\/bewerbung\/bewerbungsvorlage-kinderpfleger-in\/\"]}]},{\"@type\":\"BreadcrumbList\",\"@id\":\"https:\/\/www.stellenanzeigen.de\/careeasy\/bewerbung\/bewerbungsvorlage-kinderpfleger-in\/#breadcrumb\",\"itemListElement\":[{\"@type\":\"ListItem\",\"position\":1,\"name\":\"Careeasy\",\"item\":\"https:\/\/www.stellenanzeigen.de\/careeasy\/\"},{\"@type\":\"ListItem\",\"position\":2,\"name\":\"Bewerbungsvorlagen &#038; Bewerbungsmuster\",\"item\":\"https:\/\/www.stellenanzeigen.de\/careeasy\/bewerbung\/\"},{\"@type\":\"ListItem\",\"position\":3,\"name\":\"Bewerbungsvorlage Kinderpfleger\/in\"}]},{\"@type\":\"WebSite\",\"@id\":\"https:\/\/www.stellenanzeigen.de\/careeasy\/#website\",\"url\":\"https:\/\/www.stellenanzeigen.de\/careeasy\/\",\"name\":\"careeasy - Dein Karrieremagazin\",\"description\":\"\",\"publisher\":{\"@id\":\"https:\/\/www.stellenanzeigen.de\/careeasy\/#organization\"},\"potentialAction\":[{\"@type\":\"SearchAction\",\"target\":{\"@type\":\"EntryPoint\",\"urlTemplate\":\"https:\/\/www.stellenanzeigen.de\/careeasy\/?s={search_term_string}\"},\"query-input\":\"required name=search_term_string\"}],\"inLanguage\":\"de-DE\"},{\"@type\":\"Organization\",\"@id\":\"https:\/\/www.stellenanzeigen.de\/careeasy\/#organization\",\"name\":\"careeasy - Dein Karrieremagazin\",\"url\":\"https:\/\/www.stellenanzeigen.de\/careeasy\/\",\"logo\":{\"@type\":\"ImageObject\",\"inLanguage\":\"de-DE\",\"@id\":\"https:\/\/www.stellenanzeigen.de\/careeasy\/#\/schema\/logo\/image\/\",\"url\":\"https:\/\/www.stellenanzeigen.de\/careeasy\/wp-content\/uploads\/2024\/03\/careeasy_logo.jpg\",\"contentUrl\":\"https:\/\/www.stellenanzeigen.de\/careeasy\/wp-content\/uploads\/2024\/03\/careeasy_logo.jpg\",\"width\":701,\"height\":223,\"caption\":\"careeasy - Dein Karrieremagazin\"},\"image\":{\"@id\":\"https:\/\/www.stellenanzeigen.de\/careeasy\/#\/schema\/logo\/image\/\"},\"sameAs\":[\"https:\/\/www.facebook.com\/stellenanzeigen.de\/\"]}]}<\/script>\n<!-- \/ Yoast SEO plugin. -->","yoast_head_json":{"title":"Bewerbungsvorlage Kinderpfleger\/in | careeasy - Dein Karrieremagazin","description":"Bewerbungsvorlage Kinderpfleger\/in - Copyright: Lordn Auf stellenanzeigen.de bieten wir die M\u00f6glichkeit, eine Musterbewerbung kostenlos herunterzuladen.","robots":{"index":"index","follow":"follow","max-snippet":"max-snippet:-1","max-image-preview":"max-image-preview:large","max-video-preview":"max-video-preview:-1"},"canonical":"https:\/\/www.stellenanzeigen.de\/careeasy\/bewerbung\/bewerbungsvorlage-kinderpfleger-in\/","og_locale":"de_DE","og_type":"article","og_title":"Bewerbungsvorlage Kinderpfleger\/in | careeasy - Dein Karrieremagazin","og_description":"Bewerbungsvorlage Kinderpfleger\/in - Copyright: Lordn Auf stellenanzeigen.de bieten wir die M\u00f6glichkeit, eine Musterbewerbung kostenlos herunterzuladen.","og_url":"https:\/\/www.stellenanzeigen.de\/careeasy\/bewerbung\/bewerbungsvorlage-kinderpfleger-in\/","og_site_name":"careeasy - Dein Karrieremagazin","article_publisher":"https:\/\/www.facebook.com\/stellenanzeigen.de\/","article_modified_time":"2023-10-06T08:58:39+00:00","og_image":[{"url":"https:\/\/www.stellenanzeigen.de\/careeasy\/wp-content\/uploads\/2020\/06\/iStock-669078480-978x652.jpg"}],"twitter_misc":{"Gesch\u00e4tzte Lesezeit":"3 Minuten"},"schema":{"@context":"https:\/\/schema.org","@graph":[{"@type":"WebPage","@id":"https:\/\/www.stellenanzeigen.de\/careeasy\/bewerbung\/bewerbungsvorlage-kinderpfleger-in\/","url":"https:\/\/www.stellenanzeigen.de\/careeasy\/bewerbung\/bewerbungsvorlage-kinderpfleger-in\/","name":"Bewerbungsvorlage Kinderpfleger\/in | careeasy - Dein Karrieremagazin","isPartOf":{"@id":"https:\/\/www.stellenanzeigen.de\/careeasy\/#website"},"datePublished":"2020-06-10T10:30:10+00:00","dateModified":"2023-10-06T08:58:39+00:00","description":"Bewerbungsvorlage Kinderpfleger\/in - Copyright: Lordn Auf stellenanzeigen.de bieten wir die M\u00f6glichkeit, eine Musterbewerbung kostenlos herunterzuladen.","breadcrumb":{"@id":"https:\/\/www.stellenanzeigen.de\/careeasy\/bewerbung\/bewerbungsvorlage-kinderpfleger-in\/#breadcrumb"},"inLanguage":"de-DE","potentialAction":[{"@type":"ReadAction","target":["https:\/\/www.stellenanzeigen.de\/careeasy\/bewerbung\/bewerbungsvorlage-kinderpfleger-in\/"]}]},{"@type":"BreadcrumbList","@id":"https:\/\/www.stellenanzeigen.de\/careeasy\/bewerbung\/bewerbungsvorlage-kinderpfleger-in\/#breadcrumb","itemListElement":[{"@type":"ListItem","position":1,"name":"Careeasy","item":"https:\/\/www.stellenanzeigen.de\/careeasy\/"},{"@type":"ListItem","position":2,"name":"Bewerbungsvorlagen &#038; Bewerbungsmuster","item":"https:\/\/www.stellenanzeigen.de\/careeasy\/bewerbung\/"},{"@type":"ListItem","position":3,"name":"Bewerbungsvorlage Kinderpfleger\/in"}]},{"@type":"WebSite","@id":"https:\/\/www.stellenanzeigen.de\/careeasy\/#website","url":"https:\/\/www.stellenanzeigen.de\/careeasy\/","name":"careeasy - Dein Karrieremagazin","description":"","publisher":{"@id":"https:\/\/www.stellenanzeigen.de\/careeasy\/#organization"},"potentialAction":[{"@type":"SearchAction","target":{"@type":"EntryPoint","urlTemplate":"https:\/\/www.stellenanzeigen.de\/careeasy\/?s={search_term_string}"},"query-input":"required name=search_term_string"}],"inLanguage":"de-DE"},{"@type":"Organization","@id":"https:\/\/www.stellenanzeigen.de\/careeasy\/#organization","name":"careeasy - Dein Karrieremagazin","url":"https:\/\/www.stellenanzeigen.de\/careeasy\/","logo":{"@type":"ImageObject","inLanguage":"de-DE","@id":"https:\/\/www.stellenanzeigen.de\/careeasy\/#\/schema\/logo\/image\/","url":"https:\/\/www.stellenanzeigen.de\/careeasy\/wp-content\/uploads\/2024\/03\/careeasy_logo.jpg","contentUrl":"https:\/\/www.stellenanzeigen.de\/careeasy\/wp-content\/uploads\/2024\/03\/careeasy_logo.jpg","width":701,"height":223,"caption":"careeasy - Dein Karrieremagazin"},"image":{"@id":"https:\/\/www.stellenanzeigen.de\/careeasy\/#\/schema\/logo\/image\/"},"sameAs":["https:\/\/www.facebook.com\/stellenanzeigen.de\/"]}]}},"uagb_featured_image_src":{"full":false,"thumbnail":false,"medium":false,"medium_large":false,"large":false,"1536x1536":false,"2048x2048":false,"neomag-medium":false,"neomag-big":false,"neomag-large":false,"neomag-huge":false},"uagb_author_info":{"display_name":"Marina Pavel","author_link":"https:\/\/www.stellenanzeigen.de\/careeasy\/author\/marina\/"},"uagb_comment_info":0,"uagb_excerpt":"Auf stellenanzeigen.de bieten wir die M\u00f6glichkeit, eine Musterbewerbung kostenlos herunterzuladen. Die Bewerbung ist ein Anhaltspunkt f\u00fcr dich und kann schnell und einfach um deine...","_links":{"self":[{"href":"https:\/\/www.stellenanzeigen.de\/careeasy\/wp-json\/wp\/v2\/pages\/85783"}],"collection":[{"href":"https:\/\/www.stellenanzeigen.de\/careeasy\/wp-json\/wp\/v2\/pages"}],"about":[{"href":"https:\/\/www.stellenanzeigen.de\/careeasy\/wp-json\/wp\/v2\/types\/page"}],"author":[{"embeddable":true,"href":"https:\/\/www.stellenanzeigen.de\/careeasy\/wp-json\/wp\/v2\/users\/106"}],"replies":[{"embeddable":true,"href":"https:\/\/www.stellenanzeigen.de\/careeasy\/wp-json\/wp\/v2\/comments?post=85783"}],"version-history":[{"count":8,"href":"https:\/\/www.stellenanzeigen.de\/careeasy\/wp-json\/wp\/v2\/pages\/85783\/revisions"}],"predecessor-version":[{"id":112949,"href":"https:\/\/www.stellenanzeigen.de\/careeasy\/wp-json\/wp\/v2\/pages\/85783\/revisions\/112949"}],"up":[{"embeddable":true,"href":"https:\/\/www.stellenanzeigen.de\/careeasy\/wp-json\/wp\/v2\/pages\/14008"}],"wp:attachment":[{"href":"https:\/\/www.stellenanzeigen.de\/careeasy\/wp-json\/wp\/v2\/media?parent=85783"}],"wp:term":[{"taxonomy":"category","embeddable":true,"href":"https:\/\/www.stellenanzeigen.de\/careeasy\/wp-json\/wp\/v2\/categories?post=85783"},{"taxonomy":"post_tag","embeddable":true,"href":"https:\/\/www.stellenanzeigen.de\/careeasy\/wp-json\/wp\/v2\/tags?post=85783"}],"curies":[{"name":"wp","href":"https:\/\/api.w.org\/{rel}","templated":true}]}}