{"id":85702,"date":"2020-05-27T10:42:39","date_gmt":"2020-05-27T10:42:39","guid":{"rendered":"https:\/\/www.stellenanzeigen.de\/careeasy\/?page_id=85702"},"modified":"2023-10-06T13:09:03","modified_gmt":"2023-10-06T11:09:03","slug":"bewerbungsvorlage-schlosser-in","status":"publish","type":"page","link":"https:\/\/www.stellenanzeigen.de\/careeasy\/bewerbung\/bewerbungsvorlage-schlosser-in\/","title":{"rendered":"Bewerbungsvorlage Schlosser\/in"},"content":{"rendered":"\n<figure class=\"wp-block-image alignwide size-medium wp-image-85703\"><img decoding=\"async\" loading=\"lazy\" width=\"978\" height=\"652\" src=\"https:\/\/www.stellenanzeigen.de\/careeasy\/wp-content\/uploads\/2020\/05\/iStock-1191080420-978x652.jpg\" alt=\"Bewerbungsvorlage Schlosser\/in\" class=\"wp-image-85703\" srcset=\"https:\/\/www.stellenanzeigen.de\/careeasy\/wp-content\/uploads\/2020\/05\/iStock-1191080420-978x652.jpg 978w, https:\/\/www.stellenanzeigen.de\/careeasy\/wp-content\/uploads\/2020\/05\/iStock-1191080420-768x512.jpg 768w, https:\/\/www.stellenanzeigen.de\/careeasy\/wp-content\/uploads\/2020\/05\/iStock-1191080420-272x182.jpg 272w, https:\/\/www.stellenanzeigen.de\/careeasy\/wp-content\/uploads\/2020\/05\/iStock-1191080420.jpg 1254w\" sizes=\"(max-width: 978px) 100vw, 978px\" \/><figcaption>Bewerbungsvorlage Schlosser\/in &#8211;<br>Bildquelle: www.istockphoto.com \/ AndreyPopov<\/figcaption><\/figure>\n\n\n\n<div class=\"wp-block-columns alignwide pdf-teaser is-layout-flex wp-container-5\">\n<div class=\"wp-block-column pdf-thumbnail is-layout-flow\" style=\"flex-basis:35%\">\n<div class=\"wp-block-image\"><figure class=\"aligncenter size-large\"><img decoding=\"async\" loading=\"lazy\" width=\"300\" height=\"424\" src=\"https:\/\/www.stellenanzeigen.de\/careeasy\/wp-content\/uploads\/2020\/06\/Bewerbungsmuster-Schlosserin-pdf-image.jpg\" alt=\"Bewerbungsvorlage Schlosser\/in\" class=\"wp-image-85975\"\/><\/figure><\/div>\n\n\n\n<p><\/p><div id=\"ez-toc-container\" class=\"ez-toc-v2_0_62 counter-hierarchy ez-toc-counter ez-toc-grey ez-toc-container-direction\">\n<div class=\"ez-toc-title-container\">\n<p class=\"ez-toc-title \" >Inhaltsverzeichnis<\/p>\n<span class=\"ez-toc-title-toggle\"><\/span><\/div>\n<nav><ul class='ez-toc-list ez-toc-list-level-1 ' ><li class='ez-toc-page-1 ez-toc-heading-level-2'><a class=\"ez-toc-link ez-toc-heading-1\" href=\"https:\/\/www.stellenanzeigen.de\/careeasy\/bewerbung\/bewerbungsvorlage-schlosser-in\/#Bestandteile_der_Musterbewerbung_Schlosserin\" title=\"Bestandteile der Musterbewerbung Schlosser\/in\">Bestandteile der Musterbewerbung Schlosser\/in<\/a><\/li><li class='ez-toc-page-1 ez-toc-heading-level-2'><a class=\"ez-toc-link ez-toc-heading-2\" href=\"https:\/\/www.stellenanzeigen.de\/careeasy\/bewerbung\/bewerbungsvorlage-schlosser-in\/#Aktuelle_Stellenangebote_fuer_Schlosserinnen\" title=\"Aktuelle Stellenangebote f\u00fcr Schlosser\/innen\">Aktuelle Stellenangebote f\u00fcr Schlosser\/innen<\/a><\/li><li class='ez-toc-page-1 ez-toc-heading-level-2'><a class=\"ez-toc-link ez-toc-heading-3\" href=\"https:\/\/www.stellenanzeigen.de\/careeasy\/bewerbung\/bewerbungsvorlage-schlosser-in\/#Vorbereitung_auf_das_Vorstellungsgespraech\" title=\"Vorbereitung auf das Vorstellungsgespr\u00e4ch\">Vorbereitung auf das Vorstellungsgespr\u00e4ch<\/a><\/li><li class='ez-toc-page-1 ez-toc-heading-level-2'><a class=\"ez-toc-link ez-toc-heading-4\" href=\"https:\/\/www.stellenanzeigen.de\/careeasy\/bewerbung\/bewerbungsvorlage-schlosser-in\/#Fragen_und_Antwortmoeglichkeiten_im_Vorstellungsgespraech\" title=\"Fragen und Antwortm\u00f6glichkeiten im Vorstellungsgespr\u00e4ch\">Fragen und Antwortm\u00f6glichkeiten im Vorstellungsgespr\u00e4ch<\/a><\/li><\/ul><\/nav><\/div>\n\n<\/div>\n\n\n\n<div class=\"wp-block-column teaser-box is-layout-flow\" style=\"flex-basis:65%\">\n<p>Wenn du Schlosser\/in bist und eine Bewerbungsvorlage suchst, bist du hier richtig. <strong>Bei Stellenanzeigen.de kannst du die Musterbewerbung gratis herunterladen.<\/strong><\/p>\n\n\n\n<div class=\"wp-block-buttons is-layout-flex\">\n<div class=\"wp-block-button\"><a class=\"wp-block-button__link has-background no-border-radius\" href=\"https:\/\/www.stellenanzeigen.de\/careeasy\/bewerbung\/bewerbungsvorlage-schlosser-in\/#pdf-download\" style=\"background-color:#2b85b9\">Vorlage Anfordern<\/a><\/div>\n<\/div>\n<\/div>\n<\/div>\n\n\n<h2><span class=\"ez-toc-section\" id=\"Bestandteile_der_Musterbewerbung_Schlosserin\"><\/span><span style=\"color: #333333;\">Bestandteile der Musterbewerbung Schlosser\/in<\/span><span class=\"ez-toc-section-end\"><\/span><\/h2>\n<p><span style=\"color: #333333;\">Die Gestaltung der Bewerbungsunterlagen ist sehr wichtig. <strong>Sie sind die erste Kontaktaufnahme mit der Firma, in der du arbeiten willst.<\/strong> Die Bewerbungsunterlagen bestehen aus dem Bewerbungsschreiben, auch Anschreiben genannt, dem <a class=\"wpil_keyword_link\" href=\"https:\/\/www.stellenanzeigen.de\/careeasy\/lebenslauf-vorlagen-sde106864\/\"   title=\"Lebenslauf\" data-wpil-keyword-link=\"linked\">Lebenslauf<\/a> und den Zeugnissen und Referenzen. <\/span><\/p>\n<h3><span style=\"color: #333333;\">Bewerbungsschreiben<\/span><\/h3>\n<p><span style=\"color: #333333;\">Im Bewerbungsschreiben legst du dar, warum du f\u00fcr die Stelle als Schlosser\/in geeignet bist. <strong>Zun\u00e4chst beziehst du dich auf die Stellenausschreibung und darauf, warum du diese Stelle annehmen m\u00f6chtest.<\/strong> Ein Beispiel findest du in der Musterbewerbung. Im Anschluss geht es um deine Kenntnisse und die Berufserfahrung. <\/span><\/p>\n<p><span style=\"color: #333333;\">Schlosser\/innen arbeiten in sehr unterschiedlichen Bereichen.<strong> Daher ist es wichtig, dass du genau beschreibst, was du bisher gemacht hast.<\/strong> In der Stellenausschreibung und auf der Webseite der Firma, findest du die notwendigen Informationen, was zu tun ist und welche Erfahrungen und Eigenschaften gew\u00fcnscht sind.<\/span><\/p>\n<p><span style=\"color: #333333;\">Selbstverst\u00e4ndlich sollen nur F\u00e4higkeiten in der Bewerbung stehen, die du auch wirklich besitzt. <strong>Gehe auch auf deine Pers\u00f6nlichkeitseigenschaften, die Soft Skills, ein, die du als Schlosser\/in brauchst.<\/strong> Das sind, zum Beispiel, Teamf\u00e4higkeit und genaues Arbeiten. Achte darauf, deine Kontaktdaten auf die Bewerbung zu schreiben.<\/span><\/p>\n<h3><span style=\"color: #333333;\">Lebenslauf<\/span><\/h3>\n<p><span style=\"color: #333333;\">Den Lebenslauf schreibst du in Tabellenform. Er enth\u00e4lt deine Berufserfahrung und deine Ausbildung.<strong> F\u00fchre genau an, in welchem Zeitraum und bei welcher Firma du gearbeitet hast.<\/strong> Dazu kommen noch, in Stichworten, die wichtigsten T\u00e4tigkeiten, die du ausgef\u00fchrt hast. <\/span><\/p>\n<h2><span class=\"ez-toc-section\" id=\"Aktuelle_Stellenangebote_fuer_Schlosserinnen\"><\/span><a href=\"https:\/\/www.stellenanzeigen.de\/jobs\/schlosser-in\/\" target=\"_blank\" rel=\"noopener noreferrer\">Aktuelle Stellenangebote f\u00fcr Schlosser\/innen<\/a><span class=\"ez-toc-section-end\"><\/span><\/h2>\n<hr>\n<div id=\"suchwidgetErgebnisliste\">&nbsp;<\/div>\n<div id=\"StellenanzeigenSuchwidget\" tabindex=\"-1\">&nbsp;<\/div>\n<script>\n  var config = {\n    apiKey : 'FBEB08FBC7BB75349E26C51C530F79BF',\n    resultsPerPage : 3,\n    searchRadius : 60,\n    fulltext : 'schlosser',\n    city : null,\n    category : null,\n    subCategories : null\n  };\n<\/script><script type=\"text\/javascript\" src=\"https:\/\/app.stellenanzeigen.de\/widget\/init.js\"><\/script>\n<hr>\n<p><span style=\"color: #333333;\">Du kannst den Lebenslauf mit deinen Interessen und Hobbys erg\u00e4nzen. <strong>Vor allem dann, wenn sie zu der T\u00e4tigkeit als Schlosser\/in passen.<\/strong> Ein Foto auf dem Lebenslauf macht einen guten Eindruck. Achte darauf, dass es professionell aussieht.<\/span><\/p>\n<h3><span style=\"color: #333333;\">Zeugnisse und Referenzen<\/span><\/h3>\n<p><span style=\"color: #333333;\">Deine Zeugnisse und Referenzen sind ein wichtiger Bestandteil deiner Bewerbung. <strong>Auf jeden Fall soll das Abschlusszeugnis deiner Ausbildung dabei sein.<\/strong> Auch Dienstzeugnisse oder Praktikumszeugnisse geh\u00f6ren dazu. Hast du Fortbildungen besucht, lege auch diese Bescheinigungen bei.<\/span><\/p>\n<h2><span class=\"ez-toc-section\" id=\"Vorbereitung_auf_das_Vorstellungsgespraech\"><\/span><span style=\"color: #333333;\">Vorbereitung auf das Vorstellungsgespr\u00e4ch<\/span><span class=\"ez-toc-section-end\"><\/span><\/h2>\n<p><span style=\"color: #333333;\">Hast du mit deiner Bewerbung \u00fcberzeugt, bekommst du eine Einladung zum Vorstellungsgespr\u00e4ch. Bereite dich darauf vor, um kompetent und selbstsicher zu wirken. <strong>Gehe noch einmal deine Bewerbungsunterlagen genau durch.<\/strong> Darin hast du deine Erfahrung und deine F\u00e4higkeiten beschrieben. \u00dcberlege, in welchen Situationen sich dein K\u00f6nnen gezeigt hat. Bereite auch Fragen an die Firma vor, das zeugt von Interesse. Sie k\u00f6nnen die Arbeit der Firma betreffen oder Details zu der Stelle als Schlosser\/in.<\/span><\/p>\n<h2><span class=\"ez-toc-section\" id=\"Fragen_und_Antwortmoeglichkeiten_im_Vorstellungsgespraech\"><\/span><span style=\"color: #333333;\">Fragen und Antwortm\u00f6glichkeiten im Vorstellungsgespr\u00e4ch<\/span><span class=\"ez-toc-section-end\"><\/span><\/h2>\n<ul>\n<li><span style=\"color: #333333;\"><em>Was interessiert Sie an dieser Stelle?<\/em> Deine Motivation ist gefragt. Erkl\u00e4re, was dich an der Stellenausschreibung interessiert hat und warum du genau diese Arbeit machen m\u00f6chtest.<\/span><\/li>\n<li><em>Erz\u00e4hlen Sie etwas \u00fcber sich.<\/em> Beantworte diese Frage mit deiner Berufserfahrung und deinen pers\u00f6nlichen St\u00e4rken. Hobbys und Interessen kannst du auch nennen, wenn sie deine Qualifikation unterstreichen, zum Beispiel technische Interessen. Fernsehen und Computerspielen als Hobbys sind hier nicht interessant.<\/li>\n<li><em>Warum sollen wir Sie einstellen?<\/em> Wenn dir diese Frage gestellt wird, darfst du f\u00fcr dich Werbung machen. F\u00fchre aus, was die Firma davon hat, wenn du dort arbeitest.<\/li>\n<li><em>Warum haben Sie Ihre letzte Stelle gek\u00fcndigt?<\/em> \u00dcberlege genau, was du antwortest. Rede auf keinen Fall schlecht \u00fcber deine letzte Firma oder \u00fcber deinen Vorgesetzen. Stelle lieber positive Motivationen in den Vordergrund, zum Beispiel den Wunsch nach beruflicher Ver\u00e4nderung.<\/li>\n<li>Du musst auch mit Fragen zu deinem Fachwissen als Schlosser rechnen. Wird etwas von dir verlangt, was du noch nicht kannst, betone, dass du bereit bist, zu lernen.<\/li>\n<li><em>Wo liegen Ihre St\u00e4rken und wo Ihre Schw\u00e4chen?<\/em> Wenn du \u00fcber deine St\u00e4rken sprichst, streiche die heraus, die dir in der angestrebten Stelle als Schlosser\/in n\u00fctzen. Die Frage nach den Schw\u00e4chen ist heikel. Nenne zumindest eine Schw\u00e4che, die aber einer Anstellung nicht im Weg stehen darf.<\/li>\n<\/ul>\n<p><strong>Viel Erfolg bei deiner Bewerbung!<\/strong><\/p>\n\n\n<div class=\"wp-block-group alignwide\" id=\"pdf-download\"><div class=\"wp-block-group__inner-container is-layout-flow\">\n<div class=\"wp-block-columns pdf-download is-layout-flex wp-container-8\">\n<div class=\"wp-block-column pdf-thumbnail is-layout-flow\" style=\"flex-basis:35%\">\n<figure class=\"wp-block-image size-large\"><img decoding=\"async\" loading=\"lazy\" width=\"300\" height=\"424\" src=\"https:\/\/www.stellenanzeigen.de\/careeasy\/wp-content\/uploads\/2020\/06\/Bewerbungsmuster-Schlosserin-pdf-image.jpg\" alt=\"Bewerbungsvorlage Schlosser\/in\" class=\"wp-image-85975\"\/><\/figure>\n<\/div>\n\n\n\n<div class=\"wp-block-column subscribe-box is-layout-flow\" style=\"flex-basis:65%\">\n\t\t\t\n\t\t\t<form id=\"sib_signup_form_53\" method=\"post\" class=\"sib_signup_form\">\n\t\t\t\t<div class=\"sib_loader\" style=\"display:none;\"><img\n\t\t\t\t\t\t\tsrc=\"https:\/\/www.stellenanzeigen.de\/careeasy\/wp-includes\/images\/spinner.gif\" alt=\"loader\"><\/div>\n\t\t\t\t<input type=\"hidden\" name=\"sib_form_action\" value=\"subscribe_form_submit\">\n\t\t\t\t<input type=\"hidden\" name=\"sib_form_id\" value=\"53\">\n                <input type=\"hidden\" name=\"sib_form_alert_notice\" value=\"Bitte f\u00fclle das Feld aus\">\n                <input type=\"hidden\" name=\"sib_form_invalid_email_notice\" value=\"Deine E-Mail Adresse ist ung\u00fcltig\">\n                <input type=\"hidden\" name=\"sib_security\" value=\"9139320b2f\">\n\t\t\t\t<div class=\"sib_signup_box_inside_53\">\n\t\t\t\t\t<div style=\"\/*display:none*\/\" class=\"sib_msg_disp\">\n\t\t\t\t\t<\/div>\n                    \t\t\t\t\t<p style=\"font-size:21px;text-align:left;font-family: 'Helvetica',sans-serif;color:#2b85b9;background-color:transparent\"><strong>Jetzt Bewerbungsvorlage als Schlosser\/in anfordern und f\u00fcr den Newsletter anmelden<\/strong><\/p>\r\n<p class=\"sib-email-area\">\r\n    <label>E-Mail-Adresse <span style=\"color: red\">*<\/span><\/label>\r\n    <input type=\"email\" class=\"sib-email-area\" name=\"email\" required=\"required\" placeholder=\"E-Mail-Adresse\">\r\n<\/p>\r\n<p class=\"sib-terms\"><input type=\"checkbox\" name=\"terms\" required=\"required\"><label>Ich bin damit einverstanden, dass meine E-Mailadresse f\u00fcr Werbezwecke per Newsletter genutzt wird und akzeptiere die <a href=\"https:\/\/www.stellenanzeigen.de\/arbeitgeber\/datenschutzerklaerung\/\">Datenschutzerkl\u00e4rung <span style=\"color: red\">*<\/span><\/a><\/label><\/p>\r\n<p style=\"font-size:12px;text-align:left;font-family: 'Helvetica',sans-serif;color:#8390A4\">Du kannst den Newsletter jederzeit \u00fcber den Abmeldelink in der Fu\u00dfzeile unserer E-Mails abbestellen.<\/p>\r\n<input type=\"submit\" class=\"sib-default-btn\" value=\"Bewerbungsvorlage anfordern\">\t\t\t\t<\/div>\n\t\t\t<\/form>\n\t\t\t<style>\n\t\t\t\tform#sib_signup_form_53 p.sib-alert-message {\n    padding: 6px 12px;\n    margin-bottom: 20px;\n    border: 1px solid transparent;\n    border-radius: 4px;\n    -webkit-box-sizing: border-box;\n    -moz-box-sizing: border-box;\n    box-sizing: border-box;\n}\nform#sib_signup_form_53 p.sib-alert-message-error {\n    background-color: #f2dede;\n    border-color: #ebccd1;\n    color: #a94442;\n}\nform#sib_signup_form_53 p.sib-alert-message-success {\n    background-color: #dff0d8;\n    border-color: #d6e9c6;\n    color: #3c763d;\n}\nform#sib_signup_form_53 p.sib-alert-message-warning {\n    background-color: #fcf8e3;\n    border-color: #faebcc;\n    color: #8a6d3b;\n}\n\t\t\t<\/style>\n\t\t\t\n<\/div>\n<\/div>\n<\/div><\/div>\n","protected":false},"excerpt":{"rendered":"<p>Wenn du Schlosser\/in bist und eine Bewerbungsvorlage suchst, bist du hier richtig. Bei Stellenanzeigen.de kannst du die Musterbewerbung gratis herunterladen. Bestandteile der Musterbewerbung Schlosser\/in&#8230;<\/p>\n","protected":false},"author":106,"featured_media":0,"parent":14008,"menu_order":0,"comment_status":"closed","ping_status":"closed","template":"","meta":{"_uag_custom_page_level_css":""},"categories":[],"tags":[],"yoast_head":"<!-- This site is optimized with the Yoast SEO plugin v20.7 - https:\/\/yoast.com\/wordpress\/plugins\/seo\/ -->\n<title>Bewerbungsvorlage Schlosser\/in | careeasy - Dein Karrieremagazin<\/title>\n<meta name=\"description\" content=\"Bewerbungsvorlage Schlosser\/in -Bildquelle: www.istockphoto.com \/ AndreyPopov Wenn du Schlosser\/in bist und eine Bewerbungsvorlage suchst, bist du hier\" \/>\n<meta name=\"robots\" content=\"index, follow, max-snippet:-1, max-image-preview:large, max-video-preview:-1\" \/>\n<link rel=\"canonical\" href=\"https:\/\/www.stellenanzeigen.de\/careeasy\/bewerbung\/bewerbungsvorlage-schlosser-in\/\" \/>\n<meta property=\"og:locale\" content=\"de_DE\" \/>\n<meta property=\"og:type\" content=\"article\" \/>\n<meta property=\"og:title\" content=\"Bewerbungsvorlage Schlosser\/in | careeasy - Dein Karrieremagazin\" \/>\n<meta property=\"og:description\" content=\"Bewerbungsvorlage Schlosser\/in -Bildquelle: www.istockphoto.com \/ AndreyPopov Wenn du Schlosser\/in bist und eine Bewerbungsvorlage suchst, bist du hier\" \/>\n<meta property=\"og:url\" content=\"https:\/\/www.stellenanzeigen.de\/careeasy\/bewerbung\/bewerbungsvorlage-schlosser-in\/\" \/>\n<meta property=\"og:site_name\" content=\"careeasy - Dein Karrieremagazin\" \/>\n<meta property=\"article:publisher\" content=\"https:\/\/www.facebook.com\/stellenanzeigen.de\/\" \/>\n<meta property=\"article:modified_time\" content=\"2023-10-06T11:09:03+00:00\" \/>\n<meta property=\"og:image\" content=\"https:\/\/www.stellenanzeigen.de\/careeasy\/wp-content\/uploads\/2020\/05\/iStock-1191080420-978x652.jpg\" \/>\n<meta name=\"twitter:label1\" content=\"Gesch\u00e4tzte Lesezeit\" \/>\n\t<meta name=\"twitter:data1\" content=\"3 Minuten\" \/>\n<script type=\"application\/ld+json\" class=\"yoast-schema-graph\">{\"@context\":\"https:\/\/schema.org\",\"@graph\":[{\"@type\":\"WebPage\",\"@id\":\"https:\/\/www.stellenanzeigen.de\/careeasy\/bewerbung\/bewerbungsvorlage-schlosser-in\/\",\"url\":\"https:\/\/www.stellenanzeigen.de\/careeasy\/bewerbung\/bewerbungsvorlage-schlosser-in\/\",\"name\":\"Bewerbungsvorlage Schlosser\/in | careeasy - Dein Karrieremagazin\",\"isPartOf\":{\"@id\":\"https:\/\/10.12.43.199\/careeasy\/#website\"},\"datePublished\":\"2020-05-27T10:42:39+00:00\",\"dateModified\":\"2023-10-06T11:09:03+00:00\",\"description\":\"Bewerbungsvorlage Schlosser\/in -Bildquelle: www.istockphoto.com \/ AndreyPopov Wenn du Schlosser\/in bist und eine Bewerbungsvorlage suchst, bist du hier\",\"breadcrumb\":{\"@id\":\"https:\/\/www.stellenanzeigen.de\/careeasy\/bewerbung\/bewerbungsvorlage-schlosser-in\/#breadcrumb\"},\"inLanguage\":\"de-DE\",\"potentialAction\":[{\"@type\":\"ReadAction\",\"target\":[\"https:\/\/www.stellenanzeigen.de\/careeasy\/bewerbung\/bewerbungsvorlage-schlosser-in\/\"]}]},{\"@type\":\"BreadcrumbList\",\"@id\":\"https:\/\/www.stellenanzeigen.de\/careeasy\/bewerbung\/bewerbungsvorlage-schlosser-in\/#breadcrumb\",\"itemListElement\":[{\"@type\":\"ListItem\",\"position\":1,\"name\":\"Careeasy\",\"item\":\"https:\/\/10.12.43.199\/careeasy\/\"},{\"@type\":\"ListItem\",\"position\":2,\"name\":\"Bewerbungsvorlagen &#038; Bewerbungsmuster\",\"item\":\"https:\/\/www.stellenanzeigen.de\/careeasy\/bewerbung\/\"},{\"@type\":\"ListItem\",\"position\":3,\"name\":\"Bewerbungsvorlage Schlosser\/in\"}]},{\"@type\":\"WebSite\",\"@id\":\"https:\/\/10.12.43.199\/careeasy\/#website\",\"url\":\"https:\/\/10.12.43.199\/careeasy\/\",\"name\":\"careeasy - Dein Karrieremagazin\",\"description\":\"\",\"publisher\":{\"@id\":\"https:\/\/10.12.43.199\/careeasy\/#organization\"},\"potentialAction\":[{\"@type\":\"SearchAction\",\"target\":{\"@type\":\"EntryPoint\",\"urlTemplate\":\"https:\/\/10.12.43.199\/careeasy\/?s={search_term_string}\"},\"query-input\":\"required name=search_term_string\"}],\"inLanguage\":\"de-DE\"},{\"@type\":\"Organization\",\"@id\":\"https:\/\/10.12.43.199\/careeasy\/#organization\",\"name\":\"careeasy - Dein Karrieremagazin\",\"url\":\"https:\/\/10.12.43.199\/careeasy\/\",\"logo\":{\"@type\":\"ImageObject\",\"inLanguage\":\"de-DE\",\"@id\":\"https:\/\/10.12.43.199\/careeasy\/#\/schema\/logo\/image\/\",\"url\":\"https:\/\/www.stellenanzeigen.de\/careeasy\/wp-content\/uploads\/2024\/03\/careeasy_logo.jpg\",\"contentUrl\":\"https:\/\/www.stellenanzeigen.de\/careeasy\/wp-content\/uploads\/2024\/03\/careeasy_logo.jpg\",\"width\":701,\"height\":223,\"caption\":\"careeasy - Dein Karrieremagazin\"},\"image\":{\"@id\":\"https:\/\/10.12.43.199\/careeasy\/#\/schema\/logo\/image\/\"},\"sameAs\":[\"https:\/\/www.facebook.com\/stellenanzeigen.de\/\"]}]}<\/script>\n<!-- \/ Yoast SEO plugin. -->","yoast_head_json":{"title":"Bewerbungsvorlage Schlosser\/in | careeasy - Dein Karrieremagazin","description":"Bewerbungsvorlage Schlosser\/in -Bildquelle: www.istockphoto.com \/ AndreyPopov Wenn du Schlosser\/in bist und eine Bewerbungsvorlage suchst, bist du hier","robots":{"index":"index","follow":"follow","max-snippet":"max-snippet:-1","max-image-preview":"max-image-preview:large","max-video-preview":"max-video-preview:-1"},"canonical":"https:\/\/www.stellenanzeigen.de\/careeasy\/bewerbung\/bewerbungsvorlage-schlosser-in\/","og_locale":"de_DE","og_type":"article","og_title":"Bewerbungsvorlage Schlosser\/in | careeasy - Dein Karrieremagazin","og_description":"Bewerbungsvorlage Schlosser\/in -Bildquelle: www.istockphoto.com \/ AndreyPopov Wenn du Schlosser\/in bist und eine Bewerbungsvorlage suchst, bist du hier","og_url":"https:\/\/www.stellenanzeigen.de\/careeasy\/bewerbung\/bewerbungsvorlage-schlosser-in\/","og_site_name":"careeasy - Dein Karrieremagazin","article_publisher":"https:\/\/www.facebook.com\/stellenanzeigen.de\/","article_modified_time":"2023-10-06T11:09:03+00:00","og_image":[{"url":"https:\/\/www.stellenanzeigen.de\/careeasy\/wp-content\/uploads\/2020\/05\/iStock-1191080420-978x652.jpg"}],"twitter_misc":{"Gesch\u00e4tzte Lesezeit":"3 Minuten"},"schema":{"@context":"https:\/\/schema.org","@graph":[{"@type":"WebPage","@id":"https:\/\/www.stellenanzeigen.de\/careeasy\/bewerbung\/bewerbungsvorlage-schlosser-in\/","url":"https:\/\/www.stellenanzeigen.de\/careeasy\/bewerbung\/bewerbungsvorlage-schlosser-in\/","name":"Bewerbungsvorlage Schlosser\/in | careeasy - Dein Karrieremagazin","isPartOf":{"@id":"https:\/\/10.12.43.199\/careeasy\/#website"},"datePublished":"2020-05-27T10:42:39+00:00","dateModified":"2023-10-06T11:09:03+00:00","description":"Bewerbungsvorlage Schlosser\/in -Bildquelle: www.istockphoto.com \/ AndreyPopov Wenn du Schlosser\/in bist und eine Bewerbungsvorlage suchst, bist du hier","breadcrumb":{"@id":"https:\/\/www.stellenanzeigen.de\/careeasy\/bewerbung\/bewerbungsvorlage-schlosser-in\/#breadcrumb"},"inLanguage":"de-DE","potentialAction":[{"@type":"ReadAction","target":["https:\/\/www.stellenanzeigen.de\/careeasy\/bewerbung\/bewerbungsvorlage-schlosser-in\/"]}]},{"@type":"BreadcrumbList","@id":"https:\/\/www.stellenanzeigen.de\/careeasy\/bewerbung\/bewerbungsvorlage-schlosser-in\/#breadcrumb","itemListElement":[{"@type":"ListItem","position":1,"name":"Careeasy","item":"https:\/\/10.12.43.199\/careeasy\/"},{"@type":"ListItem","position":2,"name":"Bewerbungsvorlagen &#038; Bewerbungsmuster","item":"https:\/\/www.stellenanzeigen.de\/careeasy\/bewerbung\/"},{"@type":"ListItem","position":3,"name":"Bewerbungsvorlage Schlosser\/in"}]},{"@type":"WebSite","@id":"https:\/\/10.12.43.199\/careeasy\/#website","url":"https:\/\/10.12.43.199\/careeasy\/","name":"careeasy - Dein Karrieremagazin","description":"","publisher":{"@id":"https:\/\/10.12.43.199\/careeasy\/#organization"},"potentialAction":[{"@type":"SearchAction","target":{"@type":"EntryPoint","urlTemplate":"https:\/\/10.12.43.199\/careeasy\/?s={search_term_string}"},"query-input":"required name=search_term_string"}],"inLanguage":"de-DE"},{"@type":"Organization","@id":"https:\/\/10.12.43.199\/careeasy\/#organization","name":"careeasy - Dein Karrieremagazin","url":"https:\/\/10.12.43.199\/careeasy\/","logo":{"@type":"ImageObject","inLanguage":"de-DE","@id":"https:\/\/10.12.43.199\/careeasy\/#\/schema\/logo\/image\/","url":"https:\/\/www.stellenanzeigen.de\/careeasy\/wp-content\/uploads\/2024\/03\/careeasy_logo.jpg","contentUrl":"https:\/\/www.stellenanzeigen.de\/careeasy\/wp-content\/uploads\/2024\/03\/careeasy_logo.jpg","width":701,"height":223,"caption":"careeasy - Dein Karrieremagazin"},"image":{"@id":"https:\/\/10.12.43.199\/careeasy\/#\/schema\/logo\/image\/"},"sameAs":["https:\/\/www.facebook.com\/stellenanzeigen.de\/"]}]}},"uagb_featured_image_src":{"full":false,"thumbnail":false,"medium":false,"medium_large":false,"large":false,"1536x1536":false,"2048x2048":false,"neomag-medium":false,"neomag-big":false,"neomag-large":false,"neomag-huge":false},"uagb_author_info":{"display_name":"Marina Pavel","author_link":"https:\/\/www.stellenanzeigen.de\/careeasy\/author\/marina\/"},"uagb_comment_info":0,"uagb_excerpt":"Wenn du Schlosser\/in bist und eine Bewerbungsvorlage suchst, bist du hier richtig. Bei Stellenanzeigen.de kannst du die Musterbewerbung gratis herunterladen. Bestandteile der Musterbewerbung Schlosser\/in...","_links":{"self":[{"href":"https:\/\/www.stellenanzeigen.de\/careeasy\/wp-json\/wp\/v2\/pages\/85702"}],"collection":[{"href":"https:\/\/www.stellenanzeigen.de\/careeasy\/wp-json\/wp\/v2\/pages"}],"about":[{"href":"https:\/\/www.stellenanzeigen.de\/careeasy\/wp-json\/wp\/v2\/types\/page"}],"author":[{"embeddable":true,"href":"https:\/\/www.stellenanzeigen.de\/careeasy\/wp-json\/wp\/v2\/users\/106"}],"replies":[{"embeddable":true,"href":"https:\/\/www.stellenanzeigen.de\/careeasy\/wp-json\/wp\/v2\/comments?post=85702"}],"version-history":[{"count":10,"href":"https:\/\/www.stellenanzeigen.de\/careeasy\/wp-json\/wp\/v2\/pages\/85702\/revisions"}],"predecessor-version":[{"id":113074,"href":"https:\/\/www.stellenanzeigen.de\/careeasy\/wp-json\/wp\/v2\/pages\/85702\/revisions\/113074"}],"up":[{"embeddable":true,"href":"https:\/\/www.stellenanzeigen.de\/careeasy\/wp-json\/wp\/v2\/pages\/14008"}],"wp:attachment":[{"href":"https:\/\/www.stellenanzeigen.de\/careeasy\/wp-json\/wp\/v2\/media?parent=85702"}],"wp:term":[{"taxonomy":"category","embeddable":true,"href":"https:\/\/www.stellenanzeigen.de\/careeasy\/wp-json\/wp\/v2\/categories?post=85702"},{"taxonomy":"post_tag","embeddable":true,"href":"https:\/\/www.stellenanzeigen.de\/careeasy\/wp-json\/wp\/v2\/tags?post=85702"}],"curies":[{"name":"wp","href":"https:\/\/api.w.org\/{rel}","templated":true}]}}