{"id":85696,"date":"2020-05-27T10:26:48","date_gmt":"2020-05-27T10:26:48","guid":{"rendered":"https:\/\/www.stellenanzeigen.de\/careeasy\/?page_id=85696"},"modified":"2023-10-06T13:09:01","modified_gmt":"2023-10-06T11:09:01","slug":"bewerbungsvorlage-sekretaer-in","status":"publish","type":"page","link":"https:\/\/www.stellenanzeigen.de\/careeasy\/bewerbung\/bewerbungsvorlage-sekretaer-in\/","title":{"rendered":"Bewerbungsvorlage Sekret\u00e4r\/in"},"content":{"rendered":"\n<figure class=\"wp-block-image alignwide size-medium wp-image-85697\"><img decoding=\"async\" loading=\"lazy\" width=\"978\" height=\"652\" src=\"https:\/\/www.stellenanzeigen.de\/careeasy\/wp-content\/uploads\/2020\/05\/iStock-1133987610-978x652.jpg\" alt=\"Bewerbungsvorlage Sekret\u00e4r\/in\" class=\"wp-image-85697\" srcset=\"https:\/\/www.stellenanzeigen.de\/careeasy\/wp-content\/uploads\/2020\/05\/iStock-1133987610-978x652.jpg 978w, https:\/\/www.stellenanzeigen.de\/careeasy\/wp-content\/uploads\/2020\/05\/iStock-1133987610-768x512.jpg 768w, https:\/\/www.stellenanzeigen.de\/careeasy\/wp-content\/uploads\/2020\/05\/iStock-1133987610-272x182.jpg 272w, https:\/\/www.stellenanzeigen.de\/careeasy\/wp-content\/uploads\/2020\/05\/iStock-1133987610.jpg 1254w\" sizes=\"(max-width: 978px) 100vw, 978px\" \/><figcaption>Bewerbungsvorlage Sekret\u00e4r\/in &#8211;<br>Bildquelle: www.istockphoto.com \/ AntonioGuillem<\/figcaption><\/figure>\n\n\n\n<div class=\"wp-block-columns alignwide pdf-teaser is-layout-flex wp-container-5\">\n<div class=\"wp-block-column pdf-thumbnail is-layout-flow\" style=\"flex-basis:35%\">\n<div class=\"wp-block-image\"><figure class=\"aligncenter size-large\"><img decoding=\"async\" loading=\"lazy\" width=\"300\" height=\"424\" src=\"https:\/\/www.stellenanzeigen.de\/careeasy\/wp-content\/uploads\/2020\/06\/Bewerbungsvorlage-Sekret\u00e4rin-pdf-image.jpg\" alt=\"Bewerbungsvorlage Sekret\u00e4r\/in\" class=\"wp-image-85974\"\/><\/figure><\/div>\n<\/div>\n\n\n\n<div class=\"wp-block-column teaser-box is-layout-flow\" style=\"flex-basis:65%\">\n<p>Du interessierst dich f\u00fcr eine Anstellung als Sekret\u00e4r\/in und suchst Mustervorlagen f\u00fcr ein Bewerbungsschreiben? <strong>Bei Stellenanzeigen.de kannst du dir die Musterbewerbung gratis herunterladen.<\/strong><\/p><div id=\"ez-toc-container\" class=\"ez-toc-v2_0_62 counter-hierarchy ez-toc-counter ez-toc-grey ez-toc-container-direction\">\n<div class=\"ez-toc-title-container\">\n<p class=\"ez-toc-title \" >Inhaltsverzeichnis<\/p>\n<span class=\"ez-toc-title-toggle\"><\/span><\/div>\n<nav><ul class='ez-toc-list ez-toc-list-level-1 ' ><li class='ez-toc-page-1 ez-toc-heading-level-2'><a class=\"ez-toc-link ez-toc-heading-1\" href=\"https:\/\/www.stellenanzeigen.de\/careeasy\/bewerbung\/bewerbungsvorlage-sekretaer-in\/#Bestandteile_der_Musterbewerbung_Sekretaerin\" title=\"Bestandteile der Musterbewerbung Sekret\u00e4r\/in\">Bestandteile der Musterbewerbung Sekret\u00e4r\/in<\/a><\/li><li class='ez-toc-page-1 ez-toc-heading-level-2'><a class=\"ez-toc-link ez-toc-heading-2\" href=\"https:\/\/www.stellenanzeigen.de\/careeasy\/bewerbung\/bewerbungsvorlage-sekretaer-in\/#Vorbereitung_auf_das_Vorstellungsgespraech\" title=\"Vorbereitung auf das Vorstellungsgespr\u00e4ch\">Vorbereitung auf das Vorstellungsgespr\u00e4ch<\/a><\/li><li class='ez-toc-page-1 ez-toc-heading-level-2'><a class=\"ez-toc-link ez-toc-heading-3\" href=\"https:\/\/www.stellenanzeigen.de\/careeasy\/bewerbung\/bewerbungsvorlage-sekretaer-in\/#Aktuelle_Stellenangebote_fuer_Sekretaereinnen\" title=\"Aktuelle Stellenangebote f\u00fcr Sekret\u00e4r\/e\/innen\">Aktuelle Stellenangebote f\u00fcr Sekret\u00e4r\/e\/innen<\/a><\/li><li class='ez-toc-page-1 ez-toc-heading-level-2'><a class=\"ez-toc-link ez-toc-heading-4\" href=\"https:\/\/www.stellenanzeigen.de\/careeasy\/bewerbung\/bewerbungsvorlage-sekretaer-in\/#Fragen_und_Antwortmoeglichkeiten_im_Vorstellungsgespraech\" title=\"Fragen und Antwortm\u00f6glichkeiten im Vorstellungsgespr\u00e4ch\">Fragen und Antwortm\u00f6glichkeiten im Vorstellungsgespr\u00e4ch<\/a><\/li><\/ul><\/nav><\/div>\n\n\n\n\n<div class=\"wp-block-buttons is-layout-flex\">\n<div class=\"wp-block-button\"><a class=\"wp-block-button__link has-background no-border-radius\" href=\"https:\/\/www.stellenanzeigen.de\/careeasy\/bewerbung\/bewerbungsvorlage-sekretaer-in\/#pdf-download\" style=\"background-color:#2b85b9\">Vorlage Anfordern<\/a><\/div>\n<\/div>\n<\/div>\n<\/div>\n\n\n<div class=\"mceTemp\">&nbsp;<\/div>\n<h2><span class=\"ez-toc-section\" id=\"Bestandteile_der_Musterbewerbung_Sekretaerin\"><\/span><span style=\"color: #333333;\">Bestandteile der Musterbewerbung Sekret\u00e4r\/in<\/span><span class=\"ez-toc-section-end\"><\/span><\/h2>\n<p><span style=\"color: #333333;\">Deine Bewerbung ist der erste Eindruck, den die Personalverantwortlichen von dir bekommen. Zu einer Bewerbung geh\u00f6ren <strong>das Bewerbungsschreiben, auch Anschreiben genannt, der <a class=\"wpil_keyword_link\" href=\"https:\/\/www.stellenanzeigen.de\/careeasy\/lebenslauf-vorlagen-sde106864\/\"   title=\"Lebenslauf\" data-wpil-keyword-link=\"linked\">Lebenslauf<\/a> und die Zeugnisse und Referenzen.<\/strong><\/span><\/p>\n<h3><span style=\"color: #333333;\">Bewerbungsschreiben<\/span><\/h3>\n<p><span style=\"color: #333333;\">Im Bewerbungsschreiben geht es darum, von deiner Eignung f\u00fcr die Stelle als Sekret\u00e4rin zu \u00fcberzeugen.<strong> Wie das aussehen kann, siehst du auf der Musterbewerbung.<\/strong> Das Bewerbungsschreiben soll nicht l\u00e4nger als eine A4-Seite sein.<\/span><\/p>\n<p><span style=\"color: #333333;\">Schreibe am Anfang, was dich an der Stelle interessiert und warum du bei genau der Firma arbeiten m\u00f6chtest. <strong>Dann gehst du auf deine Ausbildung und deine Berufserfahrung ein.<\/strong> Hast du bestimmte Kenntnisse, zum Beispiel Fremdsprachen- oder EDV-Kenntnisse, die in der Ausschreibung verlangt werden, erw\u00e4hne sie unbedingt. <\/span><\/p>\n<p><span style=\"color: #333333;\">Am besten ist es, wenn du <strong>anhand von konkreten Beispielen<\/strong> belegst, dass du Erfahrung in diesen Bereichen hast. Auch deine Soft Skills sind Thema des Bewerbungsschreibens. Geh auf diejenigen deiner Eigenschaften ein, die dir bei deiner Arbeit als Sekret\u00e4r\/in behilflich sind. Der Abschlusssatz soll Selbstvertrauen ausdr\u00fccken. <\/span><\/p>\n<p><span style=\"color: #333333;\">Ein Beispiel, wie das Bewerbungsschreiben f\u00fcr eine\/n Sekret\u00e4r\/in aussehen kann, <strong>findest du in der Bewerbungsvorlage.<\/strong> <\/span><\/p>\n<h3><span style=\"color: #333333;\">Lebenslauf<\/span><\/h3>\n<p><span style=\"color: #333333;\">Den Lebenslauf schreibst du in Tabellenform. <strong>Er beinhaltet deine Berufserfahrung und deine Ausbildung.<\/strong> F\u00fchre den Namen der Firmen an, bei denen du gearbeitet hast, deine Position und wie lange du dort besch\u00e4ftigt warst. Z\u00e4hle auch, in Stichworten, deine genauen T\u00e4tigkeiten auf. <\/span><\/p>\n<p><span style=\"color: #333333;\">Hast du spezielle Kenntnisse, die f\u00fcr eine\/n Sekret\u00e4r\/in wichtig sind, schreibe auch die in den Lebenslauf. <strong>Wenn du willst, kannst du ihn mit deinen Hobbys, Interessen und ehrenamtlichen T\u00e4tigkeiten abrunden.<\/strong><\/span><\/p>\n<h3><span style=\"color: #333333;\">Zeugnisse und Referenzen<\/span><\/h3>\n<p><span style=\"color: #333333;\">F\u00fcge der Bewerbung alle Zeugnisse und Referenzen bei, die f\u00fcr eine Anstellung als Sekret\u00e4r\/in wichtig sind. <strong>Auf jeden Fall geh\u00f6rt das Abschlusszeugnis des h\u00f6chsten Bildungsabschlusses dazu.<\/strong> Dazu kommen Zeugnisse der letzten drei Arbeitgeber oder Praktikumszeugnisse.<\/span><\/p>\n<h2><span class=\"ez-toc-section\" id=\"Vorbereitung_auf_das_Vorstellungsgespraech\"><\/span><span style=\"color: #333333;\">Vorbereitung auf das Vorstellungsgespr\u00e4ch<\/span><span class=\"ez-toc-section-end\"><\/span><\/h2>\n<p><span style=\"color: #333333;\">Das Vorstellungsgespr\u00e4ch ist f\u00fcr dich und das Unternehmen die M\u00f6glichkeit, euch gegenseitig kennen zu lernen. <strong>Schau dir, als Vorbereitung, deine Bewerbungsunterlagen an.<\/strong> Sie waren der Grund, warum du zu einem Gespr\u00e4ch eingeladen wurdest. <\/span><\/p>\n<h2><span class=\"ez-toc-section\" id=\"Aktuelle_Stellenangebote_fuer_Sekretaereinnen\"><\/span><a href=\"https:\/\/www.stellenanzeigen.de\/jobs\/sekretaer-in\/\" target=\"_blank\" rel=\"noopener noreferrer\">Aktuelle Stellenangebote f\u00fcr Sekret\u00e4r\/e\/innen<\/a><span class=\"ez-toc-section-end\"><\/span><\/h2>\n<hr>\n<div id=\"suchwidgetErgebnisliste\">&nbsp;<\/div>\n<div id=\"StellenanzeigenSuchwidget\" tabindex=\"-1\">&nbsp;<\/div>\n<script>\n  var config = {\n    apiKey : 'FBEB08FBC7BB75349E26C51C530F79BF',\n    resultsPerPage : 3,\n    searchRadius : 60,\n    fulltext : 'sekret\u00e4rin',\n    city : null,\n    category : null,\n    subCategories : null\n  };\n<\/script><script type=\"text\/javascript\" src=\"https:\/\/app.stellenanzeigen.de\/widget\/init.js\"><\/script>\n<hr>\n<p><span style=\"color: #333333;\">Denk an Beispiele, die deine Eigenschaften und Erfahrungen belegen. \u00dcberlege dir auch Fragen, die du an das Unternehmen hast. <strong>Damit zeigst du Interesse.<\/strong> Diese Fragen k\u00f6nnen die Firma selbst betreffen, aber auch Details \u00fcber den genauen Arbeitsablauf.<\/span><\/p>\n<h2><span class=\"ez-toc-section\" id=\"Fragen_und_Antwortmoeglichkeiten_im_Vorstellungsgespraech\"><\/span><span style=\"color: #333333;\">Fragen und Antwortm\u00f6glichkeiten im Vorstellungsgespr\u00e4ch<\/span><span class=\"ez-toc-section-end\"><\/span><\/h2>\n<ul>\n<li><span style=\"color: #333333;\"><em>Warum haben Sie sich f\u00fcr die Stelle beworben?<\/em> Hier ist deine pers\u00f6nliche Motivation gefragt. Warum du Sekret\u00e4r\/in werden m\u00f6chtest und warum genau f\u00fcr diese Stelle. Was interessiert dich an der T\u00e4tigkeit?<\/span><\/li>\n<li><em>Erz\u00e4hlen Sie etwas \u00fcber sich.<\/em> Die Frage zielt auf deine Qualifikationen ab. Berichte ausf\u00fchrlich \u00fcber deine Berufserfahrungen. In der Antwort kannst du dich aber auch auf deine Interessen beziehen.<\/li>\n<li><em>Warum sollen wir Sie einstellen?<\/em> \u00dcberlege, was die Firma davon hat, wenn du dort als Sekret\u00e4r\/in arbeitest. Was kannst du besonders gut, was zeichnet dich aus.<\/li>\n<li><em>Warum haben Sie Ihre letzte Stelle gek\u00fcndigt?<\/em> Am besten nennst du hier positive Gr\u00fcnde, zum Beispiel, dass du dich beruflich weiterentwickeln willst oder dass du neue Herausforderungen suchst. Hattest du Probleme mit deinem Vorgesetzten, sprich lieber nicht dar\u00fcber. Willst du es doch tun, betone auf jeden Fall, dass du normalerweise mit allen Menschen gut umgehen kannst.<\/li>\n<li>Es k\u00f6nnen dir auch Fragen nach Details deiner bisherigen T\u00e4tigkeiten als Sekret\u00e4r\/in gestellt werden. Oder es werden dir bestimmte Szenarien vorgelegt und du sollst sagen, wie du dich in der speziellen Situation verhalten w\u00fcrdest.<\/li>\n<li><em>Wo liegen Ihre St\u00e4rken und wo Ihre Schw\u00e4chen?<\/em> Nenne St\u00e4rken, die f\u00fcr die Arbeit als Sekret\u00e4r\/in von Vorteil sind. Bei den Schw\u00e4chen ist es umgekehrt: sie sollen m\u00f6glichst wenig mit der Stelle zu tun haben.<\/li>\n<\/ul>\n<p><strong>Viel Erfolg bei deiner Bewerbung!<\/strong><\/p>\n\n\n<div class=\"wp-block-group alignwide\" id=\"pdf-download\"><div class=\"wp-block-group__inner-container is-layout-flow\">\n<div class=\"wp-block-columns pdf-download is-layout-flex wp-container-8\">\n<div class=\"wp-block-column pdf-thumbnail is-layout-flow\" style=\"flex-basis:35%\">\n<figure class=\"wp-block-image size-large\"><img decoding=\"async\" loading=\"lazy\" width=\"300\" height=\"424\" src=\"https:\/\/www.stellenanzeigen.de\/careeasy\/wp-content\/uploads\/2020\/06\/Bewerbungsvorlage-Sekret\u00e4rin-pdf-image.jpg\" alt=\"Bewerbungsvorlage Sekret\u00e4r\/in\" class=\"wp-image-85974\"\/><\/figure>\n<\/div>\n\n\n\n<div class=\"wp-block-column subscribe-box is-layout-flow\" style=\"flex-basis:65%\">\n\t\t\t\n\t\t\t<form id=\"sib_signup_form_55\" method=\"post\" class=\"sib_signup_form\">\n\t\t\t\t<div class=\"sib_loader\" style=\"display:none;\"><img\n\t\t\t\t\t\t\tsrc=\"https:\/\/www.stellenanzeigen.de\/careeasy\/wp-includes\/images\/spinner.gif\" alt=\"loader\"><\/div>\n\t\t\t\t<input type=\"hidden\" name=\"sib_form_action\" value=\"subscribe_form_submit\">\n\t\t\t\t<input type=\"hidden\" name=\"sib_form_id\" value=\"55\">\n                <input type=\"hidden\" name=\"sib_form_alert_notice\" value=\"Bitte f\u00fclle das Feld aus\">\n                <input type=\"hidden\" name=\"sib_form_invalid_email_notice\" value=\"Deine E-Mail Adresse ist ung\u00fcltig\">\n                <input type=\"hidden\" name=\"sib_security\" value=\"9139320b2f\">\n\t\t\t\t<div class=\"sib_signup_box_inside_55\">\n\t\t\t\t\t<div style=\"\/*display:none*\/\" class=\"sib_msg_disp\">\n\t\t\t\t\t<\/div>\n                    \t\t\t\t\t<p style=\"font-size:21px;text-align:left;font-family: 'Helvetica',sans-serif;color:#2b85b9;background-color:transparent\"><strong>Jetzt Bewerbungsvorlage als Sekret\u00e4r\/in anfordern und f\u00fcr den Newsletter anmelden<\/strong><\/p>\r\n<p class=\"sib-email-area\">\r\n    <label>E-Mail-Adresse <span style=\"color: red\">*<\/span><\/label>\r\n    <input type=\"email\" class=\"sib-email-area\" name=\"email\" required=\"required\" placeholder=\"E-Mail-Adresse\">\r\n<\/p>\r\n<p class=\"sib-terms\"><input type=\"checkbox\" name=\"terms\" required=\"required\"><label>Ich bin damit einverstanden, dass meine E-Mailadresse f\u00fcr Werbezwecke per Newsletter genutzt wird und akzeptiere die <a href=\"https:\/\/www.stellenanzeigen.de\/arbeitgeber\/datenschutzerklaerung\/\">Datenschutzerkl\u00e4rung <span style=\"color: red\">*<\/span><\/a><\/label><\/p>\r\n<p style=\"font-size:12px;text-align:left;font-family: 'Helvetica',sans-serif;color:#8390A4\">Du kannst den Newsletter jederzeit \u00fcber den Abmeldelink in der Fu\u00dfzeile unserer E-Mails abbestellen.<\/p>\r\n<input type=\"submit\" class=\"sib-default-btn\" value=\"Bewerbungsvorlage anfordern\">\t\t\t\t<\/div>\n\t\t\t<\/form>\n\t\t\t<style>\n\t\t\t\tform#sib_signup_form_55 p.sib-alert-message {\n    padding: 6px 12px;\n    margin-bottom: 20px;\n    border: 1px solid transparent;\n    border-radius: 4px;\n    -webkit-box-sizing: border-box;\n    -moz-box-sizing: border-box;\n    box-sizing: border-box;\n}\nform#sib_signup_form_55 p.sib-alert-message-error {\n    background-color: #f2dede;\n    border-color: #ebccd1;\n    color: #a94442;\n}\nform#sib_signup_form_55 p.sib-alert-message-success {\n    background-color: #dff0d8;\n    border-color: #d6e9c6;\n    color: #3c763d;\n}\nform#sib_signup_form_55 p.sib-alert-message-warning {\n    background-color: #fcf8e3;\n    border-color: #faebcc;\n    color: #8a6d3b;\n}\n\t\t\t<\/style>\n\t\t\t\n<\/div>\n<\/div>\n<\/div><\/div>\n","protected":false},"excerpt":{"rendered":"<p>Du interessierst dich f\u00fcr eine Anstellung als Sekret\u00e4r\/in und suchst Mustervorlagen f\u00fcr ein Bewerbungsschreiben? Bei Stellenanzeigen.de kannst du dir die Musterbewerbung gratis herunterladen. &nbsp;&#8230;<\/p>\n","protected":false},"author":106,"featured_media":0,"parent":14008,"menu_order":0,"comment_status":"closed","ping_status":"closed","template":"","meta":{"_uag_custom_page_level_css":""},"categories":[],"tags":[],"yoast_head":"<!-- This site is optimized with the Yoast SEO plugin v20.7 - https:\/\/yoast.com\/wordpress\/plugins\/seo\/ -->\n<title>Bewerbungsvorlage Sekret\u00e4r\/in | careeasy - Dein Karrieremagazin<\/title>\n<meta name=\"description\" content=\"Bewerbungsvorlage Sekret\u00e4r\/in -Bildquelle: www.istockphoto.com \/ AntonioGuillem Du interessierst dich f\u00fcr eine Anstellung als Sekret\u00e4r\/in und suchst\" \/>\n<meta name=\"robots\" content=\"index, follow, max-snippet:-1, max-image-preview:large, max-video-preview:-1\" \/>\n<link rel=\"canonical\" href=\"https:\/\/www.stellenanzeigen.de\/careeasy\/bewerbung\/bewerbungsvorlage-sekretaer-in\/\" \/>\n<meta property=\"og:locale\" content=\"de_DE\" \/>\n<meta property=\"og:type\" content=\"article\" \/>\n<meta property=\"og:title\" content=\"Bewerbungsvorlage Sekret\u00e4r\/in | careeasy - Dein Karrieremagazin\" \/>\n<meta property=\"og:description\" content=\"Bewerbungsvorlage Sekret\u00e4r\/in -Bildquelle: www.istockphoto.com \/ AntonioGuillem Du interessierst dich f\u00fcr eine Anstellung als Sekret\u00e4r\/in und suchst\" \/>\n<meta property=\"og:url\" content=\"https:\/\/www.stellenanzeigen.de\/careeasy\/bewerbung\/bewerbungsvorlage-sekretaer-in\/\" \/>\n<meta property=\"og:site_name\" content=\"careeasy - Dein Karrieremagazin\" \/>\n<meta property=\"article:publisher\" content=\"https:\/\/www.facebook.com\/stellenanzeigen.de\/\" \/>\n<meta property=\"article:modified_time\" content=\"2023-10-06T11:09:01+00:00\" \/>\n<meta property=\"og:image\" content=\"https:\/\/www.stellenanzeigen.de\/careeasy\/wp-content\/uploads\/2020\/05\/iStock-1133987610-978x652.jpg\" \/>\n<meta name=\"twitter:label1\" content=\"Gesch\u00e4tzte Lesezeit\" \/>\n\t<meta name=\"twitter:data1\" content=\"3 Minuten\" \/>\n<script type=\"application\/ld+json\" class=\"yoast-schema-graph\">{\"@context\":\"https:\/\/schema.org\",\"@graph\":[{\"@type\":\"WebPage\",\"@id\":\"https:\/\/www.stellenanzeigen.de\/careeasy\/bewerbung\/bewerbungsvorlage-sekretaer-in\/\",\"url\":\"https:\/\/www.stellenanzeigen.de\/careeasy\/bewerbung\/bewerbungsvorlage-sekretaer-in\/\",\"name\":\"Bewerbungsvorlage Sekret\u00e4r\/in | careeasy - Dein Karrieremagazin\",\"isPartOf\":{\"@id\":\"https:\/\/10.12.43.199\/careeasy\/#website\"},\"datePublished\":\"2020-05-27T10:26:48+00:00\",\"dateModified\":\"2023-10-06T11:09:01+00:00\",\"description\":\"Bewerbungsvorlage Sekret\u00e4r\/in -Bildquelle: www.istockphoto.com \/ AntonioGuillem Du interessierst dich f\u00fcr eine Anstellung als Sekret\u00e4r\/in und suchst\",\"breadcrumb\":{\"@id\":\"https:\/\/www.stellenanzeigen.de\/careeasy\/bewerbung\/bewerbungsvorlage-sekretaer-in\/#breadcrumb\"},\"inLanguage\":\"de-DE\",\"potentialAction\":[{\"@type\":\"ReadAction\",\"target\":[\"https:\/\/www.stellenanzeigen.de\/careeasy\/bewerbung\/bewerbungsvorlage-sekretaer-in\/\"]}]},{\"@type\":\"BreadcrumbList\",\"@id\":\"https:\/\/www.stellenanzeigen.de\/careeasy\/bewerbung\/bewerbungsvorlage-sekretaer-in\/#breadcrumb\",\"itemListElement\":[{\"@type\":\"ListItem\",\"position\":1,\"name\":\"Careeasy\",\"item\":\"https:\/\/10.12.43.199\/careeasy\/\"},{\"@type\":\"ListItem\",\"position\":2,\"name\":\"Bewerbungsvorlagen &#038; Bewerbungsmuster\",\"item\":\"https:\/\/www.stellenanzeigen.de\/careeasy\/bewerbung\/\"},{\"@type\":\"ListItem\",\"position\":3,\"name\":\"Bewerbungsvorlage Sekret\u00e4r\/in\"}]},{\"@type\":\"WebSite\",\"@id\":\"https:\/\/10.12.43.199\/careeasy\/#website\",\"url\":\"https:\/\/10.12.43.199\/careeasy\/\",\"name\":\"careeasy - Dein Karrieremagazin\",\"description\":\"\",\"publisher\":{\"@id\":\"https:\/\/10.12.43.199\/careeasy\/#organization\"},\"potentialAction\":[{\"@type\":\"SearchAction\",\"target\":{\"@type\":\"EntryPoint\",\"urlTemplate\":\"https:\/\/10.12.43.199\/careeasy\/?s={search_term_string}\"},\"query-input\":\"required name=search_term_string\"}],\"inLanguage\":\"de-DE\"},{\"@type\":\"Organization\",\"@id\":\"https:\/\/10.12.43.199\/careeasy\/#organization\",\"name\":\"careeasy - Dein Karrieremagazin\",\"url\":\"https:\/\/10.12.43.199\/careeasy\/\",\"logo\":{\"@type\":\"ImageObject\",\"inLanguage\":\"de-DE\",\"@id\":\"https:\/\/10.12.43.199\/careeasy\/#\/schema\/logo\/image\/\",\"url\":\"https:\/\/www.stellenanzeigen.de\/careeasy\/wp-content\/uploads\/2024\/03\/careeasy_logo.jpg\",\"contentUrl\":\"https:\/\/www.stellenanzeigen.de\/careeasy\/wp-content\/uploads\/2024\/03\/careeasy_logo.jpg\",\"width\":701,\"height\":223,\"caption\":\"careeasy - Dein Karrieremagazin\"},\"image\":{\"@id\":\"https:\/\/10.12.43.199\/careeasy\/#\/schema\/logo\/image\/\"},\"sameAs\":[\"https:\/\/www.facebook.com\/stellenanzeigen.de\/\"]}]}<\/script>\n<!-- \/ Yoast SEO plugin. -->","yoast_head_json":{"title":"Bewerbungsvorlage Sekret\u00e4r\/in | careeasy - Dein Karrieremagazin","description":"Bewerbungsvorlage Sekret\u00e4r\/in -Bildquelle: www.istockphoto.com \/ AntonioGuillem Du interessierst dich f\u00fcr eine Anstellung als Sekret\u00e4r\/in und suchst","robots":{"index":"index","follow":"follow","max-snippet":"max-snippet:-1","max-image-preview":"max-image-preview:large","max-video-preview":"max-video-preview:-1"},"canonical":"https:\/\/www.stellenanzeigen.de\/careeasy\/bewerbung\/bewerbungsvorlage-sekretaer-in\/","og_locale":"de_DE","og_type":"article","og_title":"Bewerbungsvorlage Sekret\u00e4r\/in | careeasy - Dein Karrieremagazin","og_description":"Bewerbungsvorlage Sekret\u00e4r\/in -Bildquelle: www.istockphoto.com \/ AntonioGuillem Du interessierst dich f\u00fcr eine Anstellung als Sekret\u00e4r\/in und suchst","og_url":"https:\/\/www.stellenanzeigen.de\/careeasy\/bewerbung\/bewerbungsvorlage-sekretaer-in\/","og_site_name":"careeasy - Dein Karrieremagazin","article_publisher":"https:\/\/www.facebook.com\/stellenanzeigen.de\/","article_modified_time":"2023-10-06T11:09:01+00:00","og_image":[{"url":"https:\/\/www.stellenanzeigen.de\/careeasy\/wp-content\/uploads\/2020\/05\/iStock-1133987610-978x652.jpg"}],"twitter_misc":{"Gesch\u00e4tzte Lesezeit":"3 Minuten"},"schema":{"@context":"https:\/\/schema.org","@graph":[{"@type":"WebPage","@id":"https:\/\/www.stellenanzeigen.de\/careeasy\/bewerbung\/bewerbungsvorlage-sekretaer-in\/","url":"https:\/\/www.stellenanzeigen.de\/careeasy\/bewerbung\/bewerbungsvorlage-sekretaer-in\/","name":"Bewerbungsvorlage Sekret\u00e4r\/in | careeasy - Dein Karrieremagazin","isPartOf":{"@id":"https:\/\/10.12.43.199\/careeasy\/#website"},"datePublished":"2020-05-27T10:26:48+00:00","dateModified":"2023-10-06T11:09:01+00:00","description":"Bewerbungsvorlage Sekret\u00e4r\/in -Bildquelle: www.istockphoto.com \/ AntonioGuillem Du interessierst dich f\u00fcr eine Anstellung als Sekret\u00e4r\/in und suchst","breadcrumb":{"@id":"https:\/\/www.stellenanzeigen.de\/careeasy\/bewerbung\/bewerbungsvorlage-sekretaer-in\/#breadcrumb"},"inLanguage":"de-DE","potentialAction":[{"@type":"ReadAction","target":["https:\/\/www.stellenanzeigen.de\/careeasy\/bewerbung\/bewerbungsvorlage-sekretaer-in\/"]}]},{"@type":"BreadcrumbList","@id":"https:\/\/www.stellenanzeigen.de\/careeasy\/bewerbung\/bewerbungsvorlage-sekretaer-in\/#breadcrumb","itemListElement":[{"@type":"ListItem","position":1,"name":"Careeasy","item":"https:\/\/10.12.43.199\/careeasy\/"},{"@type":"ListItem","position":2,"name":"Bewerbungsvorlagen &#038; Bewerbungsmuster","item":"https:\/\/www.stellenanzeigen.de\/careeasy\/bewerbung\/"},{"@type":"ListItem","position":3,"name":"Bewerbungsvorlage Sekret\u00e4r\/in"}]},{"@type":"WebSite","@id":"https:\/\/10.12.43.199\/careeasy\/#website","url":"https:\/\/10.12.43.199\/careeasy\/","name":"careeasy - Dein Karrieremagazin","description":"","publisher":{"@id":"https:\/\/10.12.43.199\/careeasy\/#organization"},"potentialAction":[{"@type":"SearchAction","target":{"@type":"EntryPoint","urlTemplate":"https:\/\/10.12.43.199\/careeasy\/?s={search_term_string}"},"query-input":"required name=search_term_string"}],"inLanguage":"de-DE"},{"@type":"Organization","@id":"https:\/\/10.12.43.199\/careeasy\/#organization","name":"careeasy - Dein Karrieremagazin","url":"https:\/\/10.12.43.199\/careeasy\/","logo":{"@type":"ImageObject","inLanguage":"de-DE","@id":"https:\/\/10.12.43.199\/careeasy\/#\/schema\/logo\/image\/","url":"https:\/\/www.stellenanzeigen.de\/careeasy\/wp-content\/uploads\/2024\/03\/careeasy_logo.jpg","contentUrl":"https:\/\/www.stellenanzeigen.de\/careeasy\/wp-content\/uploads\/2024\/03\/careeasy_logo.jpg","width":701,"height":223,"caption":"careeasy - Dein Karrieremagazin"},"image":{"@id":"https:\/\/10.12.43.199\/careeasy\/#\/schema\/logo\/image\/"},"sameAs":["https:\/\/www.facebook.com\/stellenanzeigen.de\/"]}]}},"uagb_featured_image_src":{"full":false,"thumbnail":false,"medium":false,"medium_large":false,"large":false,"1536x1536":false,"2048x2048":false,"neomag-medium":false,"neomag-big":false,"neomag-large":false,"neomag-huge":false},"uagb_author_info":{"display_name":"Marina Pavel","author_link":"https:\/\/www.stellenanzeigen.de\/careeasy\/author\/marina\/"},"uagb_comment_info":0,"uagb_excerpt":"Du interessierst dich f\u00fcr eine Anstellung als Sekret\u00e4r\/in und suchst Mustervorlagen f\u00fcr ein Bewerbungsschreiben? Bei Stellenanzeigen.de kannst du dir die Musterbewerbung gratis herunterladen. &nbsp;...","_links":{"self":[{"href":"https:\/\/www.stellenanzeigen.de\/careeasy\/wp-json\/wp\/v2\/pages\/85696"}],"collection":[{"href":"https:\/\/www.stellenanzeigen.de\/careeasy\/wp-json\/wp\/v2\/pages"}],"about":[{"href":"https:\/\/www.stellenanzeigen.de\/careeasy\/wp-json\/wp\/v2\/types\/page"}],"author":[{"embeddable":true,"href":"https:\/\/www.stellenanzeigen.de\/careeasy\/wp-json\/wp\/v2\/users\/106"}],"replies":[{"embeddable":true,"href":"https:\/\/www.stellenanzeigen.de\/careeasy\/wp-json\/wp\/v2\/comments?post=85696"}],"version-history":[{"count":8,"href":"https:\/\/www.stellenanzeigen.de\/careeasy\/wp-json\/wp\/v2\/pages\/85696\/revisions"}],"predecessor-version":[{"id":113072,"href":"https:\/\/www.stellenanzeigen.de\/careeasy\/wp-json\/wp\/v2\/pages\/85696\/revisions\/113072"}],"up":[{"embeddable":true,"href":"https:\/\/www.stellenanzeigen.de\/careeasy\/wp-json\/wp\/v2\/pages\/14008"}],"wp:attachment":[{"href":"https:\/\/www.stellenanzeigen.de\/careeasy\/wp-json\/wp\/v2\/media?parent=85696"}],"wp:term":[{"taxonomy":"category","embeddable":true,"href":"https:\/\/www.stellenanzeigen.de\/careeasy\/wp-json\/wp\/v2\/categories?post=85696"},{"taxonomy":"post_tag","embeddable":true,"href":"https:\/\/www.stellenanzeigen.de\/careeasy\/wp-json\/wp\/v2\/tags?post=85696"}],"curies":[{"name":"wp","href":"https:\/\/api.w.org\/{rel}","templated":true}]}}