{"id":85673,"date":"2020-05-27T09:15:09","date_gmt":"2020-05-27T09:15:09","guid":{"rendered":"https:\/\/www.stellenanzeigen.de\/careeasy\/?page_id=85673"},"modified":"2023-10-06T13:08:55","modified_gmt":"2023-10-06T11:08:55","slug":"bewerbungsvorlage-buchhalter-in","status":"publish","type":"page","link":"https:\/\/www.stellenanzeigen.de\/careeasy\/bewerbung\/bewerbungsvorlage-buchhalter-in\/","title":{"rendered":"Bewerbungsvorlage Buchhalter\/in"},"content":{"rendered":"\n<figure class=\"wp-block-image alignwide size-medium wp-image-85674\"><img decoding=\"async\" loading=\"lazy\" width=\"978\" height=\"550\" src=\"https:\/\/www.stellenanzeigen.de\/careeasy\/wp-content\/uploads\/2020\/05\/iStock-1160135290-978x550.jpg\" alt=\"Bewerbungsvorlage Buchhalter\/in\" class=\"wp-image-85674\" srcset=\"https:\/\/www.stellenanzeigen.de\/careeasy\/wp-content\/uploads\/2020\/05\/iStock-1160135290-978x550.jpg 978w, https:\/\/www.stellenanzeigen.de\/careeasy\/wp-content\/uploads\/2020\/05\/iStock-1160135290-768x432.jpg 768w, https:\/\/www.stellenanzeigen.de\/careeasy\/wp-content\/uploads\/2020\/05\/iStock-1160135290.jpg 1365w\" sizes=\"(max-width: 978px) 100vw, 978px\" \/><figcaption>Bewerbungsvorlage Buchhalter\/in &#8211;<br>Bildquelle: www.istockphoto.com \/ seb_ra<\/figcaption><\/figure>\n\n\n\n<div class=\"wp-block-columns alignwide pdf-teaser is-layout-flex wp-container-5\">\n<div class=\"wp-block-column pdf-thumbnail is-layout-flow\" style=\"flex-basis:35%\">\n<div class=\"wp-block-image\"><figure class=\"aligncenter size-large\"><img decoding=\"async\" loading=\"lazy\" width=\"300\" height=\"424\" src=\"https:\/\/www.stellenanzeigen.de\/careeasy\/wp-content\/uploads\/2020\/06\/Bewerbungsvorlage-Buchhalterin-pdf-image.jpg\" alt=\"Bewerbungsvorlage Buchhalter\/in\" class=\"wp-image-85967\"\/><\/figure><\/div>\n\n\n\n<p><\/p><div id=\"ez-toc-container\" class=\"ez-toc-v2_0_62 counter-hierarchy ez-toc-counter ez-toc-grey ez-toc-container-direction\">\n<div class=\"ez-toc-title-container\">\n<p class=\"ez-toc-title \" >Inhaltsverzeichnis<\/p>\n<span class=\"ez-toc-title-toggle\"><\/span><\/div>\n<nav><ul class='ez-toc-list ez-toc-list-level-1 ' ><li class='ez-toc-page-1 ez-toc-heading-level-2'><a class=\"ez-toc-link ez-toc-heading-1\" href=\"https:\/\/www.stellenanzeigen.de\/careeasy\/bewerbung\/bewerbungsvorlage-buchhalter-in\/#Bestandteile_der_Musterbewerbung_Buchhalterin\" title=\"Bestandteile der Musterbewerbung Buchhalter\/in\">Bestandteile der Musterbewerbung Buchhalter\/in<\/a><\/li><li class='ez-toc-page-1 ez-toc-heading-level-2'><a class=\"ez-toc-link ez-toc-heading-2\" href=\"https:\/\/www.stellenanzeigen.de\/careeasy\/bewerbung\/bewerbungsvorlage-buchhalter-in\/#Vorbereitung_auf_das_Vorstellungsgespraech\" title=\"Vorbereitung auf das Vorstellungsgespr\u00e4ch\">Vorbereitung auf das Vorstellungsgespr\u00e4ch<\/a><\/li><li class='ez-toc-page-1 ez-toc-heading-level-2'><a class=\"ez-toc-link ez-toc-heading-3\" href=\"https:\/\/www.stellenanzeigen.de\/careeasy\/bewerbung\/bewerbungsvorlage-buchhalter-in\/#Fragen_und_Antwortmoeglichkeiten_im_Vorstellungsgespraech\" title=\"Fragen und Antwortm\u00f6glichkeiten im Vorstellungsgespr\u00e4ch\">Fragen und Antwortm\u00f6glichkeiten im Vorstellungsgespr\u00e4ch<\/a><\/li><\/ul><\/nav><\/div>\n\n<\/div>\n\n\n\n<div class=\"wp-block-column teaser-box is-layout-flow\" style=\"flex-basis:65%\">\n<p>Du interessierst dich f\u00fcr den Beruf des Buchhalters\/der Buchhalterin und suchst eine Bewerbungsvorlage? Dann bist du bei Stellenanzeigen.de richtig. <strong>Hier kannst du dir die Musterbewerbung gratis herunterladen.<\/strong><\/p>\n\n\n\n<div class=\"wp-block-buttons is-layout-flex\">\n<div class=\"wp-block-button\"><a class=\"wp-block-button__link has-background no-border-radius\" href=\"https:\/\/www.stellenanzeigen.de\/careeasy\/bewerbung\/bewerbungsvorlage-buchhalter-in\/#pdf-download\" style=\"background-color:#2b85b9\">Vorlage Anfordern<\/a><\/div>\n<\/div>\n<\/div>\n<\/div>\n\n\n<h2><span class=\"ez-toc-section\" id=\"Bestandteile_der_Musterbewerbung_Buchhalterin\"><\/span><span style=\"color: #333333;\">Bestandteile der Musterbewerbung Buchhalter\/in<\/span><span class=\"ez-toc-section-end\"><\/span><\/h2>\n<p><span style=\"color: #333333;\">Deine Bewerbung ist der erste Eindruck, den das Unternehmen von dir bekommt. Zu jeder Bewerbung geh\u00f6ren <strong>das Bewerbungsschreiben, auch Anschreiben genannt, der <a class=\"wpil_keyword_link\" href=\"https:\/\/www.stellenanzeigen.de\/careeasy\/lebenslauf-vorlagen-sde106864\/\"   title=\"Lebenslauf\" data-wpil-keyword-link=\"linked\">Lebenslauf<\/a> und die Zeugnisse und Referenzen. <\/strong><\/span><\/p>\n<h3><span style=\"color: #333333;\">Bewerbungsschreiben<\/span><\/h3>\n<p><span style=\"color: #333333;\">Im Bewerbungsschreiben stellst du dich dem Unternehmen vor, in dem du als Buchhalter\/in arbeiten m\u00f6chtest. Hier geht es darum, die Personalverantwortlichen davon zu \u00fcberzeugen, dass du der\/die richtige f\u00fcr den Job bist. Schau vorab auf die Webseite des Unternehmens, f\u00fcr das du arbeiten m\u00f6chtest und <strong>finde heraus, wer die Ansprechperson ist.<\/strong> Vergiss nicht, deine Kontaktdaten auf dem Bewerbungsschreiben anzuf\u00fchren. <\/span><\/p>\n<p><span style=\"color: #333333;\">Zu Beginn beziehst du dich auf die Stellenausschreibung und beschreibst, warum du dich f\u00fcr die Stelle als Buchhalter\/in bewerben m\u00f6chtest. <strong>Auch, warum du bei der konkreten Firma arbeiten willst, geh\u00f6rt in das Bewerbungsschreiben.<\/strong> Danach gehst du auf deine Ausbildung und deine berufliche Erfahrung oder Praktika ein. <\/span><\/p>\n<p><span style=\"color: #333333;\">B<\/span><span style=\"color: #333333;\">eschreibe die Kenntnisse und Erfahrungen, die zu der ausgeschriebenen Stelle passen. Hast du weder Berufserfahrung noch Praktikum, hast du vielleicht Interessen oder private Erfahrungen, die dich qualifizieren? <strong>\u00dcberlege auch, welche Soft Skills du als Buchhalter\/in brauchst.<\/strong> Alle St\u00e4rken, \u00fcber die du schreibst, sollst du auch wirklich besitzen. <\/span><\/p>\n<p><span style=\"color: #333333;\">Am Ende steht ein selbstbewusster Abschlusssatz. <strong>Du kannst dich darin auch auf ein pers\u00f6nliches Gespr\u00e4ch beziehen.<\/strong> Achte darauf, die Musterbewerbung nicht einfach zu kopieren, sondern im Bewerbungsschreiben deine Pers\u00f6nlichkeit zum Ausdruck zu bringen.<\/span><\/p>\n<h3><span style=\"color: #333333;\">Lebenslauf<\/span><\/h3>\n<p><span style=\"color: #333333;\">Der Lebenslauf wird in Tabellenform geschrieben. Hier z\u00e4hlst du deine Ausbildung und deine Berufserfahrung auf. Dazu geh\u00f6ren der Name der Firma, bei der du gearbeitet hast, deine Position und wie lange du dort besch\u00e4ftigt warst. Z\u00e4hle auch, in Stichworten, deine genaue T\u00e4tigkeit auf. Dazu kommen deine Kenntnisse, die f\u00fcr die Stelle als Buchhalter\/in wichtig sind, <strong>zum Beispiel Computerkenntnisse oder Fremdsprachen.<\/strong> Ein professionelles Foto erg\u00e4nzt den Lebenslauf.<\/span><\/p>\n<h3><span style=\"color: #333333;\">Zeugnisse und Referenzen<\/span><\/h3>\n<p><span style=\"color: #333333;\">F\u00fcge der Bewerbung alle Zeugnisse und Referenzen bei, die f\u00fcr die Stelle als Buchhalter\/in wichtig sind. Auf jeden Fall soll <strong>das Abschlusszeugnis deines h\u00f6chsten Bildungsabschlusses<\/strong> dabei sein. Dazu kommen Zeugnisse der letzten drei Arbeitgeber oder Praktikumszeugnisse.<\/span><\/p>\n<h2><span class=\"ez-toc-section\" id=\"Vorbereitung_auf_das_Vorstellungsgespraech\"><\/span><span style=\"color: #333333;\">Vorbereitung auf das Vorstellungsgespr\u00e4ch<\/span><span class=\"ez-toc-section-end\"><\/span><\/h2>\n<p><span style=\"color: #333333;\">Im Vorstellungsgespr\u00e4ch will der Arbeitgeber herausfinden, ob du zu der Stelle und ins Team passt. <strong>Schau dir vorher noch einmal deine Bewerbungsunterlagen an.<\/strong> Denke an Beispiele, die deine Eigenschaften und Erfahrungen belegen, denn darauf wird im Gespr\u00e4ch n\u00e4her eingegangen. \u00dcberlege dir unbedingt Fragen, die du an das Unternehmen hast, das zeugt von Interesse. Diese Fragen k\u00f6nnen die Firma selbst betreffen, aber auch Details \u00fcber den genauen Arbeitsablauf.<\/span><\/p>\n<h2><span class=\"ez-toc-section\" id=\"Fragen_und_Antwortmoeglichkeiten_im_Vorstellungsgespraech\"><\/span><span style=\"color: #333333;\">Fragen und Antwortm\u00f6glichkeiten im Vorstellungsgespr\u00e4ch<\/span><span class=\"ez-toc-section-end\"><\/span><\/h2>\n<ul>\n<li><span style=\"color: #333333;\">Warum haben Sie sich f\u00fcr diese Stelle beworben? <strong>Die Antwort ist deine pers\u00f6nliche Motivation.<\/strong> Warum du Buchhalter\/in werden m\u00f6chtest und warum in dieser Firma.<\/span><\/li>\n<li>Erz\u00e4hlen Sie etwas \u00fcber sich: Antworte mit <strong>deiner Berufserfahrung und deinen Eigenschaften.<\/strong> Auch deine Hobbys und Interessen sagen etwas \u00fcber dich aus.<\/li>\n<li>Warum sollen wir Sie einstellen? Das ist die Gelegenheit, <strong>f\u00fcr dich selbst Werbung zu machen.<\/strong> \u00dcberlege, was du besonders gut kannst und was du in das Unternehmen einbringen kannst.<\/li>\n<li>Warum haben Sie Ihre letzte Stelle gek\u00fcndigt? Hattest du Probleme mit deinem Vorgesetzten, sprich eher nicht dar\u00fcber. <strong>Betone positive Gr\u00fcnde,<\/strong> zum Beispiel, dass du dich beruflich weiterentwickeln willst.<\/li>\n<li>Was sind Ihre St\u00e4rken, was Ihre Schw\u00e4chen? <strong>Die St\u00e4rken sollen sich auf die angestrebte Stelle beziehen,<\/strong> bei den Schw\u00e4chen ist das Gegenteil der Fall. Sie sollen mit deiner Arbeit als Buchhalter\/in nichts zu tun haben.<\/li>\n<\/ul>\n<p><span style=\"color: #333333;\">Es werden auch Fragen nach deinen bisherigen T\u00e4tigkeiten und deinem Fachwissen als Buchhalter\/in gestellt. Hast du nicht alle Qualifikationen, die f\u00fcr die Stelle verlangt werden, <strong>dann zeige, dass du lernwillig bist.<\/strong><\/span><\/p>\n<p><strong>Viel Erfolg bei deiner Bewerbung!<\/strong><\/p>\n\n\n<div class=\"wp-block-group alignwide\" id=\"pdf-download\"><div class=\"wp-block-group__inner-container is-layout-flow\">\n<div class=\"wp-block-columns pdf-download is-layout-flex wp-container-8\">\n<div class=\"wp-block-column pdf-thumbnail is-layout-flow\" style=\"flex-basis:35%\">\n<figure class=\"wp-block-image size-large\"><img decoding=\"async\" loading=\"lazy\" width=\"300\" height=\"424\" src=\"https:\/\/www.stellenanzeigen.de\/careeasy\/wp-content\/uploads\/2020\/06\/Bewerbungsvorlage-Buchhalterin-pdf-image.jpg\" alt=\"Bewerbungsvorlage Buchhalter\/in\" class=\"wp-image-85967\"\/><figcaption> <\/figcaption><\/figure>\n\n\n\n<p><\/p>\n<\/div>\n\n\n\n<div class=\"wp-block-column subscribe-box is-layout-flow\" style=\"flex-basis:65%\">\n\t\t\t\n\t\t\t<form id=\"sib_signup_form_13\" method=\"post\" class=\"sib_signup_form\">\n\t\t\t\t<div class=\"sib_loader\" style=\"display:none;\"><img\n\t\t\t\t\t\t\tsrc=\"https:\/\/www.stellenanzeigen.de\/careeasy\/wp-includes\/images\/spinner.gif\" alt=\"loader\"><\/div>\n\t\t\t\t<input type=\"hidden\" name=\"sib_form_action\" value=\"subscribe_form_submit\">\n\t\t\t\t<input type=\"hidden\" name=\"sib_form_id\" value=\"13\">\n                <input type=\"hidden\" name=\"sib_form_alert_notice\" value=\"Bitte f\u00fclle das Feld aus\">\n                <input type=\"hidden\" name=\"sib_form_invalid_email_notice\" value=\"Deine E-Mail Adresse ist ung\u00fcltig\">\n                <input type=\"hidden\" name=\"sib_security\" value=\"45e2152ff0\">\n\t\t\t\t<div class=\"sib_signup_box_inside_13\">\n\t\t\t\t\t<div style=\"\/*display:none*\/\" class=\"sib_msg_disp\">\n\t\t\t\t\t<\/div>\n                    \t\t\t\t\t<p style=\"font-size:21px;text-align:left;font-family: 'Helvetica',sans-serif;color:#2b85b9;background-color:transparent\"><strong>Jetzt Bewerbungsvorlage als Buchhalter\/in anfordern und f\u00fcr den Newsletter anmelden<\/strong><\/p>\r\n<p class=\"sib-email-area\">\r\n    <label>E-Mail-Adresse <span style=\"color: red\">*<\/span><\/label>\r\n    <input type=\"email\" class=\"sib-email-area\" name=\"email\" required=\"required\" placeholder=\"E-Mail-Adresse\">\r\n<\/p>\r\n<p class=\"sib-terms\"><input type=\"checkbox\" name=\"terms\" required=\"required\"><label>Ich bin damit einverstanden, dass meine E-Mailadresse f\u00fcr Werbezwecke per Newsletter genutzt wird und akzeptiere die <a href=\"https:\/\/www.stellenanzeigen.de\/arbeitgeber\/datenschutzerklaerung\/\">Datenschutzerkl\u00e4rung <span style=\"color: red\">*<\/span><\/a><\/label><\/p>\r\n<p style=\"font-size:12px;text-align:left;font-family: 'Helvetica',sans-serif;color:#8390A4\">Du kannst den Newsletter jederzeit \u00fcber den Abmeldelink in der Fu\u00dfzeile unserer E-Mails abbestellen.<\/p>\r\n<input type=\"submit\" class=\"sib-default-btn\" value=\"Bewerbungsvorlage anfordern\">\t\t\t\t<\/div>\n\t\t\t<\/form>\n\t\t\t<style>\n\t\t\t\tform#sib_signup_form_13 p.sib-alert-message {\n    padding: 6px 12px;\n    margin-bottom: 20px;\n    border: 1px solid transparent;\n    border-radius: 4px;\n    -webkit-box-sizing: border-box;\n    -moz-box-sizing: border-box;\n    box-sizing: border-box;\n}\nform#sib_signup_form_13 p.sib-alert-message-error {\n    background-color: #f2dede;\n    border-color: #ebccd1;\n    color: #a94442;\n}\nform#sib_signup_form_13 p.sib-alert-message-success {\n    background-color: #dff0d8;\n    border-color: #d6e9c6;\n    color: #3c763d;\n}\nform#sib_signup_form_13 p.sib-alert-message-warning {\n    background-color: #fcf8e3;\n    border-color: #faebcc;\n    color: #8a6d3b;\n}\n\t\t\t<\/style>\n\t\t\t\n<\/div>\n<\/div>\n<\/div><\/div>\n","protected":false},"excerpt":{"rendered":"<p>Du interessierst dich f\u00fcr den Beruf des Buchhalters\/der Buchhalterin und suchst eine Bewerbungsvorlage? Dann bist du bei Stellenanzeigen.de richtig. Hier kannst du dir die&#8230;<\/p>\n","protected":false},"author":106,"featured_media":0,"parent":14008,"menu_order":0,"comment_status":"closed","ping_status":"closed","template":"","meta":{"_uag_custom_page_level_css":""},"categories":[],"tags":[],"yoast_head":"<!-- This site is optimized with the Yoast SEO plugin v20.7 - https:\/\/yoast.com\/wordpress\/plugins\/seo\/ -->\n<title>Bewerbungsvorlage Buchhalter\/in | careeasy - Dein Karrieremagazin<\/title>\n<meta name=\"description\" content=\"Bewerbungsvorlage Buchhalter\/in -Bildquelle: www.istockphoto.com \/ seb_ra Du interessierst dich f\u00fcr den Beruf des Buchhalters\/der Buchhalterin und suchst\" \/>\n<meta name=\"robots\" content=\"index, follow, max-snippet:-1, max-image-preview:large, max-video-preview:-1\" \/>\n<link rel=\"canonical\" href=\"https:\/\/www.stellenanzeigen.de\/careeasy\/bewerbung\/bewerbungsvorlage-buchhalter-in\/\" \/>\n<meta property=\"og:locale\" content=\"de_DE\" \/>\n<meta property=\"og:type\" content=\"article\" \/>\n<meta property=\"og:title\" content=\"Bewerbungsvorlage Buchhalter\/in | careeasy - Dein Karrieremagazin\" \/>\n<meta property=\"og:description\" content=\"Bewerbungsvorlage Buchhalter\/in -Bildquelle: www.istockphoto.com \/ seb_ra Du interessierst dich f\u00fcr den Beruf des Buchhalters\/der Buchhalterin und suchst\" \/>\n<meta property=\"og:url\" content=\"https:\/\/www.stellenanzeigen.de\/careeasy\/bewerbung\/bewerbungsvorlage-buchhalter-in\/\" \/>\n<meta property=\"og:site_name\" content=\"careeasy - Dein Karrieremagazin\" \/>\n<meta property=\"article:publisher\" content=\"https:\/\/www.facebook.com\/stellenanzeigen.de\/\" \/>\n<meta property=\"article:modified_time\" content=\"2023-10-06T11:08:55+00:00\" \/>\n<meta property=\"og:image\" content=\"https:\/\/www.stellenanzeigen.de\/careeasy\/wp-content\/uploads\/2020\/05\/iStock-1160135290-978x550.jpg\" \/>\n<meta name=\"twitter:label1\" content=\"Gesch\u00e4tzte Lesezeit\" \/>\n\t<meta name=\"twitter:data1\" content=\"3 Minuten\" \/>\n<script type=\"application\/ld+json\" class=\"yoast-schema-graph\">{\"@context\":\"https:\/\/schema.org\",\"@graph\":[{\"@type\":\"WebPage\",\"@id\":\"https:\/\/www.stellenanzeigen.de\/careeasy\/bewerbung\/bewerbungsvorlage-buchhalter-in\/\",\"url\":\"https:\/\/www.stellenanzeigen.de\/careeasy\/bewerbung\/bewerbungsvorlage-buchhalter-in\/\",\"name\":\"Bewerbungsvorlage Buchhalter\/in | careeasy - Dein Karrieremagazin\",\"isPartOf\":{\"@id\":\"https:\/\/www.stellenanzeigen.de\/careeasy\/#website\"},\"datePublished\":\"2020-05-27T09:15:09+00:00\",\"dateModified\":\"2023-10-06T11:08:55+00:00\",\"description\":\"Bewerbungsvorlage Buchhalter\/in -Bildquelle: www.istockphoto.com \/ seb_ra Du interessierst dich f\u00fcr den Beruf des Buchhalters\/der Buchhalterin und suchst\",\"breadcrumb\":{\"@id\":\"https:\/\/www.stellenanzeigen.de\/careeasy\/bewerbung\/bewerbungsvorlage-buchhalter-in\/#breadcrumb\"},\"inLanguage\":\"de-DE\",\"potentialAction\":[{\"@type\":\"ReadAction\",\"target\":[\"https:\/\/www.stellenanzeigen.de\/careeasy\/bewerbung\/bewerbungsvorlage-buchhalter-in\/\"]}]},{\"@type\":\"BreadcrumbList\",\"@id\":\"https:\/\/www.stellenanzeigen.de\/careeasy\/bewerbung\/bewerbungsvorlage-buchhalter-in\/#breadcrumb\",\"itemListElement\":[{\"@type\":\"ListItem\",\"position\":1,\"name\":\"Careeasy\",\"item\":\"https:\/\/www.stellenanzeigen.de\/careeasy\/\"},{\"@type\":\"ListItem\",\"position\":2,\"name\":\"Bewerbungsvorlagen &#038; Bewerbungsmuster\",\"item\":\"https:\/\/www.stellenanzeigen.de\/careeasy\/bewerbung\/\"},{\"@type\":\"ListItem\",\"position\":3,\"name\":\"Bewerbungsvorlage Buchhalter\/in\"}]},{\"@type\":\"WebSite\",\"@id\":\"https:\/\/www.stellenanzeigen.de\/careeasy\/#website\",\"url\":\"https:\/\/www.stellenanzeigen.de\/careeasy\/\",\"name\":\"careeasy - Dein Karrieremagazin\",\"description\":\"\",\"publisher\":{\"@id\":\"https:\/\/www.stellenanzeigen.de\/careeasy\/#organization\"},\"potentialAction\":[{\"@type\":\"SearchAction\",\"target\":{\"@type\":\"EntryPoint\",\"urlTemplate\":\"https:\/\/www.stellenanzeigen.de\/careeasy\/?s={search_term_string}\"},\"query-input\":\"required name=search_term_string\"}],\"inLanguage\":\"de-DE\"},{\"@type\":\"Organization\",\"@id\":\"https:\/\/www.stellenanzeigen.de\/careeasy\/#organization\",\"name\":\"careeasy - Dein Karrieremagazin\",\"url\":\"https:\/\/www.stellenanzeigen.de\/careeasy\/\",\"logo\":{\"@type\":\"ImageObject\",\"inLanguage\":\"de-DE\",\"@id\":\"https:\/\/www.stellenanzeigen.de\/careeasy\/#\/schema\/logo\/image\/\",\"url\":\"https:\/\/www.stellenanzeigen.de\/careeasy\/wp-content\/uploads\/2024\/03\/careeasy_logo.jpg\",\"contentUrl\":\"https:\/\/www.stellenanzeigen.de\/careeasy\/wp-content\/uploads\/2024\/03\/careeasy_logo.jpg\",\"width\":701,\"height\":223,\"caption\":\"careeasy - Dein Karrieremagazin\"},\"image\":{\"@id\":\"https:\/\/www.stellenanzeigen.de\/careeasy\/#\/schema\/logo\/image\/\"},\"sameAs\":[\"https:\/\/www.facebook.com\/stellenanzeigen.de\/\"]}]}<\/script>\n<!-- \/ Yoast SEO plugin. -->","yoast_head_json":{"title":"Bewerbungsvorlage Buchhalter\/in | careeasy - Dein Karrieremagazin","description":"Bewerbungsvorlage Buchhalter\/in -Bildquelle: www.istockphoto.com \/ seb_ra Du interessierst dich f\u00fcr den Beruf des Buchhalters\/der Buchhalterin und suchst","robots":{"index":"index","follow":"follow","max-snippet":"max-snippet:-1","max-image-preview":"max-image-preview:large","max-video-preview":"max-video-preview:-1"},"canonical":"https:\/\/www.stellenanzeigen.de\/careeasy\/bewerbung\/bewerbungsvorlage-buchhalter-in\/","og_locale":"de_DE","og_type":"article","og_title":"Bewerbungsvorlage Buchhalter\/in | careeasy - Dein Karrieremagazin","og_description":"Bewerbungsvorlage Buchhalter\/in -Bildquelle: www.istockphoto.com \/ seb_ra Du interessierst dich f\u00fcr den Beruf des Buchhalters\/der Buchhalterin und suchst","og_url":"https:\/\/www.stellenanzeigen.de\/careeasy\/bewerbung\/bewerbungsvorlage-buchhalter-in\/","og_site_name":"careeasy - Dein Karrieremagazin","article_publisher":"https:\/\/www.facebook.com\/stellenanzeigen.de\/","article_modified_time":"2023-10-06T11:08:55+00:00","og_image":[{"url":"https:\/\/www.stellenanzeigen.de\/careeasy\/wp-content\/uploads\/2020\/05\/iStock-1160135290-978x550.jpg"}],"twitter_misc":{"Gesch\u00e4tzte Lesezeit":"3 Minuten"},"schema":{"@context":"https:\/\/schema.org","@graph":[{"@type":"WebPage","@id":"https:\/\/www.stellenanzeigen.de\/careeasy\/bewerbung\/bewerbungsvorlage-buchhalter-in\/","url":"https:\/\/www.stellenanzeigen.de\/careeasy\/bewerbung\/bewerbungsvorlage-buchhalter-in\/","name":"Bewerbungsvorlage Buchhalter\/in | careeasy - Dein Karrieremagazin","isPartOf":{"@id":"https:\/\/www.stellenanzeigen.de\/careeasy\/#website"},"datePublished":"2020-05-27T09:15:09+00:00","dateModified":"2023-10-06T11:08:55+00:00","description":"Bewerbungsvorlage Buchhalter\/in -Bildquelle: www.istockphoto.com \/ seb_ra Du interessierst dich f\u00fcr den Beruf des Buchhalters\/der Buchhalterin und suchst","breadcrumb":{"@id":"https:\/\/www.stellenanzeigen.de\/careeasy\/bewerbung\/bewerbungsvorlage-buchhalter-in\/#breadcrumb"},"inLanguage":"de-DE","potentialAction":[{"@type":"ReadAction","target":["https:\/\/www.stellenanzeigen.de\/careeasy\/bewerbung\/bewerbungsvorlage-buchhalter-in\/"]}]},{"@type":"BreadcrumbList","@id":"https:\/\/www.stellenanzeigen.de\/careeasy\/bewerbung\/bewerbungsvorlage-buchhalter-in\/#breadcrumb","itemListElement":[{"@type":"ListItem","position":1,"name":"Careeasy","item":"https:\/\/www.stellenanzeigen.de\/careeasy\/"},{"@type":"ListItem","position":2,"name":"Bewerbungsvorlagen &#038; Bewerbungsmuster","item":"https:\/\/www.stellenanzeigen.de\/careeasy\/bewerbung\/"},{"@type":"ListItem","position":3,"name":"Bewerbungsvorlage Buchhalter\/in"}]},{"@type":"WebSite","@id":"https:\/\/www.stellenanzeigen.de\/careeasy\/#website","url":"https:\/\/www.stellenanzeigen.de\/careeasy\/","name":"careeasy - Dein Karrieremagazin","description":"","publisher":{"@id":"https:\/\/www.stellenanzeigen.de\/careeasy\/#organization"},"potentialAction":[{"@type":"SearchAction","target":{"@type":"EntryPoint","urlTemplate":"https:\/\/www.stellenanzeigen.de\/careeasy\/?s={search_term_string}"},"query-input":"required name=search_term_string"}],"inLanguage":"de-DE"},{"@type":"Organization","@id":"https:\/\/www.stellenanzeigen.de\/careeasy\/#organization","name":"careeasy - Dein Karrieremagazin","url":"https:\/\/www.stellenanzeigen.de\/careeasy\/","logo":{"@type":"ImageObject","inLanguage":"de-DE","@id":"https:\/\/www.stellenanzeigen.de\/careeasy\/#\/schema\/logo\/image\/","url":"https:\/\/www.stellenanzeigen.de\/careeasy\/wp-content\/uploads\/2024\/03\/careeasy_logo.jpg","contentUrl":"https:\/\/www.stellenanzeigen.de\/careeasy\/wp-content\/uploads\/2024\/03\/careeasy_logo.jpg","width":701,"height":223,"caption":"careeasy - Dein Karrieremagazin"},"image":{"@id":"https:\/\/www.stellenanzeigen.de\/careeasy\/#\/schema\/logo\/image\/"},"sameAs":["https:\/\/www.facebook.com\/stellenanzeigen.de\/"]}]}},"uagb_featured_image_src":{"full":false,"thumbnail":false,"medium":false,"medium_large":false,"large":false,"1536x1536":false,"2048x2048":false,"neomag-medium":false,"neomag-big":false,"neomag-large":false,"neomag-huge":false},"uagb_author_info":{"display_name":"Marina Pavel","author_link":"https:\/\/www.stellenanzeigen.de\/careeasy\/author\/marina\/"},"uagb_comment_info":0,"uagb_excerpt":"Du interessierst dich f\u00fcr den Beruf des Buchhalters\/der Buchhalterin und suchst eine Bewerbungsvorlage? Dann bist du bei Stellenanzeigen.de richtig. Hier kannst du dir die...","_links":{"self":[{"href":"https:\/\/www.stellenanzeigen.de\/careeasy\/wp-json\/wp\/v2\/pages\/85673"}],"collection":[{"href":"https:\/\/www.stellenanzeigen.de\/careeasy\/wp-json\/wp\/v2\/pages"}],"about":[{"href":"https:\/\/www.stellenanzeigen.de\/careeasy\/wp-json\/wp\/v2\/types\/page"}],"author":[{"embeddable":true,"href":"https:\/\/www.stellenanzeigen.de\/careeasy\/wp-json\/wp\/v2\/users\/106"}],"replies":[{"embeddable":true,"href":"https:\/\/www.stellenanzeigen.de\/careeasy\/wp-json\/wp\/v2\/comments?post=85673"}],"version-history":[{"count":6,"href":"https:\/\/www.stellenanzeigen.de\/careeasy\/wp-json\/wp\/v2\/pages\/85673\/revisions"}],"predecessor-version":[{"id":113067,"href":"https:\/\/www.stellenanzeigen.de\/careeasy\/wp-json\/wp\/v2\/pages\/85673\/revisions\/113067"}],"up":[{"embeddable":true,"href":"https:\/\/www.stellenanzeigen.de\/careeasy\/wp-json\/wp\/v2\/pages\/14008"}],"wp:attachment":[{"href":"https:\/\/www.stellenanzeigen.de\/careeasy\/wp-json\/wp\/v2\/media?parent=85673"}],"wp:term":[{"taxonomy":"category","embeddable":true,"href":"https:\/\/www.stellenanzeigen.de\/careeasy\/wp-json\/wp\/v2\/categories?post=85673"},{"taxonomy":"post_tag","embeddable":true,"href":"https:\/\/www.stellenanzeigen.de\/careeasy\/wp-json\/wp\/v2\/tags?post=85673"}],"curies":[{"name":"wp","href":"https:\/\/api.w.org\/{rel}","templated":true}]}}