{"id":85618,"date":"2020-05-25T10:54:15","date_gmt":"2020-05-25T10:54:15","guid":{"rendered":"https:\/\/www.stellenanzeigen.de\/careeasy\/?page_id=85618"},"modified":"2023-12-08T14:51:13","modified_gmt":"2023-12-08T13:51:13","slug":"bewerbungsvorlage-industriemechaniker-in","status":"publish","type":"page","link":"https:\/\/www.stellenanzeigen.de\/careeasy\/bewerbung\/bewerbungsvorlage-industriemechaniker-in\/","title":{"rendered":"Bewerbungsvorlage Industriemechaniker\/in"},"content":{"rendered":"\n<figure class=\"wp-block-image alignwide size-medium wp-image-85622\"><img decoding=\"async\" loading=\"lazy\" width=\"978\" height=\"653\" src=\"https:\/\/www.stellenanzeigen.de\/careeasy\/wp-content\/uploads\/2020\/05\/iStock-1150713219-978x653.jpg\" alt=\"Bewerbungsvorlage Industriemechaniker\/in\" class=\"wp-image-85622\" srcset=\"https:\/\/www.stellenanzeigen.de\/careeasy\/wp-content\/uploads\/2020\/05\/iStock-1150713219-978x652.jpg 978w, https:\/\/www.stellenanzeigen.de\/careeasy\/wp-content\/uploads\/2020\/05\/iStock-1150713219-768x513.jpg 768w, https:\/\/www.stellenanzeigen.de\/careeasy\/wp-content\/uploads\/2020\/05\/iStock-1150713219-272x182.jpg 272w, https:\/\/www.stellenanzeigen.de\/careeasy\/wp-content\/uploads\/2020\/05\/iStock-1150713219.jpg 1254w\" sizes=\"(max-width: 978px) 100vw, 978px\" \/><figcaption class=\"wp-element-caption\">Bewerbungsvorlage Industriemechaniker\/in &#8211; Copyright: industryview<\/figcaption><\/figure>\n\n\n\n<div class=\"wp-block-columns alignwide pdf-teaser is-layout-flex wp-container-5\">\n<div class=\"wp-block-column pdf-thumbnail is-layout-flow\" style=\"flex-basis:35%\"><div class=\"wp-block-image\">\n<figure class=\"aligncenter size-large\"><img decoding=\"async\" loading=\"lazy\" width=\"300\" height=\"424\" src=\"https:\/\/www.stellenanzeigen.de\/careeasy\/wp-content\/uploads\/2020\/05\/Bewerbungsmuster-Industriemechaniker-pdf-image.jpg\" alt=\"Bewerbungsvorlage Industriemechaniker\/in\" class=\"wp-image-85964\"\/><\/figure><\/div>\n\n\n<p><\/p><div id=\"ez-toc-container\" class=\"ez-toc-v2_0_62 counter-hierarchy ez-toc-counter ez-toc-grey ez-toc-container-direction\">\n<div class=\"ez-toc-title-container\">\n<p class=\"ez-toc-title \" >Inhaltsverzeichnis<\/p>\n<span class=\"ez-toc-title-toggle\"><\/span><\/div>\n<nav><ul class='ez-toc-list ez-toc-list-level-1 ' ><li class='ez-toc-page-1 ez-toc-heading-level-2'><a class=\"ez-toc-link ez-toc-heading-1\" href=\"https:\/\/www.stellenanzeigen.de\/careeasy\/bewerbung\/bewerbungsvorlage-industriemechaniker-in\/#Bestandteile_der_Bewerbung_als_Industriemechanikerin\" title=\"Bestandteile der Bewerbung als Industriemechaniker\/in\">Bestandteile der Bewerbung als Industriemechaniker\/in<\/a><\/li><li class='ez-toc-page-1 ez-toc-heading-level-2'><a class=\"ez-toc-link ez-toc-heading-2\" href=\"https:\/\/www.stellenanzeigen.de\/careeasy\/bewerbung\/bewerbungsvorlage-industriemechaniker-in\/#Die_perfekte_Vorbereitung_auf_dein_Vorstellungsgespraech\" title=\"Die perfekte Vorbereitung auf dein Vorstellungsgespr\u00e4ch\">Die perfekte Vorbereitung auf dein Vorstellungsgespr\u00e4ch<\/a><\/li><li class='ez-toc-page-1 ez-toc-heading-level-2'><a class=\"ez-toc-link ez-toc-heading-3\" href=\"https:\/\/www.stellenanzeigen.de\/careeasy\/bewerbung\/bewerbungsvorlage-industriemechaniker-in\/#Aktuelle_Stellenangebote_fuer_Industriemechanikerinnen\" title=\"Aktuelle Stellenangebote f\u00fcr Industriemechaniker\/innen\">Aktuelle Stellenangebote f\u00fcr Industriemechaniker\/innen<\/a><\/li><li class='ez-toc-page-1 ez-toc-heading-level-2'><a class=\"ez-toc-link ez-toc-heading-4\" href=\"https:\/\/www.stellenanzeigen.de\/careeasy\/bewerbung\/bewerbungsvorlage-industriemechaniker-in\/#Fragen_und_Antwortmoeglichkeiten_fuer_dein_Vorstellungsgespraech\" title=\"Fragen und Antwortm\u00f6glichkeiten f\u00fcr dein Vorstellungsgespr\u00e4ch\">Fragen und Antwortm\u00f6glichkeiten f\u00fcr dein Vorstellungsgespr\u00e4ch<\/a><\/li><\/ul><\/nav><\/div>\n\n<\/div>\n\n\n\n<div class=\"wp-block-column teaser-box is-layout-flow\" style=\"flex-basis:65%\">\n<p>Auf stellenanzeige.de findest du passend zu deinem Beruf und der Stelle, auf die du dich bewerben m\u00f6chtest, die richtige Bewerbungsvorlage. <strong>Diese kannst du schnell und einfach an deinen Lebenslauf anpassen und deine Kontaktdaten erg\u00e4nzen.<\/strong> Gemeinsam mit deinen Zeugnissen und Referenzen kannst du diese dann als PDF speichern und versenden.<\/p>\n\n\n\n<div class=\"wp-block-buttons is-layout-flex\">\n<div class=\"wp-block-button\"><a class=\"wp-block-button__link has-background wp-element-button\" href=\"https:\/\/www.stellenanzeigen.de\/careeasy\/bewerbung\/bewerbungsvorlage-industriemechaniker-in\/#pdf-download\" style=\"background-color:#2b85b9\">Vorlage Anfordern<\/a><\/div>\n<\/div>\n<\/div>\n<\/div>\n\n\n<h2><span class=\"ez-toc-section\" id=\"Bestandteile_der_Bewerbung_als_Industriemechanikerin\"><\/span><span style=\"color: #333333;\">Bestandteile der Bewerbung als Industriemechaniker\/in<\/span><span class=\"ez-toc-section-end\"><\/span><\/h2>\n<p><span style=\"color: #333333;\"><a href=\"https:\/\/www.stellenanzeigen.de\/jobs\/industriemechaniker-in\/\">Industriemechaniker Jobs<\/a> ben\u00f6tigen zahlreiche Kompetenzen, da sie in vielen Unternehmen die Schnittstelle zwischen verschiedenen Aufgabenbereichen und Abteilungen bilden. Aus dem Grund solltest du in deinen Bewerbungsunterlagen ausreichend hierauf eingehen. <strong>Sprich deine Kompetenzen bereits in deinem Anschreiben an und orientiere dich dabei an den Begriffen aus der Stellenanzeige.<\/strong><\/span><\/p>\n<p><span style=\"color: #333333;\">Erg\u00e4nze dein Anschreiben um alle wichtigen Dokumente und Zeugnisse, die dies belegen.<strong> Auch ein Nachweis \u00fcber ein Ehrenamt oder eine Auszeichnung aus einem privaten Engagement<\/strong> k\u00f6nnen Vorteile bringen und die Personaler schneller beeindrucken. Wenn du Fremdsprachenkenntnisse angibst, so sollten auch diese durch entsprechende Nachweise eines Auslandsaufenthaltes oder eines Sch\u00fcleraustauschs nachgewiesen werden. <\/span><\/p>\n<p><span style=\"color: #333333;\">Ordne deine Zeugnisse chronologisch \u2013 <strong>die Aktuellen sind dabei zuoberst.<\/strong> Die Referenzen und Zeugnisse befinden sich nach dem Motivationsschreiben, gefolgt von deinem <a class=\"wpil_keyword_link\" title=\"Lebenslauf\" href=\"https:\/\/www.stellenanzeigen.de\/careeasy\/lebenslauf-vorlagen-sde106864\/\" data-wpil-keyword-link=\"linked\">Lebenslauf<\/a>. <\/span><\/p>\n<h2><span class=\"ez-toc-section\" id=\"Die_perfekte_Vorbereitung_auf_dein_Vorstellungsgespraech\"><\/span><span style=\"color: #333333;\">Die perfekte Vorbereitung auf dein Vorstellungsgespr\u00e4ch<\/span><span class=\"ez-toc-section-end\"><\/span><\/h2>\n<p><span style=\"color: #333333;\">In deinem Vorstellungsgespr\u00e4ch wird die Personalabteilung zun\u00e4chst etwas \u00fcber das Unternehmen erz\u00e4hlen. <strong>Die Fachabteilung oder dein zuk\u00fcnftiger Chef sind meist als Vertreter der Fachabteilung mit dabei.<\/strong> Sobald diese dir mehr zu Betrieb und Stelle berichtet haben, wirst du gebeten, kurz etwas \u00fcber deinen bisherigen Werdegang zu berichten. <\/span><\/p>\n<p><span style=\"color: #333333;\">Meist unterbrechen die Personaler, wenn sie konkrete Fragen zu einzelnen Positionen haben. Oft fragen sie auch erst danach. Fragen k\u00f6nnen sich auf <strong>Wechsel vom einen zum anderen Arbeitgeber<\/strong> beziehen, aber auch zu den Inhalten und T\u00e4tigkeiten. <\/span><\/p>\n<h2><span class=\"ez-toc-section\" id=\"Aktuelle_Stellenangebote_fuer_Industriemechanikerinnen\"><\/span><a href=\"https:\/\/www.stellenanzeigen.de\/jobs\/industriemechaniker-in\/\" target=\"_blank\" rel=\"noopener noreferrer\">Aktuelle Stellenangebote f\u00fcr Industriemechaniker\/innen<\/a><span class=\"ez-toc-section-end\"><\/span><\/h2>\n<hr \/>\n<div id=\"suchwidgetErgebnisliste\">\u00a0<\/div>\n<div id=\"StellenanzeigenSuchwidget\" tabindex=\"-1\">\u00a0<\/div>\n<p><script><br \/>\n   var config = {<br \/>\n    apiKey : 'FBEB08FBC7BB75349E26C51C530F79BF',<br \/>\n    resultsPerPage : 3,<br \/>\n    searchRadius : 60,<br \/>\n    fulltext : 'industriemechaniker',<br \/>\n    city : null,<br \/>\n    category : null,<br \/>\n    subCategories : null<br \/>\n  };<br \/>\n<\/script><script type=\"text\/javascript\" src=\"https:\/\/app.stellenanzeigen.de\/widget\/init.js\"><\/script><\/p>\n<hr \/>\n<p><span style=\"color: #333333;\">Du solltest sowohl zu Fragen zu deiner Person, deinem beruflichen Werdegang <strong>als auch zu Hobbys<\/strong> Antworten parat haben. <\/span><\/p>\n<p><span style=\"color: #333333;\">Schaue dir zuvor <strong>die Unternehmensseite und Stellenanzeige<\/strong> noch einmal an, damit du gut inhaltlich auf m\u00f6gliche Themen im Gespr\u00e4ch vorbereitet bist. <\/span><\/p>\n<h2><span class=\"ez-toc-section\" id=\"Fragen_und_Antwortmoeglichkeiten_fuer_dein_Vorstellungsgespraech\"><\/span><span style=\"color: #333333;\">Fragen und Antwortm\u00f6glichkeiten f\u00fcr dein Vorstellungsgespr\u00e4ch<\/span><span class=\"ez-toc-section-end\"><\/span><\/h2>\n<p><span style=\"color: #333333;\">Auf die Frage danach, warum man sich auf die Stelle beworben hat, l\u00e4sst es sich am besten sachlich mit Begriffen und dem Wunsch die T\u00e4tigkeiten auszuf\u00fchren, die in der Stellenanzeige beschrieben werden, antworten. <strong>Fragen zu deinem jetzigen Arbeitgeber oder Chef unterliegen der Schweigepflicht<\/strong> \u2013 auch hier empfiehlt es sich bei der Beantwortung solcher Fragen schnell wieder auf Aufgaben zu kommen und nicht emotional zu antworten. <\/span><\/p>\n<p><span style=\"color: #333333;\">Viele Personaler fragen nach der Zukunft und, <strong>wo man in 5 oder 10 Jahren stehen m\u00f6chte.<\/strong> Eine beliebte Antwort hier ist die Bereitschaft zur \u00dcbernahme von F\u00fchrungsaufgaben und der horizontalen oder vertikalen Weiterentwicklung. <\/span><\/p>\n<p><span style=\"color: #333333;\"><strong>Auch eine Lernbereitschaft und Interesse an Freizeitaktivit\u00e4ten<\/strong> oder Hobbys sind oft T\u00fcr\u00f6ffner. Es empfiehlt sich vor ab bei Xing oder LinkedIn nach den Gespr\u00e4chspartnern zu schauen und zu versuchen herauszufinden, wo deren Interessen oder <strong>m\u00f6gliche Schnittmengen<\/strong> liegen. <\/span><\/p>\n<p><span style=\"color: #333333;\">Gerade bei Frauen kommt manchmal die Frage nach der Familienplanung. <strong>Hier muss keine Antwort gegeben werden<\/strong> \u2013 es empfiehlt sich also das Thema ganz galant in Richtung berufliche Entwicklung zu steuern und sich selbst noch einmal mit seinem Interesse an der Stellenbesetzung kund zu tun. <\/span><\/p>\n\n\n<div class=\"wp-block-group alignwide is-layout-flow\" id=\"pdf-download\"><div class=\"wp-block-group__inner-container\">\n<div class=\"wp-block-columns pdf-download is-layout-flex wp-container-8\">\n<div class=\"wp-block-column pdf-thumbnail is-layout-flow\" style=\"flex-basis:35%\">\n<figure class=\"wp-block-image size-large\"><img decoding=\"async\" loading=\"lazy\" width=\"300\" height=\"424\" src=\"https:\/\/www.stellenanzeigen.de\/careeasy\/wp-content\/uploads\/2020\/05\/Bewerbungsmuster-Industriemechaniker-pdf-image.jpg\" alt=\"Bewerbungsvorlage Industriemechaniker\/in\" class=\"wp-image-85964\"\/><\/figure>\n<\/div>\n\n\n\n<div class=\"wp-block-column subscribe-box is-layout-flow\" style=\"flex-basis:65%\">\n\t\t\t\n\t\t\t<form id=\"sib_signup_form_26\" method=\"post\" class=\"sib_signup_form\">\n\t\t\t\t<div class=\"sib_loader\" style=\"display:none;\"><img\n\t\t\t\t\t\t\tsrc=\"https:\/\/www.stellenanzeigen.de\/careeasy\/wp-includes\/images\/spinner.gif\" alt=\"loader\"><\/div>\n\t\t\t\t<input type=\"hidden\" name=\"sib_form_action\" value=\"subscribe_form_submit\">\n\t\t\t\t<input type=\"hidden\" name=\"sib_form_id\" value=\"26\">\n                <input type=\"hidden\" name=\"sib_form_alert_notice\" value=\"Bitte f\u00fclle das Feld aus\">\n                <input type=\"hidden\" name=\"sib_form_invalid_email_notice\" value=\"Deine E-Mail Adresse ist ung\u00fcltig\">\n                <input type=\"hidden\" name=\"sib_security\" value=\"9139320b2f\">\n\t\t\t\t<div class=\"sib_signup_box_inside_26\">\n\t\t\t\t\t<div style=\"\/*display:none*\/\" class=\"sib_msg_disp\">\n\t\t\t\t\t<\/div>\n                    \t\t\t\t\t<p style=\"font-size:21px;text-align:left;font-family: 'Helvetica',sans-serif;color:#2b85b9;background-color:transparent\"><strong>Jetzt Bewerbungsvorlage als Industriemechaniker\/in anfordern und f\u00fcr den Newsletter anmelden<\/strong><\/p>\r\n<p class=\"sib-email-area\">\r\n    <label>E-Mail-Adresse <span style=\"color: red\">*<\/span><\/label>\r\n    <input type=\"email\" class=\"sib-email-area\" name=\"email\" required=\"required\" placeholder=\"E-Mail-Adresse\">\r\n<\/p>\r\n<p class=\"sib-terms\"><input type=\"checkbox\" name=\"terms\" required=\"required\"><label>Ich bin damit einverstanden, dass meine E-Mailadresse f\u00fcr Werbezwecke per Newsletter genutzt wird und akzeptiere die <a href=\"https:\/\/www.stellenanzeigen.de\/arbeitgeber\/datenschutzerklaerung\/\">Datenschutzerkl\u00e4rung <span style=\"color: red\">*<\/span><\/a><\/label><\/p>\r\n<p style=\"font-size:12px;text-align:left;font-family: 'Helvetica',sans-serif;color:#8390A4\">Du kannst den Newsletter jederzeit \u00fcber den Abmeldelink in der Fu\u00dfzeile unserer E-Mails abbestellen.<\/p>\r\n<input type=\"submit\" class=\"sib-default-btn\" value=\"Bewerbungsvorlage anfordern\">\t\t\t\t<\/div>\n\t\t\t<\/form>\n\t\t\t<style>\n\t\t\t\tform#sib_signup_form_26 p.sib-alert-message {\n    padding: 6px 12px;\n    margin-bottom: 20px;\n    border: 1px solid transparent;\n    border-radius: 4px;\n    -webkit-box-sizing: border-box;\n    -moz-box-sizing: border-box;\n    box-sizing: border-box;\n}\nform#sib_signup_form_26 p.sib-alert-message-error {\n    background-color: #f2dede;\n    border-color: #ebccd1;\n    color: #a94442;\n}\nform#sib_signup_form_26 p.sib-alert-message-success {\n    background-color: #dff0d8;\n    border-color: #d6e9c6;\n    color: #3c763d;\n}\nform#sib_signup_form_26 p.sib-alert-message-warning {\n    background-color: #fcf8e3;\n    border-color: #faebcc;\n    color: #8a6d3b;\n}\n\t\t\t<\/style>\n\t\t\t\n<\/div>\n<\/div>\n<\/div><\/div>\n","protected":false},"excerpt":{"rendered":"<p>Auf stellenanzeige.de findest du passend zu deinem Beruf und der Stelle, auf die du dich bewerben m\u00f6chtest, die richtige Bewerbungsvorlage. Diese kannst du schnell&#8230;<\/p>\n","protected":false},"author":106,"featured_media":0,"parent":14008,"menu_order":0,"comment_status":"closed","ping_status":"closed","template":"","meta":{"_uag_custom_page_level_css":""},"categories":[],"tags":[],"yoast_head":"<!-- This site is optimized with the Yoast SEO plugin v20.7 - https:\/\/yoast.com\/wordpress\/plugins\/seo\/ -->\n<title>Bewerbungsvorlage Industriemechaniker\/in | careeasy - Dein Karrieremagazin<\/title>\n<meta name=\"description\" content=\"Bewerbungsvorlage Industriemechaniker\/in - Copyright: industryview Auf stellenanzeige.de findest du passend zu deinem Beruf und der Stelle, auf die du\" \/>\n<meta name=\"robots\" content=\"index, follow, max-snippet:-1, max-image-preview:large, max-video-preview:-1\" \/>\n<link rel=\"canonical\" href=\"https:\/\/www.stellenanzeigen.de\/careeasy\/bewerbung\/bewerbungsvorlage-industriemechaniker-in\/\" \/>\n<meta property=\"og:locale\" content=\"de_DE\" \/>\n<meta property=\"og:type\" content=\"article\" \/>\n<meta property=\"og:title\" content=\"Bewerbungsvorlage Industriemechaniker\/in | careeasy - Dein Karrieremagazin\" \/>\n<meta property=\"og:description\" content=\"Bewerbungsvorlage Industriemechaniker\/in - Copyright: industryview Auf stellenanzeige.de findest du passend zu deinem Beruf und der Stelle, auf die du\" \/>\n<meta property=\"og:url\" content=\"https:\/\/www.stellenanzeigen.de\/careeasy\/bewerbung\/bewerbungsvorlage-industriemechaniker-in\/\" \/>\n<meta property=\"og:site_name\" content=\"careeasy - Dein Karrieremagazin\" \/>\n<meta property=\"article:publisher\" content=\"https:\/\/www.facebook.com\/stellenanzeigen.de\/\" \/>\n<meta property=\"article:modified_time\" content=\"2023-12-08T13:51:13+00:00\" \/>\n<meta property=\"og:image\" content=\"https:\/\/www.stellenanzeigen.de\/careeasy\/wp-content\/uploads\/2020\/05\/iStock-1150713219-978x653.jpg\" \/>\n<meta name=\"twitter:label1\" content=\"Gesch\u00e4tzte Lesezeit\" \/>\n\t<meta name=\"twitter:data1\" content=\"4 Minuten\" \/>\n<script type=\"application\/ld+json\" class=\"yoast-schema-graph\">{\"@context\":\"https:\/\/schema.org\",\"@graph\":[{\"@type\":\"WebPage\",\"@id\":\"https:\/\/www.stellenanzeigen.de\/careeasy\/bewerbung\/bewerbungsvorlage-industriemechaniker-in\/\",\"url\":\"https:\/\/www.stellenanzeigen.de\/careeasy\/bewerbung\/bewerbungsvorlage-industriemechaniker-in\/\",\"name\":\"Bewerbungsvorlage Industriemechaniker\/in | careeasy - Dein Karrieremagazin\",\"isPartOf\":{\"@id\":\"https:\/\/10.12.43.199\/careeasy\/#website\"},\"datePublished\":\"2020-05-25T10:54:15+00:00\",\"dateModified\":\"2023-12-08T13:51:13+00:00\",\"description\":\"Bewerbungsvorlage Industriemechaniker\/in - Copyright: industryview Auf stellenanzeige.de findest du passend zu deinem Beruf und der Stelle, auf die du\",\"breadcrumb\":{\"@id\":\"https:\/\/www.stellenanzeigen.de\/careeasy\/bewerbung\/bewerbungsvorlage-industriemechaniker-in\/#breadcrumb\"},\"inLanguage\":\"de-DE\",\"potentialAction\":[{\"@type\":\"ReadAction\",\"target\":[\"https:\/\/www.stellenanzeigen.de\/careeasy\/bewerbung\/bewerbungsvorlage-industriemechaniker-in\/\"]}]},{\"@type\":\"BreadcrumbList\",\"@id\":\"https:\/\/www.stellenanzeigen.de\/careeasy\/bewerbung\/bewerbungsvorlage-industriemechaniker-in\/#breadcrumb\",\"itemListElement\":[{\"@type\":\"ListItem\",\"position\":1,\"name\":\"Careeasy\",\"item\":\"https:\/\/10.12.43.199\/careeasy\/\"},{\"@type\":\"ListItem\",\"position\":2,\"name\":\"Bewerbungsvorlagen &#038; Bewerbungsmuster\",\"item\":\"https:\/\/www.stellenanzeigen.de\/careeasy\/bewerbung\/\"},{\"@type\":\"ListItem\",\"position\":3,\"name\":\"Bewerbungsvorlage Industriemechaniker\/in\"}]},{\"@type\":\"WebSite\",\"@id\":\"https:\/\/10.12.43.199\/careeasy\/#website\",\"url\":\"https:\/\/10.12.43.199\/careeasy\/\",\"name\":\"careeasy - Dein Karrieremagazin\",\"description\":\"\",\"publisher\":{\"@id\":\"https:\/\/10.12.43.199\/careeasy\/#organization\"},\"potentialAction\":[{\"@type\":\"SearchAction\",\"target\":{\"@type\":\"EntryPoint\",\"urlTemplate\":\"https:\/\/10.12.43.199\/careeasy\/?s={search_term_string}\"},\"query-input\":\"required name=search_term_string\"}],\"inLanguage\":\"de-DE\"},{\"@type\":\"Organization\",\"@id\":\"https:\/\/10.12.43.199\/careeasy\/#organization\",\"name\":\"careeasy - Dein Karrieremagazin\",\"url\":\"https:\/\/10.12.43.199\/careeasy\/\",\"logo\":{\"@type\":\"ImageObject\",\"inLanguage\":\"de-DE\",\"@id\":\"https:\/\/10.12.43.199\/careeasy\/#\/schema\/logo\/image\/\",\"url\":\"https:\/\/www.stellenanzeigen.de\/careeasy\/wp-content\/uploads\/2024\/03\/careeasy_logo.jpg\",\"contentUrl\":\"https:\/\/www.stellenanzeigen.de\/careeasy\/wp-content\/uploads\/2024\/03\/careeasy_logo.jpg\",\"width\":701,\"height\":223,\"caption\":\"careeasy - Dein Karrieremagazin\"},\"image\":{\"@id\":\"https:\/\/10.12.43.199\/careeasy\/#\/schema\/logo\/image\/\"},\"sameAs\":[\"https:\/\/www.facebook.com\/stellenanzeigen.de\/\"]}]}<\/script>\n<!-- \/ Yoast SEO plugin. -->","yoast_head_json":{"title":"Bewerbungsvorlage Industriemechaniker\/in | careeasy - Dein Karrieremagazin","description":"Bewerbungsvorlage Industriemechaniker\/in - Copyright: industryview Auf stellenanzeige.de findest du passend zu deinem Beruf und der Stelle, auf die du","robots":{"index":"index","follow":"follow","max-snippet":"max-snippet:-1","max-image-preview":"max-image-preview:large","max-video-preview":"max-video-preview:-1"},"canonical":"https:\/\/www.stellenanzeigen.de\/careeasy\/bewerbung\/bewerbungsvorlage-industriemechaniker-in\/","og_locale":"de_DE","og_type":"article","og_title":"Bewerbungsvorlage Industriemechaniker\/in | careeasy - Dein Karrieremagazin","og_description":"Bewerbungsvorlage Industriemechaniker\/in - Copyright: industryview Auf stellenanzeige.de findest du passend zu deinem Beruf und der Stelle, auf die du","og_url":"https:\/\/www.stellenanzeigen.de\/careeasy\/bewerbung\/bewerbungsvorlage-industriemechaniker-in\/","og_site_name":"careeasy - Dein Karrieremagazin","article_publisher":"https:\/\/www.facebook.com\/stellenanzeigen.de\/","article_modified_time":"2023-12-08T13:51:13+00:00","og_image":[{"url":"https:\/\/www.stellenanzeigen.de\/careeasy\/wp-content\/uploads\/2020\/05\/iStock-1150713219-978x653.jpg"}],"twitter_misc":{"Gesch\u00e4tzte Lesezeit":"4 Minuten"},"schema":{"@context":"https:\/\/schema.org","@graph":[{"@type":"WebPage","@id":"https:\/\/www.stellenanzeigen.de\/careeasy\/bewerbung\/bewerbungsvorlage-industriemechaniker-in\/","url":"https:\/\/www.stellenanzeigen.de\/careeasy\/bewerbung\/bewerbungsvorlage-industriemechaniker-in\/","name":"Bewerbungsvorlage Industriemechaniker\/in | careeasy - Dein Karrieremagazin","isPartOf":{"@id":"https:\/\/10.12.43.199\/careeasy\/#website"},"datePublished":"2020-05-25T10:54:15+00:00","dateModified":"2023-12-08T13:51:13+00:00","description":"Bewerbungsvorlage Industriemechaniker\/in - Copyright: industryview Auf stellenanzeige.de findest du passend zu deinem Beruf und der Stelle, auf die du","breadcrumb":{"@id":"https:\/\/www.stellenanzeigen.de\/careeasy\/bewerbung\/bewerbungsvorlage-industriemechaniker-in\/#breadcrumb"},"inLanguage":"de-DE","potentialAction":[{"@type":"ReadAction","target":["https:\/\/www.stellenanzeigen.de\/careeasy\/bewerbung\/bewerbungsvorlage-industriemechaniker-in\/"]}]},{"@type":"BreadcrumbList","@id":"https:\/\/www.stellenanzeigen.de\/careeasy\/bewerbung\/bewerbungsvorlage-industriemechaniker-in\/#breadcrumb","itemListElement":[{"@type":"ListItem","position":1,"name":"Careeasy","item":"https:\/\/10.12.43.199\/careeasy\/"},{"@type":"ListItem","position":2,"name":"Bewerbungsvorlagen &#038; Bewerbungsmuster","item":"https:\/\/www.stellenanzeigen.de\/careeasy\/bewerbung\/"},{"@type":"ListItem","position":3,"name":"Bewerbungsvorlage Industriemechaniker\/in"}]},{"@type":"WebSite","@id":"https:\/\/10.12.43.199\/careeasy\/#website","url":"https:\/\/10.12.43.199\/careeasy\/","name":"careeasy - Dein Karrieremagazin","description":"","publisher":{"@id":"https:\/\/10.12.43.199\/careeasy\/#organization"},"potentialAction":[{"@type":"SearchAction","target":{"@type":"EntryPoint","urlTemplate":"https:\/\/10.12.43.199\/careeasy\/?s={search_term_string}"},"query-input":"required name=search_term_string"}],"inLanguage":"de-DE"},{"@type":"Organization","@id":"https:\/\/10.12.43.199\/careeasy\/#organization","name":"careeasy - Dein Karrieremagazin","url":"https:\/\/10.12.43.199\/careeasy\/","logo":{"@type":"ImageObject","inLanguage":"de-DE","@id":"https:\/\/10.12.43.199\/careeasy\/#\/schema\/logo\/image\/","url":"https:\/\/www.stellenanzeigen.de\/careeasy\/wp-content\/uploads\/2024\/03\/careeasy_logo.jpg","contentUrl":"https:\/\/www.stellenanzeigen.de\/careeasy\/wp-content\/uploads\/2024\/03\/careeasy_logo.jpg","width":701,"height":223,"caption":"careeasy - Dein Karrieremagazin"},"image":{"@id":"https:\/\/10.12.43.199\/careeasy\/#\/schema\/logo\/image\/"},"sameAs":["https:\/\/www.facebook.com\/stellenanzeigen.de\/"]}]}},"uagb_featured_image_src":{"full":false,"thumbnail":false,"medium":false,"medium_large":false,"large":false,"1536x1536":false,"2048x2048":false,"neomag-medium":false,"neomag-big":false,"neomag-large":false,"neomag-huge":false},"uagb_author_info":{"display_name":"Marina Pavel","author_link":"https:\/\/www.stellenanzeigen.de\/careeasy\/author\/marina\/"},"uagb_comment_info":0,"uagb_excerpt":"Auf stellenanzeige.de findest du passend zu deinem Beruf und der Stelle, auf die du dich bewerben m\u00f6chtest, die richtige Bewerbungsvorlage. Diese kannst du schnell...","_links":{"self":[{"href":"https:\/\/www.stellenanzeigen.de\/careeasy\/wp-json\/wp\/v2\/pages\/85618"}],"collection":[{"href":"https:\/\/www.stellenanzeigen.de\/careeasy\/wp-json\/wp\/v2\/pages"}],"about":[{"href":"https:\/\/www.stellenanzeigen.de\/careeasy\/wp-json\/wp\/v2\/types\/page"}],"author":[{"embeddable":true,"href":"https:\/\/www.stellenanzeigen.de\/careeasy\/wp-json\/wp\/v2\/users\/106"}],"replies":[{"embeddable":true,"href":"https:\/\/www.stellenanzeigen.de\/careeasy\/wp-json\/wp\/v2\/comments?post=85618"}],"version-history":[{"count":11,"href":"https:\/\/www.stellenanzeigen.de\/careeasy\/wp-json\/wp\/v2\/pages\/85618\/revisions"}],"predecessor-version":[{"id":116037,"href":"https:\/\/www.stellenanzeigen.de\/careeasy\/wp-json\/wp\/v2\/pages\/85618\/revisions\/116037"}],"up":[{"embeddable":true,"href":"https:\/\/www.stellenanzeigen.de\/careeasy\/wp-json\/wp\/v2\/pages\/14008"}],"wp:attachment":[{"href":"https:\/\/www.stellenanzeigen.de\/careeasy\/wp-json\/wp\/v2\/media?parent=85618"}],"wp:term":[{"taxonomy":"category","embeddable":true,"href":"https:\/\/www.stellenanzeigen.de\/careeasy\/wp-json\/wp\/v2\/categories?post=85618"},{"taxonomy":"post_tag","embeddable":true,"href":"https:\/\/www.stellenanzeigen.de\/careeasy\/wp-json\/wp\/v2\/tags?post=85618"}],"curies":[{"name":"wp","href":"https:\/\/api.w.org\/{rel}","templated":true}]}}