{"id":85596,"date":"2020-05-25T10:15:29","date_gmt":"2020-05-25T10:15:29","guid":{"rendered":"https:\/\/www.stellenanzeigen.de\/careeasy\/?page_id=85596"},"modified":"2023-10-06T10:58:19","modified_gmt":"2023-10-06T08:58:19","slug":"bewerbungsvorlage-arzthelfer-in","status":"publish","type":"page","link":"https:\/\/www.stellenanzeigen.de\/careeasy\/bewerbung\/bewerbungsvorlage-arzthelfer-in\/","title":{"rendered":"Bewerbungsvorlage Arzthelfer\/in"},"content":{"rendered":"\n<figure class=\"wp-block-image alignwide size-medium wp-image-85597\"><img decoding=\"async\" loading=\"lazy\" width=\"978\" height=\"652\" src=\"https:\/\/www.stellenanzeigen.de\/careeasy\/wp-content\/uploads\/2020\/05\/iStock-1079106430-978x652.jpg\" alt=\"Bewerbungsvorlage Arzthelfer\/in \" class=\"wp-image-85597\" srcset=\"https:\/\/www.stellenanzeigen.de\/careeasy\/wp-content\/uploads\/2020\/05\/iStock-1079106430-978x652.jpg 978w, https:\/\/www.stellenanzeigen.de\/careeasy\/wp-content\/uploads\/2020\/05\/iStock-1079106430-768x512.jpg 768w, https:\/\/www.stellenanzeigen.de\/careeasy\/wp-content\/uploads\/2020\/05\/iStock-1079106430-272x182.jpg 272w, https:\/\/www.stellenanzeigen.de\/careeasy\/wp-content\/uploads\/2020\/05\/iStock-1079106430.jpg 1254w\" sizes=\"(max-width: 978px) 100vw, 978px\" \/><figcaption>Bewerbungsvorlage Arzthelfer\/in &#8211; Copyright: LSOphoto<\/figcaption><\/figure>\n\n\n\n<div class=\"wp-block-columns alignwide pdf-teaser is-layout-flex wp-container-5\">\n<div class=\"wp-block-column pdf-thumbnail is-layout-flow\" style=\"flex-basis:35%\">\n<div class=\"wp-block-image\"><figure class=\"aligncenter size-large\"><img decoding=\"async\" loading=\"lazy\" width=\"300\" height=\"424\" src=\"https:\/\/www.stellenanzeigen.de\/careeasy\/wp-content\/uploads\/2020\/05\/Bewerbungsmuster-Arzthelferin-pdf-image.jpg\" alt=\"Bewerbungsvorlage Arzthelfer\/in\" class=\"wp-image-85961\"\/><\/figure><\/div>\n\n\n\n<p><\/p><div id=\"ez-toc-container\" class=\"ez-toc-v2_0_62 counter-hierarchy ez-toc-counter ez-toc-grey ez-toc-container-direction\">\n<div class=\"ez-toc-title-container\">\n<p class=\"ez-toc-title \" >Inhaltsverzeichnis<\/p>\n<span class=\"ez-toc-title-toggle\"><\/span><\/div>\n<nav><ul class='ez-toc-list ez-toc-list-level-1 ' ><li class='ez-toc-page-1 ez-toc-heading-level-2'><a class=\"ez-toc-link ez-toc-heading-1\" href=\"https:\/\/www.stellenanzeigen.de\/careeasy\/bewerbung\/bewerbungsvorlage-arzthelfer-in\/#Bestandteile_der_Bewerbung_als_Arzthelferin\" title=\"Bestandteile der Bewerbung als Arzthelfer\/in\">Bestandteile der Bewerbung als Arzthelfer\/in<\/a><\/li><li class='ez-toc-page-1 ez-toc-heading-level-2'><a class=\"ez-toc-link ez-toc-heading-2\" href=\"https:\/\/www.stellenanzeigen.de\/careeasy\/bewerbung\/bewerbungsvorlage-arzthelfer-in\/#Aktuelle_Stellenangebote_fuer_Arzthelferinnen\" title=\"Aktuelle Stellenangebote f\u00fcr Arzthelfer\/innen\">Aktuelle Stellenangebote f\u00fcr Arzthelfer\/innen<\/a><\/li><li class='ez-toc-page-1 ez-toc-heading-level-2'><a class=\"ez-toc-link ez-toc-heading-3\" href=\"https:\/\/www.stellenanzeigen.de\/careeasy\/bewerbung\/bewerbungsvorlage-arzthelfer-in\/#Die_perfekte_Vorbereitung_auf_dein_Vorstellungsgespraech\" title=\"Die perfekte Vorbereitung auf dein Vorstellungsgespr\u00e4ch\">Die perfekte Vorbereitung auf dein Vorstellungsgespr\u00e4ch<\/a><\/li><li class='ez-toc-page-1 ez-toc-heading-level-2'><a class=\"ez-toc-link ez-toc-heading-4\" href=\"https:\/\/www.stellenanzeigen.de\/careeasy\/bewerbung\/bewerbungsvorlage-arzthelfer-in\/#Fragen_und_Antwortmoeglichkeiten_fuer_dein_Vorstellungsgespraech\" title=\"Fragen und Antwortm\u00f6glichkeiten f\u00fcr dein Vorstellungsgespr\u00e4ch\">Fragen und Antwortm\u00f6glichkeiten f\u00fcr dein Vorstellungsgespr\u00e4ch<\/a><\/li><\/ul><\/nav><\/div>\n\n<\/div>\n\n\n\n<div class=\"wp-block-column teaser-box is-layout-flow\" style=\"flex-basis:65%\">\n<p>Damit du deine Bewerbung gut und schnell vorbereiten kannst, findest du bei stellenanzeigen.de verschiedene Musterbewerbungen. <strong>Diese kannst du kostenlos herunterladen.<\/strong> So musst du nur deine pers\u00f6nlichen Daten erg\u00e4nzen und kannst dich im Nu auf deinen Traumjob bewerben.<\/p>\n\n\n\n<div class=\"wp-block-buttons is-layout-flex\">\n<div class=\"wp-block-button\"><a class=\"wp-block-button__link has-background no-border-radius\" href=\"https:\/\/www.stellenanzeigen.de\/careeasy\/bewerbung\/bewerbungsvorlage-arzthelfer-in\/#pdf-download\" style=\"background-color:#2b85b9\">Vorlage Anfordern<\/a><\/div>\n<\/div>\n<\/div>\n<\/div>\n\n\n<h2><span class=\"ez-toc-section\" id=\"Bestandteile_der_Bewerbung_als_Arzthelferin\"><\/span><span style=\"color: #333333;\">Bestandteile der Bewerbung als Arzthelfer\/in<\/span><span class=\"ez-toc-section-end\"><\/span><\/h2>\n<p><span style=\"color: #333333;\">Eine Arztpraxis ist auf einen reibungslosen Ablauf angewiesen und braucht daf\u00fcr tatkr\u00e4ftige Unterst\u00fctzung. <strong>Um schon im Rahmen deiner Bewerbung darauf hinzuweisen, dass du die notwendige Erfahrung und eine hohe Motivation mitbringst, solltest du dies in deinem Anschreiben formulieren.<\/strong> Au\u00dferdem sind ein l\u00fcckenloser <a class=\"wpil_keyword_link\" href=\"https:\/\/www.stellenanzeigen.de\/careeasy\/lebenslauf-vorlagen-sde106864\/\"   title=\"Lebenslauf\" data-wpil-keyword-link=\"linked\">Lebenslauf<\/a> sowie eine komplette Sammlung deiner Zeugnisse und Referenzen erforderlich, um mit der Bewerbung zu punkten und gute Chance auf ein pers\u00f6nliches Gespr\u00e4ch zu haben.<\/span><\/p>\n<p><span style=\"color: #333333;\">In deinem Anschreiben solltest du bereits das Interesse der Entscheider wecken und <strong>auf deine Qualifikationen eingehen.<\/strong> Im Lebenslauf sollten diese erg\u00e4nzend zu den verschiedenen Ausbildungs- oder Berufsstufen ersichtlich sein. Auch m\u00f6gliche L\u00fccken im Lebenslauf sollten erkl\u00e4rt werden. <\/span><\/p>\n<h2><span class=\"ez-toc-section\" id=\"Aktuelle_Stellenangebote_fuer_Arzthelferinnen\"><\/span><a href=\"https:\/\/www.stellenanzeigen.de\/jobs\/arzthelfer-in\/\" target=\"_blank\" rel=\"noopener noreferrer\">Aktuelle Stellenangebote f\u00fcr Arzthelfer\/innen<\/a><span class=\"ez-toc-section-end\"><\/span><\/h2>\n<hr>\n<div id=\"suchwidgetErgebnisliste\">&nbsp;<\/div>\n<div id=\"StellenanzeigenSuchwidget\" tabindex=\"-1\">&nbsp;<\/div>\n<script>\n  var config = {\n    apiKey : 'FBEB08FBC7BB75349E26C51C530F79BF',\n    resultsPerPage : 3,\n    searchRadius : 60,\n    fulltext : 'arzthelfer>',\n    city : null,\n    category : null,\n    subCategories : null\n  };\n<\/script><script type=\"text\/javascript\" src=\"https:\/\/app.stellenanzeigen.de\/widget\/init.js\"><\/script>\n<hr>\n<p><span style=\"color: #333333;\">Zeugnisse der erfolgreich abgeschlossenen Berufsausbildung sowie der verschiedenen Arbeitgeber d\u00fcrfen nicht fehlen. <strong>Au\u00dferdem empfehlen sich Nachweise beispielsweise \u00fcber ehrenamtliche T\u00e4tigkeiten,<\/strong> die auch aufzeigen, dass man sich \u00fcber den Beruf hinaus engagiert und Spa\u00df an Themen hat. Dabei k\u00f6nnen diese auch v\u00f6llig losgel\u00f6st vom Fachbereich Medizin sein. <\/span><\/p>\n<h2><span class=\"ez-toc-section\" id=\"Die_perfekte_Vorbereitung_auf_dein_Vorstellungsgespraech\"><\/span><span style=\"color: #333333;\">Die perfekte Vorbereitung auf dein Vorstellungsgespr\u00e4ch<\/span><span class=\"ez-toc-section-end\"><\/span><\/h2>\n<p><span style=\"color: #333333;\">Wenn du mit deiner Bewerbung in die engere Auswahl kommst, steht schon bald das pers\u00f6nliche Vorstellungsgespr\u00e4ch an. Hier m\u00f6chte dein potenzieller neuer Arbeitgeber so viel wie m\u00f6glich \u00fcber dich erfahren und sich ein Bild von deinen bisherigen Erfahrungen machen. <strong>Bereite dich auf Fragen zu deinem Alltag vor.<\/strong> Dazu geh\u00f6ren knifflige Beispiele, wie du Termine vergibst oder in stressigen Notfallsituationen handelst. <\/span><\/p>\n<p><span style=\"color: #333333;\">Da du viel mit Menschen zu tun haben und den Arzt unterst\u00fctzen wirst, werden auch <strong>Fragen zu deiner Priorisierung von Aufgaben vorkommen.<\/strong> Lies dir vor dem Gespr\u00e4ch die Stelleanzeige noch einmal genau durch und \u00fcberlege dir Beispiele aus deinem bisherigen Werdegang, um die Erfahrungen und F\u00e4higkeiten anhand diesen zu belegen. <\/span><\/p>\n<p><span style=\"color: #333333;\">Die Praxisorganisation ist das A und O und stellt <strong>die Entlastung des Arztes und den funktionierenden Betrieb sicher.<\/strong> Aus dem Grund ist es sinnvoll, sich zu \u00fcberlegen, was man auf die Frage nach Priorisierung verschiedener Aufgaben antwortet und welche Erfahrungen man in der Vergangenheit schon gemacht hat. <\/span><\/p>\n<p><span style=\"color: #333333;\">Zu deinem Vorstellungsgespr\u00e4ch solltest du dich angemessen anziehen. Schaue dir die Praxis vielleicht vorher an und gewinne einen ersten Eindruck. <strong>Ein Hosenanzug ist vielleicht zu viel, trage dann lieber eine Kombination aus einer Bluse und Stoffhose.<\/strong><\/span><\/p>\n<h2><span class=\"ez-toc-section\" id=\"Fragen_und_Antwortmoeglichkeiten_fuer_dein_Vorstellungsgespraech\"><\/span><span style=\"color: #333333;\">Fragen und Antwortm\u00f6glichkeiten f\u00fcr dein Vorstellungsgespr\u00e4ch<\/span><span class=\"ez-toc-section-end\"><\/span><\/h2>\n<p><span style=\"color: #333333;\">Vor dem Gespr\u00e4ch solltest du dein Anschreiben und den Lebenslauf noch einmal lesen. Es ist auch hilfreich, <strong>deiner Bewerbungsunterlagen einer neutralen Person vorzulegen.<\/strong> Frage jemanden konkret, welche Punkte unklar sind und wo sie dir welche Fragen stellen w\u00fcrden. <\/span><\/p>\n<p><span style=\"color: #333333;\">Meist treten Fragen zu Unklarheiten auf \u2013 oder zu deinem Privatleben, sofern du in der Bewerbung hier nicht drauf eingegangen bist. <strong>\u00dcberlege dir sachliche Antworten und Beispiele.<\/strong><\/span><\/p>\n<p><span style=\"color: #333333;\">Es empfiehlt sich bei Fragen zur Zukunft und weiteren Entwicklung <strong>den Wunsch nach Weiterbildung und die \u00dcbernahme von mehr Verantwortung<\/strong> anzusprechen. <\/span><span style=\"color: #333333;\">Der Beruf der Arzthelferin erfordert ein gutes Gesp\u00fcr f\u00fcr die richtige emotionale Distanz zu Patienten\/innen. Auch hier k\u00f6nnten beispielsweise Fragen aufkommen, wie du mit einem schwer kranken Menschen umgehst, oder aber mit Menschen, die im Wartezimmer ungeduldig werden. <\/span><\/p>\n<p><span style=\"color: #333333;\">Nat\u00fcrlich kann es auch zu der privaten weiteren Planung kommen \u2013 <strong>Fragen etwa zum Kinderwunsch musst du nicht beantworten<\/strong> \u2013 hier empfiehlt es sich stattdessen \u00fcber den Wunsch nach einer neuen Herausforderung und der pers\u00f6nlichen Weiterentwicklung zu sprechen. <\/span><\/p>\n<p><span style=\"color: #333333;\">Selbstverst\u00e4ndlich darfst du, wenn du eine Frage mal nicht auf Anhieb verstehst, auch R\u00fcckfragen stellen. Eine Gehaltsverhandlung richtet sich meist an den Rahmenvertr\u00e4gen aus. <strong>Dennoch kannst du hier versuchen, bei einem Angebot noch eine Stufe nach oben zu verhandeln<\/strong> \u2013 in den meisten F\u00e4llen gelingt dies, wenn man seine Erfahrung in den Vordergrund bringt. <\/span><\/p>\n\n\n<div class=\"wp-block-group alignwide\" id=\"pdf-download\"><div class=\"wp-block-group__inner-container is-layout-flow\">\n<div class=\"wp-block-columns pdf-download is-layout-flex wp-container-8\">\n<div class=\"wp-block-column pdf-thumbnail is-layout-flow\" style=\"flex-basis:35%\">\n<figure class=\"wp-block-image size-large\"><img decoding=\"async\" loading=\"lazy\" width=\"300\" height=\"424\" src=\"https:\/\/www.stellenanzeigen.de\/careeasy\/wp-content\/uploads\/2020\/05\/Bewerbungsmuster-Arzthelferin-pdf-image.jpg\" alt=\"Bewerbungsvorlage Arzthelfer\/in\" class=\"wp-image-85961\"\/><\/figure>\n\n\n\n<p><\/p>\n<\/div>\n\n\n\n<div class=\"wp-block-column subscribe-box is-layout-flow\" style=\"flex-basis:65%\">\n\t\t\t\n\t\t\t<form id=\"sib_signup_form_7\" method=\"post\" class=\"sib_signup_form\">\n\t\t\t\t<div class=\"sib_loader\" style=\"display:none;\"><img\n\t\t\t\t\t\t\tsrc=\"https:\/\/www.stellenanzeigen.de\/careeasy\/wp-includes\/images\/spinner.gif\" alt=\"loader\"><\/div>\n\t\t\t\t<input type=\"hidden\" name=\"sib_form_action\" value=\"subscribe_form_submit\">\n\t\t\t\t<input type=\"hidden\" name=\"sib_form_id\" value=\"7\">\n                <input type=\"hidden\" name=\"sib_form_alert_notice\" value=\"Bitte f\u00fclle das Feld aus\">\n                <input type=\"hidden\" name=\"sib_form_invalid_email_notice\" value=\"Deine E-Mail Adresse ist ung\u00fcltig\">\n                <input type=\"hidden\" name=\"sib_security\" value=\"2c5d2e9b1e\">\n\t\t\t\t<div class=\"sib_signup_box_inside_7\">\n\t\t\t\t\t<div style=\"\/*display:none*\/\" class=\"sib_msg_disp\">\n\t\t\t\t\t<\/div>\n                    \t\t\t\t\t<p style=\"font-size:21px;text-align:left;font-family: 'Helvetica',sans-serif;color:#2b85b9;background-color:transparent\"><strong>Jetzt Bewerbungsvorlage als Arzthelfer\/in anfordern und f\u00fcr den Newsletter anmelden<\/strong><\/p>\r\n<p class=\"sib-email-area\">\r\n    <label>E-Mail-Adresse <span style=\"color: red\">*<\/span><\/label>\r\n    <input type=\"email\" class=\"sib-email-area\" name=\"email\" required=\"required\" placeholder=\"E-Mail-Adresse\">\r\n<\/p>\r\n<p class=\"sib-terms\"><input type=\"checkbox\" name=\"terms\" required=\"required\"><label>Ich bin damit einverstanden, dass meine E-Mailadresse f\u00fcr Werbezwecke per Newsletter genutzt wird und akzeptiere die <a href=\"https:\/\/www.stellenanzeigen.de\/arbeitgeber\/datenschutzerklaerung\/\">Datenschutzerkl\u00e4rung <span style=\"color: red\">*<\/span><\/a><\/label><\/p>\r\n<p style=\"font-size:12px;text-align:left;font-family: 'Helvetica',sans-serif;color:#8390A4\">Du kannst den Newsletter jederzeit \u00fcber den Abmeldelink in der Fu\u00dfzeile unserer E-Mails abbestellen.<\/p>\r\n<input type=\"submit\" class=\"sib-default-btn\" value=\"Bewerbungsvorlage anfordern\">\t\t\t\t<\/div>\n\t\t\t<\/form>\n\t\t\t<style>\n\t\t\t\tform#sib_signup_form_7 p.sib-alert-message {\n    padding: 6px 12px;\n    margin-bottom: 20px;\n    border: 1px solid transparent;\n    border-radius: 4px;\n    -webkit-box-sizing: border-box;\n    -moz-box-sizing: border-box;\n    box-sizing: border-box;\n}\nform#sib_signup_form_7 p.sib-alert-message-error {\n    background-color: #f2dede;\n    border-color: #ebccd1;\n    color: #a94442;\n}\nform#sib_signup_form_7 p.sib-alert-message-success {\n    background-color: #dff0d8;\n    border-color: #d6e9c6;\n    color: #3c763d;\n}\nform#sib_signup_form_7 p.sib-alert-message-warning {\n    background-color: #fcf8e3;\n    border-color: #faebcc;\n    color: #8a6d3b;\n}\n\t\t\t<\/style>\n\t\t\t\n<\/div>\n<\/div>\n<\/div><\/div>\n","protected":false},"excerpt":{"rendered":"<p>Damit du deine Bewerbung gut und schnell vorbereiten kannst, findest du bei stellenanzeigen.de verschiedene Musterbewerbungen. Diese kannst du kostenlos herunterladen. So musst du nur&#8230;<\/p>\n","protected":false},"author":106,"featured_media":0,"parent":14008,"menu_order":0,"comment_status":"closed","ping_status":"closed","template":"","meta":{"_uag_custom_page_level_css":""},"categories":[],"tags":[],"yoast_head":"<!-- This site is optimized with the Yoast SEO plugin v20.7 - https:\/\/yoast.com\/wordpress\/plugins\/seo\/ -->\n<title>Bewerbungsvorlage Arzthelfer\/in | careeasy - Dein Karrieremagazin<\/title>\n<meta name=\"description\" content=\"Bewerbungsvorlage Arzthelfer\/in - Copyright: LSOphoto Damit du deine Bewerbung gut und schnell vorbereiten kannst, findest du bei stellenanzeigen.de\" \/>\n<meta name=\"robots\" content=\"index, follow, max-snippet:-1, max-image-preview:large, max-video-preview:-1\" \/>\n<link rel=\"canonical\" href=\"https:\/\/www.stellenanzeigen.de\/careeasy\/bewerbung\/bewerbungsvorlage-arzthelfer-in\/\" \/>\n<meta property=\"og:locale\" content=\"de_DE\" \/>\n<meta property=\"og:type\" content=\"article\" \/>\n<meta property=\"og:title\" content=\"Bewerbungsvorlage Arzthelfer\/in | careeasy - Dein Karrieremagazin\" \/>\n<meta property=\"og:description\" content=\"Bewerbungsvorlage Arzthelfer\/in - Copyright: LSOphoto Damit du deine Bewerbung gut und schnell vorbereiten kannst, findest du bei stellenanzeigen.de\" \/>\n<meta property=\"og:url\" content=\"https:\/\/www.stellenanzeigen.de\/careeasy\/bewerbung\/bewerbungsvorlage-arzthelfer-in\/\" \/>\n<meta property=\"og:site_name\" content=\"careeasy - Dein Karrieremagazin\" \/>\n<meta property=\"article:publisher\" content=\"https:\/\/www.facebook.com\/stellenanzeigen.de\/\" \/>\n<meta property=\"article:modified_time\" content=\"2023-10-06T08:58:19+00:00\" \/>\n<meta property=\"og:image\" content=\"https:\/\/www.stellenanzeigen.de\/careeasy\/wp-content\/uploads\/2020\/05\/iStock-1079106430-978x652.jpg\" \/>\n<meta name=\"twitter:label1\" content=\"Gesch\u00e4tzte Lesezeit\" \/>\n\t<meta name=\"twitter:data1\" content=\"3 Minuten\" \/>\n<script type=\"application\/ld+json\" class=\"yoast-schema-graph\">{\"@context\":\"https:\/\/schema.org\",\"@graph\":[{\"@type\":\"WebPage\",\"@id\":\"https:\/\/www.stellenanzeigen.de\/careeasy\/bewerbung\/bewerbungsvorlage-arzthelfer-in\/\",\"url\":\"https:\/\/www.stellenanzeigen.de\/careeasy\/bewerbung\/bewerbungsvorlage-arzthelfer-in\/\",\"name\":\"Bewerbungsvorlage Arzthelfer\/in | careeasy - Dein Karrieremagazin\",\"isPartOf\":{\"@id\":\"https:\/\/www.stellenanzeigen.de\/careeasy\/#website\"},\"datePublished\":\"2020-05-25T10:15:29+00:00\",\"dateModified\":\"2023-10-06T08:58:19+00:00\",\"description\":\"Bewerbungsvorlage Arzthelfer\/in - Copyright: LSOphoto Damit du deine Bewerbung gut und schnell vorbereiten kannst, findest du bei stellenanzeigen.de\",\"breadcrumb\":{\"@id\":\"https:\/\/www.stellenanzeigen.de\/careeasy\/bewerbung\/bewerbungsvorlage-arzthelfer-in\/#breadcrumb\"},\"inLanguage\":\"de-DE\",\"potentialAction\":[{\"@type\":\"ReadAction\",\"target\":[\"https:\/\/www.stellenanzeigen.de\/careeasy\/bewerbung\/bewerbungsvorlage-arzthelfer-in\/\"]}]},{\"@type\":\"BreadcrumbList\",\"@id\":\"https:\/\/www.stellenanzeigen.de\/careeasy\/bewerbung\/bewerbungsvorlage-arzthelfer-in\/#breadcrumb\",\"itemListElement\":[{\"@type\":\"ListItem\",\"position\":1,\"name\":\"Careeasy\",\"item\":\"https:\/\/www.stellenanzeigen.de\/careeasy\/\"},{\"@type\":\"ListItem\",\"position\":2,\"name\":\"Bewerbungsvorlagen &#038; Bewerbungsmuster\",\"item\":\"https:\/\/www.stellenanzeigen.de\/careeasy\/bewerbung\/\"},{\"@type\":\"ListItem\",\"position\":3,\"name\":\"Bewerbungsvorlage Arzthelfer\/in\"}]},{\"@type\":\"WebSite\",\"@id\":\"https:\/\/www.stellenanzeigen.de\/careeasy\/#website\",\"url\":\"https:\/\/www.stellenanzeigen.de\/careeasy\/\",\"name\":\"careeasy - Dein Karrieremagazin\",\"description\":\"\",\"publisher\":{\"@id\":\"https:\/\/www.stellenanzeigen.de\/careeasy\/#organization\"},\"potentialAction\":[{\"@type\":\"SearchAction\",\"target\":{\"@type\":\"EntryPoint\",\"urlTemplate\":\"https:\/\/www.stellenanzeigen.de\/careeasy\/?s={search_term_string}\"},\"query-input\":\"required name=search_term_string\"}],\"inLanguage\":\"de-DE\"},{\"@type\":\"Organization\",\"@id\":\"https:\/\/www.stellenanzeigen.de\/careeasy\/#organization\",\"name\":\"careeasy - Dein Karrieremagazin\",\"url\":\"https:\/\/www.stellenanzeigen.de\/careeasy\/\",\"logo\":{\"@type\":\"ImageObject\",\"inLanguage\":\"de-DE\",\"@id\":\"https:\/\/www.stellenanzeigen.de\/careeasy\/#\/schema\/logo\/image\/\",\"url\":\"https:\/\/www.stellenanzeigen.de\/careeasy\/wp-content\/uploads\/2024\/03\/careeasy_logo.jpg\",\"contentUrl\":\"https:\/\/www.stellenanzeigen.de\/careeasy\/wp-content\/uploads\/2024\/03\/careeasy_logo.jpg\",\"width\":701,\"height\":223,\"caption\":\"careeasy - Dein Karrieremagazin\"},\"image\":{\"@id\":\"https:\/\/www.stellenanzeigen.de\/careeasy\/#\/schema\/logo\/image\/\"},\"sameAs\":[\"https:\/\/www.facebook.com\/stellenanzeigen.de\/\"]}]}<\/script>\n<!-- \/ Yoast SEO plugin. -->","yoast_head_json":{"title":"Bewerbungsvorlage Arzthelfer\/in | careeasy - Dein Karrieremagazin","description":"Bewerbungsvorlage Arzthelfer\/in - Copyright: LSOphoto Damit du deine Bewerbung gut und schnell vorbereiten kannst, findest du bei stellenanzeigen.de","robots":{"index":"index","follow":"follow","max-snippet":"max-snippet:-1","max-image-preview":"max-image-preview:large","max-video-preview":"max-video-preview:-1"},"canonical":"https:\/\/www.stellenanzeigen.de\/careeasy\/bewerbung\/bewerbungsvorlage-arzthelfer-in\/","og_locale":"de_DE","og_type":"article","og_title":"Bewerbungsvorlage Arzthelfer\/in | careeasy - Dein Karrieremagazin","og_description":"Bewerbungsvorlage Arzthelfer\/in - Copyright: LSOphoto Damit du deine Bewerbung gut und schnell vorbereiten kannst, findest du bei stellenanzeigen.de","og_url":"https:\/\/www.stellenanzeigen.de\/careeasy\/bewerbung\/bewerbungsvorlage-arzthelfer-in\/","og_site_name":"careeasy - Dein Karrieremagazin","article_publisher":"https:\/\/www.facebook.com\/stellenanzeigen.de\/","article_modified_time":"2023-10-06T08:58:19+00:00","og_image":[{"url":"https:\/\/www.stellenanzeigen.de\/careeasy\/wp-content\/uploads\/2020\/05\/iStock-1079106430-978x652.jpg"}],"twitter_misc":{"Gesch\u00e4tzte Lesezeit":"3 Minuten"},"schema":{"@context":"https:\/\/schema.org","@graph":[{"@type":"WebPage","@id":"https:\/\/www.stellenanzeigen.de\/careeasy\/bewerbung\/bewerbungsvorlage-arzthelfer-in\/","url":"https:\/\/www.stellenanzeigen.de\/careeasy\/bewerbung\/bewerbungsvorlage-arzthelfer-in\/","name":"Bewerbungsvorlage Arzthelfer\/in | careeasy - Dein Karrieremagazin","isPartOf":{"@id":"https:\/\/www.stellenanzeigen.de\/careeasy\/#website"},"datePublished":"2020-05-25T10:15:29+00:00","dateModified":"2023-10-06T08:58:19+00:00","description":"Bewerbungsvorlage Arzthelfer\/in - Copyright: LSOphoto Damit du deine Bewerbung gut und schnell vorbereiten kannst, findest du bei stellenanzeigen.de","breadcrumb":{"@id":"https:\/\/www.stellenanzeigen.de\/careeasy\/bewerbung\/bewerbungsvorlage-arzthelfer-in\/#breadcrumb"},"inLanguage":"de-DE","potentialAction":[{"@type":"ReadAction","target":["https:\/\/www.stellenanzeigen.de\/careeasy\/bewerbung\/bewerbungsvorlage-arzthelfer-in\/"]}]},{"@type":"BreadcrumbList","@id":"https:\/\/www.stellenanzeigen.de\/careeasy\/bewerbung\/bewerbungsvorlage-arzthelfer-in\/#breadcrumb","itemListElement":[{"@type":"ListItem","position":1,"name":"Careeasy","item":"https:\/\/www.stellenanzeigen.de\/careeasy\/"},{"@type":"ListItem","position":2,"name":"Bewerbungsvorlagen &#038; Bewerbungsmuster","item":"https:\/\/www.stellenanzeigen.de\/careeasy\/bewerbung\/"},{"@type":"ListItem","position":3,"name":"Bewerbungsvorlage Arzthelfer\/in"}]},{"@type":"WebSite","@id":"https:\/\/www.stellenanzeigen.de\/careeasy\/#website","url":"https:\/\/www.stellenanzeigen.de\/careeasy\/","name":"careeasy - Dein Karrieremagazin","description":"","publisher":{"@id":"https:\/\/www.stellenanzeigen.de\/careeasy\/#organization"},"potentialAction":[{"@type":"SearchAction","target":{"@type":"EntryPoint","urlTemplate":"https:\/\/www.stellenanzeigen.de\/careeasy\/?s={search_term_string}"},"query-input":"required name=search_term_string"}],"inLanguage":"de-DE"},{"@type":"Organization","@id":"https:\/\/www.stellenanzeigen.de\/careeasy\/#organization","name":"careeasy - Dein Karrieremagazin","url":"https:\/\/www.stellenanzeigen.de\/careeasy\/","logo":{"@type":"ImageObject","inLanguage":"de-DE","@id":"https:\/\/www.stellenanzeigen.de\/careeasy\/#\/schema\/logo\/image\/","url":"https:\/\/www.stellenanzeigen.de\/careeasy\/wp-content\/uploads\/2024\/03\/careeasy_logo.jpg","contentUrl":"https:\/\/www.stellenanzeigen.de\/careeasy\/wp-content\/uploads\/2024\/03\/careeasy_logo.jpg","width":701,"height":223,"caption":"careeasy - Dein Karrieremagazin"},"image":{"@id":"https:\/\/www.stellenanzeigen.de\/careeasy\/#\/schema\/logo\/image\/"},"sameAs":["https:\/\/www.facebook.com\/stellenanzeigen.de\/"]}]}},"uagb_featured_image_src":{"full":false,"thumbnail":false,"medium":false,"medium_large":false,"large":false,"1536x1536":false,"2048x2048":false,"neomag-medium":false,"neomag-big":false,"neomag-large":false,"neomag-huge":false},"uagb_author_info":{"display_name":"Marina Pavel","author_link":"https:\/\/www.stellenanzeigen.de\/careeasy\/author\/marina\/"},"uagb_comment_info":0,"uagb_excerpt":"Damit du deine Bewerbung gut und schnell vorbereiten kannst, findest du bei stellenanzeigen.de verschiedene Musterbewerbungen. Diese kannst du kostenlos herunterladen. So musst du nur...","_links":{"self":[{"href":"https:\/\/www.stellenanzeigen.de\/careeasy\/wp-json\/wp\/v2\/pages\/85596"}],"collection":[{"href":"https:\/\/www.stellenanzeigen.de\/careeasy\/wp-json\/wp\/v2\/pages"}],"about":[{"href":"https:\/\/www.stellenanzeigen.de\/careeasy\/wp-json\/wp\/v2\/types\/page"}],"author":[{"embeddable":true,"href":"https:\/\/www.stellenanzeigen.de\/careeasy\/wp-json\/wp\/v2\/users\/106"}],"replies":[{"embeddable":true,"href":"https:\/\/www.stellenanzeigen.de\/careeasy\/wp-json\/wp\/v2\/comments?post=85596"}],"version-history":[{"count":12,"href":"https:\/\/www.stellenanzeigen.de\/careeasy\/wp-json\/wp\/v2\/pages\/85596\/revisions"}],"predecessor-version":[{"id":112934,"href":"https:\/\/www.stellenanzeigen.de\/careeasy\/wp-json\/wp\/v2\/pages\/85596\/revisions\/112934"}],"up":[{"embeddable":true,"href":"https:\/\/www.stellenanzeigen.de\/careeasy\/wp-json\/wp\/v2\/pages\/14008"}],"wp:attachment":[{"href":"https:\/\/www.stellenanzeigen.de\/careeasy\/wp-json\/wp\/v2\/media?parent=85596"}],"wp:term":[{"taxonomy":"category","embeddable":true,"href":"https:\/\/www.stellenanzeigen.de\/careeasy\/wp-json\/wp\/v2\/categories?post=85596"},{"taxonomy":"post_tag","embeddable":true,"href":"https:\/\/www.stellenanzeigen.de\/careeasy\/wp-json\/wp\/v2\/tags?post=85596"}],"curies":[{"name":"wp","href":"https:\/\/api.w.org\/{rel}","templated":true}]}}