{"id":85587,"date":"2020-05-25T10:05:06","date_gmt":"2020-05-25T10:05:06","guid":{"rendered":"https:\/\/www.stellenanzeigen.de\/careeasy\/?page_id=85587"},"modified":"2023-10-06T10:58:18","modified_gmt":"2023-10-06T08:58:18","slug":"bewerbungsvorlage-kfz-mechaniker-in","status":"publish","type":"page","link":"https:\/\/www.stellenanzeigen.de\/careeasy\/bewerbung\/bewerbungsvorlage-kfz-mechaniker-in\/","title":{"rendered":"Bewerbungsvorlage KFZ-Mechaniker\/in"},"content":{"rendered":"\n<figure class=\"wp-block-image alignwide size-medium wp-image-85591\"><img loading=\"lazy\" decoding=\"async\" width=\"978\" height=\"607\" src=\"https:\/\/www.stellenanzeigen.de\/careeasy\/wp-content\/uploads\/2020\/05\/iStock-1124831606-978x607.jpg\" alt=\"Bewerbungsvorlage KFZ-Mechaniker\" class=\"wp-image-85591\" srcset=\"https:\/\/www.stellenanzeigen.de\/careeasy\/wp-content\/uploads\/2020\/05\/iStock-1124831606-978x607.jpg 978w, https:\/\/www.stellenanzeigen.de\/careeasy\/wp-content\/uploads\/2020\/05\/iStock-1124831606-768x477.jpg 768w, https:\/\/www.stellenanzeigen.de\/careeasy\/wp-content\/uploads\/2020\/05\/iStock-1124831606.jpg 1300w\" sizes=\"auto, (max-width: 978px) 100vw, 978px\" \/><figcaption>Bewerbungsvorlage KFZ-Mechaniker &#8211; Copyright: rclassenlayouts<\/figcaption><\/figure>\n\n\n\n<div class=\"wp-block-columns alignwide pdf-teaser is-layout-flex wp-container-core-columns-is-layout-9d6595d7 wp-block-columns-is-layout-flex\">\n<div class=\"wp-block-column pdf-thumbnail is-layout-flow wp-block-column-is-layout-flow\" style=\"flex-basis:35%\">\n<div class=\"wp-block-image\"><figure class=\"aligncenter size-large\"><img loading=\"lazy\" decoding=\"async\" width=\"300\" height=\"424\" src=\"https:\/\/www.stellenanzeigen.de\/careeasy\/wp-content\/uploads\/2020\/05\/Muster-KFZ-Mechaniker-pdf-image.jpg\" alt=\"Bewerbungsvorlage KFZ-Mechaniker\/in\" class=\"wp-image-85971\"\/><\/figure><\/div>\n\n\n\n<p><\/p><div id=\"ez-toc-container\" class=\"ez-toc-v2_0_82_2 counter-hierarchy ez-toc-counter ez-toc-grey ez-toc-container-direction\">\n<div class=\"ez-toc-title-container\">\n<p class=\"ez-toc-title\" style=\"cursor:inherit\">Inhaltsverzeichnis<\/p>\n<span class=\"ez-toc-title-toggle\"><\/span><\/div>\n<nav><ul class='ez-toc-list ez-toc-list-level-1 ' ><li class='ez-toc-page-1 ez-toc-heading-level-2'><a class=\"ez-toc-link ez-toc-heading-1\" href=\"https:\/\/www.stellenanzeigen.de\/careeasy\/bewerbung\/bewerbungsvorlage-kfz-mechaniker-in\/#Bestandteile_der_Bewerbung_als_KFZ-Mechanikerin\" >Bestandteile der Bewerbung als KFZ-Mechaniker\/in<\/a><\/li><li class='ez-toc-page-1 ez-toc-heading-level-2'><a class=\"ez-toc-link ez-toc-heading-2\" href=\"https:\/\/www.stellenanzeigen.de\/careeasy\/bewerbung\/bewerbungsvorlage-kfz-mechaniker-in\/#Aktuelle_Stellenangebote_fuer_KFZ-Mechaniker\" >Aktuelle Stellenangebote f\u00fcr KFZ-Mechaniker<\/a><\/li><li class='ez-toc-page-1 ez-toc-heading-level-2'><a class=\"ez-toc-link ez-toc-heading-3\" href=\"https:\/\/www.stellenanzeigen.de\/careeasy\/bewerbung\/bewerbungsvorlage-kfz-mechaniker-in\/#Die_perfekte_Vorbereitung_auf_dein_Vorstellungsgespraech\" >Die perfekte Vorbereitung auf dein Vorstellungsgespr\u00e4ch<\/a><\/li><li class='ez-toc-page-1 ez-toc-heading-level-2'><a class=\"ez-toc-link ez-toc-heading-4\" href=\"https:\/\/www.stellenanzeigen.de\/careeasy\/bewerbung\/bewerbungsvorlage-kfz-mechaniker-in\/#Fragen_und_Antwortmoeglichkeiten_fuer_dein_Vorstellungsgespraech\" >Fragen und Antwortm\u00f6glichkeiten f\u00fcr dein Vorstellungsgespr\u00e4ch<\/a><\/li><\/ul><\/nav><\/div>\n\n<\/div>\n\n\n\n<div class=\"wp-block-column teaser-box is-layout-flow wp-block-column-is-layout-flow\" style=\"flex-basis:65%\">\n<p>Bei stellenanzeigen.de hast du die M\u00f6glichkeit, eine Musterbewerbung kostenlos herunterzuladen. So bist du auf der sicheren Seite, eine ansprechende Bewerbung zu verfassen. <strong>Das Anschreiben kannst du einfach um deine eigenen Daten und Erfahrungen erg\u00e4nzen und an deinen Wunsch-Arbeitgeber versenden.<\/strong><\/p>\n\n\n\n<div class=\"wp-block-buttons is-layout-flex wp-block-buttons-is-layout-flex\">\n<div class=\"wp-block-button\"><a class=\"wp-block-button__link has-background no-border-radius\" href=\"https:\/\/www.stellenanzeigen.de\/careeasy\/bewerbung\/bewerbungsvorlage-kfz-mechaniker-in\/#pdf-download\" style=\"background-color:#2b85b9\">Vorlage Anfordern<\/a><\/div>\n<\/div>\n<\/div>\n<\/div>\n\n\n<div class=\"mceTemp\">&nbsp;<\/div>\n<h2><span class=\"ez-toc-section\" id=\"Bestandteile_der_Bewerbung_als_KFZ-Mechanikerin\"><\/span><span style=\"color: #333333;\">Bestandteile der Bewerbung als KFZ-Mechaniker\/in<\/span><span class=\"ez-toc-section-end\"><\/span><\/h2>\n<p><span style=\"color: #333333;\">Wenn du dich als KFZ-Mechaniker bewirbst, solltest du auf vollst\u00e4ndige und sorgf\u00e4ltig erstellte Bewerbungsunterlagen achten. Zu einer klassischen Bewerbung geh\u00f6ren ein Anschreiben, aus dem deine pers\u00f6nliche Motivation hervorgeht. Au\u00dferdem sollten deine bisherigen Zeugnisse und Referenzen nicht fehlen. Aus dem Anschreiben sollte deine Motivation hervorgehen, <strong>warum du genau der richtige Kandidat f\u00fcr diese Stelle bist.<\/strong> Au\u00dferdem solltest du hier herausstellen, welche Erfahrungen du bereits mitbringst. <\/span><\/p>\n<p><span style=\"color: #333333;\">Achte darauf, dass dein <a class=\"wpil_keyword_link\" href=\"https:\/\/www.stellenanzeigen.de\/careeasy\/lebenslauf-vorlagen-sde106864\/\"   title=\"Lebenslauf\" data-wpil-keyword-link=\"linked\">Lebenslauf<\/a> auf dem aktuellen Stand ist und \u00fcbersichtlich deine bisherigen Karrierestufen aufzeigt. Hier findest du auch den Platz, <strong>etwas \u00fcber deine Hobbys preiszugeben.<\/strong> Personalern hilft dies, dich als Mensch einzusch\u00e4tzen und es gibt der Bewerbung einen positiven Touch. <\/span><span style=\"color: #333333;\">Au\u00dferdem d\u00fcrfen deine Zeugnisse und Zertifikate nicht fehlen. <\/span><\/p>\n<p><span style=\"color: #333333;\">Deine Kontaktdaten sind im Lebenslauf und im Anschreiben zu finden. Nur so stellst du sicher,<strong> dass die Personaler dich pers\u00f6nlich kontaktieren k\u00f6nnen.<\/strong> Entweder versendest du deine Unterlage in einer Bewerbungsmappe; alternativ kannst du diese auch per E-Mail versenden. Um die Arbeit f\u00fcr den Personaler einfacher zu machen, <strong>solltest du alle Dokumente zu einem PDF zusammenfassen. <\/strong><\/span><\/p>\n<h2><span class=\"ez-toc-section\" id=\"Aktuelle_Stellenangebote_fuer_KFZ-Mechaniker\"><\/span><a href=\"https:\/\/www.stellenanzeigen.de\/jobs\/kfz-mechaniker-in\/\" target=\"_blank\" rel=\"noopener noreferrer\">Aktuelle Stellenangebote f\u00fcr KFZ-Mechaniker<\/a><span class=\"ez-toc-section-end\"><\/span><\/h2>\n<hr>\n<div id=\"suchwidgetErgebnisliste\">&nbsp;<\/div>\n<div id=\"StellenanzeigenSuchwidget\" tabindex=\"-1\">&nbsp;<\/div>\n<script>\n  var config = {\n    apiKey : 'FBEB08FBC7BB75349E26C51C530F79BF',\n    resultsPerPage : 3,\n    searchRadius : 60,\n    fulltext : 'mechaniker',\n    city : null,\n    category : null,\n    subCategories : null\n  };\n<\/script><script type=\"text\/javascript\" src=\"https:\/\/app.stellenanzeigen.de\/widget\/init.js\"><\/script>\n<hr>\n<p><span style=\"color: #333333;\">Aus deiner Bewerbung sollten so viele Informationen wie m\u00f6glich \u00fcber deine Person, deine Kompetenzen und deine Motivation, warum du diesen Beruf aus\u00fcben m\u00f6chtest, hervorgehen. Nur so zeigst du, dass du in das Team und zu dem ausschreibenden Unternehmen passt und alle erforderlichen F\u00e4higkeiten mitbringst. <\/span><\/p>\n<p><span style=\"color: #333333;\"><strong>Achte darauf, dass dein Anschreiben nicht l\u00e4nger als eine Din-A 4 Seite ist<\/strong> und die restlichen Unterlagen ebenfalls sauber kopiert und in einer logischen und chronologischen Reihenfolge beiliegen. <\/span><span style=\"color: #333333;\">Bevor du deine Bewerbung versendest, solltest du unbedingt auf Rechtschreib- und Grammatikfehler schauen \u2013 diese sorgen schnell daf\u00fcr, dass die Personaler den Eindruck bekommen, du h\u00e4ttest dir nicht die ausreichende M\u00fche beim Verfassen deiner Bewerbung gegeben.<\/span><\/p>\n<h2><span class=\"ez-toc-section\" id=\"Die_perfekte_Vorbereitung_auf_dein_Vorstellungsgespraech\"><\/span><span style=\"color: #333333;\">Die perfekte Vorbereitung auf dein Vorstellungsgespr\u00e4ch<\/span><span class=\"ez-toc-section-end\"><\/span><\/h2>\n<p><span style=\"color: #333333;\">Im Vorstellungsgespr\u00e4ch solltest du \u00fcberzeugend wirken. Dies gelingt am besten, wenn du die Stellenanzeige sehr gut kennst und erkl\u00e4ren kannst, warum du dich und deine Pers\u00f6nlichkeit hierin wiederfindest. Erkl\u00e4re, welche Erfahrung du f\u00fcr die verschiedenen Aufgaben mitbringst und in welchen Projekten und Aufgaben du schon mitgearbeitet hast.<strong> Au\u00dferdem fragen Personaler gerne nach den gr\u00f6\u00dften Herausforderungen und Erfolgen<\/strong> \u2013 \u00fcberlege dir auch hierzu einige Beispiele aus deiner Berufspraxis. <\/span><\/p>\n<h2><span class=\"ez-toc-section\" id=\"Fragen_und_Antwortmoeglichkeiten_fuer_dein_Vorstellungsgespraech\"><\/span><span style=\"color: #333333;\">Fragen und Antwortm\u00f6glichkeiten f\u00fcr dein Vorstellungsgespr\u00e4ch<\/span><span class=\"ez-toc-section-end\"><\/span><\/h2>\n<p><span style=\"color: #333333;\">Die Gespr\u00e4chspartner werden sich anhand deiner Bewerbungsunterlagen auf das Gespr\u00e4ch vorbereiten. Sicherlich werden dir Fragen zu deinem Lebenslauf und deiner Motivation f\u00fcr die Ausbildung als KFZ-Mechaniker gestellt. <strong>Hierzu solltest du dir vorab einige Antworten \u00fcberlegen. <\/strong><\/span><\/p>\n<p><span style=\"color: #333333;\">Sicherlich wird auch ein Vertreter der Fachabteilung anwesend sein und dir konkrete Fragen zur Fahrzeugtechnik und der L\u00f6sung von Wartungsproblemen stellen. <strong>Es empfiehlt sich, vorher zu pr\u00fcfen, welche Fahrzeugtypen in der Werkstatt gewartet werden, um auch hier neueste Technologie zu kennen und als Spezialist zu wirken. <\/strong><\/span><\/p>\n<p><span style=\"color: #333333;\">Abgerundet werden Vorstellungsgespr\u00e4che mit pers\u00f6nlichen Fragen zu deiner Zukunft und deinen Gehaltsvorstellungen. Hier solltest du freundlich sachlich antworten und <strong>vorher bereits in Vergleichsportalen schauen, ob du konkrete Informationen zur Gehaltsstruktur finden kannst.<\/strong> <\/span><\/p>\n\n\n<div class=\"wp-block-group alignwide\" id=\"pdf-download\"><div class=\"wp-block-group__inner-container is-layout-flow wp-block-group-is-layout-flow\">\n<div class=\"wp-block-columns pdf-download is-layout-flex wp-container-core-columns-is-layout-9d6595d7 wp-block-columns-is-layout-flex\">\n<div class=\"wp-block-column pdf-thumbnail is-layout-flow wp-block-column-is-layout-flow\" style=\"flex-basis:35%\">\n<figure class=\"wp-block-image size-large\"><img loading=\"lazy\" decoding=\"async\" width=\"300\" height=\"424\" src=\"https:\/\/www.stellenanzeigen.de\/careeasy\/wp-content\/uploads\/2020\/05\/Muster-KFZ-Mechaniker-pdf-image.jpg\" alt=\"Bewerbungsvorlage KFZ-Mechaniker\/in\" class=\"wp-image-85971\"\/><\/figure>\n<\/div>\n\n\n\n<div class=\"wp-block-column subscribe-box is-layout-flow wp-block-column-is-layout-flow\" style=\"flex-basis:65%\">\n\n\t\t\t<form id=\"sib_signup_form_30\" method=\"post\" class=\"sib_signup_form\">\n\t\t\t\t<div class=\"sib_loader\" style=\"display:none;\"><img\n\t\t\t\t\t\t\tsrc=\"https:\/\/www.stellenanzeigen.de\/careeasy\/wp-includes\/images\/spinner.gif\" alt=\"loader\"><\/div>\n\t\t\t\t<input type=\"hidden\" name=\"sib_form_action\" value=\"subscribe_form_submit\">\n\t\t\t\t<input type=\"hidden\" name=\"sib_form_id\" value=\"30\">\n                <input type=\"hidden\" name=\"sib_form_alert_notice\" value=\"Bitte f\u00fclle das Feld aus\">\n                <input type=\"hidden\" name=\"sib_form_invalid_email_notice\" value=\"Deine E-Mail Adresse ist ung\u00fcltig\">\n                <input type=\"hidden\" name=\"sib_security\" value=\"06133a707f\">\n\t\t\t\t<div class=\"sib_signup_box_inside_30\">\n\t\t\t\t\t<div style=\"\/*display:none*\/\" class=\"sib_msg_disp\">\n\t\t\t\t\t<\/div>\n                    \t\t\t\t\t<p style=\"font-size:21px;text-align:left;font-family: 'Helvetica',sans-serif;color:#2b85b9;background-color:transparent\"><strong>Jetzt Bewerbungsvorlage als KFZ-Mechaniker\/in anfordern und f\u00fcr den Newsletter anmelden<\/strong><\/p>\r\n<p class=\"sib-email-area\">\r\n    <label>E-Mail-Adresse <span style=\"color: red\">*<\/span><\/label>\r\n    <input type=\"email\" class=\"sib-email-area\" name=\"email\" required=\"required\" placeholder=\"E-Mail-Adresse\">\r\n<\/p>\r\n<p class=\"sib-terms\"><input type=\"checkbox\" name=\"terms\" required=\"required\"><label>Ich bin damit einverstanden, dass meine E-Mailadresse f\u00fcr Werbezwecke per Newsletter genutzt wird und akzeptiere die <a href=\"https:\/\/www.stellenanzeigen.de\/arbeitgeber\/datenschutzerklaerung\/\">Datenschutzerkl\u00e4rung <span style=\"color: red\">*<\/span><\/a><\/label><\/p>\r\n<p style=\"font-size:12px;text-align:left;font-family: 'Helvetica',sans-serif;color:#8390A4\">Du kannst den Newsletter jederzeit \u00fcber den Abmeldelink in der Fu\u00dfzeile unserer E-Mails abbestellen.<\/p>\r\n<input type=\"submit\" class=\"sib-default-btn\" value=\"Bewerbungsvorlage anfordern\">\t\t\t\t<\/div>\n\t\t\t<\/form>\n\t\t\t<style>\n\t\t\t\tform#sib_signup_form_30 p.sib-alert-message {\n    padding: 6px 12px;\n    margin-bottom: 20px;\n    border: 1px solid transparent;\n    border-radius: 4px;\n    -webkit-box-sizing: border-box;\n    -moz-box-sizing: border-box;\n    box-sizing: border-box;\n}\nform#sib_signup_form_30 p.sib-alert-message-error {\n    background-color: #f2dede;\n    border-color: #ebccd1;\n    color: #a94442;\n}\nform#sib_signup_form_30 p.sib-alert-message-success {\n    background-color: #dff0d8;\n    border-color: #d6e9c6;\n    color: #3c763d;\n}\nform#sib_signup_form_30 p.sib-alert-message-warning {\n    background-color: #fcf8e3;\n    border-color: #faebcc;\n    color: #8a6d3b;\n}\n\t\t\t<\/style>\n\t\t\t\n<\/div>\n<\/div>\n<\/div><\/div>\n","protected":false},"excerpt":{"rendered":"<p>Bei stellenanzeigen.de hast du die M\u00f6glichkeit, eine Musterbewerbung kostenlos herunterzuladen. So bist du auf der sicheren Seite, eine ansprechende Bewerbung zu verfassen. Das Anschreiben&#8230;<\/p>\n","protected":false},"author":106,"featured_media":0,"parent":14008,"menu_order":0,"comment_status":"closed","ping_status":"closed","template":"","meta":{"_uag_custom_page_level_css":"","footnotes":""},"categories":[],"tags":[],"class_list":["post-85587","page","type-page","status-publish","hentry","entry","post-no-thumbnail"],"yoast_head":"<!-- This site is optimized with the Yoast SEO plugin v27.5 - https:\/\/yoast.com\/product\/yoast-seo-wordpress\/ -->\n<title>Bewerbungsvorlage KFZ-Mechaniker\/in | careeasy - Dein Karrieremagazin<\/title>\n<meta name=\"description\" content=\"Bewerbungsvorlage KFZ-Mechaniker - Copyright: rclassenlayouts Bei stellenanzeigen.de hast du die M\u00f6glichkeit, eine Musterbewerbung kostenlos\" \/>\n<meta name=\"robots\" content=\"index, follow, max-snippet:-1, max-image-preview:large, max-video-preview:-1\" \/>\n<link rel=\"canonical\" href=\"https:\/\/www.stellenanzeigen.de\/careeasy\/bewerbung\/bewerbungsvorlage-kfz-mechaniker-in\/\" \/>\n<meta property=\"og:locale\" content=\"de_DE\" \/>\n<meta property=\"og:type\" content=\"article\" \/>\n<meta property=\"og:title\" content=\"Bewerbungsvorlage KFZ-Mechaniker\/in | careeasy - Dein Karrieremagazin\" \/>\n<meta property=\"og:description\" content=\"Bewerbungsvorlage KFZ-Mechaniker - Copyright: rclassenlayouts Bei stellenanzeigen.de hast du die M\u00f6glichkeit, eine Musterbewerbung kostenlos\" \/>\n<meta property=\"og:url\" content=\"https:\/\/www.stellenanzeigen.de\/careeasy\/bewerbung\/bewerbungsvorlage-kfz-mechaniker-in\/\" \/>\n<meta property=\"og:site_name\" content=\"careeasy - Dein Karrieremagazin\" \/>\n<meta property=\"article:publisher\" content=\"https:\/\/www.facebook.com\/stellenanzeigen.de\/\" \/>\n<meta property=\"article:modified_time\" content=\"2023-10-06T08:58:18+00:00\" \/>\n<meta property=\"og:image\" content=\"https:\/\/www.stellenanzeigen.de\/careeasy\/wp-content\/uploads\/2020\/05\/iStock-1124831606-978x607.jpg\" \/>\n<meta name=\"twitter:label1\" content=\"Gesch\u00e4tzte Lesezeit\" \/>\n\t<meta name=\"twitter:data1\" content=\"3\u00a0Minuten\" \/>\n<script type=\"application\/ld+json\" class=\"yoast-schema-graph\">{\"@context\":\"https:\\\/\\\/schema.org\",\"@graph\":[{\"@type\":\"WebPage\",\"@id\":\"https:\\\/\\\/www.stellenanzeigen.de\\\/careeasy\\\/bewerbung\\\/bewerbungsvorlage-kfz-mechaniker-in\\\/\",\"url\":\"https:\\\/\\\/www.stellenanzeigen.de\\\/careeasy\\\/bewerbung\\\/bewerbungsvorlage-kfz-mechaniker-in\\\/\",\"name\":\"Bewerbungsvorlage KFZ-Mechaniker\\\/in | careeasy - Dein Karrieremagazin\",\"isPartOf\":{\"@id\":\"https:\\\/\\\/www.stellenanzeigen.de\\\/careeasy\\\/#website\"},\"primaryImageOfPage\":{\"@id\":\"https:\\\/\\\/www.stellenanzeigen.de\\\/careeasy\\\/bewerbung\\\/bewerbungsvorlage-kfz-mechaniker-in\\\/#primaryimage\"},\"image\":{\"@id\":\"https:\\\/\\\/www.stellenanzeigen.de\\\/careeasy\\\/bewerbung\\\/bewerbungsvorlage-kfz-mechaniker-in\\\/#primaryimage\"},\"thumbnailUrl\":\"https:\\\/\\\/www.stellenanzeigen.de\\\/careeasy\\\/wp-content\\\/uploads\\\/2020\\\/05\\\/iStock-1124831606-978x607.jpg\",\"datePublished\":\"2020-05-25T10:05:06+00:00\",\"dateModified\":\"2023-10-06T08:58:18+00:00\",\"description\":\"Bewerbungsvorlage KFZ-Mechaniker - Copyright: rclassenlayouts Bei stellenanzeigen.de hast du die M\u00f6glichkeit, eine Musterbewerbung kostenlos\",\"breadcrumb\":{\"@id\":\"https:\\\/\\\/www.stellenanzeigen.de\\\/careeasy\\\/bewerbung\\\/bewerbungsvorlage-kfz-mechaniker-in\\\/#breadcrumb\"},\"inLanguage\":\"de\",\"potentialAction\":[{\"@type\":\"ReadAction\",\"target\":[\"https:\\\/\\\/www.stellenanzeigen.de\\\/careeasy\\\/bewerbung\\\/bewerbungsvorlage-kfz-mechaniker-in\\\/\"]}]},{\"@type\":\"ImageObject\",\"inLanguage\":\"de\",\"@id\":\"https:\\\/\\\/www.stellenanzeigen.de\\\/careeasy\\\/bewerbung\\\/bewerbungsvorlage-kfz-mechaniker-in\\\/#primaryimage\",\"url\":\"https:\\\/\\\/www.stellenanzeigen.de\\\/careeasy\\\/wp-content\\\/uploads\\\/2020\\\/05\\\/iStock-1124831606.jpg\",\"contentUrl\":\"https:\\\/\\\/www.stellenanzeigen.de\\\/careeasy\\\/wp-content\\\/uploads\\\/2020\\\/05\\\/iStock-1124831606.jpg\",\"width\":1300,\"height\":807,\"caption\":\"Bewerbungsvorlage KFZ-Mechaniker - Copyright: rclassenlayouts\"},{\"@type\":\"BreadcrumbList\",\"@id\":\"https:\\\/\\\/www.stellenanzeigen.de\\\/careeasy\\\/bewerbung\\\/bewerbungsvorlage-kfz-mechaniker-in\\\/#breadcrumb\",\"itemListElement\":[{\"@type\":\"ListItem\",\"position\":1,\"name\":\"Careeasy\",\"item\":\"https:\\\/\\\/www.stellenanzeigen.de\\\/careeasy\\\/\"},{\"@type\":\"ListItem\",\"position\":2,\"name\":\"Bewerbungsvorlagen &#038; Bewerbungsmuster\",\"item\":\"https:\\\/\\\/www.stellenanzeigen.de\\\/careeasy\\\/bewerbung\\\/\"},{\"@type\":\"ListItem\",\"position\":3,\"name\":\"Bewerbungsvorlage KFZ-Mechaniker\\\/in\"}]},{\"@type\":\"WebSite\",\"@id\":\"https:\\\/\\\/www.stellenanzeigen.de\\\/careeasy\\\/#website\",\"url\":\"https:\\\/\\\/www.stellenanzeigen.de\\\/careeasy\\\/\",\"name\":\"careeasy - Dein Karrieremagazin\",\"description\":\"\",\"publisher\":{\"@id\":\"https:\\\/\\\/www.stellenanzeigen.de\\\/careeasy\\\/#organization\"},\"potentialAction\":[{\"@type\":\"SearchAction\",\"target\":{\"@type\":\"EntryPoint\",\"urlTemplate\":\"https:\\\/\\\/www.stellenanzeigen.de\\\/careeasy\\\/?s={search_term_string}\"},\"query-input\":{\"@type\":\"PropertyValueSpecification\",\"valueRequired\":true,\"valueName\":\"search_term_string\"}}],\"inLanguage\":\"de\"},{\"@type\":\"Organization\",\"@id\":\"https:\\\/\\\/www.stellenanzeigen.de\\\/careeasy\\\/#organization\",\"name\":\"careeasy - Dein Karrieremagazin\",\"url\":\"https:\\\/\\\/www.stellenanzeigen.de\\\/careeasy\\\/\",\"logo\":{\"@type\":\"ImageObject\",\"inLanguage\":\"de\",\"@id\":\"https:\\\/\\\/www.stellenanzeigen.de\\\/careeasy\\\/#\\\/schema\\\/logo\\\/image\\\/\",\"url\":\"https:\\\/\\\/www.stellenanzeigen.de\\\/careeasy\\\/wp-content\\\/uploads\\\/2024\\\/03\\\/careeasy_logo.jpg\",\"contentUrl\":\"https:\\\/\\\/www.stellenanzeigen.de\\\/careeasy\\\/wp-content\\\/uploads\\\/2024\\\/03\\\/careeasy_logo.jpg\",\"width\":701,\"height\":223,\"caption\":\"careeasy - Dein Karrieremagazin\"},\"image\":{\"@id\":\"https:\\\/\\\/www.stellenanzeigen.de\\\/careeasy\\\/#\\\/schema\\\/logo\\\/image\\\/\"},\"sameAs\":[\"https:\\\/\\\/www.facebook.com\\\/stellenanzeigen.de\\\/\"]}]}<\/script>\n<!-- \/ Yoast SEO plugin. -->","yoast_head_json":{"title":"Bewerbungsvorlage KFZ-Mechaniker\/in | careeasy - Dein Karrieremagazin","description":"Bewerbungsvorlage KFZ-Mechaniker - Copyright: rclassenlayouts Bei stellenanzeigen.de hast du die M\u00f6glichkeit, eine Musterbewerbung kostenlos","robots":{"index":"index","follow":"follow","max-snippet":"max-snippet:-1","max-image-preview":"max-image-preview:large","max-video-preview":"max-video-preview:-1"},"canonical":"https:\/\/www.stellenanzeigen.de\/careeasy\/bewerbung\/bewerbungsvorlage-kfz-mechaniker-in\/","og_locale":"de_DE","og_type":"article","og_title":"Bewerbungsvorlage KFZ-Mechaniker\/in | careeasy - Dein Karrieremagazin","og_description":"Bewerbungsvorlage KFZ-Mechaniker - Copyright: rclassenlayouts Bei stellenanzeigen.de hast du die M\u00f6glichkeit, eine Musterbewerbung kostenlos","og_url":"https:\/\/www.stellenanzeigen.de\/careeasy\/bewerbung\/bewerbungsvorlage-kfz-mechaniker-in\/","og_site_name":"careeasy - Dein Karrieremagazin","article_publisher":"https:\/\/www.facebook.com\/stellenanzeigen.de\/","article_modified_time":"2023-10-06T08:58:18+00:00","og_image":[{"url":"https:\/\/www.stellenanzeigen.de\/careeasy\/wp-content\/uploads\/2020\/05\/iStock-1124831606-978x607.jpg","type":"","width":"","height":""}],"twitter_misc":{"Gesch\u00e4tzte Lesezeit":"3\u00a0Minuten"},"schema":{"@context":"https:\/\/schema.org","@graph":[{"@type":"WebPage","@id":"https:\/\/www.stellenanzeigen.de\/careeasy\/bewerbung\/bewerbungsvorlage-kfz-mechaniker-in\/","url":"https:\/\/www.stellenanzeigen.de\/careeasy\/bewerbung\/bewerbungsvorlage-kfz-mechaniker-in\/","name":"Bewerbungsvorlage KFZ-Mechaniker\/in | careeasy - Dein Karrieremagazin","isPartOf":{"@id":"https:\/\/www.stellenanzeigen.de\/careeasy\/#website"},"primaryImageOfPage":{"@id":"https:\/\/www.stellenanzeigen.de\/careeasy\/bewerbung\/bewerbungsvorlage-kfz-mechaniker-in\/#primaryimage"},"image":{"@id":"https:\/\/www.stellenanzeigen.de\/careeasy\/bewerbung\/bewerbungsvorlage-kfz-mechaniker-in\/#primaryimage"},"thumbnailUrl":"https:\/\/www.stellenanzeigen.de\/careeasy\/wp-content\/uploads\/2020\/05\/iStock-1124831606-978x607.jpg","datePublished":"2020-05-25T10:05:06+00:00","dateModified":"2023-10-06T08:58:18+00:00","description":"Bewerbungsvorlage KFZ-Mechaniker - Copyright: rclassenlayouts Bei stellenanzeigen.de hast du die M\u00f6glichkeit, eine Musterbewerbung kostenlos","breadcrumb":{"@id":"https:\/\/www.stellenanzeigen.de\/careeasy\/bewerbung\/bewerbungsvorlage-kfz-mechaniker-in\/#breadcrumb"},"inLanguage":"de","potentialAction":[{"@type":"ReadAction","target":["https:\/\/www.stellenanzeigen.de\/careeasy\/bewerbung\/bewerbungsvorlage-kfz-mechaniker-in\/"]}]},{"@type":"ImageObject","inLanguage":"de","@id":"https:\/\/www.stellenanzeigen.de\/careeasy\/bewerbung\/bewerbungsvorlage-kfz-mechaniker-in\/#primaryimage","url":"https:\/\/www.stellenanzeigen.de\/careeasy\/wp-content\/uploads\/2020\/05\/iStock-1124831606.jpg","contentUrl":"https:\/\/www.stellenanzeigen.de\/careeasy\/wp-content\/uploads\/2020\/05\/iStock-1124831606.jpg","width":1300,"height":807,"caption":"Bewerbungsvorlage KFZ-Mechaniker - Copyright: rclassenlayouts"},{"@type":"BreadcrumbList","@id":"https:\/\/www.stellenanzeigen.de\/careeasy\/bewerbung\/bewerbungsvorlage-kfz-mechaniker-in\/#breadcrumb","itemListElement":[{"@type":"ListItem","position":1,"name":"Careeasy","item":"https:\/\/www.stellenanzeigen.de\/careeasy\/"},{"@type":"ListItem","position":2,"name":"Bewerbungsvorlagen &#038; Bewerbungsmuster","item":"https:\/\/www.stellenanzeigen.de\/careeasy\/bewerbung\/"},{"@type":"ListItem","position":3,"name":"Bewerbungsvorlage KFZ-Mechaniker\/in"}]},{"@type":"WebSite","@id":"https:\/\/www.stellenanzeigen.de\/careeasy\/#website","url":"https:\/\/www.stellenanzeigen.de\/careeasy\/","name":"careeasy - Dein Karrieremagazin","description":"","publisher":{"@id":"https:\/\/www.stellenanzeigen.de\/careeasy\/#organization"},"potentialAction":[{"@type":"SearchAction","target":{"@type":"EntryPoint","urlTemplate":"https:\/\/www.stellenanzeigen.de\/careeasy\/?s={search_term_string}"},"query-input":{"@type":"PropertyValueSpecification","valueRequired":true,"valueName":"search_term_string"}}],"inLanguage":"de"},{"@type":"Organization","@id":"https:\/\/www.stellenanzeigen.de\/careeasy\/#organization","name":"careeasy - Dein Karrieremagazin","url":"https:\/\/www.stellenanzeigen.de\/careeasy\/","logo":{"@type":"ImageObject","inLanguage":"de","@id":"https:\/\/www.stellenanzeigen.de\/careeasy\/#\/schema\/logo\/image\/","url":"https:\/\/www.stellenanzeigen.de\/careeasy\/wp-content\/uploads\/2024\/03\/careeasy_logo.jpg","contentUrl":"https:\/\/www.stellenanzeigen.de\/careeasy\/wp-content\/uploads\/2024\/03\/careeasy_logo.jpg","width":701,"height":223,"caption":"careeasy - Dein Karrieremagazin"},"image":{"@id":"https:\/\/www.stellenanzeigen.de\/careeasy\/#\/schema\/logo\/image\/"},"sameAs":["https:\/\/www.facebook.com\/stellenanzeigen.de\/"]}]}},"uagb_featured_image_src":{"full":false,"thumbnail":false,"medium":false,"medium_large":false,"large":false,"1536x1536":false,"2048x2048":false,"neomag-medium":false,"neomag-big":false,"neomag-large":false,"neomag-huge":false},"uagb_author_info":{"display_name":"Marina Pavel","author_link":"https:\/\/www.stellenanzeigen.de\/careeasy\/author\/marina\/"},"uagb_comment_info":0,"uagb_excerpt":"Bei stellenanzeigen.de hast du die M\u00f6glichkeit, eine Musterbewerbung kostenlos herunterzuladen. So bist du auf der sicheren Seite, eine ansprechende Bewerbung zu verfassen. Das Anschreiben...","_links":{"self":[{"href":"https:\/\/www.stellenanzeigen.de\/careeasy\/wp-json\/wp\/v2\/pages\/85587","targetHints":{"allow":["GET"]}}],"collection":[{"href":"https:\/\/www.stellenanzeigen.de\/careeasy\/wp-json\/wp\/v2\/pages"}],"about":[{"href":"https:\/\/www.stellenanzeigen.de\/careeasy\/wp-json\/wp\/v2\/types\/page"}],"author":[{"embeddable":true,"href":"https:\/\/www.stellenanzeigen.de\/careeasy\/wp-json\/wp\/v2\/users\/106"}],"replies":[{"embeddable":true,"href":"https:\/\/www.stellenanzeigen.de\/careeasy\/wp-json\/wp\/v2\/comments?post=85587"}],"version-history":[{"count":11,"href":"https:\/\/www.stellenanzeigen.de\/careeasy\/wp-json\/wp\/v2\/pages\/85587\/revisions"}],"predecessor-version":[{"id":112933,"href":"https:\/\/www.stellenanzeigen.de\/careeasy\/wp-json\/wp\/v2\/pages\/85587\/revisions\/112933"}],"up":[{"embeddable":true,"href":"https:\/\/www.stellenanzeigen.de\/careeasy\/wp-json\/wp\/v2\/pages\/14008"}],"wp:attachment":[{"href":"https:\/\/www.stellenanzeigen.de\/careeasy\/wp-json\/wp\/v2\/media?parent=85587"}],"wp:term":[{"taxonomy":"category","embeddable":true,"href":"https:\/\/www.stellenanzeigen.de\/careeasy\/wp-json\/wp\/v2\/categories?post=85587"},{"taxonomy":"post_tag","embeddable":true,"href":"https:\/\/www.stellenanzeigen.de\/careeasy\/wp-json\/wp\/v2\/tags?post=85587"}],"curies":[{"name":"wp","href":"https:\/\/api.w.org\/{rel}","templated":true}]}}