{"id":85484,"date":"2020-05-19T11:40:47","date_gmt":"2020-05-19T11:40:47","guid":{"rendered":"https:\/\/www.stellenanzeigen.de\/careeasy\/?page_id=85484"},"modified":"2023-10-06T10:58:16","modified_gmt":"2023-10-06T08:58:16","slug":"bewerbungsvorlage-systemadministrator-in","status":"publish","type":"page","link":"https:\/\/www.stellenanzeigen.de\/careeasy\/bewerbung\/bewerbungsvorlage-systemadministrator-in\/","title":{"rendered":"Bewerbungsvorlage Systemadministrator\/in"},"content":{"rendered":"\n<figure class=\"wp-block-image alignwide size-medium wp-image-85485\"><img decoding=\"async\" loading=\"lazy\" width=\"978\" height=\"652\" src=\"https:\/\/www.stellenanzeigen.de\/careeasy\/wp-content\/uploads\/2020\/05\/iStock-1089938556-978x652.jpg\" alt=\"Bewerbungsvorlage Systemadministrator\/in \" class=\"wp-image-85485\" srcset=\"https:\/\/www.stellenanzeigen.de\/careeasy\/wp-content\/uploads\/2020\/05\/iStock-1089938556-978x652.jpg 978w, https:\/\/www.stellenanzeigen.de\/careeasy\/wp-content\/uploads\/2020\/05\/iStock-1089938556-768x512.jpg 768w, https:\/\/www.stellenanzeigen.de\/careeasy\/wp-content\/uploads\/2020\/05\/iStock-1089938556-272x182.jpg 272w, https:\/\/www.stellenanzeigen.de\/careeasy\/wp-content\/uploads\/2020\/05\/iStock-1089938556.jpg 1254w\" sizes=\"(max-width: 978px) 100vw, 978px\" \/><figcaption>Bewerbungsvorlage Systemadministrator\/in &#8211; Copyright: SARINYAPINNGAM<\/figcaption><\/figure>\n\n\n\n<div class=\"wp-block-columns alignwide pdf-teaser is-layout-flex wp-container-5\">\n<div class=\"wp-block-column pdf-thumbnail is-layout-flow\" style=\"flex-basis:35%\">\n<div class=\"wp-block-image\"><figure class=\"aligncenter size-large\"><img decoding=\"async\" loading=\"lazy\" width=\"300\" height=\"424\" src=\"https:\/\/www.stellenanzeigen.de\/careeasy\/wp-content\/uploads\/2020\/05\/Systemadministrator-pdf-image.jpg\" alt=\"Bewerbungsvorlage Systemadministrator\/in\" class=\"wp-image-85962\"\/><\/figure><\/div>\n<\/div>\n\n\n\n<div class=\"wp-block-column teaser-box is-layout-flow\" style=\"flex-basis:65%\">\n<p>Bei stellenanzeigen.de hast du die M\u00f6glichkeit, deine pers\u00f6nliche Bewerbung zu erstellen. <strong>Eine Musterbewerbung steht hier speziell f\u00fcr die Bewerbung als Systemadministrator bereit zum kostenlosen Download.<\/strong> Das fertige Anschreiben kannst du dann gemeinsam mit den in der Stellenanzeige angeforderten Unterlagen (z.B. Referenzen, Zeugnisse, T\u00e4tigkeitsnachweise, etc.) an den Ansprechpartner f\u00fcr die Stellenbesetzung senden.<\/p><div id=\"ez-toc-container\" class=\"ez-toc-v2_0_62 counter-hierarchy ez-toc-counter ez-toc-grey ez-toc-container-direction\">\n<div class=\"ez-toc-title-container\">\n<p class=\"ez-toc-title \" >Inhaltsverzeichnis<\/p>\n<span class=\"ez-toc-title-toggle\"><\/span><\/div>\n<nav><ul class='ez-toc-list ez-toc-list-level-1 ' ><li class='ez-toc-page-1 ez-toc-heading-level-2'><a class=\"ez-toc-link ez-toc-heading-1\" href=\"https:\/\/www.stellenanzeigen.de\/careeasy\/bewerbung\/bewerbungsvorlage-systemadministrator-in\/#Bestandteile_der_Bewerbung_als_Systemadministratorin\" title=\"Bestandteile der Bewerbung als Systemadministrator\/in\">Bestandteile der Bewerbung als Systemadministrator\/in<\/a><\/li><li class='ez-toc-page-1 ez-toc-heading-level-2'><a class=\"ez-toc-link ez-toc-heading-2\" href=\"https:\/\/www.stellenanzeigen.de\/careeasy\/bewerbung\/bewerbungsvorlage-systemadministrator-in\/#Aktuelle_Stellenangebote_fuer_Systemadministratoren\" title=\"Aktuelle Stellenangebote f\u00fcr Systemadministratoren\">Aktuelle Stellenangebote f\u00fcr Systemadministratoren<\/a><\/li><li class='ez-toc-page-1 ez-toc-heading-level-2'><a class=\"ez-toc-link ez-toc-heading-3\" href=\"https:\/\/www.stellenanzeigen.de\/careeasy\/bewerbung\/bewerbungsvorlage-systemadministrator-in\/#Die_perfekte_Vorbereitung_auf_dein_Vorstellungsgespraech\" title=\"Die perfekte Vorbereitung auf dein Vorstellungsgespr\u00e4ch\">Die perfekte Vorbereitung auf dein Vorstellungsgespr\u00e4ch<\/a><\/li><li class='ez-toc-page-1 ez-toc-heading-level-2'><a class=\"ez-toc-link ez-toc-heading-4\" href=\"https:\/\/www.stellenanzeigen.de\/careeasy\/bewerbung\/bewerbungsvorlage-systemadministrator-in\/#Fragen_und_Antwortmoeglichkeiten_fuer_dein_Vorstellungsgespraech\" title=\"Fragen und Antwortm\u00f6glichkeiten f\u00fcr dein Vorstellungsgespr\u00e4ch\">Fragen und Antwortm\u00f6glichkeiten f\u00fcr dein Vorstellungsgespr\u00e4ch<\/a><\/li><\/ul><\/nav><\/div>\n\n\n\n\n<div class=\"wp-block-buttons is-layout-flex\">\n<div class=\"wp-block-button\"><a class=\"wp-block-button__link has-background no-border-radius\" href=\"https:\/\/www.stellenanzeigen.de\/careeasy\/bewerbung\/bewerbungsvorlage-systemadministrator-in\/#pdf-download\" style=\"background-color:#2b85b9\">Vorlage Anfordern<\/a><\/div>\n<\/div>\n<\/div>\n<\/div>\n\n\n<h2><span class=\"ez-toc-section\" id=\"Bestandteile_der_Bewerbung_als_Systemadministratorin\"><\/span><span style=\"color: #333333;\"><strong>Bestandteile der Bewerbung als Systemadministrator\/in<\/strong><\/span><span class=\"ez-toc-section-end\"><\/span><\/h2>\n<p><span style=\"color: #333333;\">Bei einer Bewerbung als Systemadministrator kommt es vor allem darauf an, dass du deine Expertise und dein Knowhow aufzeigst. Dein zuk\u00fcnftiger Arbeitgeber und insbesondere die Personalabteilung kennen sich wom\u00f6glich mit dem genauen Aufgabenbereich der Stelle nicht so gut aus, wie jemand aus dem Fachbereich. Aus dem Grund ist es wichtig, <strong>die Kenntnisse und F\u00e4higkeiten anhand einiger Beispiele und Systemnennungen aufzuweisen.<\/strong> <\/span><\/p>\n<p><span style=\"color: #333333;\">Hierzu helfen neben einem guten Anschreiben auch alle T\u00e4tigkeitsnachweise und Zeugnisse, aber auch ein detaillierter <a class=\"wpil_keyword_link\" href=\"https:\/\/www.stellenanzeigen.de\/careeasy\/lebenslauf-vorlagen-sde106864\/\"   title=\"Lebenslauf\" data-wpil-keyword-link=\"linked\">Lebenslauf<\/a>, in welchem du neben deinen einzelnen Stationen in ein oder zwei S\u00e4tzen<strong> kurz deine Schwerpunkt-T\u00e4tigkeit umschreibst.<\/strong> Dies erleichtert den Entscheidern das Verst\u00e4ndnis und zeigt auf, dass du dir M\u00fche gibst und deine Bewerbung mit der notwendigen Sorgfalt geschrieben hast. <\/span><\/p>\n<p><span style=\"color: #333333;\">Es empfiehlt sich zudem einige Insider-Seiten oder Magazine durchzubl\u00e4ttern und hier noch ein paar Eindr\u00fccke und Ideen zu sammeln, was gerade aktuelle Themen sind. Vielleicht findest du auch Berichte genau \u00fcber das Unternehmen, bei dem du dich bewerben m\u00f6chtest, die hilfreich sind, <strong>sich die zuk\u00fcnftige Branche und den Aufgabenbereich noch ein wenig besser vorzustellen<\/strong> und somit passgenau in deinem Gespr\u00e4ch auf die verschiedenen Fragen zu antworten.<\/span><\/p>\n<h2><span class=\"ez-toc-section\" id=\"Aktuelle_Stellenangebote_fuer_Systemadministratoren\"><\/span><a href=\"https:\/\/www.stellenanzeigen.de\/jobs\/systemadministrator-in\/\" target=\"_blank\" rel=\"noopener noreferrer\" data-wplink-edit=\"true\">Aktuelle Stellenangebote f\u00fcr Systemadministratoren<\/a><span class=\"ez-toc-section-end\"><\/span><\/h2>\n<hr>\n<div id=\"suchwidgetErgebnisliste\">&nbsp;<\/div>\n<div id=\"StellenanzeigenSuchwidget\" tabindex=\"-1\">&nbsp;<\/div>\n<script>\n  var config = {\n    apiKey : 'FBEB08FBC7BB75349E26C51C530F79BF',\n    resultsPerPage : 3,\n    searchRadius : 60,\n    fulltext : 'systemadministrator',\n    city : null,\n    category : null,\n    subCategories : null\n  };\n<\/script><script type=\"text\/javascript\" src=\"https:\/\/app.stellenanzeigen.de\/widget\/init.js\"><\/script>\n<hr>\n<h2><span class=\"ez-toc-section\" id=\"Die_perfekte_Vorbereitung_auf_dein_Vorstellungsgespraech\"><\/span><span style=\"color: #333333;\">Die perfekte Vorbereitung auf dein Vorstellungsgespr\u00e4ch<\/span><span class=\"ez-toc-section-end\"><\/span><\/h2>\n<p><span style=\"color: #333333;\">Ein Vorstellungsgespr\u00e4ch ist f\u00fcr viele Bewerber mit viel Aufregung verbunden. Dabei hast du mit der Einladung zu einem pers\u00f6nlichen Kennenlernen bereits eine gro\u00dfe H\u00fcrde geschafft und bist dem Job schon viel n\u00e4her. <strong>Meist werden nur 3 bis 5 Kandidaten zu einem pers\u00f6nlichen Vorstellungstermin eingeladen.<\/strong> <\/span><\/p>\n<p><span style=\"color: #333333;\">Auf diesen Termin solltest du dich gut vorbereiten. Informiere dich vorher, sofern das m\u00f6glich ist, \u00fcber <strong>den Kleidungsstil und die Atmosph\u00e4re im Unternehmen.<\/strong> Auf der Unternehmensseite findest du wichtige Informationen \u00fcber das Unternehmen und die einzelnen Unternehmensbereiche. Hier sind auch aktuelle Themen und Projekte oftmals ausgewiesen, auf die du in deinem Gespr\u00e4ch pro aktiv zu sprechen kommen kannst. <\/span><\/p>\n<p><span style=\"color: #333333;\">Auf jeden Fall werden im Gespr\u00e4ch dein Lebenslauf und deine bisherige Arbeitserfahrung thematisiert. <strong>Deinen Lebenslauf und die Stellenanzeige solltest du am besten direkt ausdrucken oder abspeichern, bevor diese nicht mehr online ist.<\/strong> Nur so kannst du gekonnt auf die Details eingehen und auch Fragen zu diesen beantworten oder im Verlauf des Gespr\u00e4chs selbst stellen. Dies zeigt dem Unternehmen, dass du dich intensiv mit der Stelle auseinandergesetzt hast und wirklich interessiert an einer T\u00e4tigkeit im Unternehmen bist. <\/span><\/p>\n<h2><span class=\"ez-toc-section\" id=\"Fragen_und_Antwortmoeglichkeiten_fuer_dein_Vorstellungsgespraech\"><\/span><span style=\"color: #333333;\"><strong>Fragen und Antwortm\u00f6glichkeiten f\u00fcr dein Vorstellungsgespr\u00e4ch<\/strong><\/span><span class=\"ez-toc-section-end\"><\/span><\/h2>\n<p><span style=\"color: #333333;\">Personaler bedienen sich gerne an einem Katalog von Fragen, um mehr \u00fcber ihre Bewerberinnen zu erfahren. <strong>Diese Fragen sind offen und geben dem Bewerber die M\u00f6glichkeit, einen hohen Redeanteil im Gespr\u00e4ch zu \u00fcbernehmen.<\/strong> <\/span><\/p>\n<p><span style=\"color: #333333;\">Die erste Frage lautet meist: <strong>\u201eWas haben Sie bisher gemach?\u201c<\/strong> Eine kurze Zusammenfassung des Lebenslaufes gibt Aufschluss und kann durch dich auch gut gesteuert werden. Denn: Auf Punkte in deinem Lebenslauf, auf die du weniger eingehst, werden die Anwesenden oftmals genauer eingehen und weitere Fragen stellen. <\/span><\/p>\n<p><span style=\"color: #333333;\">Dazu geh\u00f6rt etwa die Frage nach m\u00f6glichen L\u00fccken in deinem Lebenslauf oder nach bestimmten Phasen in deinem Leben. Es ist dir \u00fcberlassen, wie tief du in die Antwort einsteigst. <strong>Wechsel kann man mit mehr Verantwortung und einem gr\u00f6\u00dferen Aufgabengebiet begr\u00fcnden.<\/strong> Leerzeiten im Lebenslauf k\u00f6nnen au\u00dferdem mit einer Weiterbildung oder einer Phase der Selbstfindung begr\u00fcndet werden. <\/span><\/p>\n<p><span style=\"color: #333333;\">Wichtig ist es, vor allem bei der Frage nach der pers\u00f6nlichen St\u00e4rke zu punkten. <strong>Du solltest dir vorher drei oder vier St\u00e4rken \u00fcberlegen.<\/strong> Diese passen bestenfalls zu den Aufgaben oder Anforderungen aus der Stellenanzeige, so dass du diese gleich anhand passender Beispiele einbringen kannst. <\/span><\/p>\n<p><span style=\"color: #333333;\">Es ist sinnvoll, sich bereits vor dem Gespr\u00e4ch im Rahmen einer intensiven Vorbereitung auch einige Antworten zu vermeintlichen Fragen \u00fcber Hobbies auszudenken. Diese geben den Personalern wichtige Indizien \u00fcber deine Pers\u00f6nlichkeiten und verraten viel \u00fcber deine privaten Interessen.<strong> Achte dabei stets auf eine gute Mischung aus Ehrgeiz, Faszination und Zwischenmenschlichkeit.<\/strong> Denn oft wird in der Sache der soziale Aspekt vergessen, den die Personaler auch kennenlernen m\u00f6chten, um zu wissen, wie du in das zuk\u00fcnftige Teams passt.<\/span><\/p>\n\n\n<div class=\"wp-block-group alignwide\" id=\"pdf-download\"><div class=\"wp-block-group__inner-container is-layout-flow\">\n<div class=\"wp-block-columns pdf-download is-layout-flex wp-container-8\">\n<div class=\"wp-block-column pdf-thumbnail is-layout-flow\" style=\"flex-basis:35%\">\n<figure class=\"wp-block-image size-large\"><img decoding=\"async\" loading=\"lazy\" width=\"300\" height=\"424\" src=\"https:\/\/www.stellenanzeigen.de\/careeasy\/wp-content\/uploads\/2020\/05\/Systemadministrator-pdf-image.jpg\" alt=\"Bewerbungsvorlage Systemadministrator\/in\" class=\"wp-image-85962\"\/><\/figure>\n<\/div>\n\n\n\n<div class=\"wp-block-column subscribe-box is-layout-flow\" style=\"flex-basis:65%\">\n\t\t\t\n\t\t\t<form id=\"sib_signup_form_58\" method=\"post\" class=\"sib_signup_form\">\n\t\t\t\t<div class=\"sib_loader\" style=\"display:none;\"><img\n\t\t\t\t\t\t\tsrc=\"https:\/\/www.stellenanzeigen.de\/careeasy\/wp-includes\/images\/spinner.gif\" alt=\"loader\"><\/div>\n\t\t\t\t<input type=\"hidden\" name=\"sib_form_action\" value=\"subscribe_form_submit\">\n\t\t\t\t<input type=\"hidden\" name=\"sib_form_id\" value=\"58\">\n                <input type=\"hidden\" name=\"sib_form_alert_notice\" value=\"Bitte f\u00fclle das Feld aus\">\n                <input type=\"hidden\" name=\"sib_form_invalid_email_notice\" value=\"Deine E-Mail Adresse ist ung\u00fcltig\">\n                <input type=\"hidden\" name=\"sib_security\" value=\"5266b6d5f8\">\n\t\t\t\t<div class=\"sib_signup_box_inside_58\">\n\t\t\t\t\t<div style=\"\/*display:none*\/\" class=\"sib_msg_disp\">\n\t\t\t\t\t<\/div>\n                    \t\t\t\t\t<p style=\"font-size:21px;text-align:left;font-family: 'Helvetica',sans-serif;color:#2b85b9;background-color:transparent\"><strong>Jetzt Bewerbungsvorlage als Systemadministrator\/in anfordern und f\u00fcr den Newsletter anmelden<\/strong><\/p>\r\n<p class=\"sib-email-area\">\r\n    <label>E-Mail-Adresse <span style=\"color: red\">*<\/span><\/label>\r\n    <input type=\"email\" class=\"sib-email-area\" name=\"email\" required=\"required\" placeholder=\"E-Mail-Adresse\">\r\n<\/p>\r\n<p class=\"sib-terms\"><input type=\"checkbox\" name=\"terms\" required=\"required\"><label>Ich bin damit einverstanden, dass meine E-Mailadresse f\u00fcr Werbezwecke per Newsletter genutzt wird und akzeptiere die <a href=\"https:\/\/www.stellenanzeigen.de\/arbeitgeber\/datenschutzerklaerung\/\">Datenschutzerkl\u00e4rung <span style=\"color: red\">*<\/span><\/a><\/label><\/p>\r\n<p style=\"font-size:12px;text-align:left;font-family: 'Helvetica',sans-serif;color:#8390A4\">Du kannst den Newsletter jederzeit \u00fcber den Abmeldelink in der Fu\u00dfzeile unserer E-Mails abbestellen.<\/p>\r\n<input type=\"submit\" class=\"sib-default-btn\" value=\"Bewerbungsvorlage anfordern\">\t\t\t\t<\/div>\n\t\t\t<\/form>\n\t\t\t<style>\n\t\t\t\tform#sib_signup_form_58 p.sib-alert-message {\n    padding: 6px 12px;\n    margin-bottom: 20px;\n    border: 1px solid transparent;\n    border-radius: 4px;\n    -webkit-box-sizing: border-box;\n    -moz-box-sizing: border-box;\n    box-sizing: border-box;\n}\nform#sib_signup_form_58 p.sib-alert-message-error {\n    background-color: #f2dede;\n    border-color: #ebccd1;\n    color: #a94442;\n}\nform#sib_signup_form_58 p.sib-alert-message-success {\n    background-color: #dff0d8;\n    border-color: #d6e9c6;\n    color: #3c763d;\n}\nform#sib_signup_form_58 p.sib-alert-message-warning {\n    background-color: #fcf8e3;\n    border-color: #faebcc;\n    color: #8a6d3b;\n}\n\t\t\t<\/style>\n\t\t\t\n<\/div>\n<\/div>\n<\/div><\/div>\n","protected":false},"excerpt":{"rendered":"<p>Bei stellenanzeigen.de hast du die M\u00f6glichkeit, deine pers\u00f6nliche Bewerbung zu erstellen. Eine Musterbewerbung steht hier speziell f\u00fcr die Bewerbung als Systemadministrator bereit zum kostenlosen&#8230;<\/p>\n","protected":false},"author":106,"featured_media":0,"parent":14008,"menu_order":0,"comment_status":"closed","ping_status":"closed","template":"","meta":{"_uag_custom_page_level_css":""},"categories":[],"tags":[],"yoast_head":"<!-- This site is optimized with the Yoast SEO plugin v20.7 - https:\/\/yoast.com\/wordpress\/plugins\/seo\/ -->\n<title>Bewerbungsvorlage Systemadministrator\/in | careeasy - Dein Karrieremagazin<\/title>\n<meta name=\"description\" content=\"Bewerbungsvorlage Systemadministrator\/in - Copyright: SARINYAPINNGAM Bei stellenanzeigen.de hast du die M\u00f6glichkeit, deine pers\u00f6nliche Bewerbung zu\" \/>\n<meta name=\"robots\" content=\"index, follow, max-snippet:-1, max-image-preview:large, max-video-preview:-1\" \/>\n<link rel=\"canonical\" href=\"https:\/\/www.stellenanzeigen.de\/careeasy\/bewerbung\/bewerbungsvorlage-systemadministrator-in\/\" \/>\n<meta property=\"og:locale\" content=\"de_DE\" \/>\n<meta property=\"og:type\" content=\"article\" \/>\n<meta property=\"og:title\" content=\"Bewerbungsvorlage Systemadministrator\/in | careeasy - Dein Karrieremagazin\" \/>\n<meta property=\"og:description\" content=\"Bewerbungsvorlage Systemadministrator\/in - Copyright: SARINYAPINNGAM Bei stellenanzeigen.de hast du die M\u00f6glichkeit, deine pers\u00f6nliche Bewerbung zu\" \/>\n<meta property=\"og:url\" content=\"https:\/\/www.stellenanzeigen.de\/careeasy\/bewerbung\/bewerbungsvorlage-systemadministrator-in\/\" \/>\n<meta property=\"og:site_name\" content=\"careeasy - Dein Karrieremagazin\" \/>\n<meta property=\"article:publisher\" content=\"https:\/\/www.facebook.com\/stellenanzeigen.de\/\" \/>\n<meta property=\"article:modified_time\" content=\"2023-10-06T08:58:16+00:00\" \/>\n<meta property=\"og:image\" content=\"https:\/\/www.stellenanzeigen.de\/careeasy\/wp-content\/uploads\/2020\/05\/iStock-1089938556-978x652.jpg\" \/>\n<meta name=\"twitter:label1\" content=\"Gesch\u00e4tzte Lesezeit\" \/>\n\t<meta name=\"twitter:data1\" content=\"4 Minuten\" \/>\n<script type=\"application\/ld+json\" class=\"yoast-schema-graph\">{\"@context\":\"https:\/\/schema.org\",\"@graph\":[{\"@type\":\"WebPage\",\"@id\":\"https:\/\/www.stellenanzeigen.de\/careeasy\/bewerbung\/bewerbungsvorlage-systemadministrator-in\/\",\"url\":\"https:\/\/www.stellenanzeigen.de\/careeasy\/bewerbung\/bewerbungsvorlage-systemadministrator-in\/\",\"name\":\"Bewerbungsvorlage Systemadministrator\/in | careeasy - Dein Karrieremagazin\",\"isPartOf\":{\"@id\":\"https:\/\/www.stellenanzeigen.de\/careeasy\/#website\"},\"datePublished\":\"2020-05-19T11:40:47+00:00\",\"dateModified\":\"2023-10-06T08:58:16+00:00\",\"description\":\"Bewerbungsvorlage Systemadministrator\/in - Copyright: SARINYAPINNGAM Bei stellenanzeigen.de hast du die M\u00f6glichkeit, deine pers\u00f6nliche Bewerbung zu\",\"breadcrumb\":{\"@id\":\"https:\/\/www.stellenanzeigen.de\/careeasy\/bewerbung\/bewerbungsvorlage-systemadministrator-in\/#breadcrumb\"},\"inLanguage\":\"de-DE\",\"potentialAction\":[{\"@type\":\"ReadAction\",\"target\":[\"https:\/\/www.stellenanzeigen.de\/careeasy\/bewerbung\/bewerbungsvorlage-systemadministrator-in\/\"]}]},{\"@type\":\"BreadcrumbList\",\"@id\":\"https:\/\/www.stellenanzeigen.de\/careeasy\/bewerbung\/bewerbungsvorlage-systemadministrator-in\/#breadcrumb\",\"itemListElement\":[{\"@type\":\"ListItem\",\"position\":1,\"name\":\"Careeasy\",\"item\":\"https:\/\/www.stellenanzeigen.de\/careeasy\/\"},{\"@type\":\"ListItem\",\"position\":2,\"name\":\"Bewerbungsvorlagen &#038; Bewerbungsmuster\",\"item\":\"https:\/\/www.stellenanzeigen.de\/careeasy\/bewerbung\/\"},{\"@type\":\"ListItem\",\"position\":3,\"name\":\"Bewerbungsvorlage Systemadministrator\/in\"}]},{\"@type\":\"WebSite\",\"@id\":\"https:\/\/www.stellenanzeigen.de\/careeasy\/#website\",\"url\":\"https:\/\/www.stellenanzeigen.de\/careeasy\/\",\"name\":\"careeasy - Dein Karrieremagazin\",\"description\":\"\",\"publisher\":{\"@id\":\"https:\/\/www.stellenanzeigen.de\/careeasy\/#organization\"},\"potentialAction\":[{\"@type\":\"SearchAction\",\"target\":{\"@type\":\"EntryPoint\",\"urlTemplate\":\"https:\/\/www.stellenanzeigen.de\/careeasy\/?s={search_term_string}\"},\"query-input\":\"required name=search_term_string\"}],\"inLanguage\":\"de-DE\"},{\"@type\":\"Organization\",\"@id\":\"https:\/\/www.stellenanzeigen.de\/careeasy\/#organization\",\"name\":\"careeasy - Dein Karrieremagazin\",\"url\":\"https:\/\/www.stellenanzeigen.de\/careeasy\/\",\"logo\":{\"@type\":\"ImageObject\",\"inLanguage\":\"de-DE\",\"@id\":\"https:\/\/www.stellenanzeigen.de\/careeasy\/#\/schema\/logo\/image\/\",\"url\":\"https:\/\/www.stellenanzeigen.de\/careeasy\/wp-content\/uploads\/2024\/03\/careeasy_logo.jpg\",\"contentUrl\":\"https:\/\/www.stellenanzeigen.de\/careeasy\/wp-content\/uploads\/2024\/03\/careeasy_logo.jpg\",\"width\":701,\"height\":223,\"caption\":\"careeasy - Dein Karrieremagazin\"},\"image\":{\"@id\":\"https:\/\/www.stellenanzeigen.de\/careeasy\/#\/schema\/logo\/image\/\"},\"sameAs\":[\"https:\/\/www.facebook.com\/stellenanzeigen.de\/\"]}]}<\/script>\n<!-- \/ Yoast SEO plugin. -->","yoast_head_json":{"title":"Bewerbungsvorlage Systemadministrator\/in | careeasy - Dein Karrieremagazin","description":"Bewerbungsvorlage Systemadministrator\/in - Copyright: SARINYAPINNGAM Bei stellenanzeigen.de hast du die M\u00f6glichkeit, deine pers\u00f6nliche Bewerbung zu","robots":{"index":"index","follow":"follow","max-snippet":"max-snippet:-1","max-image-preview":"max-image-preview:large","max-video-preview":"max-video-preview:-1"},"canonical":"https:\/\/www.stellenanzeigen.de\/careeasy\/bewerbung\/bewerbungsvorlage-systemadministrator-in\/","og_locale":"de_DE","og_type":"article","og_title":"Bewerbungsvorlage Systemadministrator\/in | careeasy - Dein Karrieremagazin","og_description":"Bewerbungsvorlage Systemadministrator\/in - Copyright: SARINYAPINNGAM Bei stellenanzeigen.de hast du die M\u00f6glichkeit, deine pers\u00f6nliche Bewerbung zu","og_url":"https:\/\/www.stellenanzeigen.de\/careeasy\/bewerbung\/bewerbungsvorlage-systemadministrator-in\/","og_site_name":"careeasy - Dein Karrieremagazin","article_publisher":"https:\/\/www.facebook.com\/stellenanzeigen.de\/","article_modified_time":"2023-10-06T08:58:16+00:00","og_image":[{"url":"https:\/\/www.stellenanzeigen.de\/careeasy\/wp-content\/uploads\/2020\/05\/iStock-1089938556-978x652.jpg"}],"twitter_misc":{"Gesch\u00e4tzte Lesezeit":"4 Minuten"},"schema":{"@context":"https:\/\/schema.org","@graph":[{"@type":"WebPage","@id":"https:\/\/www.stellenanzeigen.de\/careeasy\/bewerbung\/bewerbungsvorlage-systemadministrator-in\/","url":"https:\/\/www.stellenanzeigen.de\/careeasy\/bewerbung\/bewerbungsvorlage-systemadministrator-in\/","name":"Bewerbungsvorlage Systemadministrator\/in | careeasy - Dein Karrieremagazin","isPartOf":{"@id":"https:\/\/www.stellenanzeigen.de\/careeasy\/#website"},"datePublished":"2020-05-19T11:40:47+00:00","dateModified":"2023-10-06T08:58:16+00:00","description":"Bewerbungsvorlage Systemadministrator\/in - Copyright: SARINYAPINNGAM Bei stellenanzeigen.de hast du die M\u00f6glichkeit, deine pers\u00f6nliche Bewerbung zu","breadcrumb":{"@id":"https:\/\/www.stellenanzeigen.de\/careeasy\/bewerbung\/bewerbungsvorlage-systemadministrator-in\/#breadcrumb"},"inLanguage":"de-DE","potentialAction":[{"@type":"ReadAction","target":["https:\/\/www.stellenanzeigen.de\/careeasy\/bewerbung\/bewerbungsvorlage-systemadministrator-in\/"]}]},{"@type":"BreadcrumbList","@id":"https:\/\/www.stellenanzeigen.de\/careeasy\/bewerbung\/bewerbungsvorlage-systemadministrator-in\/#breadcrumb","itemListElement":[{"@type":"ListItem","position":1,"name":"Careeasy","item":"https:\/\/www.stellenanzeigen.de\/careeasy\/"},{"@type":"ListItem","position":2,"name":"Bewerbungsvorlagen &#038; Bewerbungsmuster","item":"https:\/\/www.stellenanzeigen.de\/careeasy\/bewerbung\/"},{"@type":"ListItem","position":3,"name":"Bewerbungsvorlage Systemadministrator\/in"}]},{"@type":"WebSite","@id":"https:\/\/www.stellenanzeigen.de\/careeasy\/#website","url":"https:\/\/www.stellenanzeigen.de\/careeasy\/","name":"careeasy - Dein Karrieremagazin","description":"","publisher":{"@id":"https:\/\/www.stellenanzeigen.de\/careeasy\/#organization"},"potentialAction":[{"@type":"SearchAction","target":{"@type":"EntryPoint","urlTemplate":"https:\/\/www.stellenanzeigen.de\/careeasy\/?s={search_term_string}"},"query-input":"required name=search_term_string"}],"inLanguage":"de-DE"},{"@type":"Organization","@id":"https:\/\/www.stellenanzeigen.de\/careeasy\/#organization","name":"careeasy - Dein Karrieremagazin","url":"https:\/\/www.stellenanzeigen.de\/careeasy\/","logo":{"@type":"ImageObject","inLanguage":"de-DE","@id":"https:\/\/www.stellenanzeigen.de\/careeasy\/#\/schema\/logo\/image\/","url":"https:\/\/www.stellenanzeigen.de\/careeasy\/wp-content\/uploads\/2024\/03\/careeasy_logo.jpg","contentUrl":"https:\/\/www.stellenanzeigen.de\/careeasy\/wp-content\/uploads\/2024\/03\/careeasy_logo.jpg","width":701,"height":223,"caption":"careeasy - Dein Karrieremagazin"},"image":{"@id":"https:\/\/www.stellenanzeigen.de\/careeasy\/#\/schema\/logo\/image\/"},"sameAs":["https:\/\/www.facebook.com\/stellenanzeigen.de\/"]}]}},"uagb_featured_image_src":{"full":false,"thumbnail":false,"medium":false,"medium_large":false,"large":false,"1536x1536":false,"2048x2048":false,"neomag-medium":false,"neomag-big":false,"neomag-large":false,"neomag-huge":false},"uagb_author_info":{"display_name":"Marina Pavel","author_link":"https:\/\/www.stellenanzeigen.de\/careeasy\/author\/marina\/"},"uagb_comment_info":0,"uagb_excerpt":"Bei stellenanzeigen.de hast du die M\u00f6glichkeit, deine pers\u00f6nliche Bewerbung zu erstellen. Eine Musterbewerbung steht hier speziell f\u00fcr die Bewerbung als Systemadministrator bereit zum kostenlosen...","_links":{"self":[{"href":"https:\/\/www.stellenanzeigen.de\/careeasy\/wp-json\/wp\/v2\/pages\/85484"}],"collection":[{"href":"https:\/\/www.stellenanzeigen.de\/careeasy\/wp-json\/wp\/v2\/pages"}],"about":[{"href":"https:\/\/www.stellenanzeigen.de\/careeasy\/wp-json\/wp\/v2\/types\/page"}],"author":[{"embeddable":true,"href":"https:\/\/www.stellenanzeigen.de\/careeasy\/wp-json\/wp\/v2\/users\/106"}],"replies":[{"embeddable":true,"href":"https:\/\/www.stellenanzeigen.de\/careeasy\/wp-json\/wp\/v2\/comments?post=85484"}],"version-history":[{"count":9,"href":"https:\/\/www.stellenanzeigen.de\/careeasy\/wp-json\/wp\/v2\/pages\/85484\/revisions"}],"predecessor-version":[{"id":112931,"href":"https:\/\/www.stellenanzeigen.de\/careeasy\/wp-json\/wp\/v2\/pages\/85484\/revisions\/112931"}],"up":[{"embeddable":true,"href":"https:\/\/www.stellenanzeigen.de\/careeasy\/wp-json\/wp\/v2\/pages\/14008"}],"wp:attachment":[{"href":"https:\/\/www.stellenanzeigen.de\/careeasy\/wp-json\/wp\/v2\/media?parent=85484"}],"wp:term":[{"taxonomy":"category","embeddable":true,"href":"https:\/\/www.stellenanzeigen.de\/careeasy\/wp-json\/wp\/v2\/categories?post=85484"},{"taxonomy":"post_tag","embeddable":true,"href":"https:\/\/www.stellenanzeigen.de\/careeasy\/wp-json\/wp\/v2\/tags?post=85484"}],"curies":[{"name":"wp","href":"https:\/\/api.w.org\/{rel}","templated":true}]}}