{"id":85475,"date":"2020-05-19T11:26:38","date_gmt":"2020-05-19T11:26:38","guid":{"rendered":"https:\/\/www.stellenanzeigen.de\/careeasy\/?page_id=85475"},"modified":"2022-11-22T15:22:55","modified_gmt":"2022-11-22T14:22:55","slug":"bewerbungsvorlage-elektriker-in","status":"publish","type":"page","link":"https:\/\/www.stellenanzeigen.de\/careeasy\/bewerbung\/bewerbungsvorlage-elektriker-in\/","title":{"rendered":"Bewerbungsvorlage Elektriker\/in"},"content":{"rendered":"\n<figure class=\"wp-block-image alignwide size-full size-medium wp-image-85478\"><img loading=\"lazy\" decoding=\"async\" width=\"1254\" height=\"836\" src=\"https:\/\/www.stellenanzeigen.de\/careeasy\/wp-content\/uploads\/2020\/05\/iStock-1094164588.jpg\" alt=\"Bewerbungsvorlage Elektriker\" class=\"wp-image-85478\" srcset=\"https:\/\/www.stellenanzeigen.de\/careeasy\/wp-content\/uploads\/2020\/05\/iStock-1094164588.jpg 1254w, https:\/\/www.stellenanzeigen.de\/careeasy\/wp-content\/uploads\/2020\/05\/iStock-1094164588-978x652.jpg 978w, https:\/\/www.stellenanzeigen.de\/careeasy\/wp-content\/uploads\/2020\/05\/iStock-1094164588-768x512.jpg 768w, https:\/\/www.stellenanzeigen.de\/careeasy\/wp-content\/uploads\/2020\/05\/iStock-1094164588-272x182.jpg 272w\" sizes=\"auto, (max-width: 1254px) 100vw, 1254px\" \/><figcaption>Bewerbungsvorlage Elektriker &#8211; Copyright: AndreyPopov<\/figcaption><\/figure>\n\n\n\n<div class=\"wp-block-columns alignwide pdf-teaser is-layout-flex wp-container-core-columns-is-layout-9d6595d7 wp-block-columns-is-layout-flex\">\n<div class=\"wp-block-column pdf-thumbnail is-layout-flow wp-block-column-is-layout-flow\" style=\"flex-basis:35%\">\n<div class=\"wp-block-image\"><figure class=\"aligncenter size-large\"><img loading=\"lazy\" decoding=\"async\" width=\"300\" height=\"424\" src=\"https:\/\/www.stellenanzeigen.de\/careeasy\/wp-content\/uploads\/2020\/05\/Elektriker-pdf-image.jpg\" alt=\"Bewerbungsvorlage Elektriker\/in\" class=\"wp-image-85557\"\/><\/figure><\/div>\n\n\n\n<p><\/p><div id=\"ez-toc-container\" class=\"ez-toc-v2_0_82_2 counter-hierarchy ez-toc-counter ez-toc-grey ez-toc-container-direction\">\n<div class=\"ez-toc-title-container\">\n<p class=\"ez-toc-title\" style=\"cursor:inherit\">Inhaltsverzeichnis<\/p>\n<span class=\"ez-toc-title-toggle\"><\/span><\/div>\n<nav><ul class='ez-toc-list ez-toc-list-level-1 ' ><li class='ez-toc-page-1 ez-toc-heading-level-2'><a class=\"ez-toc-link ez-toc-heading-1\" href=\"https:\/\/www.stellenanzeigen.de\/careeasy\/bewerbung\/bewerbungsvorlage-elektriker-in\/#Bestandteile_der_Bewerbung_als_Elektrikerin\" >Bestandteile der Bewerbung als Elektriker\/in<\/a><\/li><li class='ez-toc-page-1 ez-toc-heading-level-2'><a class=\"ez-toc-link ez-toc-heading-2\" href=\"https:\/\/www.stellenanzeigen.de\/careeasy\/bewerbung\/bewerbungsvorlage-elektriker-in\/#Aktuelle_Stellenangebote_fuer_Elektriker\" >Aktuelle Stellenangebote f\u00fcr Elektriker<\/a><\/li><li class='ez-toc-page-1 ez-toc-heading-level-2'><a class=\"ez-toc-link ez-toc-heading-3\" href=\"https:\/\/www.stellenanzeigen.de\/careeasy\/bewerbung\/bewerbungsvorlage-elektriker-in\/#Die_perfekte_Vorbereitung_auf_dein_Vorstellungsgespraech\" >Die perfekte Vorbereitung auf dein Vorstellungsgespr\u00e4ch<\/a><\/li><li class='ez-toc-page-1 ez-toc-heading-level-2'><a class=\"ez-toc-link ez-toc-heading-4\" href=\"https:\/\/www.stellenanzeigen.de\/careeasy\/bewerbung\/bewerbungsvorlage-elektriker-in\/#Fragen_und_Antwortmoeglichkeiten_fuer_dein_Vorstellungsgespraech\" >Fragen und Antwortm\u00f6glichkeiten f\u00fcr dein Vorstellungsgespr\u00e4ch<\/a><\/li><\/ul><\/nav><\/div>\n\n<\/div>\n\n\n\n<div class=\"wp-block-column teaser-box is-layout-flow wp-block-column-is-layout-flow\" style=\"flex-basis:65%\">\n<p>Bei stellenanzeigen.de hast du die M\u00f6glichkeit, eine Musterbewerbung schnell und noch dazu kostenlos herunterzuladen. <strong>Diese kannst du individuell anpassen und deine pers\u00f6nlichen Kontaktdaten und Karriereschritte individuell einf\u00fcgen. <\/strong>Besonders dann, wenn du lange keine Bewerbungen mehr geschrieben hast, ist das ein sehr gutes Tool, bei der Bewerbung auf dem richtigen Weg zu sein. Die Struktur der Bewerbung dient dir, deine Person, deine F\u00e4higkeiten, bisherige Erfahrung und Ausbildung sowie einige Informationen \u00fcber deine Hobbies und Interessen darzustellen.<\/p>\n\n\n\n<div class=\"wp-block-buttons is-layout-flex wp-block-buttons-is-layout-flex\">\n<div class=\"wp-block-button\"><a class=\"wp-block-button__link has-background no-border-radius\" href=\"https:\/\/www.stellenanzeigen.de\/careeasy\/bewerbung\/bewerbungsvorlage-elektriker-in\/#pdf-download\" style=\"background-color:#2b85b9\">Vorlage Anfordern<\/a><\/div>\n<\/div>\n<\/div>\n<\/div>\n\n\n<div class=\"mceTemp\">&nbsp;<\/div>\n<h2><span class=\"ez-toc-section\" id=\"Bestandteile_der_Bewerbung_als_Elektrikerin\"><\/span><strong><span style=\"color: #333333;\">Bestandteile der Bewerbung als Elektriker\/in<\/span><\/strong><span class=\"ez-toc-section-end\"><\/span><\/h2>\n<p><span style=\"color: #333333;\">Wenn du dich als Elektriker bewerben m\u00f6chtest und auf der Suche nach einer neuen Herausforderung bist, dann sollte genau das auch in deinem Bewerbungsanschreiben klar und deutlich zum Ausdruck kommen. <strong>Sei dabei ruhig kreativ und beschreibe Projekte, in denen du bereits erfolgreich warst<\/strong> und belege sie mit Referenzen oder Probearbeiten, sofern dies m\u00f6glich ist. Ausbildungs- und Weiterbildungszeugnisse sind zudem neben deinem Schulzeugnis und Arbeitgeber- oder Praktikums-Referenzen wichtige Bestandteile einer vollst\u00e4ndigen Bewerbung. <\/span><\/p>\n<h2><span class=\"ez-toc-section\" id=\"Aktuelle_Stellenangebote_fuer_Elektriker\"><\/span><a href=\"https:\/\/www.stellenanzeigen.de\/jobs\/elektriker-in\/\" target=\"_blank\" rel=\"noopener noreferrer\">Aktuelle Stellenangebote f\u00fcr Elektriker<\/a><span class=\"ez-toc-section-end\"><\/span><\/h2>\n<hr>\n<div id=\"suchwidgetErgebnisliste\">&nbsp;<\/div>\n<div id=\"StellenanzeigenSuchwidget\" tabindex=\"-1\">&nbsp;<\/div>\n<script>\n  var config = {\n    apiKey : 'FBEB08FBC7BB75349E26C51C530F79BF',\n    resultsPerPage : 3,\n    searchRadius : 60,\n    fulltext : 'elektriker',\n    city : null,\n    category : null,\n    subCategories : null\n  };\n<\/script><script type=\"text\/javascript\" src=\"https:\/\/app.stellenanzeigen.de\/widget\/init.js\"><\/script>\n<hr>\n<h2><span class=\"ez-toc-section\" id=\"Die_perfekte_Vorbereitung_auf_dein_Vorstellungsgespraech\"><\/span><strong>Die perfekte Vorbereitung auf dein Vorstellungsgespr\u00e4ch<\/strong><span class=\"ez-toc-section-end\"><\/span><\/h2>\n<p><span style=\"color: #333333;\">Wenn man einen Job unbedingt bekommen m\u00f6chte, ist ein Vorstellungsgespr\u00e4ch immer mit einer nat\u00fcrlichen Aufregung verbunden. Dieser kannst du entgegenwirken, indem du dich <strong>gut und ausgiebig auf dein Gespr\u00e4ch vorbereitest.<\/strong> So kannst du bereits vorab die Route zu deinem zuk\u00fcnftigen Arbeitsplatz pr\u00fcfen und findest auf der Homepage des Unternehmens wichtige Insider Informationen, die du gut im Gespr\u00e4ch einspielen lassen kannst. <\/span><\/p>\n<p><span style=\"color: #333333;\">Vielleicht kannst du auch Beispiele mit in dein Gespr\u00e4ch nehmen? Etwa Zeichnungen oder Pl\u00e4ne von Elektrik, die du in gr\u00f6\u00dferen Projekten verlegt hast? <\/span><span style=\"color: #333333;\">Au\u00dferdem solltest du dir <strong>die Stellenanzeige genau ansehen<\/strong> und einzelne Punkte genauer betrachten, da gerade zu den beschriebenen Aufgaben oder Anforderungen an die Stelle oft Fragen kommen.&nbsp; <\/span><\/p>\n<h2><span class=\"ez-toc-section\" id=\"Fragen_und_Antwortmoeglichkeiten_fuer_dein_Vorstellungsgespraech\"><\/span><span style=\"color: #333333;\">Fragen und Antwortm\u00f6glichkeiten f\u00fcr dein Vorstellungsgespr\u00e4ch<\/span><span class=\"ez-toc-section-end\"><\/span><\/h2>\n<p><span style=\"color: #333333;\">Sicherlich werden dir von der Personalabteilung Fragen zu deiner bisherigen T\u00e4tigkeit gestellt und warum du deinen Job wechseln m\u00f6chtest. Bestimmt hast du hierf\u00fcr individuelle Gr\u00fcnde, wie mehr Verantwortung, einen neuen T\u00e4tigkeitsbereich oder ein neues Unternehmen mit gutem Ruf und Benefits. <strong>Versuche die Antworten so sachlich und neutral wie nur m\u00f6glich zu formulieren.<\/strong> Mache dabei niemals deinen jetzigen Arbeitgeber schlecht. <\/span><\/p>\n<p><span style=\"color: #333333;\">Au\u00dferdem k\u00f6nnten Fragen zu konkreten anstehenden Projekten im neuen Unternehmen kommen und mit welchen F\u00e4higkeiten du dich in diese einbringen kannst. Schreibe dir vor dem Gespr\u00e4ch<strong> eine Liste mit deinen St\u00e4rken und Schw\u00e4chen, aber auch Erfolgen, die du bisher f\u00fcr dich verzeichnen konntest. <\/strong><\/span><span style=\"color: #333333;\">Auch Fragen zu deinem Gehaltswunsch k\u00f6nnen auftreten \u2013 hier empfiehlt sich ein Blick in m\u00f6gliche Tarifvertr\u00e4ge oder aber zu versuchen, \u00fcber Portale oder Personen, die du kennst und die in dem Unternehmen arbeiten herauszubekommen. <\/span><\/p>\n<p><span style=\"color: #333333;\">Manche Unternehmen rekrutieren im Rahmen von Assessment Centern, zu denen mehrere Bewerber gleichzeitig eingeladen werden und einige Aufgaben einzeln und in Teams l\u00f6sen m\u00fcssen. Bereite dich auch hier darauf vor, wie du mit solch einer Situation umgehst. <strong>Wenn du magst, kannst du das Antworten auch vor einem Spiegel \u00fcben. <\/strong>So siehst du, wie du dich verh\u00e4ltst. Auch ein Testlauf mit einem guten Freund oder der Familie helfen, ein erstes Feedback zu bekommen und sich gut auf das Gespr\u00e4ch vorzubereiten. <\/span><\/p>\n<p><span style=\"color: #333333;\">Solltest du eine Frage vielleicht nicht beantworten k\u00f6nnen, ist das v\u00f6llig in Ordnung. Du kannst R\u00fcckfragen stellen oder ehrlich antworten, das kommt meist besser, als ins Stottern zu geraten, oder falsche Antworten zu geben. <\/span><span style=\"color: #333333;\">\u00dcberlege dir auch, wie deine Zukunft aussehen soll. <strong>Wo m\u00f6chtest du in 5 Jahren stehen?<\/strong> Ist eine Weiterentwicklung f\u00fcr dich ein Thema? M\u00f6chtest du vielleicht Personalverantwortung \u00fcbernehmen oder andere Elektriker ausbilden? Auch dies ist eine gute Antwort auf die Zukunftsfrage, die gerne von Personalern in einem pers\u00f6nlichen Kennenlernen gestellt wird.<\/span><\/p>\n\n\n<div class=\"wp-block-group alignwide\" id=\"pdf-download\"><div class=\"wp-block-group__inner-container is-layout-flow wp-block-group-is-layout-flow\">\n<div class=\"wp-block-columns pdf-download is-layout-flex wp-container-core-columns-is-layout-9d6595d7 wp-block-columns-is-layout-flex\">\n<div class=\"wp-block-column pdf-thumbnail is-layout-flow wp-block-column-is-layout-flow\" style=\"flex-basis:35%\">\n<figure class=\"wp-block-image size-large\"><img loading=\"lazy\" decoding=\"async\" width=\"300\" height=\"424\" src=\"https:\/\/www.stellenanzeigen.de\/careeasy\/wp-content\/uploads\/2020\/05\/Elektriker-pdf-image.jpg\" alt=\"Bewerbungsvorlage Elektriker\/in\" class=\"wp-image-85557\"\/><\/figure>\n<\/div>\n\n\n\n<div class=\"wp-block-column subscribe-box is-layout-flow wp-block-column-is-layout-flow\" style=\"flex-basis:65%\">\n\n\t\t\t<form id=\"sib_signup_form_16\" method=\"post\" class=\"sib_signup_form\">\n\t\t\t\t<div class=\"sib_loader\" style=\"display:none;\"><img\n\t\t\t\t\t\t\tsrc=\"https:\/\/www.stellenanzeigen.de\/careeasy\/wp-includes\/images\/spinner.gif\" alt=\"loader\"><\/div>\n\t\t\t\t<input type=\"hidden\" name=\"sib_form_action\" value=\"subscribe_form_submit\">\n\t\t\t\t<input type=\"hidden\" name=\"sib_form_id\" value=\"16\">\n                <input type=\"hidden\" name=\"sib_form_alert_notice\" value=\"Bitte f\u00fclle das Feld aus\">\n                <input type=\"hidden\" name=\"sib_form_invalid_email_notice\" value=\"Deine E-Mail Adresse ist ung\u00fcltig\">\n                <input type=\"hidden\" name=\"sib_security\" value=\"06133a707f\">\n\t\t\t\t<div class=\"sib_signup_box_inside_16\">\n\t\t\t\t\t<div style=\"\/*display:none*\/\" class=\"sib_msg_disp\">\n\t\t\t\t\t<\/div>\n                    \t\t\t\t\t<p style=\"font-size:21px;text-align:left;font-family: 'Helvetica',sans-serif;color:#2b85b9;background-color:transparent\"><strong>Jetzt Bewerbungsvorlage als Elektriker\/in anfordern und f\u00fcr den Newsletter anmelden<\/strong><\/p>\r\n<p class=\"sib-email-area\">\r\n    <label>E-Mail-Adresse <span style=\"color: red\">*<\/span><\/label>\r\n    <input type=\"email\" class=\"sib-email-area\" name=\"email\" required=\"required\" placeholder=\"E-Mail-Adresse\">\r\n<\/p>\r\n<p class=\"sib-terms\"><input type=\"checkbox\" name=\"terms\" required=\"required\"><label>Ich bin damit einverstanden, dass meine E-Mailadresse f\u00fcr Werbezwecke per Newsletter genutzt wird und akzeptiere die <a href=\"https:\/\/www.stellenanzeigen.de\/arbeitgeber\/datenschutzerklaerung\/\">Datenschutzerkl\u00e4rung <span style=\"color: red\">*<\/span><\/a><\/label><\/p>\r\n<p style=\"font-size:12px;text-align:left;font-family: 'Helvetica',sans-serif;color:#8390A4\">Du kannst den Newsletter jederzeit \u00fcber den Abmeldelink in der Fu\u00dfzeile unserer E-Mails abbestellen.<\/p>\r\n<input type=\"submit\" class=\"sib-default-btn\" value=\"Bewerbungsvorlage anfordern\">\t\t\t\t<\/div>\n\t\t\t<\/form>\n\t\t\t<style>\n\t\t\t\tform#sib_signup_form_16 p.sib-alert-message {\n    padding: 6px 12px;\n    margin-bottom: 20px;\n    border: 1px solid transparent;\n    border-radius: 4px;\n    -webkit-box-sizing: border-box;\n    -moz-box-sizing: border-box;\n    box-sizing: border-box;\n}\nform#sib_signup_form_16 p.sib-alert-message-error {\n    background-color: #f2dede;\n    border-color: #ebccd1;\n    color: #a94442;\n}\nform#sib_signup_form_16 p.sib-alert-message-success {\n    background-color: #dff0d8;\n    border-color: #d6e9c6;\n    color: #3c763d;\n}\nform#sib_signup_form_16 p.sib-alert-message-warning {\n    background-color: #fcf8e3;\n    border-color: #faebcc;\n    color: #8a6d3b;\n}\n\t\t\t<\/style>\n\t\t\t\n<\/div>\n<\/div>\n<\/div><\/div>\n","protected":false},"excerpt":{"rendered":"<p>Bei stellenanzeigen.de hast du die M\u00f6glichkeit, eine Musterbewerbung schnell und noch dazu kostenlos herunterzuladen. Diese kannst du individuell anpassen und deine pers\u00f6nlichen Kontaktdaten und&#8230;<\/p>\n","protected":false},"author":106,"featured_media":0,"parent":14008,"menu_order":0,"comment_status":"closed","ping_status":"closed","template":"","meta":{"_uag_custom_page_level_css":"","footnotes":""},"categories":[],"tags":[],"class_list":["post-85475","page","type-page","status-publish","hentry","entry","post-no-thumbnail"],"yoast_head":"<!-- This site is optimized with the Yoast SEO plugin v27.5 - https:\/\/yoast.com\/product\/yoast-seo-wordpress\/ -->\n<title>Bewerbungsvorlage Elektriker\/in | careeasy - Dein Karrieremagazin<\/title>\n<meta name=\"description\" content=\"Bewerbungsvorlage Elektriker - Copyright: AndreyPopov Bei stellenanzeigen.de hast du die M\u00f6glichkeit, eine Musterbewerbung schnell und noch dazu kostenlos\" \/>\n<meta name=\"robots\" content=\"index, follow, max-snippet:-1, max-image-preview:large, max-video-preview:-1\" \/>\n<link rel=\"canonical\" href=\"https:\/\/www.stellenanzeigen.de\/careeasy\/bewerbung\/bewerbungsvorlage-elektriker-in\/\" \/>\n<meta property=\"og:locale\" content=\"de_DE\" \/>\n<meta property=\"og:type\" content=\"article\" \/>\n<meta property=\"og:title\" content=\"Bewerbungsvorlage Elektriker\/in | careeasy - Dein Karrieremagazin\" \/>\n<meta property=\"og:description\" content=\"Bewerbungsvorlage Elektriker - Copyright: AndreyPopov Bei stellenanzeigen.de hast du die M\u00f6glichkeit, eine Musterbewerbung schnell und noch dazu kostenlos\" \/>\n<meta property=\"og:url\" content=\"https:\/\/www.stellenanzeigen.de\/careeasy\/bewerbung\/bewerbungsvorlage-elektriker-in\/\" \/>\n<meta property=\"og:site_name\" content=\"careeasy - Dein Karrieremagazin\" \/>\n<meta property=\"article:publisher\" content=\"https:\/\/www.facebook.com\/stellenanzeigen.de\/\" \/>\n<meta property=\"article:modified_time\" content=\"2022-11-22T14:22:55+00:00\" \/>\n<meta property=\"og:image\" content=\"https:\/\/www.stellenanzeigen.de\/careeasy\/wp-content\/uploads\/2020\/05\/iStock-1094164588.jpg\" \/>\n<meta name=\"twitter:label1\" content=\"Gesch\u00e4tzte Lesezeit\" \/>\n\t<meta name=\"twitter:data1\" content=\"3\u00a0Minuten\" \/>\n<script type=\"application\/ld+json\" class=\"yoast-schema-graph\">{\"@context\":\"https:\\\/\\\/schema.org\",\"@graph\":[{\"@type\":\"WebPage\",\"@id\":\"https:\\\/\\\/www.stellenanzeigen.de\\\/careeasy\\\/bewerbung\\\/bewerbungsvorlage-elektriker-in\\\/\",\"url\":\"https:\\\/\\\/www.stellenanzeigen.de\\\/careeasy\\\/bewerbung\\\/bewerbungsvorlage-elektriker-in\\\/\",\"name\":\"Bewerbungsvorlage Elektriker\\\/in | careeasy - Dein Karrieremagazin\",\"isPartOf\":{\"@id\":\"https:\\\/\\\/www.stellenanzeigen.de\\\/careeasy\\\/#website\"},\"primaryImageOfPage\":{\"@id\":\"https:\\\/\\\/www.stellenanzeigen.de\\\/careeasy\\\/bewerbung\\\/bewerbungsvorlage-elektriker-in\\\/#primaryimage\"},\"image\":{\"@id\":\"https:\\\/\\\/www.stellenanzeigen.de\\\/careeasy\\\/bewerbung\\\/bewerbungsvorlage-elektriker-in\\\/#primaryimage\"},\"thumbnailUrl\":\"https:\\\/\\\/www.stellenanzeigen.de\\\/careeasy\\\/wp-content\\\/uploads\\\/2020\\\/05\\\/iStock-1094164588.jpg\",\"datePublished\":\"2020-05-19T11:26:38+00:00\",\"dateModified\":\"2022-11-22T14:22:55+00:00\",\"description\":\"Bewerbungsvorlage Elektriker - Copyright: AndreyPopov Bei stellenanzeigen.de hast du die M\u00f6glichkeit, eine Musterbewerbung schnell und noch dazu kostenlos\",\"breadcrumb\":{\"@id\":\"https:\\\/\\\/www.stellenanzeigen.de\\\/careeasy\\\/bewerbung\\\/bewerbungsvorlage-elektriker-in\\\/#breadcrumb\"},\"inLanguage\":\"de\",\"potentialAction\":[{\"@type\":\"ReadAction\",\"target\":[\"https:\\\/\\\/www.stellenanzeigen.de\\\/careeasy\\\/bewerbung\\\/bewerbungsvorlage-elektriker-in\\\/\"]}]},{\"@type\":\"ImageObject\",\"inLanguage\":\"de\",\"@id\":\"https:\\\/\\\/www.stellenanzeigen.de\\\/careeasy\\\/bewerbung\\\/bewerbungsvorlage-elektriker-in\\\/#primaryimage\",\"url\":\"https:\\\/\\\/www.stellenanzeigen.de\\\/careeasy\\\/wp-content\\\/uploads\\\/2020\\\/05\\\/iStock-1094164588.jpg\",\"contentUrl\":\"https:\\\/\\\/www.stellenanzeigen.de\\\/careeasy\\\/wp-content\\\/uploads\\\/2020\\\/05\\\/iStock-1094164588.jpg\",\"width\":1254,\"height\":836,\"caption\":\"Bewerbungsvorlage Elektriker\\\/in - Copyright: AndreyPopov\"},{\"@type\":\"BreadcrumbList\",\"@id\":\"https:\\\/\\\/www.stellenanzeigen.de\\\/careeasy\\\/bewerbung\\\/bewerbungsvorlage-elektriker-in\\\/#breadcrumb\",\"itemListElement\":[{\"@type\":\"ListItem\",\"position\":1,\"name\":\"Careeasy\",\"item\":\"https:\\\/\\\/www.stellenanzeigen.de\\\/careeasy\\\/\"},{\"@type\":\"ListItem\",\"position\":2,\"name\":\"Bewerbungsvorlagen &#038; Bewerbungsmuster\",\"item\":\"https:\\\/\\\/www.stellenanzeigen.de\\\/careeasy\\\/bewerbung\\\/\"},{\"@type\":\"ListItem\",\"position\":3,\"name\":\"Bewerbungsvorlage Elektriker\\\/in\"}]},{\"@type\":\"WebSite\",\"@id\":\"https:\\\/\\\/www.stellenanzeigen.de\\\/careeasy\\\/#website\",\"url\":\"https:\\\/\\\/www.stellenanzeigen.de\\\/careeasy\\\/\",\"name\":\"careeasy - Dein Karrieremagazin\",\"description\":\"\",\"publisher\":{\"@id\":\"https:\\\/\\\/www.stellenanzeigen.de\\\/careeasy\\\/#organization\"},\"potentialAction\":[{\"@type\":\"SearchAction\",\"target\":{\"@type\":\"EntryPoint\",\"urlTemplate\":\"https:\\\/\\\/www.stellenanzeigen.de\\\/careeasy\\\/?s={search_term_string}\"},\"query-input\":{\"@type\":\"PropertyValueSpecification\",\"valueRequired\":true,\"valueName\":\"search_term_string\"}}],\"inLanguage\":\"de\"},{\"@type\":\"Organization\",\"@id\":\"https:\\\/\\\/www.stellenanzeigen.de\\\/careeasy\\\/#organization\",\"name\":\"careeasy - Dein Karrieremagazin\",\"url\":\"https:\\\/\\\/www.stellenanzeigen.de\\\/careeasy\\\/\",\"logo\":{\"@type\":\"ImageObject\",\"inLanguage\":\"de\",\"@id\":\"https:\\\/\\\/www.stellenanzeigen.de\\\/careeasy\\\/#\\\/schema\\\/logo\\\/image\\\/\",\"url\":\"https:\\\/\\\/www.stellenanzeigen.de\\\/careeasy\\\/wp-content\\\/uploads\\\/2024\\\/03\\\/careeasy_logo.jpg\",\"contentUrl\":\"https:\\\/\\\/www.stellenanzeigen.de\\\/careeasy\\\/wp-content\\\/uploads\\\/2024\\\/03\\\/careeasy_logo.jpg\",\"width\":701,\"height\":223,\"caption\":\"careeasy - Dein Karrieremagazin\"},\"image\":{\"@id\":\"https:\\\/\\\/www.stellenanzeigen.de\\\/careeasy\\\/#\\\/schema\\\/logo\\\/image\\\/\"},\"sameAs\":[\"https:\\\/\\\/www.facebook.com\\\/stellenanzeigen.de\\\/\"]}]}<\/script>\n<!-- \/ Yoast SEO plugin. -->","yoast_head_json":{"title":"Bewerbungsvorlage Elektriker\/in | careeasy - Dein Karrieremagazin","description":"Bewerbungsvorlage Elektriker - Copyright: AndreyPopov Bei stellenanzeigen.de hast du die M\u00f6glichkeit, eine Musterbewerbung schnell und noch dazu kostenlos","robots":{"index":"index","follow":"follow","max-snippet":"max-snippet:-1","max-image-preview":"max-image-preview:large","max-video-preview":"max-video-preview:-1"},"canonical":"https:\/\/www.stellenanzeigen.de\/careeasy\/bewerbung\/bewerbungsvorlage-elektriker-in\/","og_locale":"de_DE","og_type":"article","og_title":"Bewerbungsvorlage Elektriker\/in | careeasy - Dein Karrieremagazin","og_description":"Bewerbungsvorlage Elektriker - Copyright: AndreyPopov Bei stellenanzeigen.de hast du die M\u00f6glichkeit, eine Musterbewerbung schnell und noch dazu kostenlos","og_url":"https:\/\/www.stellenanzeigen.de\/careeasy\/bewerbung\/bewerbungsvorlage-elektriker-in\/","og_site_name":"careeasy - Dein Karrieremagazin","article_publisher":"https:\/\/www.facebook.com\/stellenanzeigen.de\/","article_modified_time":"2022-11-22T14:22:55+00:00","og_image":[{"url":"https:\/\/www.stellenanzeigen.de\/careeasy\/wp-content\/uploads\/2020\/05\/iStock-1094164588.jpg","type":"","width":"","height":""}],"twitter_misc":{"Gesch\u00e4tzte Lesezeit":"3\u00a0Minuten"},"schema":{"@context":"https:\/\/schema.org","@graph":[{"@type":"WebPage","@id":"https:\/\/www.stellenanzeigen.de\/careeasy\/bewerbung\/bewerbungsvorlage-elektriker-in\/","url":"https:\/\/www.stellenanzeigen.de\/careeasy\/bewerbung\/bewerbungsvorlage-elektriker-in\/","name":"Bewerbungsvorlage Elektriker\/in | careeasy - Dein Karrieremagazin","isPartOf":{"@id":"https:\/\/www.stellenanzeigen.de\/careeasy\/#website"},"primaryImageOfPage":{"@id":"https:\/\/www.stellenanzeigen.de\/careeasy\/bewerbung\/bewerbungsvorlage-elektriker-in\/#primaryimage"},"image":{"@id":"https:\/\/www.stellenanzeigen.de\/careeasy\/bewerbung\/bewerbungsvorlage-elektriker-in\/#primaryimage"},"thumbnailUrl":"https:\/\/www.stellenanzeigen.de\/careeasy\/wp-content\/uploads\/2020\/05\/iStock-1094164588.jpg","datePublished":"2020-05-19T11:26:38+00:00","dateModified":"2022-11-22T14:22:55+00:00","description":"Bewerbungsvorlage Elektriker - Copyright: AndreyPopov Bei stellenanzeigen.de hast du die M\u00f6glichkeit, eine Musterbewerbung schnell und noch dazu kostenlos","breadcrumb":{"@id":"https:\/\/www.stellenanzeigen.de\/careeasy\/bewerbung\/bewerbungsvorlage-elektriker-in\/#breadcrumb"},"inLanguage":"de","potentialAction":[{"@type":"ReadAction","target":["https:\/\/www.stellenanzeigen.de\/careeasy\/bewerbung\/bewerbungsvorlage-elektriker-in\/"]}]},{"@type":"ImageObject","inLanguage":"de","@id":"https:\/\/www.stellenanzeigen.de\/careeasy\/bewerbung\/bewerbungsvorlage-elektriker-in\/#primaryimage","url":"https:\/\/www.stellenanzeigen.de\/careeasy\/wp-content\/uploads\/2020\/05\/iStock-1094164588.jpg","contentUrl":"https:\/\/www.stellenanzeigen.de\/careeasy\/wp-content\/uploads\/2020\/05\/iStock-1094164588.jpg","width":1254,"height":836,"caption":"Bewerbungsvorlage Elektriker\/in - Copyright: AndreyPopov"},{"@type":"BreadcrumbList","@id":"https:\/\/www.stellenanzeigen.de\/careeasy\/bewerbung\/bewerbungsvorlage-elektriker-in\/#breadcrumb","itemListElement":[{"@type":"ListItem","position":1,"name":"Careeasy","item":"https:\/\/www.stellenanzeigen.de\/careeasy\/"},{"@type":"ListItem","position":2,"name":"Bewerbungsvorlagen &#038; Bewerbungsmuster","item":"https:\/\/www.stellenanzeigen.de\/careeasy\/bewerbung\/"},{"@type":"ListItem","position":3,"name":"Bewerbungsvorlage Elektriker\/in"}]},{"@type":"WebSite","@id":"https:\/\/www.stellenanzeigen.de\/careeasy\/#website","url":"https:\/\/www.stellenanzeigen.de\/careeasy\/","name":"careeasy - Dein Karrieremagazin","description":"","publisher":{"@id":"https:\/\/www.stellenanzeigen.de\/careeasy\/#organization"},"potentialAction":[{"@type":"SearchAction","target":{"@type":"EntryPoint","urlTemplate":"https:\/\/www.stellenanzeigen.de\/careeasy\/?s={search_term_string}"},"query-input":{"@type":"PropertyValueSpecification","valueRequired":true,"valueName":"search_term_string"}}],"inLanguage":"de"},{"@type":"Organization","@id":"https:\/\/www.stellenanzeigen.de\/careeasy\/#organization","name":"careeasy - Dein Karrieremagazin","url":"https:\/\/www.stellenanzeigen.de\/careeasy\/","logo":{"@type":"ImageObject","inLanguage":"de","@id":"https:\/\/www.stellenanzeigen.de\/careeasy\/#\/schema\/logo\/image\/","url":"https:\/\/www.stellenanzeigen.de\/careeasy\/wp-content\/uploads\/2024\/03\/careeasy_logo.jpg","contentUrl":"https:\/\/www.stellenanzeigen.de\/careeasy\/wp-content\/uploads\/2024\/03\/careeasy_logo.jpg","width":701,"height":223,"caption":"careeasy - Dein Karrieremagazin"},"image":{"@id":"https:\/\/www.stellenanzeigen.de\/careeasy\/#\/schema\/logo\/image\/"},"sameAs":["https:\/\/www.facebook.com\/stellenanzeigen.de\/"]}]}},"uagb_featured_image_src":{"full":false,"thumbnail":false,"medium":false,"medium_large":false,"large":false,"1536x1536":false,"2048x2048":false,"neomag-medium":false,"neomag-big":false,"neomag-large":false,"neomag-huge":false},"uagb_author_info":{"display_name":"Marina Pavel","author_link":"https:\/\/www.stellenanzeigen.de\/careeasy\/author\/marina\/"},"uagb_comment_info":0,"uagb_excerpt":"Bei stellenanzeigen.de hast du die M\u00f6glichkeit, eine Musterbewerbung schnell und noch dazu kostenlos herunterzuladen. Diese kannst du individuell anpassen und deine pers\u00f6nlichen Kontaktdaten und...","_links":{"self":[{"href":"https:\/\/www.stellenanzeigen.de\/careeasy\/wp-json\/wp\/v2\/pages\/85475","targetHints":{"allow":["GET"]}}],"collection":[{"href":"https:\/\/www.stellenanzeigen.de\/careeasy\/wp-json\/wp\/v2\/pages"}],"about":[{"href":"https:\/\/www.stellenanzeigen.de\/careeasy\/wp-json\/wp\/v2\/types\/page"}],"author":[{"embeddable":true,"href":"https:\/\/www.stellenanzeigen.de\/careeasy\/wp-json\/wp\/v2\/users\/106"}],"replies":[{"embeddable":true,"href":"https:\/\/www.stellenanzeigen.de\/careeasy\/wp-json\/wp\/v2\/comments?post=85475"}],"version-history":[{"count":12,"href":"https:\/\/www.stellenanzeigen.de\/careeasy\/wp-json\/wp\/v2\/pages\/85475\/revisions"}],"predecessor-version":[{"id":104124,"href":"https:\/\/www.stellenanzeigen.de\/careeasy\/wp-json\/wp\/v2\/pages\/85475\/revisions\/104124"}],"up":[{"embeddable":true,"href":"https:\/\/www.stellenanzeigen.de\/careeasy\/wp-json\/wp\/v2\/pages\/14008"}],"wp:attachment":[{"href":"https:\/\/www.stellenanzeigen.de\/careeasy\/wp-json\/wp\/v2\/media?parent=85475"}],"wp:term":[{"taxonomy":"category","embeddable":true,"href":"https:\/\/www.stellenanzeigen.de\/careeasy\/wp-json\/wp\/v2\/categories?post=85475"},{"taxonomy":"post_tag","embeddable":true,"href":"https:\/\/www.stellenanzeigen.de\/careeasy\/wp-json\/wp\/v2\/tags?post=85475"}],"curies":[{"name":"wp","href":"https:\/\/api.w.org\/{rel}","templated":true}]}}