{"id":85457,"date":"2020-05-19T10:59:55","date_gmt":"2020-05-19T10:59:55","guid":{"rendered":"https:\/\/www.stellenanzeigen.de\/careeasy\/?page_id=85457"},"modified":"2023-11-16T11:13:43","modified_gmt":"2023-11-16T10:13:43","slug":"bewerbungsvorlage-mechaniker-in","status":"publish","type":"page","link":"https:\/\/www.stellenanzeigen.de\/careeasy\/bewerbung\/bewerbungsvorlage-mechaniker-in\/","title":{"rendered":"Bewerbungsvorlage Mechaniker\/in"},"content":{"rendered":"\n<figure class=\"wp-block-image alignwide size-medium wp-image-85466\"><img decoding=\"async\" loading=\"lazy\" width=\"978\" height=\"653\" src=\"https:\/\/www.stellenanzeigen.de\/careeasy\/wp-content\/uploads\/2020\/05\/iStock-1169155411-978x653.jpg\" alt=\"Bewerbungsvorlage Altenpfleger\/in - Copyright: industryview\" class=\"wp-image-85466\" srcset=\"https:\/\/www.stellenanzeigen.de\/careeasy\/wp-content\/uploads\/2020\/05\/iStock-1169155411-978x652.jpg 978w, https:\/\/www.stellenanzeigen.de\/careeasy\/wp-content\/uploads\/2020\/05\/iStock-1169155411-768x513.jpg 768w, https:\/\/www.stellenanzeigen.de\/careeasy\/wp-content\/uploads\/2020\/05\/iStock-1169155411-272x182.jpg 272w, https:\/\/www.stellenanzeigen.de\/careeasy\/wp-content\/uploads\/2020\/05\/iStock-1169155411.jpg 1254w\" sizes=\"(max-width: 978px) 100vw, 978px\" \/><figcaption class=\"wp-element-caption\">Bewerbungsvorlage Altenpfleger\/in &#8211; Copyright: industryview<\/figcaption><\/figure>\n\n\n\n<div class=\"wp-block-columns alignwide pdf-teaser is-layout-flex wp-container-5\">\n<div class=\"wp-block-column pdf-thumbnail is-layout-flow\" style=\"flex-basis:35%\"><div class=\"wp-block-image\">\n<figure class=\"aligncenter size-large\"><img decoding=\"async\" loading=\"lazy\" width=\"300\" height=\"424\" src=\"https:\/\/www.stellenanzeigen.de\/careeasy\/wp-content\/uploads\/2020\/05\/Mechaniker-pdf-image.jpg\" alt=\"Bewerbungsvorlage Mechaniker\" class=\"wp-image-85959\"\/><\/figure><\/div>\n\n\n<p><\/p><div id=\"ez-toc-container\" class=\"ez-toc-v2_0_62 counter-hierarchy ez-toc-counter ez-toc-grey ez-toc-container-direction\">\n<div class=\"ez-toc-title-container\">\n<p class=\"ez-toc-title \" >Inhaltsverzeichnis<\/p>\n<span class=\"ez-toc-title-toggle\"><\/span><\/div>\n<nav><ul class='ez-toc-list ez-toc-list-level-1 ' ><li class='ez-toc-page-1 ez-toc-heading-level-2'><a class=\"ez-toc-link ez-toc-heading-1\" href=\"https:\/\/www.stellenanzeigen.de\/careeasy\/bewerbung\/bewerbungsvorlage-mechaniker-in\/#Bestandteile_der_Bewerbung_als_Mechanikerin\" title=\"Bestandteile der Bewerbung als Mechaniker\/in\">Bestandteile der Bewerbung als Mechaniker\/in<\/a><\/li><li class='ez-toc-page-1 ez-toc-heading-level-2'><a class=\"ez-toc-link ez-toc-heading-2\" href=\"https:\/\/www.stellenanzeigen.de\/careeasy\/bewerbung\/bewerbungsvorlage-mechaniker-in\/#Aktuelle_Stellenangebote_fuer_Mechaniker\" title=\"Aktuelle Stellenangebote f\u00fcr Mechaniker\">Aktuelle Stellenangebote f\u00fcr Mechaniker<\/a><\/li><li class='ez-toc-page-1 ez-toc-heading-level-2'><a class=\"ez-toc-link ez-toc-heading-3\" href=\"https:\/\/www.stellenanzeigen.de\/careeasy\/bewerbung\/bewerbungsvorlage-mechaniker-in\/#Die_perfekte_Vorbereitung_auf_dein_Vorstellungsgespraech\" title=\"Die perfekte Vorbereitung auf dein Vorstellungsgespr\u00e4ch\">Die perfekte Vorbereitung auf dein Vorstellungsgespr\u00e4ch<\/a><\/li><li class='ez-toc-page-1 ez-toc-heading-level-2'><a class=\"ez-toc-link ez-toc-heading-4\" href=\"https:\/\/www.stellenanzeigen.de\/careeasy\/bewerbung\/bewerbungsvorlage-mechaniker-in\/#Fragen_und_Antwortmoeglichkeiten_fuer_dein_Vorstellungsgespraech\" title=\"Fragen und Antwortm\u00f6glichkeiten f\u00fcr dein Vorstellungsgespr\u00e4ch\">Fragen und Antwortm\u00f6glichkeiten f\u00fcr dein Vorstellungsgespr\u00e4ch<\/a><\/li><\/ul><\/nav><\/div>\n\n<\/div>\n\n\n\n<div class=\"wp-block-column teaser-box is-layout-flow\" style=\"flex-basis:65%\">\n<p>Bei stellenanzeigen.de findest du eine kostenlose Bewerbungsvorlage f\u00fcr deine Bewerbung als Mechaniker. Diese kannst du gemeinsam mit deinen Zeugnissen und Referenzen an deinen Wunsch-Arbeitgeber versenden. <strong>Erg\u00e4nze hierzu einfach deine pers\u00f6nlichen Daten und Kontakte, <\/strong>sodass das Unternehmen, bei dem du dich bewirbst, einen ersten Eindruck gewinnt und dich zu einem pers\u00f6nlichen Gespr\u00e4ch kontaktieren und einladen kann.<\/p>\n\n\n\n<div class=\"wp-block-buttons is-layout-flex\">\n<div class=\"wp-block-button\"><a class=\"wp-block-button__link has-background wp-element-button\" href=\"https:\/\/www.stellenanzeigen.de\/careeasy\/bewerbung\/bewerbungsvorlage-mechaniker-in\/#pdf-download\" style=\"background-color:#2b85b9\">Vorlage Anfordern<\/a><\/div>\n<\/div>\n<\/div>\n<\/div>\n\n\n<div class=\"mceTemp\">&nbsp;<\/div>\n<h2><span class=\"ez-toc-section\" id=\"Bestandteile_der_Bewerbung_als_Mechanikerin\"><\/span><strong>Bestandteile der Bewerbung als Mechaniker\/in<\/strong><span class=\"ez-toc-section-end\"><\/span><\/h2>\n<p>Wenn du dich als Mechaniker bewirbst, solltest du auf vollst\u00e4ndige und sorgf\u00e4ltig erstellte Bewerbungsunterlagen achten. Zu einer klassischen Bewerbung geh\u00f6ren ein Anschreiben, aus dem deine pers\u00f6nliche Motivation hervorgeht. Au\u00dferdem sollten deine bisherigen Zeugnisse und Referenzen nicht fehlen. Aus dem Anschreiben sollte deine Motivation hervorgehen, warum du genau der richtige Kandidat f\u00fcr diese Stelle bist. Au\u00dferdem solltest du hier herausstellen, welche Erfahrungen du bereits mitbringst. <strong>Beschreibe vor allem einzelne Projekte oder besondere L\u00f6sungen, die du technisch gemeistert hast.<\/strong> Diese k\u00f6nnen aus dem Beruf oder aus einem Hobby entstanden sein.<\/p>\n<p>Achte darauf, dass dein <a class=\"wpil_keyword_link\" href=\"https:\/\/www.stellenanzeigen.de\/careeasy\/lebenslauf-vorlagen-sde106864\/\" title=\"Lebenslauf\" data-wpil-keyword-link=\"linked\">Lebenslauf<\/a> auf dem aktuellen Stand ist und \u00fcbersichtlich deine bisherigen Karrierestufen aufweist. Hier findest du auch den Platz, etwas \u00fcber deine Hobbies preiszugeben. Personalern hilft dies, dich als Mensch einzusch\u00e4tzen und es gibt der Bewerbung einen positiven Touch. Die Zeugnisse und Referenzen sollten ebenfalls beigef\u00fcgt werden. <strong>Au\u00dferdem d\u00fcrfen deine Zeugnisse und Zertifikate nicht fehlen.<\/strong><\/p>\n<h2><span class=\"ez-toc-section\" id=\"Aktuelle_Stellenangebote_fuer_Mechaniker\"><\/span><a href=\"https:\/\/www.stellenanzeigen.de\/jobs\/mechaniker-in\/\" target=\"_blank\" rel=\"noopener noreferrer\">Aktuelle Stellenangebote f\u00fcr Mechaniker<\/a><span class=\"ez-toc-section-end\"><\/span><\/h2>\n<hr>\n<div id=\"suchwidgetErgebnisliste\">&nbsp;<\/div>\n<div id=\"StellenanzeigenSuchwidget\" tabindex=\"-1\">&nbsp;<\/div>\n<p><script><br \/>\n  var config = {<br \/>\n    apiKey : 'FBEB08FBC7BB75349E26C51C530F79BF',<br \/>\n    resultsPerPage : 3,<br \/>\n    searchRadius : 60,<br \/>\n    fulltext : 'mechaniker',<br \/>\n    city : null,<br \/>\n    category : null,<br \/>\n    subCategories : null<br \/>\n  };<br \/>\n<\/script><script type=\"text\/javascript\" src=\"https:\/\/app.stellenanzeigen.de\/widget\/init.js\"><\/script><\/p>\n<hr>\n<p>Aus deiner Bewerbung sollten so viele Informationen wie m\u00f6glich \u00fcber deine Person, deine Kompetenzen und deine Motivation, warum du diesen Beruf aus\u00fcben m\u00f6chtest, hervorgehen. <strong>Nur so zeigst du, dass du in das Team und zu dem ausschreibenden Unternehmen passt und alle erforderlichen F\u00e4higkeiten mitbringst.<\/strong> Achte darauf, dass dein Anschreiben nicht l\u00e4nger als eine Din-A 4 Seite lang ist und die restlichen Unterlagen ebenfalls sauber kopiert und in einer logischen und chronologischen Reihenfolge beiliegen.<\/p>\n<p><strong>Bevor du deine Bewerbung versendest, solltest du unbedingt auf Rechtschreib- und Grammatikfehler schauen<\/strong> \u2013 diese sorgen schnell daf\u00fcr, dass die Personaler den Eindruck bekommen, du h\u00e4ttest dir nicht die ausreichende M\u00fche beim Verfassen deiner Bewerbung gegeben.<\/p>\n<h2><span class=\"ez-toc-section\" id=\"Die_perfekte_Vorbereitung_auf_dein_Vorstellungsgespraech\"><\/span><strong>Die perfekte Vorbereitung auf dein Vorstellungsgespr\u00e4ch<\/strong><span class=\"ez-toc-section-end\"><\/span><\/h2>\n<p>Im Vorstellungsgespr\u00e4ch solltest du \u00fcberzeugend wirken. Dies gelingt am besten, wenn du die Stellenanzeige sehr gut kennst und erkl\u00e4ren kannst, warum du dich und deine Pers\u00f6nlichkeit hierin wiederfindest. <strong>Erkl\u00e4re, welche Erfahrung du f\u00fcr die verschiedenen Aufgaben mitbringst und in welchen Projekten und Aufgaben du schon mitgearbeitet hast.<\/strong> Au\u00dferdem fragen Personaler gerne nach den gr\u00f6\u00dften Herausforderungen und Erfolgen \u2013 \u00fcberlege dir auch hierzu einige Beispiele aus deiner Berufspraxis. Vielleicht gibt es von dir technische L\u00f6sungen oder gro\u00dfe Projekterfolge, auf die du dich im Gespr\u00e4ch beziehen kannst? Auch eine Arbeitsprobe ist eine gute M\u00f6glichkeit, die Personaler von sich zu \u00fcberzeugen.<\/p>\n<h2><span class=\"ez-toc-section\" id=\"Fragen_und_Antwortmoeglichkeiten_fuer_dein_Vorstellungsgespraech\"><\/span><strong>Fragen und Antwortm\u00f6glichkeiten f\u00fcr dein Vorstellungsgespr\u00e4ch<\/strong><span class=\"ez-toc-section-end\"><\/span><\/h2>\n<p>Die Gespr\u00e4chspartner werden sich anhand deiner Bewerbungsunterlagen auf das Gespr\u00e4ch vorbereiten. Sicherlich werden dir Fragen zu deinem Lebenslauf und deiner Motivation f\u00fcr die Ausbildung als Mechaniker gestellt. <strong>Hierzu solltest du dir vorab einige Antworten \u00fcberlegen.<\/strong><\/p>\n<p>Sicherlich wird auch ein Vertreter der Fachabteilung anwesend sein und dir konkrete Fragen zu technischen Herausforderungen stellen. Es empfiehlt sich, vorher zu pr\u00fcfen, welche Ger\u00e4tetypen in der Werkstatt gewartet werden, <strong>um auch hier neueste Technologie zu kennen und als Spezialist zu \u00fcberzeugen.<\/strong> Abgerundet werden Vorstellungsgespr\u00e4che mit pers\u00f6nlichen Fragen zu deiner Zukunft und deinen Gehaltsvorstellungen. Hier solltest du freundlich sachlich antworten und vorher bereits in Vergleichsportalen schauen, ob du konkrete Informationen zur Gehaltsstruktur finden kannst.<\/p>\n<p>Wenn dir eine Frage gestellt wird, auf die du keine passende Antwort hast, bleibe gelassen und stelle R\u00fcckfragen. Dies ist besser und zeigt, dass du dich r\u00fcckversicherst und wird die Personaler nochmals mehr von deiner Person \u00fcberzeugen.<\/p>\n\n\n<div class=\"wp-block-group alignwide is-layout-flow\" id=\"pdf-download\"><div class=\"wp-block-group__inner-container\">\n<div class=\"wp-block-columns pdf-download is-layout-flex wp-container-8\">\n<div class=\"wp-block-column pdf-thumbnail is-layout-flow\" style=\"flex-basis:35%\">\n<figure class=\"wp-block-image size-full\"><img decoding=\"async\" loading=\"lazy\" width=\"1040\" height=\"1471\" src=\"https:\/\/www.stellenanzeigen.de\/careeasy\/wp-content\/uploads\/2023\/11\/Mechaniker-scaled-1-2-1-2.jpg\" alt=\"\" class=\"wp-image-115073\" srcset=\"https:\/\/www.stellenanzeigen.de\/careeasy\/wp-content\/uploads\/2023\/11\/Mechaniker-scaled-1-2-1-2.jpg 1040w, https:\/\/www.stellenanzeigen.de\/careeasy\/wp-content\/uploads\/2023\/11\/Mechaniker-scaled-1-2-1-2-978x1383.jpg 978w, https:\/\/www.stellenanzeigen.de\/careeasy\/wp-content\/uploads\/2023\/11\/Mechaniker-scaled-1-2-1-2-768x1086.jpg 768w\" sizes=\"(max-width: 1040px) 100vw, 1040px\" \/><figcaption class=\"wp-element-caption\">Mechaniker-Bewerbungsvorlage<\/figcaption><\/figure>\n<\/div>\n\n\n\n<div class=\"wp-block-column subscribe-box is-layout-flow\" style=\"flex-basis:65%\">\n\t\t\t\n\t\t\t<form id=\"sib_signup_form_40\" method=\"post\" class=\"sib_signup_form\">\n\t\t\t\t<div class=\"sib_loader\" style=\"display:none;\"><img\n\t\t\t\t\t\t\tsrc=\"https:\/\/www.stellenanzeigen.de\/careeasy\/wp-includes\/images\/spinner.gif\" alt=\"loader\"><\/div>\n\t\t\t\t<input type=\"hidden\" name=\"sib_form_action\" value=\"subscribe_form_submit\">\n\t\t\t\t<input type=\"hidden\" name=\"sib_form_id\" value=\"40\">\n                <input type=\"hidden\" name=\"sib_form_alert_notice\" value=\"Bitte f\u00fclle das Feld aus\">\n                <input type=\"hidden\" name=\"sib_form_invalid_email_notice\" value=\"Deine E-Mail Adresse ist ung\u00fcltig\">\n                <input type=\"hidden\" name=\"sib_security\" value=\"d2eea5baae\">\n\t\t\t\t<div class=\"sib_signup_box_inside_40\">\n\t\t\t\t\t<div style=\"\/*display:none*\/\" class=\"sib_msg_disp\">\n\t\t\t\t\t<\/div>\n                    \t\t\t\t\t<p style=\"font-size:21px;text-align:left;font-family: 'Helvetica',sans-serif;color:#2b85b9;background-color:transparent\"><strong>Jetzt Bewerbungsvorlage als Mechaniker\/in anfordern und f\u00fcr den Newsletter anmelden<\/strong><\/p>\r\n<p class=\"sib-email-area\">\r\n    <label>E-Mail-Adresse <span style=\"color: red\">*<\/span><\/label>\r\n    <input type=\"email\" class=\"sib-email-area\" name=\"email\" required=\"required\" placeholder=\"E-Mail-Adresse\">\r\n<\/p>\r\n<p class=\"sib-terms\"><input type=\"checkbox\" name=\"terms\" required=\"required\"><label>Ich bin damit einverstanden, dass meine E-Mailadresse f\u00fcr Werbezwecke per Newsletter genutzt wird und akzeptiere die <a href=\"https:\/\/www.stellenanzeigen.de\/arbeitgeber\/datenschutzerklaerung\/\">Datenschutzerkl\u00e4rung <span style=\"color: red\">*<\/span><\/a><\/label><\/p>\r\n<p style=\"font-size:12px;text-align:left;font-family: 'Helvetica',sans-serif;color:#8390A4\">Du kannst den Newsletter jederzeit \u00fcber den Abmeldelink in der Fu\u00dfzeile unserer E-Mails abbestellen.<\/p>\r\n<input type=\"submit\" class=\"sib-default-btn\" value=\"Bewerbungsvorlage anfordern\">\t\t\t\t<\/div>\n\t\t\t<\/form>\n\t\t\t<style>\n\t\t\t\tform#sib_signup_form_40 p.sib-alert-message {\n    padding: 6px 12px;\n    margin-bottom: 20px;\n    border: 1px solid transparent;\n    border-radius: 4px;\n    -webkit-box-sizing: border-box;\n    -moz-box-sizing: border-box;\n    box-sizing: border-box;\n}\nform#sib_signup_form_40 p.sib-alert-message-error {\n    background-color: #f2dede;\n    border-color: #ebccd1;\n    color: #a94442;\n}\nform#sib_signup_form_40 p.sib-alert-message-success {\n    background-color: #dff0d8;\n    border-color: #d6e9c6;\n    color: #3c763d;\n}\nform#sib_signup_form_40 p.sib-alert-message-warning {\n    background-color: #fcf8e3;\n    border-color: #faebcc;\n    color: #8a6d3b;\n}\n\t\t\t<\/style>\n\t\t\t\n<\/div>\n<\/div>\n<\/div><\/div>\n","protected":false},"excerpt":{"rendered":"<p>Bei stellenanzeigen.de findest du eine kostenlose Bewerbungsvorlage f\u00fcr deine Bewerbung als Mechaniker. Diese kannst du gemeinsam mit deinen Zeugnissen und Referenzen an deinen Wunsch-Arbeitgeber&#8230;<\/p>\n","protected":false},"author":106,"featured_media":0,"parent":14008,"menu_order":0,"comment_status":"closed","ping_status":"closed","template":"","meta":{"_uag_custom_page_level_css":""},"categories":[],"tags":[],"yoast_head":"<!-- This site is optimized with the Yoast SEO plugin v20.7 - https:\/\/yoast.com\/wordpress\/plugins\/seo\/ -->\n<title>Bewerbungsvorlage Mechaniker\/in | careeasy - Dein Karrieremagazin<\/title>\n<meta name=\"description\" content=\"Bewerbungsvorlage Altenpfleger\/in - Copyright: industryview Bei stellenanzeigen.de findest du eine kostenlose Bewerbungsvorlage f\u00fcr deine Bewerbung als\" \/>\n<meta name=\"robots\" content=\"index, follow, max-snippet:-1, max-image-preview:large, max-video-preview:-1\" \/>\n<link rel=\"canonical\" href=\"https:\/\/www.stellenanzeigen.de\/careeasy\/bewerbung\/bewerbungsvorlage-mechaniker-in\/\" \/>\n<meta property=\"og:locale\" content=\"de_DE\" \/>\n<meta property=\"og:type\" content=\"article\" \/>\n<meta property=\"og:title\" content=\"Bewerbungsvorlage Mechaniker\/in | careeasy - Dein Karrieremagazin\" \/>\n<meta property=\"og:description\" content=\"Bewerbungsvorlage Altenpfleger\/in - Copyright: industryview Bei stellenanzeigen.de findest du eine kostenlose Bewerbungsvorlage f\u00fcr deine Bewerbung als\" \/>\n<meta property=\"og:url\" content=\"https:\/\/www.stellenanzeigen.de\/careeasy\/bewerbung\/bewerbungsvorlage-mechaniker-in\/\" \/>\n<meta property=\"og:site_name\" content=\"careeasy - Dein Karrieremagazin\" \/>\n<meta property=\"article:publisher\" content=\"https:\/\/www.facebook.com\/stellenanzeigen.de\/\" \/>\n<meta property=\"article:modified_time\" content=\"2023-11-16T10:13:43+00:00\" \/>\n<meta property=\"og:image\" content=\"https:\/\/www.stellenanzeigen.de\/careeasy\/wp-content\/uploads\/2020\/05\/iStock-1169155411-978x653.jpg\" \/>\n<meta name=\"twitter:label1\" content=\"Gesch\u00e4tzte Lesezeit\" \/>\n\t<meta name=\"twitter:data1\" content=\"4 Minuten\" \/>\n<script type=\"application\/ld+json\" class=\"yoast-schema-graph\">{\"@context\":\"https:\/\/schema.org\",\"@graph\":[{\"@type\":\"WebPage\",\"@id\":\"https:\/\/www.stellenanzeigen.de\/careeasy\/bewerbung\/bewerbungsvorlage-mechaniker-in\/\",\"url\":\"https:\/\/www.stellenanzeigen.de\/careeasy\/bewerbung\/bewerbungsvorlage-mechaniker-in\/\",\"name\":\"Bewerbungsvorlage Mechaniker\/in | careeasy - Dein Karrieremagazin\",\"isPartOf\":{\"@id\":\"https:\/\/10.12.43.199\/careeasy\/#website\"},\"datePublished\":\"2020-05-19T10:59:55+00:00\",\"dateModified\":\"2023-11-16T10:13:43+00:00\",\"description\":\"Bewerbungsvorlage Altenpfleger\/in - Copyright: industryview Bei stellenanzeigen.de findest du eine kostenlose Bewerbungsvorlage f\u00fcr deine Bewerbung als\",\"breadcrumb\":{\"@id\":\"https:\/\/www.stellenanzeigen.de\/careeasy\/bewerbung\/bewerbungsvorlage-mechaniker-in\/#breadcrumb\"},\"inLanguage\":\"de-DE\",\"potentialAction\":[{\"@type\":\"ReadAction\",\"target\":[\"https:\/\/www.stellenanzeigen.de\/careeasy\/bewerbung\/bewerbungsvorlage-mechaniker-in\/\"]}]},{\"@type\":\"BreadcrumbList\",\"@id\":\"https:\/\/www.stellenanzeigen.de\/careeasy\/bewerbung\/bewerbungsvorlage-mechaniker-in\/#breadcrumb\",\"itemListElement\":[{\"@type\":\"ListItem\",\"position\":1,\"name\":\"Careeasy\",\"item\":\"https:\/\/10.12.43.199\/careeasy\/\"},{\"@type\":\"ListItem\",\"position\":2,\"name\":\"Bewerbungsvorlagen &#038; Bewerbungsmuster\",\"item\":\"https:\/\/www.stellenanzeigen.de\/careeasy\/bewerbung\/\"},{\"@type\":\"ListItem\",\"position\":3,\"name\":\"Bewerbungsvorlage Mechaniker\/in\"}]},{\"@type\":\"WebSite\",\"@id\":\"https:\/\/10.12.43.199\/careeasy\/#website\",\"url\":\"https:\/\/10.12.43.199\/careeasy\/\",\"name\":\"careeasy - Dein Karrieremagazin\",\"description\":\"\",\"publisher\":{\"@id\":\"https:\/\/10.12.43.199\/careeasy\/#organization\"},\"potentialAction\":[{\"@type\":\"SearchAction\",\"target\":{\"@type\":\"EntryPoint\",\"urlTemplate\":\"https:\/\/10.12.43.199\/careeasy\/?s={search_term_string}\"},\"query-input\":\"required name=search_term_string\"}],\"inLanguage\":\"de-DE\"},{\"@type\":\"Organization\",\"@id\":\"https:\/\/10.12.43.199\/careeasy\/#organization\",\"name\":\"careeasy - Dein Karrieremagazin\",\"url\":\"https:\/\/10.12.43.199\/careeasy\/\",\"logo\":{\"@type\":\"ImageObject\",\"inLanguage\":\"de-DE\",\"@id\":\"https:\/\/10.12.43.199\/careeasy\/#\/schema\/logo\/image\/\",\"url\":\"https:\/\/www.stellenanzeigen.de\/careeasy\/wp-content\/uploads\/2024\/03\/careeasy_logo.jpg\",\"contentUrl\":\"https:\/\/www.stellenanzeigen.de\/careeasy\/wp-content\/uploads\/2024\/03\/careeasy_logo.jpg\",\"width\":701,\"height\":223,\"caption\":\"careeasy - Dein Karrieremagazin\"},\"image\":{\"@id\":\"https:\/\/10.12.43.199\/careeasy\/#\/schema\/logo\/image\/\"},\"sameAs\":[\"https:\/\/www.facebook.com\/stellenanzeigen.de\/\"]}]}<\/script>\n<!-- \/ Yoast SEO plugin. -->","yoast_head_json":{"title":"Bewerbungsvorlage Mechaniker\/in | careeasy - Dein Karrieremagazin","description":"Bewerbungsvorlage Altenpfleger\/in - Copyright: industryview Bei stellenanzeigen.de findest du eine kostenlose Bewerbungsvorlage f\u00fcr deine Bewerbung als","robots":{"index":"index","follow":"follow","max-snippet":"max-snippet:-1","max-image-preview":"max-image-preview:large","max-video-preview":"max-video-preview:-1"},"canonical":"https:\/\/www.stellenanzeigen.de\/careeasy\/bewerbung\/bewerbungsvorlage-mechaniker-in\/","og_locale":"de_DE","og_type":"article","og_title":"Bewerbungsvorlage Mechaniker\/in | careeasy - Dein Karrieremagazin","og_description":"Bewerbungsvorlage Altenpfleger\/in - Copyright: industryview Bei stellenanzeigen.de findest du eine kostenlose Bewerbungsvorlage f\u00fcr deine Bewerbung als","og_url":"https:\/\/www.stellenanzeigen.de\/careeasy\/bewerbung\/bewerbungsvorlage-mechaniker-in\/","og_site_name":"careeasy - Dein Karrieremagazin","article_publisher":"https:\/\/www.facebook.com\/stellenanzeigen.de\/","article_modified_time":"2023-11-16T10:13:43+00:00","og_image":[{"url":"https:\/\/www.stellenanzeigen.de\/careeasy\/wp-content\/uploads\/2020\/05\/iStock-1169155411-978x653.jpg"}],"twitter_misc":{"Gesch\u00e4tzte Lesezeit":"4 Minuten"},"schema":{"@context":"https:\/\/schema.org","@graph":[{"@type":"WebPage","@id":"https:\/\/www.stellenanzeigen.de\/careeasy\/bewerbung\/bewerbungsvorlage-mechaniker-in\/","url":"https:\/\/www.stellenanzeigen.de\/careeasy\/bewerbung\/bewerbungsvorlage-mechaniker-in\/","name":"Bewerbungsvorlage Mechaniker\/in | careeasy - Dein Karrieremagazin","isPartOf":{"@id":"https:\/\/10.12.43.199\/careeasy\/#website"},"datePublished":"2020-05-19T10:59:55+00:00","dateModified":"2023-11-16T10:13:43+00:00","description":"Bewerbungsvorlage Altenpfleger\/in - Copyright: industryview Bei stellenanzeigen.de findest du eine kostenlose Bewerbungsvorlage f\u00fcr deine Bewerbung als","breadcrumb":{"@id":"https:\/\/www.stellenanzeigen.de\/careeasy\/bewerbung\/bewerbungsvorlage-mechaniker-in\/#breadcrumb"},"inLanguage":"de-DE","potentialAction":[{"@type":"ReadAction","target":["https:\/\/www.stellenanzeigen.de\/careeasy\/bewerbung\/bewerbungsvorlage-mechaniker-in\/"]}]},{"@type":"BreadcrumbList","@id":"https:\/\/www.stellenanzeigen.de\/careeasy\/bewerbung\/bewerbungsvorlage-mechaniker-in\/#breadcrumb","itemListElement":[{"@type":"ListItem","position":1,"name":"Careeasy","item":"https:\/\/10.12.43.199\/careeasy\/"},{"@type":"ListItem","position":2,"name":"Bewerbungsvorlagen &#038; Bewerbungsmuster","item":"https:\/\/www.stellenanzeigen.de\/careeasy\/bewerbung\/"},{"@type":"ListItem","position":3,"name":"Bewerbungsvorlage Mechaniker\/in"}]},{"@type":"WebSite","@id":"https:\/\/10.12.43.199\/careeasy\/#website","url":"https:\/\/10.12.43.199\/careeasy\/","name":"careeasy - Dein Karrieremagazin","description":"","publisher":{"@id":"https:\/\/10.12.43.199\/careeasy\/#organization"},"potentialAction":[{"@type":"SearchAction","target":{"@type":"EntryPoint","urlTemplate":"https:\/\/10.12.43.199\/careeasy\/?s={search_term_string}"},"query-input":"required name=search_term_string"}],"inLanguage":"de-DE"},{"@type":"Organization","@id":"https:\/\/10.12.43.199\/careeasy\/#organization","name":"careeasy - Dein Karrieremagazin","url":"https:\/\/10.12.43.199\/careeasy\/","logo":{"@type":"ImageObject","inLanguage":"de-DE","@id":"https:\/\/10.12.43.199\/careeasy\/#\/schema\/logo\/image\/","url":"https:\/\/www.stellenanzeigen.de\/careeasy\/wp-content\/uploads\/2024\/03\/careeasy_logo.jpg","contentUrl":"https:\/\/www.stellenanzeigen.de\/careeasy\/wp-content\/uploads\/2024\/03\/careeasy_logo.jpg","width":701,"height":223,"caption":"careeasy - Dein Karrieremagazin"},"image":{"@id":"https:\/\/10.12.43.199\/careeasy\/#\/schema\/logo\/image\/"},"sameAs":["https:\/\/www.facebook.com\/stellenanzeigen.de\/"]}]}},"uagb_featured_image_src":{"full":false,"thumbnail":false,"medium":false,"medium_large":false,"large":false,"1536x1536":false,"2048x2048":false,"neomag-medium":false,"neomag-big":false,"neomag-large":false,"neomag-huge":false},"uagb_author_info":{"display_name":"Marina Pavel","author_link":"https:\/\/www.stellenanzeigen.de\/careeasy\/author\/marina\/"},"uagb_comment_info":0,"uagb_excerpt":"Bei stellenanzeigen.de findest du eine kostenlose Bewerbungsvorlage f\u00fcr deine Bewerbung als Mechaniker. Diese kannst du gemeinsam mit deinen Zeugnissen und Referenzen an deinen Wunsch-Arbeitgeber...","_links":{"self":[{"href":"https:\/\/www.stellenanzeigen.de\/careeasy\/wp-json\/wp\/v2\/pages\/85457"}],"collection":[{"href":"https:\/\/www.stellenanzeigen.de\/careeasy\/wp-json\/wp\/v2\/pages"}],"about":[{"href":"https:\/\/www.stellenanzeigen.de\/careeasy\/wp-json\/wp\/v2\/types\/page"}],"author":[{"embeddable":true,"href":"https:\/\/www.stellenanzeigen.de\/careeasy\/wp-json\/wp\/v2\/users\/106"}],"replies":[{"embeddable":true,"href":"https:\/\/www.stellenanzeigen.de\/careeasy\/wp-json\/wp\/v2\/comments?post=85457"}],"version-history":[{"count":18,"href":"https:\/\/www.stellenanzeigen.de\/careeasy\/wp-json\/wp\/v2\/pages\/85457\/revisions"}],"predecessor-version":[{"id":115074,"href":"https:\/\/www.stellenanzeigen.de\/careeasy\/wp-json\/wp\/v2\/pages\/85457\/revisions\/115074"}],"up":[{"embeddable":true,"href":"https:\/\/www.stellenanzeigen.de\/careeasy\/wp-json\/wp\/v2\/pages\/14008"}],"wp:attachment":[{"href":"https:\/\/www.stellenanzeigen.de\/careeasy\/wp-json\/wp\/v2\/media?parent=85457"}],"wp:term":[{"taxonomy":"category","embeddable":true,"href":"https:\/\/www.stellenanzeigen.de\/careeasy\/wp-json\/wp\/v2\/categories?post=85457"},{"taxonomy":"post_tag","embeddable":true,"href":"https:\/\/www.stellenanzeigen.de\/careeasy\/wp-json\/wp\/v2\/tags?post=85457"}],"curies":[{"name":"wp","href":"https:\/\/api.w.org\/{rel}","templated":true}]}}