{"id":85414,"date":"2020-05-18T09:56:10","date_gmt":"2020-05-18T09:56:10","guid":{"rendered":"https:\/\/www.stellenanzeigen.de\/careeasy\/?page_id=85414"},"modified":"2023-10-06T13:08:53","modified_gmt":"2023-10-06T11:08:53","slug":"maschinenbauingenieur-in","status":"publish","type":"page","link":"https:\/\/www.stellenanzeigen.de\/careeasy\/bewerbung\/maschinenbauingenieur-in\/","title":{"rendered":"Bewerbungsvorlage Maschinenbauingenieur\/in"},"content":{"rendered":"\r\n<figure class=\"wp-block-image alignwide size-full wp-image-85415\"><img decoding=\"async\" loading=\"lazy\" width=\"724\" height=\"483\" class=\"wp-image-85415\" src=\"https:\/\/www.stellenanzeigen.de\/careeasy\/wp-content\/uploads\/2020\/05\/Bewerbung-Maschinenbauingenieur.jpg\" alt=\"Bewerbung Maschinenbau\" srcset=\"https:\/\/www.stellenanzeigen.de\/careeasy\/wp-content\/uploads\/2020\/05\/Bewerbung-Maschinenbauingenieur.jpg 724w, https:\/\/www.stellenanzeigen.de\/careeasy\/wp-content\/uploads\/2020\/05\/Bewerbung-Maschinenbauingenieur-272x182.jpg 272w\" sizes=\"(max-width: 724px) 100vw, 724px\" \/>\r\n<figcaption>Bewerbungsvorlage Maschinenbauingenieur\/in &#8211; Copyright: kzenon<\/figcaption>\r\n<\/figure>\r\n\r\n\r\n\r\n<p>Du hast jahrelang mit gro\u00dfem Engagement und Flei\u00df ein f\u00fcr dich wichtiges Ziel verfolgt. Du hast viel Zeit und Energie investiert, hast viel gelernt, hast zahlreiche Vorlesungen besucht. Jetzt h\u00e4ltst du deinen Bachelorabschluss im Bereich <a href=\"https:\/\/www.stellenanzeigen.de\/jobs\/maschinenbau\/\">Maschinenbau<\/a> in deiner Hand und blickst mit ein wenig Stolz auf eine harte Zeit mit einigen Entbehrungen zur\u00fcck. Doch die Entbehrungen empfindest du nicht als solche, hast du doch jetzt dein lang ersehntes Ziel erreicht und bist <a href=\"https:\/\/www.stellenanzeigen.de\/jobs\/maschinenbauingenieur-in\/\">Maschinenbauingenieur<\/a>.<\/p>\r\n\r\n\r\n\r\n<div class=\"wp-block-columns alignwide pdf-teaser is-layout-flex wp-container-5\">\r\n<div class=\"wp-block-column pdf-thumbnail is-layout-flow\" style=\"flex-basis: 35%;\">\r\n<div class=\"wp-block-image\">\r\n<figure class=\"aligncenter size-large\"><img decoding=\"async\" loading=\"lazy\" width=\"300\" height=\"424\" class=\"wp-image-85462\" src=\"https:\/\/www.stellenanzeigen.de\/careeasy\/wp-content\/uploads\/2020\/05\/Maschinenbauingenieur-pdf-image.jpg\" alt=\"Bewerbungsvorlage Maschinenbauingenieur\/in\" \/><\/figure>\r\n<\/div>\r\n\r\n\r\n\r\n<p>&nbsp;<\/p>\r\n<\/div>\r\n\r\n\r\n\r\n<div class=\"wp-block-column teaser-box is-layout-flow\" style=\"flex-basis: 65%;\">\r\n<p>Doch nun m\u00f6chtest du auch eine deiner Qualifikationen und deinen F\u00e4higkeiten angemessene Anstellung finden. Hierbei kann dir unser Internetportal &#8222;<a href=\"https:\/\/www.stellenanzeigen.de\/\">Stellenanzeigen.de<\/a>&#8220; eine wesentliche Hilfe sein. Du kannst hier kostenlos eine Bewerbungsvorlage herunterladen. Auf &#8222;Stellenanzeigen.de&#8220; findest du attraktive Stellenangebote von namhaften Unternehmen, welche h\u00e4nderingend nach qualifizierten Ingenieuren suchen.<\/p>\r\n\r\n\r\n\r\n<div class=\"wp-block-buttons is-layout-flex\">\r\n<div class=\"wp-block-button\"><a class=\"wp-block-button__link has-background no-border-radius\" style=\"background-color: #2b85b9;\" href=\"https:\/\/www.stellenanzeigen.de\/careeasy\/bewerbung\/maschinenbauingenieur-in\/#pdf-download\">Vorlage Anfordern<\/a><\/div>\r\n<\/div>\r\n<\/div>\r\n<\/div>\r\n\r\n<div class=\"mceTemp\">\u00a0<\/div>\r\n<p>&nbsp;<\/p>\r\n<h2><a href=\"https:\/\/www.stellenanzeigen.de\/jobs\/\" target=\"_blank\" rel=\"noopener noreferrer\">Aktuelle Jobangebote<\/a><\/h2>\r\n<hr \/>\r\n<div id=\"suchwidgetErgebnisliste\">\u00a0<\/div>\r\n<div id=\"StellenanzeigenSuchwidget\" tabindex=\"-1\">\u00a0<\/div>\r\n<p><script>\r\n  var config = {\r\n    apiKey : 'FBEB08FBC7BB75349E26C51C530F79BF',\r\n    resultsPerPage : 3,\r\n    searchRadius : 60,\r\n    fulltext : 'Maschinenbau',\r\n    city : null,\r\n    category : null,\r\n    subCategories : null\r\n  };\r\n<\/script><script type=\"text\/javascript\" src=\"https:\/\/app.stellenanzeigen.de\/widget\/init.js\"><\/script><\/p>\r\n<hr \/>\r\n<h3><strong>Bestandteile der Musterbewerbung Maschinenbauingenieur<\/strong><\/h3>\r\n<p>Deine <a href=\"https:\/\/www.stellenanzeigen.de\/careeasy\/bewerbung\/\">Bewerbung<\/a> als Maschinenbauingenieur umfasst:<\/p>\r\n<ul>\r\n<li>Anschreiben<\/li>\r\n<li>L\u00fcckenloser Lebenslauf<\/li>\r\n<li>Zeugnisse mit Referenzen<\/li>\r\n<\/ul>\r\n<p>Als optionale Variante kannst du zu deiner Bewerbung auch ein Deckblatt mit deinen Kontaktdaten hinzuf\u00fcgen. Keinen optionalen Charakter f\u00fcr deine Bewerbung haben die drei genannten Bestandteile Anschreiben, l\u00fcckenloser <a href=\"https:\/\/www.stellenanzeigen.de\/careeasy\/lebenslauf-vorlagen-sde106864\/\">Lebenslauf <\/a>und Zeugnisse mit Referenzen.<\/p>\r\n<h3>Anschreiben<\/h3>\r\n<p>In deinem Anschreiben m\u00fcssen drei wesentliche Punkte klar und deutlich zum Ausdruck kommen:<\/p>\r\n<ul>\r\n<li>Darstellung deiner Pers\u00f6nlichkeit<\/li>\r\n<li>Auskunft \u00fcber deine Fachkompetenz<\/li>\r\n<li>Deine Motivation zum Unternehmen<\/li>\r\n<\/ul>\r\n<p>Mit der Darstellung deiner Pers\u00f6nlichkeit kannst du zeigen, dass du im sozialen Bereich zum Unternehmen passt. Durch Bekundung von Interessen, Engagement und Soft Skills kannst du dem Personaler stichhaltig darlegen, dass du im Team arbeiten kannst und belastbar bist.<\/p>\r\n<p>Bei der Vermittlung deiner Fachkompetenz solltest du genau auf die Belange der ausgeschriebenen Stelle achten. Der Personaler soll zur \u00dcberzeugung kommen, dass von allen Bewerbern gerade du der geeignetste bist. Daher solltest du deine Fachkompetenz mittels deiner Abschlussarbeit, deiner praktischen Erfahrungen oder deiner Hobbys belegen.<\/p>\r\n<p>Eine wesentliche Rolle f\u00fcr jeden Personaler spielt die jeweilige Motivation eines Bewerbers. Daher musst du gut begr\u00fcnden k\u00f6nnen, warum du dich gerade bei diesem Unternehmen beworben hast. Hierbei spielen auch deine Beweggr\u00fcnde eine Rolle, warum du \u00fcberhaupt Maschinenbauingenieur geworden bist.<\/p>\r\n<h3>L\u00fcckenloser Lebenslauf<\/h3>\r\n<p>Viele Personaler sehen im Lebenslauf das aussagekr\u00e4ftigste Dokument eines Bewerbers, welches letztendlich dar\u00fcber entscheidet, ob der Bewerber \u00fcberhaupt zum Vorstellungsgespr\u00e4ch eingeladen wird. Der Lebenslauf enth\u00e4lt alle wichtigen Stationen eines Menschen im Laufe seines Lebens.<\/p>\r\n<h3>Zeugnisse und Referenzen<\/h3>\r\n<p>Wenn du deine erste Stelle nach deinem Studium antrittst, hast du noch keine Berufserfahrung vorzuweisen. Du hast dann praktisch nur dein Abschlusszeugnis und deinen Bachelor- oder Masterabschluss. Bei jedem weiteren Stellenwechsel jedoch geh\u00f6rt zu deinen Bewerbungsunterlagen, ein Zeugnis deines bisherigen Arbeitgebers.<\/p>\r\n<h3><strong>Vorbereitung auf das Vorstellungsgespr\u00e4ch<\/strong><\/h3>\r\n<p>Wenn du zum Vorstellungsgespr\u00e4ch eingeladen wirst, hast du eine ganz wichtige H\u00fcrde im Hinblick auf einen erfolgreichen Abschluss deiner Bewerbung geschafft. Deine Bewerbungsunterlagen sind dann so \u00fcberzeugend, dass du in die engere Wahl der m\u00f6glichen Kandidaten f\u00fcr die ausgeschriebene Stelle gekommen bist. Dein Erfolg h\u00e4ngt jetzt vom Verlauf dieses Vorstellungsgespr\u00e4ches ab, f\u00fcr das du m\u00f6glichst viele Informationen \u00fcber das Unternehmen sammeln solltest. Diese Informationen kannst du gezielt nutzen, um deine Motivation zu unterstreichen. Das Internet ist hier eine wichtige Informationsquelle. Sofern es m\u00f6glich ist, versuche auch Informationen \u00fcber deinen Gespr\u00e4chspartner, im Regelfall ein Personaler, einzuholen.<br \/>Denke daran, dass du f\u00fcr ein gelingendes Vorstellungsgespr\u00e4ch nur eine Chance hast.<\/p>\r\n<h3><strong>Fragen und Antwortm\u00f6glichkeiten im Vorstellungsgespr\u00e4ch<\/strong><\/h3>\r\n<p>Den Personaler interessieren bei einem Bewerber vor allem seine Pers\u00f6nlichkeit und seine Motivation.<\/p>\r\n<p>Jeder Personaler, der einen Bewerber zum Vorstellungsgespr\u00e4ch einl\u00e4dt, m\u00f6chte sich ein Bild von dessen Pers\u00f6nlichkeit machen. Auch perfekte Bewerbungsunterlagen und gute Zeugnisse geben, wenn \u00fcberhaupt, wenig oder gar keinen Aufschluss \u00fcber die Pers\u00f6nlichkeit des Bewerbers. Dies ist nur durch ein pers\u00f6nliches Gespr\u00e4ch, dem Vorstellungsgespr\u00e4ch, zumindest ansatzweise m\u00f6glich.<\/p>\r\n<p>Jeder Bewerber muss im Vorstellungsgespr\u00e4ch mit der Frage seines Gespr\u00e4chspartners rechnen, warum er sich gerade bei diesem Unternehmen beworben hat.<\/p>\r\n<p>Hier bietet sich f\u00fcr den Bewerber eine gute M\u00f6glichkeit sowohl sein generelles Interesse an dem Unternehmen zu unterstreichen als auch seine technische Kompetenz unter Beweis zu stellen.<\/p>\r\n<p>Ein Maschinenbauingenieur muss im Vorstellungsgespr\u00e4ch auf jeden Fall auch mit technischen Fragen rechnen.<\/p>\r\n<h3><strong>Fazit<\/strong><\/h3>\r\n<p>Jedes Vorstellungsgespr\u00e4ch dient vor allem vonseiten des Unternehmens dazu, festzustellen, ob und wie gut ein Bewerber zum Unternehmen passt. Darum wird ein Maschinenbauingenieur, der mithilfe einer Bewerbungsvorlage oder eines Bewerbungsmusters in ein Unternehmen neu einsteigen m\u00f6chte, auf jeden Fall unter Beweis stellen m\u00fcssen, dass er sowohl in sozialer als auch in technischer Hinsicht f\u00fcr das Unternehmen ein Gewinn ist. Nat\u00fcrlich wird es auch hier gewisse Schwerpunkte geben, je nachdem, in welchem Fachgebiet der Ingenieur sp\u00e4ter t\u00e4tig werden soll. Bei einem Maschinenbauingenieur, der f\u00fcr das Unternehmen im Vertrieb arbeitet, werden gewisse rhetorische F\u00e4higkeiten eine ma\u00dfgebliche Rolle spielen. Liegt das T\u00e4tigkeitsfeld in der Entwicklung und Konstruktion, werden eher die fachlichen und technischen F\u00e4higkeiten im Vordergrund stehen. Den Abschluss eines <a href=\"https:\/\/www.stellenanzeigen.de\/careeasy\/fragen-antworten-im-vorstellungsgespraech-sde11769\/\">Vorstellungsgespr\u00e4chs<\/a> bilden Rahmenfestlegungen, wie Gehalt und Urlaub.<\/p>\r\n\r\n<div id=\"pdf-download\" class=\"wp-block-group alignwide\">\r\n<div class=\"wp-block-group__inner-container is-layout-flow\">\r\n<div class=\"wp-block-columns pdf-download is-layout-flex wp-container-8\">\r\n<div class=\"wp-block-column pdf-thumbnail is-layout-flow\" style=\"flex-basis: 35%;\">\r\n<figure class=\"wp-block-image size-large\"><img decoding=\"async\" loading=\"lazy\" width=\"300\" height=\"424\" class=\"wp-image-85462\" src=\"https:\/\/www.stellenanzeigen.de\/careeasy\/wp-content\/uploads\/2020\/05\/Maschinenbauingenieur-pdf-image.jpg\" alt=\"Bewerbungsvorlage Maschinenbauingenieur\/in\" \/><\/figure>\r\n<\/div>\r\n\r\n\r\n\r\n<div class=\"wp-block-column subscribe-box is-layout-flow\" style=\"flex-basis: 65%;\">\r\n\t\t\t\n\t\t\t<form id=\"sib_signup_form_36\" method=\"post\" class=\"sib_signup_form\">\n\t\t\t\t<div class=\"sib_loader\" style=\"display:none;\"><img\n\t\t\t\t\t\t\tsrc=\"https:\/\/www.stellenanzeigen.de\/careeasy\/wp-includes\/images\/spinner.gif\" alt=\"loader\"><\/div>\n\t\t\t\t<input type=\"hidden\" name=\"sib_form_action\" value=\"subscribe_form_submit\">\n\t\t\t\t<input type=\"hidden\" name=\"sib_form_id\" value=\"36\">\n                <input type=\"hidden\" name=\"sib_form_alert_notice\" value=\"Bitte f\u00fclle das Feld aus\">\n                <input type=\"hidden\" name=\"sib_form_invalid_email_notice\" value=\"Deine E-Mail Adresse ist ung\u00fcltig\">\n                <input type=\"hidden\" name=\"sib_security\" value=\"1352af6269\">\n\t\t\t\t<div class=\"sib_signup_box_inside_36\">\n\t\t\t\t\t<div style=\"\/*display:none*\/\" class=\"sib_msg_disp\">\n\t\t\t\t\t<\/div>\n                    \t\t\t\t\t<p style=\"font-size:21px;text-align:left;font-family: 'Helvetica',sans-serif;color:#2b85b9;background-color:transparent\"><strong>Jetzt Bewerbungsvorlage als Maschinenbauingenieur\/in anfordern und f\u00fcr den Newsletter anmelden<\/strong><\/p>\r\n<p class=\"sib-email-area\">\r\n    <label>E-Mail-Adresse <span style=\"color: red\">*<\/span><\/label>\r\n    <input type=\"email\" class=\"sib-email-area\" name=\"email\" required=\"required\" placeholder=\"E-Mail-Adresse\">\r\n<\/p>\r\n<p class=\"sib-terms\"><input type=\"checkbox\" name=\"terms\" required=\"required\"><label>Ich bin damit einverstanden, dass meine E-Mailadresse f\u00fcr Werbezwecke per Newsletter genutzt wird und akzeptiere die <a href=\"https:\/\/www.stellenanzeigen.de\/arbeitgeber\/datenschutzerklaerung\/\">Datenschutzerkl\u00e4rung <span style=\"color: red\">*<\/span><\/a><\/label><\/p>\r\n<p style=\"font-size:12px;text-align:left;font-family: 'Helvetica',sans-serif;color:#8390A4\">Du kannst den Newsletter jederzeit \u00fcber den Abmeldelink in der Fu\u00dfzeile unserer E-Mails abbestellen.<\/p>\r\n<input type=\"submit\" class=\"sib-default-btn\" value=\"Bewerbungsvorlage anfordern\">\t\t\t\t<\/div>\n\t\t\t<\/form>\n\t\t\t<style>\n\t\t\t\tform#sib_signup_form_36 p.sib-alert-message {\n    padding: 6px 12px;\n    margin-bottom: 20px;\n    border: 1px solid transparent;\n    border-radius: 4px;\n    -webkit-box-sizing: border-box;\n    -moz-box-sizing: border-box;\n    box-sizing: border-box;\n}\nform#sib_signup_form_36 p.sib-alert-message-error {\n    background-color: #f2dede;\n    border-color: #ebccd1;\n    color: #a94442;\n}\nform#sib_signup_form_36 p.sib-alert-message-success {\n    background-color: #dff0d8;\n    border-color: #d6e9c6;\n    color: #3c763d;\n}\nform#sib_signup_form_36 p.sib-alert-message-warning {\n    background-color: #fcf8e3;\n    border-color: #faebcc;\n    color: #8a6d3b;\n}\n\t\t\t<\/style>\n\t\t\t\r\n<\/div>\r\n<\/div>\r\n<\/div>\r\n<\/div>\r\n","protected":false},"excerpt":{"rendered":"<p>Du hast jahrelang mit gro\u00dfem Engagement und Flei\u00df ein f\u00fcr dich wichtiges Ziel verfolgt. Du hast viel Zeit und Energie investiert, hast viel gelernt,&#8230;<\/p>\n","protected":false},"author":103,"featured_media":0,"parent":14008,"menu_order":0,"comment_status":"closed","ping_status":"closed","template":"","meta":{"_uag_custom_page_level_css":""},"categories":[],"tags":[],"yoast_head":"<!-- This site is optimized with the Yoast SEO plugin v20.7 - https:\/\/yoast.com\/wordpress\/plugins\/seo\/ -->\n<title>Bewerbungsvorlage Maschinenbauingenieur\/in Musterbewerbung<\/title>\n<meta name=\"description\" content=\"Du kannst hier kostenlos eine Musterbewerbung mit Bewerbungsvorlage f\u00fcr den Beruf Maschinenbauingenieur\/in und Bewerbungsmuster herunterladen.\" \/>\n<meta name=\"robots\" content=\"index, follow, max-snippet:-1, max-image-preview:large, max-video-preview:-1\" \/>\n<link rel=\"canonical\" href=\"https:\/\/www.stellenanzeigen.de\/careeasy\/bewerbung\/maschinenbauingenieur-in\/\" \/>\n<meta property=\"og:locale\" content=\"de_DE\" \/>\n<meta property=\"og:type\" content=\"article\" \/>\n<meta property=\"og:title\" content=\"Bewerbungsvorlage Maschinenbauingenieur\/in Musterbewerbung\" \/>\n<meta property=\"og:description\" content=\"Du kannst hier kostenlos eine Musterbewerbung mit Bewerbungsvorlage f\u00fcr den Beruf Maschinenbauingenieur\/in und Bewerbungsmuster herunterladen.\" \/>\n<meta property=\"og:url\" content=\"https:\/\/www.stellenanzeigen.de\/careeasy\/bewerbung\/maschinenbauingenieur-in\/\" \/>\n<meta property=\"og:site_name\" content=\"careeasy - Dein Karrieremagazin\" \/>\n<meta property=\"article:publisher\" content=\"https:\/\/www.facebook.com\/stellenanzeigen.de\/\" \/>\n<meta property=\"article:modified_time\" content=\"2023-10-06T11:08:53+00:00\" \/>\n<meta property=\"og:image\" content=\"https:\/\/www.stellenanzeigen.de\/careeasy\/wp-content\/uploads\/2020\/05\/Bewerbung-Maschinenbauingenieur.jpg\" \/>\n<meta name=\"twitter:label1\" content=\"Gesch\u00e4tzte Lesezeit\" \/>\n\t<meta name=\"twitter:data1\" content=\"5 Minuten\" \/>\n<script type=\"application\/ld+json\" class=\"yoast-schema-graph\">{\"@context\":\"https:\/\/schema.org\",\"@graph\":[{\"@type\":\"WebPage\",\"@id\":\"https:\/\/www.stellenanzeigen.de\/careeasy\/bewerbung\/maschinenbauingenieur-in\/\",\"url\":\"https:\/\/www.stellenanzeigen.de\/careeasy\/bewerbung\/maschinenbauingenieur-in\/\",\"name\":\"Bewerbungsvorlage Maschinenbauingenieur\/in Musterbewerbung\",\"isPartOf\":{\"@id\":\"https:\/\/10.12.43.199\/careeasy\/#website\"},\"datePublished\":\"2020-05-18T09:56:10+00:00\",\"dateModified\":\"2023-10-06T11:08:53+00:00\",\"description\":\"Du kannst hier kostenlos eine Musterbewerbung mit Bewerbungsvorlage f\u00fcr den Beruf Maschinenbauingenieur\/in und Bewerbungsmuster herunterladen.\",\"breadcrumb\":{\"@id\":\"https:\/\/www.stellenanzeigen.de\/careeasy\/bewerbung\/maschinenbauingenieur-in\/#breadcrumb\"},\"inLanguage\":\"de-DE\",\"potentialAction\":[{\"@type\":\"ReadAction\",\"target\":[\"https:\/\/www.stellenanzeigen.de\/careeasy\/bewerbung\/maschinenbauingenieur-in\/\"]}]},{\"@type\":\"BreadcrumbList\",\"@id\":\"https:\/\/www.stellenanzeigen.de\/careeasy\/bewerbung\/maschinenbauingenieur-in\/#breadcrumb\",\"itemListElement\":[{\"@type\":\"ListItem\",\"position\":1,\"name\":\"Careeasy\",\"item\":\"https:\/\/10.12.43.199\/careeasy\/\"},{\"@type\":\"ListItem\",\"position\":2,\"name\":\"Bewerbungsvorlagen &#038; Bewerbungsmuster\",\"item\":\"https:\/\/www.stellenanzeigen.de\/careeasy\/bewerbung\/\"},{\"@type\":\"ListItem\",\"position\":3,\"name\":\"Bewerbungsvorlage Maschinenbauingenieur\/in\"}]},{\"@type\":\"WebSite\",\"@id\":\"https:\/\/10.12.43.199\/careeasy\/#website\",\"url\":\"https:\/\/10.12.43.199\/careeasy\/\",\"name\":\"careeasy - Dein Karrieremagazin\",\"description\":\"\",\"publisher\":{\"@id\":\"https:\/\/10.12.43.199\/careeasy\/#organization\"},\"potentialAction\":[{\"@type\":\"SearchAction\",\"target\":{\"@type\":\"EntryPoint\",\"urlTemplate\":\"https:\/\/10.12.43.199\/careeasy\/?s={search_term_string}\"},\"query-input\":\"required name=search_term_string\"}],\"inLanguage\":\"de-DE\"},{\"@type\":\"Organization\",\"@id\":\"https:\/\/10.12.43.199\/careeasy\/#organization\",\"name\":\"careeasy - Dein Karrieremagazin\",\"url\":\"https:\/\/10.12.43.199\/careeasy\/\",\"logo\":{\"@type\":\"ImageObject\",\"inLanguage\":\"de-DE\",\"@id\":\"https:\/\/10.12.43.199\/careeasy\/#\/schema\/logo\/image\/\",\"url\":\"https:\/\/www.stellenanzeigen.de\/careeasy\/wp-content\/uploads\/2024\/03\/careeasy_logo.jpg\",\"contentUrl\":\"https:\/\/www.stellenanzeigen.de\/careeasy\/wp-content\/uploads\/2024\/03\/careeasy_logo.jpg\",\"width\":701,\"height\":223,\"caption\":\"careeasy - Dein Karrieremagazin\"},\"image\":{\"@id\":\"https:\/\/10.12.43.199\/careeasy\/#\/schema\/logo\/image\/\"},\"sameAs\":[\"https:\/\/www.facebook.com\/stellenanzeigen.de\/\"]}]}<\/script>\n<!-- \/ Yoast SEO plugin. -->","yoast_head_json":{"title":"Bewerbungsvorlage Maschinenbauingenieur\/in Musterbewerbung","description":"Du kannst hier kostenlos eine Musterbewerbung mit Bewerbungsvorlage f\u00fcr den Beruf Maschinenbauingenieur\/in und Bewerbungsmuster herunterladen.","robots":{"index":"index","follow":"follow","max-snippet":"max-snippet:-1","max-image-preview":"max-image-preview:large","max-video-preview":"max-video-preview:-1"},"canonical":"https:\/\/www.stellenanzeigen.de\/careeasy\/bewerbung\/maschinenbauingenieur-in\/","og_locale":"de_DE","og_type":"article","og_title":"Bewerbungsvorlage Maschinenbauingenieur\/in Musterbewerbung","og_description":"Du kannst hier kostenlos eine Musterbewerbung mit Bewerbungsvorlage f\u00fcr den Beruf Maschinenbauingenieur\/in und Bewerbungsmuster herunterladen.","og_url":"https:\/\/www.stellenanzeigen.de\/careeasy\/bewerbung\/maschinenbauingenieur-in\/","og_site_name":"careeasy - Dein Karrieremagazin","article_publisher":"https:\/\/www.facebook.com\/stellenanzeigen.de\/","article_modified_time":"2023-10-06T11:08:53+00:00","og_image":[{"url":"https:\/\/www.stellenanzeigen.de\/careeasy\/wp-content\/uploads\/2020\/05\/Bewerbung-Maschinenbauingenieur.jpg"}],"twitter_misc":{"Gesch\u00e4tzte Lesezeit":"5 Minuten"},"schema":{"@context":"https:\/\/schema.org","@graph":[{"@type":"WebPage","@id":"https:\/\/www.stellenanzeigen.de\/careeasy\/bewerbung\/maschinenbauingenieur-in\/","url":"https:\/\/www.stellenanzeigen.de\/careeasy\/bewerbung\/maschinenbauingenieur-in\/","name":"Bewerbungsvorlage Maschinenbauingenieur\/in Musterbewerbung","isPartOf":{"@id":"https:\/\/10.12.43.199\/careeasy\/#website"},"datePublished":"2020-05-18T09:56:10+00:00","dateModified":"2023-10-06T11:08:53+00:00","description":"Du kannst hier kostenlos eine Musterbewerbung mit Bewerbungsvorlage f\u00fcr den Beruf Maschinenbauingenieur\/in und Bewerbungsmuster herunterladen.","breadcrumb":{"@id":"https:\/\/www.stellenanzeigen.de\/careeasy\/bewerbung\/maschinenbauingenieur-in\/#breadcrumb"},"inLanguage":"de-DE","potentialAction":[{"@type":"ReadAction","target":["https:\/\/www.stellenanzeigen.de\/careeasy\/bewerbung\/maschinenbauingenieur-in\/"]}]},{"@type":"BreadcrumbList","@id":"https:\/\/www.stellenanzeigen.de\/careeasy\/bewerbung\/maschinenbauingenieur-in\/#breadcrumb","itemListElement":[{"@type":"ListItem","position":1,"name":"Careeasy","item":"https:\/\/10.12.43.199\/careeasy\/"},{"@type":"ListItem","position":2,"name":"Bewerbungsvorlagen &#038; Bewerbungsmuster","item":"https:\/\/www.stellenanzeigen.de\/careeasy\/bewerbung\/"},{"@type":"ListItem","position":3,"name":"Bewerbungsvorlage Maschinenbauingenieur\/in"}]},{"@type":"WebSite","@id":"https:\/\/10.12.43.199\/careeasy\/#website","url":"https:\/\/10.12.43.199\/careeasy\/","name":"careeasy - Dein Karrieremagazin","description":"","publisher":{"@id":"https:\/\/10.12.43.199\/careeasy\/#organization"},"potentialAction":[{"@type":"SearchAction","target":{"@type":"EntryPoint","urlTemplate":"https:\/\/10.12.43.199\/careeasy\/?s={search_term_string}"},"query-input":"required name=search_term_string"}],"inLanguage":"de-DE"},{"@type":"Organization","@id":"https:\/\/10.12.43.199\/careeasy\/#organization","name":"careeasy - Dein Karrieremagazin","url":"https:\/\/10.12.43.199\/careeasy\/","logo":{"@type":"ImageObject","inLanguage":"de-DE","@id":"https:\/\/10.12.43.199\/careeasy\/#\/schema\/logo\/image\/","url":"https:\/\/www.stellenanzeigen.de\/careeasy\/wp-content\/uploads\/2024\/03\/careeasy_logo.jpg","contentUrl":"https:\/\/www.stellenanzeigen.de\/careeasy\/wp-content\/uploads\/2024\/03\/careeasy_logo.jpg","width":701,"height":223,"caption":"careeasy - Dein Karrieremagazin"},"image":{"@id":"https:\/\/10.12.43.199\/careeasy\/#\/schema\/logo\/image\/"},"sameAs":["https:\/\/www.facebook.com\/stellenanzeigen.de\/"]}]}},"uagb_featured_image_src":{"full":false,"thumbnail":false,"medium":false,"medium_large":false,"large":false,"1536x1536":false,"2048x2048":false,"neomag-medium":false,"neomag-big":false,"neomag-large":false,"neomag-huge":false},"uagb_author_info":{"display_name":"stellenanzeigen.de","author_link":"https:\/\/www.stellenanzeigen.de\/careeasy\/author\/stellenanzeigen-de\/"},"uagb_comment_info":0,"uagb_excerpt":"Du hast jahrelang mit gro\u00dfem Engagement und Flei\u00df ein f\u00fcr dich wichtiges Ziel verfolgt. Du hast viel Zeit und Energie investiert, hast viel gelernt,...","_links":{"self":[{"href":"https:\/\/www.stellenanzeigen.de\/careeasy\/wp-json\/wp\/v2\/pages\/85414"}],"collection":[{"href":"https:\/\/www.stellenanzeigen.de\/careeasy\/wp-json\/wp\/v2\/pages"}],"about":[{"href":"https:\/\/www.stellenanzeigen.de\/careeasy\/wp-json\/wp\/v2\/types\/page"}],"author":[{"embeddable":true,"href":"https:\/\/www.stellenanzeigen.de\/careeasy\/wp-json\/wp\/v2\/users\/103"}],"replies":[{"embeddable":true,"href":"https:\/\/www.stellenanzeigen.de\/careeasy\/wp-json\/wp\/v2\/comments?post=85414"}],"version-history":[{"count":12,"href":"https:\/\/www.stellenanzeigen.de\/careeasy\/wp-json\/wp\/v2\/pages\/85414\/revisions"}],"predecessor-version":[{"id":115043,"href":"https:\/\/www.stellenanzeigen.de\/careeasy\/wp-json\/wp\/v2\/pages\/85414\/revisions\/115043"}],"up":[{"embeddable":true,"href":"https:\/\/www.stellenanzeigen.de\/careeasy\/wp-json\/wp\/v2\/pages\/14008"}],"wp:attachment":[{"href":"https:\/\/www.stellenanzeigen.de\/careeasy\/wp-json\/wp\/v2\/media?parent=85414"}],"wp:term":[{"taxonomy":"category","embeddable":true,"href":"https:\/\/www.stellenanzeigen.de\/careeasy\/wp-json\/wp\/v2\/categories?post=85414"},{"taxonomy":"post_tag","embeddable":true,"href":"https:\/\/www.stellenanzeigen.de\/careeasy\/wp-json\/wp\/v2\/tags?post=85414"}],"curies":[{"name":"wp","href":"https:\/\/api.w.org\/{rel}","templated":true}]}}