{"id":75488,"date":"2020-05-14T12:40:22","date_gmt":"2020-05-14T12:40:22","guid":{"rendered":"https:\/\/www.stellenanzeigen.de\/careeasy\/?page_id=75488"},"modified":"2023-10-06T10:58:14","modified_gmt":"2023-10-06T08:58:14","slug":"notarfachangestellte-r","status":"publish","type":"page","link":"https:\/\/www.stellenanzeigen.de\/careeasy\/bewerbung\/notarfachangestellte-r\/","title":{"rendered":"Bewerbungsvorlage Notarfachangestellte\/r"},"content":{"rendered":"\n<figure class=\"wp-block-image alignwide size-full wp-image-75543\"><img loading=\"lazy\" decoding=\"async\" width=\"724\" height=\"483\" src=\"https:\/\/www.stellenanzeigen.de\/careeasy\/wp-content\/uploads\/2020\/05\/notarfachangestellte.jpg\" alt=\"Notarfachangestellte\/r\" class=\"wp-image-75543\" srcset=\"https:\/\/www.stellenanzeigen.de\/careeasy\/wp-content\/uploads\/2020\/05\/notarfachangestellte.jpg 724w, https:\/\/www.stellenanzeigen.de\/careeasy\/wp-content\/uploads\/2020\/05\/notarfachangestellte-272x182.jpg 272w\" sizes=\"auto, (max-width: 724px) 100vw, 724px\" \/><figcaption class=\"wp-element-caption\">Bewerbungsvorlage Notarfachangestellte\/r &#8211; Copyright: kzenon<\/figcaption><\/figure>\n\n\n\n<div class=\"wp-block-columns alignwide pdf-teaser is-layout-flex wp-container-core-columns-is-layout-9d6595d7 wp-block-columns-is-layout-flex\">\n<div class=\"wp-block-column pdf-thumbnail is-layout-flow wp-block-column-is-layout-flow\" style=\"flex-basis:35%\"><div class=\"wp-block-image\">\n<figure class=\"aligncenter size-large\"><img loading=\"lazy\" decoding=\"async\" width=\"300\" height=\"424\" src=\"https:\/\/www.stellenanzeigen.de\/careeasy\/wp-content\/uploads\/2020\/05\/Notarfachangestellte-pdf-image.jpg\" alt=\"Bewerbungsvorlage Notarfachangestellte\/r\" class=\"wp-image-85375\"\/><\/figure>\n<\/div>\n\n\n<p><\/p>\n<\/div>\n\n\n\n<div class=\"wp-block-column teaser-box is-layout-flow wp-block-column-is-layout-flow\" style=\"flex-basis:65%\">\n<p>Die Bewerbungsvorlage inklusive der Musterbewerbung f\u00fcr den Beruf Notarfachangestellte\/r kannst du dir kostenlos auf Stellenanzeigen.de herunterladen. Die Musterbewerbung und die Bewerbungsvorlage allgemein kannst du dann als Inspiration oder grobe Richtlinie f\u00fcr deine pers\u00f6nliche Bewerbung als <a href=\"https:\/\/www.stellenanzeigen.de\/jobs\/notarfachangestellte-r\/\">Notarfachangestellte\/r<\/a> nutzen<\/p>\n\n\n\n<div class=\"wp-block-buttons is-layout-flex wp-block-buttons-is-layout-flex\">\n<div class=\"wp-block-button\"><a class=\"wp-block-button__link has-background wp-element-button\" href=\"https:\/\/www.stellenanzeigen.de\/careeasy\/bewerbung\/notarfachangestellte-r\/#pdf-download\" style=\"background-color:#2b85b9\">Vorlage Anfordern<\/a><\/div>\n<\/div>\n<\/div>\n<\/div>\n\n\n<div class=\"mceTemp\">\u00a0<\/div>\n<h3>Bestandteile der Musterbewerbung Notarfachangestellte\/r<\/h3>\n<p>Zu jeder Bewerbung als Notarfachangestellte\/r sollten zun\u00e4chst ein Anschreiben und ein Lebenslauf geh\u00f6ren. Im Anschreiben solltest du in einem schl\u00fcssigen Flie\u00dftext darauf eingehen, dass du dich auf die Stelle bewirbst, warum du das tust und was dich f\u00fcr die Stelle von deinem Blickpunkt aus qualifizieren w\u00fcrde. Vor allem solltest du darauf eingehen, was dich an gerade diesem Arbeitgeber reizt und was du dir von einer Einstellung einerseits erhoffst und was du andererseits in diesem Falle zu bieten hast. Dennoch sollte ein Anschreiben nicht l\u00e4nger als eine Seite sein und in keinem der Punkte zu ausladend gestaltet werden. Die genaueren Informationen und allgemeineren Einblicke in deinen Werdegang und deine Qualifikationen bekommt der Arbeitgeber dann mit deinem <a class=\"wpil_keyword_link\" href=\"https:\/\/www.stellenanzeigen.de\/careeasy\/lebenslauf-vorlagen-sde106864\/\"   title=\"Lebenslauf\" data-wpil-keyword-link=\"linked\">Lebenslauf<\/a>. Dort solltest du alle von dir durchlaufenen Stationen, die dich zu dem gemacht haben, was dein karriererelevantes Profil heute ausmacht, chronologisch auff\u00fchren. Wichtig ist dabei, dass du die Stationen auch mit einer Zeitangabe versiehst und du bestenfalls keine L\u00fccken im Lebenslauf entstehen l\u00e4sst. F\u00fcr den Ausbildungsberuf Notarfachangestellte\/r ist auch der Nachweis der <a href=\"https:\/\/www.stellenanzeigen.de\/careeasy\/ausbildung\/\">Ausbildung<\/a> ein wichtiger Bestandteil jeder Bewerbung und sollte ebenfalls seinen Platz in der Bewerbungsmappe finden. Sollte der Arbeitgeber von dir noch weitere Dokumente anfordern, dann solltest du diese nach M\u00f6glichkeit nat\u00fcrlich auch deiner Bewerbung als Notarfachangestellte\/r beif\u00fcgen.<\/p>\n<hr \/>\n<h2><a href=\"https:\/\/www.stellenanzeigen.de\/jobs\/\" target=\"_blank\" rel=\"noopener noreferrer\">Aktuelle Jobangebote<\/a><\/h2>\n<hr \/>\n<div id=\"suchwidgetErgebnisliste\">\u00a0<\/div>\n<div id=\"StellenanzeigenSuchwidget\" tabindex=\"-1\">\u00a0<\/div>\n<p><script><br \/>\n  var config = {<br \/>\n    apiKey : 'FBEB08FBC7BB75349E26C51C530F79BF',<br \/>\n    resultsPerPage : 3,<br \/>\n    searchRadius : 60,<br \/>\n    fulltext : 'Notarfachangestellte',<br \/>\n    city : null,<br \/>\n    category : null,<br \/>\n    subCategories : null<br \/>\n  };<br \/>\n<\/script><script type=\"text\/javascript\" src=\"https:\/\/app.stellenanzeigen.de\/widget\/init.js\"><\/script><\/p>\n<hr \/>\n<h3>Vorbereitung auf das Vorstellungsgespr\u00e4ch<\/h3>\n<p>Wenn das Notariat dich zu einem <a href=\"https:\/\/www.stellenanzeigen.de\/careeasy\/fragen-antworten-im-vorstellungsgespraech-sde11769\/\">Vorstellungsgespr\u00e4ch<\/a> einl\u00e4dt, ist das ein Teilerfolg in deinem Bewerbungsprozess zu verbuchen. Auf das Gespr\u00e4ch solltest du dich gut vorbereiten. Zu einer guten Vorbereitung geh\u00f6rt, dass du auch verbal in der Lage bist zu vermitteln, was dir an dem Arbeitgeber gut gef\u00e4llt und warum du die Stelle gerne besetzen m\u00f6chtest. Auch warum du dich als qualifiziert f\u00fcr die Stelle siehst. Hier gilt es die Punkte aus dem Anschreiben aufzugreifen. Sei in der Lage gut \u00fcber deine Qualifikationen und Erfahrungen sprechen zu k\u00f6nnen und schaffe dir \u00fcber deine St\u00e4rken und Schw\u00e4chen vorher ein Bewusstsein. \u00dcberlege dir im Voraus ebenfalls, welche Fragen deinerseits noch offen sind und bereite diese f\u00fcr das Gespr\u00e4ch vor. Es stellt dir ebenfalls eine ernsthafte Auseinandersetzung mit der Bewerbung aus, wenn du spezifische Fragen \u00fcber den Arbeitsalltag oder dein Besch\u00e4ftigungsverh\u00e4ltnis stellst. Ansonsten solltest du dir den Weg zum Ort des Gespr\u00e4ches vorher raussuchen, um auf keinen Fall zu sp\u00e4t zum Gespr\u00e4ch zu erscheinen. Als Notarfachangestellte\/r solltest du nat\u00fcrlich gepflegt und professionell auftreten und dich auch so ausdr\u00fccken. Zum Gespr\u00e4ch ist ein Anzug oder Kost\u00fcm sicherlich angebracht.<\/p>\n<h3>Fragen und Antwortm\u00f6glichkeiten im Vorstellungsgespr\u00e4ch<\/h3>\n<h3>Was gef\u00e4llt Ihnen an dem Beruf?<\/h3>\n<p>Du wirst sicherlich wissen, was dich in diesen Beruf gebracht hat und welche Seiten deiner Arbeit du besonders sch\u00e4tzt. Hebe f\u00fcr eine Stelle als Notarfachangestellte\/r optimaler Weise den Kontakt zu den Klienten in Vorbereitungsgespr\u00e4chen oder Kommunikation im Allgemeinen hervor.<\/p>\n<h3>Wo sehen Sie sich in einigen Jahren?<\/h3>\n<p>Bei der Antwort auf diese Frage bist du erneut relativ frei und solltest deine Pl\u00e4ne f\u00fcr die Zukunft einfach preisgeben. Allerdings ohne dabei den Anschein zu erwecken das Notariat m\u00f6glicherweise schon bald wieder zu verlassen.<\/p>\n\n\n<div class=\"wp-block-group alignwide\" id=\"pdf-download\"><div class=\"wp-block-group__inner-container is-layout-flow wp-block-group-is-layout-flow\">\n<div class=\"wp-block-columns pdf-download is-layout-flex wp-container-core-columns-is-layout-9d6595d7 wp-block-columns-is-layout-flex\">\n<div class=\"wp-block-column pdf-thumbnail is-layout-flow wp-block-column-is-layout-flow\" style=\"flex-basis:35%\">\n<figure class=\"wp-block-image size-large\"><img loading=\"lazy\" decoding=\"async\" width=\"300\" height=\"424\" src=\"https:\/\/www.stellenanzeigen.de\/careeasy\/wp-content\/uploads\/2020\/05\/Notarfachangestellte-pdf-image.jpg\" alt=\"Bewerbungsvorlage Notarfachangestellte\/r\" class=\"wp-image-85375\"\/><\/figure>\n<\/div>\n\n\n\n<div class=\"wp-block-column subscribe-box is-layout-flow wp-block-column-is-layout-flow\" style=\"flex-basis:65%\">\n\n\t\t\t<form id=\"sib_signup_form_43\" method=\"post\" class=\"sib_signup_form\">\n\t\t\t\t<div class=\"sib_loader\" style=\"display:none;\"><img\n\t\t\t\t\t\t\tsrc=\"https:\/\/www.stellenanzeigen.de\/careeasy\/wp-includes\/images\/spinner.gif\" alt=\"loader\"><\/div>\n\t\t\t\t<input type=\"hidden\" name=\"sib_form_action\" value=\"subscribe_form_submit\">\n\t\t\t\t<input type=\"hidden\" name=\"sib_form_id\" value=\"43\">\n                <input type=\"hidden\" name=\"sib_form_alert_notice\" value=\"Bitte f\u00fclle das Feld aus\">\n                <input type=\"hidden\" name=\"sib_form_invalid_email_notice\" value=\"Deine E-Mail Adresse ist ung\u00fcltig\">\n                <input type=\"hidden\" name=\"sib_security\" value=\"02f8d12ec2\">\n\t\t\t\t<div class=\"sib_signup_box_inside_43\">\n\t\t\t\t\t<div style=\"\/*display:none*\/\" class=\"sib_msg_disp\">\n\t\t\t\t\t<\/div>\n                    \t\t\t\t\t<p style=\"font-size:21px;text-align:left;font-family: 'Helvetica',sans-serif;color:#2b85b9;background-color:transparent\"><strong>Jetzt Bewerbungsvorlage als Notarfachangestellte\/r anfordern und f\u00fcr den Newsletter anmelden<\/strong><\/p>\r\n<p class=\"sib-email-area\">\r\n    <label>E-Mail-Adresse <span style=\"color: red\">*<\/span><\/label>\r\n    <input type=\"email\" class=\"sib-email-area\" name=\"email\" required=\"required\" placeholder=\"E-Mail-Adresse\">\r\n<\/p>\r\n<p class=\"sib-terms\"><input type=\"checkbox\" name=\"terms\" required=\"required\"><label>Ich bin damit einverstanden, dass meine E-Mailadresse f\u00fcr Werbezwecke per Newsletter genutzt wird und akzeptiere die <a href=\"https:\/\/www.stellenanzeigen.de\/arbeitgeber\/datenschutzerklaerung\/\">Datenschutzerkl\u00e4rung <span style=\"color: red\">*<\/span><\/a><\/label><\/p>\r\n<p style=\"font-size:12px;text-align:left;font-family: 'Helvetica',sans-serif;color:#8390A4\">Du kannst den Newsletter jederzeit \u00fcber den Abmeldelink in der Fu\u00dfzeile unserer E-Mails abbestellen.<\/p>\r\n<input type=\"submit\" class=\"sib-default-btn\" value=\"Bewerbungsvorlage anfordern\">\t\t\t\t<\/div>\n\t\t\t<\/form>\n\t\t\t<style>\n\t\t\t\tform#sib_signup_form_43 p.sib-alert-message {\n    padding: 6px 12px;\n    margin-bottom: 20px;\n    border: 1px solid transparent;\n    border-radius: 4px;\n    -webkit-box-sizing: border-box;\n    -moz-box-sizing: border-box;\n    box-sizing: border-box;\n}\nform#sib_signup_form_43 p.sib-alert-message-error {\n    background-color: #f2dede;\n    border-color: #ebccd1;\n    color: #a94442;\n}\nform#sib_signup_form_43 p.sib-alert-message-success {\n    background-color: #dff0d8;\n    border-color: #d6e9c6;\n    color: #3c763d;\n}\nform#sib_signup_form_43 p.sib-alert-message-warning {\n    background-color: #fcf8e3;\n    border-color: #faebcc;\n    color: #8a6d3b;\n}\n\t\t\t<\/style>\n\t\t\t\n<\/div>\n<\/div>\n<\/div><\/div>\n","protected":false},"excerpt":{"rendered":"<p>Die Bewerbungsvorlage inklusive der Musterbewerbung f\u00fcr den Beruf Notarfachangestellte\/r kannst du dir kostenlos auf Stellenanzeigen.de herunterladen. Die Musterbewerbung und die Bewerbungsvorlage allgemein kannst du&#8230;<\/p>\n","protected":false},"author":103,"featured_media":0,"parent":14008,"menu_order":0,"comment_status":"closed","ping_status":"closed","template":"","meta":{"_uag_custom_page_level_css":"","footnotes":""},"categories":[],"tags":[],"class_list":["post-75488","page","type-page","status-publish","hentry","entry","post-no-thumbnail"],"yoast_head":"<!-- This site is optimized with the Yoast SEO plugin v27.5 - https:\/\/yoast.com\/product\/yoast-seo-wordpress\/ -->\n<title>Bewerbungsvorlage Notarfachangestellte\/r Musterbewerbung<\/title>\n<meta name=\"description\" content=\"Die Bewerbungsvorlage inklusive der Musterbewerbung f\u00fcr den Beruf Notarfachangestellte\/r kannst du dir kostenlos auf Stellenanzeigen.de herunterladen.\" \/>\n<meta name=\"robots\" content=\"index, follow, max-snippet:-1, max-image-preview:large, max-video-preview:-1\" \/>\n<link rel=\"canonical\" href=\"https:\/\/www.stellenanzeigen.de\/careeasy\/bewerbung\/notarfachangestellte-r\/\" \/>\n<meta property=\"og:locale\" content=\"de_DE\" \/>\n<meta property=\"og:type\" content=\"article\" \/>\n<meta property=\"og:title\" content=\"Bewerbungsvorlage Notarfachangestellte\/r Musterbewerbung\" \/>\n<meta property=\"og:description\" content=\"Die Bewerbungsvorlage inklusive der Musterbewerbung f\u00fcr den Beruf Notarfachangestellte\/r kannst du dir kostenlos auf Stellenanzeigen.de herunterladen.\" \/>\n<meta property=\"og:url\" content=\"https:\/\/www.stellenanzeigen.de\/careeasy\/bewerbung\/notarfachangestellte-r\/\" \/>\n<meta property=\"og:site_name\" content=\"careeasy - Dein Karrieremagazin\" \/>\n<meta property=\"article:publisher\" content=\"https:\/\/www.facebook.com\/stellenanzeigen.de\/\" \/>\n<meta property=\"article:modified_time\" content=\"2023-10-06T08:58:14+00:00\" \/>\n<meta property=\"og:image\" content=\"https:\/\/www.stellenanzeigen.de\/careeasy\/wp-content\/uploads\/2020\/05\/notarfachangestellte.jpg\" \/>\n<meta name=\"twitter:label1\" content=\"Gesch\u00e4tzte Lesezeit\" \/>\n\t<meta name=\"twitter:data1\" content=\"4\u00a0Minuten\" \/>\n<script type=\"application\/ld+json\" class=\"yoast-schema-graph\">{\"@context\":\"https:\\\/\\\/schema.org\",\"@graph\":[{\"@type\":\"WebPage\",\"@id\":\"https:\\\/\\\/www.stellenanzeigen.de\\\/careeasy\\\/bewerbung\\\/notarfachangestellte-r\\\/\",\"url\":\"https:\\\/\\\/www.stellenanzeigen.de\\\/careeasy\\\/bewerbung\\\/notarfachangestellte-r\\\/\",\"name\":\"Bewerbungsvorlage Notarfachangestellte\\\/r Musterbewerbung\",\"isPartOf\":{\"@id\":\"https:\\\/\\\/www.stellenanzeigen.de\\\/careeasy\\\/#website\"},\"primaryImageOfPage\":{\"@id\":\"https:\\\/\\\/www.stellenanzeigen.de\\\/careeasy\\\/bewerbung\\\/notarfachangestellte-r\\\/#primaryimage\"},\"image\":{\"@id\":\"https:\\\/\\\/www.stellenanzeigen.de\\\/careeasy\\\/bewerbung\\\/notarfachangestellte-r\\\/#primaryimage\"},\"thumbnailUrl\":\"https:\\\/\\\/www.stellenanzeigen.de\\\/careeasy\\\/wp-content\\\/uploads\\\/2020\\\/05\\\/notarfachangestellte.jpg\",\"datePublished\":\"2020-05-14T12:40:22+00:00\",\"dateModified\":\"2023-10-06T08:58:14+00:00\",\"description\":\"Die Bewerbungsvorlage inklusive der Musterbewerbung f\u00fcr den Beruf Notarfachangestellte\\\/r kannst du dir kostenlos auf Stellenanzeigen.de herunterladen.\",\"breadcrumb\":{\"@id\":\"https:\\\/\\\/www.stellenanzeigen.de\\\/careeasy\\\/bewerbung\\\/notarfachangestellte-r\\\/#breadcrumb\"},\"inLanguage\":\"de\",\"potentialAction\":[{\"@type\":\"ReadAction\",\"target\":[\"https:\\\/\\\/www.stellenanzeigen.de\\\/careeasy\\\/bewerbung\\\/notarfachangestellte-r\\\/\"]}]},{\"@type\":\"ImageObject\",\"inLanguage\":\"de\",\"@id\":\"https:\\\/\\\/www.stellenanzeigen.de\\\/careeasy\\\/bewerbung\\\/notarfachangestellte-r\\\/#primaryimage\",\"url\":\"https:\\\/\\\/www.stellenanzeigen.de\\\/careeasy\\\/wp-content\\\/uploads\\\/2020\\\/05\\\/notarfachangestellte.jpg\",\"contentUrl\":\"https:\\\/\\\/www.stellenanzeigen.de\\\/careeasy\\\/wp-content\\\/uploads\\\/2020\\\/05\\\/notarfachangestellte.jpg\",\"width\":724,\"height\":483,\"caption\":\"Bewerbungsvorlage Notarfachangestellte\\\/r - Copyright: kzenon\"},{\"@type\":\"BreadcrumbList\",\"@id\":\"https:\\\/\\\/www.stellenanzeigen.de\\\/careeasy\\\/bewerbung\\\/notarfachangestellte-r\\\/#breadcrumb\",\"itemListElement\":[{\"@type\":\"ListItem\",\"position\":1,\"name\":\"Careeasy\",\"item\":\"https:\\\/\\\/www.stellenanzeigen.de\\\/careeasy\\\/\"},{\"@type\":\"ListItem\",\"position\":2,\"name\":\"Bewerbungsvorlagen &#038; Bewerbungsmuster\",\"item\":\"https:\\\/\\\/www.stellenanzeigen.de\\\/careeasy\\\/bewerbung\\\/\"},{\"@type\":\"ListItem\",\"position\":3,\"name\":\"Bewerbungsvorlage Notarfachangestellte\\\/r\"}]},{\"@type\":\"WebSite\",\"@id\":\"https:\\\/\\\/www.stellenanzeigen.de\\\/careeasy\\\/#website\",\"url\":\"https:\\\/\\\/www.stellenanzeigen.de\\\/careeasy\\\/\",\"name\":\"careeasy - Dein Karrieremagazin\",\"description\":\"\",\"publisher\":{\"@id\":\"https:\\\/\\\/www.stellenanzeigen.de\\\/careeasy\\\/#organization\"},\"potentialAction\":[{\"@type\":\"SearchAction\",\"target\":{\"@type\":\"EntryPoint\",\"urlTemplate\":\"https:\\\/\\\/www.stellenanzeigen.de\\\/careeasy\\\/?s={search_term_string}\"},\"query-input\":{\"@type\":\"PropertyValueSpecification\",\"valueRequired\":true,\"valueName\":\"search_term_string\"}}],\"inLanguage\":\"de\"},{\"@type\":\"Organization\",\"@id\":\"https:\\\/\\\/www.stellenanzeigen.de\\\/careeasy\\\/#organization\",\"name\":\"careeasy - Dein Karrieremagazin\",\"url\":\"https:\\\/\\\/www.stellenanzeigen.de\\\/careeasy\\\/\",\"logo\":{\"@type\":\"ImageObject\",\"inLanguage\":\"de\",\"@id\":\"https:\\\/\\\/www.stellenanzeigen.de\\\/careeasy\\\/#\\\/schema\\\/logo\\\/image\\\/\",\"url\":\"https:\\\/\\\/www.stellenanzeigen.de\\\/careeasy\\\/wp-content\\\/uploads\\\/2024\\\/03\\\/careeasy_logo.jpg\",\"contentUrl\":\"https:\\\/\\\/www.stellenanzeigen.de\\\/careeasy\\\/wp-content\\\/uploads\\\/2024\\\/03\\\/careeasy_logo.jpg\",\"width\":701,\"height\":223,\"caption\":\"careeasy - Dein Karrieremagazin\"},\"image\":{\"@id\":\"https:\\\/\\\/www.stellenanzeigen.de\\\/careeasy\\\/#\\\/schema\\\/logo\\\/image\\\/\"},\"sameAs\":[\"https:\\\/\\\/www.facebook.com\\\/stellenanzeigen.de\\\/\"]}]}<\/script>\n<!-- \/ Yoast SEO plugin. -->","yoast_head_json":{"title":"Bewerbungsvorlage Notarfachangestellte\/r Musterbewerbung","description":"Die Bewerbungsvorlage inklusive der Musterbewerbung f\u00fcr den Beruf Notarfachangestellte\/r kannst du dir kostenlos auf Stellenanzeigen.de herunterladen.","robots":{"index":"index","follow":"follow","max-snippet":"max-snippet:-1","max-image-preview":"max-image-preview:large","max-video-preview":"max-video-preview:-1"},"canonical":"https:\/\/www.stellenanzeigen.de\/careeasy\/bewerbung\/notarfachangestellte-r\/","og_locale":"de_DE","og_type":"article","og_title":"Bewerbungsvorlage Notarfachangestellte\/r Musterbewerbung","og_description":"Die Bewerbungsvorlage inklusive der Musterbewerbung f\u00fcr den Beruf Notarfachangestellte\/r kannst du dir kostenlos auf Stellenanzeigen.de herunterladen.","og_url":"https:\/\/www.stellenanzeigen.de\/careeasy\/bewerbung\/notarfachangestellte-r\/","og_site_name":"careeasy - Dein Karrieremagazin","article_publisher":"https:\/\/www.facebook.com\/stellenanzeigen.de\/","article_modified_time":"2023-10-06T08:58:14+00:00","og_image":[{"url":"https:\/\/www.stellenanzeigen.de\/careeasy\/wp-content\/uploads\/2020\/05\/notarfachangestellte.jpg","type":"","width":"","height":""}],"twitter_misc":{"Gesch\u00e4tzte Lesezeit":"4\u00a0Minuten"},"schema":{"@context":"https:\/\/schema.org","@graph":[{"@type":"WebPage","@id":"https:\/\/www.stellenanzeigen.de\/careeasy\/bewerbung\/notarfachangestellte-r\/","url":"https:\/\/www.stellenanzeigen.de\/careeasy\/bewerbung\/notarfachangestellte-r\/","name":"Bewerbungsvorlage Notarfachangestellte\/r Musterbewerbung","isPartOf":{"@id":"https:\/\/www.stellenanzeigen.de\/careeasy\/#website"},"primaryImageOfPage":{"@id":"https:\/\/www.stellenanzeigen.de\/careeasy\/bewerbung\/notarfachangestellte-r\/#primaryimage"},"image":{"@id":"https:\/\/www.stellenanzeigen.de\/careeasy\/bewerbung\/notarfachangestellte-r\/#primaryimage"},"thumbnailUrl":"https:\/\/www.stellenanzeigen.de\/careeasy\/wp-content\/uploads\/2020\/05\/notarfachangestellte.jpg","datePublished":"2020-05-14T12:40:22+00:00","dateModified":"2023-10-06T08:58:14+00:00","description":"Die Bewerbungsvorlage inklusive der Musterbewerbung f\u00fcr den Beruf Notarfachangestellte\/r kannst du dir kostenlos auf Stellenanzeigen.de herunterladen.","breadcrumb":{"@id":"https:\/\/www.stellenanzeigen.de\/careeasy\/bewerbung\/notarfachangestellte-r\/#breadcrumb"},"inLanguage":"de","potentialAction":[{"@type":"ReadAction","target":["https:\/\/www.stellenanzeigen.de\/careeasy\/bewerbung\/notarfachangestellte-r\/"]}]},{"@type":"ImageObject","inLanguage":"de","@id":"https:\/\/www.stellenanzeigen.de\/careeasy\/bewerbung\/notarfachangestellte-r\/#primaryimage","url":"https:\/\/www.stellenanzeigen.de\/careeasy\/wp-content\/uploads\/2020\/05\/notarfachangestellte.jpg","contentUrl":"https:\/\/www.stellenanzeigen.de\/careeasy\/wp-content\/uploads\/2020\/05\/notarfachangestellte.jpg","width":724,"height":483,"caption":"Bewerbungsvorlage Notarfachangestellte\/r - Copyright: kzenon"},{"@type":"BreadcrumbList","@id":"https:\/\/www.stellenanzeigen.de\/careeasy\/bewerbung\/notarfachangestellte-r\/#breadcrumb","itemListElement":[{"@type":"ListItem","position":1,"name":"Careeasy","item":"https:\/\/www.stellenanzeigen.de\/careeasy\/"},{"@type":"ListItem","position":2,"name":"Bewerbungsvorlagen &#038; Bewerbungsmuster","item":"https:\/\/www.stellenanzeigen.de\/careeasy\/bewerbung\/"},{"@type":"ListItem","position":3,"name":"Bewerbungsvorlage Notarfachangestellte\/r"}]},{"@type":"WebSite","@id":"https:\/\/www.stellenanzeigen.de\/careeasy\/#website","url":"https:\/\/www.stellenanzeigen.de\/careeasy\/","name":"careeasy - Dein Karrieremagazin","description":"","publisher":{"@id":"https:\/\/www.stellenanzeigen.de\/careeasy\/#organization"},"potentialAction":[{"@type":"SearchAction","target":{"@type":"EntryPoint","urlTemplate":"https:\/\/www.stellenanzeigen.de\/careeasy\/?s={search_term_string}"},"query-input":{"@type":"PropertyValueSpecification","valueRequired":true,"valueName":"search_term_string"}}],"inLanguage":"de"},{"@type":"Organization","@id":"https:\/\/www.stellenanzeigen.de\/careeasy\/#organization","name":"careeasy - Dein Karrieremagazin","url":"https:\/\/www.stellenanzeigen.de\/careeasy\/","logo":{"@type":"ImageObject","inLanguage":"de","@id":"https:\/\/www.stellenanzeigen.de\/careeasy\/#\/schema\/logo\/image\/","url":"https:\/\/www.stellenanzeigen.de\/careeasy\/wp-content\/uploads\/2024\/03\/careeasy_logo.jpg","contentUrl":"https:\/\/www.stellenanzeigen.de\/careeasy\/wp-content\/uploads\/2024\/03\/careeasy_logo.jpg","width":701,"height":223,"caption":"careeasy - Dein Karrieremagazin"},"image":{"@id":"https:\/\/www.stellenanzeigen.de\/careeasy\/#\/schema\/logo\/image\/"},"sameAs":["https:\/\/www.facebook.com\/stellenanzeigen.de\/"]}]}},"uagb_featured_image_src":{"full":false,"thumbnail":false,"medium":false,"medium_large":false,"large":false,"1536x1536":false,"2048x2048":false,"neomag-medium":false,"neomag-big":false,"neomag-large":false,"neomag-huge":false},"uagb_author_info":{"display_name":"stellenanzeigen.de","author_link":"https:\/\/www.stellenanzeigen.de\/careeasy\/author\/stellenanzeigen-de\/"},"uagb_comment_info":0,"uagb_excerpt":"Die Bewerbungsvorlage inklusive der Musterbewerbung f\u00fcr den Beruf Notarfachangestellte\/r kannst du dir kostenlos auf Stellenanzeigen.de herunterladen. Die Musterbewerbung und die Bewerbungsvorlage allgemein kannst du...","_links":{"self":[{"href":"https:\/\/www.stellenanzeigen.de\/careeasy\/wp-json\/wp\/v2\/pages\/75488","targetHints":{"allow":["GET"]}}],"collection":[{"href":"https:\/\/www.stellenanzeigen.de\/careeasy\/wp-json\/wp\/v2\/pages"}],"about":[{"href":"https:\/\/www.stellenanzeigen.de\/careeasy\/wp-json\/wp\/v2\/types\/page"}],"author":[{"embeddable":true,"href":"https:\/\/www.stellenanzeigen.de\/careeasy\/wp-json\/wp\/v2\/users\/103"}],"replies":[{"embeddable":true,"href":"https:\/\/www.stellenanzeigen.de\/careeasy\/wp-json\/wp\/v2\/comments?post=75488"}],"version-history":[{"count":8,"href":"https:\/\/www.stellenanzeigen.de\/careeasy\/wp-json\/wp\/v2\/pages\/75488\/revisions"}],"predecessor-version":[{"id":112929,"href":"https:\/\/www.stellenanzeigen.de\/careeasy\/wp-json\/wp\/v2\/pages\/75488\/revisions\/112929"}],"up":[{"embeddable":true,"href":"https:\/\/www.stellenanzeigen.de\/careeasy\/wp-json\/wp\/v2\/pages\/14008"}],"wp:attachment":[{"href":"https:\/\/www.stellenanzeigen.de\/careeasy\/wp-json\/wp\/v2\/media?parent=75488"}],"wp:term":[{"taxonomy":"category","embeddable":true,"href":"https:\/\/www.stellenanzeigen.de\/careeasy\/wp-json\/wp\/v2\/categories?post=75488"},{"taxonomy":"post_tag","embeddable":true,"href":"https:\/\/www.stellenanzeigen.de\/careeasy\/wp-json\/wp\/v2\/tags?post=75488"}],"curies":[{"name":"wp","href":"https:\/\/api.w.org\/{rel}","templated":true}]}}