{"id":75290,"date":"2020-05-14T12:16:34","date_gmt":"2020-05-14T12:16:34","guid":{"rendered":"https:\/\/www.stellenanzeigen.de\/careeasy\/?page_id=75290"},"modified":"2023-10-06T10:58:11","modified_gmt":"2023-10-06T08:58:11","slug":"rechtsanwaltsfachangestellte-r","status":"publish","type":"page","link":"https:\/\/www.stellenanzeigen.de\/careeasy\/bewerbung\/rechtsanwaltsfachangestellte-r\/","title":{"rendered":"Bewerbungsvorlage Rechtsanwaltsfachangestellte\/r"},"content":{"rendered":"\n<figure class=\"wp-block-image alignwide size-full wp-image-75322\"><img loading=\"lazy\" decoding=\"async\" width=\"724\" height=\"483\" src=\"https:\/\/www.stellenanzeigen.de\/careeasy\/wp-content\/uploads\/2020\/05\/rechtsanwaltsfachangestellte.jpg\" alt=\"Bewerbungsvorlage Rechtsanwaltsfachangestellte\/r\" class=\"wp-image-75322\" srcset=\"https:\/\/www.stellenanzeigen.de\/careeasy\/wp-content\/uploads\/2020\/05\/rechtsanwaltsfachangestellte.jpg 724w, https:\/\/www.stellenanzeigen.de\/careeasy\/wp-content\/uploads\/2020\/05\/rechtsanwaltsfachangestellte-272x182.jpg 272w\" sizes=\"auto, (max-width: 724px) 100vw, 724px\" \/><figcaption class=\"wp-element-caption\">Bewerbungsvorlage Rechtsanwaltsfachangestellte\/r &#8211; Copyright: kzenon<\/figcaption><\/figure>\n\n\n\n<div class=\"wp-block-columns alignwide pdf-teaser is-layout-flex wp-container-core-columns-is-layout-9d6595d7 wp-block-columns-is-layout-flex\">\n<div class=\"wp-block-column pdf-thumbnail is-layout-flow wp-block-column-is-layout-flow\" style=\"flex-basis:35%\"><div class=\"wp-block-image\">\n<figure class=\"aligncenter size-large\"><img loading=\"lazy\" decoding=\"async\" width=\"300\" height=\"424\" src=\"https:\/\/www.stellenanzeigen.de\/careeasy\/wp-content\/uploads\/2020\/05\/Rechtsanwaltsfachangestellte-pdf-image.jpg\" alt=\"Bewerbungsvorlage Rechtsanwaltsfachangestellte\/r\" class=\"wp-image-85404\"\/><\/figure>\n<\/div>\n\n\n<p><\/p>\n<\/div>\n\n\n\n<div class=\"wp-block-column teaser-box is-layout-flow wp-block-column-is-layout-flow\" style=\"flex-basis:65%\">\n<p>Die Bewerbungsvorlage f\u00fcr eine Bewerbung als Rechtsanwaltsfachangestellte\/r kannst du dir inklusive der Musterbewerbung auf Stellenanzeigen.de kostenlos herunterladen. Die Bewerbungsvorlage f\u00fcr <a href=\"https:\/\/www.stellenanzeigen.de\/jobs\/rechtsanwaltsfachangestellte-r\/\">Rechtsanwaltsfachangestellte<\/a> kann dir dann als Hilfe beim Schreiben deiner eigenen Bewerbung auf eine Stelle als Rechtsanwaltsfachangestellte\/r dienen und du kannst der Musterbewerbung in Sachen Struktur und Inhalt eventuell einige Ideen f\u00fcr deine pers\u00f6nliche Bewerbung entnehmen.<\/p>\n\n\n\n<div class=\"wp-block-buttons is-layout-flex wp-block-buttons-is-layout-flex\">\n<div class=\"wp-block-button\"><a class=\"wp-block-button__link has-background wp-element-button\" href=\"https:\/\/www.stellenanzeigen.de\/careeasy\/bewerbung\/rechtsanwaltsfachangestellte-r\/#pdf-download\" style=\"background-color:#2b85b9\">Vorlage Anfordern<\/a><\/div>\n<\/div>\n<\/div>\n<\/div>\n\n\n<div class=\"mceTemp\">\u00a0<\/div>\n<h3>Bestandteile der Musterbewerbung Rechtsanwaltsfachangestellte\/r<\/h3>\n<p>Die Musterbewerbung Rechtsanwaltsfachangestellte\/r sollte in jedem Fall die beiden Hauptbestandteile, n\u00e4mlich Anschreiben und Lebenslauf, beinhalten und au\u00dferdem auch aktuelle, relevante Nachweise deiner Qualifikationen enthalten. Das in der Bewerbungsvorlage gezeigte Musteranschreiben, solltest du dir insofern als Beispiel nehmen, dass es dem Arbeitgeber er\u00f6ffnet, was deine Motivationen und Qualifikationen bez\u00fcglich dieser Stelle sind und auch was dich als Person beschreibt. Lass den Arbeitgeber wissen, was deine Beweggr\u00fcnde f\u00fcr eine Bewerbung als Rechtsanwaltsfachangestellte\/r bei gerade dieser Kanzlei sind und was seine Beweggr\u00fcnde sein k\u00f6nnten dich auch einzustellen. Dabei solltest du auf deine Qualifikationen und Erfahrungen eingehen. Das Anschreiben sollte sich auf h\u00f6chstens eine Seite beschr\u00e4nken. Genauere Informationen \u00fcber deine Person und Karriere erh\u00e4lt der Arbeitgeber dann in deinem <a class=\"wpil_keyword_link\" href=\"https:\/\/www.stellenanzeigen.de\/careeasy\/lebenslauf-vorlagen-sde106864\/\"   title=\"Lebenslauf\" data-wpil-keyword-link=\"linked\">Lebenslauf<\/a>. Dort solltest du chronologisch angeordnet alle relevanten Stationen deiner <a href=\"https:\/\/www.stellenanzeigen.de\/careeasy\/ausbildung\/\">Ausbildung<\/a> und beruflichen Laufbahn mit Zeitangaben versehen auff\u00fchren. Die Beweise zu den aktuelleren oder wichtigsten Stationen, wie dem Abschlie\u00dfen der Ausbildung beispielsweise, solltest du ebenfalls in Form von Abschlusszeugnissen oder anderen Bescheinigungen \u00fcber erbrachte Leistungen im Laufe deiner Karriere beif\u00fcgen. Sollte der Arbeitgeber von dir noch weitere Dokumente, wie beispielsweise ein F\u00fchrungszeugnis, einfordern, dann solltest du diese nat\u00fcrlich auch nach M\u00f6glichkeit der Bewerbung hinzuf\u00fcgen.<\/p>\n<hr \/>\n<h2><a href=\"https:\/\/www.stellenanzeigen.de\/jobs\/\" target=\"_blank\" rel=\"noopener noreferrer\">Aktuelle Jobangebote<\/a><\/h2>\n<hr \/>\n<div id=\"suchwidgetErgebnisliste\">\u00a0<\/div>\n<div id=\"StellenanzeigenSuchwidget\" tabindex=\"-1\">\u00a0<\/div>\n<p><script><br \/>\n  var config = {<br \/>\n    apiKey : 'FBEB08FBC7BB75349E26C51C530F79BF',<br \/>\n    resultsPerPage : 3,<br \/>\n    searchRadius : 60,<br \/>\n    fulltext : 'Rechtsanwaltsfachangestellte',<br \/>\n    city : null,<br \/>\n    category : null,<br \/>\n    subCategories : null<br \/>\n  };<br \/>\n<\/script><script type=\"text\/javascript\" src=\"https:\/\/app.stellenanzeigen.de\/widget\/init.js\"><\/script><\/p>\n<hr \/>\n<h3>Vorbereitung auf das Vorstellungsgespr\u00e4ch<\/h3>\n<p>Bereite dich auf ein Vorstellungsgespr\u00e4ch gut vor und sei dir dar\u00fcber im Klaren, dass dies die n\u00e4chste zu bew\u00e4ltigende H\u00fcrde auf dem Weg zu einem neuen Job als Rechtsanwaltsfachangestellte\/r ist. Vor jedem Bewerbungsgespr\u00e4ch solltest du dir die von dir im Anschreiben der Bewerbung er\u00f6ffneten Argumente auch f\u00fcr einen verbalen Ausdruck zurechtlegen. Sei in der Lage deinem m\u00f6glichen Arbeitgeber auch im Gespr\u00e4ch selbstbewusst sagen zu k\u00f6nnen, warum du diesen Job in eben dieser Kanzlei m\u00f6chtest und was dich daf\u00fcr in deinen Augen qualifiziert oder gar zu genau der richtigen Person f\u00fcr diesen Job macht. Sei des Weiteren in der Lage dich aussagekr\u00e4ftig auch verbal vorstellen zu k\u00f6nnen. Auch wenn man ein Gespr\u00e4ch nicht planen kann, macht es in jedem Fall Sinn, sich im Voraus Gedanken dar\u00fcber zu machen, was man gerne sagen m\u00f6chte. Ebenfalls solltest du dir dar\u00fcber Gedanken machen, ob du selbst noch Fragen hast. Diese kannst du im Vorstellungsgespr\u00e4ch ruhigstellen. Es zeugt sogar von einer sehr ernsthaften Auseinandersetzung mit der Bewerbung und dem Arbeitgeber, wenn einige gezielte Fragen gestellt werden k\u00f6nnen. Zu guter Letzt sei dir vor dem Gespr\u00e4ch \u00fcber die Anfahrt im Klaren und stelle sicher in keinem Fall zu sp\u00e4t zum Gespr\u00e4ch zu erscheinen. Trete au\u00dferdem gepflegt und professionell auf und f\u00fcr den Beruf Rechtsanwaltsfachangestellte\/r ist zum <a href=\"https:\/\/www.stellenanzeigen.de\/careeasy\/fragen-antworten-im-vorstellungsgespraech-sde11769\/\">Vorstellungsgespr\u00e4ch<\/a> auch ein Anzug oder ein Kost\u00fcm nicht \u00fcbertrieben, sondern durchaus angebracht. Viele Bewerber sind sich auch nicht sicher, wie sie die <a href=\"https:\/\/www.stellenanzeigen.de\/gehalt-vergleich\/\">Frage zum Gehalt formulieren<\/a>.<\/p>\n<h3>Fragen und Antwortm\u00f6glichkeiten im Vorstellungsgespr\u00e4ch<\/h3>\n<h3>Was erhoffen Sie sich von einer Anstellung bei uns?<\/h3>\n<p>Es wird sicherlich gute Gr\u00fcnde geben, warum du dich f\u00fcr die Bewerbung entschieden hast. Hebe in deiner Antwort vor allem die Aspekte hervor, die in direktem Zusammenhang mit deiner Arbeit dort und dem Aufbau oder der Spezialisierung der Kanzlei zu tun haben. Gehe darauf ein, wie du dir erhoffst, dass sich dein Arbeitsalltag und deine Erf\u00fcllung durch den Job sich bei deinem neuen Arbeitgeber verbessern w\u00fcrden, ohne dabei zu \u00fcbertreiben.<\/p>\n<h3>Was m\u00f6gen Sie an Ihrem Job als Rechtsanwaltsfachangestellte\/r?<\/h3>\n<p>Das wirst ebenfalls du selbst am allerbesten wissen. Im Fall einer Bewerbung als Rechtsanwaltsfachangestellte\/r sollte bestenfalls die Kommunikation mit Klienten oder auch die Auseinandersetzung mit Recht und Formalit\u00e4ten im Mittelpunkt stehen.<\/p>\n\n\n<div class=\"wp-block-group alignwide\" id=\"pdf-download\"><div class=\"wp-block-group__inner-container is-layout-flow wp-block-group-is-layout-flow\">\n<div class=\"wp-block-columns pdf-download is-layout-flex wp-container-core-columns-is-layout-9d6595d7 wp-block-columns-is-layout-flex\">\n<div class=\"wp-block-column pdf-thumbnail is-layout-flow wp-block-column-is-layout-flow\" style=\"flex-basis:35%\">\n<figure class=\"wp-block-image size-large\"><img loading=\"lazy\" decoding=\"async\" width=\"300\" height=\"424\" src=\"https:\/\/www.stellenanzeigen.de\/careeasy\/wp-content\/uploads\/2020\/05\/Rechtsanwaltsfachangestellte-pdf-image.jpg\" alt=\"Bewerbungsvorlage Rechtsanwaltsfachangestellte\/r\" class=\"wp-image-85404\"\/><\/figure>\n<\/div>\n\n\n\n<div class=\"wp-block-column subscribe-box is-layout-flow wp-block-column-is-layout-flow\" style=\"flex-basis:65%\">\n\n\t\t\t<form id=\"sib_signup_form_50\" method=\"post\" class=\"sib_signup_form\">\n\t\t\t\t<div class=\"sib_loader\" style=\"display:none;\"><img\n\t\t\t\t\t\t\tsrc=\"https:\/\/www.stellenanzeigen.de\/careeasy\/wp-includes\/images\/spinner.gif\" alt=\"loader\"><\/div>\n\t\t\t\t<input type=\"hidden\" name=\"sib_form_action\" value=\"subscribe_form_submit\">\n\t\t\t\t<input type=\"hidden\" name=\"sib_form_id\" value=\"50\">\n                <input type=\"hidden\" name=\"sib_form_alert_notice\" value=\"Bitte f\u00fclle das Feld aus\">\n                <input type=\"hidden\" name=\"sib_form_invalid_email_notice\" value=\"Deine E-Mail Adresse ist ung\u00fcltig\">\n                <input type=\"hidden\" name=\"sib_security\" value=\"06133a707f\">\n\t\t\t\t<div class=\"sib_signup_box_inside_50\">\n\t\t\t\t\t<div style=\"\/*display:none*\/\" class=\"sib_msg_disp\">\n\t\t\t\t\t<\/div>\n                    \t\t\t\t\t<p style=\"font-size:21px;text-align:left;font-family: 'Helvetica',sans-serif;color:#2b85b9;background-color:transparent\"><strong>Jetzt Bewerbungsvorlage als Rechtsanwaltsfachangestellte\/r anfordern und f\u00fcr den Newsletter anmelden<\/strong><\/p>\r\n<p class=\"sib-email-area\">\r\n    <label>E-Mail-Adresse <span style=\"color: red\">*<\/span><\/label>\r\n    <input type=\"email\" class=\"sib-email-area\" name=\"email\" required=\"required\" placeholder=\"E-Mail-Adresse\">\r\n<\/p>\r\n<p class=\"sib-terms\"><input type=\"checkbox\" name=\"terms\" required=\"required\"><label>Ich bin damit einverstanden, dass meine E-Mailadresse f\u00fcr Werbezwecke per Newsletter genutzt wird und akzeptiere die <a href=\"https:\/\/www.stellenanzeigen.de\/arbeitgeber\/datenschutzerklaerung\/\">Datenschutzerkl\u00e4rung <span style=\"color: red\">*<\/span><\/a><\/label><\/p>\r\n<p style=\"font-size:12px;text-align:left;font-family: 'Helvetica',sans-serif;color:#8390A4\">Du kannst den Newsletter jederzeit \u00fcber den Abmeldelink in der Fu\u00dfzeile unserer E-Mails abbestellen.<\/p>\r\n<input type=\"submit\" class=\"sib-default-btn\" value=\"Bewerbungsvorlage anfordern\">\t\t\t\t<\/div>\n\t\t\t<\/form>\n\t\t\t<style>\n\t\t\t\tform#sib_signup_form_50 p.sib-alert-message {\n    padding: 6px 12px;\n    margin-bottom: 20px;\n    border: 1px solid transparent;\n    border-radius: 4px;\n    -webkit-box-sizing: border-box;\n    -moz-box-sizing: border-box;\n    box-sizing: border-box;\n}\nform#sib_signup_form_50 p.sib-alert-message-error {\n    background-color: #f2dede;\n    border-color: #ebccd1;\n    color: #a94442;\n}\nform#sib_signup_form_50 p.sib-alert-message-success {\n    background-color: #dff0d8;\n    border-color: #d6e9c6;\n    color: #3c763d;\n}\nform#sib_signup_form_50 p.sib-alert-message-warning {\n    background-color: #fcf8e3;\n    border-color: #faebcc;\n    color: #8a6d3b;\n}\n\t\t\t<\/style>\n\t\t\t\n<\/div>\n<\/div>\n<\/div><\/div>\n","protected":false},"excerpt":{"rendered":"<p>Die Bewerbungsvorlage f\u00fcr eine Bewerbung als Rechtsanwaltsfachangestellte\/r kannst du dir inklusive der Musterbewerbung auf Stellenanzeigen.de kostenlos herunterladen. Die Bewerbungsvorlage f\u00fcr Rechtsanwaltsfachangestellte kann dir dann&#8230;<\/p>\n","protected":false},"author":103,"featured_media":0,"parent":14008,"menu_order":0,"comment_status":"closed","ping_status":"closed","template":"","meta":{"_uag_custom_page_level_css":"","footnotes":""},"categories":[],"tags":[],"class_list":["post-75290","page","type-page","status-publish","hentry","entry","post-no-thumbnail"],"yoast_head":"<!-- This site is optimized with the Yoast SEO plugin v27.5 - https:\/\/yoast.com\/product\/yoast-seo-wordpress\/ -->\n<title>Bewerbungsvorlage Rechtsanwaltsfachangestellte\/r Bewerbungsmuster<\/title>\n<meta name=\"description\" content=\"Die Bewerbungsvorlage f\u00fcr eine Bewerbung als Rechtsanwaltsfachangestellte\/r kannst du dir inklusive der Musterbewerbung auf Stellenanzeigen.de kostenlos herunterladen.\" \/>\n<meta name=\"robots\" content=\"index, follow, max-snippet:-1, max-image-preview:large, max-video-preview:-1\" \/>\n<link rel=\"canonical\" href=\"https:\/\/www.stellenanzeigen.de\/careeasy\/bewerbung\/rechtsanwaltsfachangestellte-r\/\" \/>\n<meta property=\"og:locale\" content=\"de_DE\" \/>\n<meta property=\"og:type\" content=\"article\" \/>\n<meta property=\"og:title\" content=\"Bewerbungsvorlage Rechtsanwaltsfachangestellte\/r Bewerbungsmuster\" \/>\n<meta property=\"og:description\" content=\"Die Bewerbungsvorlage f\u00fcr eine Bewerbung als Rechtsanwaltsfachangestellte\/r kannst du dir inklusive der Musterbewerbung auf Stellenanzeigen.de kostenlos herunterladen.\" \/>\n<meta property=\"og:url\" content=\"https:\/\/www.stellenanzeigen.de\/careeasy\/bewerbung\/rechtsanwaltsfachangestellte-r\/\" \/>\n<meta property=\"og:site_name\" content=\"careeasy - Dein Karrieremagazin\" \/>\n<meta property=\"article:publisher\" content=\"https:\/\/www.facebook.com\/stellenanzeigen.de\/\" \/>\n<meta property=\"article:modified_time\" content=\"2023-10-06T08:58:11+00:00\" \/>\n<meta property=\"og:image\" content=\"https:\/\/www.stellenanzeigen.de\/careeasy\/wp-content\/uploads\/2020\/05\/rechtsanwaltsfachangestellte.jpg\" \/>\n<meta name=\"twitter:label1\" content=\"Gesch\u00e4tzte Lesezeit\" \/>\n\t<meta name=\"twitter:data1\" content=\"5\u00a0Minuten\" \/>\n<script type=\"application\/ld+json\" class=\"yoast-schema-graph\">{\"@context\":\"https:\\\/\\\/schema.org\",\"@graph\":[{\"@type\":\"WebPage\",\"@id\":\"https:\\\/\\\/www.stellenanzeigen.de\\\/careeasy\\\/bewerbung\\\/rechtsanwaltsfachangestellte-r\\\/\",\"url\":\"https:\\\/\\\/www.stellenanzeigen.de\\\/careeasy\\\/bewerbung\\\/rechtsanwaltsfachangestellte-r\\\/\",\"name\":\"Bewerbungsvorlage Rechtsanwaltsfachangestellte\\\/r Bewerbungsmuster\",\"isPartOf\":{\"@id\":\"https:\\\/\\\/www.stellenanzeigen.de\\\/careeasy\\\/#website\"},\"primaryImageOfPage\":{\"@id\":\"https:\\\/\\\/www.stellenanzeigen.de\\\/careeasy\\\/bewerbung\\\/rechtsanwaltsfachangestellte-r\\\/#primaryimage\"},\"image\":{\"@id\":\"https:\\\/\\\/www.stellenanzeigen.de\\\/careeasy\\\/bewerbung\\\/rechtsanwaltsfachangestellte-r\\\/#primaryimage\"},\"thumbnailUrl\":\"https:\\\/\\\/www.stellenanzeigen.de\\\/careeasy\\\/wp-content\\\/uploads\\\/2020\\\/05\\\/rechtsanwaltsfachangestellte.jpg\",\"datePublished\":\"2020-05-14T12:16:34+00:00\",\"dateModified\":\"2023-10-06T08:58:11+00:00\",\"description\":\"Die Bewerbungsvorlage f\u00fcr eine Bewerbung als Rechtsanwaltsfachangestellte\\\/r kannst du dir inklusive der Musterbewerbung auf Stellenanzeigen.de kostenlos herunterladen.\",\"breadcrumb\":{\"@id\":\"https:\\\/\\\/www.stellenanzeigen.de\\\/careeasy\\\/bewerbung\\\/rechtsanwaltsfachangestellte-r\\\/#breadcrumb\"},\"inLanguage\":\"de\",\"potentialAction\":[{\"@type\":\"ReadAction\",\"target\":[\"https:\\\/\\\/www.stellenanzeigen.de\\\/careeasy\\\/bewerbung\\\/rechtsanwaltsfachangestellte-r\\\/\"]}]},{\"@type\":\"ImageObject\",\"inLanguage\":\"de\",\"@id\":\"https:\\\/\\\/www.stellenanzeigen.de\\\/careeasy\\\/bewerbung\\\/rechtsanwaltsfachangestellte-r\\\/#primaryimage\",\"url\":\"https:\\\/\\\/www.stellenanzeigen.de\\\/careeasy\\\/wp-content\\\/uploads\\\/2020\\\/05\\\/rechtsanwaltsfachangestellte.jpg\",\"contentUrl\":\"https:\\\/\\\/www.stellenanzeigen.de\\\/careeasy\\\/wp-content\\\/uploads\\\/2020\\\/05\\\/rechtsanwaltsfachangestellte.jpg\",\"width\":724,\"height\":483,\"caption\":\"Bewerbungsvorlage Rechtsanwaltsfachangestellte\\\/r - Copyright: kzenon\"},{\"@type\":\"BreadcrumbList\",\"@id\":\"https:\\\/\\\/www.stellenanzeigen.de\\\/careeasy\\\/bewerbung\\\/rechtsanwaltsfachangestellte-r\\\/#breadcrumb\",\"itemListElement\":[{\"@type\":\"ListItem\",\"position\":1,\"name\":\"Careeasy\",\"item\":\"https:\\\/\\\/www.stellenanzeigen.de\\\/careeasy\\\/\"},{\"@type\":\"ListItem\",\"position\":2,\"name\":\"Bewerbungsvorlagen &#038; Bewerbungsmuster\",\"item\":\"https:\\\/\\\/www.stellenanzeigen.de\\\/careeasy\\\/bewerbung\\\/\"},{\"@type\":\"ListItem\",\"position\":3,\"name\":\"Bewerbungsvorlage Rechtsanwaltsfachangestellte\\\/r\"}]},{\"@type\":\"WebSite\",\"@id\":\"https:\\\/\\\/www.stellenanzeigen.de\\\/careeasy\\\/#website\",\"url\":\"https:\\\/\\\/www.stellenanzeigen.de\\\/careeasy\\\/\",\"name\":\"careeasy - Dein Karrieremagazin\",\"description\":\"\",\"publisher\":{\"@id\":\"https:\\\/\\\/www.stellenanzeigen.de\\\/careeasy\\\/#organization\"},\"potentialAction\":[{\"@type\":\"SearchAction\",\"target\":{\"@type\":\"EntryPoint\",\"urlTemplate\":\"https:\\\/\\\/www.stellenanzeigen.de\\\/careeasy\\\/?s={search_term_string}\"},\"query-input\":{\"@type\":\"PropertyValueSpecification\",\"valueRequired\":true,\"valueName\":\"search_term_string\"}}],\"inLanguage\":\"de\"},{\"@type\":\"Organization\",\"@id\":\"https:\\\/\\\/www.stellenanzeigen.de\\\/careeasy\\\/#organization\",\"name\":\"careeasy - Dein Karrieremagazin\",\"url\":\"https:\\\/\\\/www.stellenanzeigen.de\\\/careeasy\\\/\",\"logo\":{\"@type\":\"ImageObject\",\"inLanguage\":\"de\",\"@id\":\"https:\\\/\\\/www.stellenanzeigen.de\\\/careeasy\\\/#\\\/schema\\\/logo\\\/image\\\/\",\"url\":\"https:\\\/\\\/www.stellenanzeigen.de\\\/careeasy\\\/wp-content\\\/uploads\\\/2024\\\/03\\\/careeasy_logo.jpg\",\"contentUrl\":\"https:\\\/\\\/www.stellenanzeigen.de\\\/careeasy\\\/wp-content\\\/uploads\\\/2024\\\/03\\\/careeasy_logo.jpg\",\"width\":701,\"height\":223,\"caption\":\"careeasy - Dein Karrieremagazin\"},\"image\":{\"@id\":\"https:\\\/\\\/www.stellenanzeigen.de\\\/careeasy\\\/#\\\/schema\\\/logo\\\/image\\\/\"},\"sameAs\":[\"https:\\\/\\\/www.facebook.com\\\/stellenanzeigen.de\\\/\"]}]}<\/script>\n<!-- \/ Yoast SEO plugin. -->","yoast_head_json":{"title":"Bewerbungsvorlage Rechtsanwaltsfachangestellte\/r Bewerbungsmuster","description":"Die Bewerbungsvorlage f\u00fcr eine Bewerbung als Rechtsanwaltsfachangestellte\/r kannst du dir inklusive der Musterbewerbung auf Stellenanzeigen.de kostenlos herunterladen.","robots":{"index":"index","follow":"follow","max-snippet":"max-snippet:-1","max-image-preview":"max-image-preview:large","max-video-preview":"max-video-preview:-1"},"canonical":"https:\/\/www.stellenanzeigen.de\/careeasy\/bewerbung\/rechtsanwaltsfachangestellte-r\/","og_locale":"de_DE","og_type":"article","og_title":"Bewerbungsvorlage Rechtsanwaltsfachangestellte\/r Bewerbungsmuster","og_description":"Die Bewerbungsvorlage f\u00fcr eine Bewerbung als Rechtsanwaltsfachangestellte\/r kannst du dir inklusive der Musterbewerbung auf Stellenanzeigen.de kostenlos herunterladen.","og_url":"https:\/\/www.stellenanzeigen.de\/careeasy\/bewerbung\/rechtsanwaltsfachangestellte-r\/","og_site_name":"careeasy - Dein Karrieremagazin","article_publisher":"https:\/\/www.facebook.com\/stellenanzeigen.de\/","article_modified_time":"2023-10-06T08:58:11+00:00","og_image":[{"url":"https:\/\/www.stellenanzeigen.de\/careeasy\/wp-content\/uploads\/2020\/05\/rechtsanwaltsfachangestellte.jpg","type":"","width":"","height":""}],"twitter_misc":{"Gesch\u00e4tzte Lesezeit":"5\u00a0Minuten"},"schema":{"@context":"https:\/\/schema.org","@graph":[{"@type":"WebPage","@id":"https:\/\/www.stellenanzeigen.de\/careeasy\/bewerbung\/rechtsanwaltsfachangestellte-r\/","url":"https:\/\/www.stellenanzeigen.de\/careeasy\/bewerbung\/rechtsanwaltsfachangestellte-r\/","name":"Bewerbungsvorlage Rechtsanwaltsfachangestellte\/r Bewerbungsmuster","isPartOf":{"@id":"https:\/\/www.stellenanzeigen.de\/careeasy\/#website"},"primaryImageOfPage":{"@id":"https:\/\/www.stellenanzeigen.de\/careeasy\/bewerbung\/rechtsanwaltsfachangestellte-r\/#primaryimage"},"image":{"@id":"https:\/\/www.stellenanzeigen.de\/careeasy\/bewerbung\/rechtsanwaltsfachangestellte-r\/#primaryimage"},"thumbnailUrl":"https:\/\/www.stellenanzeigen.de\/careeasy\/wp-content\/uploads\/2020\/05\/rechtsanwaltsfachangestellte.jpg","datePublished":"2020-05-14T12:16:34+00:00","dateModified":"2023-10-06T08:58:11+00:00","description":"Die Bewerbungsvorlage f\u00fcr eine Bewerbung als Rechtsanwaltsfachangestellte\/r kannst du dir inklusive der Musterbewerbung auf Stellenanzeigen.de kostenlos herunterladen.","breadcrumb":{"@id":"https:\/\/www.stellenanzeigen.de\/careeasy\/bewerbung\/rechtsanwaltsfachangestellte-r\/#breadcrumb"},"inLanguage":"de","potentialAction":[{"@type":"ReadAction","target":["https:\/\/www.stellenanzeigen.de\/careeasy\/bewerbung\/rechtsanwaltsfachangestellte-r\/"]}]},{"@type":"ImageObject","inLanguage":"de","@id":"https:\/\/www.stellenanzeigen.de\/careeasy\/bewerbung\/rechtsanwaltsfachangestellte-r\/#primaryimage","url":"https:\/\/www.stellenanzeigen.de\/careeasy\/wp-content\/uploads\/2020\/05\/rechtsanwaltsfachangestellte.jpg","contentUrl":"https:\/\/www.stellenanzeigen.de\/careeasy\/wp-content\/uploads\/2020\/05\/rechtsanwaltsfachangestellte.jpg","width":724,"height":483,"caption":"Bewerbungsvorlage Rechtsanwaltsfachangestellte\/r - Copyright: kzenon"},{"@type":"BreadcrumbList","@id":"https:\/\/www.stellenanzeigen.de\/careeasy\/bewerbung\/rechtsanwaltsfachangestellte-r\/#breadcrumb","itemListElement":[{"@type":"ListItem","position":1,"name":"Careeasy","item":"https:\/\/www.stellenanzeigen.de\/careeasy\/"},{"@type":"ListItem","position":2,"name":"Bewerbungsvorlagen &#038; Bewerbungsmuster","item":"https:\/\/www.stellenanzeigen.de\/careeasy\/bewerbung\/"},{"@type":"ListItem","position":3,"name":"Bewerbungsvorlage Rechtsanwaltsfachangestellte\/r"}]},{"@type":"WebSite","@id":"https:\/\/www.stellenanzeigen.de\/careeasy\/#website","url":"https:\/\/www.stellenanzeigen.de\/careeasy\/","name":"careeasy - Dein Karrieremagazin","description":"","publisher":{"@id":"https:\/\/www.stellenanzeigen.de\/careeasy\/#organization"},"potentialAction":[{"@type":"SearchAction","target":{"@type":"EntryPoint","urlTemplate":"https:\/\/www.stellenanzeigen.de\/careeasy\/?s={search_term_string}"},"query-input":{"@type":"PropertyValueSpecification","valueRequired":true,"valueName":"search_term_string"}}],"inLanguage":"de"},{"@type":"Organization","@id":"https:\/\/www.stellenanzeigen.de\/careeasy\/#organization","name":"careeasy - Dein Karrieremagazin","url":"https:\/\/www.stellenanzeigen.de\/careeasy\/","logo":{"@type":"ImageObject","inLanguage":"de","@id":"https:\/\/www.stellenanzeigen.de\/careeasy\/#\/schema\/logo\/image\/","url":"https:\/\/www.stellenanzeigen.de\/careeasy\/wp-content\/uploads\/2024\/03\/careeasy_logo.jpg","contentUrl":"https:\/\/www.stellenanzeigen.de\/careeasy\/wp-content\/uploads\/2024\/03\/careeasy_logo.jpg","width":701,"height":223,"caption":"careeasy - Dein Karrieremagazin"},"image":{"@id":"https:\/\/www.stellenanzeigen.de\/careeasy\/#\/schema\/logo\/image\/"},"sameAs":["https:\/\/www.facebook.com\/stellenanzeigen.de\/"]}]}},"uagb_featured_image_src":{"full":false,"thumbnail":false,"medium":false,"medium_large":false,"large":false,"1536x1536":false,"2048x2048":false,"neomag-medium":false,"neomag-big":false,"neomag-large":false,"neomag-huge":false},"uagb_author_info":{"display_name":"stellenanzeigen.de","author_link":"https:\/\/www.stellenanzeigen.de\/careeasy\/author\/stellenanzeigen-de\/"},"uagb_comment_info":0,"uagb_excerpt":"Die Bewerbungsvorlage f\u00fcr eine Bewerbung als Rechtsanwaltsfachangestellte\/r kannst du dir inklusive der Musterbewerbung auf Stellenanzeigen.de kostenlos herunterladen. Die Bewerbungsvorlage f\u00fcr Rechtsanwaltsfachangestellte kann dir dann...","_links":{"self":[{"href":"https:\/\/www.stellenanzeigen.de\/careeasy\/wp-json\/wp\/v2\/pages\/75290","targetHints":{"allow":["GET"]}}],"collection":[{"href":"https:\/\/www.stellenanzeigen.de\/careeasy\/wp-json\/wp\/v2\/pages"}],"about":[{"href":"https:\/\/www.stellenanzeigen.de\/careeasy\/wp-json\/wp\/v2\/types\/page"}],"author":[{"embeddable":true,"href":"https:\/\/www.stellenanzeigen.de\/careeasy\/wp-json\/wp\/v2\/users\/103"}],"replies":[{"embeddable":true,"href":"https:\/\/www.stellenanzeigen.de\/careeasy\/wp-json\/wp\/v2\/comments?post=75290"}],"version-history":[{"count":11,"href":"https:\/\/www.stellenanzeigen.de\/careeasy\/wp-json\/wp\/v2\/pages\/75290\/revisions"}],"predecessor-version":[{"id":112928,"href":"https:\/\/www.stellenanzeigen.de\/careeasy\/wp-json\/wp\/v2\/pages\/75290\/revisions\/112928"}],"up":[{"embeddable":true,"href":"https:\/\/www.stellenanzeigen.de\/careeasy\/wp-json\/wp\/v2\/pages\/14008"}],"wp:attachment":[{"href":"https:\/\/www.stellenanzeigen.de\/careeasy\/wp-json\/wp\/v2\/media?parent=75290"}],"wp:term":[{"taxonomy":"category","embeddable":true,"href":"https:\/\/www.stellenanzeigen.de\/careeasy\/wp-json\/wp\/v2\/categories?post=75290"},{"taxonomy":"post_tag","embeddable":true,"href":"https:\/\/www.stellenanzeigen.de\/careeasy\/wp-json\/wp\/v2\/tags?post=75290"}],"curies":[{"name":"wp","href":"https:\/\/api.w.org\/{rel}","templated":true}]}}