{"id":74335,"date":"2020-05-14T10:36:15","date_gmt":"2020-05-14T10:36:15","guid":{"rendered":"https:\/\/www.stellenanzeigen.de\/careeasy\/?page_id=74335"},"modified":"2020-05-14T10:36:15","modified_gmt":"2020-05-14T10:36:15","slug":"teilnahmebedingungen","status":"publish","type":"page","link":"https:\/\/www.stellenanzeigen.de\/careeasy\/teilnahmebedingungen\/","title":{"rendered":"Teilnahmebedingungen"},"content":{"rendered":"<p>Gewinnspiel (Teilnahmebedingungen)<\/p>\n<p>*Teilnahme an der Verlosung nur ab 18 Jahren. Von der Teilnahme ausgeschlossen sind Mitarbeiter der stellenanzeigen.de GmbH &amp; Co. KG sowie deren Angeh\u00f6rige. An der Verlosung nimmt teil, wer die Umfrage vollst\u00e4ndig ausgef\u00fcllt und seine E-Mail-Adresse am Ende der Umfrage ins entsprechende Feld eingetragen hat. Mit der Teilnahme an der Verlosung gehen Sie keinerlei Verpflichtungen ein. Eine Mehrfachteilnahme ist ausgeschlossen. stellenanzeigen.de ist berechtigt, einzelne Personen von der Teilnahme auszuschlie\u00dfen, sofern berechtigte Gr\u00fcnde, wie z. B. der Versto\u00df gegen diese Teilnahmebedingungen, Manipulation, etc. vorliegen und beh\u00e4lt sich vor, rechtliche Schritte einzuleiten.<\/p>\n<p>Der Amazon-Gutschein im Wert von 50,- Euro wird w\u00e4hrend der Laufzeit der Umfrage am letzten Montag jedes Monats unter allen Umfrageteilnehmern per Zufallsprinzip ausgelost (die Gewinner der vorangegangenen Monate werden dabei ausgeschlossen). Die Gewinnbenachrichtigung erfolgt per E-Mail. Sollte sich ein Gewinner nicht innerhalb von sieben Kalendertagen nach der Bekanntgabe per E-Mail zur\u00fcckgemeldet haben oder sollte er eine unrichtige E-Mail-Adresse angegeben haben, so verf\u00e4llt der Anspruch auf den Gewinn. Die Zustellung des Gewinns erfolgt nach der R\u00fcckmeldung des Gewinners per E-Mail. Gewinnanspr\u00fcche k\u00f6nnen nicht auf andere Personen \u00fcbertragen oder abgetreten werden. Eine Barauszahlung des Gewinnwertes ist nicht m\u00f6glich. Der Rechtsweg ist ausgeschlossen.<\/p>\n<p>marketing@stellenanzeigen.de | <a href=\"https:\/\/www.stellenanzeigen.de\/arbeitgeber\/impressum-agb\/\" target=\"_blank\" rel=\"noopener noreferrer\">Impressum<\/a> | <a href=\"https:\/\/www.stellenanzeigen.de\/arbeitgeber\/ueber-uns\/\" target=\"_blank\" rel=\"noopener noreferrer\">Datenschutzerkl\u00e4rung<\/a><\/p>\n","protected":false},"excerpt":{"rendered":"<p>Gewinnspiel (Teilnahmebedingungen) *Teilnahme an der Verlosung nur ab 18 Jahren. Von der Teilnahme ausgeschlossen sind Mitarbeiter der stellenanzeigen.de GmbH &amp; Co. KG sowie deren&#8230;<\/p>\n","protected":false},"author":129,"featured_media":0,"parent":0,"menu_order":0,"comment_status":"closed","ping_status":"closed","template":"","meta":{"_uag_custom_page_level_css":""},"categories":[],"tags":[],"yoast_head":"<!-- This site is optimized with the Yoast SEO plugin v20.7 - https:\/\/yoast.com\/wordpress\/plugins\/seo\/ -->\n<title>Teilnahmebedingungen | careeasy - Dein Karrieremagazin<\/title>\n<meta name=\"description\" content=\"Gewinnspiel (Teilnahmebedingungen) *Teilnahme an der Verlosung nur ab 18 Jahren. Von der Teilnahme ausgeschlossen sind Mitarbeiter der stellenanzeigen.de\" \/>\n<meta name=\"robots\" content=\"index, follow, max-snippet:-1, max-image-preview:large, max-video-preview:-1\" \/>\n<link rel=\"canonical\" href=\"https:\/\/www.stellenanzeigen.de\/careeasy\/teilnahmebedingungen\/\" \/>\n<meta property=\"og:locale\" content=\"de_DE\" \/>\n<meta property=\"og:type\" content=\"article\" \/>\n<meta property=\"og:title\" content=\"Teilnahmebedingungen | careeasy - Dein Karrieremagazin\" \/>\n<meta property=\"og:description\" content=\"Gewinnspiel (Teilnahmebedingungen) *Teilnahme an der Verlosung nur ab 18 Jahren. Von der Teilnahme ausgeschlossen sind Mitarbeiter der stellenanzeigen.de\" \/>\n<meta property=\"og:url\" content=\"https:\/\/www.stellenanzeigen.de\/careeasy\/teilnahmebedingungen\/\" \/>\n<meta property=\"og:site_name\" content=\"careeasy - Dein Karrieremagazin\" \/>\n<meta property=\"article:publisher\" content=\"https:\/\/www.facebook.com\/stellenanzeigen.de\/\" \/>\n<meta name=\"twitter:label1\" content=\"Gesch\u00e4tzte Lesezeit\" \/>\n\t<meta name=\"twitter:data1\" content=\"1 Minute\" \/>\n<script type=\"application\/ld+json\" class=\"yoast-schema-graph\">{\"@context\":\"https:\/\/schema.org\",\"@graph\":[{\"@type\":\"WebPage\",\"@id\":\"https:\/\/www.stellenanzeigen.de\/careeasy\/teilnahmebedingungen\/\",\"url\":\"https:\/\/www.stellenanzeigen.de\/careeasy\/teilnahmebedingungen\/\",\"name\":\"Teilnahmebedingungen | careeasy - Dein Karrieremagazin\",\"isPartOf\":{\"@id\":\"https:\/\/www.stellenanzeigen.de\/careeasy\/#website\"},\"datePublished\":\"2020-05-14T10:36:15+00:00\",\"dateModified\":\"2020-05-14T10:36:15+00:00\",\"description\":\"Gewinnspiel (Teilnahmebedingungen) *Teilnahme an der Verlosung nur ab 18 Jahren. Von der Teilnahme ausgeschlossen sind Mitarbeiter der stellenanzeigen.de\",\"breadcrumb\":{\"@id\":\"https:\/\/www.stellenanzeigen.de\/careeasy\/teilnahmebedingungen\/#breadcrumb\"},\"inLanguage\":\"de-DE\",\"potentialAction\":[{\"@type\":\"ReadAction\",\"target\":[\"https:\/\/www.stellenanzeigen.de\/careeasy\/teilnahmebedingungen\/\"]}]},{\"@type\":\"BreadcrumbList\",\"@id\":\"https:\/\/www.stellenanzeigen.de\/careeasy\/teilnahmebedingungen\/#breadcrumb\",\"itemListElement\":[{\"@type\":\"ListItem\",\"position\":1,\"name\":\"Careeasy\",\"item\":\"https:\/\/www.stellenanzeigen.de\/careeasy\/\"},{\"@type\":\"ListItem\",\"position\":2,\"name\":\"Teilnahmebedingungen\"}]},{\"@type\":\"WebSite\",\"@id\":\"https:\/\/www.stellenanzeigen.de\/careeasy\/#website\",\"url\":\"https:\/\/www.stellenanzeigen.de\/careeasy\/\",\"name\":\"careeasy - Dein Karrieremagazin\",\"description\":\"\",\"publisher\":{\"@id\":\"https:\/\/www.stellenanzeigen.de\/careeasy\/#organization\"},\"potentialAction\":[{\"@type\":\"SearchAction\",\"target\":{\"@type\":\"EntryPoint\",\"urlTemplate\":\"https:\/\/www.stellenanzeigen.de\/careeasy\/?s={search_term_string}\"},\"query-input\":\"required name=search_term_string\"}],\"inLanguage\":\"de-DE\"},{\"@type\":\"Organization\",\"@id\":\"https:\/\/www.stellenanzeigen.de\/careeasy\/#organization\",\"name\":\"careeasy - Dein Karrieremagazin\",\"url\":\"https:\/\/www.stellenanzeigen.de\/careeasy\/\",\"logo\":{\"@type\":\"ImageObject\",\"inLanguage\":\"de-DE\",\"@id\":\"https:\/\/www.stellenanzeigen.de\/careeasy\/#\/schema\/logo\/image\/\",\"url\":\"https:\/\/www.stellenanzeigen.de\/careeasy\/wp-content\/uploads\/2024\/03\/careeasy_logo.jpg\",\"contentUrl\":\"https:\/\/www.stellenanzeigen.de\/careeasy\/wp-content\/uploads\/2024\/03\/careeasy_logo.jpg\",\"width\":701,\"height\":223,\"caption\":\"careeasy - Dein Karrieremagazin\"},\"image\":{\"@id\":\"https:\/\/www.stellenanzeigen.de\/careeasy\/#\/schema\/logo\/image\/\"},\"sameAs\":[\"https:\/\/www.facebook.com\/stellenanzeigen.de\/\"]}]}<\/script>\n<!-- \/ Yoast SEO plugin. -->","yoast_head_json":{"title":"Teilnahmebedingungen | careeasy - Dein Karrieremagazin","description":"Gewinnspiel (Teilnahmebedingungen) *Teilnahme an der Verlosung nur ab 18 Jahren. Von der Teilnahme ausgeschlossen sind Mitarbeiter der stellenanzeigen.de","robots":{"index":"index","follow":"follow","max-snippet":"max-snippet:-1","max-image-preview":"max-image-preview:large","max-video-preview":"max-video-preview:-1"},"canonical":"https:\/\/www.stellenanzeigen.de\/careeasy\/teilnahmebedingungen\/","og_locale":"de_DE","og_type":"article","og_title":"Teilnahmebedingungen | careeasy - Dein Karrieremagazin","og_description":"Gewinnspiel (Teilnahmebedingungen) *Teilnahme an der Verlosung nur ab 18 Jahren. Von der Teilnahme ausgeschlossen sind Mitarbeiter der stellenanzeigen.de","og_url":"https:\/\/www.stellenanzeigen.de\/careeasy\/teilnahmebedingungen\/","og_site_name":"careeasy - Dein Karrieremagazin","article_publisher":"https:\/\/www.facebook.com\/stellenanzeigen.de\/","twitter_misc":{"Gesch\u00e4tzte Lesezeit":"1 Minute"},"schema":{"@context":"https:\/\/schema.org","@graph":[{"@type":"WebPage","@id":"https:\/\/www.stellenanzeigen.de\/careeasy\/teilnahmebedingungen\/","url":"https:\/\/www.stellenanzeigen.de\/careeasy\/teilnahmebedingungen\/","name":"Teilnahmebedingungen | careeasy - Dein Karrieremagazin","isPartOf":{"@id":"https:\/\/www.stellenanzeigen.de\/careeasy\/#website"},"datePublished":"2020-05-14T10:36:15+00:00","dateModified":"2020-05-14T10:36:15+00:00","description":"Gewinnspiel (Teilnahmebedingungen) *Teilnahme an der Verlosung nur ab 18 Jahren. Von der Teilnahme ausgeschlossen sind Mitarbeiter der stellenanzeigen.de","breadcrumb":{"@id":"https:\/\/www.stellenanzeigen.de\/careeasy\/teilnahmebedingungen\/#breadcrumb"},"inLanguage":"de-DE","potentialAction":[{"@type":"ReadAction","target":["https:\/\/www.stellenanzeigen.de\/careeasy\/teilnahmebedingungen\/"]}]},{"@type":"BreadcrumbList","@id":"https:\/\/www.stellenanzeigen.de\/careeasy\/teilnahmebedingungen\/#breadcrumb","itemListElement":[{"@type":"ListItem","position":1,"name":"Careeasy","item":"https:\/\/www.stellenanzeigen.de\/careeasy\/"},{"@type":"ListItem","position":2,"name":"Teilnahmebedingungen"}]},{"@type":"WebSite","@id":"https:\/\/www.stellenanzeigen.de\/careeasy\/#website","url":"https:\/\/www.stellenanzeigen.de\/careeasy\/","name":"careeasy - Dein Karrieremagazin","description":"","publisher":{"@id":"https:\/\/www.stellenanzeigen.de\/careeasy\/#organization"},"potentialAction":[{"@type":"SearchAction","target":{"@type":"EntryPoint","urlTemplate":"https:\/\/www.stellenanzeigen.de\/careeasy\/?s={search_term_string}"},"query-input":"required name=search_term_string"}],"inLanguage":"de-DE"},{"@type":"Organization","@id":"https:\/\/www.stellenanzeigen.de\/careeasy\/#organization","name":"careeasy - Dein Karrieremagazin","url":"https:\/\/www.stellenanzeigen.de\/careeasy\/","logo":{"@type":"ImageObject","inLanguage":"de-DE","@id":"https:\/\/www.stellenanzeigen.de\/careeasy\/#\/schema\/logo\/image\/","url":"https:\/\/www.stellenanzeigen.de\/careeasy\/wp-content\/uploads\/2024\/03\/careeasy_logo.jpg","contentUrl":"https:\/\/www.stellenanzeigen.de\/careeasy\/wp-content\/uploads\/2024\/03\/careeasy_logo.jpg","width":701,"height":223,"caption":"careeasy - Dein Karrieremagazin"},"image":{"@id":"https:\/\/www.stellenanzeigen.de\/careeasy\/#\/schema\/logo\/image\/"},"sameAs":["https:\/\/www.facebook.com\/stellenanzeigen.de\/"]}]}},"uagb_featured_image_src":{"full":false,"thumbnail":false,"medium":false,"medium_large":false,"large":false,"1536x1536":false,"2048x2048":false,"neomag-medium":false,"neomag-big":false,"neomag-large":false,"neomag-huge":false},"uagb_author_info":{"display_name":"Simone Erber","author_link":"https:\/\/www.stellenanzeigen.de\/careeasy\/author\/simone-erber\/"},"uagb_comment_info":0,"uagb_excerpt":"Gewinnspiel (Teilnahmebedingungen) *Teilnahme an der Verlosung nur ab 18 Jahren. Von der Teilnahme ausgeschlossen sind Mitarbeiter der stellenanzeigen.de GmbH &amp; Co. KG sowie deren...","_links":{"self":[{"href":"https:\/\/www.stellenanzeigen.de\/careeasy\/wp-json\/wp\/v2\/pages\/74335"}],"collection":[{"href":"https:\/\/www.stellenanzeigen.de\/careeasy\/wp-json\/wp\/v2\/pages"}],"about":[{"href":"https:\/\/www.stellenanzeigen.de\/careeasy\/wp-json\/wp\/v2\/types\/page"}],"author":[{"embeddable":true,"href":"https:\/\/www.stellenanzeigen.de\/careeasy\/wp-json\/wp\/v2\/users\/129"}],"replies":[{"embeddable":true,"href":"https:\/\/www.stellenanzeigen.de\/careeasy\/wp-json\/wp\/v2\/comments?post=74335"}],"version-history":[{"count":3,"href":"https:\/\/www.stellenanzeigen.de\/careeasy\/wp-json\/wp\/v2\/pages\/74335\/revisions"}],"predecessor-version":[{"id":111759,"href":"https:\/\/www.stellenanzeigen.de\/careeasy\/wp-json\/wp\/v2\/pages\/74335\/revisions\/111759"}],"wp:attachment":[{"href":"https:\/\/www.stellenanzeigen.de\/careeasy\/wp-json\/wp\/v2\/media?parent=74335"}],"wp:term":[{"taxonomy":"category","embeddable":true,"href":"https:\/\/www.stellenanzeigen.de\/careeasy\/wp-json\/wp\/v2\/categories?post=74335"},{"taxonomy":"post_tag","embeddable":true,"href":"https:\/\/www.stellenanzeigen.de\/careeasy\/wp-json\/wp\/v2\/tags?post=74335"}],"curies":[{"name":"wp","href":"https:\/\/api.w.org\/{rel}","templated":true}]}}