{"id":23516,"date":"2020-05-08T08:31:31","date_gmt":"2020-05-08T08:31:31","guid":{"rendered":"https:\/\/www.stellenanzeigen.de\/careeasy\/?page_id=23516"},"modified":"2023-12-06T15:33:41","modified_gmt":"2023-12-06T14:33:41","slug":"bauingenieur-in","status":"publish","type":"page","link":"https:\/\/www.stellenanzeigen.de\/careeasy\/bewerbung\/bauingenieur-in\/","title":{"rendered":"Bewerbungsvorlage Bauingenieur\/in"},"content":{"rendered":"\n<figure class=\"wp-block-image alignwide size-full wp-image-23559\"><img loading=\"lazy\" decoding=\"async\" width=\"724\" height=\"482\" src=\"https:\/\/www.stellenanzeigen.de\/careeasy\/wp-content\/uploads\/2020\/05\/bewerbung-bauingenieur.jpg\" alt=\"Bewerbung Bauingenieur\" class=\"wp-image-23559\" srcset=\"https:\/\/www.stellenanzeigen.de\/careeasy\/wp-content\/uploads\/2020\/05\/bewerbung-bauingenieur.jpg 724w, https:\/\/www.stellenanzeigen.de\/careeasy\/wp-content\/uploads\/2020\/05\/bewerbung-bauingenieur-272x182.jpg 272w\" sizes=\"auto, (max-width: 724px) 100vw, 724px\" \/><figcaption class=\"wp-element-caption\">Bewerbungsvorlage Bauingenieur\/in &#8211; Copyright: sturti<\/figcaption><\/figure>\n\n\n\n<div class=\"wp-block-columns alignwide pdf-teaser is-layout-flex wp-container-core-columns-is-layout-9d6595d7 wp-block-columns-is-layout-flex\">\n<div class=\"wp-block-column pdf-thumbnail is-layout-flow wp-block-column-is-layout-flow\" style=\"flex-basis:35%\"><div class=\"wp-block-image\">\n<figure class=\"aligncenter size-large\"><img loading=\"lazy\" decoding=\"async\" width=\"300\" height=\"424\" src=\"https:\/\/www.stellenanzeigen.de\/careeasy\/wp-content\/uploads\/2020\/05\/Ingenieur-pdf-image.jpg\" alt=\"Bewerbungsvorlage Bauingenieur\/in\" class=\"wp-image-85402\"\/><\/figure>\n<\/div>\n\n\n<p><\/p>\n<\/div>\n\n\n\n<div class=\"wp-block-column teaser-box is-layout-flow wp-block-column-is-layout-flow\" style=\"flex-basis:65%\">\n<p>Die <a href=\"https:\/\/www.stellenanzeigen.de\/careeasy\/bewerbung\/\">Bewerbungsvorlage<\/a> zum Beruf <a href=\"https:\/\/www.stellenanzeigen.de\/jobs\/bauingenieur-in\/\">Bauingenieur\/in<\/a> liegt bei Stellenanzeigen.de als Musterbewerbung vor und kann dort kostenlos von dir heruntergeladen werden. Die Musterbewerbung kannst du dann auch f\u00fcr deine pers\u00f6nliche Bewerbung als Bewerbungsvorlage verwenden und eventuell einige Ideen f\u00fcr die Struktur und den Inhalt aus der Musterbewerbung f\u00fcr deine eigene Bewerbung mitnehmen.<\/p>\n\n\n\n<div class=\"wp-block-buttons is-layout-flex wp-block-buttons-is-layout-flex\">\n<div class=\"wp-block-button\"><a class=\"wp-block-button__link has-background wp-element-button\" href=\"https:\/\/www.stellenanzeigen.de\/careeasy\/bewerbung\/bauingenieur-in\/#pdf-download\" style=\"background-color:#2b85b9\">Vorlage Anfordern<\/a><\/div>\n<\/div>\n<\/div>\n<\/div>\n\n\n<h3>Bestandteile der Musterbewerbung Bauingenieur\/in<\/h3>\n<p>Deine Bewerbung zum\/zur Bauingenieur\/in sollte in jedem Fall ein Anschreiben, deinen Lebenslauf und dein Bachelor- oder Masterzeugnis oder dein Diplom beinhalten. Da Bauingenieur\/in ein akademischer Beruf ist, muss ein Nachweis f\u00fcr ein abgeschlossenes Studium im Bauingenieurswesen auf jeden Fall in der Bewerbung vorhanden sein. Des Weiteren ist das Anschreiben ein Bestandteil, in welchem beschrieben wird, warum man die Anstellung gerne h\u00e4tte und weshalb man sich als qualifiziert daf\u00fcr sieht. Wie in der Musterbewerbung, solltest du dabei allerdings nicht zu ausschweifend werden und nur die wichtigsten Punkte in den Flie\u00dftext des Anschreibens mit hineinformulieren. Die genaueren Informationen zu deinem Werdegang stehen dann im <a class=\"wpil_keyword_link\" title=\"Lebenslauf\" href=\"https:\/\/www.stellenanzeigen.de\/careeasy\/lebenslauf-vorlagen-sde106864\/\" data-wpil-keyword-link=\"linked\">Lebenslauf<\/a>. Dort stellst du chronologisch geordnet alle Stationen deiner schulischen und akademischen Ausbildung dar und auch deine eventuell bereits gesammelte Berufserfahrung. Im Lebenslauf solltest du alle Stationen mit zeitlichen Angaben versehen und besonders darauf achten, dass dein Lebenslauf keine L\u00fccken aufweist.<\/p>\n<h3>Vorbereitung auf das Vorstellungsgespr\u00e4ch<\/h3>\n<p>Zu jedem Vorstellungsgespr\u00e4ch solltest du gut vorbereitet erscheinen. Es ist die n\u00e4chste Stufe im Bewerbungsprozess erreicht, nachdem du eine Einladung zum Gespr\u00e4ch erhalten hast und der Arbeitgeber deine Bewerbung in schriftlicher Form f\u00fcr gut genug befunden hat. Stelle zum Gespr\u00e4ch ein gepflegtes und professionelles Auftreten sicher. Auch die Anfahrt zum Ort des Gespr\u00e4ches solltest du bereits gut kennen, um auf jeden Fall rechtzeitig zum Gespr\u00e4ch zu erscheinen und nicht gleich einen unp\u00fcnktlichen Eindruck zu hinterlassen. Bauingenieur ist ein akademischer Beruf, f\u00fcr den du einige Jahre Studium bew\u00e4ltigt hast, um ihn aus\u00fcben zu k\u00f6nnen. Du solltest also mit Sicherheit vermitteln k\u00f6nnen, warum du Bauingenieur sein m\u00f6chtest. Allerdings solltest du auch glaubhaft r\u00fcberbringen, warum gerade dieser Arbeitgeber, der von dir gew\u00fcnschte ist und dabei bestenfalls auch deine Spezialisierung in ein bestimmtes Fachgebiet ins Spiel bringen. Stelle ein selbstbewusstes Auftreten sicher und bereite die Argumente f\u00fcr dich vor, die deine Qualifikationen und eventuellen Erfahrungen hervorheben und dich dem Arbeitgeber als gute Wahl zu verkaufen. Auch solltest du \u00fcber deine letzte Station zu berichten wissen. Also was du entweder in der Universit\u00e4t oder bei deinem letzten Arbeitgeber genau getan hast und wie dich das eventuell besonders f\u00fcr eben diesen neuen Job qualifiziert.<\/p>\n<hr \/>\n<h2><a href=\"https:\/\/www.stellenanzeigen.de\/jobs\/bauingenieur-in\/\" target=\"_blank\" rel=\"noopener noreferrer\">Bauingenieur Jobs<\/a><\/h2>\n<hr \/>\n<div id=\"suchwidgetErgebnisliste\">\u00a0<\/div>\n<div id=\"StellenanzeigenSuchwidget\" tabindex=\"-1\">\u00a0<\/div>\n<p><script><br \/>\n  var config = {<br \/>\n    apiKey : 'FBEB08FBC7BB75349E26C51C530F79BF',<br \/>\n    resultsPerPage : 3,<br \/>\n    searchRadius : 60,<br \/>\n    fulltext : 'Bauingenieur',<br \/>\n    city : null,<br \/>\n    category : null,<br \/>\n    subCategories : null<br \/>\n  };<br \/>\n<\/script><script type=\"text\/javascript\" src=\"https:\/\/app.stellenanzeigen.de\/widget\/init.js\"><\/script><\/p>\n<hr \/>\n<h3>Fragen und Antwortm\u00f6glichkeiten im Vorstellungsgespr\u00e4ch<\/h3>\n<h3>Was sind Ihre Schw\u00e4chen?<\/h3>\n<p>Es bringt nichts zu sagen, dass man keine Schw\u00e4chen h\u00e4tte und es w\u00e4re auch gelogen, denn jeder Mensch hat nun einmal seine Schw\u00e4chen. Gehe in dich und sei dir bewusst dar\u00fcber, in welchen Bereichen du bei dir noch Potenzial f\u00fcr Verbesserungen siehst und wie du das gut formulieren k\u00f6nntest. Finde eine gute Balance und Darstellungsform f\u00fcr deine Schw\u00e4chen, ohne dabei unehrlich zu werden.<\/p>\n<h3>Was gef\u00e4llt Ihnen an dem Job am besten?<\/h3>\n<p>Auch hier wieder eine Frage, die einfach zu beantworten sein sollte. Du wirst wissen, warum du Bauingenieur\/in werden wolltest und sicherlich eine Antwort parat haben. Die Antwort sollte vor Allem auf die T\u00e4tigkeiten dieses Berufes abzielen und weniger auf Dinge wie Gehalt oder Status, falls dich auch diese zu der Karriereentscheidung bewegt haben sollten.<\/p>\n\n\n<div class=\"wp-block-group alignwide\" id=\"pdf-download\"><div class=\"wp-block-group__inner-container is-layout-flow wp-block-group-is-layout-flow\">\n<div class=\"wp-block-columns pdf-download is-layout-flex wp-container-core-columns-is-layout-9d6595d7 wp-block-columns-is-layout-flex\">\n<div class=\"wp-block-column pdf-thumbnail is-layout-flow wp-block-column-is-layout-flow\" style=\"flex-basis:35%\">\n<figure class=\"wp-block-image size-large\"><img loading=\"lazy\" decoding=\"async\" width=\"300\" height=\"424\" src=\"https:\/\/www.stellenanzeigen.de\/careeasy\/wp-content\/uploads\/2020\/05\/Ingenieur-pdf-image.jpg\" alt=\"Bewerbungsvorlage Bauingenieur\/in\" class=\"wp-image-85402\"\/><\/figure>\n\n\n\n<p><\/p>\n<\/div>\n\n\n\n<div class=\"wp-block-column subscribe-box is-layout-flow wp-block-column-is-layout-flow\" style=\"flex-basis:65%\">\n\n\t\t\t<form id=\"sib_signup_form_15\" method=\"post\" class=\"sib_signup_form\">\n\t\t\t\t<div class=\"sib_loader\" style=\"display:none;\"><img\n\t\t\t\t\t\t\tsrc=\"https:\/\/www.stellenanzeigen.de\/careeasy\/wp-includes\/images\/spinner.gif\" alt=\"loader\"><\/div>\n\t\t\t\t<input type=\"hidden\" name=\"sib_form_action\" value=\"subscribe_form_submit\">\n\t\t\t\t<input type=\"hidden\" name=\"sib_form_id\" value=\"15\">\n                <input type=\"hidden\" name=\"sib_form_alert_notice\" value=\"Bitte f\u00fclle das Feld aus\">\n                <input type=\"hidden\" name=\"sib_form_invalid_email_notice\" value=\"Deine E-Mail Adresse ist ung\u00fcltig\">\n                <input type=\"hidden\" name=\"sib_security\" value=\"06133a707f\">\n\t\t\t\t<div class=\"sib_signup_box_inside_15\">\n\t\t\t\t\t<div style=\"\/*display:none*\/\" class=\"sib_msg_disp\">\n\t\t\t\t\t<\/div>\n                    \t\t\t\t\t<p style=\"font-size:21px;text-align:left;font-family: 'Helvetica',sans-serif;color:#2b85b9;background-color:transparent\"><strong>Jetzt Bewerbungsvorlage als Bauingenieur\/in anfordern und f\u00fcr den Newsletter anmelden<\/strong><\/p>\r\n<p class=\"sib-email-area\">\r\n    <label>E-Mail-Adresse <span style=\"color: red\">*<\/span><\/label>\r\n    <input type=\"email\" class=\"sib-email-area\" name=\"email\" required=\"required\" placeholder=\"E-Mail-Adresse\">\r\n<\/p>\r\n<p class=\"sib-terms\"><input type=\"checkbox\" name=\"terms\" required=\"required\"><label>Ich bin damit einverstanden, dass meine E-Mailadresse f\u00fcr Werbezwecke per Newsletter genutzt wird und akzeptiere die <a href=\"https:\/\/www.stellenanzeigen.de\/arbeitgeber\/datenschutzerklaerung\/\">Datenschutzerkl\u00e4rung <span style=\"color: red\">*<\/span><\/a><\/label><\/p>\r\n<p style=\"font-size:12px;text-align:left;font-family: 'Helvetica',sans-serif;color:#8390A4\">Du kannst den Newsletter jederzeit \u00fcber den Abmeldelink in der Fu\u00dfzeile unserer E-Mails abbestellen.<\/p>\r\n<input type=\"submit\" class=\"sib-default-btn\" value=\"Bewerbungsvorlage anfordern\">\t\t\t\t<\/div>\n\t\t\t<\/form>\n\t\t\t<style>\n\t\t\t\tform#sib_signup_form_15 p.sib-alert-message {\n    padding: 6px 12px;\n    margin-bottom: 20px;\n    border: 1px solid transparent;\n    border-radius: 4px;\n    -webkit-box-sizing: border-box;\n    -moz-box-sizing: border-box;\n    box-sizing: border-box;\n}\nform#sib_signup_form_15 p.sib-alert-message-error {\n    background-color: #f2dede;\n    border-color: #ebccd1;\n    color: #a94442;\n}\nform#sib_signup_form_15 p.sib-alert-message-success {\n    background-color: #dff0d8;\n    border-color: #d6e9c6;\n    color: #3c763d;\n}\nform#sib_signup_form_15 p.sib-alert-message-warning {\n    background-color: #fcf8e3;\n    border-color: #faebcc;\n    color: #8a6d3b;\n}\n\t\t\t<\/style>\n\t\t\t\n<\/div>\n<\/div>\n<\/div><\/div>\n","protected":false},"excerpt":{"rendered":"<p>Die Bewerbungsvorlage zum Beruf Bauingenieur\/in liegt bei Stellenanzeigen.de als Musterbewerbung vor und kann dort kostenlos von dir heruntergeladen werden. Die Musterbewerbung kannst du dann&#8230;<\/p>\n","protected":false},"author":103,"featured_media":0,"parent":14008,"menu_order":0,"comment_status":"closed","ping_status":"closed","template":"","meta":{"_uag_custom_page_level_css":"","footnotes":""},"categories":[],"tags":[],"class_list":["post-23516","page","type-page","status-publish","hentry","entry","post-no-thumbnail"],"yoast_head":"<!-- This site is optimized with the Yoast SEO plugin v27.5 - https:\/\/yoast.com\/product\/yoast-seo-wordpress\/ -->\n<title>Bewerbungsvorlage Bauingenieur\/in Bewerbungsmuster<\/title>\n<meta name=\"description\" content=\"Die Bewerbungsvorlage zum Beruf Bauingenieur\/in liegt bei Stellenanzeigen.de als Musterbewerbung vor und kann dort kostenlos von dir heruntergeladen werden.\" \/>\n<meta name=\"robots\" content=\"index, follow, max-snippet:-1, max-image-preview:large, max-video-preview:-1\" \/>\n<link rel=\"canonical\" href=\"https:\/\/www.stellenanzeigen.de\/careeasy\/bewerbung\/bauingenieur-in\/\" \/>\n<meta property=\"og:locale\" content=\"de_DE\" \/>\n<meta property=\"og:type\" content=\"article\" \/>\n<meta property=\"og:title\" content=\"Bewerbungsvorlage Bauingenieur\/in Bewerbungsmuster\" \/>\n<meta property=\"og:description\" content=\"Die Bewerbungsvorlage zum Beruf Bauingenieur\/in liegt bei Stellenanzeigen.de als Musterbewerbung vor und kann dort kostenlos von dir heruntergeladen werden.\" \/>\n<meta property=\"og:url\" content=\"https:\/\/www.stellenanzeigen.de\/careeasy\/bewerbung\/bauingenieur-in\/\" \/>\n<meta property=\"og:site_name\" content=\"careeasy - Dein Karrieremagazin\" \/>\n<meta property=\"article:publisher\" content=\"https:\/\/www.facebook.com\/stellenanzeigen.de\/\" \/>\n<meta property=\"article:modified_time\" content=\"2023-12-06T14:33:41+00:00\" \/>\n<meta property=\"og:image\" content=\"https:\/\/www.stellenanzeigen.de\/careeasy\/wp-content\/uploads\/2020\/05\/bewerbung-bauingenieur.jpg\" \/>\n<meta name=\"twitter:label1\" content=\"Gesch\u00e4tzte Lesezeit\" \/>\n\t<meta name=\"twitter:data1\" content=\"4\u00a0Minuten\" \/>\n<script type=\"application\/ld+json\" class=\"yoast-schema-graph\">{\"@context\":\"https:\\\/\\\/schema.org\",\"@graph\":[{\"@type\":\"WebPage\",\"@id\":\"https:\\\/\\\/www.stellenanzeigen.de\\\/careeasy\\\/bewerbung\\\/bauingenieur-in\\\/\",\"url\":\"https:\\\/\\\/www.stellenanzeigen.de\\\/careeasy\\\/bewerbung\\\/bauingenieur-in\\\/\",\"name\":\"Bewerbungsvorlage Bauingenieur\\\/in Bewerbungsmuster\",\"isPartOf\":{\"@id\":\"https:\\\/\\\/www.stellenanzeigen.de\\\/careeasy\\\/#website\"},\"primaryImageOfPage\":{\"@id\":\"https:\\\/\\\/www.stellenanzeigen.de\\\/careeasy\\\/bewerbung\\\/bauingenieur-in\\\/#primaryimage\"},\"image\":{\"@id\":\"https:\\\/\\\/www.stellenanzeigen.de\\\/careeasy\\\/bewerbung\\\/bauingenieur-in\\\/#primaryimage\"},\"thumbnailUrl\":\"https:\\\/\\\/www.stellenanzeigen.de\\\/careeasy\\\/wp-content\\\/uploads\\\/2020\\\/05\\\/bewerbung-bauingenieur.jpg\",\"datePublished\":\"2020-05-08T08:31:31+00:00\",\"dateModified\":\"2023-12-06T14:33:41+00:00\",\"description\":\"Die Bewerbungsvorlage zum Beruf Bauingenieur\\\/in liegt bei Stellenanzeigen.de als Musterbewerbung vor und kann dort kostenlos von dir heruntergeladen werden.\",\"breadcrumb\":{\"@id\":\"https:\\\/\\\/www.stellenanzeigen.de\\\/careeasy\\\/bewerbung\\\/bauingenieur-in\\\/#breadcrumb\"},\"inLanguage\":\"de\",\"potentialAction\":[{\"@type\":\"ReadAction\",\"target\":[\"https:\\\/\\\/www.stellenanzeigen.de\\\/careeasy\\\/bewerbung\\\/bauingenieur-in\\\/\"]}]},{\"@type\":\"ImageObject\",\"inLanguage\":\"de\",\"@id\":\"https:\\\/\\\/www.stellenanzeigen.de\\\/careeasy\\\/bewerbung\\\/bauingenieur-in\\\/#primaryimage\",\"url\":\"https:\\\/\\\/www.stellenanzeigen.de\\\/careeasy\\\/wp-content\\\/uploads\\\/2020\\\/05\\\/bewerbung-bauingenieur.jpg\",\"contentUrl\":\"https:\\\/\\\/www.stellenanzeigen.de\\\/careeasy\\\/wp-content\\\/uploads\\\/2020\\\/05\\\/bewerbung-bauingenieur.jpg\",\"width\":724,\"height\":482,\"caption\":\"Bewerbungsvorlage Bauingenieur\\\/in - Copyright: sturti\"},{\"@type\":\"BreadcrumbList\",\"@id\":\"https:\\\/\\\/www.stellenanzeigen.de\\\/careeasy\\\/bewerbung\\\/bauingenieur-in\\\/#breadcrumb\",\"itemListElement\":[{\"@type\":\"ListItem\",\"position\":1,\"name\":\"Careeasy\",\"item\":\"https:\\\/\\\/www.stellenanzeigen.de\\\/careeasy\\\/\"},{\"@type\":\"ListItem\",\"position\":2,\"name\":\"Bewerbungsvorlagen &#038; Bewerbungsmuster\",\"item\":\"https:\\\/\\\/www.stellenanzeigen.de\\\/careeasy\\\/bewerbung\\\/\"},{\"@type\":\"ListItem\",\"position\":3,\"name\":\"Bewerbungsvorlage Bauingenieur\\\/in\"}]},{\"@type\":\"WebSite\",\"@id\":\"https:\\\/\\\/www.stellenanzeigen.de\\\/careeasy\\\/#website\",\"url\":\"https:\\\/\\\/www.stellenanzeigen.de\\\/careeasy\\\/\",\"name\":\"careeasy - Dein Karrieremagazin\",\"description\":\"\",\"publisher\":{\"@id\":\"https:\\\/\\\/www.stellenanzeigen.de\\\/careeasy\\\/#organization\"},\"potentialAction\":[{\"@type\":\"SearchAction\",\"target\":{\"@type\":\"EntryPoint\",\"urlTemplate\":\"https:\\\/\\\/www.stellenanzeigen.de\\\/careeasy\\\/?s={search_term_string}\"},\"query-input\":{\"@type\":\"PropertyValueSpecification\",\"valueRequired\":true,\"valueName\":\"search_term_string\"}}],\"inLanguage\":\"de\"},{\"@type\":\"Organization\",\"@id\":\"https:\\\/\\\/www.stellenanzeigen.de\\\/careeasy\\\/#organization\",\"name\":\"careeasy - Dein Karrieremagazin\",\"url\":\"https:\\\/\\\/www.stellenanzeigen.de\\\/careeasy\\\/\",\"logo\":{\"@type\":\"ImageObject\",\"inLanguage\":\"de\",\"@id\":\"https:\\\/\\\/www.stellenanzeigen.de\\\/careeasy\\\/#\\\/schema\\\/logo\\\/image\\\/\",\"url\":\"https:\\\/\\\/www.stellenanzeigen.de\\\/careeasy\\\/wp-content\\\/uploads\\\/2024\\\/03\\\/careeasy_logo.jpg\",\"contentUrl\":\"https:\\\/\\\/www.stellenanzeigen.de\\\/careeasy\\\/wp-content\\\/uploads\\\/2024\\\/03\\\/careeasy_logo.jpg\",\"width\":701,\"height\":223,\"caption\":\"careeasy - Dein Karrieremagazin\"},\"image\":{\"@id\":\"https:\\\/\\\/www.stellenanzeigen.de\\\/careeasy\\\/#\\\/schema\\\/logo\\\/image\\\/\"},\"sameAs\":[\"https:\\\/\\\/www.facebook.com\\\/stellenanzeigen.de\\\/\"]}]}<\/script>\n<!-- \/ Yoast SEO plugin. -->","yoast_head_json":{"title":"Bewerbungsvorlage Bauingenieur\/in Bewerbungsmuster","description":"Die Bewerbungsvorlage zum Beruf Bauingenieur\/in liegt bei Stellenanzeigen.de als Musterbewerbung vor und kann dort kostenlos von dir heruntergeladen werden.","robots":{"index":"index","follow":"follow","max-snippet":"max-snippet:-1","max-image-preview":"max-image-preview:large","max-video-preview":"max-video-preview:-1"},"canonical":"https:\/\/www.stellenanzeigen.de\/careeasy\/bewerbung\/bauingenieur-in\/","og_locale":"de_DE","og_type":"article","og_title":"Bewerbungsvorlage Bauingenieur\/in Bewerbungsmuster","og_description":"Die Bewerbungsvorlage zum Beruf Bauingenieur\/in liegt bei Stellenanzeigen.de als Musterbewerbung vor und kann dort kostenlos von dir heruntergeladen werden.","og_url":"https:\/\/www.stellenanzeigen.de\/careeasy\/bewerbung\/bauingenieur-in\/","og_site_name":"careeasy - Dein Karrieremagazin","article_publisher":"https:\/\/www.facebook.com\/stellenanzeigen.de\/","article_modified_time":"2023-12-06T14:33:41+00:00","og_image":[{"url":"https:\/\/www.stellenanzeigen.de\/careeasy\/wp-content\/uploads\/2020\/05\/bewerbung-bauingenieur.jpg","type":"","width":"","height":""}],"twitter_misc":{"Gesch\u00e4tzte Lesezeit":"4\u00a0Minuten"},"schema":{"@context":"https:\/\/schema.org","@graph":[{"@type":"WebPage","@id":"https:\/\/www.stellenanzeigen.de\/careeasy\/bewerbung\/bauingenieur-in\/","url":"https:\/\/www.stellenanzeigen.de\/careeasy\/bewerbung\/bauingenieur-in\/","name":"Bewerbungsvorlage Bauingenieur\/in Bewerbungsmuster","isPartOf":{"@id":"https:\/\/www.stellenanzeigen.de\/careeasy\/#website"},"primaryImageOfPage":{"@id":"https:\/\/www.stellenanzeigen.de\/careeasy\/bewerbung\/bauingenieur-in\/#primaryimage"},"image":{"@id":"https:\/\/www.stellenanzeigen.de\/careeasy\/bewerbung\/bauingenieur-in\/#primaryimage"},"thumbnailUrl":"https:\/\/www.stellenanzeigen.de\/careeasy\/wp-content\/uploads\/2020\/05\/bewerbung-bauingenieur.jpg","datePublished":"2020-05-08T08:31:31+00:00","dateModified":"2023-12-06T14:33:41+00:00","description":"Die Bewerbungsvorlage zum Beruf Bauingenieur\/in liegt bei Stellenanzeigen.de als Musterbewerbung vor und kann dort kostenlos von dir heruntergeladen werden.","breadcrumb":{"@id":"https:\/\/www.stellenanzeigen.de\/careeasy\/bewerbung\/bauingenieur-in\/#breadcrumb"},"inLanguage":"de","potentialAction":[{"@type":"ReadAction","target":["https:\/\/www.stellenanzeigen.de\/careeasy\/bewerbung\/bauingenieur-in\/"]}]},{"@type":"ImageObject","inLanguage":"de","@id":"https:\/\/www.stellenanzeigen.de\/careeasy\/bewerbung\/bauingenieur-in\/#primaryimage","url":"https:\/\/www.stellenanzeigen.de\/careeasy\/wp-content\/uploads\/2020\/05\/bewerbung-bauingenieur.jpg","contentUrl":"https:\/\/www.stellenanzeigen.de\/careeasy\/wp-content\/uploads\/2020\/05\/bewerbung-bauingenieur.jpg","width":724,"height":482,"caption":"Bewerbungsvorlage Bauingenieur\/in - Copyright: sturti"},{"@type":"BreadcrumbList","@id":"https:\/\/www.stellenanzeigen.de\/careeasy\/bewerbung\/bauingenieur-in\/#breadcrumb","itemListElement":[{"@type":"ListItem","position":1,"name":"Careeasy","item":"https:\/\/www.stellenanzeigen.de\/careeasy\/"},{"@type":"ListItem","position":2,"name":"Bewerbungsvorlagen &#038; Bewerbungsmuster","item":"https:\/\/www.stellenanzeigen.de\/careeasy\/bewerbung\/"},{"@type":"ListItem","position":3,"name":"Bewerbungsvorlage Bauingenieur\/in"}]},{"@type":"WebSite","@id":"https:\/\/www.stellenanzeigen.de\/careeasy\/#website","url":"https:\/\/www.stellenanzeigen.de\/careeasy\/","name":"careeasy - Dein Karrieremagazin","description":"","publisher":{"@id":"https:\/\/www.stellenanzeigen.de\/careeasy\/#organization"},"potentialAction":[{"@type":"SearchAction","target":{"@type":"EntryPoint","urlTemplate":"https:\/\/www.stellenanzeigen.de\/careeasy\/?s={search_term_string}"},"query-input":{"@type":"PropertyValueSpecification","valueRequired":true,"valueName":"search_term_string"}}],"inLanguage":"de"},{"@type":"Organization","@id":"https:\/\/www.stellenanzeigen.de\/careeasy\/#organization","name":"careeasy - Dein Karrieremagazin","url":"https:\/\/www.stellenanzeigen.de\/careeasy\/","logo":{"@type":"ImageObject","inLanguage":"de","@id":"https:\/\/www.stellenanzeigen.de\/careeasy\/#\/schema\/logo\/image\/","url":"https:\/\/www.stellenanzeigen.de\/careeasy\/wp-content\/uploads\/2024\/03\/careeasy_logo.jpg","contentUrl":"https:\/\/www.stellenanzeigen.de\/careeasy\/wp-content\/uploads\/2024\/03\/careeasy_logo.jpg","width":701,"height":223,"caption":"careeasy - Dein Karrieremagazin"},"image":{"@id":"https:\/\/www.stellenanzeigen.de\/careeasy\/#\/schema\/logo\/image\/"},"sameAs":["https:\/\/www.facebook.com\/stellenanzeigen.de\/"]}]}},"uagb_featured_image_src":{"full":false,"thumbnail":false,"medium":false,"medium_large":false,"large":false,"1536x1536":false,"2048x2048":false,"neomag-medium":false,"neomag-big":false,"neomag-large":false,"neomag-huge":false},"uagb_author_info":{"display_name":"stellenanzeigen.de","author_link":"https:\/\/www.stellenanzeigen.de\/careeasy\/author\/stellenanzeigen-de\/"},"uagb_comment_info":0,"uagb_excerpt":"Die Bewerbungsvorlage zum Beruf Bauingenieur\/in liegt bei Stellenanzeigen.de als Musterbewerbung vor und kann dort kostenlos von dir heruntergeladen werden. Die Musterbewerbung kannst du dann...","_links":{"self":[{"href":"https:\/\/www.stellenanzeigen.de\/careeasy\/wp-json\/wp\/v2\/pages\/23516","targetHints":{"allow":["GET"]}}],"collection":[{"href":"https:\/\/www.stellenanzeigen.de\/careeasy\/wp-json\/wp\/v2\/pages"}],"about":[{"href":"https:\/\/www.stellenanzeigen.de\/careeasy\/wp-json\/wp\/v2\/types\/page"}],"author":[{"embeddable":true,"href":"https:\/\/www.stellenanzeigen.de\/careeasy\/wp-json\/wp\/v2\/users\/103"}],"replies":[{"embeddable":true,"href":"https:\/\/www.stellenanzeigen.de\/careeasy\/wp-json\/wp\/v2\/comments?post=23516"}],"version-history":[{"count":13,"href":"https:\/\/www.stellenanzeigen.de\/careeasy\/wp-json\/wp\/v2\/pages\/23516\/revisions"}],"predecessor-version":[{"id":115956,"href":"https:\/\/www.stellenanzeigen.de\/careeasy\/wp-json\/wp\/v2\/pages\/23516\/revisions\/115956"}],"up":[{"embeddable":true,"href":"https:\/\/www.stellenanzeigen.de\/careeasy\/wp-json\/wp\/v2\/pages\/14008"}],"wp:attachment":[{"href":"https:\/\/www.stellenanzeigen.de\/careeasy\/wp-json\/wp\/v2\/media?parent=23516"}],"wp:term":[{"taxonomy":"category","embeddable":true,"href":"https:\/\/www.stellenanzeigen.de\/careeasy\/wp-json\/wp\/v2\/categories?post=23516"},{"taxonomy":"post_tag","embeddable":true,"href":"https:\/\/www.stellenanzeigen.de\/careeasy\/wp-json\/wp\/v2\/tags?post=23516"}],"curies":[{"name":"wp","href":"https:\/\/api.w.org\/{rel}","templated":true}]}}