{"id":23372,"date":"2020-05-08T08:13:09","date_gmt":"2020-05-08T08:13:09","guid":{"rendered":"https:\/\/www.stellenanzeigen.de\/careeasy\/?page_id=23372"},"modified":"2023-10-06T10:58:04","modified_gmt":"2023-10-06T08:58:04","slug":"automobilkaufmann-frau","status":"publish","type":"page","link":"https:\/\/www.stellenanzeigen.de\/careeasy\/bewerbung\/automobilkaufmann-frau\/","title":{"rendered":"Bewerbungsvorlage Automobilkaufmann\/frau"},"content":{"rendered":"\n<figure class=\"wp-block-image alignwide size-full wp-image-23417\"><img loading=\"lazy\" decoding=\"async\" width=\"736\" height=\"474\" src=\"https:\/\/www.stellenanzeigen.de\/careeasy\/wp-content\/uploads\/2020\/05\/bewerbung-automobilkaufmann.jpg\" alt=\"Bewerbung Automobilkaufmann\" class=\"wp-image-23417\"\/><figcaption>Bewerbungsvorlage Automobilkaufmann &#8211; Copyright: Mintr<\/figcaption><\/figure>\n\n\n\n<div class=\"wp-block-columns alignwide pdf-teaser is-layout-flex wp-container-core-columns-is-layout-9d6595d7 wp-block-columns-is-layout-flex\">\n<div class=\"wp-block-column pdf-thumbnail is-layout-flow wp-block-column-is-layout-flow\" style=\"flex-basis:35%\">\n<div class=\"wp-block-image\"><figure class=\"aligncenter size-large\"><img loading=\"lazy\" decoding=\"async\" width=\"300\" height=\"424\" src=\"https:\/\/www.stellenanzeigen.de\/careeasy\/wp-content\/uploads\/2020\/05\/Automobilkaufmann-pdf-image.jpg\" alt=\"Bewerbungsvorlage Automobilkaufmann\/frau\" class=\"wp-image-85401\"\/><\/figure><\/div>\n\n\n\n<p><\/p>\n<\/div>\n\n\n\n<div class=\"wp-block-column teaser-box is-layout-flow wp-block-column-is-layout-flow\" style=\"flex-basis:65%\">\n<p>Die Bewerbungsvorlage f\u00fcr eine <a href=\"https:\/\/www.stellenanzeigen.de\/careeasy\/bewerbung\/\">Bewerbung<\/a> als Automobilkaufmann\/frau, kannst du dir als Bewerbungsvorlage f\u00fcr eure eigene Bewerbung auf <a href=\"https:\/\/www.stellenanzeigen.de\/\">Stellenanzeigen.de<\/a> kostenlos herunterladen. Eine Bewerbungsvorlage kann hilfreich sein, f\u00fcr die Struktur und den Inhalt der eigenen Bewerbung f\u00fcr die Arbeit als Automobilkaufmann\/frau. Die pers\u00f6nliche Bewerbung sollte nat\u00fcrlich nur die Ideen der Musterbewerbung \u00fcbernehmen und ansonsten pers\u00f6nlich von dir gestaltet werden.<\/p>\n\n\n\n<div class=\"wp-block-buttons is-layout-flex wp-block-buttons-is-layout-flex\">\n<div class=\"wp-block-button\"><a class=\"wp-block-button__link has-background no-border-radius\" href=\"https:\/\/www.stellenanzeigen.de\/careeasy\/bewerbung\/automobilkaufmann-frau\/#pdf-download\" style=\"background-color:#2b85b9\">Vorlage Anfordern<\/a><\/div>\n<\/div>\n<\/div>\n<\/div>\n\n\n<div class=\"mceTemp\">&nbsp;<\/div>\n<h3>Bestandteile der Musterbewerbung Automobilkaufmann\/frau<\/h3>\n<p>Zu einer Musterbewerbung zum\/zur Automobilkaufmann\/frau geh\u00f6ren immer ein Anschreiben und auch ein <a class=\"wpil_keyword_link\" href=\"https:\/\/www.stellenanzeigen.de\/careeasy\/lebenslauf-vorlagen-sde106864\/\"   title=\"Lebenslauf\" data-wpil-keyword-link=\"linked\">Lebenslauf<\/a>. Im Anschreiben solltest du deinem m\u00f6glichem Arbeitgeber er\u00f6ffnen, warum du diese <a href=\"https:\/\/www.stellenanzeigen.de\/glossar\/\">Stelle<\/a> gerne h\u00e4ttest und warum in eben diesem Autohaus. Zus\u00e4tzlich solltest du den Arbeitgeber auch schon wissen lassen, was dich f\u00fcr diese Stelle qualifiziert. Jedoch solltest du dich bei dem Anschreiben kurzhalten und nicht zu ausschweifend werden. Eine Seite solltest du nicht \u00fcberschreiten. Im Lebenslauf stehen die Dinge dann nochmal genau in chronologischer Anordnung aufgef\u00fchrt drin. In diesem Dokument sollte jede Station deiner <a href=\"https:\/\/www.stellenanzeigen.de\/careeasy\/ausbildung\/\">Ausbildung<\/a> und deiner eventuell schon gesammelten Berufserfahrung aufgef\u00fchrt werden und mit zeitlichen Angaben versehen werden. Zu deiner Bewerbung solltest du auch die letzten Schulzeugnisse oder das Abschlusszeugnis deiner Ausbildung beif\u00fcgen. Eine bereits abgeschlossene Ausbildung ist nat\u00fcrlich ein immenser Vorteil und sollte daher auch unter Beweis gestellt werden k\u00f6nnen.<\/p>\n<hr>\n<h2><a href=\"https:\/\/www.stellenanzeigen.de\/jobs\/\" target=\"_blank\" rel=\"noopener noreferrer\">Aktuelle Jobangebote<\/a><\/h2>\n<hr>\n<div id=\"suchwidgetErgebnisliste\">&nbsp;<\/div>\n<div id=\"StellenanzeigenSuchwidget\" tabindex=\"-1\">&nbsp;<\/div>\n<script>\n  var config = {\n    apiKey : 'FBEB08FBC7BB75349E26C51C530F79BF',\n    resultsPerPage : 3,\n    searchRadius : 60,\n    fulltext : 'Automobilkaufmann',\n    city : null,\n    category : null,\n    subCategories : null\n  };\n<\/script><script type=\"text\/javascript\" src=\"https:\/\/app.stellenanzeigen.de\/widget\/init.js\"><\/script>\n<hr>\n<h3>Vorbereitung auf das Vorstellungsgespr\u00e4ch<\/h3>\n<p>Eine Einladung zum Vorstellungsgespr\u00e4ch bedeutet, dass der Arbeitgeber grunds\u00e4tzlich an dir interessiert ist und du kannst dich dar\u00fcber freuen, die n\u00e4chste Stufe im Bewerbungsprozess erreicht zu haben. Bevor du das Gespr\u00e4ch antrittst solltest du nat\u00fcrlich ausreichen vorbereitet sein. Stelle sicher, dass du die Anfahrt zum Ort des Gespr\u00e4ches kennst und rechtzeitig erscheinen wirst. Dein Auftreten sollte gepflegt und professionell sein und f\u00fcr den Beruf des\/der Automobilkaufmannes\/frau darf es auch ruhig ein Anzug oder ein Kost\u00fcm zum Vorstellungsgespr\u00e4ch sein. Bereite dich darauf vor, dich selbst verbal gut vorzustellen oder auch dich selbst als Angestellten gut zu verkaufen. Sei bereit dem Arbeitgeber zu gut verst\u00e4ndlich zu erkl\u00e4ren, warum du diesen Job gerne h\u00e4ttest und was dich daf\u00fcr qualifiziert und motiviert. In diesem Job k\u00f6nnte es auch sein, dass der Arbeitgeber m\u00f6chte, dass du ihm etwas &#8222;verkaufst&#8220;, zum Beispiel einfach einen Bleistift, um zu sehen, wie du drauf bist beim Verkaufen. Habe also ein paar gute Verkaufsargumente und eine Portion Charme bereit. Au\u00dferdem solltest du dir vorher auch Gedanken dar\u00fcber machen, was du selbst gerne noch von deinem eventuellen Arbeitgeber wissen m\u00f6chtest. Sicherlich hast du noch einige Fragen, wenn du etwas dr\u00fcber nachdenkst und es zeugt von einer ernsthaften Auseinandersetzung mit der Bewerbung und dem Job, wenn du einige gezielte Fragen an den Arbeitgeber stellen kannst.<\/p>\n<h3>M\u00f6gliche Fragen und Antwortm\u00f6glichkeiten im Vorstellungsgespr\u00e4ch<\/h3>\n<h3>Was macht Sie zu einem guten Verk\u00e4ufer?<\/h3>\n<p>Das ist sicherlich keine ganz einfache Frage. \u00dcberlege dir, was dir in der Vergangenheit deiner Meinung nach die Verk\u00e4ufe beschert hat oder wo du generell deine St\u00e4rken im Verkauf von Autos siehst. Vielleicht ist es dein besonders gutes Wissen \u00fcber Autos, deine passgenaue Beratung oder auch deine Hartn\u00e4ckigkeit.<\/p>\n<h3>Was sind Ihre Schw\u00e4chen?<\/h3>\n<p>Hier solltest du besonders vorsichtig antworten. Jeder Mensch hat Schw\u00e4chen und daher solltest du auch welche nennen, ohne dich dabei allerdings komplett aus dem Rennen zu werfen. \u00dcberlege dir gut, wo du bei dir noch Verbesserungspotenzial siehst oder was dir manchmal schwerf\u00e4llt.<\/p>\n\n\n<div class=\"wp-block-group alignwide\" id=\"pdf-download\"><div class=\"wp-block-group__inner-container is-layout-flow wp-block-group-is-layout-flow\">\n<div class=\"wp-block-columns pdf-download is-layout-flex wp-container-core-columns-is-layout-9d6595d7 wp-block-columns-is-layout-flex\">\n<div class=\"wp-block-column pdf-thumbnail is-layout-flow wp-block-column-is-layout-flow\" style=\"flex-basis:35%\">\n<figure class=\"wp-block-image size-large\"><img loading=\"lazy\" decoding=\"async\" width=\"300\" height=\"424\" src=\"https:\/\/www.stellenanzeigen.de\/careeasy\/wp-content\/uploads\/2020\/05\/Automobilkaufmann-pdf-image.jpg\" alt=\"Bewerbungsvorlage Automobilkaufmann\/frau\" class=\"wp-image-85401\"\/><\/figure>\n<\/div>\n\n\n\n<div class=\"wp-block-column subscribe-box is-layout-flow wp-block-column-is-layout-flow\" style=\"flex-basis:65%\">\n\n\t\t\t<form id=\"sib_signup_form_10\" method=\"post\" class=\"sib_signup_form\">\n\t\t\t\t<div class=\"sib_loader\" style=\"display:none;\"><img\n\t\t\t\t\t\t\tsrc=\"https:\/\/www.stellenanzeigen.de\/careeasy\/wp-includes\/images\/spinner.gif\" alt=\"loader\"><\/div>\n\t\t\t\t<input type=\"hidden\" name=\"sib_form_action\" value=\"subscribe_form_submit\">\n\t\t\t\t<input type=\"hidden\" name=\"sib_form_id\" value=\"10\">\n                <input type=\"hidden\" name=\"sib_form_alert_notice\" value=\"Bitte f\u00fclle das Feld aus\">\n                <input type=\"hidden\" name=\"sib_form_invalid_email_notice\" value=\"Deine E-Mail Adresse ist ung\u00fcltig\">\n                <input type=\"hidden\" name=\"sib_security\" value=\"06133a707f\">\n\t\t\t\t<div class=\"sib_signup_box_inside_10\">\n\t\t\t\t\t<div style=\"\/*display:none*\/\" class=\"sib_msg_disp\">\n\t\t\t\t\t<\/div>\n                    \t\t\t\t\t<p style=\"font-size:21px;text-align:left;font-family: 'Helvetica',sans-serif;color:#2b85b9;background-color:transparent\"><strong>Jetzt Bewerbungsvorlage als Automobilkaufmann\/frau anfordern und f\u00fcr den Newsletter anmelden<\/strong><\/p>\r\n<p class=\"sib-email-area\">\r\n    <label>E-Mail-Adresse <span style=\"color: red\">*<\/span><\/label>\r\n    <input type=\"email\" class=\"sib-email-area\" name=\"email\" required=\"required\" placeholder=\"E-Mail-Adresse\">\r\n<\/p>\r\n<p class=\"sib-terms\"><input type=\"checkbox\" name=\"terms\" required=\"required\"><label>Ich bin damit einverstanden, dass meine E-Mailadresse f\u00fcr Werbezwecke per Newsletter genutzt wird und akzeptiere die <a href=\"https:\/\/www.stellenanzeigen.de\/arbeitgeber\/datenschutzerklaerung\/\">Datenschutzerkl\u00e4rung <span style=\"color: red\">*<\/span><\/a><\/label><\/p>\r\n<p style=\"font-size:12px;text-align:left;font-family: 'Helvetica',sans-serif;color:#8390A4\">Du kannst den Newsletter jederzeit \u00fcber den Abmeldelink in der Fu\u00dfzeile unserer E-Mails abbestellen.<\/p>\r\n<input type=\"submit\" class=\"sib-default-btn\" value=\"Bewerbungsvorlage anfordern\">\t\t\t\t<\/div>\n\t\t\t<\/form>\n\t\t\t<style>\n\t\t\t\tform#sib_signup_form_10 p.sib-alert-message {\n    padding: 6px 12px;\n    margin-bottom: 20px;\n    border: 1px solid transparent;\n    border-radius: 4px;\n    -webkit-box-sizing: border-box;\n    -moz-box-sizing: border-box;\n    box-sizing: border-box;\n}\nform#sib_signup_form_10 p.sib-alert-message-error {\n    background-color: #f2dede;\n    border-color: #ebccd1;\n    color: #a94442;\n}\nform#sib_signup_form_10 p.sib-alert-message-success {\n    background-color: #dff0d8;\n    border-color: #d6e9c6;\n    color: #3c763d;\n}\nform#sib_signup_form_10 p.sib-alert-message-warning {\n    background-color: #fcf8e3;\n    border-color: #faebcc;\n    color: #8a6d3b;\n}\n\t\t\t<\/style>\n\t\t\t\n<\/div>\n<\/div>\n<\/div><\/div>\n","protected":false},"excerpt":{"rendered":"<p>Die Bewerbungsvorlage f\u00fcr eine Bewerbung als Automobilkaufmann\/frau, kannst du dir als Bewerbungsvorlage f\u00fcr eure eigene Bewerbung auf Stellenanzeigen.de kostenlos herunterladen. Eine Bewerbungsvorlage kann hilfreich&#8230;<\/p>\n","protected":false},"author":103,"featured_media":0,"parent":14008,"menu_order":0,"comment_status":"closed","ping_status":"closed","template":"","meta":{"_uag_custom_page_level_css":"","footnotes":""},"categories":[],"tags":[],"class_list":["post-23372","page","type-page","status-publish","hentry","entry","post-no-thumbnail"],"yoast_head":"<!-- This site is optimized with the Yoast SEO plugin v27.5 - https:\/\/yoast.com\/product\/yoast-seo-wordpress\/ -->\n<title>Bewerbungsvorlage Automobilkaufmann\/frau Bewerbungsmuster<\/title>\n<meta name=\"description\" content=\"Die Bewerbungsvorlage f\u00fcr eine Bewerbung als Automobilkaufmann\/frau, kannst du dir als Bewerbungsvorlage f\u00fcr eure eigene Bewerbung auf Stellenanzeigen.de\" \/>\n<meta name=\"robots\" content=\"index, follow, max-snippet:-1, max-image-preview:large, max-video-preview:-1\" \/>\n<link rel=\"canonical\" href=\"https:\/\/www.stellenanzeigen.de\/careeasy\/bewerbung\/automobilkaufmann-frau\/\" \/>\n<meta property=\"og:locale\" content=\"de_DE\" \/>\n<meta property=\"og:type\" content=\"article\" \/>\n<meta property=\"og:title\" content=\"Bewerbungsvorlage Automobilkaufmann\/frau Bewerbungsmuster\" \/>\n<meta property=\"og:description\" content=\"Die Bewerbungsvorlage f\u00fcr eine Bewerbung als Automobilkaufmann\/frau, kannst du dir als Bewerbungsvorlage f\u00fcr eure eigene Bewerbung auf Stellenanzeigen.de\" \/>\n<meta property=\"og:url\" content=\"https:\/\/www.stellenanzeigen.de\/careeasy\/bewerbung\/automobilkaufmann-frau\/\" \/>\n<meta property=\"og:site_name\" content=\"careeasy - Dein Karrieremagazin\" \/>\n<meta property=\"article:publisher\" content=\"https:\/\/www.facebook.com\/stellenanzeigen.de\/\" \/>\n<meta property=\"article:modified_time\" content=\"2023-10-06T08:58:04+00:00\" \/>\n<meta property=\"og:image\" content=\"https:\/\/www.stellenanzeigen.de\/careeasy\/wp-content\/uploads\/2020\/05\/bewerbung-automobilkaufmann.jpg\" \/>\n<meta name=\"twitter:label1\" content=\"Gesch\u00e4tzte Lesezeit\" \/>\n\t<meta name=\"twitter:data1\" content=\"3\u00a0Minuten\" \/>\n<script type=\"application\/ld+json\" class=\"yoast-schema-graph\">{\"@context\":\"https:\\\/\\\/schema.org\",\"@graph\":[{\"@type\":\"WebPage\",\"@id\":\"https:\\\/\\\/www.stellenanzeigen.de\\\/careeasy\\\/bewerbung\\\/automobilkaufmann-frau\\\/\",\"url\":\"https:\\\/\\\/www.stellenanzeigen.de\\\/careeasy\\\/bewerbung\\\/automobilkaufmann-frau\\\/\",\"name\":\"Bewerbungsvorlage Automobilkaufmann\\\/frau Bewerbungsmuster\",\"isPartOf\":{\"@id\":\"https:\\\/\\\/www.stellenanzeigen.de\\\/careeasy\\\/#website\"},\"primaryImageOfPage\":{\"@id\":\"https:\\\/\\\/www.stellenanzeigen.de\\\/careeasy\\\/bewerbung\\\/automobilkaufmann-frau\\\/#primaryimage\"},\"image\":{\"@id\":\"https:\\\/\\\/www.stellenanzeigen.de\\\/careeasy\\\/bewerbung\\\/automobilkaufmann-frau\\\/#primaryimage\"},\"thumbnailUrl\":\"https:\\\/\\\/www.stellenanzeigen.de\\\/careeasy\\\/wp-content\\\/uploads\\\/2020\\\/05\\\/bewerbung-automobilkaufmann.jpg\",\"datePublished\":\"2020-05-08T08:13:09+00:00\",\"dateModified\":\"2023-10-06T08:58:04+00:00\",\"description\":\"Die Bewerbungsvorlage f\u00fcr eine Bewerbung als Automobilkaufmann\\\/frau, kannst du dir als Bewerbungsvorlage f\u00fcr eure eigene Bewerbung auf Stellenanzeigen.de\",\"breadcrumb\":{\"@id\":\"https:\\\/\\\/www.stellenanzeigen.de\\\/careeasy\\\/bewerbung\\\/automobilkaufmann-frau\\\/#breadcrumb\"},\"inLanguage\":\"de\",\"potentialAction\":[{\"@type\":\"ReadAction\",\"target\":[\"https:\\\/\\\/www.stellenanzeigen.de\\\/careeasy\\\/bewerbung\\\/automobilkaufmann-frau\\\/\"]}]},{\"@type\":\"ImageObject\",\"inLanguage\":\"de\",\"@id\":\"https:\\\/\\\/www.stellenanzeigen.de\\\/careeasy\\\/bewerbung\\\/automobilkaufmann-frau\\\/#primaryimage\",\"url\":\"https:\\\/\\\/www.stellenanzeigen.de\\\/careeasy\\\/wp-content\\\/uploads\\\/2020\\\/05\\\/bewerbung-automobilkaufmann.jpg\",\"contentUrl\":\"https:\\\/\\\/www.stellenanzeigen.de\\\/careeasy\\\/wp-content\\\/uploads\\\/2020\\\/05\\\/bewerbung-automobilkaufmann.jpg\",\"width\":736,\"height\":474,\"caption\":\"Bewerbungsvorlage Automobilkaufmann - Copyright: Mintr\"},{\"@type\":\"BreadcrumbList\",\"@id\":\"https:\\\/\\\/www.stellenanzeigen.de\\\/careeasy\\\/bewerbung\\\/automobilkaufmann-frau\\\/#breadcrumb\",\"itemListElement\":[{\"@type\":\"ListItem\",\"position\":1,\"name\":\"Careeasy\",\"item\":\"https:\\\/\\\/www.stellenanzeigen.de\\\/careeasy\\\/\"},{\"@type\":\"ListItem\",\"position\":2,\"name\":\"Bewerbungsvorlagen &#038; Bewerbungsmuster\",\"item\":\"https:\\\/\\\/www.stellenanzeigen.de\\\/careeasy\\\/bewerbung\\\/\"},{\"@type\":\"ListItem\",\"position\":3,\"name\":\"Bewerbungsvorlage Automobilkaufmann\\\/frau\"}]},{\"@type\":\"WebSite\",\"@id\":\"https:\\\/\\\/www.stellenanzeigen.de\\\/careeasy\\\/#website\",\"url\":\"https:\\\/\\\/www.stellenanzeigen.de\\\/careeasy\\\/\",\"name\":\"careeasy - Dein Karrieremagazin\",\"description\":\"\",\"publisher\":{\"@id\":\"https:\\\/\\\/www.stellenanzeigen.de\\\/careeasy\\\/#organization\"},\"potentialAction\":[{\"@type\":\"SearchAction\",\"target\":{\"@type\":\"EntryPoint\",\"urlTemplate\":\"https:\\\/\\\/www.stellenanzeigen.de\\\/careeasy\\\/?s={search_term_string}\"},\"query-input\":{\"@type\":\"PropertyValueSpecification\",\"valueRequired\":true,\"valueName\":\"search_term_string\"}}],\"inLanguage\":\"de\"},{\"@type\":\"Organization\",\"@id\":\"https:\\\/\\\/www.stellenanzeigen.de\\\/careeasy\\\/#organization\",\"name\":\"careeasy - Dein Karrieremagazin\",\"url\":\"https:\\\/\\\/www.stellenanzeigen.de\\\/careeasy\\\/\",\"logo\":{\"@type\":\"ImageObject\",\"inLanguage\":\"de\",\"@id\":\"https:\\\/\\\/www.stellenanzeigen.de\\\/careeasy\\\/#\\\/schema\\\/logo\\\/image\\\/\",\"url\":\"https:\\\/\\\/www.stellenanzeigen.de\\\/careeasy\\\/wp-content\\\/uploads\\\/2024\\\/03\\\/careeasy_logo.jpg\",\"contentUrl\":\"https:\\\/\\\/www.stellenanzeigen.de\\\/careeasy\\\/wp-content\\\/uploads\\\/2024\\\/03\\\/careeasy_logo.jpg\",\"width\":701,\"height\":223,\"caption\":\"careeasy - Dein Karrieremagazin\"},\"image\":{\"@id\":\"https:\\\/\\\/www.stellenanzeigen.de\\\/careeasy\\\/#\\\/schema\\\/logo\\\/image\\\/\"},\"sameAs\":[\"https:\\\/\\\/www.facebook.com\\\/stellenanzeigen.de\\\/\"]}]}<\/script>\n<!-- \/ Yoast SEO plugin. -->","yoast_head_json":{"title":"Bewerbungsvorlage Automobilkaufmann\/frau Bewerbungsmuster","description":"Die Bewerbungsvorlage f\u00fcr eine Bewerbung als Automobilkaufmann\/frau, kannst du dir als Bewerbungsvorlage f\u00fcr eure eigene Bewerbung auf Stellenanzeigen.de","robots":{"index":"index","follow":"follow","max-snippet":"max-snippet:-1","max-image-preview":"max-image-preview:large","max-video-preview":"max-video-preview:-1"},"canonical":"https:\/\/www.stellenanzeigen.de\/careeasy\/bewerbung\/automobilkaufmann-frau\/","og_locale":"de_DE","og_type":"article","og_title":"Bewerbungsvorlage Automobilkaufmann\/frau Bewerbungsmuster","og_description":"Die Bewerbungsvorlage f\u00fcr eine Bewerbung als Automobilkaufmann\/frau, kannst du dir als Bewerbungsvorlage f\u00fcr eure eigene Bewerbung auf Stellenanzeigen.de","og_url":"https:\/\/www.stellenanzeigen.de\/careeasy\/bewerbung\/automobilkaufmann-frau\/","og_site_name":"careeasy - Dein Karrieremagazin","article_publisher":"https:\/\/www.facebook.com\/stellenanzeigen.de\/","article_modified_time":"2023-10-06T08:58:04+00:00","og_image":[{"url":"https:\/\/www.stellenanzeigen.de\/careeasy\/wp-content\/uploads\/2020\/05\/bewerbung-automobilkaufmann.jpg","type":"","width":"","height":""}],"twitter_misc":{"Gesch\u00e4tzte Lesezeit":"3\u00a0Minuten"},"schema":{"@context":"https:\/\/schema.org","@graph":[{"@type":"WebPage","@id":"https:\/\/www.stellenanzeigen.de\/careeasy\/bewerbung\/automobilkaufmann-frau\/","url":"https:\/\/www.stellenanzeigen.de\/careeasy\/bewerbung\/automobilkaufmann-frau\/","name":"Bewerbungsvorlage Automobilkaufmann\/frau Bewerbungsmuster","isPartOf":{"@id":"https:\/\/www.stellenanzeigen.de\/careeasy\/#website"},"primaryImageOfPage":{"@id":"https:\/\/www.stellenanzeigen.de\/careeasy\/bewerbung\/automobilkaufmann-frau\/#primaryimage"},"image":{"@id":"https:\/\/www.stellenanzeigen.de\/careeasy\/bewerbung\/automobilkaufmann-frau\/#primaryimage"},"thumbnailUrl":"https:\/\/www.stellenanzeigen.de\/careeasy\/wp-content\/uploads\/2020\/05\/bewerbung-automobilkaufmann.jpg","datePublished":"2020-05-08T08:13:09+00:00","dateModified":"2023-10-06T08:58:04+00:00","description":"Die Bewerbungsvorlage f\u00fcr eine Bewerbung als Automobilkaufmann\/frau, kannst du dir als Bewerbungsvorlage f\u00fcr eure eigene Bewerbung auf Stellenanzeigen.de","breadcrumb":{"@id":"https:\/\/www.stellenanzeigen.de\/careeasy\/bewerbung\/automobilkaufmann-frau\/#breadcrumb"},"inLanguage":"de","potentialAction":[{"@type":"ReadAction","target":["https:\/\/www.stellenanzeigen.de\/careeasy\/bewerbung\/automobilkaufmann-frau\/"]}]},{"@type":"ImageObject","inLanguage":"de","@id":"https:\/\/www.stellenanzeigen.de\/careeasy\/bewerbung\/automobilkaufmann-frau\/#primaryimage","url":"https:\/\/www.stellenanzeigen.de\/careeasy\/wp-content\/uploads\/2020\/05\/bewerbung-automobilkaufmann.jpg","contentUrl":"https:\/\/www.stellenanzeigen.de\/careeasy\/wp-content\/uploads\/2020\/05\/bewerbung-automobilkaufmann.jpg","width":736,"height":474,"caption":"Bewerbungsvorlage Automobilkaufmann - Copyright: Mintr"},{"@type":"BreadcrumbList","@id":"https:\/\/www.stellenanzeigen.de\/careeasy\/bewerbung\/automobilkaufmann-frau\/#breadcrumb","itemListElement":[{"@type":"ListItem","position":1,"name":"Careeasy","item":"https:\/\/www.stellenanzeigen.de\/careeasy\/"},{"@type":"ListItem","position":2,"name":"Bewerbungsvorlagen &#038; Bewerbungsmuster","item":"https:\/\/www.stellenanzeigen.de\/careeasy\/bewerbung\/"},{"@type":"ListItem","position":3,"name":"Bewerbungsvorlage Automobilkaufmann\/frau"}]},{"@type":"WebSite","@id":"https:\/\/www.stellenanzeigen.de\/careeasy\/#website","url":"https:\/\/www.stellenanzeigen.de\/careeasy\/","name":"careeasy - Dein Karrieremagazin","description":"","publisher":{"@id":"https:\/\/www.stellenanzeigen.de\/careeasy\/#organization"},"potentialAction":[{"@type":"SearchAction","target":{"@type":"EntryPoint","urlTemplate":"https:\/\/www.stellenanzeigen.de\/careeasy\/?s={search_term_string}"},"query-input":{"@type":"PropertyValueSpecification","valueRequired":true,"valueName":"search_term_string"}}],"inLanguage":"de"},{"@type":"Organization","@id":"https:\/\/www.stellenanzeigen.de\/careeasy\/#organization","name":"careeasy - Dein Karrieremagazin","url":"https:\/\/www.stellenanzeigen.de\/careeasy\/","logo":{"@type":"ImageObject","inLanguage":"de","@id":"https:\/\/www.stellenanzeigen.de\/careeasy\/#\/schema\/logo\/image\/","url":"https:\/\/www.stellenanzeigen.de\/careeasy\/wp-content\/uploads\/2024\/03\/careeasy_logo.jpg","contentUrl":"https:\/\/www.stellenanzeigen.de\/careeasy\/wp-content\/uploads\/2024\/03\/careeasy_logo.jpg","width":701,"height":223,"caption":"careeasy - Dein Karrieremagazin"},"image":{"@id":"https:\/\/www.stellenanzeigen.de\/careeasy\/#\/schema\/logo\/image\/"},"sameAs":["https:\/\/www.facebook.com\/stellenanzeigen.de\/"]}]}},"uagb_featured_image_src":{"full":false,"thumbnail":false,"medium":false,"medium_large":false,"large":false,"1536x1536":false,"2048x2048":false,"neomag-medium":false,"neomag-big":false,"neomag-large":false,"neomag-huge":false},"uagb_author_info":{"display_name":"stellenanzeigen.de","author_link":"https:\/\/www.stellenanzeigen.de\/careeasy\/author\/stellenanzeigen-de\/"},"uagb_comment_info":0,"uagb_excerpt":"Die Bewerbungsvorlage f\u00fcr eine Bewerbung als Automobilkaufmann\/frau, kannst du dir als Bewerbungsvorlage f\u00fcr eure eigene Bewerbung auf Stellenanzeigen.de kostenlos herunterladen. Eine Bewerbungsvorlage kann hilfreich...","_links":{"self":[{"href":"https:\/\/www.stellenanzeigen.de\/careeasy\/wp-json\/wp\/v2\/pages\/23372","targetHints":{"allow":["GET"]}}],"collection":[{"href":"https:\/\/www.stellenanzeigen.de\/careeasy\/wp-json\/wp\/v2\/pages"}],"about":[{"href":"https:\/\/www.stellenanzeigen.de\/careeasy\/wp-json\/wp\/v2\/types\/page"}],"author":[{"embeddable":true,"href":"https:\/\/www.stellenanzeigen.de\/careeasy\/wp-json\/wp\/v2\/users\/103"}],"replies":[{"embeddable":true,"href":"https:\/\/www.stellenanzeigen.de\/careeasy\/wp-json\/wp\/v2\/comments?post=23372"}],"version-history":[{"count":13,"href":"https:\/\/www.stellenanzeigen.de\/careeasy\/wp-json\/wp\/v2\/pages\/23372\/revisions"}],"predecessor-version":[{"id":120030,"href":"https:\/\/www.stellenanzeigen.de\/careeasy\/wp-json\/wp\/v2\/pages\/23372\/revisions\/120030"}],"up":[{"embeddable":true,"href":"https:\/\/www.stellenanzeigen.de\/careeasy\/wp-json\/wp\/v2\/pages\/14008"}],"wp:attachment":[{"href":"https:\/\/www.stellenanzeigen.de\/careeasy\/wp-json\/wp\/v2\/media?parent=23372"}],"wp:term":[{"taxonomy":"category","embeddable":true,"href":"https:\/\/www.stellenanzeigen.de\/careeasy\/wp-json\/wp\/v2\/categories?post=23372"},{"taxonomy":"post_tag","embeddable":true,"href":"https:\/\/www.stellenanzeigen.de\/careeasy\/wp-json\/wp\/v2\/tags?post=23372"}],"curies":[{"name":"wp","href":"https:\/\/api.w.org\/{rel}","templated":true}]}}