{"id":19675,"date":"2020-05-07T09:10:16","date_gmt":"2020-05-07T09:10:16","guid":{"rendered":"https:\/\/www.stellenanzeigen.de\/careeasy\/?page_id=19675"},"modified":"2023-10-06T13:08:48","modified_gmt":"2023-10-06T11:08:48","slug":"kellner-in","status":"publish","type":"page","link":"https:\/\/www.stellenanzeigen.de\/careeasy\/bewerbung\/kellner-in\/","title":{"rendered":"Bewerbungsvorlage Kellner\/in"},"content":{"rendered":"\n<figure class=\"wp-block-image alignwide size-full wp-image-19678\"><img decoding=\"async\" loading=\"lazy\" width=\"724\" height=\"483\" src=\"https:\/\/www.stellenanzeigen.de\/careeasy\/wp-content\/uploads\/2020\/05\/bewerbung-kellner.jpg\" alt=\"Bewerbung Kellner\" class=\"wp-image-19678\" srcset=\"https:\/\/www.stellenanzeigen.de\/careeasy\/wp-content\/uploads\/2020\/05\/bewerbung-kellner.jpg 724w, https:\/\/www.stellenanzeigen.de\/careeasy\/wp-content\/uploads\/2020\/05\/bewerbung-kellner-272x182.jpg 272w\" sizes=\"(max-width: 724px) 100vw, 724px\" \/><figcaption>Bewerbungsvorlage Kellner\/in &#8211; Copyright: Wavebreakmedia<\/figcaption><\/figure>\n\n\n\n<div class=\"wp-block-columns alignwide pdf-teaser is-layout-flex wp-container-5\">\n<div class=\"wp-block-column pdf-thumbnail is-layout-flow\" style=\"flex-basis:35%\">\n<div class=\"wp-block-image\"><figure class=\"aligncenter size-large\"><img decoding=\"async\" loading=\"lazy\" width=\"300\" height=\"424\" src=\"https:\/\/www.stellenanzeigen.de\/careeasy\/wp-content\/uploads\/2020\/05\/Kellner-pdf-image.jpg\" alt=\"Bewerbungsvorlage Kellner\/in\" class=\"wp-image-85397\"\/><\/figure><\/div>\n\n\n\n<p><\/p>\n<\/div>\n\n\n\n<div class=\"wp-block-column teaser-box is-layout-flow\" style=\"flex-basis:65%\">\n<p>Die Bewerbungsvorlage inklusive der Musterbewerbung f\u00fcr den Beruf als Kellner\/in kannst du auch als Hilfe f\u00fcr deine eigene Bewerbung nutzen, wenn du dich f\u00fcr die Arbeit als <a href=\"https:\/\/www.stellenanzeigen.de\/jobs\/kellner-in\/\">Kellner\/in<\/a> bewerben m\u00f6chtest. Auf <a href=\"https:\/\/www.stellenanzeigen.de\/\">Stellenanzeigen.de<\/a> kannst du dir kostenlos die Bewerbungsvorlage herunterladen und dich f\u00fcr deine eigene Bewerbung an der Musterbewerbung orientieren. Die in der Bewerbungsvorlage erw\u00e4hnten Aspekte k\u00f6nnten f\u00fcr deine eigene Bewerbung eine gute Orientierungshilfe darstellen.<\/p>\n\n\n\n<div class=\"wp-block-buttons is-layout-flex\">\n<div class=\"wp-block-button\"><a class=\"wp-block-button__link has-background no-border-radius\" href=\"https:\/\/www.stellenanzeigen.de\/careeasy\/bewerbung\/kellner-in\/#pdf-download\" style=\"background-color:#2b85b9\">Vorlage Anfordern<\/a><\/div>\n<\/div>\n<\/div>\n<\/div>\n\n\n<div class=\"mceTemp\">&nbsp;<\/div>\n<h3>Bestandteile der Musterbewerbung Kellner\/in<\/h3>\n<p>In deiner <a href=\"https:\/\/www.stellenanzeigen.de\/careeasy\/bewerbung\/\">Bewerbung<\/a> f\u00fcr eine Arbeit als Kellner\/in solltest du in jedem Fall ein Anschreiben, wie das aus der Musterbewerbung und auch einen Lebenslauf einreichen. Auch Qualifikationen solltest du beif\u00fcgen, wie zum Beispiel letzte oder abschlie\u00dfende Zeugnisse aus der Schule oder das Abschlusszeugnis einer Ausbildung. Im Anschreiben solltest du beschreiben, weshalb du diesen Job gerne haben m\u00f6chtest und auch warum du dich f\u00fcr diese Stelle als geeignet siehst. Du solltest dabei kurz auf deine bereits gesammelten Erfahrungen und absolvierten Ausbildungen eingehen. Allerdings solltest du auch nicht zu sehr ins Detail gehen, sondern dich relativ kurz ausdr\u00fccken. Im angef\u00fcgten <a class=\"wpil_keyword_link\" href=\"https:\/\/www.stellenanzeigen.de\/careeasy\/lebenslauf-vorlagen-sde106864\/\"   title=\"Lebenslauf\" data-wpil-keyword-link=\"linked\">Lebenslauf<\/a> stehen die Daten zu deiner Person dann nochmal genauer drin. Im Lebenslauf sollte m\u00f6glichst jede Station eurer Ausbildung und der Berufserfahrung enthalten sein und er sollte vor allem keine L\u00fccken aufweisen.<\/p>\n<hr>\n<h2><a href=\"https:\/\/www.stellenanzeigen.de\/jobs\/\" target=\"_blank\" rel=\"noopener noreferrer\">Aktuelle Jobangebote<\/a><\/h2>\n<hr>\n<div id=\"suchwidgetErgebnisliste\">&nbsp;<\/div>\n<div id=\"StellenanzeigenSuchwidget\" tabindex=\"-1\">&nbsp;<\/div>\n<script>\n  var config = {\n    apiKey : 'FBEB08FBC7BB75349E26C51C530F79BF',\n    resultsPerPage : 3,\n    searchRadius : 60,\n    fulltext : 'restaurantfachmann',\n    city : null,\n    category : null,\n    subCategories : null\n  };\n<\/script><script type=\"text\/javascript\" src=\"https:\/\/app.stellenanzeigen.de\/widget\/init.js\"><\/script>\n<hr>\n<h3>Vorbereitung auf das Vorstellungsgespr\u00e4ch<\/h3>\n<p>Die Einladung zum Vorstellungsgespr\u00e4ch ist ein Teilerfolg bei deiner Bewerbung. Nun gilt es, sich gut auf das Gespr\u00e4ch vorzubereiten, um einen guten ersten Eindruck hinterlassen zu k\u00f6nnen. Ein h\u00f6fliches, gepflegtes und professionelles Auftreten sind im Kellner-Beruf eine Pflicht und so ist es auch bereits beim ersten Gespr\u00e4ch mit dem Arbeitgeber. Wenn du zum Bewerbungsgespr\u00e4ch eingeladen wirst, solltest du ebenfalls sicherstellen, dass du auch p\u00fcnktlich da sein wirst und dein erster Eindruck kein unp\u00fcnktlicher ist bei deinem m\u00f6glichen Arbeitgeber. Unp\u00fcnktlichkeit ist schlie\u00dflich immer ein ungern gesehener Aspekt. Schau dir vorher genau den Weg zu dem Ort des Gespr\u00e4ches an und \u00fcberlege dir wie lange du f\u00fcr den Weg brauchen wirst; auch wenn eventuell mal eine Bahn ausf\u00e4llt oder etwas Stau auf der Stra\u00dfe ist, solltest du trotzdem p\u00fcnktlich dort sein. Wenn der Arbeitgeber von dir noch weitere Unterlagen gefordert hat, so bringe diese mit. \u00dcberlege dir au\u00dferdem, wie du dich verbal vorstellen m\u00f6chtest und wie du die Argumente aus der Musterbewerbung auch im Gespr\u00e4ch gut an den Arbeitgeber herantragen kannst. Au\u00dferdem ist es auch ratsam, sich Fragen zu \u00fcberlegen, die man gerne selbst noch beantwortet bekommen w\u00fcrde.<\/p>\n<h3>Fragen und Antwortm\u00f6glichkeiten im Vorstellungsgespr\u00e4ch<\/h3>\n<h3>Was hat Ihnen an Ihrem letzten Arbeitgeber nicht gefallen?<\/h3>\n<p>Diese Frage kann im Falle eines Wechsels nat\u00fcrlich aufkommen. Sei ehrlich, wenn es etwas gab, was dir nicht gefallen hat bei deinem alten Arbeitgeber und stelle dann auch direkt in Aussicht, warum du denkst, dass es in diesem Restaurant nicht der Fall sein wird. Wenn dich eigentlich nichts gest\u00f6rt hat, du den neuen Arbeitgeber blo\u00df noch besser findest, dann lass es ihn so wissen.<\/p>\n<h3>Warum sind Sie gerne Kellner?<\/h3>\n<p>Du wirst wissen, was du an deinem Job gerne magst. Hebe bestenfalls etwas mit der T\u00e4tigkeit selbst und dem Kundenkontakt hervor und nicht etwa Dinge wie Trinkgeld oder \u00c4hnliches.<\/p>\n\n\n<div class=\"wp-block-group alignwide\" id=\"pdf-download\"><div class=\"wp-block-group__inner-container is-layout-flow\">\n<div class=\"wp-block-columns pdf-download is-layout-flex wp-container-8\">\n<div class=\"wp-block-column pdf-thumbnail is-layout-flow\" style=\"flex-basis:35%\">\n<figure class=\"wp-block-image size-large\"><img decoding=\"async\" loading=\"lazy\" width=\"300\" height=\"424\" src=\"https:\/\/www.stellenanzeigen.de\/careeasy\/wp-content\/uploads\/2020\/05\/Kellner-pdf-image.jpg\" alt=\"Bewerbungsvorlage Kellner\/in\" class=\"wp-image-85397\"\/><\/figure>\n<\/div>\n\n\n\n<div class=\"wp-block-column subscribe-box is-layout-flow\" style=\"flex-basis:65%\">\n\t\t\t\n\t\t\t<form id=\"sib_signup_form_29\" method=\"post\" class=\"sib_signup_form\">\n\t\t\t\t<div class=\"sib_loader\" style=\"display:none;\"><img\n\t\t\t\t\t\t\tsrc=\"https:\/\/www.stellenanzeigen.de\/careeasy\/wp-includes\/images\/spinner.gif\" alt=\"loader\"><\/div>\n\t\t\t\t<input type=\"hidden\" name=\"sib_form_action\" value=\"subscribe_form_submit\">\n\t\t\t\t<input type=\"hidden\" name=\"sib_form_id\" value=\"29\">\n                <input type=\"hidden\" name=\"sib_form_alert_notice\" value=\"Bitte f\u00fclle das Feld aus\">\n                <input type=\"hidden\" name=\"sib_form_invalid_email_notice\" value=\"Deine E-Mail Adresse ist ung\u00fcltig\">\n                <input type=\"hidden\" name=\"sib_security\" value=\"0993160ec3\">\n\t\t\t\t<div class=\"sib_signup_box_inside_29\">\n\t\t\t\t\t<div style=\"\/*display:none*\/\" class=\"sib_msg_disp\">\n\t\t\t\t\t<\/div>\n                    \t\t\t\t\t<p style=\"font-size:21px;text-align:left;font-family: 'Helvetica',sans-serif;color:#2b85b9;background-color:transparent\"><strong>Jetzt Bewerbungsvorlage als Kellner\/in anfordern und f\u00fcr den Newsletter anmelden<\/strong><\/p>\r\n<p class=\"sib-email-area\">\r\n    <label>E-Mail-Adresse <span style=\"color: red\">*<\/span><\/label>\r\n    <input type=\"email\" class=\"sib-email-area\" name=\"email\" required=\"required\" placeholder=\"E-Mail-Adresse\">\r\n<\/p>\r\n<p class=\"sib-terms\"><input type=\"checkbox\" name=\"terms\" required=\"required\"><label>Ich bin damit einverstanden, dass meine E-Mailadresse f\u00fcr Werbezwecke per Newsletter genutzt wird und akzeptiere die <a href=\"https:\/\/www.stellenanzeigen.de\/arbeitgeber\/datenschutzerklaerung\/\">Datenschutzerkl\u00e4rung <span style=\"color: red\">*<\/span><\/a><\/label><\/p>\r\n<p style=\"font-size:12px;text-align:left;font-family: 'Helvetica',sans-serif;color:#8390A4\">Du kannst den Newsletter jederzeit \u00fcber den Abmeldelink in der Fu\u00dfzeile unserer E-Mails abbestellen.<\/p>\r\n<input type=\"submit\" class=\"sib-default-btn\" value=\"Bewerbungsvorlage anfordern\">\t\t\t\t<\/div>\n\t\t\t<\/form>\n\t\t\t<style>\n\t\t\t\tform#sib_signup_form_29 p.sib-alert-message {\n    padding: 6px 12px;\n    margin-bottom: 20px;\n    border: 1px solid transparent;\n    border-radius: 4px;\n    -webkit-box-sizing: border-box;\n    -moz-box-sizing: border-box;\n    box-sizing: border-box;\n}\nform#sib_signup_form_29 p.sib-alert-message-error {\n    background-color: #f2dede;\n    border-color: #ebccd1;\n    color: #a94442;\n}\nform#sib_signup_form_29 p.sib-alert-message-success {\n    background-color: #dff0d8;\n    border-color: #d6e9c6;\n    color: #3c763d;\n}\nform#sib_signup_form_29 p.sib-alert-message-warning {\n    background-color: #fcf8e3;\n    border-color: #faebcc;\n    color: #8a6d3b;\n}\n\t\t\t<\/style>\n\t\t\t\n<\/div>\n<\/div>\n<\/div><\/div>\n","protected":false},"excerpt":{"rendered":"<p>Die Bewerbungsvorlage inklusive der Musterbewerbung f\u00fcr den Beruf als Kellner\/in kannst du auch als Hilfe f\u00fcr deine eigene Bewerbung nutzen, wenn du dich f\u00fcr&#8230;<\/p>\n","protected":false},"author":103,"featured_media":0,"parent":14008,"menu_order":0,"comment_status":"closed","ping_status":"closed","template":"","meta":{"_uag_custom_page_level_css":""},"categories":[],"tags":[],"yoast_head":"<!-- This site is optimized with the Yoast SEO plugin v20.7 - https:\/\/yoast.com\/wordpress\/plugins\/seo\/ -->\n<title>Bewerbungsvorlage Kellner\/in<\/title>\n<meta name=\"description\" content=\"Die Bewerbungsvorlage inklusive der Musterbewerbung f\u00fcr den Beruf als Kellner\/in kannst du auch als Hilfe f\u00fcr deine eigene Bewerbung nutzen, wenn du dich\" \/>\n<meta name=\"robots\" content=\"index, follow, max-snippet:-1, max-image-preview:large, max-video-preview:-1\" \/>\n<link rel=\"canonical\" href=\"https:\/\/www.stellenanzeigen.de\/careeasy\/bewerbung\/kellner-in\/\" \/>\n<meta property=\"og:locale\" content=\"de_DE\" \/>\n<meta property=\"og:type\" content=\"article\" \/>\n<meta property=\"og:title\" content=\"Bewerbungsvorlage Kellner\/in\" \/>\n<meta property=\"og:description\" content=\"Die Bewerbungsvorlage inklusive der Musterbewerbung f\u00fcr den Beruf als Kellner\/in kannst du auch als Hilfe f\u00fcr deine eigene Bewerbung nutzen, wenn du dich\" \/>\n<meta property=\"og:url\" content=\"https:\/\/www.stellenanzeigen.de\/careeasy\/bewerbung\/kellner-in\/\" \/>\n<meta property=\"og:site_name\" content=\"careeasy - Dein Karrieremagazin\" \/>\n<meta property=\"article:publisher\" content=\"https:\/\/www.facebook.com\/stellenanzeigen.de\/\" \/>\n<meta property=\"article:modified_time\" content=\"2023-10-06T11:08:48+00:00\" \/>\n<meta property=\"og:image\" content=\"https:\/\/www.stellenanzeigen.de\/careeasy\/wp-content\/uploads\/2020\/05\/bewerbung-kellner.jpg\" \/>\n<meta name=\"twitter:label1\" content=\"Gesch\u00e4tzte Lesezeit\" \/>\n\t<meta name=\"twitter:data1\" content=\"3 Minuten\" \/>\n<script type=\"application\/ld+json\" class=\"yoast-schema-graph\">{\"@context\":\"https:\/\/schema.org\",\"@graph\":[{\"@type\":\"WebPage\",\"@id\":\"https:\/\/www.stellenanzeigen.de\/careeasy\/bewerbung\/kellner-in\/\",\"url\":\"https:\/\/www.stellenanzeigen.de\/careeasy\/bewerbung\/kellner-in\/\",\"name\":\"Bewerbungsvorlage Kellner\/in\",\"isPartOf\":{\"@id\":\"https:\/\/10.12.43.199\/careeasy\/#website\"},\"datePublished\":\"2020-05-07T09:10:16+00:00\",\"dateModified\":\"2023-10-06T11:08:48+00:00\",\"description\":\"Die Bewerbungsvorlage inklusive der Musterbewerbung f\u00fcr den Beruf als Kellner\/in kannst du auch als Hilfe f\u00fcr deine eigene Bewerbung nutzen, wenn du dich\",\"breadcrumb\":{\"@id\":\"https:\/\/www.stellenanzeigen.de\/careeasy\/bewerbung\/kellner-in\/#breadcrumb\"},\"inLanguage\":\"de-DE\",\"potentialAction\":[{\"@type\":\"ReadAction\",\"target\":[\"https:\/\/www.stellenanzeigen.de\/careeasy\/bewerbung\/kellner-in\/\"]}]},{\"@type\":\"BreadcrumbList\",\"@id\":\"https:\/\/www.stellenanzeigen.de\/careeasy\/bewerbung\/kellner-in\/#breadcrumb\",\"itemListElement\":[{\"@type\":\"ListItem\",\"position\":1,\"name\":\"Careeasy\",\"item\":\"https:\/\/10.12.43.199\/careeasy\/\"},{\"@type\":\"ListItem\",\"position\":2,\"name\":\"Bewerbungsvorlagen &#038; Bewerbungsmuster\",\"item\":\"https:\/\/www.stellenanzeigen.de\/careeasy\/bewerbung\/\"},{\"@type\":\"ListItem\",\"position\":3,\"name\":\"Bewerbungsvorlage Kellner\/in\"}]},{\"@type\":\"WebSite\",\"@id\":\"https:\/\/10.12.43.199\/careeasy\/#website\",\"url\":\"https:\/\/10.12.43.199\/careeasy\/\",\"name\":\"careeasy - Dein Karrieremagazin\",\"description\":\"\",\"publisher\":{\"@id\":\"https:\/\/10.12.43.199\/careeasy\/#organization\"},\"potentialAction\":[{\"@type\":\"SearchAction\",\"target\":{\"@type\":\"EntryPoint\",\"urlTemplate\":\"https:\/\/10.12.43.199\/careeasy\/?s={search_term_string}\"},\"query-input\":\"required name=search_term_string\"}],\"inLanguage\":\"de-DE\"},{\"@type\":\"Organization\",\"@id\":\"https:\/\/10.12.43.199\/careeasy\/#organization\",\"name\":\"careeasy - Dein Karrieremagazin\",\"url\":\"https:\/\/10.12.43.199\/careeasy\/\",\"logo\":{\"@type\":\"ImageObject\",\"inLanguage\":\"de-DE\",\"@id\":\"https:\/\/10.12.43.199\/careeasy\/#\/schema\/logo\/image\/\",\"url\":\"https:\/\/www.stellenanzeigen.de\/careeasy\/wp-content\/uploads\/2024\/03\/careeasy_logo.jpg\",\"contentUrl\":\"https:\/\/www.stellenanzeigen.de\/careeasy\/wp-content\/uploads\/2024\/03\/careeasy_logo.jpg\",\"width\":701,\"height\":223,\"caption\":\"careeasy - Dein Karrieremagazin\"},\"image\":{\"@id\":\"https:\/\/10.12.43.199\/careeasy\/#\/schema\/logo\/image\/\"},\"sameAs\":[\"https:\/\/www.facebook.com\/stellenanzeigen.de\/\"]}]}<\/script>\n<!-- \/ Yoast SEO plugin. -->","yoast_head_json":{"title":"Bewerbungsvorlage Kellner\/in","description":"Die Bewerbungsvorlage inklusive der Musterbewerbung f\u00fcr den Beruf als Kellner\/in kannst du auch als Hilfe f\u00fcr deine eigene Bewerbung nutzen, wenn du dich","robots":{"index":"index","follow":"follow","max-snippet":"max-snippet:-1","max-image-preview":"max-image-preview:large","max-video-preview":"max-video-preview:-1"},"canonical":"https:\/\/www.stellenanzeigen.de\/careeasy\/bewerbung\/kellner-in\/","og_locale":"de_DE","og_type":"article","og_title":"Bewerbungsvorlage Kellner\/in","og_description":"Die Bewerbungsvorlage inklusive der Musterbewerbung f\u00fcr den Beruf als Kellner\/in kannst du auch als Hilfe f\u00fcr deine eigene Bewerbung nutzen, wenn du dich","og_url":"https:\/\/www.stellenanzeigen.de\/careeasy\/bewerbung\/kellner-in\/","og_site_name":"careeasy - Dein Karrieremagazin","article_publisher":"https:\/\/www.facebook.com\/stellenanzeigen.de\/","article_modified_time":"2023-10-06T11:08:48+00:00","og_image":[{"url":"https:\/\/www.stellenanzeigen.de\/careeasy\/wp-content\/uploads\/2020\/05\/bewerbung-kellner.jpg"}],"twitter_misc":{"Gesch\u00e4tzte Lesezeit":"3 Minuten"},"schema":{"@context":"https:\/\/schema.org","@graph":[{"@type":"WebPage","@id":"https:\/\/www.stellenanzeigen.de\/careeasy\/bewerbung\/kellner-in\/","url":"https:\/\/www.stellenanzeigen.de\/careeasy\/bewerbung\/kellner-in\/","name":"Bewerbungsvorlage Kellner\/in","isPartOf":{"@id":"https:\/\/10.12.43.199\/careeasy\/#website"},"datePublished":"2020-05-07T09:10:16+00:00","dateModified":"2023-10-06T11:08:48+00:00","description":"Die Bewerbungsvorlage inklusive der Musterbewerbung f\u00fcr den Beruf als Kellner\/in kannst du auch als Hilfe f\u00fcr deine eigene Bewerbung nutzen, wenn du dich","breadcrumb":{"@id":"https:\/\/www.stellenanzeigen.de\/careeasy\/bewerbung\/kellner-in\/#breadcrumb"},"inLanguage":"de-DE","potentialAction":[{"@type":"ReadAction","target":["https:\/\/www.stellenanzeigen.de\/careeasy\/bewerbung\/kellner-in\/"]}]},{"@type":"BreadcrumbList","@id":"https:\/\/www.stellenanzeigen.de\/careeasy\/bewerbung\/kellner-in\/#breadcrumb","itemListElement":[{"@type":"ListItem","position":1,"name":"Careeasy","item":"https:\/\/10.12.43.199\/careeasy\/"},{"@type":"ListItem","position":2,"name":"Bewerbungsvorlagen &#038; Bewerbungsmuster","item":"https:\/\/www.stellenanzeigen.de\/careeasy\/bewerbung\/"},{"@type":"ListItem","position":3,"name":"Bewerbungsvorlage Kellner\/in"}]},{"@type":"WebSite","@id":"https:\/\/10.12.43.199\/careeasy\/#website","url":"https:\/\/10.12.43.199\/careeasy\/","name":"careeasy - Dein Karrieremagazin","description":"","publisher":{"@id":"https:\/\/10.12.43.199\/careeasy\/#organization"},"potentialAction":[{"@type":"SearchAction","target":{"@type":"EntryPoint","urlTemplate":"https:\/\/10.12.43.199\/careeasy\/?s={search_term_string}"},"query-input":"required name=search_term_string"}],"inLanguage":"de-DE"},{"@type":"Organization","@id":"https:\/\/10.12.43.199\/careeasy\/#organization","name":"careeasy - Dein Karrieremagazin","url":"https:\/\/10.12.43.199\/careeasy\/","logo":{"@type":"ImageObject","inLanguage":"de-DE","@id":"https:\/\/10.12.43.199\/careeasy\/#\/schema\/logo\/image\/","url":"https:\/\/www.stellenanzeigen.de\/careeasy\/wp-content\/uploads\/2024\/03\/careeasy_logo.jpg","contentUrl":"https:\/\/www.stellenanzeigen.de\/careeasy\/wp-content\/uploads\/2024\/03\/careeasy_logo.jpg","width":701,"height":223,"caption":"careeasy - Dein Karrieremagazin"},"image":{"@id":"https:\/\/10.12.43.199\/careeasy\/#\/schema\/logo\/image\/"},"sameAs":["https:\/\/www.facebook.com\/stellenanzeigen.de\/"]}]}},"uagb_featured_image_src":{"full":false,"thumbnail":false,"medium":false,"medium_large":false,"large":false,"1536x1536":false,"2048x2048":false,"neomag-medium":false,"neomag-big":false,"neomag-large":false,"neomag-huge":false},"uagb_author_info":{"display_name":"stellenanzeigen.de","author_link":"https:\/\/www.stellenanzeigen.de\/careeasy\/author\/stellenanzeigen-de\/"},"uagb_comment_info":0,"uagb_excerpt":"Die Bewerbungsvorlage inklusive der Musterbewerbung f\u00fcr den Beruf als Kellner\/in kannst du auch als Hilfe f\u00fcr deine eigene Bewerbung nutzen, wenn du dich f\u00fcr...","_links":{"self":[{"href":"https:\/\/www.stellenanzeigen.de\/careeasy\/wp-json\/wp\/v2\/pages\/19675"}],"collection":[{"href":"https:\/\/www.stellenanzeigen.de\/careeasy\/wp-json\/wp\/v2\/pages"}],"about":[{"href":"https:\/\/www.stellenanzeigen.de\/careeasy\/wp-json\/wp\/v2\/types\/page"}],"author":[{"embeddable":true,"href":"https:\/\/www.stellenanzeigen.de\/careeasy\/wp-json\/wp\/v2\/users\/103"}],"replies":[{"embeddable":true,"href":"https:\/\/www.stellenanzeigen.de\/careeasy\/wp-json\/wp\/v2\/comments?post=19675"}],"version-history":[{"count":13,"href":"https:\/\/www.stellenanzeigen.de\/careeasy\/wp-json\/wp\/v2\/pages\/19675\/revisions"}],"predecessor-version":[{"id":113061,"href":"https:\/\/www.stellenanzeigen.de\/careeasy\/wp-json\/wp\/v2\/pages\/19675\/revisions\/113061"}],"up":[{"embeddable":true,"href":"https:\/\/www.stellenanzeigen.de\/careeasy\/wp-json\/wp\/v2\/pages\/14008"}],"wp:attachment":[{"href":"https:\/\/www.stellenanzeigen.de\/careeasy\/wp-json\/wp\/v2\/media?parent=19675"}],"wp:term":[{"taxonomy":"category","embeddable":true,"href":"https:\/\/www.stellenanzeigen.de\/careeasy\/wp-json\/wp\/v2\/categories?post=19675"},{"taxonomy":"post_tag","embeddable":true,"href":"https:\/\/www.stellenanzeigen.de\/careeasy\/wp-json\/wp\/v2\/tags?post=19675"}],"curies":[{"name":"wp","href":"https:\/\/api.w.org\/{rel}","templated":true}]}}