{"id":19511,"date":"2020-04-28T11:36:49","date_gmt":"2020-04-28T11:36:49","guid":{"rendered":"https:\/\/www.stellenanzeigen.de\/careeasy\/?page_id=19511"},"modified":"2024-01-23T08:58:47","modified_gmt":"2024-01-23T07:58:47","slug":"mechatroniker-in","status":"publish","type":"page","link":"https:\/\/www.stellenanzeigen.de\/careeasy\/bewerbung\/mechatroniker-in\/","title":{"rendered":"Bewerbungsvorlage Mechatroniker\/in"},"content":{"rendered":"\n<figure class=\"wp-block-image alignwide size-full wp-image-19512\"><img decoding=\"async\" loading=\"lazy\" width=\"724\" height=\"483\" src=\"https:\/\/www.stellenanzeigen.de\/careeasy\/wp-content\/uploads\/2020\/04\/bewerbung-mechatroniker.jpg\" alt=\"Mechatroniker Bewerbung\" class=\"wp-image-19512\" srcset=\"https:\/\/www.stellenanzeigen.de\/careeasy\/wp-content\/uploads\/2020\/04\/bewerbung-mechatroniker.jpg 724w, https:\/\/www.stellenanzeigen.de\/careeasy\/wp-content\/uploads\/2020\/04\/bewerbung-mechatroniker-272x182.jpg 272w\" sizes=\"(max-width: 724px) 100vw, 724px\" \/><figcaption>Bewerbungsvorlage Mechatroniker\/in &#8211; Copyright: neskez<\/figcaption><\/figure>\n\n\n\n<h2 class=\"wp-block-heading\"><span class=\"ez-toc-section\" id=\"Die_perfekte_Bewerbung_als_Mechatroniker\"><\/span>Die perfekte Bewerbung als Mechatroniker<span class=\"ez-toc-section-end\"><\/span><\/h2>\n\n\n\n<div class=\"wp-block-columns alignwide pdf-teaser is-layout-flex wp-container-5\">\n<div class=\"wp-block-column pdf-thumbnail is-layout-flow\" style=\"flex-basis:35%\">\n<div class=\"wp-block-image\"><figure class=\"aligncenter size-large\"><img decoding=\"async\" loading=\"lazy\" width=\"300\" height=\"424\" src=\"https:\/\/www.stellenanzeigen.de\/careeasy\/wp-content\/uploads\/2020\/04\/Mechatroniker-Bewerbungsvorlage-pdf-image.jpg\" alt=\"Bewerbungsvorlage Mechatroniker\/in\" class=\"wp-image-85393\"\/><\/figure><\/div>\n\n\n\n<p><\/p><div id=\"ez-toc-container\" class=\"ez-toc-v2_0_62 counter-hierarchy ez-toc-counter ez-toc-grey ez-toc-container-direction\">\n<div class=\"ez-toc-title-container\">\n<p class=\"ez-toc-title \" >Inhaltsverzeichnis<\/p>\n<span class=\"ez-toc-title-toggle\"><\/span><\/div>\n<nav><ul class='ez-toc-list ez-toc-list-level-1 ' ><li class='ez-toc-page-1 ez-toc-heading-level-2'><a class=\"ez-toc-link ez-toc-heading-1\" href=\"https:\/\/www.stellenanzeigen.de\/careeasy\/bewerbung\/mechatroniker-in\/#Die_perfekte_Bewerbung_als_Mechatroniker\" title=\"Die perfekte Bewerbung als Mechatroniker\">Die perfekte Bewerbung als Mechatroniker<\/a><\/li><li class='ez-toc-page-1 ez-toc-heading-level-2'><a class=\"ez-toc-link ez-toc-heading-2\" href=\"https:\/\/www.stellenanzeigen.de\/careeasy\/bewerbung\/mechatroniker-in\/#Aktuelle_Jobangebote\" title=\"Aktuelle Jobangebote\">Aktuelle Jobangebote<\/a><\/li><\/ul><\/nav><\/div>\n\n<\/div>\n\n\n\n<div class=\"wp-block-column teaser-box is-layout-flow\" style=\"flex-basis:65%\">\n<p>Nicht immer ist es leicht, die treffenden Worte zu finden. Dies gilt insbesondere auch f\u00fcr Bewerbungsschreiben, die Deinem zuk\u00fcnftigen Arbeitgeber einen m\u00f6glichst positiven Eindruck von Dir vermitteln sollen. Um Dich bei den ersten Schritten hin zu einer perfekten Bewerbung als Mechatroniker zu unterst\u00fctzen, bietet Dir <a href=\"https:\/\/www.stellenanzeigen.de\/\">Stellenanzeigen.de<\/a> deshalb eine passende <a href=\"https:\/\/www.stellenanzeigen.de\/careeasy\/bewerbung\/\">Bewerbungsvorlage<\/a> zum kostenlosen Herunterladen an. Ganz gleich ob Praktikum oder Berufseinstieg, mit diesem Bewerbungsmuster ist Dir ein positiver Eindruck bei der entsprechenden Personalabteilung sicher.<\/p>\n\n\n\n<div class=\"wp-block-buttons is-layout-flex\">\n<div class=\"wp-block-button\"><a class=\"wp-block-button__link has-background no-border-radius\" href=\"https:\/\/www.stellenanzeigen.de\/careeasy\/bewerbung\/mechatroniker-in\/#pdf-download\" style=\"background-color:#2b85b9\">Vorlage Anfordern<\/a><\/div>\n<\/div>\n<\/div>\n<\/div>\n\n\n<p><strong>Das sollte eine erfolgreiche Bewerbungsmappe umfassen<\/strong><\/p>\n<p>Unabh\u00e4ngig davon, ob Du Deine Bewerbung per E-Mail oder Post verschickst, umfasst eine aussagekr\u00e4ftige Bewerbungsmappe f\u00fcr gew\u00f6hnlich folgende Unterlagen:<\/p>\n<ul>\n<li>Anschreiben<\/li>\n<li>Tabellarischer <a class=\"wpil_keyword_link\" href=\"https:\/\/www.stellenanzeigen.de\/careeasy\/lebenslauf-vorlagen-sde106864\/\"   title=\"Lebenslauf\" data-wpil-keyword-link=\"linked\">Lebenslauf<\/a><\/li>\n<li>Zeugnisse und Referenzen<\/li>\n<\/ul>\n<p>Dabei solltest Du stets daran denken, dass Du Dich als Mechatroniker vor allem durch Deine Fachkompetenz und Deine Berufserfahrung auszeichnest. F\u00fcr die meisten Personalabteilungen bildet deshalb ein gut strukturierter Lebenslauf den wichtigsten Teil der Bewerbung. Entsprechende Beispiele findest Du unter anderem in den Bewerbungsvorlagen auf unserer Webseite. Wie in dem obigen Bewerbungsmuster f\u00fcr Mechatroniker ersichtlich, stehen in dem Anschreiben hingegen Deine Pers\u00f6nlichkeit und Motivation im Vordergrund.<\/p>\n<h3>So \u00fcberzeugst Du im Vorstellungsgespr\u00e4ch<\/h3>\n<p>Nachdem Dir die richtige Bewerbungsvorlage zu einer Einladung verholfen hat, ist das Vorstellungsgespr\u00e4ch zumeist die letzte H\u00fcrde auf dem Weg zu Deinem Traumberuf. Dabei gilt es, den neuen Arbeitgeber in kurzer Zeit von Deinen fachlichen und pers\u00f6nlichen F\u00e4higkeiten zu \u00fcberzeugen.<\/p>\n<hr>\n<h2><span class=\"ez-toc-section\" id=\"Aktuelle_Jobangebote\"><\/span><a href=\"https:\/\/www.stellenanzeigen.de\/jobs\/\" target=\"_blank\" rel=\"noopener noreferrer\">Aktuelle Jobangebote<\/a><span class=\"ez-toc-section-end\"><\/span><\/h2>\n<hr>\n<div id=\"suchwidgetErgebnisliste\">&nbsp;<\/div>\n<div id=\"StellenanzeigenSuchwidget\" tabindex=\"-1\">&nbsp;<\/div>\n<script>\n  var config = {\n    apiKey : 'FBEB08FBC7BB75349E26C51C530F79BF',\n    resultsPerPage : 3,\n    searchRadius : 60,\n    fulltext : 'Mechatroniker',\n    city : null,\n    category : null,\n    subCategories : null\n  };\n<\/script><script type=\"text\/javascript\" src=\"https:\/\/app.stellenanzeigen.de\/widget\/init.js\"><\/script>\n<hr>\n<p>Um Deine Begeisterung f\u00fcr den neuen Arbeitgeber auch mit Fakten unterlegen zu k\u00f6nnen, solltest Du in einem ersten Schritt alle wichtigen Informationen zum Profil des Unternehmens zusammentragen. Dazu geh\u00f6ren unter anderem folgende Aspekte: Wie viele Mitarbeiter besch\u00e4ftigt das Unternehmen? Ist es an weiteren Standorten vertreten? Und auf welche Produkte oder Dienstleistungen ist es spezialisiert?<\/p>\n<p>Die <a class=\"wpil_keyword_link\" href=\"https:\/\/www.stellenanzeigen.de\/careeasy\/selbstpraesentation-so-stellst-du-dich-richtig-vor-sde89717\/\" target=\"_blank\" rel=\"noopener\" title=\"Selbstpr\u00e4sentation\" data-wpil-keyword-link=\"linked\">Selbstpr\u00e4sentation<\/a> ist ein fester Bestandteil eines jeden Vorstellungsgespr\u00e4ches. In pr\u00e4gnanter Weise solltest dabei Deine Person, Deinen beruflichen Werdegang und Deine Zielsetzungen darstellen. \u00dcberlege Dir aus diesem Grund im Vorfeld einen roten Faden, der Deine zentralen Stationen und Erfahrungen zur Geltung bringt.<\/p>\n<p>Nicht zu untersch\u00e4tzen ist dar\u00fcber hinaus die Einhaltung des richtigen Dresscodes. Versichere Dich deshalb bereits vorab, ob das Unternehmen ein f\u00f6rmliches Auftreten oder einen legeren Kleidungsstil bevorzugt. In jedem Fall sollte Dein Erscheinungsbild jedoch gepflegt und m\u00f6glichst authentisch sein.<\/p>\n<h3>H\u00e4ufige Fragen und m\u00f6gliche Antworten<\/h3>\n<p>Auch wenn sich f\u00fcr Vorstellungsgespr\u00e4che kaum ein vorgefertigtes Bewerbungsmuster anwenden l\u00e4sst, bestehen diese oftmals aus einer Anzahl \u00e4hnlicher Fragen. Eine Vorbereitung m\u00f6glicher Antworten kann Dir deshalb als wichtige Orientierungshilfe dienen. Bei der Formulierung Deiner Antworten solltest Du generell darauf achten, dass sie aussagekr\u00e4ftige Beispiele umfassen und positive Inhalte transportieren. Zu den drei h\u00e4ufigsten Fragen in einem Vorstellungsgespr\u00e4ch z\u00e4hlen:<\/p>\n<h3>Wie kann unser Unternehmen von Ihnen profitieren?<\/h3>\n<p>Antwort: Als Mechatroniker ben\u00f6tigt Ihr Unternehmen einen Mitarbeiter, der handwerkliches Geschick besitzt, l\u00f6sungsorientiert denkt und die Optimierung Ihrer mechanischen Systeme vorantreibt. Durch mein Studium kann ich hierf\u00fcr zahlreiche fachliche Qualifikationen einbringen. Meine Berufserfahrung als technischer Assistent erm\u00f6glicht es mir zudem, dieses Fachwissen erfolgreich in der Praxis anzuwenden.<\/p>\n<h3>Wie gehen Sie mit Fehlern um?<\/h3>\n<p>Antwort: Prinzipiell versuche ich nat\u00fcrlich, Fehler zu vermeiden. Sollte mir trotzdem einmal ein Fehler unterlaufen, begegne ich diesem in zwei Schritten. Zun\u00e4chst suche ich nach einer passenden L\u00f6sung zur schnellstm\u00f6glichen Behebung des Problems. Danach analysiere ich au\u00dferdem die Ursachen, um \u00e4hnliche Situationen zuk\u00fcnftig besser handhaben zu k\u00f6nnen.<\/p>\n<h3>Wo sehen Sie sich in 5 Jahren?<\/h3>\n<p>Antwort: Aktuell m\u00f6chte ich ein Unternehmen finden, in dem ich mich beruflich und pers\u00f6nlich weiterentwickeln kann. Mein Ziel ist es, eine Spezialisierung im Bereich pneumatischer Systeme zu absolvieren, da ich dort ein gro\u00dfes Potenzial f\u00fcr neue Anwendungsm\u00f6glichkeiten sehe. Und ich bin davon \u00fcberzeugt, dass Ihr Unternehmen sehr gut zu diesen Zielen passt, weil es stets an der Fortbildung seiner Mitarbeiter und der Erarbeitung innovativer Technikl\u00f6sungen interessiert ist.<\/p>\n\n\n<div class=\"wp-block-group alignwide\" id=\"pdf-download\"><div class=\"wp-block-group__inner-container is-layout-flow\">\n<div class=\"wp-block-columns pdf-download is-layout-flex wp-container-8\">\n<div class=\"wp-block-column pdf-thumbnail is-layout-flow\" style=\"flex-basis:35%\">\n<figure class=\"wp-block-image size-large\"><img decoding=\"async\" loading=\"lazy\" width=\"300\" height=\"424\" src=\"https:\/\/www.stellenanzeigen.de\/careeasy\/wp-content\/uploads\/2020\/04\/Mechatroniker-Bewerbungsvorlage-pdf-image.jpg\" alt=\"Bewerbungsvorlage Mechatroniker\/in\" class=\"wp-image-85393\"\/><\/figure>\n<\/div>\n\n\n\n<div class=\"wp-block-column subscribe-box is-layout-flow\" style=\"flex-basis:65%\">\n\t\t\t\n\t\t\t<form id=\"sib_signup_form_38\" method=\"post\" class=\"sib_signup_form\">\n\t\t\t\t<div class=\"sib_loader\" style=\"display:none;\"><img\n\t\t\t\t\t\t\tsrc=\"https:\/\/www.stellenanzeigen.de\/careeasy\/wp-includes\/images\/spinner.gif\" alt=\"loader\"><\/div>\n\t\t\t\t<input type=\"hidden\" name=\"sib_form_action\" value=\"subscribe_form_submit\">\n\t\t\t\t<input type=\"hidden\" name=\"sib_form_id\" value=\"38\">\n                <input type=\"hidden\" name=\"sib_form_alert_notice\" value=\"Bitte f\u00fclle das Feld aus\">\n                <input type=\"hidden\" name=\"sib_form_invalid_email_notice\" value=\"Deine E-Mail Adresse ist ung\u00fcltig\">\n                <input type=\"hidden\" name=\"sib_security\" value=\"9139320b2f\">\n\t\t\t\t<div class=\"sib_signup_box_inside_38\">\n\t\t\t\t\t<div style=\"\/*display:none*\/\" class=\"sib_msg_disp\">\n\t\t\t\t\t<\/div>\n                    \t\t\t\t\t<p style=\"font-size:21px;text-align:left;font-family: 'Helvetica',sans-serif;color:#2b85b9;background-color:transparent\"><strong>Jetzt Bewerbungsvorlage als Mechatroniker\/in anfordern und f\u00fcr den Newsletter anmelden<\/strong><\/p>\r\n<p class=\"sib-email-area\">\r\n    <label>E-Mail-Adresse <span style=\"color: red\">*<\/span><\/label>\r\n    <input type=\"email\" class=\"sib-email-area\" name=\"email\" required=\"required\" placeholder=\"E-Mail-Adresse\">\r\n<\/p>\r\n<p class=\"sib-terms\"><input type=\"checkbox\" name=\"terms\" required=\"required\"><label>Ich bin damit einverstanden, dass meine E-Mailadresse f\u00fcr Werbezwecke per Newsletter genutzt wird und akzeptiere die <a href=\"https:\/\/www.stellenanzeigen.de\/arbeitgeber\/datenschutzerklaerung\/\">Datenschutzerkl\u00e4rung <span style=\"color: red\">*<\/span><\/a><\/label><\/p>\r\n<p style=\"font-size:12px;text-align:left;font-family: 'Helvetica',sans-serif;color:#8390A4\">Du kannst den Newsletter jederzeit \u00fcber den Abmeldelink in der Fu\u00dfzeile unserer E-Mails abbestellen.<\/p>\r\n<input type=\"submit\" class=\"sib-default-btn\" value=\"Bewerbungsvorlage anfordern\">\t\t\t\t<\/div>\n\t\t\t<\/form>\n\t\t\t<style>\n\t\t\t\tform#sib_signup_form_38 p.sib-alert-message {\n    padding: 6px 12px;\n    margin-bottom: 20px;\n    border: 1px solid transparent;\n    border-radius: 4px;\n    -webkit-box-sizing: border-box;\n    -moz-box-sizing: border-box;\n    box-sizing: border-box;\n}\nform#sib_signup_form_38 p.sib-alert-message-error {\n    background-color: #f2dede;\n    border-color: #ebccd1;\n    color: #a94442;\n}\nform#sib_signup_form_38 p.sib-alert-message-success {\n    background-color: #dff0d8;\n    border-color: #d6e9c6;\n    color: #3c763d;\n}\nform#sib_signup_form_38 p.sib-alert-message-warning {\n    background-color: #fcf8e3;\n    border-color: #faebcc;\n    color: #8a6d3b;\n}\n\t\t\t<\/style>\n\t\t\t\n<\/div>\n<\/div>\n<\/div><\/div>\n","protected":false},"excerpt":{"rendered":"<p>Die perfekte Bewerbung als Mechatroniker Nicht immer ist es leicht, die treffenden Worte zu finden. Dies gilt insbesondere auch f\u00fcr Bewerbungsschreiben, die Deinem zuk\u00fcnftigen&#8230;<\/p>\n","protected":false},"author":103,"featured_media":0,"parent":14008,"menu_order":0,"comment_status":"closed","ping_status":"closed","template":"","meta":{"_uag_custom_page_level_css":""},"categories":[],"tags":[],"yoast_head":"<!-- This site is optimized with the Yoast SEO plugin v20.7 - https:\/\/yoast.com\/wordpress\/plugins\/seo\/ -->\n<title>Bewerbungsvorlage Mechatroniker\/in | careeasy - Dein Karrieremagazin<\/title>\n<meta name=\"description\" content=\"Bewerbungsvorlage Mechatroniker\/in - Copyright: neskez Die perfekte Bewerbung als Mechatroniker Nicht immer ist es leicht, die treffenden Worte zu finden.\" \/>\n<meta name=\"robots\" content=\"index, follow, max-snippet:-1, max-image-preview:large, max-video-preview:-1\" \/>\n<link rel=\"canonical\" href=\"https:\/\/www.stellenanzeigen.de\/careeasy\/bewerbung\/mechatroniker-in\/\" \/>\n<meta property=\"og:locale\" content=\"de_DE\" \/>\n<meta property=\"og:type\" content=\"article\" \/>\n<meta property=\"og:title\" content=\"Bewerbungsvorlage Mechatroniker\/in | careeasy - Dein Karrieremagazin\" \/>\n<meta property=\"og:description\" content=\"Bewerbungsvorlage Mechatroniker\/in - Copyright: neskez Die perfekte Bewerbung als Mechatroniker Nicht immer ist es leicht, die treffenden Worte zu finden.\" \/>\n<meta property=\"og:url\" content=\"https:\/\/www.stellenanzeigen.de\/careeasy\/bewerbung\/mechatroniker-in\/\" \/>\n<meta property=\"og:site_name\" content=\"careeasy - Dein Karrieremagazin\" \/>\n<meta property=\"article:publisher\" content=\"https:\/\/www.facebook.com\/stellenanzeigen.de\/\" \/>\n<meta property=\"article:modified_time\" content=\"2024-01-23T07:58:47+00:00\" \/>\n<meta property=\"og:image\" content=\"https:\/\/www.stellenanzeigen.de\/careeasy\/wp-content\/uploads\/2020\/04\/bewerbung-mechatroniker.jpg\" \/>\n<meta name=\"twitter:label1\" content=\"Gesch\u00e4tzte Lesezeit\" \/>\n\t<meta name=\"twitter:data1\" content=\"3 Minuten\" \/>\n<script type=\"application\/ld+json\" class=\"yoast-schema-graph\">{\"@context\":\"https:\/\/schema.org\",\"@graph\":[{\"@type\":\"WebPage\",\"@id\":\"https:\/\/www.stellenanzeigen.de\/careeasy\/bewerbung\/mechatroniker-in\/\",\"url\":\"https:\/\/www.stellenanzeigen.de\/careeasy\/bewerbung\/mechatroniker-in\/\",\"name\":\"Bewerbungsvorlage Mechatroniker\/in | careeasy - Dein Karrieremagazin\",\"isPartOf\":{\"@id\":\"https:\/\/10.12.43.199\/careeasy\/#website\"},\"datePublished\":\"2020-04-28T11:36:49+00:00\",\"dateModified\":\"2024-01-23T07:58:47+00:00\",\"description\":\"Bewerbungsvorlage Mechatroniker\/in - Copyright: neskez Die perfekte Bewerbung als Mechatroniker Nicht immer ist es leicht, die treffenden Worte zu finden.\",\"breadcrumb\":{\"@id\":\"https:\/\/www.stellenanzeigen.de\/careeasy\/bewerbung\/mechatroniker-in\/#breadcrumb\"},\"inLanguage\":\"de-DE\",\"potentialAction\":[{\"@type\":\"ReadAction\",\"target\":[\"https:\/\/www.stellenanzeigen.de\/careeasy\/bewerbung\/mechatroniker-in\/\"]}]},{\"@type\":\"BreadcrumbList\",\"@id\":\"https:\/\/www.stellenanzeigen.de\/careeasy\/bewerbung\/mechatroniker-in\/#breadcrumb\",\"itemListElement\":[{\"@type\":\"ListItem\",\"position\":1,\"name\":\"Careeasy\",\"item\":\"https:\/\/10.12.43.199\/careeasy\/\"},{\"@type\":\"ListItem\",\"position\":2,\"name\":\"Bewerbungsvorlagen &#038; Bewerbungsmuster\",\"item\":\"https:\/\/www.stellenanzeigen.de\/careeasy\/bewerbung\/\"},{\"@type\":\"ListItem\",\"position\":3,\"name\":\"Bewerbungsvorlage Mechatroniker\/in\"}]},{\"@type\":\"WebSite\",\"@id\":\"https:\/\/10.12.43.199\/careeasy\/#website\",\"url\":\"https:\/\/10.12.43.199\/careeasy\/\",\"name\":\"careeasy - Dein Karrieremagazin\",\"description\":\"\",\"publisher\":{\"@id\":\"https:\/\/10.12.43.199\/careeasy\/#organization\"},\"potentialAction\":[{\"@type\":\"SearchAction\",\"target\":{\"@type\":\"EntryPoint\",\"urlTemplate\":\"https:\/\/10.12.43.199\/careeasy\/?s={search_term_string}\"},\"query-input\":\"required name=search_term_string\"}],\"inLanguage\":\"de-DE\"},{\"@type\":\"Organization\",\"@id\":\"https:\/\/10.12.43.199\/careeasy\/#organization\",\"name\":\"careeasy - Dein Karrieremagazin\",\"url\":\"https:\/\/10.12.43.199\/careeasy\/\",\"logo\":{\"@type\":\"ImageObject\",\"inLanguage\":\"de-DE\",\"@id\":\"https:\/\/10.12.43.199\/careeasy\/#\/schema\/logo\/image\/\",\"url\":\"https:\/\/www.stellenanzeigen.de\/careeasy\/wp-content\/uploads\/2024\/03\/careeasy_logo.jpg\",\"contentUrl\":\"https:\/\/www.stellenanzeigen.de\/careeasy\/wp-content\/uploads\/2024\/03\/careeasy_logo.jpg\",\"width\":701,\"height\":223,\"caption\":\"careeasy - Dein Karrieremagazin\"},\"image\":{\"@id\":\"https:\/\/10.12.43.199\/careeasy\/#\/schema\/logo\/image\/\"},\"sameAs\":[\"https:\/\/www.facebook.com\/stellenanzeigen.de\/\"]}]}<\/script>\n<!-- \/ Yoast SEO plugin. -->","yoast_head_json":{"title":"Bewerbungsvorlage Mechatroniker\/in | careeasy - Dein Karrieremagazin","description":"Bewerbungsvorlage Mechatroniker\/in - Copyright: neskez Die perfekte Bewerbung als Mechatroniker Nicht immer ist es leicht, die treffenden Worte zu finden.","robots":{"index":"index","follow":"follow","max-snippet":"max-snippet:-1","max-image-preview":"max-image-preview:large","max-video-preview":"max-video-preview:-1"},"canonical":"https:\/\/www.stellenanzeigen.de\/careeasy\/bewerbung\/mechatroniker-in\/","og_locale":"de_DE","og_type":"article","og_title":"Bewerbungsvorlage Mechatroniker\/in | careeasy - Dein Karrieremagazin","og_description":"Bewerbungsvorlage Mechatroniker\/in - Copyright: neskez Die perfekte Bewerbung als Mechatroniker Nicht immer ist es leicht, die treffenden Worte zu finden.","og_url":"https:\/\/www.stellenanzeigen.de\/careeasy\/bewerbung\/mechatroniker-in\/","og_site_name":"careeasy - Dein Karrieremagazin","article_publisher":"https:\/\/www.facebook.com\/stellenanzeigen.de\/","article_modified_time":"2024-01-23T07:58:47+00:00","og_image":[{"url":"https:\/\/www.stellenanzeigen.de\/careeasy\/wp-content\/uploads\/2020\/04\/bewerbung-mechatroniker.jpg"}],"twitter_misc":{"Gesch\u00e4tzte Lesezeit":"3 Minuten"},"schema":{"@context":"https:\/\/schema.org","@graph":[{"@type":"WebPage","@id":"https:\/\/www.stellenanzeigen.de\/careeasy\/bewerbung\/mechatroniker-in\/","url":"https:\/\/www.stellenanzeigen.de\/careeasy\/bewerbung\/mechatroniker-in\/","name":"Bewerbungsvorlage Mechatroniker\/in | careeasy - Dein Karrieremagazin","isPartOf":{"@id":"https:\/\/10.12.43.199\/careeasy\/#website"},"datePublished":"2020-04-28T11:36:49+00:00","dateModified":"2024-01-23T07:58:47+00:00","description":"Bewerbungsvorlage Mechatroniker\/in - Copyright: neskez Die perfekte Bewerbung als Mechatroniker Nicht immer ist es leicht, die treffenden Worte zu finden.","breadcrumb":{"@id":"https:\/\/www.stellenanzeigen.de\/careeasy\/bewerbung\/mechatroniker-in\/#breadcrumb"},"inLanguage":"de-DE","potentialAction":[{"@type":"ReadAction","target":["https:\/\/www.stellenanzeigen.de\/careeasy\/bewerbung\/mechatroniker-in\/"]}]},{"@type":"BreadcrumbList","@id":"https:\/\/www.stellenanzeigen.de\/careeasy\/bewerbung\/mechatroniker-in\/#breadcrumb","itemListElement":[{"@type":"ListItem","position":1,"name":"Careeasy","item":"https:\/\/10.12.43.199\/careeasy\/"},{"@type":"ListItem","position":2,"name":"Bewerbungsvorlagen &#038; Bewerbungsmuster","item":"https:\/\/www.stellenanzeigen.de\/careeasy\/bewerbung\/"},{"@type":"ListItem","position":3,"name":"Bewerbungsvorlage Mechatroniker\/in"}]},{"@type":"WebSite","@id":"https:\/\/10.12.43.199\/careeasy\/#website","url":"https:\/\/10.12.43.199\/careeasy\/","name":"careeasy - Dein Karrieremagazin","description":"","publisher":{"@id":"https:\/\/10.12.43.199\/careeasy\/#organization"},"potentialAction":[{"@type":"SearchAction","target":{"@type":"EntryPoint","urlTemplate":"https:\/\/10.12.43.199\/careeasy\/?s={search_term_string}"},"query-input":"required name=search_term_string"}],"inLanguage":"de-DE"},{"@type":"Organization","@id":"https:\/\/10.12.43.199\/careeasy\/#organization","name":"careeasy - Dein Karrieremagazin","url":"https:\/\/10.12.43.199\/careeasy\/","logo":{"@type":"ImageObject","inLanguage":"de-DE","@id":"https:\/\/10.12.43.199\/careeasy\/#\/schema\/logo\/image\/","url":"https:\/\/www.stellenanzeigen.de\/careeasy\/wp-content\/uploads\/2024\/03\/careeasy_logo.jpg","contentUrl":"https:\/\/www.stellenanzeigen.de\/careeasy\/wp-content\/uploads\/2024\/03\/careeasy_logo.jpg","width":701,"height":223,"caption":"careeasy - Dein Karrieremagazin"},"image":{"@id":"https:\/\/10.12.43.199\/careeasy\/#\/schema\/logo\/image\/"},"sameAs":["https:\/\/www.facebook.com\/stellenanzeigen.de\/"]}]}},"uagb_featured_image_src":{"full":false,"thumbnail":false,"medium":false,"medium_large":false,"large":false,"1536x1536":false,"2048x2048":false,"neomag-medium":false,"neomag-big":false,"neomag-large":false,"neomag-huge":false},"uagb_author_info":{"display_name":"stellenanzeigen.de","author_link":"https:\/\/www.stellenanzeigen.de\/careeasy\/author\/stellenanzeigen-de\/"},"uagb_comment_info":0,"uagb_excerpt":"Die perfekte Bewerbung als Mechatroniker Nicht immer ist es leicht, die treffenden Worte zu finden. Dies gilt insbesondere auch f\u00fcr Bewerbungsschreiben, die Deinem zuk\u00fcnftigen...","_links":{"self":[{"href":"https:\/\/www.stellenanzeigen.de\/careeasy\/wp-json\/wp\/v2\/pages\/19511"}],"collection":[{"href":"https:\/\/www.stellenanzeigen.de\/careeasy\/wp-json\/wp\/v2\/pages"}],"about":[{"href":"https:\/\/www.stellenanzeigen.de\/careeasy\/wp-json\/wp\/v2\/types\/page"}],"author":[{"embeddable":true,"href":"https:\/\/www.stellenanzeigen.de\/careeasy\/wp-json\/wp\/v2\/users\/103"}],"replies":[{"embeddable":true,"href":"https:\/\/www.stellenanzeigen.de\/careeasy\/wp-json\/wp\/v2\/comments?post=19511"}],"version-history":[{"count":11,"href":"https:\/\/www.stellenanzeigen.de\/careeasy\/wp-json\/wp\/v2\/pages\/19511\/revisions"}],"predecessor-version":[{"id":116700,"href":"https:\/\/www.stellenanzeigen.de\/careeasy\/wp-json\/wp\/v2\/pages\/19511\/revisions\/116700"}],"up":[{"embeddable":true,"href":"https:\/\/www.stellenanzeigen.de\/careeasy\/wp-json\/wp\/v2\/pages\/14008"}],"wp:attachment":[{"href":"https:\/\/www.stellenanzeigen.de\/careeasy\/wp-json\/wp\/v2\/media?parent=19511"}],"wp:term":[{"taxonomy":"category","embeddable":true,"href":"https:\/\/www.stellenanzeigen.de\/careeasy\/wp-json\/wp\/v2\/categories?post=19511"},{"taxonomy":"post_tag","embeddable":true,"href":"https:\/\/www.stellenanzeigen.de\/careeasy\/wp-json\/wp\/v2\/tags?post=19511"}],"curies":[{"name":"wp","href":"https:\/\/api.w.org\/{rel}","templated":true}]}}