{"id":19493,"date":"2020-04-28T09:37:00","date_gmt":"2020-04-28T09:37:00","guid":{"rendered":"https:\/\/www.stellenanzeigen.de\/careeasy\/?page_id=19493"},"modified":"2024-10-01T09:52:46","modified_gmt":"2024-10-01T07:52:46","slug":"erzieher-in","status":"publish","type":"page","link":"https:\/\/www.stellenanzeigen.de\/careeasy\/bewerbung\/erzieher-in\/","title":{"rendered":"Bewerbungsvorlage Erzieher\/in"},"content":{"rendered":"\r\n<figure class=\"wp-block-image alignwide wp-image-19495 size-full\"><img loading=\"lazy\" decoding=\"async\" width=\"724\" height=\"483\" class=\"wp-image-19495\" src=\"https:\/\/www.stellenanzeigen.de\/careeasy\/wp-content\/uploads\/2020\/04\/bewerbung-erzieherin.jpg\" alt=\"Bewerbungsvorlage Erzieherin\" srcset=\"https:\/\/www.stellenanzeigen.de\/careeasy\/wp-content\/uploads\/2020\/04\/bewerbung-erzieherin.jpg 724w, https:\/\/www.stellenanzeigen.de\/careeasy\/wp-content\/uploads\/2020\/04\/bewerbung-erzieherin-272x182.jpg 272w\" sizes=\"auto, (max-width: 724px) 100vw, 724px\" \/>\r\n<figcaption>Bewerbungsvorlage Erzieherin &#8211; Copyright: Lordn<\/figcaption>\r\n<\/figure>\r\n\r\n\r\n\r\n<h2 class=\"wp-block-heading\"><span class=\"ez-toc-section\" id=\"Bewerbungsvorlage_Erzieherin\"><\/span>Bewerbungsvorlage Erzieher\/in<span class=\"ez-toc-section-end\"><\/span><\/h2>\r\n\r\n\r\n\r\n<div class=\"wp-block-columns alignwide pdf-teaser is-layout-flex wp-container-core-columns-is-layout-9d6595d7 wp-block-columns-is-layout-flex\">\r\n<div class=\"wp-block-column pdf-thumbnail is-layout-flow wp-block-column-is-layout-flow\" style=\"flex-basis: 35%;\">\r\n<div class=\"wp-block-image\">\r\n<figure class=\"aligncenter size-large\"><img loading=\"lazy\" decoding=\"async\" width=\"300\" height=\"424\" class=\"wp-image-85394\" src=\"https:\/\/www.stellenanzeigen.de\/careeasy\/wp-content\/uploads\/2020\/05\/Erzieherin-pdf-image.jpg\" alt=\"Bewerbungsvorlage Erzieher\/in\" \/><\/figure>\r\n<\/div>\r\n\r\n\r\n\r\n<p>&nbsp;<\/p><div id=\"ez-toc-container\" class=\"ez-toc-v2_0_82_2 counter-hierarchy ez-toc-counter ez-toc-grey ez-toc-container-direction\">\n<div class=\"ez-toc-title-container\">\n<p class=\"ez-toc-title\" style=\"cursor:inherit\">Inhaltsverzeichnis<\/p>\n<span class=\"ez-toc-title-toggle\"><\/span><\/div>\n<nav><ul class='ez-toc-list ez-toc-list-level-1 ' ><li class='ez-toc-page-1 ez-toc-heading-level-2'><a class=\"ez-toc-link ez-toc-heading-1\" href=\"https:\/\/www.stellenanzeigen.de\/careeasy\/bewerbung\/erzieher-in\/#Bewerbungsvorlage_Erzieherin\" >Bewerbungsvorlage Erzieher\/in<\/a><\/li><li class='ez-toc-page-1 ez-toc-heading-level-2'><a class=\"ez-toc-link ez-toc-heading-2\" href=\"https:\/\/www.stellenanzeigen.de\/careeasy\/bewerbung\/erzieher-in\/#Aktuelle_Jobangebote\" >Aktuelle Jobangebote<\/a><\/li><\/ul><\/nav><\/div>\n\r\n<\/div>\r\n\r\n\r\n\r\n<div class=\"wp-block-column teaser-box is-layout-flow wp-block-column-is-layout-flow\" style=\"flex-basis: 65%;\">\r\n<p>Eine <a href=\"https:\/\/www.stellenanzeigen.de\/jobs\/erzieher-in\/\">Bewerbung als Erzieherin<\/a> f\u00fcr eine neue Stelle zu schreiben ist nicht ganz einfach. Schlie\u00dflich will man damit sich selbst im besten Licht darstellen und den potenziellen Arbeitgeber \u00fcberzeugen. Da muss jedes Detail stimmen. Am besten orientierst du dich an einer korrekten Bewerbung als Muster. Bei Stellenanzeigen.de kannst du dir das Bewerbungsmuster kostenlos herunterladen. Nat\u00fcrlich muss diese noch individualisiert werden, so dass die eigenen Qualifikationen enthalten sind. Au\u00dferdem sollte der Bezug zur entsprechenden Stelle angepasst werden.<\/p>\r\n\r\n\r\n\r\n<div class=\"wp-block-buttons is-layout-flex wp-block-buttons-is-layout-flex\">\r\n<div class=\"wp-block-button\"><a class=\"wp-block-button__link has-background no-border-radius\" style=\"background-color: #2b85b9;\" href=\"https:\/\/www.stellenanzeigen.de\/careeasy\/bewerbung\/erzieher-in\/#pdf-download\">Vorlage Anfordern<\/a><\/div>\r\n<\/div>\r\n<\/div>\r\n<\/div>\r\n\r\n<div class=\"mceTemp\">\u00a0<\/div>\r\n<h3>Bestandteile der Musterbewerbung Erzieher\/in<\/h3>\r\n<p>Die korrekte <a href=\"https:\/\/www.stellenanzeigen.de\/careeasy\/bewerbung\/\">Bewerbung<\/a> besteht aus mehreren Teilen, die sich jeweils erg\u00e4nzen und dem Arbeitgeber einen Gesamteindruck des Bewerbers \/der Bewerberin geben. Optional ist au\u00dferdem noch ein Deckblatt, welches \u00fcbersichtlich und professionell gestaltet sein sollte und die Kontaktdaten und eventuell ein Lichtbild enth\u00e4lt. Wenn du ein solches Deckblatt nicht gestalten kannst oder willst, l\u00e4sst du es besser weg. Folgende drei Bestandteile sind aber ein Muss, egal ob bei der schriftlichen Bewerbung oder einer Email-Bewerbung.<\/p>\r\n<h3>Anschreiben<\/h3>\r\n<p>Darin stellst du dich und deinen Werdegang als Erzieher\/in vor. Du nimmst Bezug auf die Einrichtung, in der du dich bewirbst, und erkl\u00e4rst warum du gerade dort arbeiten m\u00f6chtest. Au\u00dferdem solltest du erkl\u00e4ren, warum du deine <a href=\"https:\/\/www.stellenanzeigen.de\/glossar\/\">Stelle<\/a> wechseln m\u00f6chtest und bereits gesammelte Arbeitserfahrungen sowie deine St\u00e4rken beschreiben.<\/p>\r\n<h3>Lebenslauf<\/h3>\r\n<p>Dabei handelt es sich um eine chronologische Aufstellung deiner Ausbildung, Praktika und Arbeitsstellen. Zu Beginn des <a href=\"https:\/\/www.stellenanzeigen.de\/careeasy\/lebenslauf-vorlagen-sde106864\/\">Lebenslaufes<\/a> erfasst du alle deine pers\u00f6nlichen Daten. Ein Lebenslauf kann, muss aber kein Foto enthalten.<\/p>\r\n<h3>Zeugnisse und Referenzen<\/h3>\r\n<p>Um deine F\u00e4higkeiten und Erfahrung als Erzieherin zu beweisen, schickst du Kopie oder Pdf-Dokumente deiner Zeugnisse und <a class=\"wpil_keyword_link\" href=\"https:\/\/www.stellenanzeigen.de\/careeasy\/empfehlungsschreiben-die-nuetzliche-referenz-fuer-den-neuen-arbeitgeber-sde13807\/\" target=\"_blank\" rel=\"noopener\" title=\"Empfehlungsschreiben\" data-wpil-keyword-link=\"linked\">Empfehlungsschreiben<\/a> mit. Sende vor allem die aktuellsten Arbeits- und Praktikumsnachweise und dein Ausbildungszeugnis mit. Au\u00dferdem nat\u00fcrlich besondere Referenzen, die deine St\u00e4rken und F\u00e4higkeiten hervorheben.<\/p>\r\n<h3>Vorbereitung auf das Vorstellungsgespr\u00e4ch<\/h3>\r\n<p>Wenn du auf deine schriftliche Bewerbung ein positive R\u00fcckmeldung erhalten hast, wirst du wahrscheinlich zu einem pers\u00f6nlichen Kennenlernen eingeladen. Auf dieses Vorstellungsgespr\u00e4ch in deiner Wunsch-Einrichtung solltest du dich unbedingt vorbereiten. Informiere dich nochmals gr\u00fcndlich \u00fcber den jeweiligen Kindergarten. Lerne den Namen der Leitung und stellvertretenden Leitung. Wenn die Homepage es hergibt, lies die Konzeption oder das Leitbild der KiTa. Mach dir Gedanken dar\u00fcber, wie du in die Einrichtung passt und was du einbringen kannst.<\/p>\r\n<hr \/>\r\n<h2><span class=\"ez-toc-section\" id=\"Aktuelle_Jobangebote\"><\/span><a href=\"https:\/\/www.stellenanzeigen.de\/jobs\/\" target=\"_blank\" rel=\"noopener noreferrer\">Aktuelle Jobangebote<\/a><span class=\"ez-toc-section-end\"><\/span><\/h2>\r\n<hr \/>\r\n<div id=\"suchwidgetErgebnisliste\">\u00a0<\/div>\r\n<div id=\"StellenanzeigenSuchwidget\" tabindex=\"-1\">\u00a0<\/div>\r\n<p><script>\r\n  var config = {\r\n    apiKey : 'FBEB08FBC7BB75349E26C51C530F79BF',\r\n    resultsPerPage : 3,\r\n    searchRadius : 60,\r\n    fulltext : 'Erzieher',\r\n    city : null,\r\n    category : null,\r\n    subCategories : null\r\n  };\r\n<\/script><script type=\"text\/javascript\" src=\"https:\/\/app.stellenanzeigen.de\/widget\/init.js\"><\/script><\/p>\r\n<hr \/>\r\n<p>Wichtig ist auch deine \u00e4u\u00dfere Erscheinung beim <a href=\"https:\/\/www.stellenanzeigen.de\/careeasy\/fragen-antworten-im-vorstellungsgespraech-sde11769\/\">Vorstellungsgespr\u00e4ch<\/a>. Kleide dich nicht zu l\u00e4ssig, aber auch nicht zu formell. Schlie\u00dflich bewirbst du dich als Erzieher\/in und nicht als <a href=\"https:\/\/www.stellenanzeigen.de\/careeasy\/ausbildung\/bankkaufmann-bankkauffrau\/\">Bankkaufmann\/frau<\/a>.<\/p>\r\n<p>Stelle dich darauf ein, dass du vielleicht spontan gefragt wirst, ob du den Rest des Tages zum hospitieren bleiben m\u00f6chtest. Daf\u00fcr solltest du auf jeden Fall den restlichen Tag freihalten, denn ein &#8222;Nein&#8220; w\u00fcrde keinen guten Eindruck hinterlassen.<\/p>\r\n<h3>Fragen und Antwortm\u00f6glichkeiten im Vorstellungsgespr\u00e4ch<\/h3>\r\n<p>Bereite dich mit folgenden m\u00f6glichen Fragen und Antworten auf das Gespr\u00e4ch vor. Denn du solltest auf keinen Fall eine Frage mit &#8222;Wei\u00df ich nicht&#8220; beantworten oder allzu unsicher erscheinen. Aber keine Sorge: Dir ein bisschen Nervosit\u00e4t anmerken zu lassen ist nicht schlimm und zeigt schlie\u00dflich auch, dass dir die Stelle wirklich wichtig ist.<\/p>\r\n<h3>Warum bewerben Sie sich gerade in unserer Einrichtung?<\/h3>\r\n<p>Ich habe mich mit der Konzeption besch\u00e4ftigt und kenne auch einige Eltern, deren Kinder diese KiTa besucht haben. Was ich geh\u00f6rt und gelesen habe, machte einen sehr guten Eindruck auf mich.<\/p>\r\n<h3>Was gef\u00e4llt Ihnen besonders an der Arbeit mit Kindern?<\/h3>\r\n<p>Dass jeder Tag neu und aufregend ist und ich ein Teil davon sein kann. Ich begleite Kinder gerne bei ihren vielen Erlebnissen und Erfahrungen und m\u00f6chte dazu beitragen, dass sie gl\u00fccklich aufwachsen und sich gut entwickeln k\u00f6nnen.<\/p>\r\n<h3>Wo w\u00fcrden Sie selbst Ihre gr\u00f6\u00dfte Schw\u00e4che und gr\u00f6\u00dfte St\u00e4rke sehen?<\/h3>\r\n<p>Als gr\u00f6\u00dfte Schw\u00e4che w\u00fcrde ich sehen, dass ich immer alles perfekt machen will und mir dadurch viel Druck mache. Meine gr\u00f6\u00dfte St\u00e4rke ist meine Empathie und liebevolle Art.<\/p>\r\n<h3>Warum wollen Sie ihren bisherigen Arbeitgeber verlassen?<\/h3>\r\n<p>Ich bin dort nun schon sehr lange und habe einfach das Gef\u00fchl, dass ich eine neue Herausforderung und einen neuen Wirkungskreis brauche.<\/p>\r\n\r\n<div id=\"pdf-download\" class=\"wp-block-group alignwide\">\r\n<div class=\"wp-block-group__inner-container is-layout-flow wp-block-group-is-layout-flow\">\r\n<div class=\"wp-block-columns pdf-download is-layout-flex wp-container-core-columns-is-layout-9d6595d7 wp-block-columns-is-layout-flex\">\r\n<div class=\"wp-block-column pdf-thumbnail is-layout-flow wp-block-column-is-layout-flow\" style=\"flex-basis: 35%;\">\r\n<figure class=\"wp-block-image size-large\"><img loading=\"lazy\" decoding=\"async\" width=\"300\" height=\"424\" class=\"wp-image-85394\" src=\"https:\/\/www.stellenanzeigen.de\/careeasy\/wp-content\/uploads\/2020\/05\/Erzieherin-pdf-image.jpg\" alt=\"Bewerbungsvorlage Erzieher\/in\" \/><\/figure>\r\n<\/div>\r\n\r\n\r\n\r\n<div class=\"wp-block-column subscribe-box is-layout-flow wp-block-column-is-layout-flow\" style=\"flex-basis: 65%;\">\r\n\n\t\t\t<form id=\"sib_signup_form_18\" method=\"post\" class=\"sib_signup_form\">\n\t\t\t\t<div class=\"sib_loader\" style=\"display:none;\"><img\n\t\t\t\t\t\t\tsrc=\"https:\/\/www.stellenanzeigen.de\/careeasy\/wp-includes\/images\/spinner.gif\" alt=\"loader\"><\/div>\n\t\t\t\t<input type=\"hidden\" name=\"sib_form_action\" value=\"subscribe_form_submit\">\n\t\t\t\t<input type=\"hidden\" name=\"sib_form_id\" value=\"18\">\n                <input type=\"hidden\" name=\"sib_form_alert_notice\" value=\"Bitte f\u00fclle das Feld aus\">\n                <input type=\"hidden\" name=\"sib_form_invalid_email_notice\" value=\"Deine E-Mail Adresse ist ung\u00fcltig\">\n                <input type=\"hidden\" name=\"sib_security\" value=\"06133a707f\">\n\t\t\t\t<div class=\"sib_signup_box_inside_18\">\n\t\t\t\t\t<div style=\"\/*display:none*\/\" class=\"sib_msg_disp\">\n\t\t\t\t\t<\/div>\n                    \t\t\t\t\t<p style=\"font-size:21px;text-align:left;font-family: 'Helvetica',sans-serif;color:#2b85b9;background-color:transparent\"><strong>Jetzt Bewerbungsvorlage als Erzieher\/in anfordern und f\u00fcr den Newsletter anmelden<\/strong><\/p>\r\n<p class=\"sib-email-area\">\r\n    <label>E-Mail-Adresse <span style=\"color: red\">*<\/span><\/label>\r\n    <input type=\"email\" class=\"sib-email-area\" name=\"email\" required=\"required\" placeholder=\"E-Mail-Adresse\">\r\n<\/p>\r\n<p class=\"sib-terms\"><input type=\"checkbox\" name=\"terms\" required=\"required\"><label>Ich bin damit einverstanden, dass meine E-Mailadresse f\u00fcr Werbezwecke per Newsletter genutzt wird und akzeptiere die <a href=\"https:\/\/www.stellenanzeigen.de\/arbeitgeber\/datenschutzerklaerung\/\">Datenschutzerkl\u00e4rung <span style=\"color: red\">*<\/span><\/a><\/label><\/p>\r\n<p style=\"font-size:12px;text-align:left;font-family: 'Helvetica',sans-serif;color:#8390A4\">Du kannst den Newsletter jederzeit \u00fcber den Abmeldelink in der Fu\u00dfzeile unserer E-Mails abbestellen.<\/p>\r\n<input type=\"submit\" class=\"sib-default-btn\" value=\"Bewerbungsvorlage anfordern\">\t\t\t\t<\/div>\n\t\t\t<\/form>\n\t\t\t<style>\n\t\t\t\tform#sib_signup_form_18 p.sib-alert-message {\n    padding: 6px 12px;\n    margin-bottom: 20px;\n    border: 1px solid transparent;\n    border-radius: 4px;\n    -webkit-box-sizing: border-box;\n    -moz-box-sizing: border-box;\n    box-sizing: border-box;\n}\nform#sib_signup_form_18 p.sib-alert-message-error {\n    background-color: #f2dede;\n    border-color: #ebccd1;\n    color: #a94442;\n}\nform#sib_signup_form_18 p.sib-alert-message-success {\n    background-color: #dff0d8;\n    border-color: #d6e9c6;\n    color: #3c763d;\n}\nform#sib_signup_form_18 p.sib-alert-message-warning {\n    background-color: #fcf8e3;\n    border-color: #faebcc;\n    color: #8a6d3b;\n}\n\t\t\t<\/style>\n\t\t\t\r\n<\/div>\r\n<\/div>\r\n<\/div>\r\n<\/div>\r\n","protected":false},"excerpt":{"rendered":"<p>Bewerbungsvorlage Erzieher\/in &nbsp; Eine Bewerbung als Erzieherin f\u00fcr eine neue Stelle zu schreiben ist nicht ganz einfach. Schlie\u00dflich will man damit sich selbst im&#8230;<\/p>\n","protected":false},"author":103,"featured_media":0,"parent":14008,"menu_order":0,"comment_status":"closed","ping_status":"closed","template":"","meta":{"_uag_custom_page_level_css":"","footnotes":""},"categories":[],"tags":[],"class_list":["post-19493","page","type-page","status-publish","hentry","entry","post-no-thumbnail"],"yoast_head":"<!-- This site is optimized with the Yoast SEO plugin v27.5 - https:\/\/yoast.com\/product\/yoast-seo-wordpress\/ -->\n<title>Bewerbungsvorlage Erzieher\/in: Bewerbung schreiben Muster<\/title>\n<meta name=\"description\" content=\"Eine Bewerbung als Erzieherin f\u00fcr eine neue Stelle zu schreiben ist nicht ganz einfach. Lade Dir die kostenlose Bewerbungsvorlage bei Stellenanzeigen.de\" \/>\n<meta name=\"robots\" content=\"index, follow, max-snippet:-1, max-image-preview:large, max-video-preview:-1\" \/>\n<link rel=\"canonical\" href=\"https:\/\/www.stellenanzeigen.de\/careeasy\/bewerbung\/erzieher-in\/\" \/>\n<meta property=\"og:locale\" content=\"de_DE\" \/>\n<meta property=\"og:type\" content=\"article\" \/>\n<meta property=\"og:title\" content=\"Bewerbungsvorlage Erzieher\/in: Bewerbung schreiben Muster\" \/>\n<meta property=\"og:description\" content=\"Eine Bewerbung als Erzieherin f\u00fcr eine neue Stelle zu schreiben ist nicht ganz einfach. Lade Dir die kostenlose Bewerbungsvorlage bei Stellenanzeigen.de\" \/>\n<meta property=\"og:url\" content=\"https:\/\/www.stellenanzeigen.de\/careeasy\/bewerbung\/erzieher-in\/\" \/>\n<meta property=\"og:site_name\" content=\"careeasy - Dein Karrieremagazin\" \/>\n<meta property=\"article:publisher\" content=\"https:\/\/www.facebook.com\/stellenanzeigen.de\/\" \/>\n<meta property=\"article:modified_time\" content=\"2024-10-01T07:52:46+00:00\" \/>\n<meta property=\"og:image\" content=\"https:\/\/www.stellenanzeigen.de\/careeasy\/wp-content\/uploads\/2020\/04\/bewerbung-erzieherin.jpg\" \/>\n<meta name=\"twitter:label1\" content=\"Gesch\u00e4tzte Lesezeit\" \/>\n\t<meta name=\"twitter:data1\" content=\"5\u00a0Minuten\" \/>\n<script type=\"application\/ld+json\" class=\"yoast-schema-graph\">{\"@context\":\"https:\\\/\\\/schema.org\",\"@graph\":[{\"@type\":\"WebPage\",\"@id\":\"https:\\\/\\\/www.stellenanzeigen.de\\\/careeasy\\\/bewerbung\\\/erzieher-in\\\/\",\"url\":\"https:\\\/\\\/www.stellenanzeigen.de\\\/careeasy\\\/bewerbung\\\/erzieher-in\\\/\",\"name\":\"Bewerbungsvorlage Erzieher\\\/in: Bewerbung schreiben Muster\",\"isPartOf\":{\"@id\":\"https:\\\/\\\/www.stellenanzeigen.de\\\/careeasy\\\/#website\"},\"primaryImageOfPage\":{\"@id\":\"https:\\\/\\\/www.stellenanzeigen.de\\\/careeasy\\\/bewerbung\\\/erzieher-in\\\/#primaryimage\"},\"image\":{\"@id\":\"https:\\\/\\\/www.stellenanzeigen.de\\\/careeasy\\\/bewerbung\\\/erzieher-in\\\/#primaryimage\"},\"thumbnailUrl\":\"https:\\\/\\\/www.stellenanzeigen.de\\\/careeasy\\\/wp-content\\\/uploads\\\/2020\\\/04\\\/bewerbung-erzieherin.jpg\",\"datePublished\":\"2020-04-28T09:37:00+00:00\",\"dateModified\":\"2024-10-01T07:52:46+00:00\",\"description\":\"Eine Bewerbung als Erzieherin f\u00fcr eine neue Stelle zu schreiben ist nicht ganz einfach. Lade Dir die kostenlose Bewerbungsvorlage bei Stellenanzeigen.de\",\"breadcrumb\":{\"@id\":\"https:\\\/\\\/www.stellenanzeigen.de\\\/careeasy\\\/bewerbung\\\/erzieher-in\\\/#breadcrumb\"},\"inLanguage\":\"de\",\"potentialAction\":[{\"@type\":\"ReadAction\",\"target\":[\"https:\\\/\\\/www.stellenanzeigen.de\\\/careeasy\\\/bewerbung\\\/erzieher-in\\\/\"]}]},{\"@type\":\"ImageObject\",\"inLanguage\":\"de\",\"@id\":\"https:\\\/\\\/www.stellenanzeigen.de\\\/careeasy\\\/bewerbung\\\/erzieher-in\\\/#primaryimage\",\"url\":\"https:\\\/\\\/www.stellenanzeigen.de\\\/careeasy\\\/wp-content\\\/uploads\\\/2020\\\/04\\\/bewerbung-erzieherin.jpg\",\"contentUrl\":\"https:\\\/\\\/www.stellenanzeigen.de\\\/careeasy\\\/wp-content\\\/uploads\\\/2020\\\/04\\\/bewerbung-erzieherin.jpg\",\"width\":724,\"height\":483,\"caption\":\"Children drawing with smiling preschool teacher assisting them. Early education. Harnessing creativity and support.\"},{\"@type\":\"BreadcrumbList\",\"@id\":\"https:\\\/\\\/www.stellenanzeigen.de\\\/careeasy\\\/bewerbung\\\/erzieher-in\\\/#breadcrumb\",\"itemListElement\":[{\"@type\":\"ListItem\",\"position\":1,\"name\":\"Careeasy\",\"item\":\"https:\\\/\\\/www.stellenanzeigen.de\\\/careeasy\\\/\"},{\"@type\":\"ListItem\",\"position\":2,\"name\":\"Bewerbungsvorlagen &#038; Bewerbungsmuster\",\"item\":\"https:\\\/\\\/www.stellenanzeigen.de\\\/careeasy\\\/bewerbung\\\/\"},{\"@type\":\"ListItem\",\"position\":3,\"name\":\"Bewerbungsvorlage Erzieher\\\/in\"}]},{\"@type\":\"WebSite\",\"@id\":\"https:\\\/\\\/www.stellenanzeigen.de\\\/careeasy\\\/#website\",\"url\":\"https:\\\/\\\/www.stellenanzeigen.de\\\/careeasy\\\/\",\"name\":\"careeasy - Dein Karrieremagazin\",\"description\":\"\",\"publisher\":{\"@id\":\"https:\\\/\\\/www.stellenanzeigen.de\\\/careeasy\\\/#organization\"},\"potentialAction\":[{\"@type\":\"SearchAction\",\"target\":{\"@type\":\"EntryPoint\",\"urlTemplate\":\"https:\\\/\\\/www.stellenanzeigen.de\\\/careeasy\\\/?s={search_term_string}\"},\"query-input\":{\"@type\":\"PropertyValueSpecification\",\"valueRequired\":true,\"valueName\":\"search_term_string\"}}],\"inLanguage\":\"de\"},{\"@type\":\"Organization\",\"@id\":\"https:\\\/\\\/www.stellenanzeigen.de\\\/careeasy\\\/#organization\",\"name\":\"careeasy - Dein Karrieremagazin\",\"url\":\"https:\\\/\\\/www.stellenanzeigen.de\\\/careeasy\\\/\",\"logo\":{\"@type\":\"ImageObject\",\"inLanguage\":\"de\",\"@id\":\"https:\\\/\\\/www.stellenanzeigen.de\\\/careeasy\\\/#\\\/schema\\\/logo\\\/image\\\/\",\"url\":\"https:\\\/\\\/www.stellenanzeigen.de\\\/careeasy\\\/wp-content\\\/uploads\\\/2024\\\/03\\\/careeasy_logo.jpg\",\"contentUrl\":\"https:\\\/\\\/www.stellenanzeigen.de\\\/careeasy\\\/wp-content\\\/uploads\\\/2024\\\/03\\\/careeasy_logo.jpg\",\"width\":701,\"height\":223,\"caption\":\"careeasy - Dein Karrieremagazin\"},\"image\":{\"@id\":\"https:\\\/\\\/www.stellenanzeigen.de\\\/careeasy\\\/#\\\/schema\\\/logo\\\/image\\\/\"},\"sameAs\":[\"https:\\\/\\\/www.facebook.com\\\/stellenanzeigen.de\\\/\"]}]}<\/script>\n<!-- \/ Yoast SEO plugin. -->","yoast_head_json":{"title":"Bewerbungsvorlage Erzieher\/in: Bewerbung schreiben Muster","description":"Eine Bewerbung als Erzieherin f\u00fcr eine neue Stelle zu schreiben ist nicht ganz einfach. Lade Dir die kostenlose Bewerbungsvorlage bei Stellenanzeigen.de","robots":{"index":"index","follow":"follow","max-snippet":"max-snippet:-1","max-image-preview":"max-image-preview:large","max-video-preview":"max-video-preview:-1"},"canonical":"https:\/\/www.stellenanzeigen.de\/careeasy\/bewerbung\/erzieher-in\/","og_locale":"de_DE","og_type":"article","og_title":"Bewerbungsvorlage Erzieher\/in: Bewerbung schreiben Muster","og_description":"Eine Bewerbung als Erzieherin f\u00fcr eine neue Stelle zu schreiben ist nicht ganz einfach. Lade Dir die kostenlose Bewerbungsvorlage bei Stellenanzeigen.de","og_url":"https:\/\/www.stellenanzeigen.de\/careeasy\/bewerbung\/erzieher-in\/","og_site_name":"careeasy - Dein Karrieremagazin","article_publisher":"https:\/\/www.facebook.com\/stellenanzeigen.de\/","article_modified_time":"2024-10-01T07:52:46+00:00","og_image":[{"url":"https:\/\/www.stellenanzeigen.de\/careeasy\/wp-content\/uploads\/2020\/04\/bewerbung-erzieherin.jpg","type":"","width":"","height":""}],"twitter_misc":{"Gesch\u00e4tzte Lesezeit":"5\u00a0Minuten"},"schema":{"@context":"https:\/\/schema.org","@graph":[{"@type":"WebPage","@id":"https:\/\/www.stellenanzeigen.de\/careeasy\/bewerbung\/erzieher-in\/","url":"https:\/\/www.stellenanzeigen.de\/careeasy\/bewerbung\/erzieher-in\/","name":"Bewerbungsvorlage Erzieher\/in: Bewerbung schreiben Muster","isPartOf":{"@id":"https:\/\/www.stellenanzeigen.de\/careeasy\/#website"},"primaryImageOfPage":{"@id":"https:\/\/www.stellenanzeigen.de\/careeasy\/bewerbung\/erzieher-in\/#primaryimage"},"image":{"@id":"https:\/\/www.stellenanzeigen.de\/careeasy\/bewerbung\/erzieher-in\/#primaryimage"},"thumbnailUrl":"https:\/\/www.stellenanzeigen.de\/careeasy\/wp-content\/uploads\/2020\/04\/bewerbung-erzieherin.jpg","datePublished":"2020-04-28T09:37:00+00:00","dateModified":"2024-10-01T07:52:46+00:00","description":"Eine Bewerbung als Erzieherin f\u00fcr eine neue Stelle zu schreiben ist nicht ganz einfach. Lade Dir die kostenlose Bewerbungsvorlage bei Stellenanzeigen.de","breadcrumb":{"@id":"https:\/\/www.stellenanzeigen.de\/careeasy\/bewerbung\/erzieher-in\/#breadcrumb"},"inLanguage":"de","potentialAction":[{"@type":"ReadAction","target":["https:\/\/www.stellenanzeigen.de\/careeasy\/bewerbung\/erzieher-in\/"]}]},{"@type":"ImageObject","inLanguage":"de","@id":"https:\/\/www.stellenanzeigen.de\/careeasy\/bewerbung\/erzieher-in\/#primaryimage","url":"https:\/\/www.stellenanzeigen.de\/careeasy\/wp-content\/uploads\/2020\/04\/bewerbung-erzieherin.jpg","contentUrl":"https:\/\/www.stellenanzeigen.de\/careeasy\/wp-content\/uploads\/2020\/04\/bewerbung-erzieherin.jpg","width":724,"height":483,"caption":"Children drawing with smiling preschool teacher assisting them. Early education. Harnessing creativity and support."},{"@type":"BreadcrumbList","@id":"https:\/\/www.stellenanzeigen.de\/careeasy\/bewerbung\/erzieher-in\/#breadcrumb","itemListElement":[{"@type":"ListItem","position":1,"name":"Careeasy","item":"https:\/\/www.stellenanzeigen.de\/careeasy\/"},{"@type":"ListItem","position":2,"name":"Bewerbungsvorlagen &#038; Bewerbungsmuster","item":"https:\/\/www.stellenanzeigen.de\/careeasy\/bewerbung\/"},{"@type":"ListItem","position":3,"name":"Bewerbungsvorlage Erzieher\/in"}]},{"@type":"WebSite","@id":"https:\/\/www.stellenanzeigen.de\/careeasy\/#website","url":"https:\/\/www.stellenanzeigen.de\/careeasy\/","name":"careeasy - Dein Karrieremagazin","description":"","publisher":{"@id":"https:\/\/www.stellenanzeigen.de\/careeasy\/#organization"},"potentialAction":[{"@type":"SearchAction","target":{"@type":"EntryPoint","urlTemplate":"https:\/\/www.stellenanzeigen.de\/careeasy\/?s={search_term_string}"},"query-input":{"@type":"PropertyValueSpecification","valueRequired":true,"valueName":"search_term_string"}}],"inLanguage":"de"},{"@type":"Organization","@id":"https:\/\/www.stellenanzeigen.de\/careeasy\/#organization","name":"careeasy - Dein Karrieremagazin","url":"https:\/\/www.stellenanzeigen.de\/careeasy\/","logo":{"@type":"ImageObject","inLanguage":"de","@id":"https:\/\/www.stellenanzeigen.de\/careeasy\/#\/schema\/logo\/image\/","url":"https:\/\/www.stellenanzeigen.de\/careeasy\/wp-content\/uploads\/2024\/03\/careeasy_logo.jpg","contentUrl":"https:\/\/www.stellenanzeigen.de\/careeasy\/wp-content\/uploads\/2024\/03\/careeasy_logo.jpg","width":701,"height":223,"caption":"careeasy - Dein Karrieremagazin"},"image":{"@id":"https:\/\/www.stellenanzeigen.de\/careeasy\/#\/schema\/logo\/image\/"},"sameAs":["https:\/\/www.facebook.com\/stellenanzeigen.de\/"]}]}},"uagb_featured_image_src":{"full":false,"thumbnail":false,"medium":false,"medium_large":false,"large":false,"1536x1536":false,"2048x2048":false,"neomag-medium":false,"neomag-big":false,"neomag-large":false,"neomag-huge":false},"uagb_author_info":{"display_name":"stellenanzeigen.de","author_link":"https:\/\/www.stellenanzeigen.de\/careeasy\/author\/stellenanzeigen-de\/"},"uagb_comment_info":0,"uagb_excerpt":"Bewerbungsvorlage Erzieher\/in &nbsp; Eine Bewerbung als Erzieherin f\u00fcr eine neue Stelle zu schreiben ist nicht ganz einfach. Schlie\u00dflich will man damit sich selbst im...","_links":{"self":[{"href":"https:\/\/www.stellenanzeigen.de\/careeasy\/wp-json\/wp\/v2\/pages\/19493","targetHints":{"allow":["GET"]}}],"collection":[{"href":"https:\/\/www.stellenanzeigen.de\/careeasy\/wp-json\/wp\/v2\/pages"}],"about":[{"href":"https:\/\/www.stellenanzeigen.de\/careeasy\/wp-json\/wp\/v2\/types\/page"}],"author":[{"embeddable":true,"href":"https:\/\/www.stellenanzeigen.de\/careeasy\/wp-json\/wp\/v2\/users\/103"}],"replies":[{"embeddable":true,"href":"https:\/\/www.stellenanzeigen.de\/careeasy\/wp-json\/wp\/v2\/comments?post=19493"}],"version-history":[{"count":18,"href":"https:\/\/www.stellenanzeigen.de\/careeasy\/wp-json\/wp\/v2\/pages\/19493\/revisions"}],"predecessor-version":[{"id":119517,"href":"https:\/\/www.stellenanzeigen.de\/careeasy\/wp-json\/wp\/v2\/pages\/19493\/revisions\/119517"}],"up":[{"embeddable":true,"href":"https:\/\/www.stellenanzeigen.de\/careeasy\/wp-json\/wp\/v2\/pages\/14008"}],"wp:attachment":[{"href":"https:\/\/www.stellenanzeigen.de\/careeasy\/wp-json\/wp\/v2\/media?parent=19493"}],"wp:term":[{"taxonomy":"category","embeddable":true,"href":"https:\/\/www.stellenanzeigen.de\/careeasy\/wp-json\/wp\/v2\/categories?post=19493"},{"taxonomy":"post_tag","embeddable":true,"href":"https:\/\/www.stellenanzeigen.de\/careeasy\/wp-json\/wp\/v2\/tags?post=19493"}],"curies":[{"name":"wp","href":"https:\/\/api.w.org\/{rel}","templated":true}]}}