{"id":107910,"date":"2023-05-19T12:16:08","date_gmt":"2023-05-19T10:16:08","guid":{"rendered":"https:\/\/www.stellenanzeigen.de\/careeasy\/?page_id=107910"},"modified":"2024-02-27T13:26:21","modified_gmt":"2024-02-27T12:26:21","slug":"ichkannsogar","status":"publish","type":"page","link":"https:\/\/www.stellenanzeigen.de\/careeasy\/ichkannsogar\/","title":{"rendered":"ichkannsogar"},"content":{"rendered":"\n<div class=\"wp-block-uagb-container row-hero uagb-block-60ab8eb2 alignfull uagb-is-root-container\">\n<div class=\"wp-block-uagb-container row-hero-text uagb-block-119c86e9\">\n<h1 class=\"wp-block-heading has-text-align-right\">Mach mit und hab&#8216; die Chance,<br>12.000 \u20ac zu gewinnen.<\/h1>\n\n\n\n<p class=\"has-text-align-right\">#ichkannsogar<\/p>\n<\/div>\n\n\n\n<div class=\"wp-block-uagb-container social-icons uagb-block-60dfb260\">      \n\t\t\t<div class=\"uagb-icon-wrapper uagb-block-ffc5f6c3 linkedin_top-right     \"\n\t\t\tstyle=\"\" >\n\t\t\t\t\t\t\t\t\t<span class=\"uagb-svg-wrapper\" \n\t\t\t\t\t aria-label=\"linkedin\"\t\t\t\t\ttabindex=\"0\">\t\t\n\t\t\t\t\t\t\t\t\t\t<a rel=\"noopener noreferrer\" href=\"https:\/\/www.linkedin.com\/company\/stellenanzeigen.de-gmbh-&#038;-co.-kg\/\" target=\"_blank\"><svg xmlns=\"https:\/\/www.w3.org\/2000\/svg\" viewBox= \"0 0 448 512\" role=\"graphics-symbol\" aria-hidden=\"false\" aria-label=\"\"><path d=\"M416 32H31.9C14.3 32 0 46.5 0 64.3v383.4C0 465.5 14.3 480 31.9 480H416c17.6 0 32-14.5 32-32.3V64.3c0-17.8-14.4-32.3-32-32.3zM135.4 416H69V202.2h66.5V416zm-33.2-243c-21.3 0-38.5-17.3-38.5-38.5S80.9 96 102.2 96c21.2 0 38.5 17.3 38.5 38.5 0 21.3-17.2 38.5-38.5 38.5zm282.1 243h-66.4V312c0-24.8-.5-56.7-34.5-56.7-34.6 0-39.9 27-39.9 54.9V416h-66.4V202.2h63.7v29.2h.9c8.9-16.8 30.6-34.5 62.9-34.5 67.2 0 79.7 44.3 79.7 101.9V416z\"><\/path><\/svg><\/a>\n\t\t\t\t\t\t\t\t\t<\/span>\n\t\t\t\t\t\t\t<\/div>\n\t\t\t\n\n      \n\t\t\t<div class=\"uagb-icon-wrapper uagb-block-1210fc7b instagram_top-right     \"\n\t\t\tstyle=\"\" >\n\t\t\t\t\t\t\t\t\t<span class=\"uagb-svg-wrapper\" \n\t\t\t\t\t aria-label=\"instagram\"\t\t\t\t\ttabindex=\"0\">\t\t\n\t\t\t\t\t\t\t\t\t\t<a rel=\"noopener noreferrer\" href=\"https:\/\/www.instagram.com\/stellenanzeigende\/\" target=\"_blank\"><svg xmlns=\"https:\/\/www.w3.org\/2000\/svg\" viewBox= \"0 0 448 512\" role=\"graphics-symbol\" aria-hidden=\"false\" aria-label=\"\"><path d=\"M224.1 141c-63.6 0-114.9 51.3-114.9 114.9s51.3 114.9 114.9 114.9S339 319.5 339 255.9 287.7 141 224.1 141zm0 189.6c-41.1 0-74.7-33.5-74.7-74.7s33.5-74.7 74.7-74.7 74.7 33.5 74.7 74.7-33.6 74.7-74.7 74.7zm146.4-194.3c0 14.9-12 26.8-26.8 26.8-14.9 0-26.8-12-26.8-26.8s12-26.8 26.8-26.8 26.8 12 26.8 26.8zm76.1 27.2c-1.7-35.9-9.9-67.7-36.2-93.9-26.2-26.2-58-34.4-93.9-36.2-37-2.1-147.9-2.1-184.9 0-35.8 1.7-67.6 9.9-93.9 36.1s-34.4 58-36.2 93.9c-2.1 37-2.1 147.9 0 184.9 1.7 35.9 9.9 67.7 36.2 93.9s58 34.4 93.9 36.2c37 2.1 147.9 2.1 184.9 0 35.9-1.7 67.7-9.9 93.9-36.2 26.2-26.2 34.4-58 36.2-93.9 2.1-37 2.1-147.8 0-184.8zM398.8 388c-7.8 19.6-22.9 34.7-42.6 42.6-29.5 11.7-99.5 9-132.1 9s-102.7 2.6-132.1-9c-19.6-7.8-34.7-22.9-42.6-42.6-11.7-29.5-9-99.5-9-132.1s-2.6-102.7 9-132.1c7.8-19.6 22.9-34.7 42.6-42.6 29.5-11.7 99.5-9 132.1-9s102.7-2.6 132.1 9c19.6 7.8 34.7 22.9 42.6 42.6 11.7 29.5 9 99.5 9 132.1s2.7 102.7-9 132.1z\"><\/path><\/svg><\/a>\n\t\t\t\t\t\t\t\t\t<\/span>\n\t\t\t\t\t\t\t<\/div>\n\t\t\t\n\n      \n\t\t\t<div class=\"uagb-icon-wrapper uagb-block-644d3b66 tiktok_top-right     \"\n\t\t\tstyle=\"\" >\n\t\t\t\t\t\t\t\t\t<span class=\"uagb-svg-wrapper\" \n\t\t\t\t\t aria-label=\"tiktok\"\t\t\t\t\ttabindex=\"0\">\t\t\n\t\t\t\t\t\t\t\t\t\t<a rel=\"noopener noreferrer\" href=\"https:\/\/www.tiktok.com\/@stellenanzeigen.de\" target=\"_blank\"><svg xmlns=\"https:\/\/www.w3.org\/2000\/svg\" viewBox= \"0 0 448 512\" role=\"graphics-symbol\" aria-hidden=\"false\" aria-label=\"\"><path d=\"M448 209.9a210.1 210.1 0 0 1 -122.8-39.25V349.4A162.6 162.6 0 1 1 185 188.3V278.2a74.62 74.62 0 1 0 52.23 71.18V0l88 0a121.2 121.2 0 0 0 1.86 22.17h0A122.2 122.2 0 0 0 381 102.4a121.4 121.4 0 0 0 67 20.14z\"><\/path><\/svg><\/a>\n\t\t\t\t\t\t\t\t\t<\/span>\n\t\t\t\t\t\t\t<\/div>\n\t\t\t<\/div>\n<\/div>\n\n\n\n<div class=\"wp-block-uagb-container row-teaser uagb-block-8138b59a alignfull uagb-is-root-container\"><div class=\"uagb-container-inner-blocks-wrap\">\n<p style=\"text-align: center;\"><strong><em>*Challenge beendet*<\/em><\/strong><\/p>\r\n<h2 class=\"wp-block-heading has-text-align-center\"><span class=\"ez-toc-section\" id=\"Welchen_Job_haettest_du_in_einem_%E2%80%9Canderen_Leben%E2%80%9D_Was_ist_deine_Leidenschaft_Zeigs_uns\"><\/span>Welchen Job h\u00e4ttest du in einem \u201canderen Leben\u201d? <br \/>Was ist deine Leidenschaft? Zeig\u2019s uns.<span class=\"ez-toc-section-end\"><\/span><\/h2>\n\n\n\n<p class=\"has-text-align-center\">stellenanzeigen.de pr\u00e4sentiert vom 01.06.- 30.06.2023 #ichkannsogar &#8211; eine Challenge, die dich dazu ermutigt, deine Leidenschaft im <a href=\"https:\/\/www.stellenanzeigen.de\/careeasy\/jobs-und-berufe-fuer-hochsensible-sde117266\/\" target=\"_blank\" rel=\"noopener\">Beruf zu finden und deine F\u00e4higkeiten zu nutzen<\/a>.<br><br>Wir glauben, dass jeder Mensch eine einzigartige Kombination aus F\u00e4higkeiten und Interessen hat, die ihm dabei helfen kann, erfolgreich und gl\u00fccklich im Beruf zu sein. Egal, ob du dich bereits in deinem Karriereweg befindest oder dich umorientieren m\u00f6chtest, es ist nie zu sp\u00e4t, deine Leidenschaft zu entdecken und zu f\u00f6rdern.<br><br><strong>Wie du dabei sein kannst, findest du in den <a href=\"https:\/\/www.stellenanzeigen.de\/careeasy\/teilnahmebedingungen-ichkannsogar\/\">Teilnahmebedingungen.<\/a><\/strong><\/p>\n<\/div><\/div>\n\n\n\n<div class=\"wp-block-uagb-container row-conditions-headline uagb-block-159d22bb alignfull uagb-is-root-container\"><div class=\"uagb-container-inner-blocks-wrap\">\n<h2 class=\"wp-block-heading has-text-align-center\"><span class=\"ez-toc-section\" id=\"So_nimmst_du_teil\"><\/span>So nimmst du teil:<span class=\"ez-toc-section-end\"><\/span><\/h2>\n<\/div><\/div>\n\n\n\n<div class=\"wp-block-uagb-container row-conditions uagb-block-b92c7eb8 alignfull uagb-is-root-container\"><div class=\"uagb-container-inner-blocks-wrap\">\n<div class=\"wp-block-uagb-container uagb-block-0bbede56\">      \n\t\t\t<div class=\"uagb-icon-wrapper uagb-block-4f67f985      \"\n\t\t\tstyle=\"\" >\n\t\t\t\t\t\t\t\t\t<span class=\"uagb-svg-wrapper\" \n\t\t\t\t\t aria-label=\"comment-dots\"\t\t\t\t\ttabindex=\"0\">\t\t\n\t\t\t\t\t\t\t\t\t\t<svg xmlns=\"https:\/\/www.w3.org\/2000\/svg\" viewBox= \"0 0 512 512\" role=\"graphics-symbol\" aria-hidden=\"false\" aria-label=\"\"><path d=\"M256 31.1c-141.4 0-255.1 93.12-255.1 208c0 49.62 21.35 94.98 56.97 130.7c-12.5 50.37-54.27 95.27-54.77 95.77c-2.25 2.25-2.875 5.734-1.5 8.734c1.249 3 4.021 4.766 7.271 4.766c66.25 0 115.1-31.76 140.6-51.39c32.63 12.25 69.02 19.39 107.4 19.39c141.4 0 255.1-93.13 255.1-207.1S397.4 31.1 256 31.1zM127.1 271.1c-17.75 0-32-14.25-32-31.1s14.25-32 32-32s32 14.25 32 32S145.7 271.1 127.1 271.1zM256 271.1c-17.75 0-31.1-14.25-31.1-31.1s14.25-32 31.1-32s31.1 14.25 31.1 32S273.8 271.1 256 271.1zM383.1 271.1c-17.75 0-32-14.25-32-31.1s14.25-32 32-32s32 14.25 32 32S401.7 271.1 383.1 271.1z\"><\/path><\/svg>\n\t\t\t\t\t\t\t\t\t<\/span>\n\t\t\t\t\t\t\t<\/div>\n\t\t\t\n\n\n<h3 class=\"wp-block-heading has-text-align-center\">1. Poste einen Beitrag<\/h3>\n\n\n\n<p class=\"has-text-align-center\">Poste unter #ichkannsogar ein Foto, Video oder Text, wie deine Leidenschaft im Beruf aussehen k\u00f6nnte oder welche neuen F\u00e4higkeiten du erlernen m\u00f6chtest, um deine Karriere voranzutreiben.<\/p>\n<\/div>\n\n\n\n<div class=\"wp-block-uagb-container uagb-block-973e7da4\">      \n\t\t\t<div class=\"uagb-icon-wrapper uagb-block-53e3e5fa      \"\n\t\t\tstyle=\"\" >\n\t\t\t\t\t\t\t\t\t<span class=\"uagb-svg-wrapper\" \n\t\t\t\t\t aria-label=\"hashtag\"\t\t\t\t\ttabindex=\"0\">\t\t\n\t\t\t\t\t\t\t\t\t\t<svg xmlns=\"https:\/\/www.w3.org\/2000\/svg\" viewBox= \"0 0 448 512\" role=\"graphics-symbol\" aria-hidden=\"false\" aria-label=\"\"><path d=\"M416 127.1h-58.23l9.789-58.74c2.906-17.44-8.875-33.92-26.3-36.83c-17.53-2.875-33.92 8.891-36.83 26.3L292.9 127.1H197.8l9.789-58.74c2.906-17.44-8.875-33.92-26.3-36.83c-17.53-2.875-33.92 8.891-36.83 26.3L132.9 127.1H64c-17.67 0-32 14.33-32 32C32 177.7 46.33 191.1 64 191.1h58.23l-21.33 128H32c-17.67 0-32 14.33-32 32c0 17.67 14.33 31.1 32 31.1h58.23l-9.789 58.74c-2.906 17.44 8.875 33.92 26.3 36.83C108.5 479.9 110.3 480 112 480c15.36 0 28.92-11.09 31.53-26.73l11.54-69.27h95.12l-9.789 58.74c-2.906 17.44 8.875 33.92 26.3 36.83C268.5 479.9 270.3 480 272 480c15.36 0 28.92-11.09 31.53-26.73l11.54-69.27H384c17.67 0 32-14.33 32-31.1c0-17.67-14.33-32-32-32h-58.23l21.33-128H416c17.67 0 32-14.32 32-31.1C448 142.3 433.7 127.1 416 127.1zM260.9 319.1H165.8L187.1 191.1h95.12L260.9 319.1z\"><\/path><\/svg>\n\t\t\t\t\t\t\t\t\t<\/span>\n\t\t\t\t\t\t\t<\/div>\n\t\t\t\n\n\n<h3 class=\"wp-block-heading has-text-align-center\">2. Markiere uns und einen Freund<\/h3>\n\n\n\n<p class=\"has-text-align-center\">Tagge uns auf der jeweiligen Plattform, damit du bei der Challenge dabei bist und nominiere einen weiteren Freund, um die Challenge noch gr\u00f6\u00dfer zu machen.<\/p>\n<\/div>\n\n\n\n<div class=\"wp-block-uagb-container uagb-block-c7480b66\">      \n\t\t\t<div class=\"uagb-icon-wrapper uagb-block-32526330      \"\n\t\t\tstyle=\"\" >\n\t\t\t\t\t\t\t\t\t<span class=\"uagb-svg-wrapper\" \n\t\t\t\t\t aria-label=\"trophy\"\t\t\t\t\ttabindex=\"0\">\t\t\n\t\t\t\t\t\t\t\t\t\t<svg xmlns=\"https:\/\/www.w3.org\/2000\/svg\" viewBox= \"0 0 576 512\" role=\"graphics-symbol\" aria-hidden=\"false\" aria-label=\"\"><path d=\"M572.1 82.38C569.5 71.59 559.8 64 548.7 64h-100.8c.2422-12.45 .1078-23.7-.1559-33.02C447.3 13.63 433.2 0 415.8 0H160.2C142.8 0 128.7 13.63 128.2 30.98C127.1 40.3 127.8 51.55 128.1 64H27.26C16.16 64 6.537 71.59 3.912 82.38C3.1 85.78-15.71 167.2 37.07 245.9c37.44 55.82 100.6 95.03 187.5 117.4c18.7 4.805 31.41 22.06 31.41 41.37C256 428.5 236.5 448 212.6 448H208c-26.51 0-47.99 21.49-47.99 48c0 8.836 7.163 16 15.1 16h223.1c8.836 0 15.1-7.164 15.1-16c0-26.51-21.48-48-47.99-48h-4.644c-23.86 0-43.36-19.5-43.36-43.35c0-19.31 12.71-36.57 31.41-41.37c86.96-22.34 150.1-61.55 187.5-117.4C591.7 167.2 572.9 85.78 572.1 82.38zM77.41 219.8C49.47 178.6 47.01 135.7 48.38 112h80.39c5.359 59.62 20.35 131.1 57.67 189.1C137.4 281.6 100.9 254.4 77.41 219.8zM498.6 219.8c-23.44 34.6-59.94 61.75-109 81.22C426.9 243.1 441.9 171.6 447.2 112h80.39C528.1 135.7 526.5 178.7 498.6 219.8z\"><\/path><\/svg>\n\t\t\t\t\t\t\t\t\t<\/span>\n\t\t\t\t\t\t\t<\/div>\n\t\t\t\n\n\n<h3 class=\"wp-block-heading has-text-align-center\">3. Gewinne<\/h3>\n\n\n\n<p class=\"has-text-align-center\">Habe die Chance 1.000 \u20ac Traumbudget im Monat f\u00fcr ein ganzes Jahr zu gewinnen (insgesamt 12.000 \u20ac).<\/p>\n<\/div>\n<\/div><\/div>\n\n\n\n<div class=\"wp-block-uagb-container row-social uagb-block-cf195045 alignfull uagb-is-root-container\"><div class=\"uagb-container-inner-blocks-wrap\">\n<div class=\"wp-block-uagb-container uagb-block-6c115956\">\n<h2 class=\"wp-block-heading has-text-align-center remove-spacing\"><span class=\"ez-toc-section\" id=\"Worauf_wartest_du_Sei_Teil_von_ichkannsogar\"><\/span><strong>Worauf wartest du? Sei Teil von #ichkannsogar<\/strong><span class=\"ez-toc-section-end\"><\/span><\/h2>\n<\/div>\n\n\n\n<div class=\"wp-block-uagb-container uagb-block-39858131\">\n<div class=\"wp-block-uagb-container uagb-block-c2d79484\"><div class=\"wp-block-image instagram_center-img\">\n<figure class=\"aligncenter size-full\"><a href=\"https:\/\/www.instagram.com\/stellenanzeigende\/\"><img loading=\"lazy\" decoding=\"async\" width=\"84\" height=\"85\" src=\"https:\/\/www.stellenanzeigen.de\/careeasy\/wp-content\/uploads\/2023\/05\/Instagram.png\" alt=\"\" class=\"wp-image-108116\"\/><\/a><\/figure>\n<\/div>\n\n\n<h3 class=\"wp-block-heading has-text-align-center\">Instagram<\/h3>\n\n\n\n<p class=\"has-text-align-center instagram_center-txt\"><a href=\"https:\/\/www.instagram.com\/stellenanzeigende\/\" target=\"_blank\" rel=\"noreferrer noopener\">Jetzt posten und teilnehmen<\/a><\/p>\n<\/div>\n\n\n\n<div class=\"wp-block-uagb-container uagb-block-fcf7e3ae\"><div class=\"wp-block-image tiktok_center-img\">\n<figure class=\"aligncenter size-full\"><a href=\"https:\/\/www.tiktok.com\/@stellenanzeigen.de\"><img loading=\"lazy\" decoding=\"async\" width=\"84\" height=\"85\" src=\"https:\/\/www.stellenanzeigen.de\/careeasy\/wp-content\/uploads\/2023\/05\/Tik-Tok.png\" alt=\"\" class=\"wp-image-108118\"\/><\/a><\/figure>\n<\/div>\n\n\n<h3 class=\"wp-block-heading has-text-align-center\">TikTok<\/h3>\n\n\n\n<p class=\"has-text-align-center tiktok_center-txt\"><a href=\"https:\/\/www.tiktok.com\/@stellenanzeigen.de\" target=\"_blank\" rel=\"noreferrer noopener\">Jetzt posten und teilnehmen<\/a><\/p>\n<\/div>\n\n\n\n<div class=\"wp-block-uagb-container uagb-block-4c1e691a\"><div class=\"wp-block-image linkedin_center-img\">\n<figure class=\"aligncenter size-full\"><img loading=\"lazy\" decoding=\"async\" width=\"84\" height=\"85\" src=\"https:\/\/www.stellenanzeigen.de\/careeasy\/wp-content\/uploads\/2023\/05\/Linkedin.png\" alt=\"\" class=\"wp-image-108121\"\/><\/figure>\n<\/div>\n\n\n<h3 class=\"wp-block-heading has-text-align-center\">LinkedIn<\/h3>\n\n\n\n<p class=\"has-text-align-center linkedin_center-txt\">Jetzt posten und teilnehmen<\/p>\n<\/div>\n<\/div>\n<\/div><\/div>\n\n\n\n<div class=\"wp-block-uagb-container row-conditions-headline uagb-block-8f67d45d alignfull uagb-is-root-container\"><div class=\"uagb-container-inner-blocks-wrap\">\n<p><\/p>\n\n\n\n<p class=\"has-text-align-center has-medium-font-size\">Posts \u00fcber das Gewinnspiel sind unter dem Hashtag #ichkannsogar auf folgenden Plattformen zu finden: <br><br><a href=\"https:\/\/www.instagram.com\/explore\/tags\/ichkannsogar\/\"><strong>Instagram<\/strong><\/a>, <a href=\"https:\/\/www.tiktok.com\/search?q=%23ichkannsogar\"><strong>TikTok<\/strong><\/a> und <a href=\"https:\/\/www.linkedin.com\/search\/results\/content\/?keywords=%23ichkannsogar\"><strong>LinkedIn<\/strong><\/a> &#x1f499;<\/p>\n<\/div><\/div>\n","protected":false},"excerpt":{"rendered":"<p>Mach mit und hab&#8216; die Chance,12.000 \u20ac zu gewinnen. #ichkannsogar *Challenge beendet* Welchen Job h\u00e4ttest du in einem \u201canderen Leben\u201d? Was ist deine Leidenschaft?&#8230;<\/p>\n","protected":false},"author":109,"featured_media":0,"parent":0,"menu_order":0,"comment_status":"closed","ping_status":"closed","template":"","meta":{"_uag_custom_page_level_css":"","footnotes":""},"categories":[],"tags":[],"class_list":["post-107910","page","type-page","status-publish","hentry","entry","post-no-thumbnail"],"yoast_head":"<!-- This site is optimized with the Yoast SEO plugin v27.5 - https:\/\/yoast.com\/product\/yoast-seo-wordpress\/ -->\n<title>Job Challenge I #ichkannsogar<\/title>\n<meta name=\"description\" content=\"stellenanzeigen.de pr\u00e4sentiert eine Challenge, die dich dazu ermutigt, deine Leidenschaft im Beruf zu finden und deine F\u00e4higkeiten zu nutzen.\" \/>\n<meta name=\"robots\" content=\"index, follow, max-snippet:-1, max-image-preview:large, max-video-preview:-1\" \/>\n<link rel=\"canonical\" href=\"https:\/\/www.stellenanzeigen.de\/careeasy\/ichkannsogar\/\" \/>\n<meta property=\"og:locale\" content=\"de_DE\" \/>\n<meta property=\"og:type\" content=\"article\" \/>\n<meta property=\"og:title\" content=\"#ichkannsogar: stellenanzeigen.de launcht Kampagne, die zum Verwirklichen der eigenen Leidenschaft inspiriert\" \/>\n<meta property=\"og:description\" content=\"stellenanzeigen.de pr\u00e4sentiert #ichkannsogar \u2013 eine Challenge, die dich dazu ermutigt, deine Leidenschaft im Beruf zu finden und deine F\u00e4higkeiten zu nutzen.\" \/>\n<meta property=\"og:url\" content=\"https:\/\/www.stellenanzeigen.de\/careeasy\/ichkannsogar\/\" \/>\n<meta property=\"og:site_name\" content=\"careeasy - Dein Karrieremagazin\" \/>\n<meta property=\"article:publisher\" content=\"https:\/\/www.facebook.com\/stellenanzeigen.de\/\" \/>\n<meta property=\"article:modified_time\" content=\"2024-02-27T12:26:21+00:00\" \/>\n<meta property=\"og:image\" content=\"https:\/\/careeasy.prod.tenhil.io\/careeasy\/wp-content\/uploads\/2023\/05\/B2B_560x374_Newsletter_Titelbild.jpg\" \/>\n\t<meta property=\"og:image:width\" content=\"560\" \/>\n\t<meta property=\"og:image:height\" content=\"374\" \/>\n\t<meta property=\"og:image:type\" content=\"image\/jpeg\" \/>\n<meta name=\"twitter:label1\" content=\"Gesch\u00e4tzte Lesezeit\" \/>\n\t<meta name=\"twitter:data1\" content=\"2\u00a0Minuten\" \/>\n<script type=\"application\/ld+json\" class=\"yoast-schema-graph\">{\"@context\":\"https:\\\/\\\/schema.org\",\"@graph\":[{\"@type\":\"WebPage\",\"@id\":\"https:\\\/\\\/www.stellenanzeigen.de\\\/careeasy\\\/ichkannsogar\\\/\",\"url\":\"https:\\\/\\\/www.stellenanzeigen.de\\\/careeasy\\\/ichkannsogar\\\/\",\"name\":\"Job Challenge I #ichkannsogar\",\"isPartOf\":{\"@id\":\"https:\\\/\\\/www.stellenanzeigen.de\\\/careeasy\\\/#website\"},\"primaryImageOfPage\":{\"@id\":\"https:\\\/\\\/www.stellenanzeigen.de\\\/careeasy\\\/ichkannsogar\\\/#primaryimage\"},\"image\":{\"@id\":\"https:\\\/\\\/www.stellenanzeigen.de\\\/careeasy\\\/ichkannsogar\\\/#primaryimage\"},\"thumbnailUrl\":\"https:\\\/\\\/www.stellenanzeigen.de\\\/careeasy\\\/wp-content\\\/uploads\\\/2023\\\/05\\\/Instagram.png\",\"datePublished\":\"2023-05-19T10:16:08+00:00\",\"dateModified\":\"2024-02-27T12:26:21+00:00\",\"description\":\"stellenanzeigen.de pr\u00e4sentiert eine Challenge, die dich dazu ermutigt, deine Leidenschaft im Beruf zu finden und deine F\u00e4higkeiten zu nutzen.\",\"breadcrumb\":{\"@id\":\"https:\\\/\\\/www.stellenanzeigen.de\\\/careeasy\\\/ichkannsogar\\\/#breadcrumb\"},\"inLanguage\":\"de\",\"potentialAction\":[{\"@type\":\"ReadAction\",\"target\":[\"https:\\\/\\\/www.stellenanzeigen.de\\\/careeasy\\\/ichkannsogar\\\/\"]}]},{\"@type\":\"ImageObject\",\"inLanguage\":\"de\",\"@id\":\"https:\\\/\\\/www.stellenanzeigen.de\\\/careeasy\\\/ichkannsogar\\\/#primaryimage\",\"url\":\"https:\\\/\\\/www.stellenanzeigen.de\\\/careeasy\\\/wp-content\\\/uploads\\\/2023\\\/05\\\/Instagram.png\",\"contentUrl\":\"https:\\\/\\\/www.stellenanzeigen.de\\\/careeasy\\\/wp-content\\\/uploads\\\/2023\\\/05\\\/Instagram.png\",\"width\":84,\"height\":85},{\"@type\":\"BreadcrumbList\",\"@id\":\"https:\\\/\\\/www.stellenanzeigen.de\\\/careeasy\\\/ichkannsogar\\\/#breadcrumb\",\"itemListElement\":[{\"@type\":\"ListItem\",\"position\":1,\"name\":\"Careeasy\",\"item\":\"https:\\\/\\\/www.stellenanzeigen.de\\\/careeasy\\\/\"},{\"@type\":\"ListItem\",\"position\":2,\"name\":\"ichkannsogar\"}]},{\"@type\":\"WebSite\",\"@id\":\"https:\\\/\\\/www.stellenanzeigen.de\\\/careeasy\\\/#website\",\"url\":\"https:\\\/\\\/www.stellenanzeigen.de\\\/careeasy\\\/\",\"name\":\"careeasy - Dein Karrieremagazin\",\"description\":\"\",\"publisher\":{\"@id\":\"https:\\\/\\\/www.stellenanzeigen.de\\\/careeasy\\\/#organization\"},\"potentialAction\":[{\"@type\":\"SearchAction\",\"target\":{\"@type\":\"EntryPoint\",\"urlTemplate\":\"https:\\\/\\\/www.stellenanzeigen.de\\\/careeasy\\\/?s={search_term_string}\"},\"query-input\":{\"@type\":\"PropertyValueSpecification\",\"valueRequired\":true,\"valueName\":\"search_term_string\"}}],\"inLanguage\":\"de\"},{\"@type\":\"Organization\",\"@id\":\"https:\\\/\\\/www.stellenanzeigen.de\\\/careeasy\\\/#organization\",\"name\":\"careeasy - Dein Karrieremagazin\",\"url\":\"https:\\\/\\\/www.stellenanzeigen.de\\\/careeasy\\\/\",\"logo\":{\"@type\":\"ImageObject\",\"inLanguage\":\"de\",\"@id\":\"https:\\\/\\\/www.stellenanzeigen.de\\\/careeasy\\\/#\\\/schema\\\/logo\\\/image\\\/\",\"url\":\"https:\\\/\\\/www.stellenanzeigen.de\\\/careeasy\\\/wp-content\\\/uploads\\\/2024\\\/03\\\/careeasy_logo.jpg\",\"contentUrl\":\"https:\\\/\\\/www.stellenanzeigen.de\\\/careeasy\\\/wp-content\\\/uploads\\\/2024\\\/03\\\/careeasy_logo.jpg\",\"width\":701,\"height\":223,\"caption\":\"careeasy - Dein Karrieremagazin\"},\"image\":{\"@id\":\"https:\\\/\\\/www.stellenanzeigen.de\\\/careeasy\\\/#\\\/schema\\\/logo\\\/image\\\/\"},\"sameAs\":[\"https:\\\/\\\/www.facebook.com\\\/stellenanzeigen.de\\\/\"]}]}<\/script>\n<!-- \/ Yoast SEO plugin. -->","yoast_head_json":{"title":"Job Challenge I #ichkannsogar","description":"stellenanzeigen.de pr\u00e4sentiert eine Challenge, die dich dazu ermutigt, deine Leidenschaft im Beruf zu finden und deine F\u00e4higkeiten zu nutzen.","robots":{"index":"index","follow":"follow","max-snippet":"max-snippet:-1","max-image-preview":"max-image-preview:large","max-video-preview":"max-video-preview:-1"},"canonical":"https:\/\/www.stellenanzeigen.de\/careeasy\/ichkannsogar\/","og_locale":"de_DE","og_type":"article","og_title":"#ichkannsogar: stellenanzeigen.de launcht Kampagne, die zum Verwirklichen der eigenen Leidenschaft inspiriert","og_description":"stellenanzeigen.de pr\u00e4sentiert #ichkannsogar \u2013 eine Challenge, die dich dazu ermutigt, deine Leidenschaft im Beruf zu finden und deine F\u00e4higkeiten zu nutzen.","og_url":"https:\/\/www.stellenanzeigen.de\/careeasy\/ichkannsogar\/","og_site_name":"careeasy - Dein Karrieremagazin","article_publisher":"https:\/\/www.facebook.com\/stellenanzeigen.de\/","article_modified_time":"2024-02-27T12:26:21+00:00","og_image":[{"width":560,"height":374,"url":"https:\/\/careeasy.prod.tenhil.io\/careeasy\/wp-content\/uploads\/2023\/05\/B2B_560x374_Newsletter_Titelbild.jpg","type":"image\/jpeg"}],"twitter_misc":{"Gesch\u00e4tzte Lesezeit":"2\u00a0Minuten"},"schema":{"@context":"https:\/\/schema.org","@graph":[{"@type":"WebPage","@id":"https:\/\/www.stellenanzeigen.de\/careeasy\/ichkannsogar\/","url":"https:\/\/www.stellenanzeigen.de\/careeasy\/ichkannsogar\/","name":"Job Challenge I #ichkannsogar","isPartOf":{"@id":"https:\/\/www.stellenanzeigen.de\/careeasy\/#website"},"primaryImageOfPage":{"@id":"https:\/\/www.stellenanzeigen.de\/careeasy\/ichkannsogar\/#primaryimage"},"image":{"@id":"https:\/\/www.stellenanzeigen.de\/careeasy\/ichkannsogar\/#primaryimage"},"thumbnailUrl":"https:\/\/www.stellenanzeigen.de\/careeasy\/wp-content\/uploads\/2023\/05\/Instagram.png","datePublished":"2023-05-19T10:16:08+00:00","dateModified":"2024-02-27T12:26:21+00:00","description":"stellenanzeigen.de pr\u00e4sentiert eine Challenge, die dich dazu ermutigt, deine Leidenschaft im Beruf zu finden und deine F\u00e4higkeiten zu nutzen.","breadcrumb":{"@id":"https:\/\/www.stellenanzeigen.de\/careeasy\/ichkannsogar\/#breadcrumb"},"inLanguage":"de","potentialAction":[{"@type":"ReadAction","target":["https:\/\/www.stellenanzeigen.de\/careeasy\/ichkannsogar\/"]}]},{"@type":"ImageObject","inLanguage":"de","@id":"https:\/\/www.stellenanzeigen.de\/careeasy\/ichkannsogar\/#primaryimage","url":"https:\/\/www.stellenanzeigen.de\/careeasy\/wp-content\/uploads\/2023\/05\/Instagram.png","contentUrl":"https:\/\/www.stellenanzeigen.de\/careeasy\/wp-content\/uploads\/2023\/05\/Instagram.png","width":84,"height":85},{"@type":"BreadcrumbList","@id":"https:\/\/www.stellenanzeigen.de\/careeasy\/ichkannsogar\/#breadcrumb","itemListElement":[{"@type":"ListItem","position":1,"name":"Careeasy","item":"https:\/\/www.stellenanzeigen.de\/careeasy\/"},{"@type":"ListItem","position":2,"name":"ichkannsogar"}]},{"@type":"WebSite","@id":"https:\/\/www.stellenanzeigen.de\/careeasy\/#website","url":"https:\/\/www.stellenanzeigen.de\/careeasy\/","name":"careeasy - Dein Karrieremagazin","description":"","publisher":{"@id":"https:\/\/www.stellenanzeigen.de\/careeasy\/#organization"},"potentialAction":[{"@type":"SearchAction","target":{"@type":"EntryPoint","urlTemplate":"https:\/\/www.stellenanzeigen.de\/careeasy\/?s={search_term_string}"},"query-input":{"@type":"PropertyValueSpecification","valueRequired":true,"valueName":"search_term_string"}}],"inLanguage":"de"},{"@type":"Organization","@id":"https:\/\/www.stellenanzeigen.de\/careeasy\/#organization","name":"careeasy - Dein Karrieremagazin","url":"https:\/\/www.stellenanzeigen.de\/careeasy\/","logo":{"@type":"ImageObject","inLanguage":"de","@id":"https:\/\/www.stellenanzeigen.de\/careeasy\/#\/schema\/logo\/image\/","url":"https:\/\/www.stellenanzeigen.de\/careeasy\/wp-content\/uploads\/2024\/03\/careeasy_logo.jpg","contentUrl":"https:\/\/www.stellenanzeigen.de\/careeasy\/wp-content\/uploads\/2024\/03\/careeasy_logo.jpg","width":701,"height":223,"caption":"careeasy - Dein Karrieremagazin"},"image":{"@id":"https:\/\/www.stellenanzeigen.de\/careeasy\/#\/schema\/logo\/image\/"},"sameAs":["https:\/\/www.facebook.com\/stellenanzeigen.de\/"]}]}},"uagb_featured_image_src":{"full":false,"thumbnail":false,"medium":false,"medium_large":false,"large":false,"1536x1536":false,"2048x2048":false,"neomag-medium":false,"neomag-big":false,"neomag-large":false,"neomag-huge":false},"uagb_author_info":{"display_name":"msiekmann","author_link":"https:\/\/www.stellenanzeigen.de\/careeasy\/author\/msiekmann\/"},"uagb_comment_info":0,"uagb_excerpt":"Mach mit und hab&#8216; die Chance,12.000 \u20ac zu gewinnen. #ichkannsogar *Challenge beendet* Welchen Job h\u00e4ttest du in einem \u201canderen Leben\u201d? Was ist deine Leidenschaft?...","_links":{"self":[{"href":"https:\/\/www.stellenanzeigen.de\/careeasy\/wp-json\/wp\/v2\/pages\/107910","targetHints":{"allow":["GET"]}}],"collection":[{"href":"https:\/\/www.stellenanzeigen.de\/careeasy\/wp-json\/wp\/v2\/pages"}],"about":[{"href":"https:\/\/www.stellenanzeigen.de\/careeasy\/wp-json\/wp\/v2\/types\/page"}],"author":[{"embeddable":true,"href":"https:\/\/www.stellenanzeigen.de\/careeasy\/wp-json\/wp\/v2\/users\/109"}],"replies":[{"embeddable":true,"href":"https:\/\/www.stellenanzeigen.de\/careeasy\/wp-json\/wp\/v2\/comments?post=107910"}],"version-history":[{"count":142,"href":"https:\/\/www.stellenanzeigen.de\/careeasy\/wp-json\/wp\/v2\/pages\/107910\/revisions"}],"predecessor-version":[{"id":118313,"href":"https:\/\/www.stellenanzeigen.de\/careeasy\/wp-json\/wp\/v2\/pages\/107910\/revisions\/118313"}],"wp:attachment":[{"href":"https:\/\/www.stellenanzeigen.de\/careeasy\/wp-json\/wp\/v2\/media?parent=107910"}],"wp:term":[{"taxonomy":"category","embeddable":true,"href":"https:\/\/www.stellenanzeigen.de\/careeasy\/wp-json\/wp\/v2\/categories?post=107910"},{"taxonomy":"post_tag","embeddable":true,"href":"https:\/\/www.stellenanzeigen.de\/careeasy\/wp-json\/wp\/v2\/tags?post=107910"}],"curies":[{"name":"wp","href":"https:\/\/api.w.org\/{rel}","templated":true}]}}